{"id":108896,"date":"2025-08-15T08:51:00","date_gmt":"2025-08-15T05:51:00","guid":{"rendered":"https:\/\/www.miil.ee\/?post_type=product&#038;p=108896"},"modified":"2025-08-15T09:05:49","modified_gmt":"2025-08-15T06:05:49","slug":"40hc-merekonteiner-miiu6686961-tallinn-kehvas-seisus","status":"publish","type":"product","link":"https:\/\/miil.dev.almic.ee\/ru\/toode\/40hc-merekonteiner-miiu6686961-tallinn-kehvas-seisus\/","title":{"rendered":"40HC Merekonteiner MIIU6686961 \u2013 TALLINN (kehvas seisus)"},"content":{"rendered":"<h1>Kasutatud merekonteiner MIIU6686961.<\/h1>\n<p>Kasutatud merekonteiner MIIU6686961 on k\u00f5ige soodsam saada olev 40ft merekonteiner. Selles hinnaklassis oleval konteineril v\u00f5ib esineda erinevaid vigastusi, seisukord vastavalt piltidele. Uksed ei pruugi avaneda ja sulguda korrektselt, katuses, seinas v\u00f5i p\u00f5randas v\u00f5ib esineda vigastusi;<br \/>\nK\u00f5ige soodsamat konteinerit ei saa alati kohapeal n\u00e4ha, sest asub virnas ja m\u00fc\u00fcakse nii nagu on seisukorras.<\/p>\n<p>Kui oluline on ainult hind, siis see konteiner on just Teile. Kui soovite konteinerit n\u00e4ha, katsuda v\u00f5i saada korralikuma variandi, siis tuleks vaadata k\u00f5rgemas hinnaklassis konteinereid.<\/p>\n<p>40ft konteinerit ostes tuleks arvestada ka transpordiga. Neid konteinereid liigutame <a href=\"https:\/\/www.miil.ee\/teenused\/sideloaders\/\">sideloader<\/a> autoga, mis ei saa s\u00f5ita pehmele pinnasele ja t\u00f5stab konteineri enda k\u00f5rvale maha.<br \/>\nNB! Kirjuta otsingusse linn ja e-pood n\u00e4itab konteinereid ainult soovitud asukohas.<\/p>\n<ul>\n<li>Merekonteiner vastab piltidele.<\/li>\n<li>12 meetrise merekonteineri rent: 99.- +km\/kuu<\/li>\n<li>6 meetrise merekonteineri rent: 50.- +km\/kuu<\/li>\n<\/ul>\n<p>Eraklientide j\u00e4relmaksu pakub meie partner <a href=\"https:\/\/inbank.ee\/laen\/vaikelaen\">Inbank.ee<\/a>, sooduskood &#171;KONTEINER&#187;.<br \/>\n\u00c4riklientide j\u00e4relmaksu pakub meie partner <a href=\"https:\/\/tenor.my.canva.site\/tenor-miil\">Tenor.ee<\/a><\/p>\n<h2>Kuidas kujuneb kasutatud konteineri hind?<\/h2>\n<p>Merekonteineri hind s\u00f5ltub v\u00e4ga paljudest asjadest, aga m\u00fc\u00fcgihind on tavaliselt otseses seoses konteineri seisukorraga.<br \/>\nK\u00f5ige soodsam konteiner on m\u00fc\u00fcgis nii nagu on seisukorras.<br \/>\nLisaks seisukorrale m\u00f5jutab hinda veel sisseostuhind, konteineri terminali j\u00f5udmise viis, konteineri asukoht terminalis ja see kas konteiner on vajanud t\u00e4iendavaid kulutusi n\u00e4iteks v\u00e4lipesu, sisepuhastus v\u00f5i remont. Klientide paremaks teenindamiseks asuvad meie m\u00fc\u00fcgiplatsid k\u00f5ikides suuremates linnades. Konteineri hind v\u00e4ljaspool pealinna s\u00f5ltub omakorda sellest kuidas konteiner kahe terminali vahel liigub.<\/p>\n<h2>Kasutatud merekonteiner MIIU6686961 &#8212; Transport ja paigaldus?<\/h2>\n<p>Peale sobiva konteineri v\u00e4ljavalimist saame teha pakkumise ka transpordile.<br \/>\nTranspordiks kasutame tavaliselt\u00a0<a href=\"https:\/\/www.miil.ee\/teenused\/kraana\/\">kraanat<\/a>\u00a0v\u00f5i\u00a0<a href=\"https:\/\/www.miil.ee\/teenused\/sideloaders\/\">sideloaderit.<\/a><br \/>\nKeerulisemad kohad lahendame s\u00f5iduauto\u00a0<a href=\"https:\/\/www.miil.ee\/teenused\/sideloaders\/\">j\u00e4relhaagise<\/a>\u00a0abil.<br \/>\nSoetatud konteinereid saate meie terminalis tasuta hoida kuni kuus kuud.<br \/>\nAlati on v\u00f5imalik kokku leppida pikem periood.<br \/>\nSee on kasulik n\u00e4iteks juhul kui asukoht ei ole veel valmis v\u00f5i ligip\u00e4\u00e4setav.<br \/>\nSellisel juhul konteineri hind ei muutu ja v\u00f5ite kindel olla, et saate valitud konteineri kokkulepitud ajal k\u00e4tte.<\/p>\n<ul>\n<li>Parima hinna garantii \u2013 Samav\u00e4\u00e4rsele konteinerile teeme alati parima pakkumise.<\/li>\n<\/ul>\n<p>J\u00e4lgi meid\u00a0<a href=\"https:\/\/www.facebook.com\/konteinerveod\/\">Facebookis<\/a>\u00a0v\u00f5i\u00a0<a href=\"https:\/\/www.instagram.com\/ou_miil\/\">Instagramis<\/a><\/p>\n<p>&#171;Miilimehed&#187; on naerutav saade meie tegemistest: <a href=\"https:\/\/youtube.com\/shorts\/DrgewUi9REw?feature=share\">Youtube video.<\/a><\/p>\n<p>&nbsp;<\/p>\n","protected":false},"excerpt":{"rendered":"<p>Kasutatud merekonteiner | \ud83d\udc46 \ufe0fMerekonteinerite rent | Soojakute m\u00fc\u00fck | Soojakute rent | Konteinerite rent | Kasutatud konteinerid | \u2b50\ufe0f\u2b50\ufe0f\u2b50\ufe0f\u2b50\ufe0f\u2b50\ufe0fMiil.ee &#8212; Merekonteinerite ja soojakute m\u00fc\u00fck Eestis.<\/p>\n","protected":false},"featured_media":108911,"comment_status":"closed","ping_status":"closed","template":"","meta":{"_acf_changed":false},"product_cat":[106,109,111],"product_tag":[144],"class_list":{"0":"post-108896","1":"product","2":"type-product","3":"status-publish","4":"has-post-thumbnail","6":"product_cat-kasutatud-konteinerid","7":"product_cat-109","8":"product_cat-40hc","9":"product_tag-v","11":"first","12":"instock","13":"sale","14":"shipping-taxable","15":"purchasable","16":"product-type-simple"},"acf":[],"yoast_head":"<!-- This site is optimized with the Yoast SEO Premium plugin v23.9 (Yoast SEO v27.5) - https:\/\/yoast.com\/product\/yoast-seo-premium-wordpress\/ -->\n<title>Kasutatud merekonteiner MIIU6686961 - Miil O\u00dc - konteinerite rent.<\/title>\n<meta name=\"description\" content=\"Kasutatud merekonteiner MIIU6686961 | \ud83d\udc46 \ufe0fMerekonteinerite rent | Soojakute m\u00fc\u00fck | Soojakute rent | Konteinerite rent | Kasutatud konteinerid | \u2b50\ufe0f\u2b50\ufe0f\u2b50\ufe0f\u2b50\ufe0f\u2b50\ufe0f\" \/>\n<meta name=\"robots\" content=\"index, follow, max-snippet:-1, max-image-preview:large, max-video-preview:-1\" \/>\n<link rel=\"canonical\" href=\"https:\/\/miil.dev.almic.ee\/toode\/40hc-merekonteiner-miiu6686961-tallinn-kehvas-seisus\/\" \/>\n<meta property=\"og:locale\" content=\"ru_RU\" \/>\n<meta property=\"og:type\" content=\"article\" \/>\n<meta property=\"og:title\" content=\"40HC Merekonteiner MIIU6686961 \u2013 TALLINN (kehvas seisus)\" \/>\n<meta property=\"og:description\" content=\"Kasutatud merekonteiner MIIU6686961 | \ud83d\udc46 \ufe0fMerekonteinerite rent | Soojakute m\u00fc\u00fck | Soojakute rent | Konteinerite rent | Kasutatud konteinerid | \u2b50\ufe0f\u2b50\ufe0f\u2b50\ufe0f\u2b50\ufe0f\u2b50\ufe0f\" \/>\n<meta property=\"og:url\" content=\"https:\/\/miil.dev.almic.ee\/toode\/40hc-merekonteiner-miiu6686961-tallinn-kehvas-seisus\/\" \/>\n<meta property=\"og:site_name\" content=\"Miil O\u00dc\" \/>\n<meta property=\"article:publisher\" content=\"https:\/\/www.facebook.com\/konteinerveod\/\" \/>\n<meta property=\"article:modified_time\" content=\"2025-08-15T06:05:49+00:00\" \/>\n<meta property=\"og:image\" content=\"https:\/\/miil.dev.almic.ee\/wp-content\/uploads\/2025\/08\/Merekonteiner-4-scaled.jpg\" \/>\n\t<meta property=\"og:image:width\" content=\"1900\" \/>\n\t<meta property=\"og:image:height\" content=\"1425\" \/>\n\t<meta property=\"og:image:type\" content=\"image\/jpeg\" \/>\n<meta name=\"twitter:card\" content=\"summary_large_image\" \/>\n<meta name=\"twitter:label1\" content=\"\u0426\u0435\u043d\u0430\" \/>\n\t<meta name=\"twitter:data1\" content=\"1390,00&nbsp;&euro;\" \/>\n\t<meta name=\"twitter:label2\" content=\"\u0414\u043e\u0441\u0442\u0443\u043f\u043d\u043e\u0441\u0442\u044c\" \/>\n\t<meta name=\"twitter:data2\" content=\"\u0412 \u043d\u0430\u043b\u0438\u0447\u0438\u0438\" \/>\n<script type=\"application\/ld+json\" class=\"yoast-schema-graph\">{\"@context\":\"https:\\\/\\\/schema.org\",\"@graph\":[{\"@type\":\"WebPage\",\"@id\":\"https:\\\/\\\/miil.dev.almic.ee\\\/toode\\\/40hc-merekonteiner-miiu6686961-tallinn-kehvas-seisus\\\/\",\"url\":\"https:\\\/\\\/miil.dev.almic.ee\\\/toode\\\/40hc-merekonteiner-miiu6686961-tallinn-kehvas-seisus\\\/\",\"name\":\"Kasutatud merekonteiner MIIU6686961 - Miil O\u00dc - konteinerite rent.\",\"isPartOf\":{\"@id\":\"https:\\\/\\\/miil.dev.almic.ee\\\/#website\"},\"primaryImageOfPage\":{\"@id\":\"https:\\\/\\\/miil.dev.almic.ee\\\/toode\\\/40hc-merekonteiner-miiu6686961-tallinn-kehvas-seisus\\\/#primaryimage\"},\"image\":{\"@id\":\"https:\\\/\\\/miil.dev.almic.ee\\\/toode\\\/40hc-merekonteiner-miiu6686961-tallinn-kehvas-seisus\\\/#primaryimage\"},\"thumbnailUrl\":\"https:\\\/\\\/miil.dev.almic.ee\\\/wp-content\\\/uploads\\\/2025\\\/08\\\/Merekonteiner-4-scaled.jpg\",\"datePublished\":\"2025-08-15T05:51:00+00:00\",\"dateModified\":\"2025-08-15T06:05:49+00:00\",\"description\":\"Kasutatud merekonteiner MIIU6686961 | \ud83d\udc46 \ufe0fMerekonteinerite rent | Soojakute m\u00fc\u00fck | Soojakute rent | Konteinerite rent | Kasutatud konteinerid | \u2b50\ufe0f\u2b50\ufe0f\u2b50\ufe0f\u2b50\ufe0f\u2b50\ufe0f\",\"breadcrumb\":{\"@id\":\"https:\\\/\\\/miil.dev.almic.ee\\\/toode\\\/40hc-merekonteiner-miiu6686961-tallinn-kehvas-seisus\\\/#breadcrumb\"},\"inLanguage\":\"ru-RU\",\"potentialAction\":[{\"@type\":\"ReadAction\",\"target\":[\"https:\\\/\\\/miil.dev.almic.ee\\\/toode\\\/40hc-merekonteiner-miiu6686961-tallinn-kehvas-seisus\\\/\"]}]},{\"@type\":\"ImageObject\",\"inLanguage\":\"ru-RU\",\"@id\":\"https:\\\/\\\/miil.dev.almic.ee\\\/toode\\\/40hc-merekonteiner-miiu6686961-tallinn-kehvas-seisus\\\/#primaryimage\",\"url\":\"https:\\\/\\\/miil.dev.almic.ee\\\/wp-content\\\/uploads\\\/2025\\\/08\\\/Merekonteiner-4-scaled.jpg\",\"contentUrl\":\"https:\\\/\\\/miil.dev.almic.ee\\\/wp-content\\\/uploads\\\/2025\\\/08\\\/Merekonteiner-4-scaled.jpg\",\"width\":1900,\"height\":1425},{\"@type\":\"BreadcrumbList\",\"@id\":\"https:\\\/\\\/miil.dev.almic.ee\\\/toode\\\/40hc-merekonteiner-miiu6686961-tallinn-kehvas-seisus\\\/#breadcrumb\",\"itemListElement\":[{\"@type\":\"ListItem\",\"position\":1,\"name\":\"Home\",\"item\":\"https:\\\/\\\/miil.dev.almic.ee\\\/ru\\\/\"},{\"@type\":\"ListItem\",\"position\":2,\"name\":\"\u041c\u0430\u0433\u0430\u0437\u0438\u043d\",\"item\":\"https:\\\/\\\/miil.dev.almic.ee\\\/ru\\\/%d0%bc%d0%b0%d0%b3%d0%b0%d0%b7%d0%b8%d0%bd\\\/\"},{\"@type\":\"ListItem\",\"position\":3,\"name\":\"40HC Merekonteiner MIIU6686961 \u2013 TALLINN (kehvas seisus)\"}]},{\"@type\":\"WebSite\",\"@id\":\"https:\\\/\\\/miil.dev.almic.ee\\\/#website\",\"url\":\"https:\\\/\\\/miil.dev.almic.ee\\\/\",\"name\":\"Miil O\u00dc\",\"description\":\"Konteinerveod\",\"publisher\":{\"@id\":\"https:\\\/\\\/miil.dev.almic.ee\\\/#organization\"},\"potentialAction\":[{\"@type\":\"SearchAction\",\"target\":{\"@type\":\"EntryPoint\",\"urlTemplate\":\"https:\\\/\\\/miil.dev.almic.ee\\\/?s={search_term_string}\"},\"query-input\":{\"@type\":\"PropertyValueSpecification\",\"valueRequired\":true,\"valueName\":\"search_term_string\"}}],\"inLanguage\":\"ru-RU\"},{\"@type\":\"Organization\",\"@id\":\"https:\\\/\\\/miil.dev.almic.ee\\\/#organization\",\"name\":\"Miil O\u00dc\",\"url\":\"https:\\\/\\\/miil.dev.almic.ee\\\/\",\"logo\":{\"@type\":\"ImageObject\",\"inLanguage\":\"ru-RU\",\"@id\":\"https:\\\/\\\/miil.dev.almic.ee\\\/#\\\/schema\\\/logo\\\/image\\\/\",\"url\":\"https:\\\/\\\/www.miil.ee\\\/wp-content\\\/uploads\\\/2022\\\/02\\\/Miil-logo.svg\",\"contentUrl\":\"https:\\\/\\\/www.miil.ee\\\/wp-content\\\/uploads\\\/2022\\\/02\\\/Miil-logo.svg\",\"width\":\"1024\",\"height\":\"1024\",\"caption\":\"Miil O\u00dc\"},\"image\":{\"@id\":\"https:\\\/\\\/miil.dev.almic.ee\\\/#\\\/schema\\\/logo\\\/image\\\/\"},\"sameAs\":[\"https:\\\/\\\/www.facebook.com\\\/konteinerveod\\\/\",\"https:\\\/\\\/www.instagram.com\\\/ou_miil\\\/\"]}]}<\/script>\n<meta property=\"product:price:amount\" content=\"1390.00\" \/>\n<meta property=\"product:price:currency\" content=\"EUR\" \/>\n<meta property=\"og:availability\" content=\"instock\" \/>\n<meta property=\"product:availability\" content=\"instock\" \/>\n<meta property=\"product:retailer_item_id\" content=\"MIIU6686961\" \/>\n<meta property=\"product:condition\" content=\"new\" \/>\n<!-- \/ Yoast SEO Premium plugin. -->","yoast_head_json":{"title":"Kasutatud merekonteiner MIIU6686961 - Miil O\u00dc - konteinerite rent.","description":"Kasutatud merekonteiner MIIU6686961 | \ud83d\udc46 \ufe0fMerekonteinerite rent | Soojakute m\u00fc\u00fck | Soojakute rent | Konteinerite rent | Kasutatud konteinerid | \u2b50\ufe0f\u2b50\ufe0f\u2b50\ufe0f\u2b50\ufe0f\u2b50\ufe0f","robots":{"index":"index","follow":"follow","max-snippet":"max-snippet:-1","max-image-preview":"max-image-preview:large","max-video-preview":"max-video-preview:-1"},"canonical":"https:\/\/miil.dev.almic.ee\/toode\/40hc-merekonteiner-miiu6686961-tallinn-kehvas-seisus\/","og_locale":"ru_RU","og_type":"article","og_title":"40HC Merekonteiner MIIU6686961 \u2013 TALLINN (kehvas seisus)","og_description":"Kasutatud merekonteiner MIIU6686961 | \ud83d\udc46 \ufe0fMerekonteinerite rent | Soojakute m\u00fc\u00fck | Soojakute rent | Konteinerite rent | Kasutatud konteinerid | \u2b50\ufe0f\u2b50\ufe0f\u2b50\ufe0f\u2b50\ufe0f\u2b50\ufe0f","og_url":"https:\/\/miil.dev.almic.ee\/toode\/40hc-merekonteiner-miiu6686961-tallinn-kehvas-seisus\/","og_site_name":"Miil O\u00dc","article_publisher":"https:\/\/www.facebook.com\/konteinerveod\/","article_modified_time":"2025-08-15T06:05:49+00:00","og_image":[{"width":1900,"height":1425,"url":"https:\/\/miil.dev.almic.ee\/wp-content\/uploads\/2025\/08\/Merekonteiner-4-scaled.jpg","type":"image\/jpeg"}],"twitter_card":"summary_large_image","twitter_misc":{"\u0426\u0435\u043d\u0430":"1390,00&nbsp;&euro;","\u0414\u043e\u0441\u0442\u0443\u043f\u043d\u043e\u0441\u0442\u044c":"\u0412 \u043d\u0430\u043b\u0438\u0447\u0438\u0438"},"schema":{"@context":"https:\/\/schema.org","@graph":[{"@type":"WebPage","@id":"https:\/\/miil.dev.almic.ee\/toode\/40hc-merekonteiner-miiu6686961-tallinn-kehvas-seisus\/","url":"https:\/\/miil.dev.almic.ee\/toode\/40hc-merekonteiner-miiu6686961-tallinn-kehvas-seisus\/","name":"Kasutatud merekonteiner MIIU6686961 - Miil O\u00dc - konteinerite rent.","isPartOf":{"@id":"https:\/\/miil.dev.almic.ee\/#website"},"primaryImageOfPage":{"@id":"https:\/\/miil.dev.almic.ee\/toode\/40hc-merekonteiner-miiu6686961-tallinn-kehvas-seisus\/#primaryimage"},"image":{"@id":"https:\/\/miil.dev.almic.ee\/toode\/40hc-merekonteiner-miiu6686961-tallinn-kehvas-seisus\/#primaryimage"},"thumbnailUrl":"https:\/\/miil.dev.almic.ee\/wp-content\/uploads\/2025\/08\/Merekonteiner-4-scaled.jpg","datePublished":"2025-08-15T05:51:00+00:00","dateModified":"2025-08-15T06:05:49+00:00","description":"Kasutatud merekonteiner MIIU6686961 | \ud83d\udc46 \ufe0fMerekonteinerite rent | Soojakute m\u00fc\u00fck | Soojakute rent | Konteinerite rent | Kasutatud konteinerid | \u2b50\ufe0f\u2b50\ufe0f\u2b50\ufe0f\u2b50\ufe0f\u2b50\ufe0f","breadcrumb":{"@id":"https:\/\/miil.dev.almic.ee\/toode\/40hc-merekonteiner-miiu6686961-tallinn-kehvas-seisus\/#breadcrumb"},"inLanguage":"ru-RU","potentialAction":[{"@type":"ReadAction","target":["https:\/\/miil.dev.almic.ee\/toode\/40hc-merekonteiner-miiu6686961-tallinn-kehvas-seisus\/"]}]},{"@type":"ImageObject","inLanguage":"ru-RU","@id":"https:\/\/miil.dev.almic.ee\/toode\/40hc-merekonteiner-miiu6686961-tallinn-kehvas-seisus\/#primaryimage","url":"https:\/\/miil.dev.almic.ee\/wp-content\/uploads\/2025\/08\/Merekonteiner-4-scaled.jpg","contentUrl":"https:\/\/miil.dev.almic.ee\/wp-content\/uploads\/2025\/08\/Merekonteiner-4-scaled.jpg","width":1900,"height":1425},{"@type":"BreadcrumbList","@id":"https:\/\/miil.dev.almic.ee\/toode\/40hc-merekonteiner-miiu6686961-tallinn-kehvas-seisus\/#breadcrumb","itemListElement":[{"@type":"ListItem","position":1,"name":"Home","item":"https:\/\/miil.dev.almic.ee\/ru\/"},{"@type":"ListItem","position":2,"name":"\u041c\u0430\u0433\u0430\u0437\u0438\u043d","item":"https:\/\/miil.dev.almic.ee\/ru\/%d0%bc%d0%b0%d0%b3%d0%b0%d0%b7%d0%b8%d0%bd\/"},{"@type":"ListItem","position":3,"name":"40HC Merekonteiner MIIU6686961 \u2013 TALLINN (kehvas seisus)"}]},{"@type":"WebSite","@id":"https:\/\/miil.dev.almic.ee\/#website","url":"https:\/\/miil.dev.almic.ee\/","name":"Miil O\u00dc","description":"Konteinerveod","publisher":{"@id":"https:\/\/miil.dev.almic.ee\/#organization"},"potentialAction":[{"@type":"SearchAction","target":{"@type":"EntryPoint","urlTemplate":"https:\/\/miil.dev.almic.ee\/?s={search_term_string}"},"query-input":{"@type":"PropertyValueSpecification","valueRequired":true,"valueName":"search_term_string"}}],"inLanguage":"ru-RU"},{"@type":"Organization","@id":"https:\/\/miil.dev.almic.ee\/#organization","name":"Miil O\u00dc","url":"https:\/\/miil.dev.almic.ee\/","logo":{"@type":"ImageObject","inLanguage":"ru-RU","@id":"https:\/\/miil.dev.almic.ee\/#\/schema\/logo\/image\/","url":"https:\/\/www.miil.ee\/wp-content\/uploads\/2022\/02\/Miil-logo.svg","contentUrl":"https:\/\/www.miil.ee\/wp-content\/uploads\/2022\/02\/Miil-logo.svg","width":"1024","height":"1024","caption":"Miil O\u00dc"},"image":{"@id":"https:\/\/miil.dev.almic.ee\/#\/schema\/logo\/image\/"},"sameAs":["https:\/\/www.facebook.com\/konteinerveod\/","https:\/\/www.instagram.com\/ou_miil\/"]}]},"product_price_amount":"1390.00","product_price_currency":"EUR","og_availability":"instock","product_availability":"instock","product_retailer_item_id":"MIIU6686961","product_condition":"new"},"_links":{"self":[{"href":"https:\/\/miil.dev.almic.ee\/ru\/wp-json\/wp\/v2\/product\/108896","targetHints":{"allow":["GET"]}}],"collection":[{"href":"https:\/\/miil.dev.almic.ee\/ru\/wp-json\/wp\/v2\/product"}],"about":[{"href":"https:\/\/miil.dev.almic.ee\/ru\/wp-json\/wp\/v2\/types\/product"}],"replies":[{"embeddable":true,"href":"https:\/\/miil.dev.almic.ee\/ru\/wp-json\/wp\/v2\/comments?post=108896"}],"wp:featuredmedia":[{"embeddable":true,"href":"https:\/\/miil.dev.almic.ee\/ru\/wp-json\/wp\/v2\/media\/108911"}],"wp:attachment":[{"href":"https:\/\/miil.dev.almic.ee\/ru\/wp-json\/wp\/v2\/media?parent=108896"}],"wp:term":[{"taxonomy":"product_cat","embeddable":true,"href":"https:\/\/miil.dev.almic.ee\/ru\/wp-json\/wp\/v2\/product_cat?post=108896"},{"taxonomy":"product_tag","embeddable":true,"href":"https:\/\/miil.dev.almic.ee\/ru\/wp-json\/wp\/v2\/product_tag?post=108896"}],"curies":[{"name":"wp","href":"https:\/\/api.w.org\/{rel}","templated":true}]}}