{"id":99604,"date":"2025-05-21T12:16:26","date_gmt":"2025-05-21T09:16:27","guid":{"rendered":"https:\/\/www.miil.ee\/?post_type=product&#038;p=99604"},"modified":"2025-05-21T12:21:49","modified_gmt":"2025-05-21T09:21:49","slug":"40hcpw-juras-konteiners-miiu9646957","status":"publish","type":"product","link":"https:\/\/miil.dev.almic.ee\/lv\/toode\/40hcpw-juras-konteiners-miiu9646957\/","title":{"rendered":"40HCPW Juras konteiners MIIU9646957"},"content":{"rendered":"<h1>Lietots j\u016bras konteiners 40HCPW MIIU9646957.<\/h1>\n<p>Lietots j\u016bras konteiners 40HCPW MIIU9646957 ir ku\u0123o\u0161anai der\u012bg\u0101 st\u0101vokl\u012b, ja vien att\u0113l\u0101 vai tekst\u0101 nav nor\u0101d\u012bts cit\u0101di;<\/p>\n<ul>\n<li>J\u016bras konteiners atbilst bild\u0113m.<\/li>\n<li>Konteinera durvis var atv\u0113rt un aizv\u0113rt ar cilv\u0113ka sp\u0113ku.<\/li>\n<li>Konteinera griesti ir neskarti un nav \u016bdens nopl\u016bdes.<\/li>\n<li>Konteinera apak\u0161da\u013ca ir neskarta un to var izmantot ar iekr\u0101v\u0113ju vai rokas iekr\u0101v\u0113ju.<\/li>\n<li>Konteinera konstrukcijas boj\u0101jumu nav.<\/li>\n<li>Maks\u0101jiet v\u0113l\u0101k, izmantojot Inbank.ee ar atlaides kodu \u201cKONTEINER\u201d.<\/li>\n<li>12 metru j\u016bras konteinera noma: 99.- +pvn\/m\u0113n<\/li>\n<li>6 metru j\u016bras konteinera noma: 50.- +pvn\/m\u0113n<\/li>\n<\/ul>\n<h2>j\u016bras konteiners 40HCPW MIIU9646957 &#8211; K\u0101da ir lietota konteinera cena?<\/h2>\n<p>J\u016bras konteinera cena ir atkar\u012bga no daudz\u0101m liet\u0101m, ta\u010du p\u0101rdo\u0161anas cena parasti ir tie\u0161i saist\u012bta ar konteinera st\u0101vokli.<br \/>\nPapildus st\u0101voklim cenu ietekm\u0113 ar\u012b pirkuma cena, konteinera iera\u0161an\u0101s veids termin\u0101l\u012b, konteinera atra\u0161an\u0101s vieta termin\u0101l\u012b un tas, vai konteineram ir biju\u0161i nepiecie\u0161ami papildu izdevumi, piem\u0113ram, \u0101r\u0113j\u0101 mazg\u0101\u0161ana, iek\u0161\u0113j\u0101 t\u012br\u012b\u0161ana vai remonts.<\/p>\n<p>Lab\u0101k\u0101s cenas garantija &#8211; M\u0113s vienm\u0113r sniedzam lab\u0101ko pied\u0101v\u0101jumu l\u012bdzv\u0113rt\u012bgam konteineram.<\/p>\n<h2>Transports un uzst\u0101d\u012b\u0161ana?<\/h2>\n<p>P\u0113c piem\u0113rota konteinera izv\u0113les varam izteikt pied\u0101v\u0101jumu ar\u012b par transportu.<br \/>\nP\u0101rvad\u0101\u0161anai parasti izmantojam\u00a0<a href=\"https:\/\/www.miil.ee\/lv\/pakalpojumi\/celtnis\/\">celtnis<\/a>\u00a0vai\u00a0<a href=\"https:\/\/www.miil.ee\/lv\/pakalpojumi\/sanu-iekraveji-sideloader\/\">s\u0101nu iekr\u0101v\u0113ju.<\/a><br \/>\nM\u0113s izmantojam\u00a0<a href=\"https:\/\/www.miil.ee\/lv\/pakalpojumi\/ram-pasizgazejs\/\">RAM backloader<\/a>, lai aptvertu vissare\u017e\u0123\u012bt\u0101k\u0101s vietas.<br \/>\nIeg\u0101d\u0101tos konteinerus m\u016bsu termin\u0101l\u012b varat uzglab\u0101t l\u012bdz se\u0161iem m\u0113ne\u0161iem bez maksas.<br \/>\nVienm\u0113r iesp\u0113jams vienoties par ilg\u0101ku laiku.<br \/>\nTas ir noder\u012bgi, piem\u0113ram, ja atra\u0161an\u0101s vieta v\u0113l nav gatava vai pieejama.<br \/>\nT\u0101d\u0101 gad\u012bjum\u0101 konteinera cena nemain\u012bsies, un vari b\u016bt dro\u0161s, ka izv\u0113l\u0113to konteineru sa\u0146emsi norun\u0101taj\u0101 laik\u0101.<\/p>\n<p>Lab\u0101kais konteiners, lab\u0101k\u0101 cena!<\/p>\n<p>Sekojiet mums\u00a0<a href=\"https:\/\/www.facebook.com\/konteinerveod\/\">Facebook<\/a>\u00a0vai\u00a0<a href=\"https:\/\/www.instagram.com\/ou_miil\/\">Instagram.<\/a><\/p>\n","protected":false},"excerpt":{"rendered":"<p>Lietots j\u016bras konteiners 40HCPW ir 12 metru gar\u0161 ku\u0123o\u0161anai der\u012bgs konteiners, kas ir lab\u0101 st\u0101vokl\u012b, un tam nav konstrukcijas boj\u0101jumu. J\u016bs varat nom\u0101t to par 99 \u20ac + PVN m\u0113nes\u012b vai 6 metru konteineru par 50 \u20ac + PVN m\u0113nes\u012b, k\u0101 ar\u012b izmantot iesp\u0113ju maks\u0101t v\u0113l\u0101k ar atlaides kodu &#8220;KONTEINER&#8221;.<\/p>\n","protected":false},"featured_media":99608,"comment_status":"closed","ping_status":"closed","template":"","meta":{"_acf_changed":false},"product_cat":[332,384,400],"product_tag":[],"class_list":{"0":"post-99604","1":"product","2":"type-product","3":"status-publish","4":"has-post-thumbnail","6":"product_cat-lietoti-konteineri","7":"product_cat-40-12-metri","8":"product_cat-40hcpw-augsta-palete-wide","10":"first","11":"instock","12":"shipping-taxable","13":"purchasable","14":"product-type-simple"},"acf":[],"yoast_head":"<!-- This site is optimized with the Yoast SEO Premium plugin v23.9 (Yoast SEO v27.5) - https:\/\/yoast.com\/product\/yoast-seo-premium-wordpress\/ -->\n<title>40HCPW Juras konteiners MIIU9646957 - Miil O\u00dc<\/title>\n<meta name=\"description\" content=\"40HCPW J\u016bras konteiners MIIU9646957 | Juras konteiner transport | Juras konteiner jauns | Containex jauns | www.miil.lv | +372 57 50 3328\" \/>\n<meta name=\"robots\" content=\"index, follow, max-snippet:-1, max-image-preview:large, max-video-preview:-1\" \/>\n<link rel=\"canonical\" href=\"https:\/\/miil.dev.almic.ee\/lv\/toode\/40hcpw-juras-konteiners-miiu9646957\/\" \/>\n<meta property=\"og:locale\" content=\"lv_LV\" \/>\n<meta property=\"og:type\" content=\"article\" \/>\n<meta property=\"og:title\" content=\"40HCPW Juras konteiners MIIU9646957\" \/>\n<meta property=\"og:description\" content=\"40HCPW J\u016bras konteiners MIIU9646957 | Juras konteiner transport | Juras konteiner jauns | Containex jauns | www.miil.lv | +372 57 50 3328\" \/>\n<meta property=\"og:url\" content=\"https:\/\/miil.dev.almic.ee\/lv\/toode\/40hcpw-juras-konteiners-miiu9646957\/\" \/>\n<meta property=\"og:site_name\" content=\"Miil O\u00dc\" \/>\n<meta property=\"article:publisher\" content=\"https:\/\/www.facebook.com\/konteinerveod\/\" \/>\n<meta property=\"article:modified_time\" content=\"2025-05-21T09:21:49+00:00\" \/>\n<meta property=\"og:image\" content=\"https:\/\/miil.dev.almic.ee\/wp-content\/uploads\/2025\/05\/40HCPW-Merekonteiner-MIIU9646957-TALLINN-1-scaled.jpg\" \/>\n\t<meta property=\"og:image:width\" content=\"1900\" \/>\n\t<meta property=\"og:image:height\" content=\"1425\" \/>\n\t<meta property=\"og:image:type\" content=\"image\/jpeg\" \/>\n<meta name=\"twitter:card\" content=\"summary_large_image\" \/>\n<meta name=\"twitter:label1\" content=\"Price\" \/>\n\t<meta name=\"twitter:data1\" content=\"1990,00&nbsp;&euro;\" \/>\n\t<meta name=\"twitter:label2\" content=\"Availability\" \/>\n\t<meta name=\"twitter:data2\" content=\"In stock\" \/>\n<script type=\"application\/ld+json\" class=\"yoast-schema-graph\">{\"@context\":\"https:\\\/\\\/schema.org\",\"@graph\":[{\"@type\":\"WebPage\",\"@id\":\"https:\\\/\\\/miil.dev.almic.ee\\\/lv\\\/toode\\\/40hcpw-juras-konteiners-miiu9646957\\\/\",\"url\":\"https:\\\/\\\/miil.dev.almic.ee\\\/lv\\\/toode\\\/40hcpw-juras-konteiners-miiu9646957\\\/\",\"name\":\"40HCPW Juras konteiners MIIU9646957 - Miil O\u00dc\",\"isPartOf\":{\"@id\":\"https:\\\/\\\/miil.dev.almic.ee\\\/#website\"},\"primaryImageOfPage\":{\"@id\":\"https:\\\/\\\/miil.dev.almic.ee\\\/lv\\\/toode\\\/40hcpw-juras-konteiners-miiu9646957\\\/#primaryimage\"},\"image\":{\"@id\":\"https:\\\/\\\/miil.dev.almic.ee\\\/lv\\\/toode\\\/40hcpw-juras-konteiners-miiu9646957\\\/#primaryimage\"},\"thumbnailUrl\":\"https:\\\/\\\/miil.dev.almic.ee\\\/wp-content\\\/uploads\\\/2025\\\/05\\\/40HCPW-Merekonteiner-MIIU9646957-TALLINN-1-scaled.jpg\",\"datePublished\":\"2025-05-21T09:16:27+00:00\",\"dateModified\":\"2025-05-21T09:21:49+00:00\",\"description\":\"40HCPW J\u016bras konteiners MIIU9646957 | Juras konteiner transport | Juras konteiner jauns | Containex jauns | www.miil.lv | +372 57 50 3328\",\"breadcrumb\":{\"@id\":\"https:\\\/\\\/miil.dev.almic.ee\\\/lv\\\/toode\\\/40hcpw-juras-konteiners-miiu9646957\\\/#breadcrumb\"},\"inLanguage\":\"lv-LV\",\"potentialAction\":[{\"@type\":\"ReadAction\",\"target\":[\"https:\\\/\\\/miil.dev.almic.ee\\\/lv\\\/toode\\\/40hcpw-juras-konteiners-miiu9646957\\\/\"]}]},{\"@type\":\"ImageObject\",\"inLanguage\":\"lv-LV\",\"@id\":\"https:\\\/\\\/miil.dev.almic.ee\\\/lv\\\/toode\\\/40hcpw-juras-konteiners-miiu9646957\\\/#primaryimage\",\"url\":\"https:\\\/\\\/miil.dev.almic.ee\\\/wp-content\\\/uploads\\\/2025\\\/05\\\/40HCPW-Merekonteiner-MIIU9646957-TALLINN-1-scaled.jpg\",\"contentUrl\":\"https:\\\/\\\/miil.dev.almic.ee\\\/wp-content\\\/uploads\\\/2025\\\/05\\\/40HCPW-Merekonteiner-MIIU9646957-TALLINN-1-scaled.jpg\",\"width\":1900,\"height\":1425},{\"@type\":\"BreadcrumbList\",\"@id\":\"https:\\\/\\\/miil.dev.almic.ee\\\/lv\\\/toode\\\/40hcpw-juras-konteiners-miiu9646957\\\/#breadcrumb\",\"itemListElement\":[{\"@type\":\"ListItem\",\"position\":1,\"name\":\"Home\",\"item\":\"https:\\\/\\\/miil.dev.almic.ee\\\/lv\\\/\"},{\"@type\":\"ListItem\",\"position\":2,\"name\":\"Veikals\",\"item\":\"https:\\\/\\\/miil.dev.almic.ee\\\/lv\\\/veikals\\\/\"},{\"@type\":\"ListItem\",\"position\":3,\"name\":\"40HCPW Juras konteiners MIIU9646957\"}]},{\"@type\":\"WebSite\",\"@id\":\"https:\\\/\\\/miil.dev.almic.ee\\\/#website\",\"url\":\"https:\\\/\\\/miil.dev.almic.ee\\\/\",\"name\":\"Miil O\u00dc\",\"description\":\"Konteinerveod\",\"publisher\":{\"@id\":\"https:\\\/\\\/miil.dev.almic.ee\\\/#organization\"},\"potentialAction\":[{\"@type\":\"SearchAction\",\"target\":{\"@type\":\"EntryPoint\",\"urlTemplate\":\"https:\\\/\\\/miil.dev.almic.ee\\\/?s={search_term_string}\"},\"query-input\":{\"@type\":\"PropertyValueSpecification\",\"valueRequired\":true,\"valueName\":\"search_term_string\"}}],\"inLanguage\":\"lv-LV\"},{\"@type\":\"Organization\",\"@id\":\"https:\\\/\\\/miil.dev.almic.ee\\\/#organization\",\"name\":\"Miil O\u00dc\",\"url\":\"https:\\\/\\\/miil.dev.almic.ee\\\/\",\"logo\":{\"@type\":\"ImageObject\",\"inLanguage\":\"lv-LV\",\"@id\":\"https:\\\/\\\/miil.dev.almic.ee\\\/#\\\/schema\\\/logo\\\/image\\\/\",\"url\":\"https:\\\/\\\/www.miil.ee\\\/wp-content\\\/uploads\\\/2022\\\/02\\\/Miil-logo.svg\",\"contentUrl\":\"https:\\\/\\\/www.miil.ee\\\/wp-content\\\/uploads\\\/2022\\\/02\\\/Miil-logo.svg\",\"width\":\"1024\",\"height\":\"1024\",\"caption\":\"Miil O\u00dc\"},\"image\":{\"@id\":\"https:\\\/\\\/miil.dev.almic.ee\\\/#\\\/schema\\\/logo\\\/image\\\/\"},\"sameAs\":[\"https:\\\/\\\/www.facebook.com\\\/konteinerveod\\\/\",\"https:\\\/\\\/www.instagram.com\\\/ou_miil\\\/\"]}]}<\/script>\n<meta property=\"product:price:amount\" content=\"1990.00\" \/>\n<meta property=\"product:price:currency\" content=\"EUR\" \/>\n<meta property=\"og:availability\" content=\"instock\" \/>\n<meta property=\"product:availability\" content=\"instock\" \/>\n<meta property=\"product:retailer_item_id\" content=\"MIIU9646957\" \/>\n<meta property=\"product:condition\" content=\"new\" \/>\n<!-- \/ Yoast SEO Premium plugin. -->","yoast_head_json":{"title":"40HCPW Juras konteiners MIIU9646957 - Miil O\u00dc","description":"40HCPW J\u016bras konteiners MIIU9646957 | Juras konteiner transport | Juras konteiner jauns | Containex jauns | www.miil.lv | +372 57 50 3328","robots":{"index":"index","follow":"follow","max-snippet":"max-snippet:-1","max-image-preview":"max-image-preview:large","max-video-preview":"max-video-preview:-1"},"canonical":"https:\/\/miil.dev.almic.ee\/lv\/toode\/40hcpw-juras-konteiners-miiu9646957\/","og_locale":"lv_LV","og_type":"article","og_title":"40HCPW Juras konteiners MIIU9646957","og_description":"40HCPW J\u016bras konteiners MIIU9646957 | Juras konteiner transport | Juras konteiner jauns | Containex jauns | www.miil.lv | +372 57 50 3328","og_url":"https:\/\/miil.dev.almic.ee\/lv\/toode\/40hcpw-juras-konteiners-miiu9646957\/","og_site_name":"Miil O\u00dc","article_publisher":"https:\/\/www.facebook.com\/konteinerveod\/","article_modified_time":"2025-05-21T09:21:49+00:00","og_image":[{"width":1900,"height":1425,"url":"https:\/\/miil.dev.almic.ee\/wp-content\/uploads\/2025\/05\/40HCPW-Merekonteiner-MIIU9646957-TALLINN-1-scaled.jpg","type":"image\/jpeg"}],"twitter_card":"summary_large_image","twitter_misc":{"Price":"1990,00&nbsp;&euro;","Availability":"In stock"},"schema":{"@context":"https:\/\/schema.org","@graph":[{"@type":"WebPage","@id":"https:\/\/miil.dev.almic.ee\/lv\/toode\/40hcpw-juras-konteiners-miiu9646957\/","url":"https:\/\/miil.dev.almic.ee\/lv\/toode\/40hcpw-juras-konteiners-miiu9646957\/","name":"40HCPW Juras konteiners MIIU9646957 - Miil O\u00dc","isPartOf":{"@id":"https:\/\/miil.dev.almic.ee\/#website"},"primaryImageOfPage":{"@id":"https:\/\/miil.dev.almic.ee\/lv\/toode\/40hcpw-juras-konteiners-miiu9646957\/#primaryimage"},"image":{"@id":"https:\/\/miil.dev.almic.ee\/lv\/toode\/40hcpw-juras-konteiners-miiu9646957\/#primaryimage"},"thumbnailUrl":"https:\/\/miil.dev.almic.ee\/wp-content\/uploads\/2025\/05\/40HCPW-Merekonteiner-MIIU9646957-TALLINN-1-scaled.jpg","datePublished":"2025-05-21T09:16:27+00:00","dateModified":"2025-05-21T09:21:49+00:00","description":"40HCPW J\u016bras konteiners MIIU9646957 | Juras konteiner transport | Juras konteiner jauns | Containex jauns | www.miil.lv | +372 57 50 3328","breadcrumb":{"@id":"https:\/\/miil.dev.almic.ee\/lv\/toode\/40hcpw-juras-konteiners-miiu9646957\/#breadcrumb"},"inLanguage":"lv-LV","potentialAction":[{"@type":"ReadAction","target":["https:\/\/miil.dev.almic.ee\/lv\/toode\/40hcpw-juras-konteiners-miiu9646957\/"]}]},{"@type":"ImageObject","inLanguage":"lv-LV","@id":"https:\/\/miil.dev.almic.ee\/lv\/toode\/40hcpw-juras-konteiners-miiu9646957\/#primaryimage","url":"https:\/\/miil.dev.almic.ee\/wp-content\/uploads\/2025\/05\/40HCPW-Merekonteiner-MIIU9646957-TALLINN-1-scaled.jpg","contentUrl":"https:\/\/miil.dev.almic.ee\/wp-content\/uploads\/2025\/05\/40HCPW-Merekonteiner-MIIU9646957-TALLINN-1-scaled.jpg","width":1900,"height":1425},{"@type":"BreadcrumbList","@id":"https:\/\/miil.dev.almic.ee\/lv\/toode\/40hcpw-juras-konteiners-miiu9646957\/#breadcrumb","itemListElement":[{"@type":"ListItem","position":1,"name":"Home","item":"https:\/\/miil.dev.almic.ee\/lv\/"},{"@type":"ListItem","position":2,"name":"Veikals","item":"https:\/\/miil.dev.almic.ee\/lv\/veikals\/"},{"@type":"ListItem","position":3,"name":"40HCPW Juras konteiners MIIU9646957"}]},{"@type":"WebSite","@id":"https:\/\/miil.dev.almic.ee\/#website","url":"https:\/\/miil.dev.almic.ee\/","name":"Miil O\u00dc","description":"Konteinerveod","publisher":{"@id":"https:\/\/miil.dev.almic.ee\/#organization"},"potentialAction":[{"@type":"SearchAction","target":{"@type":"EntryPoint","urlTemplate":"https:\/\/miil.dev.almic.ee\/?s={search_term_string}"},"query-input":{"@type":"PropertyValueSpecification","valueRequired":true,"valueName":"search_term_string"}}],"inLanguage":"lv-LV"},{"@type":"Organization","@id":"https:\/\/miil.dev.almic.ee\/#organization","name":"Miil O\u00dc","url":"https:\/\/miil.dev.almic.ee\/","logo":{"@type":"ImageObject","inLanguage":"lv-LV","@id":"https:\/\/miil.dev.almic.ee\/#\/schema\/logo\/image\/","url":"https:\/\/www.miil.ee\/wp-content\/uploads\/2022\/02\/Miil-logo.svg","contentUrl":"https:\/\/www.miil.ee\/wp-content\/uploads\/2022\/02\/Miil-logo.svg","width":"1024","height":"1024","caption":"Miil O\u00dc"},"image":{"@id":"https:\/\/miil.dev.almic.ee\/#\/schema\/logo\/image\/"},"sameAs":["https:\/\/www.facebook.com\/konteinerveod\/","https:\/\/www.instagram.com\/ou_miil\/"]}]},"product_price_amount":"1990.00","product_price_currency":"EUR","og_availability":"instock","product_availability":"instock","product_retailer_item_id":"MIIU9646957","product_condition":"new"},"_links":{"self":[{"href":"https:\/\/miil.dev.almic.ee\/lv\/wp-json\/wp\/v2\/product\/99604","targetHints":{"allow":["GET"]}}],"collection":[{"href":"https:\/\/miil.dev.almic.ee\/lv\/wp-json\/wp\/v2\/product"}],"about":[{"href":"https:\/\/miil.dev.almic.ee\/lv\/wp-json\/wp\/v2\/types\/product"}],"replies":[{"embeddable":true,"href":"https:\/\/miil.dev.almic.ee\/lv\/wp-json\/wp\/v2\/comments?post=99604"}],"wp:featuredmedia":[{"embeddable":true,"href":"https:\/\/miil.dev.almic.ee\/lv\/wp-json\/wp\/v2\/media\/99608"}],"wp:attachment":[{"href":"https:\/\/miil.dev.almic.ee\/lv\/wp-json\/wp\/v2\/media?parent=99604"}],"wp:term":[{"taxonomy":"product_cat","embeddable":true,"href":"https:\/\/miil.dev.almic.ee\/lv\/wp-json\/wp\/v2\/product_cat?post=99604"},{"taxonomy":"product_tag","embeddable":true,"href":"https:\/\/miil.dev.almic.ee\/lv\/wp-json\/wp\/v2\/product_tag?post=99604"}],"curies":[{"name":"wp","href":"https:\/\/api.w.org\/{rel}","templated":true}]}}