{"id":98619,"date":"2025-05-15T14:39:07","date_gmt":"2025-05-15T11:39:08","guid":{"rendered":"https:\/\/www.miil.ee\/?post_type=product&#038;p=98619"},"modified":"2025-05-15T14:53:19","modified_gmt":"2025-05-15T11:53:19","slug":"containex-standard-022411077-panoramas-logiem","status":"publish","type":"product","link":"https:\/\/miil.dev.almic.ee\/lv\/toode\/containex-standard-022411077-panoramas-logiem\/","title":{"rendered":"Containex Standard 022411077 panor\u0101mas logiem"},"content":{"rendered":"<ul>\n<li>Divi standarta logi<\/li>\n<li>5 panor\u0101mas logi<\/li>\n<li>Vienas durvis<\/li>\n<li>Divas gaismas<\/li>\n<li>Standarta augstums<\/li>\n<\/ul>\n<p><strong>Specifik\u0101cija<\/strong><br \/>\n&#8211; \u0100r\u0113jais augstums 2591mm<br \/>\n&#8211; Iek\u0161\u0113jais augstums 2340mm<br \/>\nR\u0101mja kr\u0101sa RAL7016 tum\u0161i pel\u0113ks<br \/>\nPane\u013ca kr\u0101sa RAL7016 tum\u0161i pel\u0113ks<\/p>\n<p><strong>K\u0101 izol\u0101cija<\/strong><br \/>\n&#8211; Sienu izol\u0101cijas vate 60mm<br \/>\n&#8211; Jumta izol\u0101cijas miner\u0101lvate 100mm<br \/>\n&#8211; Gr\u012bdas izol\u0101cijas miner\u0101lvate 100mm<\/p>\n<p><strong>Pane\u013ci<\/strong><br \/>\n2 logu pane\u013ci,<br \/>\nLogu var atv\u0113rt piln\u012bb\u0101 vai atv\u0113rt ventil\u0101cijas st\u0101vokl\u012b.<br \/>\nAugstums no zemes 870mm + dro\u0161\u012bbas aizkari.<br \/>\n5 panor\u0101mas logi.<\/p>\n<p><strong>1 priek\u0161\u0113j\u0101s durvis<\/strong><br \/>\natveras uz \u0101ru.<br \/>\nDurvju platums: 875 mm.<br \/>\nDurvju atv\u0113r\u0161anas platums: 811mm.<br \/>\nDurvju atv\u0113r\u0161anas augstums: 2065mm.<\/p>\n<p><strong>papildu opcijas<\/strong><br \/>\n3x 2 spraud\u0146i.<br \/>\n1gab gaismas sl\u0113dzis.<br \/>\nElektriskais panelis.<br \/>\nradiators<\/p>\n<h1>Biroja kab\u012bne ar panor\u0101mas logiem<\/h1>\n<p>Kab\u012bne ar panor\u0101mas logiem ir piem\u0113rota, piem\u0113ram, k\u0101 produktu rekl\u0101mas laukums.<br \/>\n\u0160\u0101du sild\u012bt\u0101ju ir viegli transport\u0113t, un tam nav nepiecie\u0161ams pamats.<br \/>\nVar izmantot, piem\u0113ram, gadatirgos un izst\u0101d\u0113s.<br \/>\nKab\u012bne ar lielajiem logiem ir atradusi pielietojumu ar\u012b noliktavas interjer\u0101, kad nepiecie\u0161ams labs p\u0101rskats par darba telpu.<br \/>\nSild\u012bt\u0101jus varam savienot kop\u0101, veidojot liel\u0101kas telpas.<br \/>\n\u0160o sild\u012bt\u0101ju var uzst\u0101d\u012bt virs j\u016bras konteinera vai cita t\u0101 pa\u0161a ra\u017eot\u0101ja sild\u012bt\u0101ja.<\/p>\n<h2>Biroja kab\u012bne ar panor\u0101mas logiem -Kaj\u012bte ar panor\u0101mas logiem vai variants ar dro\u0161\u012bbas aizkariem?<\/h2>\n<p>Kaj\u012bte ar lieliem logiem nav ide\u0101ls risin\u0101jums, ja kaj\u012bti izmanto k\u0101 koted\u017eu vai \u0113damzonu.<br \/>\n\u0160aj\u0101 gad\u012bjum\u0101 var\u0113tu ielikt l\u012bdz pat tr\u012bs lieliem logiem, jo \u200b\u200bpret\u0113j\u0101 gad\u012bjum\u0101 saule p\u0101r\u0101k uzkars\u012bs telpu.<br \/>\nJebkur\u0101 gad\u012bjum\u0101 m\u0113s atrodam tie\u0161i klientam piem\u0113rot\u0101ko risin\u0101jumu un, balstoties uz iepriek\u0161\u0113jo pieredzi, varam sniegt ieteikumus, k\u0101 salikt J\u016bsu vajadz\u012bb\u0101m atbilsto\u0161u sild\u012bt\u0101ju.<\/p>\n<h2>Transport\u0113\u0161ana un pacel\u0161ana?<\/h2>\n<p>P\u0113c piem\u0113rota konteinera izv\u0113les varam veikt iepako\u0161anu un transport\u0113\u0161anu.<br \/>\nP\u0101rvad\u0101\u0161anai parasti izmantojam<span>\u00a0<\/span><a href=\"https:\/\/www.miil.ee\/lv\/pakalpojumi\/celtnis\/\">celtnis<\/a><span>\u00a0<\/span>vai<span>\u00a0<\/span><a href=\"https:\/\/www.miil.ee\/lv\/pakalpojumi\/sanu-iekraveji-sideloader\/\">s\u0101nu iekr\u0101v\u0113ju.<\/a><br \/>\nM\u0113s izmantojam<span>\u00a0<\/span><a href=\"https:\/\/www.miil.ee\/lv\/pakalpojumi\/ram-pasizgazejs\/\">RAM backloader<\/a>, lai aptvertu vissare\u017e\u0123\u012bt\u0101k\u0101s vietas.<br \/>\nP\u0113c t\u0101 ieg\u0101des m\u0113s glab\u0101jam j\u016bsu konteineru m\u016bsu termin\u0101l\u012b bez maksas l\u012bdz se\u0161iem m\u0113ne\u0161iem.<br \/>\nVienm\u0113r iesp\u0113jams vienoties par ilg\u0101ku laiku.<br \/>\nPiem\u0113ram, ja vieta v\u0113l nav gatava vai pieejama konteinera pieg\u0101dei.<br \/>\nT\u0101d\u0101 gad\u012bjum\u0101 konteinera cena nemain\u012bsies un var\u0113siet b\u016bt dro\u0161s, ka izv\u0113l\u0113to konteineru sa\u0146emsiet norun\u0101taj\u0101 laik\u0101.<\/p>\n<h2>M\u016bsu tehnolo\u0123ijas ir modernas, un m\u016bsu vad\u012bt\u0101ji ir augsti apm\u0101c\u012bti.<\/h2>\n<p>*J\u016bras konteineru tirdzniec\u012bba<br \/>\n*J\u016bras konteineru noma<br \/>\n*J\u016bras konteineru atg\u016b\u0161ana<br \/>\n*J\u016bras konteineru remonts<br \/>\n*J\u016bras konteineru uzglab\u0101\u0161ana<br \/>\n*Apkures bateriju tirdzniec\u012bba<br \/>\n*Sild\u012bt\u0101ju noma<br \/>\n*Mini m\u0101ju p\u0101rdo\u0161ana<br \/>\n*Iz\u012br\u0113 mini m\u0101jas<br \/>\n*Transports<br \/>\n*Depo serviss<\/p>\n<ul>\n<li>Lab\u0101k\u0101s cenas garantija \u2013 m\u0113s vienm\u0113r pied\u0101v\u0101jam konteineram lab\u0101ko pied\u0101v\u0101jumu.<\/li>\n<\/ul>\n<p>Sekojiet mums\u00a0<a href=\"https:\/\/www.facebook.com\/konteinerveod\/\">Facebook<\/a>\u00a0vai\u00a0<a href=\"https:\/\/www.instagram.com\/ou_miil\/\">Instagram.<\/a><\/p>\n<p>&nbsp;<\/p>\n","protected":false},"excerpt":{"rendered":"<p>Divi standarta logi 5 panor\u0101mas logi Vienas durvis Divas gaismas Standarta augstums Specifik\u0101cija &#8211; \u0100r\u0113jais augstums 2591mm &#8211; Iek\u0161\u0113jais augstums 2340mm R\u0101mja kr\u0101sa RAL7016 tum\u0161i pel\u0113ks Pane\u013ca kr\u0101sa RAL7016 tum\u0161i pel\u0113ks K\u0101 izol\u0101cija &#8211; Sienu izol\u0101cijas vate 60mm &#8211; Jumta izol\u0101cijas miner\u0101lvate 100mm &#8211; Gr\u012bdas izol\u0101cijas miner\u0101lvate 100mm Pane\u013ci 2 logu pane\u013ci, Logu var atv\u0113rt&#8230;<\/p>\n","protected":false},"featured_media":98624,"comment_status":"closed","ping_status":"closed","template":"","meta":{"_acf_changed":false},"product_cat":[344,408],"product_tag":[],"class_list":{"0":"post-98619","1":"product","2":"type-product","3":"status-publish","4":"has-post-thumbnail","6":"product_cat-vagonini","7":"product_cat-jauni-vagonini","9":"first","10":"outofstock","11":"sale","12":"shipping-taxable","13":"purchasable","14":"product-type-simple"},"acf":[],"yoast_head":"<!-- This site is optimized with the Yoast SEO Premium plugin v23.9 (Yoast SEO v27.5) - https:\/\/yoast.com\/product\/yoast-seo-premium-wordpress\/ -->\n<title>Containex Standard 022411077 panor\u0101mas logiem - Miil O\u00dc<\/title>\n<meta name=\"description\" content=\"Biroja kab\u012bne ar panor\u0101mas logiem | Mini m\u0101jas un koted\u017eas | Kaj\u012b\u0161u noma un p\u0101rdo\u0161ana | Transports un remonts | Elektr\u012bbas darbi un apkure\" \/>\n<meta name=\"robots\" content=\"index, follow, max-snippet:-1, max-image-preview:large, max-video-preview:-1\" \/>\n<link rel=\"canonical\" href=\"https:\/\/miil.dev.almic.ee\/lv\/toode\/containex-standard-022411077-panoramas-logiem\/\" \/>\n<meta property=\"og:locale\" content=\"lv_LV\" \/>\n<meta property=\"og:type\" content=\"article\" \/>\n<meta property=\"og:title\" content=\"Containex Standard 022411077 panor\u0101mas logiem\" \/>\n<meta property=\"og:description\" content=\"Biroja kab\u012bne ar panor\u0101mas logiem | Mini m\u0101jas un koted\u017eas | Kaj\u012b\u0161u noma un p\u0101rdo\u0161ana | Transports un remonts | Elektr\u012bbas darbi un apkure\" \/>\n<meta property=\"og:url\" content=\"https:\/\/miil.dev.almic.ee\/lv\/toode\/containex-standard-022411077-panoramas-logiem\/\" \/>\n<meta property=\"og:site_name\" content=\"Miil O\u00dc\" \/>\n<meta property=\"article:publisher\" content=\"https:\/\/www.facebook.com\/konteinerveod\/\" \/>\n<meta property=\"article:modified_time\" content=\"2025-05-15T11:53:19+00:00\" \/>\n<meta property=\"og:image\" content=\"https:\/\/miil.dev.almic.ee\/wp-content\/uploads\/2025\/05\/Soojak-Containex-Standard-Lootsa-6-1-scaled.jpg\" \/>\n\t<meta property=\"og:image:width\" content=\"1900\" \/>\n\t<meta property=\"og:image:height\" content=\"1425\" \/>\n\t<meta property=\"og:image:type\" content=\"image\/jpeg\" \/>\n<meta name=\"twitter:card\" content=\"summary_large_image\" \/>\n<meta name=\"twitter:label1\" content=\"Price\" \/>\n\t<meta name=\"twitter:data1\" content=\"8990,00&nbsp;&euro;\" \/>\n\t<meta name=\"twitter:label2\" content=\"Availability\" \/>\n\t<meta name=\"twitter:data2\" content=\"Out of stock\" \/>\n<script type=\"application\/ld+json\" class=\"yoast-schema-graph\">{\"@context\":\"https:\\\/\\\/schema.org\",\"@graph\":[{\"@type\":\"WebPage\",\"@id\":\"https:\\\/\\\/miil.dev.almic.ee\\\/lv\\\/toode\\\/containex-standard-022411077-panoramas-logiem\\\/\",\"url\":\"https:\\\/\\\/miil.dev.almic.ee\\\/lv\\\/toode\\\/containex-standard-022411077-panoramas-logiem\\\/\",\"name\":\"Containex Standard 022411077 panor\u0101mas logiem - Miil O\u00dc\",\"isPartOf\":{\"@id\":\"https:\\\/\\\/miil.dev.almic.ee\\\/#website\"},\"primaryImageOfPage\":{\"@id\":\"https:\\\/\\\/miil.dev.almic.ee\\\/lv\\\/toode\\\/containex-standard-022411077-panoramas-logiem\\\/#primaryimage\"},\"image\":{\"@id\":\"https:\\\/\\\/miil.dev.almic.ee\\\/lv\\\/toode\\\/containex-standard-022411077-panoramas-logiem\\\/#primaryimage\"},\"thumbnailUrl\":\"https:\\\/\\\/miil.dev.almic.ee\\\/wp-content\\\/uploads\\\/2025\\\/05\\\/Soojak-Containex-Standard-Lootsa-6-1-scaled.jpg\",\"datePublished\":\"2025-05-15T11:39:08+00:00\",\"dateModified\":\"2025-05-15T11:53:19+00:00\",\"description\":\"Biroja kab\u012bne ar panor\u0101mas logiem | Mini m\u0101jas un koted\u017eas | Kaj\u012b\u0161u noma un p\u0101rdo\u0161ana | Transports un remonts | Elektr\u012bbas darbi un apkure\",\"breadcrumb\":{\"@id\":\"https:\\\/\\\/miil.dev.almic.ee\\\/lv\\\/toode\\\/containex-standard-022411077-panoramas-logiem\\\/#breadcrumb\"},\"inLanguage\":\"lv-LV\",\"potentialAction\":[{\"@type\":\"ReadAction\",\"target\":[\"https:\\\/\\\/miil.dev.almic.ee\\\/lv\\\/toode\\\/containex-standard-022411077-panoramas-logiem\\\/\"]}]},{\"@type\":\"ImageObject\",\"inLanguage\":\"lv-LV\",\"@id\":\"https:\\\/\\\/miil.dev.almic.ee\\\/lv\\\/toode\\\/containex-standard-022411077-panoramas-logiem\\\/#primaryimage\",\"url\":\"https:\\\/\\\/miil.dev.almic.ee\\\/wp-content\\\/uploads\\\/2025\\\/05\\\/Soojak-Containex-Standard-Lootsa-6-1-scaled.jpg\",\"contentUrl\":\"https:\\\/\\\/miil.dev.almic.ee\\\/wp-content\\\/uploads\\\/2025\\\/05\\\/Soojak-Containex-Standard-Lootsa-6-1-scaled.jpg\",\"width\":1900,\"height\":1425},{\"@type\":\"BreadcrumbList\",\"@id\":\"https:\\\/\\\/miil.dev.almic.ee\\\/lv\\\/toode\\\/containex-standard-022411077-panoramas-logiem\\\/#breadcrumb\",\"itemListElement\":[{\"@type\":\"ListItem\",\"position\":1,\"name\":\"Home\",\"item\":\"https:\\\/\\\/miil.dev.almic.ee\\\/lv\\\/\"},{\"@type\":\"ListItem\",\"position\":2,\"name\":\"Veikals\",\"item\":\"https:\\\/\\\/miil.dev.almic.ee\\\/lv\\\/veikals\\\/\"},{\"@type\":\"ListItem\",\"position\":3,\"name\":\"Containex Standard 022411077 panor\u0101mas logiem\"}]},{\"@type\":\"WebSite\",\"@id\":\"https:\\\/\\\/miil.dev.almic.ee\\\/#website\",\"url\":\"https:\\\/\\\/miil.dev.almic.ee\\\/\",\"name\":\"Miil O\u00dc\",\"description\":\"Konteinerveod\",\"publisher\":{\"@id\":\"https:\\\/\\\/miil.dev.almic.ee\\\/#organization\"},\"potentialAction\":[{\"@type\":\"SearchAction\",\"target\":{\"@type\":\"EntryPoint\",\"urlTemplate\":\"https:\\\/\\\/miil.dev.almic.ee\\\/?s={search_term_string}\"},\"query-input\":{\"@type\":\"PropertyValueSpecification\",\"valueRequired\":true,\"valueName\":\"search_term_string\"}}],\"inLanguage\":\"lv-LV\"},{\"@type\":\"Organization\",\"@id\":\"https:\\\/\\\/miil.dev.almic.ee\\\/#organization\",\"name\":\"Miil O\u00dc\",\"url\":\"https:\\\/\\\/miil.dev.almic.ee\\\/\",\"logo\":{\"@type\":\"ImageObject\",\"inLanguage\":\"lv-LV\",\"@id\":\"https:\\\/\\\/miil.dev.almic.ee\\\/#\\\/schema\\\/logo\\\/image\\\/\",\"url\":\"https:\\\/\\\/www.miil.ee\\\/wp-content\\\/uploads\\\/2022\\\/02\\\/Miil-logo.svg\",\"contentUrl\":\"https:\\\/\\\/www.miil.ee\\\/wp-content\\\/uploads\\\/2022\\\/02\\\/Miil-logo.svg\",\"width\":\"1024\",\"height\":\"1024\",\"caption\":\"Miil O\u00dc\"},\"image\":{\"@id\":\"https:\\\/\\\/miil.dev.almic.ee\\\/#\\\/schema\\\/logo\\\/image\\\/\"},\"sameAs\":[\"https:\\\/\\\/www.facebook.com\\\/konteinerveod\\\/\",\"https:\\\/\\\/www.instagram.com\\\/ou_miil\\\/\"]}]}<\/script>\n<meta property=\"product:price:amount\" content=\"8990.00\" \/>\n<meta property=\"product:price:currency\" content=\"EUR\" \/>\n<meta property=\"og:availability\" content=\"out of stock\" \/>\n<meta property=\"product:availability\" content=\"out of stock\" \/>\n<meta property=\"product:retailer_item_id\" content=\"022411077\" \/>\n<meta property=\"product:condition\" content=\"new\" \/>\n<!-- \/ Yoast SEO Premium plugin. -->","yoast_head_json":{"title":"Containex Standard 022411077 panor\u0101mas logiem - Miil O\u00dc","description":"Biroja kab\u012bne ar panor\u0101mas logiem | Mini m\u0101jas un koted\u017eas | Kaj\u012b\u0161u noma un p\u0101rdo\u0161ana | Transports un remonts | Elektr\u012bbas darbi un apkure","robots":{"index":"index","follow":"follow","max-snippet":"max-snippet:-1","max-image-preview":"max-image-preview:large","max-video-preview":"max-video-preview:-1"},"canonical":"https:\/\/miil.dev.almic.ee\/lv\/toode\/containex-standard-022411077-panoramas-logiem\/","og_locale":"lv_LV","og_type":"article","og_title":"Containex Standard 022411077 panor\u0101mas logiem","og_description":"Biroja kab\u012bne ar panor\u0101mas logiem | Mini m\u0101jas un koted\u017eas | Kaj\u012b\u0161u noma un p\u0101rdo\u0161ana | Transports un remonts | Elektr\u012bbas darbi un apkure","og_url":"https:\/\/miil.dev.almic.ee\/lv\/toode\/containex-standard-022411077-panoramas-logiem\/","og_site_name":"Miil O\u00dc","article_publisher":"https:\/\/www.facebook.com\/konteinerveod\/","article_modified_time":"2025-05-15T11:53:19+00:00","og_image":[{"width":1900,"height":1425,"url":"https:\/\/miil.dev.almic.ee\/wp-content\/uploads\/2025\/05\/Soojak-Containex-Standard-Lootsa-6-1-scaled.jpg","type":"image\/jpeg"}],"twitter_card":"summary_large_image","twitter_misc":{"Price":"8990,00&nbsp;&euro;","Availability":"Out of stock"},"schema":{"@context":"https:\/\/schema.org","@graph":[{"@type":"WebPage","@id":"https:\/\/miil.dev.almic.ee\/lv\/toode\/containex-standard-022411077-panoramas-logiem\/","url":"https:\/\/miil.dev.almic.ee\/lv\/toode\/containex-standard-022411077-panoramas-logiem\/","name":"Containex Standard 022411077 panor\u0101mas logiem - Miil O\u00dc","isPartOf":{"@id":"https:\/\/miil.dev.almic.ee\/#website"},"primaryImageOfPage":{"@id":"https:\/\/miil.dev.almic.ee\/lv\/toode\/containex-standard-022411077-panoramas-logiem\/#primaryimage"},"image":{"@id":"https:\/\/miil.dev.almic.ee\/lv\/toode\/containex-standard-022411077-panoramas-logiem\/#primaryimage"},"thumbnailUrl":"https:\/\/miil.dev.almic.ee\/wp-content\/uploads\/2025\/05\/Soojak-Containex-Standard-Lootsa-6-1-scaled.jpg","datePublished":"2025-05-15T11:39:08+00:00","dateModified":"2025-05-15T11:53:19+00:00","description":"Biroja kab\u012bne ar panor\u0101mas logiem | Mini m\u0101jas un koted\u017eas | Kaj\u012b\u0161u noma un p\u0101rdo\u0161ana | Transports un remonts | Elektr\u012bbas darbi un apkure","breadcrumb":{"@id":"https:\/\/miil.dev.almic.ee\/lv\/toode\/containex-standard-022411077-panoramas-logiem\/#breadcrumb"},"inLanguage":"lv-LV","potentialAction":[{"@type":"ReadAction","target":["https:\/\/miil.dev.almic.ee\/lv\/toode\/containex-standard-022411077-panoramas-logiem\/"]}]},{"@type":"ImageObject","inLanguage":"lv-LV","@id":"https:\/\/miil.dev.almic.ee\/lv\/toode\/containex-standard-022411077-panoramas-logiem\/#primaryimage","url":"https:\/\/miil.dev.almic.ee\/wp-content\/uploads\/2025\/05\/Soojak-Containex-Standard-Lootsa-6-1-scaled.jpg","contentUrl":"https:\/\/miil.dev.almic.ee\/wp-content\/uploads\/2025\/05\/Soojak-Containex-Standard-Lootsa-6-1-scaled.jpg","width":1900,"height":1425},{"@type":"BreadcrumbList","@id":"https:\/\/miil.dev.almic.ee\/lv\/toode\/containex-standard-022411077-panoramas-logiem\/#breadcrumb","itemListElement":[{"@type":"ListItem","position":1,"name":"Home","item":"https:\/\/miil.dev.almic.ee\/lv\/"},{"@type":"ListItem","position":2,"name":"Veikals","item":"https:\/\/miil.dev.almic.ee\/lv\/veikals\/"},{"@type":"ListItem","position":3,"name":"Containex Standard 022411077 panor\u0101mas logiem"}]},{"@type":"WebSite","@id":"https:\/\/miil.dev.almic.ee\/#website","url":"https:\/\/miil.dev.almic.ee\/","name":"Miil O\u00dc","description":"Konteinerveod","publisher":{"@id":"https:\/\/miil.dev.almic.ee\/#organization"},"potentialAction":[{"@type":"SearchAction","target":{"@type":"EntryPoint","urlTemplate":"https:\/\/miil.dev.almic.ee\/?s={search_term_string}"},"query-input":{"@type":"PropertyValueSpecification","valueRequired":true,"valueName":"search_term_string"}}],"inLanguage":"lv-LV"},{"@type":"Organization","@id":"https:\/\/miil.dev.almic.ee\/#organization","name":"Miil O\u00dc","url":"https:\/\/miil.dev.almic.ee\/","logo":{"@type":"ImageObject","inLanguage":"lv-LV","@id":"https:\/\/miil.dev.almic.ee\/#\/schema\/logo\/image\/","url":"https:\/\/www.miil.ee\/wp-content\/uploads\/2022\/02\/Miil-logo.svg","contentUrl":"https:\/\/www.miil.ee\/wp-content\/uploads\/2022\/02\/Miil-logo.svg","width":"1024","height":"1024","caption":"Miil O\u00dc"},"image":{"@id":"https:\/\/miil.dev.almic.ee\/#\/schema\/logo\/image\/"},"sameAs":["https:\/\/www.facebook.com\/konteinerveod\/","https:\/\/www.instagram.com\/ou_miil\/"]}]},"product_price_amount":"8990.00","product_price_currency":"EUR","og_availability":"out of stock","product_availability":"out of stock","product_retailer_item_id":"022411077","product_condition":"new"},"_links":{"self":[{"href":"https:\/\/miil.dev.almic.ee\/lv\/wp-json\/wp\/v2\/product\/98619","targetHints":{"allow":["GET"]}}],"collection":[{"href":"https:\/\/miil.dev.almic.ee\/lv\/wp-json\/wp\/v2\/product"}],"about":[{"href":"https:\/\/miil.dev.almic.ee\/lv\/wp-json\/wp\/v2\/types\/product"}],"replies":[{"embeddable":true,"href":"https:\/\/miil.dev.almic.ee\/lv\/wp-json\/wp\/v2\/comments?post=98619"}],"wp:featuredmedia":[{"embeddable":true,"href":"https:\/\/miil.dev.almic.ee\/lv\/wp-json\/wp\/v2\/media\/98624"}],"wp:attachment":[{"href":"https:\/\/miil.dev.almic.ee\/lv\/wp-json\/wp\/v2\/media?parent=98619"}],"wp:term":[{"taxonomy":"product_cat","embeddable":true,"href":"https:\/\/miil.dev.almic.ee\/lv\/wp-json\/wp\/v2\/product_cat?post=98619"},{"taxonomy":"product_tag","embeddable":true,"href":"https:\/\/miil.dev.almic.ee\/lv\/wp-json\/wp\/v2\/product_tag?post=98619"}],"curies":[{"name":"wp","href":"https:\/\/api.w.org\/{rel}","templated":true}]}}