{"id":98387,"date":"2025-05-14T15:31:51","date_gmt":"2025-05-14T12:31:51","guid":{"rendered":"https:\/\/www.miil.ee\/?post_type=product&#038;p=98387"},"modified":"2025-05-14T15:36:52","modified_gmt":"2025-05-14T12:36:52","slug":"containex-ara-tualete-ar-apsildamu-dusu-1370x-2370-peleks","status":"publish","type":"product","link":"https:\/\/miil.dev.almic.ee\/lv\/toode\/containex-ara-tualete-ar-apsildamu-dusu-1370x-2370-peleks\/","title":{"rendered":"Containex \u0101ra tualete ar apsild\u0101mu du\u0161u 1370x 2370 pel\u0113ks"},"content":{"rendered":"<h1>Containex \u0101ra tualete ar apsild\u0101mu du\u0161u<\/h1>\n<p>Containex \u0101ra tualete ar apsild\u0101mu du\u0161u<br \/>\nIzm\u0113ri 1370&#215;2370, svars ap 750kg.<br \/>\n\u0160\u012b tualete ar mazg\u0101\u0161anas iesp\u0113ju ir \u0101trs lielas probl\u0113mas risin\u0101jums.<\/p>\n<p><strong>Telpas iek\u0161pus\u0113 ir:<\/strong><br \/>\n* Du\u0161a.<br \/>\n* WC\/tualete.<br \/>\n* Boileris.<br \/>\n* Nepiecie\u0161amais cauru\u013cvads kanaliz\u0101cijai.<br \/>\n* Ventil\u0101cija.<br \/>\n* Apgaismojums.<br \/>\n* elektriskie piesl\u0113gumi.<br \/>\n* Izlietne.<br \/>\n* Stat\u012bvs.<br \/>\n* Aizsl\u0113dzamas \u0101rdurvis.<br \/>\n* Pieejamas da\u017e\u0101das kr\u0101sas.<br \/>\n* Logs, ko var atv\u0113rt abos virzienos.<\/p>\n<p>Containex \u0101ra tualete ar izol\u0113tu du\u0161u &#8211; kvalitat\u012bvs risin\u0101jums.<\/p>\n<h2><strong>Containex \u0101ra tualete ar apsild\u0101mu du\u0161u &#8211; Par Containex:<\/strong><\/h2>\n<p>Miil ir Containex tirdzniec\u012bbas p\u0101rst\u0101vis Igaunij\u0101.<br \/>\nVisi produkti ir izgatavoti p\u0113c augstas kvalit\u0101tes, un tiem ir CE mar\u0137\u0113jums.<br \/>\nTas noz\u012bm\u0113, ka \u0113ka ir apsekota, dro\u0161a lieto\u0161an\u0101 un atbilst vis\u0101m pras\u012bb\u0101m.<br \/>\nP\u0101rst\u0101vam visu Containex pre\u010du kl\u0101stu, un papildus izol\u0113tajai tualetei pie mums var pas\u016bt\u012bt, piem\u0113ram, sild\u012bt\u0101ju ar sanit\u0101ro rozi.<\/p>\n<p>Kaj\u012btes var savienot kop\u0101, veidojot liel\u0101kas telpas koted\u017eai vai biroja telpai.<br \/>\nLiel\u0101k\u0101s konteineru \u0113kas Igaunij\u0101 sast\u0101v no 40-60 savstarp\u0113ji savienot\u0101m telp\u0101m.<br \/>\nPapildus iesp\u0113jams izb\u016bv\u0113t otro vai tre\u0161o st\u0101vu.<\/p>\n<h2><strong>Risin\u0101jumi, kas atbilst klienta vajadz\u012bb\u0101m.<\/strong><\/h2>\n<p>Atrad\u012bsim Jums piem\u0113rot\u0101ko risin\u0101jumu, ja v\u0113laties, \u0113kas \u0101rpusi apdar\u012bsim ar koka karkasu, piemekl\u0113sim \u0113kai piem\u0113rotu kr\u0101su vai komplekt\u0113sim p\u0113c J\u016bsu v\u0113lm\u0113m.<br \/>\nP\u0113rkot apsild\u0101mu vai izol\u0113tu \u0101ra tualeti, noteikti j\u0101piev\u0113r\u0161 uzman\u012bba kvalit\u0101tei.<br \/>\n\u0112ka s\u0101kas ar jumtu, un mums tas ir izgatavots no cinkotas vai kr\u0101sotas lok\u0161\u0146u met\u0101la.<\/p>\n<h2>Transport\u0113\u0161ana un pacel\u0161ana?<\/h2>\n<p>P\u0113c piem\u0113rota konteinera izv\u0113les varam veikt iepako\u0161anu un transport\u0113\u0161anu.<br \/>\nP\u0101rvad\u0101\u0161anai parasti izmantojam<span>\u00a0<\/span><a href=\"https:\/\/www.miil.ee\/lv\/pakalpojumi\/celtnis\/\">celtnis<\/a><span>\u00a0<\/span>vai<span>\u00a0<\/span><a href=\"https:\/\/www.miil.ee\/lv\/pakalpojumi\/sanu-iekraveji-sideloader\/\">s\u0101nu iekr\u0101v\u0113ju.<\/a><br \/>\nM\u0113s izmantojam<span>\u00a0<\/span><a href=\"https:\/\/www.miil.ee\/lv\/pakalpojumi\/ram-pasizgazejs\/\">RAM backloader<\/a>, lai aptvertu vissare\u017e\u0123\u012bt\u0101k\u0101s vietas.<br \/>\nP\u0113c t\u0101 ieg\u0101des m\u0113s glab\u0101jam j\u016bsu konteineru m\u016bsu termin\u0101l\u012b bez maksas l\u012bdz se\u0161iem m\u0113ne\u0161iem.<br \/>\nVienm\u0113r iesp\u0113jams vienoties par ilg\u0101ku laiku.<br \/>\nPiem\u0113ram, ja vieta v\u0113l nav gatava vai pieejama konteinera pieg\u0101dei.<br \/>\nT\u0101d\u0101 gad\u012bjum\u0101 konteinera cena nemain\u012bsies un var\u0113siet b\u016bt dro\u0161s, ka izv\u0113l\u0113to konteineru sa\u0146emsiet norun\u0101taj\u0101 laik\u0101.<\/p>\n<h2>M\u016bsu tehnolo\u0123ijas ir modernas, un m\u016bsu vad\u012bt\u0101ji ir augsti apm\u0101c\u012bti.<\/h2>\n<p>*J\u016bras konteineru tirdzniec\u012bba<br \/>\n*J\u016bras konteineru noma<br \/>\n*J\u016bras konteineru atg\u016b\u0161ana<br \/>\n*J\u016bras konteineru remonts<br \/>\n*J\u016bras konteineru uzglab\u0101\u0161ana<br \/>\n*Apkures bateriju tirdzniec\u012bba<br \/>\n*Sild\u012bt\u0101ju noma<br \/>\n*Mini m\u0101ju p\u0101rdo\u0161ana<br \/>\n*Iz\u012br\u0113 mini m\u0101jas<br \/>\n*Transports<br \/>\n*Depo serviss<\/p>\n<ul>\n<li>Lab\u0101k\u0101s cenas garantija \u2013 m\u0113s vienm\u0113r pied\u0101v\u0101jam konteineram lab\u0101ko pied\u0101v\u0101jumu.<\/li>\n<\/ul>\n<p>Sekojiet mums\u00a0<a href=\"https:\/\/www.facebook.com\/konteinerveod\/\">Facebook<\/a>\u00a0vai\u00a0<a href=\"https:\/\/www.instagram.com\/ou_miil\/\">Instagram.<\/a><\/p>\n","protected":false},"excerpt":{"rendered":"<p>Containex \u0101ra tualete ar apsild\u0101mu du\u0161u Containex \u0101ra tualete ar apsild\u0101mu du\u0161u Izm\u0113ri 1370&#215;2370, svars ap 750kg. \u0160\u012b tualete ar mazg\u0101\u0161anas iesp\u0113ju ir \u0101trs lielas probl\u0113mas risin\u0101jums. Telpas iek\u0161pus\u0113 ir: * Du\u0161a. * WC\/tualete. * Boileris. * Nepiecie\u0161amais cauru\u013cvads kanaliz\u0101cijai. * Ventil\u0101cija. * Apgaismojums. * elektriskie piesl\u0113gumi. * Izlietne. * Stat\u012bvs. * Aizsl\u0113dzamas \u0101rdurvis. *&#8230;<\/p>\n","protected":false},"featured_media":98407,"comment_status":"closed","ping_status":"closed","template":"","meta":{"_acf_changed":false},"product_cat":[344,412],"product_tag":[],"class_list":{"0":"post-98387","1":"product","2":"type-product","3":"status-publish","4":"has-post-thumbnail","6":"product_cat-vagonini","7":"product_cat-ara-tualetes","9":"first","10":"instock","11":"shipping-taxable","12":"purchasable","13":"product-type-simple"},"acf":[],"yoast_head":"<!-- This site is optimized with the Yoast SEO Premium plugin v23.9 (Yoast SEO v27.5) - https:\/\/yoast.com\/product\/yoast-seo-premium-wordpress\/ -->\n<title>Containex \u0101ra tualete ar apsild\u0101mu du\u0161u<\/title>\n<meta name=\"description\" content=\"Containex \u0101ra tualete ar apsild\u0101mu du\u0161u | Mini m\u0101jas un koted\u017eas | Kaj\u012b\u0161u noma un p\u0101rdo\u0161ana | Transports un remonts | Elektr\u012bbas darbi un apkure\" \/>\n<meta name=\"robots\" content=\"index, follow, max-snippet:-1, max-image-preview:large, max-video-preview:-1\" \/>\n<link rel=\"canonical\" href=\"https:\/\/miil.dev.almic.ee\/lv\/toode\/containex-ara-tualete-ar-apsildamu-dusu-1370x-2370-peleks\/\" \/>\n<meta property=\"og:locale\" content=\"lv_LV\" \/>\n<meta property=\"og:type\" content=\"article\" \/>\n<meta property=\"og:title\" content=\"Containex \u0101ra tualete ar apsild\u0101mu du\u0161u 1370x 2370 pel\u0113ks\" \/>\n<meta property=\"og:description\" content=\"Containex \u0101ra tualete ar apsild\u0101mu du\u0161u | Mini m\u0101jas un koted\u017eas | Kaj\u012b\u0161u noma un p\u0101rdo\u0161ana | Transports un remonts | Elektr\u012bbas darbi un apkure\" \/>\n<meta property=\"og:url\" content=\"https:\/\/miil.dev.almic.ee\/lv\/toode\/containex-ara-tualete-ar-apsildamu-dusu-1370x-2370-peleks\/\" \/>\n<meta property=\"og:site_name\" content=\"Miil O\u00dc\" \/>\n<meta property=\"article:publisher\" content=\"https:\/\/www.facebook.com\/konteinerveod\/\" \/>\n<meta property=\"article:modified_time\" content=\"2025-05-14T12:36:52+00:00\" \/>\n<meta property=\"og:image\" content=\"https:\/\/miil.dev.almic.ee\/wp-content\/uploads\/2025\/05\/Containex-8DC-Sanitary-unit-4-scaled.jpg\" \/>\n\t<meta property=\"og:image:width\" content=\"1900\" \/>\n\t<meta property=\"og:image:height\" content=\"1425\" \/>\n\t<meta property=\"og:image:type\" content=\"image\/jpeg\" \/>\n<meta name=\"twitter:card\" content=\"summary_large_image\" \/>\n<meta name=\"twitter:label1\" content=\"Price\" \/>\n\t<meta name=\"twitter:data1\" content=\"4950,00&nbsp;&euro;\" \/>\n\t<meta name=\"twitter:label2\" content=\"Availability\" \/>\n\t<meta name=\"twitter:data2\" content=\"In stock\" \/>\n<script type=\"application\/ld+json\" class=\"yoast-schema-graph\">{\"@context\":\"https:\\\/\\\/schema.org\",\"@graph\":[{\"@type\":\"WebPage\",\"@id\":\"https:\\\/\\\/miil.dev.almic.ee\\\/lv\\\/toode\\\/containex-ara-tualete-ar-apsildamu-dusu-1370x-2370-peleks\\\/\",\"url\":\"https:\\\/\\\/miil.dev.almic.ee\\\/lv\\\/toode\\\/containex-ara-tualete-ar-apsildamu-dusu-1370x-2370-peleks\\\/\",\"name\":\"Containex \u0101ra tualete ar apsild\u0101mu du\u0161u\",\"isPartOf\":{\"@id\":\"https:\\\/\\\/miil.dev.almic.ee\\\/#website\"},\"primaryImageOfPage\":{\"@id\":\"https:\\\/\\\/miil.dev.almic.ee\\\/lv\\\/toode\\\/containex-ara-tualete-ar-apsildamu-dusu-1370x-2370-peleks\\\/#primaryimage\"},\"image\":{\"@id\":\"https:\\\/\\\/miil.dev.almic.ee\\\/lv\\\/toode\\\/containex-ara-tualete-ar-apsildamu-dusu-1370x-2370-peleks\\\/#primaryimage\"},\"thumbnailUrl\":\"https:\\\/\\\/miil.dev.almic.ee\\\/wp-content\\\/uploads\\\/2025\\\/05\\\/Containex-8DC-Sanitary-unit-4-scaled.jpg\",\"datePublished\":\"2025-05-14T12:31:51+00:00\",\"dateModified\":\"2025-05-14T12:36:52+00:00\",\"description\":\"Containex \u0101ra tualete ar apsild\u0101mu du\u0161u | Mini m\u0101jas un koted\u017eas | Kaj\u012b\u0161u noma un p\u0101rdo\u0161ana | Transports un remonts | Elektr\u012bbas darbi un apkure\",\"breadcrumb\":{\"@id\":\"https:\\\/\\\/miil.dev.almic.ee\\\/lv\\\/toode\\\/containex-ara-tualete-ar-apsildamu-dusu-1370x-2370-peleks\\\/#breadcrumb\"},\"inLanguage\":\"lv-LV\",\"potentialAction\":[{\"@type\":\"ReadAction\",\"target\":[\"https:\\\/\\\/miil.dev.almic.ee\\\/lv\\\/toode\\\/containex-ara-tualete-ar-apsildamu-dusu-1370x-2370-peleks\\\/\"]}]},{\"@type\":\"ImageObject\",\"inLanguage\":\"lv-LV\",\"@id\":\"https:\\\/\\\/miil.dev.almic.ee\\\/lv\\\/toode\\\/containex-ara-tualete-ar-apsildamu-dusu-1370x-2370-peleks\\\/#primaryimage\",\"url\":\"https:\\\/\\\/miil.dev.almic.ee\\\/wp-content\\\/uploads\\\/2025\\\/05\\\/Containex-8DC-Sanitary-unit-4-scaled.jpg\",\"contentUrl\":\"https:\\\/\\\/miil.dev.almic.ee\\\/wp-content\\\/uploads\\\/2025\\\/05\\\/Containex-8DC-Sanitary-unit-4-scaled.jpg\",\"width\":1900,\"height\":1425},{\"@type\":\"BreadcrumbList\",\"@id\":\"https:\\\/\\\/miil.dev.almic.ee\\\/lv\\\/toode\\\/containex-ara-tualete-ar-apsildamu-dusu-1370x-2370-peleks\\\/#breadcrumb\",\"itemListElement\":[{\"@type\":\"ListItem\",\"position\":1,\"name\":\"Home\",\"item\":\"https:\\\/\\\/miil.dev.almic.ee\\\/lv\\\/\"},{\"@type\":\"ListItem\",\"position\":2,\"name\":\"Veikals\",\"item\":\"https:\\\/\\\/miil.dev.almic.ee\\\/lv\\\/veikals\\\/\"},{\"@type\":\"ListItem\",\"position\":3,\"name\":\"Containex \u0101ra tualete ar apsild\u0101mu du\u0161u 1370x 2370 pel\u0113ks\"}]},{\"@type\":\"WebSite\",\"@id\":\"https:\\\/\\\/miil.dev.almic.ee\\\/#website\",\"url\":\"https:\\\/\\\/miil.dev.almic.ee\\\/\",\"name\":\"Miil O\u00dc\",\"description\":\"Konteinerveod\",\"publisher\":{\"@id\":\"https:\\\/\\\/miil.dev.almic.ee\\\/#organization\"},\"potentialAction\":[{\"@type\":\"SearchAction\",\"target\":{\"@type\":\"EntryPoint\",\"urlTemplate\":\"https:\\\/\\\/miil.dev.almic.ee\\\/?s={search_term_string}\"},\"query-input\":{\"@type\":\"PropertyValueSpecification\",\"valueRequired\":true,\"valueName\":\"search_term_string\"}}],\"inLanguage\":\"lv-LV\"},{\"@type\":\"Organization\",\"@id\":\"https:\\\/\\\/miil.dev.almic.ee\\\/#organization\",\"name\":\"Miil O\u00dc\",\"url\":\"https:\\\/\\\/miil.dev.almic.ee\\\/\",\"logo\":{\"@type\":\"ImageObject\",\"inLanguage\":\"lv-LV\",\"@id\":\"https:\\\/\\\/miil.dev.almic.ee\\\/#\\\/schema\\\/logo\\\/image\\\/\",\"url\":\"https:\\\/\\\/www.miil.ee\\\/wp-content\\\/uploads\\\/2022\\\/02\\\/Miil-logo.svg\",\"contentUrl\":\"https:\\\/\\\/www.miil.ee\\\/wp-content\\\/uploads\\\/2022\\\/02\\\/Miil-logo.svg\",\"width\":\"1024\",\"height\":\"1024\",\"caption\":\"Miil O\u00dc\"},\"image\":{\"@id\":\"https:\\\/\\\/miil.dev.almic.ee\\\/#\\\/schema\\\/logo\\\/image\\\/\"},\"sameAs\":[\"https:\\\/\\\/www.facebook.com\\\/konteinerveod\\\/\",\"https:\\\/\\\/www.instagram.com\\\/ou_miil\\\/\"]}]}<\/script>\n<meta property=\"product:price:amount\" content=\"4950.00\" \/>\n<meta property=\"product:price:currency\" content=\"EUR\" \/>\n<meta property=\"og:availability\" content=\"instock\" \/>\n<meta property=\"product:availability\" content=\"instock\" \/>\n<meta property=\"product:condition\" content=\"new\" \/>\n<!-- \/ Yoast SEO Premium plugin. -->","yoast_head_json":{"title":"Containex \u0101ra tualete ar apsild\u0101mu du\u0161u","description":"Containex \u0101ra tualete ar apsild\u0101mu du\u0161u | Mini m\u0101jas un koted\u017eas | Kaj\u012b\u0161u noma un p\u0101rdo\u0161ana | Transports un remonts | Elektr\u012bbas darbi un apkure","robots":{"index":"index","follow":"follow","max-snippet":"max-snippet:-1","max-image-preview":"max-image-preview:large","max-video-preview":"max-video-preview:-1"},"canonical":"https:\/\/miil.dev.almic.ee\/lv\/toode\/containex-ara-tualete-ar-apsildamu-dusu-1370x-2370-peleks\/","og_locale":"lv_LV","og_type":"article","og_title":"Containex \u0101ra tualete ar apsild\u0101mu du\u0161u 1370x 2370 pel\u0113ks","og_description":"Containex \u0101ra tualete ar apsild\u0101mu du\u0161u | Mini m\u0101jas un koted\u017eas | Kaj\u012b\u0161u noma un p\u0101rdo\u0161ana | Transports un remonts | Elektr\u012bbas darbi un apkure","og_url":"https:\/\/miil.dev.almic.ee\/lv\/toode\/containex-ara-tualete-ar-apsildamu-dusu-1370x-2370-peleks\/","og_site_name":"Miil O\u00dc","article_publisher":"https:\/\/www.facebook.com\/konteinerveod\/","article_modified_time":"2025-05-14T12:36:52+00:00","og_image":[{"width":1900,"height":1425,"url":"https:\/\/miil.dev.almic.ee\/wp-content\/uploads\/2025\/05\/Containex-8DC-Sanitary-unit-4-scaled.jpg","type":"image\/jpeg"}],"twitter_card":"summary_large_image","twitter_misc":{"Price":"4950,00&nbsp;&euro;","Availability":"In stock"},"schema":{"@context":"https:\/\/schema.org","@graph":[{"@type":"WebPage","@id":"https:\/\/miil.dev.almic.ee\/lv\/toode\/containex-ara-tualete-ar-apsildamu-dusu-1370x-2370-peleks\/","url":"https:\/\/miil.dev.almic.ee\/lv\/toode\/containex-ara-tualete-ar-apsildamu-dusu-1370x-2370-peleks\/","name":"Containex \u0101ra tualete ar apsild\u0101mu du\u0161u","isPartOf":{"@id":"https:\/\/miil.dev.almic.ee\/#website"},"primaryImageOfPage":{"@id":"https:\/\/miil.dev.almic.ee\/lv\/toode\/containex-ara-tualete-ar-apsildamu-dusu-1370x-2370-peleks\/#primaryimage"},"image":{"@id":"https:\/\/miil.dev.almic.ee\/lv\/toode\/containex-ara-tualete-ar-apsildamu-dusu-1370x-2370-peleks\/#primaryimage"},"thumbnailUrl":"https:\/\/miil.dev.almic.ee\/wp-content\/uploads\/2025\/05\/Containex-8DC-Sanitary-unit-4-scaled.jpg","datePublished":"2025-05-14T12:31:51+00:00","dateModified":"2025-05-14T12:36:52+00:00","description":"Containex \u0101ra tualete ar apsild\u0101mu du\u0161u | Mini m\u0101jas un koted\u017eas | Kaj\u012b\u0161u noma un p\u0101rdo\u0161ana | Transports un remonts | Elektr\u012bbas darbi un apkure","breadcrumb":{"@id":"https:\/\/miil.dev.almic.ee\/lv\/toode\/containex-ara-tualete-ar-apsildamu-dusu-1370x-2370-peleks\/#breadcrumb"},"inLanguage":"lv-LV","potentialAction":[{"@type":"ReadAction","target":["https:\/\/miil.dev.almic.ee\/lv\/toode\/containex-ara-tualete-ar-apsildamu-dusu-1370x-2370-peleks\/"]}]},{"@type":"ImageObject","inLanguage":"lv-LV","@id":"https:\/\/miil.dev.almic.ee\/lv\/toode\/containex-ara-tualete-ar-apsildamu-dusu-1370x-2370-peleks\/#primaryimage","url":"https:\/\/miil.dev.almic.ee\/wp-content\/uploads\/2025\/05\/Containex-8DC-Sanitary-unit-4-scaled.jpg","contentUrl":"https:\/\/miil.dev.almic.ee\/wp-content\/uploads\/2025\/05\/Containex-8DC-Sanitary-unit-4-scaled.jpg","width":1900,"height":1425},{"@type":"BreadcrumbList","@id":"https:\/\/miil.dev.almic.ee\/lv\/toode\/containex-ara-tualete-ar-apsildamu-dusu-1370x-2370-peleks\/#breadcrumb","itemListElement":[{"@type":"ListItem","position":1,"name":"Home","item":"https:\/\/miil.dev.almic.ee\/lv\/"},{"@type":"ListItem","position":2,"name":"Veikals","item":"https:\/\/miil.dev.almic.ee\/lv\/veikals\/"},{"@type":"ListItem","position":3,"name":"Containex \u0101ra tualete ar apsild\u0101mu du\u0161u 1370x 2370 pel\u0113ks"}]},{"@type":"WebSite","@id":"https:\/\/miil.dev.almic.ee\/#website","url":"https:\/\/miil.dev.almic.ee\/","name":"Miil O\u00dc","description":"Konteinerveod","publisher":{"@id":"https:\/\/miil.dev.almic.ee\/#organization"},"potentialAction":[{"@type":"SearchAction","target":{"@type":"EntryPoint","urlTemplate":"https:\/\/miil.dev.almic.ee\/?s={search_term_string}"},"query-input":{"@type":"PropertyValueSpecification","valueRequired":true,"valueName":"search_term_string"}}],"inLanguage":"lv-LV"},{"@type":"Organization","@id":"https:\/\/miil.dev.almic.ee\/#organization","name":"Miil O\u00dc","url":"https:\/\/miil.dev.almic.ee\/","logo":{"@type":"ImageObject","inLanguage":"lv-LV","@id":"https:\/\/miil.dev.almic.ee\/#\/schema\/logo\/image\/","url":"https:\/\/www.miil.ee\/wp-content\/uploads\/2022\/02\/Miil-logo.svg","contentUrl":"https:\/\/www.miil.ee\/wp-content\/uploads\/2022\/02\/Miil-logo.svg","width":"1024","height":"1024","caption":"Miil O\u00dc"},"image":{"@id":"https:\/\/miil.dev.almic.ee\/#\/schema\/logo\/image\/"},"sameAs":["https:\/\/www.facebook.com\/konteinerveod\/","https:\/\/www.instagram.com\/ou_miil\/"]}]},"product_price_amount":"4950.00","product_price_currency":"EUR","og_availability":"instock","product_availability":"instock","product_condition":"new"},"_links":{"self":[{"href":"https:\/\/miil.dev.almic.ee\/lv\/wp-json\/wp\/v2\/product\/98387","targetHints":{"allow":["GET"]}}],"collection":[{"href":"https:\/\/miil.dev.almic.ee\/lv\/wp-json\/wp\/v2\/product"}],"about":[{"href":"https:\/\/miil.dev.almic.ee\/lv\/wp-json\/wp\/v2\/types\/product"}],"replies":[{"embeddable":true,"href":"https:\/\/miil.dev.almic.ee\/lv\/wp-json\/wp\/v2\/comments?post=98387"}],"wp:featuredmedia":[{"embeddable":true,"href":"https:\/\/miil.dev.almic.ee\/lv\/wp-json\/wp\/v2\/media\/98407"}],"wp:attachment":[{"href":"https:\/\/miil.dev.almic.ee\/lv\/wp-json\/wp\/v2\/media?parent=98387"}],"wp:term":[{"taxonomy":"product_cat","embeddable":true,"href":"https:\/\/miil.dev.almic.ee\/lv\/wp-json\/wp\/v2\/product_cat?post=98387"},{"taxonomy":"product_tag","embeddable":true,"href":"https:\/\/miil.dev.almic.ee\/lv\/wp-json\/wp\/v2\/product_tag?post=98387"}],"curies":[{"name":"wp","href":"https:\/\/api.w.org\/{rel}","templated":true}]}}