{"id":93244,"date":"2025-04-03T09:59:57","date_gmt":"2025-04-03T06:59:58","guid":{"rendered":"https:\/\/www.miil.ee\/?post_type=product&#038;p=93244"},"modified":"2025-04-08T12:04:40","modified_gmt":"2025-04-08T09:04:40","slug":"kabines-ramis","status":"publish","type":"product","link":"https:\/\/miil.dev.almic.ee\/lv\/toode\/kabines-ramis\/","title":{"rendered":"Kab\u012bnes r\u0101mis"},"content":{"rendered":"<h1>Kab\u012bnes r\u0101mis<\/h1>\n<p>Salona r\u0101mis ir ide\u0101li piem\u0113rots da\u017e\u0101diem projektiem un p\u0101rveidojumiem. Neatkar\u012bgi no t\u0101, vai tas ir r\u0101mis rekl\u0101mas laukumam, konteineru m\u0101jas izveide vai piel\u0101gotas kab\u012bnes celtniec\u012bba.<\/p>\n<p>Izmantojot r\u0101mi, nevis parastu transport\u0113\u0161anas konteineru, j\u016bs ietaup\u0101t laiku un p\u016bles, no\u0146emot sienas un varat \u0101tr\u0101k s\u0101kt darbu.<\/p>\n<p>Konstrukcija ir izveidota, izmantojot skr\u016bvju savienojumus, kas tai dod priek\u0161roc\u012bbas sal\u012bdzin\u0101jum\u0101 ar metin\u0101\u0161anu, jo t\u0101 ir stipr\u0101ka.<\/p>\n<p>R\u0101mim ir CE mar\u0137\u0113jums, kas nor\u0101da, ka prece atbilst Eiropas kvalit\u0101tes pras\u012bb\u0101m.<\/p>\n<ul>\n<li>Att\u0113li atbilst reklam\u0113tajai precei.<\/li>\n<li>R\u0101mis ir izgatavots no laikapst\u0101k\u013ciem iztur\u012bga t\u0113rauda<\/li>\n<li>Lab\u0101k\u0101s cenas garantija!<\/li>\n<\/ul>\n<p>6 metrus gar\u0161, 2,44 metrus plats un 2,6 metrus augsts.<\/p>\n<h2>Containex Basic Anthracite &#8211; MIIU0909 &#8211; Koted\u017ea un mini m\u0101ja<\/h2>\n<p>Containex Basic Anthracite &#8211; MIIU0909 &#8211; Siltin\u0101t\u0101 kab\u012bne vairs nav tikai pagaidu \u0113ka b\u016bvlaukum\u0101, m\u016bsdien\u012bgas augstas kvalit\u0101tes kab\u012bnes ar skr\u016bvju savienojumiem ir lieliski piem\u0113rotas vasarn\u012bcai vai komercplat\u012bb\u0101m.<\/p>\n<p>Gatavai mini m\u0101ji\u0146ai nav nepiecie\u0161ami ne pamati, ne celtnieks \u2013 pas\u016bti un izbaudi?<\/p>\n<p>Uzst\u0101d\u012b\u0161ana aiz\u0146em maz\u0101k nek\u0101 30 min\u016btes, un m\u0101ja var p\u0101rdot gatavu risin\u0101jumu, kas noz\u012bm\u0113, ka to var pieg\u0101d\u0101t taj\u0101 pa\u0161\u0101 dien\u0101.<br \/>\nJa v\u0113laties izv\u0113l\u0113ties loga vai durvju atra\u0161an\u0101s vietu, tas pras\u012bs nedaudz vair\u0101k laika.<\/p>\n<p>Papildus siltin\u0101\u0161anai, ja nepiecie\u0161ams, izb\u016bv\u0113jam starpsienas, uzst\u0101d\u0101m ru\u013c\u013cdurvis, metin\u0101m vai projekt\u0113jam Jums piem\u0113rotu rekl\u0101mas konteineru.<br \/>\nKab\u012bne ar ru\u013c\u013cdurv\u012bm atverama manu\u0101li, par papildus samaksu varam uzst\u0101d\u012bt motora vad\u012bbu no pults, koda vai lietotnes.<\/p>\n<h2>Pirkt vai \u012br\u0113t?<\/h2>\n<p>Papildus tirdzniec\u012bbai m\u0113s ar\u012b nom\u0101jam kaj\u012btes.<br \/>\nContainex Basic ir ide\u0101ls variants, ja jums ir nepiecie\u0161ama kaj\u012bte \u012bslaic\u012bgai izmanto\u0161anai celtniec\u012bb\u0101 vai ar\u012b k\u0101 sezonas koted\u017ea, birojs vai tirdzniec\u012bbas vieta.<br \/>\nKaj\u012b\u0161u noma ir garant\u0113ta un katram klientam varam atrast piem\u0113rotu risin\u0101jumu.<\/p>\n<p>Pie mums var \u012br\u0113t ar\u012b panor\u0101mas logus, koka m\u0101jas vai parast\u0101s silt\u0101s m\u0101jas un mini m\u0101jas.<br \/>\nM\u0113s pieg\u0101d\u0101jam sild\u012bt\u0101ju un uzst\u0101d\u0101m to p\u0113c klienta v\u0113lm\u0113m.<\/p>\n<p>Pied\u0101v\u0101jam pla\u0161as sadarb\u012bbas iesp\u0113jas, piem\u0113ram, nesezonas uzglab\u0101\u0161anai da\u017e\u0101d\u0101s pils\u0113t\u0101s. P\u0113rc tagad, maks\u0101 v\u0113l\u0101k, izmantojot Inbank.ee ar atlaides kodu &#8220;Konteiner&#8221;.<\/p>\n<p>Ja jums ir nepiecie\u0161ams viena, divst\u0101vu vai vair\u0101ku st\u0101vu risin\u0101jums, j\u016bs esat non\u0101cis \u012bstaj\u0101 viet\u0101!<br \/>\nNeviens projekts mums nav par lielu vai mazu, dro\u0161i jaut\u0101jiet un m\u0113s sadarb\u012bb\u0101 atrad\u012bsim lab\u0101ko risin\u0101jumu.<\/p>\n<p>Parasti transport\u0113\u0161anai izmantojam celtni vai s\u0101nu iekr\u0101v\u0113ju.<br \/>\nSare\u017e\u0123\u012bt\u0101kas vietas risin\u0101m ar auto piekabes pal\u012bdz\u012bbu.<\/p>\n<p>Sekojiet mums\u00a0<a href=\"https:\/\/www.facebook.com\/konteinerveod\/\">Facebook<\/a>\u00a0vai\u00a0<a href=\"https:\/\/www.instagram.com\/ou_miil\/\">Instagram<\/a><\/p>\n","protected":false},"excerpt":{"rendered":"<p>Salona r\u0101mis ir ide\u0101li piem\u0113rots da\u017e\u0101diem projektiem un p\u0101rveidojumiem. Neatkar\u012bgi no t\u0101, vai tas ir r\u0101mis rekl\u0101mas laukumam, konteineru m\u0101jas izveide vai piel\u0101gotas kab\u012bnes celtniec\u012bba. Izmantojot r\u0101mi, nevis parastu transport\u0113\u0161anas konteineru, j\u016bs ietaup\u0101t laiku un p\u016bles, no\u0146emot sienas un varat \u0101tr\u0101k s\u0101kt darbu.<\/p>\n","protected":false},"featured_media":93250,"comment_status":"closed","ping_status":"closed","template":"","meta":{"_acf_changed":false},"product_cat":[344,408],"product_tag":[],"class_list":{"0":"post-93244","1":"product","2":"type-product","3":"status-publish","4":"has-post-thumbnail","6":"product_cat-vagonini","7":"product_cat-jauni-vagonini","9":"first","10":"instock","11":"shipping-taxable","12":"purchasable","13":"product-type-simple"},"acf":[],"yoast_head":"<!-- This site is optimized with the Yoast SEO Premium plugin v23.9 (Yoast SEO v27.5) - https:\/\/yoast.com\/product\/yoast-seo-premium-wordpress\/ -->\n<title>kab\u012bnes r\u0101mis - Miil O\u00dc<\/title>\n<meta name=\"description\" content=\"kab\u012bnes r\u0101mis | Containex | Mini m\u0101jas un koted\u017eas | Kaj\u012b\u0161u noma un p\u0101rdo\u0161ana | Transports un remonts | Elektr\u012bbas darbi un apkure\" \/>\n<meta name=\"robots\" content=\"index, follow, max-snippet:-1, max-image-preview:large, max-video-preview:-1\" \/>\n<link rel=\"canonical\" href=\"https:\/\/miil.dev.almic.ee\/lv\/toode\/kabines-ramis\/\" \/>\n<meta property=\"og:locale\" content=\"lv_LV\" \/>\n<meta property=\"og:type\" content=\"article\" \/>\n<meta property=\"og:title\" content=\"Kab\u012bnes r\u0101mis\" \/>\n<meta property=\"og:description\" content=\"kab\u012bnes r\u0101mis | Containex | Mini m\u0101jas un koted\u017eas | Kaj\u012b\u0161u noma un p\u0101rdo\u0161ana | Transports un remonts | Elektr\u012bbas darbi un apkure\" \/>\n<meta property=\"og:url\" content=\"https:\/\/miil.dev.almic.ee\/lv\/toode\/kabines-ramis\/\" \/>\n<meta property=\"og:site_name\" content=\"Miil O\u00dc\" \/>\n<meta property=\"article:publisher\" content=\"https:\/\/www.facebook.com\/konteinerveod\/\" \/>\n<meta property=\"article:modified_time\" content=\"2025-04-08T09:04:40+00:00\" \/>\n<meta property=\"og:image\" content=\"https:\/\/miil.dev.almic.ee\/wp-content\/uploads\/2025\/04\/Containex-Soojaku-raam-1-scaled.jpg\" \/>\n\t<meta property=\"og:image:width\" content=\"1900\" \/>\n\t<meta property=\"og:image:height\" content=\"1425\" \/>\n\t<meta property=\"og:image:type\" content=\"image\/jpeg\" \/>\n<meta name=\"twitter:card\" content=\"summary_large_image\" \/>\n<meta name=\"twitter:label1\" content=\"Price\" \/>\n\t<meta name=\"twitter:data1\" content=\"3490,00&nbsp;&euro;\" \/>\n\t<meta name=\"twitter:label2\" content=\"Availability\" \/>\n\t<meta name=\"twitter:data2\" content=\"In stock\" \/>\n<script type=\"application\/ld+json\" class=\"yoast-schema-graph\">{\"@context\":\"https:\\\/\\\/schema.org\",\"@graph\":[{\"@type\":\"WebPage\",\"@id\":\"https:\\\/\\\/miil.dev.almic.ee\\\/lv\\\/toode\\\/kabines-ramis\\\/\",\"url\":\"https:\\\/\\\/miil.dev.almic.ee\\\/lv\\\/toode\\\/kabines-ramis\\\/\",\"name\":\"kab\u012bnes r\u0101mis - Miil O\u00dc\",\"isPartOf\":{\"@id\":\"https:\\\/\\\/miil.dev.almic.ee\\\/#website\"},\"primaryImageOfPage\":{\"@id\":\"https:\\\/\\\/miil.dev.almic.ee\\\/lv\\\/toode\\\/kabines-ramis\\\/#primaryimage\"},\"image\":{\"@id\":\"https:\\\/\\\/miil.dev.almic.ee\\\/lv\\\/toode\\\/kabines-ramis\\\/#primaryimage\"},\"thumbnailUrl\":\"https:\\\/\\\/miil.dev.almic.ee\\\/wp-content\\\/uploads\\\/2025\\\/04\\\/Containex-Soojaku-raam-1-scaled.jpg\",\"datePublished\":\"2025-04-03T06:59:58+00:00\",\"dateModified\":\"2025-04-08T09:04:40+00:00\",\"description\":\"kab\u012bnes r\u0101mis | Containex | Mini m\u0101jas un koted\u017eas | Kaj\u012b\u0161u noma un p\u0101rdo\u0161ana | Transports un remonts | Elektr\u012bbas darbi un apkure\",\"breadcrumb\":{\"@id\":\"https:\\\/\\\/miil.dev.almic.ee\\\/lv\\\/toode\\\/kabines-ramis\\\/#breadcrumb\"},\"inLanguage\":\"lv-LV\",\"potentialAction\":[{\"@type\":\"ReadAction\",\"target\":[\"https:\\\/\\\/miil.dev.almic.ee\\\/lv\\\/toode\\\/kabines-ramis\\\/\"]}]},{\"@type\":\"ImageObject\",\"inLanguage\":\"lv-LV\",\"@id\":\"https:\\\/\\\/miil.dev.almic.ee\\\/lv\\\/toode\\\/kabines-ramis\\\/#primaryimage\",\"url\":\"https:\\\/\\\/miil.dev.almic.ee\\\/wp-content\\\/uploads\\\/2025\\\/04\\\/Containex-Soojaku-raam-1-scaled.jpg\",\"contentUrl\":\"https:\\\/\\\/miil.dev.almic.ee\\\/wp-content\\\/uploads\\\/2025\\\/04\\\/Containex-Soojaku-raam-1-scaled.jpg\",\"width\":1900,\"height\":1425},{\"@type\":\"BreadcrumbList\",\"@id\":\"https:\\\/\\\/miil.dev.almic.ee\\\/lv\\\/toode\\\/kabines-ramis\\\/#breadcrumb\",\"itemListElement\":[{\"@type\":\"ListItem\",\"position\":1,\"name\":\"Home\",\"item\":\"https:\\\/\\\/miil.dev.almic.ee\\\/lv\\\/\"},{\"@type\":\"ListItem\",\"position\":2,\"name\":\"Veikals\",\"item\":\"https:\\\/\\\/miil.dev.almic.ee\\\/lv\\\/veikals\\\/\"},{\"@type\":\"ListItem\",\"position\":3,\"name\":\"Kab\u012bnes r\u0101mis\"}]},{\"@type\":\"WebSite\",\"@id\":\"https:\\\/\\\/miil.dev.almic.ee\\\/#website\",\"url\":\"https:\\\/\\\/miil.dev.almic.ee\\\/\",\"name\":\"Miil O\u00dc\",\"description\":\"Konteinerveod\",\"publisher\":{\"@id\":\"https:\\\/\\\/miil.dev.almic.ee\\\/#organization\"},\"potentialAction\":[{\"@type\":\"SearchAction\",\"target\":{\"@type\":\"EntryPoint\",\"urlTemplate\":\"https:\\\/\\\/miil.dev.almic.ee\\\/?s={search_term_string}\"},\"query-input\":{\"@type\":\"PropertyValueSpecification\",\"valueRequired\":true,\"valueName\":\"search_term_string\"}}],\"inLanguage\":\"lv-LV\"},{\"@type\":\"Organization\",\"@id\":\"https:\\\/\\\/miil.dev.almic.ee\\\/#organization\",\"name\":\"Miil O\u00dc\",\"url\":\"https:\\\/\\\/miil.dev.almic.ee\\\/\",\"logo\":{\"@type\":\"ImageObject\",\"inLanguage\":\"lv-LV\",\"@id\":\"https:\\\/\\\/miil.dev.almic.ee\\\/#\\\/schema\\\/logo\\\/image\\\/\",\"url\":\"https:\\\/\\\/www.miil.ee\\\/wp-content\\\/uploads\\\/2022\\\/02\\\/Miil-logo.svg\",\"contentUrl\":\"https:\\\/\\\/www.miil.ee\\\/wp-content\\\/uploads\\\/2022\\\/02\\\/Miil-logo.svg\",\"width\":\"1024\",\"height\":\"1024\",\"caption\":\"Miil O\u00dc\"},\"image\":{\"@id\":\"https:\\\/\\\/miil.dev.almic.ee\\\/#\\\/schema\\\/logo\\\/image\\\/\"},\"sameAs\":[\"https:\\\/\\\/www.facebook.com\\\/konteinerveod\\\/\",\"https:\\\/\\\/www.instagram.com\\\/ou_miil\\\/\"]}]}<\/script>\n<meta property=\"product:price:amount\" content=\"3490.00\" \/>\n<meta property=\"product:price:currency\" content=\"EUR\" \/>\n<meta property=\"og:availability\" content=\"instock\" \/>\n<meta property=\"product:availability\" content=\"instock\" \/>\n<meta property=\"product:retailer_item_id\" content=\"MIIU2047801\" \/>\n<meta property=\"product:condition\" content=\"new\" \/>\n<!-- \/ Yoast SEO Premium plugin. -->","yoast_head_json":{"title":"kab\u012bnes r\u0101mis - Miil O\u00dc","description":"kab\u012bnes r\u0101mis | Containex | Mini m\u0101jas un koted\u017eas | Kaj\u012b\u0161u noma un p\u0101rdo\u0161ana | Transports un remonts | Elektr\u012bbas darbi un apkure","robots":{"index":"index","follow":"follow","max-snippet":"max-snippet:-1","max-image-preview":"max-image-preview:large","max-video-preview":"max-video-preview:-1"},"canonical":"https:\/\/miil.dev.almic.ee\/lv\/toode\/kabines-ramis\/","og_locale":"lv_LV","og_type":"article","og_title":"Kab\u012bnes r\u0101mis","og_description":"kab\u012bnes r\u0101mis | Containex | Mini m\u0101jas un koted\u017eas | Kaj\u012b\u0161u noma un p\u0101rdo\u0161ana | Transports un remonts | Elektr\u012bbas darbi un apkure","og_url":"https:\/\/miil.dev.almic.ee\/lv\/toode\/kabines-ramis\/","og_site_name":"Miil O\u00dc","article_publisher":"https:\/\/www.facebook.com\/konteinerveod\/","article_modified_time":"2025-04-08T09:04:40+00:00","og_image":[{"width":1900,"height":1425,"url":"https:\/\/miil.dev.almic.ee\/wp-content\/uploads\/2025\/04\/Containex-Soojaku-raam-1-scaled.jpg","type":"image\/jpeg"}],"twitter_card":"summary_large_image","twitter_misc":{"Price":"3490,00&nbsp;&euro;","Availability":"In stock"},"schema":{"@context":"https:\/\/schema.org","@graph":[{"@type":"WebPage","@id":"https:\/\/miil.dev.almic.ee\/lv\/toode\/kabines-ramis\/","url":"https:\/\/miil.dev.almic.ee\/lv\/toode\/kabines-ramis\/","name":"kab\u012bnes r\u0101mis - Miil O\u00dc","isPartOf":{"@id":"https:\/\/miil.dev.almic.ee\/#website"},"primaryImageOfPage":{"@id":"https:\/\/miil.dev.almic.ee\/lv\/toode\/kabines-ramis\/#primaryimage"},"image":{"@id":"https:\/\/miil.dev.almic.ee\/lv\/toode\/kabines-ramis\/#primaryimage"},"thumbnailUrl":"https:\/\/miil.dev.almic.ee\/wp-content\/uploads\/2025\/04\/Containex-Soojaku-raam-1-scaled.jpg","datePublished":"2025-04-03T06:59:58+00:00","dateModified":"2025-04-08T09:04:40+00:00","description":"kab\u012bnes r\u0101mis | Containex | Mini m\u0101jas un koted\u017eas | Kaj\u012b\u0161u noma un p\u0101rdo\u0161ana | Transports un remonts | Elektr\u012bbas darbi un apkure","breadcrumb":{"@id":"https:\/\/miil.dev.almic.ee\/lv\/toode\/kabines-ramis\/#breadcrumb"},"inLanguage":"lv-LV","potentialAction":[{"@type":"ReadAction","target":["https:\/\/miil.dev.almic.ee\/lv\/toode\/kabines-ramis\/"]}]},{"@type":"ImageObject","inLanguage":"lv-LV","@id":"https:\/\/miil.dev.almic.ee\/lv\/toode\/kabines-ramis\/#primaryimage","url":"https:\/\/miil.dev.almic.ee\/wp-content\/uploads\/2025\/04\/Containex-Soojaku-raam-1-scaled.jpg","contentUrl":"https:\/\/miil.dev.almic.ee\/wp-content\/uploads\/2025\/04\/Containex-Soojaku-raam-1-scaled.jpg","width":1900,"height":1425},{"@type":"BreadcrumbList","@id":"https:\/\/miil.dev.almic.ee\/lv\/toode\/kabines-ramis\/#breadcrumb","itemListElement":[{"@type":"ListItem","position":1,"name":"Home","item":"https:\/\/miil.dev.almic.ee\/lv\/"},{"@type":"ListItem","position":2,"name":"Veikals","item":"https:\/\/miil.dev.almic.ee\/lv\/veikals\/"},{"@type":"ListItem","position":3,"name":"Kab\u012bnes r\u0101mis"}]},{"@type":"WebSite","@id":"https:\/\/miil.dev.almic.ee\/#website","url":"https:\/\/miil.dev.almic.ee\/","name":"Miil O\u00dc","description":"Konteinerveod","publisher":{"@id":"https:\/\/miil.dev.almic.ee\/#organization"},"potentialAction":[{"@type":"SearchAction","target":{"@type":"EntryPoint","urlTemplate":"https:\/\/miil.dev.almic.ee\/?s={search_term_string}"},"query-input":{"@type":"PropertyValueSpecification","valueRequired":true,"valueName":"search_term_string"}}],"inLanguage":"lv-LV"},{"@type":"Organization","@id":"https:\/\/miil.dev.almic.ee\/#organization","name":"Miil O\u00dc","url":"https:\/\/miil.dev.almic.ee\/","logo":{"@type":"ImageObject","inLanguage":"lv-LV","@id":"https:\/\/miil.dev.almic.ee\/#\/schema\/logo\/image\/","url":"https:\/\/www.miil.ee\/wp-content\/uploads\/2022\/02\/Miil-logo.svg","contentUrl":"https:\/\/www.miil.ee\/wp-content\/uploads\/2022\/02\/Miil-logo.svg","width":"1024","height":"1024","caption":"Miil O\u00dc"},"image":{"@id":"https:\/\/miil.dev.almic.ee\/#\/schema\/logo\/image\/"},"sameAs":["https:\/\/www.facebook.com\/konteinerveod\/","https:\/\/www.instagram.com\/ou_miil\/"]}]},"product_price_amount":"3490.00","product_price_currency":"EUR","og_availability":"instock","product_availability":"instock","product_retailer_item_id":"MIIU2047801","product_condition":"new"},"_links":{"self":[{"href":"https:\/\/miil.dev.almic.ee\/lv\/wp-json\/wp\/v2\/product\/93244","targetHints":{"allow":["GET"]}}],"collection":[{"href":"https:\/\/miil.dev.almic.ee\/lv\/wp-json\/wp\/v2\/product"}],"about":[{"href":"https:\/\/miil.dev.almic.ee\/lv\/wp-json\/wp\/v2\/types\/product"}],"replies":[{"embeddable":true,"href":"https:\/\/miil.dev.almic.ee\/lv\/wp-json\/wp\/v2\/comments?post=93244"}],"wp:featuredmedia":[{"embeddable":true,"href":"https:\/\/miil.dev.almic.ee\/lv\/wp-json\/wp\/v2\/media\/93250"}],"wp:attachment":[{"href":"https:\/\/miil.dev.almic.ee\/lv\/wp-json\/wp\/v2\/media?parent=93244"}],"wp:term":[{"taxonomy":"product_cat","embeddable":true,"href":"https:\/\/miil.dev.almic.ee\/lv\/wp-json\/wp\/v2\/product_cat?post=93244"},{"taxonomy":"product_tag","embeddable":true,"href":"https:\/\/miil.dev.almic.ee\/lv\/wp-json\/wp\/v2\/product_tag?post=93244"}],"curies":[{"name":"wp","href":"https:\/\/api.w.org\/{rel}","templated":true}]}}