{"id":91942,"date":"2025-03-26T12:33:30","date_gmt":"2025-03-26T10:33:31","guid":{"rendered":"https:\/\/www.miil.ee\/?post_type=product&#038;p=91942"},"modified":"2025-04-08T12:38:42","modified_gmt":"2025-04-08T09:38:42","slug":"juras-konteinera-modifikacija-luku-un-durvju-pievienosana","status":"publish","type":"product","link":"https:\/\/miil.dev.almic.ee\/lv\/toode\/juras-konteinera-modifikacija-luku-un-durvju-pievienosana\/","title":{"rendered":"J\u016bras konteinera modifik\u0101cija &#8211; l\u016bku un durvju pievieno\u0161ana"},"content":{"rendered":"<h1><strong>40DC j\u016bras konteinera p\u0101rveido\u0161ana: l\u016bku un durvju pievieno\u0161ana funkcion\u0101lai telpai<\/strong><\/h1>\n<p>40 p\u0113du (40DC) j\u016bras konteiners ir lieliska b\u0101ze daudzfunkcion\u0101las \u0101ra telpas izveidei. Neatkar\u012bgi no t\u0101, vai pl\u0101nojat to p\u0101rveidot par p\u0101rvietojamu kafejn\u012bcu, \u0113din\u0101\u0161anas vien\u012bbu, tirdzniec\u012bbas stendu vai nomas punktu, strat\u0113\u0123iskas modifik\u0101cijas, piem\u0113ram, l\u016bku un durvju pievieno\u0161ana, var maksim\u0101li palielin\u0101t funkcionalit\u0101ti, vienlaikus saglab\u0101jot iztur\u012bbu un dro\u0161\u012bbu.<\/p>\n<p>&nbsp;<\/p>\n<p class=\"\" data-start=\"0\" data-end=\"89\">Past\u0101stiet mums par sav\u0101m v\u0113lm\u0113m un pieprasiet pied\u0101v\u0101jumu! \u00a0<strong data-start=\"71\" data-end=\"87\"><a rel=\"noopener\" data-start=\"73\" data-end=\"85\">Info@miil.ee<\/a><\/strong><\/p>\n<p class=\"\" data-start=\"91\" data-end=\"201\">Apskatiet citus ar konteineru p\u0101rveido\u0161anu saist\u012btos pakalpojumus, ko m\u0113s pied\u0101v\u0101jam<strong data-start=\"94\" data-end=\"193\"><a class=\"\" href=\"#\" rel=\"noopener\" data-start=\"181\" data-end=\"191\">\u0161eit!<\/a><\/strong><\/p>\n<p data-start=\"91\" data-end=\"201\">Seko mums\u00a0<a href=\"https:\/\/www.facebook.com\/konteinerveod\/\">Facebook<\/a><span> vai<\/span>\u00a0<a href=\"https:\/\/www.instagram.com\/ou_miil\/\">Instagram<\/a><\/p>\n","protected":false},"excerpt":{"rendered":"<p>40DC j\u016bras konteinera p\u0101rveido\u0161ana, pievienojot l\u016bkas un durvis, palielina t\u0101 funkcionalit\u0101ti, piem\u0113ram, p\u0101rv\u0113r\u0161ot to par kafejn\u012bcu, tirdzniec\u012bbas stendu vai nomas punktu. P\u0101rveido\u0161ana ietver telpas galven\u0101 m\u0113r\u0137a noteik\u0161anu, prec\u012bzu grie\u0161anu, strukt\u016bras pastiprin\u0101\u0161anu un nepiecie\u0161amo izol\u0101ciju, elektr\u012bbu un apgaismojumu, nodro\u0161inot iztur\u012bgu un piel\u0101gojamu biznesa risin\u0101jumu.<\/p>\n","protected":false},"featured_media":91967,"comment_status":"open","ping_status":"closed","template":"","meta":{"_acf_changed":false},"product_cat":[348],"product_tag":[],"class_list":{"0":"post-91942","1":"product","2":"type-product","3":"status-publish","4":"has-post-thumbnail","6":"product_cat-tehnika","8":"first","9":"instock","10":"shipping-taxable","11":"product-type-simple"},"acf":[],"yoast_head":"<!-- This site is optimized with the Yoast SEO Premium plugin v23.9 (Yoast SEO v27.5) - https:\/\/yoast.com\/product\/yoast-seo-premium-wordpress\/ -->\n<title>J\u016bras konteinera modifik\u0101cija - l\u016bku un durvju pievieno\u0161ana - Miil O\u00dc<\/title>\n<meta name=\"description\" content=\"J\u016bras konteinera modifik\u0101cija - l\u016bku un durvju pievieno\u0161ana | Konteinera modifik\u0101cija | Piel\u0101gots j\u016bras konteiners | J\u016bras konteineru tirdzniec\u012bba | \ufe0f\" \/>\n<meta name=\"robots\" content=\"index, follow, max-snippet:-1, max-image-preview:large, max-video-preview:-1\" \/>\n<link rel=\"canonical\" href=\"https:\/\/miil.dev.almic.ee\/lv\/toode\/juras-konteinera-modifikacija-luku-un-durvju-pievienosana\/\" \/>\n<meta property=\"og:locale\" content=\"lv_LV\" \/>\n<meta property=\"og:type\" content=\"article\" \/>\n<meta property=\"og:title\" content=\"J\u016bras konteinera modifik\u0101cija - l\u016bku un durvju pievieno\u0161ana\" \/>\n<meta property=\"og:description\" content=\"J\u016bras konteinera modifik\u0101cija - l\u016bku un durvju pievieno\u0161ana | Konteinera modifik\u0101cija | Piel\u0101gots j\u016bras konteiners | J\u016bras konteineru tirdzniec\u012bba | \ufe0f\" \/>\n<meta property=\"og:url\" content=\"https:\/\/miil.dev.almic.ee\/lv\/toode\/juras-konteinera-modifikacija-luku-un-durvju-pievienosana\/\" \/>\n<meta property=\"og:site_name\" content=\"Miil O\u00dc\" \/>\n<meta property=\"article:publisher\" content=\"https:\/\/www.facebook.com\/konteinerveod\/\" \/>\n<meta property=\"article:modified_time\" content=\"2025-04-08T09:38:42+00:00\" \/>\n<meta property=\"og:image\" content=\"https:\/\/miil.dev.almic.ee\/wp-content\/uploads\/2025\/03\/40DC-Umberehitatud-konteiner-5-scaled.jpg\" \/>\n\t<meta property=\"og:image:width\" content=\"1900\" \/>\n\t<meta property=\"og:image:height\" content=\"1425\" \/>\n\t<meta property=\"og:image:type\" content=\"image\/jpeg\" \/>\n<meta name=\"twitter:card\" content=\"summary_large_image\" \/>\n<meta name=\"twitter:label1\" content=\"Price\" \/>\n\t<meta name=\"twitter:data1\" content=\"\" \/>\n\t<meta name=\"twitter:label2\" content=\"Availability\" \/>\n\t<meta name=\"twitter:data2\" content=\"In stock\" \/>\n<script type=\"application\/ld+json\" class=\"yoast-schema-graph\">{\"@context\":\"https:\\\/\\\/schema.org\",\"@graph\":[{\"@type\":\"WebPage\",\"@id\":\"https:\\\/\\\/miil.dev.almic.ee\\\/lv\\\/toode\\\/juras-konteinera-modifikacija-luku-un-durvju-pievienosana\\\/\",\"url\":\"https:\\\/\\\/miil.dev.almic.ee\\\/lv\\\/toode\\\/juras-konteinera-modifikacija-luku-un-durvju-pievienosana\\\/\",\"name\":\"J\u016bras konteinera modifik\u0101cija - l\u016bku un durvju pievieno\u0161ana - Miil O\u00dc\",\"isPartOf\":{\"@id\":\"https:\\\/\\\/miil.dev.almic.ee\\\/#website\"},\"primaryImageOfPage\":{\"@id\":\"https:\\\/\\\/miil.dev.almic.ee\\\/lv\\\/toode\\\/juras-konteinera-modifikacija-luku-un-durvju-pievienosana\\\/#primaryimage\"},\"image\":{\"@id\":\"https:\\\/\\\/miil.dev.almic.ee\\\/lv\\\/toode\\\/juras-konteinera-modifikacija-luku-un-durvju-pievienosana\\\/#primaryimage\"},\"thumbnailUrl\":\"https:\\\/\\\/miil.dev.almic.ee\\\/wp-content\\\/uploads\\\/2025\\\/03\\\/40DC-Umberehitatud-konteiner-5-scaled.jpg\",\"datePublished\":\"2025-03-26T10:33:31+00:00\",\"dateModified\":\"2025-04-08T09:38:42+00:00\",\"description\":\"J\u016bras konteinera modifik\u0101cija - l\u016bku un durvju pievieno\u0161ana | Konteinera modifik\u0101cija | Piel\u0101gots j\u016bras konteiners | J\u016bras konteineru tirdzniec\u012bba | \ufe0f\",\"breadcrumb\":{\"@id\":\"https:\\\/\\\/miil.dev.almic.ee\\\/lv\\\/toode\\\/juras-konteinera-modifikacija-luku-un-durvju-pievienosana\\\/#breadcrumb\"},\"inLanguage\":\"lv-LV\",\"potentialAction\":[{\"@type\":\"ReadAction\",\"target\":[\"https:\\\/\\\/miil.dev.almic.ee\\\/lv\\\/toode\\\/juras-konteinera-modifikacija-luku-un-durvju-pievienosana\\\/\"]}]},{\"@type\":\"ImageObject\",\"inLanguage\":\"lv-LV\",\"@id\":\"https:\\\/\\\/miil.dev.almic.ee\\\/lv\\\/toode\\\/juras-konteinera-modifikacija-luku-un-durvju-pievienosana\\\/#primaryimage\",\"url\":\"https:\\\/\\\/miil.dev.almic.ee\\\/wp-content\\\/uploads\\\/2025\\\/03\\\/40DC-Umberehitatud-konteiner-5-scaled.jpg\",\"contentUrl\":\"https:\\\/\\\/miil.dev.almic.ee\\\/wp-content\\\/uploads\\\/2025\\\/03\\\/40DC-Umberehitatud-konteiner-5-scaled.jpg\",\"width\":1900,\"height\":1425},{\"@type\":\"BreadcrumbList\",\"@id\":\"https:\\\/\\\/miil.dev.almic.ee\\\/lv\\\/toode\\\/juras-konteinera-modifikacija-luku-un-durvju-pievienosana\\\/#breadcrumb\",\"itemListElement\":[{\"@type\":\"ListItem\",\"position\":1,\"name\":\"Home\",\"item\":\"https:\\\/\\\/miil.dev.almic.ee\\\/lv\\\/\"},{\"@type\":\"ListItem\",\"position\":2,\"name\":\"Veikals\",\"item\":\"https:\\\/\\\/miil.dev.almic.ee\\\/lv\\\/veikals\\\/\"},{\"@type\":\"ListItem\",\"position\":3,\"name\":\"J\u016bras konteinera modifik\u0101cija &#8211; l\u016bku un durvju pievieno\u0161ana\"}]},{\"@type\":\"WebSite\",\"@id\":\"https:\\\/\\\/miil.dev.almic.ee\\\/#website\",\"url\":\"https:\\\/\\\/miil.dev.almic.ee\\\/\",\"name\":\"Miil O\u00dc\",\"description\":\"Konteinerveod\",\"publisher\":{\"@id\":\"https:\\\/\\\/miil.dev.almic.ee\\\/#organization\"},\"potentialAction\":[{\"@type\":\"SearchAction\",\"target\":{\"@type\":\"EntryPoint\",\"urlTemplate\":\"https:\\\/\\\/miil.dev.almic.ee\\\/?s={search_term_string}\"},\"query-input\":{\"@type\":\"PropertyValueSpecification\",\"valueRequired\":true,\"valueName\":\"search_term_string\"}}],\"inLanguage\":\"lv-LV\"},{\"@type\":\"Organization\",\"@id\":\"https:\\\/\\\/miil.dev.almic.ee\\\/#organization\",\"name\":\"Miil O\u00dc\",\"url\":\"https:\\\/\\\/miil.dev.almic.ee\\\/\",\"logo\":{\"@type\":\"ImageObject\",\"inLanguage\":\"lv-LV\",\"@id\":\"https:\\\/\\\/miil.dev.almic.ee\\\/#\\\/schema\\\/logo\\\/image\\\/\",\"url\":\"https:\\\/\\\/www.miil.ee\\\/wp-content\\\/uploads\\\/2022\\\/02\\\/Miil-logo.svg\",\"contentUrl\":\"https:\\\/\\\/www.miil.ee\\\/wp-content\\\/uploads\\\/2022\\\/02\\\/Miil-logo.svg\",\"width\":\"1024\",\"height\":\"1024\",\"caption\":\"Miil O\u00dc\"},\"image\":{\"@id\":\"https:\\\/\\\/miil.dev.almic.ee\\\/#\\\/schema\\\/logo\\\/image\\\/\"},\"sameAs\":[\"https:\\\/\\\/www.facebook.com\\\/konteinerveod\\\/\",\"https:\\\/\\\/www.instagram.com\\\/ou_miil\\\/\"]}]}<\/script>\n<meta property=\"product:price:amount\" content=\"0.00\" \/>\n<meta property=\"product:price:currency\" content=\"EUR\" \/>\n<meta property=\"og:availability\" content=\"instock\" \/>\n<meta property=\"product:availability\" content=\"instock\" \/>\n<meta property=\"product:retailer_item_id\" content=\"MIIU2271057-1\" \/>\n<meta property=\"product:condition\" content=\"new\" \/>\n<!-- \/ Yoast SEO Premium plugin. -->","yoast_head_json":{"title":"J\u016bras konteinera modifik\u0101cija - l\u016bku un durvju pievieno\u0161ana - Miil O\u00dc","description":"J\u016bras konteinera modifik\u0101cija - l\u016bku un durvju pievieno\u0161ana | Konteinera modifik\u0101cija | Piel\u0101gots j\u016bras konteiners | J\u016bras konteineru tirdzniec\u012bba | \ufe0f","robots":{"index":"index","follow":"follow","max-snippet":"max-snippet:-1","max-image-preview":"max-image-preview:large","max-video-preview":"max-video-preview:-1"},"canonical":"https:\/\/miil.dev.almic.ee\/lv\/toode\/juras-konteinera-modifikacija-luku-un-durvju-pievienosana\/","og_locale":"lv_LV","og_type":"article","og_title":"J\u016bras konteinera modifik\u0101cija - l\u016bku un durvju pievieno\u0161ana","og_description":"J\u016bras konteinera modifik\u0101cija - l\u016bku un durvju pievieno\u0161ana | Konteinera modifik\u0101cija | Piel\u0101gots j\u016bras konteiners | J\u016bras konteineru tirdzniec\u012bba | \ufe0f","og_url":"https:\/\/miil.dev.almic.ee\/lv\/toode\/juras-konteinera-modifikacija-luku-un-durvju-pievienosana\/","og_site_name":"Miil O\u00dc","article_publisher":"https:\/\/www.facebook.com\/konteinerveod\/","article_modified_time":"2025-04-08T09:38:42+00:00","og_image":[{"width":1900,"height":1425,"url":"https:\/\/miil.dev.almic.ee\/wp-content\/uploads\/2025\/03\/40DC-Umberehitatud-konteiner-5-scaled.jpg","type":"image\/jpeg"}],"twitter_card":"summary_large_image","twitter_misc":{"Price":"","Availability":"In stock"},"schema":{"@context":"https:\/\/schema.org","@graph":[{"@type":"WebPage","@id":"https:\/\/miil.dev.almic.ee\/lv\/toode\/juras-konteinera-modifikacija-luku-un-durvju-pievienosana\/","url":"https:\/\/miil.dev.almic.ee\/lv\/toode\/juras-konteinera-modifikacija-luku-un-durvju-pievienosana\/","name":"J\u016bras konteinera modifik\u0101cija - l\u016bku un durvju pievieno\u0161ana - Miil O\u00dc","isPartOf":{"@id":"https:\/\/miil.dev.almic.ee\/#website"},"primaryImageOfPage":{"@id":"https:\/\/miil.dev.almic.ee\/lv\/toode\/juras-konteinera-modifikacija-luku-un-durvju-pievienosana\/#primaryimage"},"image":{"@id":"https:\/\/miil.dev.almic.ee\/lv\/toode\/juras-konteinera-modifikacija-luku-un-durvju-pievienosana\/#primaryimage"},"thumbnailUrl":"https:\/\/miil.dev.almic.ee\/wp-content\/uploads\/2025\/03\/40DC-Umberehitatud-konteiner-5-scaled.jpg","datePublished":"2025-03-26T10:33:31+00:00","dateModified":"2025-04-08T09:38:42+00:00","description":"J\u016bras konteinera modifik\u0101cija - l\u016bku un durvju pievieno\u0161ana | Konteinera modifik\u0101cija | Piel\u0101gots j\u016bras konteiners | J\u016bras konteineru tirdzniec\u012bba | \ufe0f","breadcrumb":{"@id":"https:\/\/miil.dev.almic.ee\/lv\/toode\/juras-konteinera-modifikacija-luku-un-durvju-pievienosana\/#breadcrumb"},"inLanguage":"lv-LV","potentialAction":[{"@type":"ReadAction","target":["https:\/\/miil.dev.almic.ee\/lv\/toode\/juras-konteinera-modifikacija-luku-un-durvju-pievienosana\/"]}]},{"@type":"ImageObject","inLanguage":"lv-LV","@id":"https:\/\/miil.dev.almic.ee\/lv\/toode\/juras-konteinera-modifikacija-luku-un-durvju-pievienosana\/#primaryimage","url":"https:\/\/miil.dev.almic.ee\/wp-content\/uploads\/2025\/03\/40DC-Umberehitatud-konteiner-5-scaled.jpg","contentUrl":"https:\/\/miil.dev.almic.ee\/wp-content\/uploads\/2025\/03\/40DC-Umberehitatud-konteiner-5-scaled.jpg","width":1900,"height":1425},{"@type":"BreadcrumbList","@id":"https:\/\/miil.dev.almic.ee\/lv\/toode\/juras-konteinera-modifikacija-luku-un-durvju-pievienosana\/#breadcrumb","itemListElement":[{"@type":"ListItem","position":1,"name":"Home","item":"https:\/\/miil.dev.almic.ee\/lv\/"},{"@type":"ListItem","position":2,"name":"Veikals","item":"https:\/\/miil.dev.almic.ee\/lv\/veikals\/"},{"@type":"ListItem","position":3,"name":"J\u016bras konteinera modifik\u0101cija &#8211; l\u016bku un durvju pievieno\u0161ana"}]},{"@type":"WebSite","@id":"https:\/\/miil.dev.almic.ee\/#website","url":"https:\/\/miil.dev.almic.ee\/","name":"Miil O\u00dc","description":"Konteinerveod","publisher":{"@id":"https:\/\/miil.dev.almic.ee\/#organization"},"potentialAction":[{"@type":"SearchAction","target":{"@type":"EntryPoint","urlTemplate":"https:\/\/miil.dev.almic.ee\/?s={search_term_string}"},"query-input":{"@type":"PropertyValueSpecification","valueRequired":true,"valueName":"search_term_string"}}],"inLanguage":"lv-LV"},{"@type":"Organization","@id":"https:\/\/miil.dev.almic.ee\/#organization","name":"Miil O\u00dc","url":"https:\/\/miil.dev.almic.ee\/","logo":{"@type":"ImageObject","inLanguage":"lv-LV","@id":"https:\/\/miil.dev.almic.ee\/#\/schema\/logo\/image\/","url":"https:\/\/www.miil.ee\/wp-content\/uploads\/2022\/02\/Miil-logo.svg","contentUrl":"https:\/\/www.miil.ee\/wp-content\/uploads\/2022\/02\/Miil-logo.svg","width":"1024","height":"1024","caption":"Miil O\u00dc"},"image":{"@id":"https:\/\/miil.dev.almic.ee\/#\/schema\/logo\/image\/"},"sameAs":["https:\/\/www.facebook.com\/konteinerveod\/","https:\/\/www.instagram.com\/ou_miil\/"]}]},"product_price_amount":"0.00","product_price_currency":"EUR","og_availability":"instock","product_availability":"instock","product_retailer_item_id":"MIIU2271057-1","product_condition":"new"},"_links":{"self":[{"href":"https:\/\/miil.dev.almic.ee\/lv\/wp-json\/wp\/v2\/product\/91942","targetHints":{"allow":["GET"]}}],"collection":[{"href":"https:\/\/miil.dev.almic.ee\/lv\/wp-json\/wp\/v2\/product"}],"about":[{"href":"https:\/\/miil.dev.almic.ee\/lv\/wp-json\/wp\/v2\/types\/product"}],"replies":[{"embeddable":true,"href":"https:\/\/miil.dev.almic.ee\/lv\/wp-json\/wp\/v2\/comments?post=91942"}],"wp:featuredmedia":[{"embeddable":true,"href":"https:\/\/miil.dev.almic.ee\/lv\/wp-json\/wp\/v2\/media\/91967"}],"wp:attachment":[{"href":"https:\/\/miil.dev.almic.ee\/lv\/wp-json\/wp\/v2\/media?parent=91942"}],"wp:term":[{"taxonomy":"product_cat","embeddable":true,"href":"https:\/\/miil.dev.almic.ee\/lv\/wp-json\/wp\/v2\/product_cat?post=91942"},{"taxonomy":"product_tag","embeddable":true,"href":"https:\/\/miil.dev.almic.ee\/lv\/wp-json\/wp\/v2\/product_tag?post=91942"}],"curies":[{"name":"wp","href":"https:\/\/api.w.org\/{rel}","templated":true}]}}