{"id":90315,"date":"2025-03-14T16:34:29","date_gmt":"2025-03-14T14:34:30","guid":{"rendered":"https:\/\/www.miil.ee\/?post_type=product&#038;p=90315"},"modified":"2025-03-14T16:51:25","modified_gmt":"2025-03-14T14:51:25","slug":"containex-standard-3-metru-kajite-apsardzes-kabine","status":"publish","type":"product","link":"https:\/\/miil.dev.almic.ee\/lv\/toode\/containex-standard-3-metru-kajite-apsardzes-kabine\/","title":{"rendered":"Containex Standard 3 metru kaj\u012bte\/apsardzes kab\u012bne"},"content":{"rendered":"<h1>Containex Standard 3 metru kaj\u012bte\/apsardzes kab\u012bne<\/h1>\n<p>Containex Standard 3 metru kaj\u012bte\/apsardzes kab\u012bne ir 3 metrus gara, 2,44 metrus plata un 2,6 metrus augsta.<br \/>\n\u0160\u0101da kaj\u012bte ir piem\u0113rota tirdzniec\u012bbas kioskam, apsardzes postenim vai jebkurai citai funkcijai \u0161aur\u0101 viet\u0101.<br \/>\nGr\u012bdas kravnes\u012bba ir 200kg\/m2, bet to var palielin\u0101t.<\/p>\n<p>Containex Standard izol\u0113t\u0101s kab\u012bnes vienm\u0113r ir augstas kvalit\u0101tes un mar\u0137\u0113tas ar CE mar\u0137\u0113jumu.<br \/>\nCietu r\u0101mi nodro\u0161ina bultskr\u016bvju savienojums, kas dod lielu priek\u0161roc\u012bbu sal\u012bdzin\u0101jum\u0101 ar metin\u0101tu r\u0101mi.<br \/>\nJumts ir velm\u0113ts un sk\u0101rds vai kr\u0101sots sk\u0101rds.<\/p>\n<p>Gr\u012bda siltin\u0101ta ar 100mm miner\u0101lvati, jumts siltin\u0101ts ar 100mm miner\u0101lvati un sienas ir 60mm vate vai 60mm PU putas, atkar\u012bb\u0101 no prec\u012bza sild\u012bt\u0101ja mode\u013ca.<br \/>\nSalons ir gai\u0161i pel\u0113ks RAL7035, iesp\u0113jams pas\u016bt\u012bt ar\u012b citas kr\u0101sas.<\/p>\n<p><strong>Viens atverams logs.<\/strong><br \/>\nDro\u0161\u012bbas aizkars.<br \/>\nViens panor\u0101mas logs.<br \/>\nVienas durvis.<br \/>\nViena gaisma.<br \/>\nStandarta augstums.<br \/>\nViena kontaktligzda zem loga.<br \/>\nDubult\u0101 ligzda papildu panel\u012b.<br \/>\nElektriskais panelis.<br \/>\nGaismas sl\u0113dzis.<\/p>\n<p><strong>Specifik\u0101cija<\/strong><br \/>\n&#8211; \u0100r\u0113jais augstums 2591mm<br \/>\n&#8211; Iek\u0161\u0113jais augstums 2340mm<br \/>\nR\u0101mja kr\u0101sa RAL7035 gai\u0161i pel\u0113ka<br \/>\nPane\u013ca kr\u0101sa RAL7035 gai\u0161i pel\u0113ka<\/p>\n<p><strong>Apkure<\/strong><br \/>\n&#8211; Sienu izol\u0101cija 60mm vate vai 60mm Pu putas.<br \/>\n&#8211; Jumta izol\u0101cijas miner\u0101lvate 100mm.<br \/>\n&#8211; Gr\u012bdas izol\u0101cijas PU fl\u012bzes 60mm vai 100mm vate.<\/p>\n<p><strong>Elektr\u012bbas piesl\u0113gums<\/strong><br \/>\n230V\/32A\/<\/p>\n<p><strong>Pane\u013ci<\/strong><br \/>\n1 loga panelis,<br \/>\nLogu var atv\u0113rt piln\u012bb\u0101 vai atv\u0113rt ventil\u0101cijas st\u0101vokl\u012b.<br \/>\nAugstums no zemes 870mm<\/p>\n<p><strong>1 priek\u0161\u0113j\u0101s durvis<\/strong><br \/>\natveras uz \u0101ru.<br \/>\nDurvju platums: 875 mm<br \/>\nDurvju atv\u0113r\u0161anas platums: 811mm<br \/>\nDurvju atv\u0113r\u0161anas augstums: 2065mm<\/p>\n<p><strong>Elektr\u012bba;<\/strong><br \/>\nElektriskais panelis.<br \/>\n3 gab spraud\u0146i.<br \/>\n1gab gaismas sl\u0113dzis.<\/p>\n<p><strong>Piederumi:<\/strong><\/p>\n<ul>\n<li>AC s\u016bknis 4.7kw \u2013 990.- + pvn<\/li>\n<li>Koka apdare &#8211; 2990.- + pvn<\/li>\n<li>Papildus logs &#8211; 590.- + pvn<\/li>\n<li>Rull\u012b\u0161u durvis &#8211; 1950.- + pvn<\/li>\n<\/ul>\n<h2>Koted\u017ea vai mini m\u0101ja<\/h2>\n<p>Siltin\u0101t\u0101 kab\u012bne vairs nav tikai pagaidu \u0113ka b\u016bvlaukum\u0101, m\u016bsdien\u012bgas augstas kvalit\u0101tes kab\u012bnes ar skr\u016bvju savienojumiem ir lieliski piem\u0113rotas vasarn\u012bcai vai komercplat\u012bb\u0101m.<\/p>\n<p>Gatavai mini m\u0101ji\u0146ai nav nepiecie\u0161ami ne pamati, ne celtnieks \u2013 pas\u016bti un izbaudi!<br \/>\nUzst\u0101d\u012b\u0161ana aiz\u0146em maz\u0101k nek\u0101 30 min\u016btes. J\u016bs varat ieg\u0101d\u0101ties gatavo produktu, kas noz\u012bm\u0113, ka to var pieg\u0101d\u0101t taj\u0101 pa\u0161\u0101 dien\u0101.<\/p>\n<p>Ja v\u0113laties izv\u0113l\u0113ties loga vai durvju atra\u0161an\u0101s vietu, visvair\u0101k tas pras\u012bs papildu ned\u0113\u013cu.<br \/>\nPapildu darbi, piem\u0113ram, jumta uzlik\u0161ana un lielu logu pievieno\u0161ana, aiz\u0146em apm\u0113ram \u010detras ned\u0113\u013cas.<\/p>\n<h2>Containex Standard 3 metru kaj\u012bte\/apsardzes kab\u012bne &#8211; pirkt vai \u012br\u0113t?<\/h2>\n<p>Papildus tirdzniec\u012bbai m\u0113s ar\u012b nom\u0101jam kaj\u012btes.<br \/>\n\u0160is risin\u0101jums ir ide\u0101ls, ja kaj\u012bte nepiecie\u0161ama \u012bslaic\u012bgai izmanto\u0161anai celtniec\u012bb\u0101 vai k\u0101p\u0113c gan ne k\u0101 sezonas koted\u017eai, birojam vai tirdzniec\u012bbas vietai.<br \/>\nM\u0113s esam elast\u012bgi ar saviem risin\u0101jumiem un varam atrast piem\u0113rotu risin\u0101jumu katram klientam.<\/p>\n<p>Pie mums var \u012br\u0113t ar\u012b kaj\u012bti ar panor\u0101mas logiem, koka apdari, vai parastu siltu mini m\u0101ji\u0146u.<br \/>\nMini m\u0101ju pieg\u0101d\u0101jam un uzst\u0101d\u0101m p\u0113c klienta v\u0113lm\u0113m.<\/p>\n<p>M\u0113s pied\u0101v\u0101jam pla\u0161u produktu un pakalpojumu kl\u0101stu, piem\u0113ram, nesezonas uzglab\u0101\u0161anu da\u017e\u0101d\u0101s pils\u0113t\u0101s, k\u0101 ar\u012b Bigbank pied\u0101v\u0101to iesp\u0113ju pirkt pirmais maks\u0101 v\u0113l\u0101k, izmantojot akcijas kodu &#8220;Konteiner&#8221;.<\/p>\n<p><strong>Past\u0101stiet mums savu ideju!<\/strong><br \/>\nJa jums ir nepiecie\u0161ams viena, divst\u0101vu vai vair\u0101ku st\u0101vu risin\u0101jums, j\u016bs esat non\u0101cis \u012bstaj\u0101 viet\u0101!<br \/>\nNeviens projekts mums nav par lielu vai mazu, dro\u0161i jaut\u0101jiet un m\u0113s sadarb\u012bb\u0101 atrad\u012bsim lab\u0101ko risin\u0101jumu.<\/p>\n<p>P\u0101rvad\u0101\u0161anai parasti izmantojam <a href=\"https:\/\/www.miil.ee\/lv\/pakalpojumi\/celtnis\/\">celtnis<\/a> vai <a href=\"https:\/\/www.miil.ee\/lv\/pakalpojumi\/sanu-iekraveji-sideloader\/\">s\u0101nu iekr\u0101v\u0113ju.<\/a><br \/>\nM\u0113s izmantojam <a href=\"https:\/\/www.miil.ee\/lv\/pakalpojumi\/ram-pasizgazejs\/\">RAM backloader<\/a>, lai aptvertu vissare\u017e\u0123\u012bt\u0101k\u0101s vietas.<\/p>\n<p>Sekojiet mums <a href=\"https:\/\/www.facebook.com\/konteinerveod\/\">Facebook<\/a> vai <a href=\"https:\/\/www.instagram.com\/ou_miil\/\">Instagram.<\/a><\/p>\n","protected":false},"excerpt":{"rendered":"<p>Containex Standard 3 metru kaj\u012bte\/apsardzes kab\u012bne Containex Standard 3 metru kaj\u012bte\/apsardzes kab\u012bne ir 3 metrus gara, 2,44 metrus plata un 2,6 metrus augsta. \u0160\u0101da kaj\u012bte ir piem\u0113rota tirdzniec\u012bbas kioskam, apsardzes postenim vai jebkurai citai funkcijai \u0161aur\u0101 viet\u0101. Gr\u012bdas kravnes\u012bba ir 200kg\/m2, bet to var palielin\u0101t. Containex Standard izol\u0113t\u0101s kab\u012bnes vienm\u0113r ir augstas kvalit\u0101tes un mar\u0137\u0113tas&#8230;<\/p>\n","protected":false},"featured_media":90320,"comment_status":"closed","ping_status":"closed","template":"","meta":{"_acf_changed":false},"product_cat":[344,408],"product_tag":[],"class_list":{"0":"post-90315","1":"product","2":"type-product","3":"status-publish","4":"has-post-thumbnail","6":"product_cat-vagonini","7":"product_cat-jauni-vagonini","9":"first","10":"instock","11":"shipping-taxable","12":"purchasable","13":"product-type-simple"},"acf":[],"yoast_head":"<!-- This site is optimized with the Yoast SEO Premium plugin v23.9 (Yoast SEO v27.5) - https:\/\/yoast.com\/product\/yoast-seo-premium-wordpress\/ -->\n<title>Containex Standard 3 metru kaj\u012bte\/apsardzes kab\u012bne - Miil O\u00dc<\/title>\n<meta name=\"description\" content=\"Containex Standard 3 metru kaj\u012bte\/apsardzes kab\u012bne | Mini m\u0101jas un koted\u017eas | Kaj\u012b\u0161u noma un p\u0101rdo\u0161ana | Transports un remonts | Elektr\u012bbas darbi un apkure\" \/>\n<meta name=\"robots\" content=\"index, follow, max-snippet:-1, max-image-preview:large, max-video-preview:-1\" \/>\n<link rel=\"canonical\" href=\"https:\/\/miil.dev.almic.ee\/lv\/toode\/containex-standard-3-metru-kajite-apsardzes-kabine\/\" \/>\n<meta property=\"og:locale\" content=\"lv_LV\" \/>\n<meta property=\"og:type\" content=\"article\" \/>\n<meta property=\"og:title\" content=\"Containex Standard 3 metru kaj\u012bte\/apsardzes kab\u012bne\" \/>\n<meta property=\"og:description\" content=\"Containex Standard 3 metru kaj\u012bte\/apsardzes kab\u012bne | Mini m\u0101jas un koted\u017eas | Kaj\u012b\u0161u noma un p\u0101rdo\u0161ana | Transports un remonts | Elektr\u012bbas darbi un apkure\" \/>\n<meta property=\"og:url\" content=\"https:\/\/miil.dev.almic.ee\/lv\/toode\/containex-standard-3-metru-kajite-apsardzes-kabine\/\" \/>\n<meta property=\"og:site_name\" content=\"Miil O\u00dc\" \/>\n<meta property=\"article:publisher\" content=\"https:\/\/www.facebook.com\/konteinerveod\/\" \/>\n<meta property=\"article:modified_time\" content=\"2025-03-14T14:51:25+00:00\" \/>\n<meta property=\"og:image\" content=\"https:\/\/miil.dev.almic.ee\/wp-content\/uploads\/2025\/03\/Containex-Standard-3-meetrine-soojak-turvaruum-1-scaled.jpg\" \/>\n\t<meta property=\"og:image:width\" content=\"1900\" \/>\n\t<meta property=\"og:image:height\" content=\"1425\" \/>\n\t<meta property=\"og:image:type\" content=\"image\/jpeg\" \/>\n<meta name=\"twitter:card\" content=\"summary_large_image\" \/>\n<meta name=\"twitter:label1\" content=\"Price\" \/>\n\t<meta name=\"twitter:data1\" content=\"5950,00&nbsp;&euro;\" \/>\n\t<meta name=\"twitter:label2\" content=\"Availability\" \/>\n\t<meta name=\"twitter:data2\" content=\"In stock\" \/>\n<script type=\"application\/ld+json\" class=\"yoast-schema-graph\">{\"@context\":\"https:\\\/\\\/schema.org\",\"@graph\":[{\"@type\":\"WebPage\",\"@id\":\"https:\\\/\\\/miil.dev.almic.ee\\\/lv\\\/toode\\\/containex-standard-3-metru-kajite-apsardzes-kabine\\\/\",\"url\":\"https:\\\/\\\/miil.dev.almic.ee\\\/lv\\\/toode\\\/containex-standard-3-metru-kajite-apsardzes-kabine\\\/\",\"name\":\"Containex Standard 3 metru kaj\u012bte\\\/apsardzes kab\u012bne - Miil O\u00dc\",\"isPartOf\":{\"@id\":\"https:\\\/\\\/miil.dev.almic.ee\\\/#website\"},\"primaryImageOfPage\":{\"@id\":\"https:\\\/\\\/miil.dev.almic.ee\\\/lv\\\/toode\\\/containex-standard-3-metru-kajite-apsardzes-kabine\\\/#primaryimage\"},\"image\":{\"@id\":\"https:\\\/\\\/miil.dev.almic.ee\\\/lv\\\/toode\\\/containex-standard-3-metru-kajite-apsardzes-kabine\\\/#primaryimage\"},\"thumbnailUrl\":\"https:\\\/\\\/miil.dev.almic.ee\\\/wp-content\\\/uploads\\\/2025\\\/03\\\/Containex-Standard-3-meetrine-soojak-turvaruum-1-scaled.jpg\",\"datePublished\":\"2025-03-14T14:34:30+00:00\",\"dateModified\":\"2025-03-14T14:51:25+00:00\",\"description\":\"Containex Standard 3 metru kaj\u012bte\\\/apsardzes kab\u012bne | Mini m\u0101jas un koted\u017eas | Kaj\u012b\u0161u noma un p\u0101rdo\u0161ana | Transports un remonts | Elektr\u012bbas darbi un apkure\",\"breadcrumb\":{\"@id\":\"https:\\\/\\\/miil.dev.almic.ee\\\/lv\\\/toode\\\/containex-standard-3-metru-kajite-apsardzes-kabine\\\/#breadcrumb\"},\"inLanguage\":\"lv-LV\",\"potentialAction\":[{\"@type\":\"ReadAction\",\"target\":[\"https:\\\/\\\/miil.dev.almic.ee\\\/lv\\\/toode\\\/containex-standard-3-metru-kajite-apsardzes-kabine\\\/\"]}]},{\"@type\":\"ImageObject\",\"inLanguage\":\"lv-LV\",\"@id\":\"https:\\\/\\\/miil.dev.almic.ee\\\/lv\\\/toode\\\/containex-standard-3-metru-kajite-apsardzes-kabine\\\/#primaryimage\",\"url\":\"https:\\\/\\\/miil.dev.almic.ee\\\/wp-content\\\/uploads\\\/2025\\\/03\\\/Containex-Standard-3-meetrine-soojak-turvaruum-1-scaled.jpg\",\"contentUrl\":\"https:\\\/\\\/miil.dev.almic.ee\\\/wp-content\\\/uploads\\\/2025\\\/03\\\/Containex-Standard-3-meetrine-soojak-turvaruum-1-scaled.jpg\",\"width\":1900,\"height\":1425},{\"@type\":\"BreadcrumbList\",\"@id\":\"https:\\\/\\\/miil.dev.almic.ee\\\/lv\\\/toode\\\/containex-standard-3-metru-kajite-apsardzes-kabine\\\/#breadcrumb\",\"itemListElement\":[{\"@type\":\"ListItem\",\"position\":1,\"name\":\"Home\",\"item\":\"https:\\\/\\\/miil.dev.almic.ee\\\/lv\\\/\"},{\"@type\":\"ListItem\",\"position\":2,\"name\":\"Veikals\",\"item\":\"https:\\\/\\\/miil.dev.almic.ee\\\/lv\\\/veikals\\\/\"},{\"@type\":\"ListItem\",\"position\":3,\"name\":\"Containex Standard 3 metru kaj\u012bte\\\/apsardzes kab\u012bne\"}]},{\"@type\":\"WebSite\",\"@id\":\"https:\\\/\\\/miil.dev.almic.ee\\\/#website\",\"url\":\"https:\\\/\\\/miil.dev.almic.ee\\\/\",\"name\":\"Miil O\u00dc\",\"description\":\"Konteinerveod\",\"publisher\":{\"@id\":\"https:\\\/\\\/miil.dev.almic.ee\\\/#organization\"},\"potentialAction\":[{\"@type\":\"SearchAction\",\"target\":{\"@type\":\"EntryPoint\",\"urlTemplate\":\"https:\\\/\\\/miil.dev.almic.ee\\\/?s={search_term_string}\"},\"query-input\":{\"@type\":\"PropertyValueSpecification\",\"valueRequired\":true,\"valueName\":\"search_term_string\"}}],\"inLanguage\":\"lv-LV\"},{\"@type\":\"Organization\",\"@id\":\"https:\\\/\\\/miil.dev.almic.ee\\\/#organization\",\"name\":\"Miil O\u00dc\",\"url\":\"https:\\\/\\\/miil.dev.almic.ee\\\/\",\"logo\":{\"@type\":\"ImageObject\",\"inLanguage\":\"lv-LV\",\"@id\":\"https:\\\/\\\/miil.dev.almic.ee\\\/#\\\/schema\\\/logo\\\/image\\\/\",\"url\":\"https:\\\/\\\/www.miil.ee\\\/wp-content\\\/uploads\\\/2022\\\/02\\\/Miil-logo.svg\",\"contentUrl\":\"https:\\\/\\\/www.miil.ee\\\/wp-content\\\/uploads\\\/2022\\\/02\\\/Miil-logo.svg\",\"width\":\"1024\",\"height\":\"1024\",\"caption\":\"Miil O\u00dc\"},\"image\":{\"@id\":\"https:\\\/\\\/miil.dev.almic.ee\\\/#\\\/schema\\\/logo\\\/image\\\/\"},\"sameAs\":[\"https:\\\/\\\/www.facebook.com\\\/konteinerveod\\\/\",\"https:\\\/\\\/www.instagram.com\\\/ou_miil\\\/\"]}]}<\/script>\n<meta property=\"product:price:amount\" content=\"5950.00\" \/>\n<meta property=\"product:price:currency\" content=\"EUR\" \/>\n<meta property=\"og:availability\" content=\"instock\" \/>\n<meta property=\"product:availability\" content=\"instock\" \/>\n<meta property=\"product:retailer_item_id\" content=\"MIIU2411363\" \/>\n<meta property=\"product:condition\" content=\"new\" \/>\n<!-- \/ Yoast SEO Premium plugin. -->","yoast_head_json":{"title":"Containex Standard 3 metru kaj\u012bte\/apsardzes kab\u012bne - Miil O\u00dc","description":"Containex Standard 3 metru kaj\u012bte\/apsardzes kab\u012bne | Mini m\u0101jas un koted\u017eas | Kaj\u012b\u0161u noma un p\u0101rdo\u0161ana | Transports un remonts | Elektr\u012bbas darbi un apkure","robots":{"index":"index","follow":"follow","max-snippet":"max-snippet:-1","max-image-preview":"max-image-preview:large","max-video-preview":"max-video-preview:-1"},"canonical":"https:\/\/miil.dev.almic.ee\/lv\/toode\/containex-standard-3-metru-kajite-apsardzes-kabine\/","og_locale":"lv_LV","og_type":"article","og_title":"Containex Standard 3 metru kaj\u012bte\/apsardzes kab\u012bne","og_description":"Containex Standard 3 metru kaj\u012bte\/apsardzes kab\u012bne | Mini m\u0101jas un koted\u017eas | Kaj\u012b\u0161u noma un p\u0101rdo\u0161ana | Transports un remonts | Elektr\u012bbas darbi un apkure","og_url":"https:\/\/miil.dev.almic.ee\/lv\/toode\/containex-standard-3-metru-kajite-apsardzes-kabine\/","og_site_name":"Miil O\u00dc","article_publisher":"https:\/\/www.facebook.com\/konteinerveod\/","article_modified_time":"2025-03-14T14:51:25+00:00","og_image":[{"width":1900,"height":1425,"url":"https:\/\/miil.dev.almic.ee\/wp-content\/uploads\/2025\/03\/Containex-Standard-3-meetrine-soojak-turvaruum-1-scaled.jpg","type":"image\/jpeg"}],"twitter_card":"summary_large_image","twitter_misc":{"Price":"5950,00&nbsp;&euro;","Availability":"In stock"},"schema":{"@context":"https:\/\/schema.org","@graph":[{"@type":"WebPage","@id":"https:\/\/miil.dev.almic.ee\/lv\/toode\/containex-standard-3-metru-kajite-apsardzes-kabine\/","url":"https:\/\/miil.dev.almic.ee\/lv\/toode\/containex-standard-3-metru-kajite-apsardzes-kabine\/","name":"Containex Standard 3 metru kaj\u012bte\/apsardzes kab\u012bne - Miil O\u00dc","isPartOf":{"@id":"https:\/\/miil.dev.almic.ee\/#website"},"primaryImageOfPage":{"@id":"https:\/\/miil.dev.almic.ee\/lv\/toode\/containex-standard-3-metru-kajite-apsardzes-kabine\/#primaryimage"},"image":{"@id":"https:\/\/miil.dev.almic.ee\/lv\/toode\/containex-standard-3-metru-kajite-apsardzes-kabine\/#primaryimage"},"thumbnailUrl":"https:\/\/miil.dev.almic.ee\/wp-content\/uploads\/2025\/03\/Containex-Standard-3-meetrine-soojak-turvaruum-1-scaled.jpg","datePublished":"2025-03-14T14:34:30+00:00","dateModified":"2025-03-14T14:51:25+00:00","description":"Containex Standard 3 metru kaj\u012bte\/apsardzes kab\u012bne | Mini m\u0101jas un koted\u017eas | Kaj\u012b\u0161u noma un p\u0101rdo\u0161ana | Transports un remonts | Elektr\u012bbas darbi un apkure","breadcrumb":{"@id":"https:\/\/miil.dev.almic.ee\/lv\/toode\/containex-standard-3-metru-kajite-apsardzes-kabine\/#breadcrumb"},"inLanguage":"lv-LV","potentialAction":[{"@type":"ReadAction","target":["https:\/\/miil.dev.almic.ee\/lv\/toode\/containex-standard-3-metru-kajite-apsardzes-kabine\/"]}]},{"@type":"ImageObject","inLanguage":"lv-LV","@id":"https:\/\/miil.dev.almic.ee\/lv\/toode\/containex-standard-3-metru-kajite-apsardzes-kabine\/#primaryimage","url":"https:\/\/miil.dev.almic.ee\/wp-content\/uploads\/2025\/03\/Containex-Standard-3-meetrine-soojak-turvaruum-1-scaled.jpg","contentUrl":"https:\/\/miil.dev.almic.ee\/wp-content\/uploads\/2025\/03\/Containex-Standard-3-meetrine-soojak-turvaruum-1-scaled.jpg","width":1900,"height":1425},{"@type":"BreadcrumbList","@id":"https:\/\/miil.dev.almic.ee\/lv\/toode\/containex-standard-3-metru-kajite-apsardzes-kabine\/#breadcrumb","itemListElement":[{"@type":"ListItem","position":1,"name":"Home","item":"https:\/\/miil.dev.almic.ee\/lv\/"},{"@type":"ListItem","position":2,"name":"Veikals","item":"https:\/\/miil.dev.almic.ee\/lv\/veikals\/"},{"@type":"ListItem","position":3,"name":"Containex Standard 3 metru kaj\u012bte\/apsardzes kab\u012bne"}]},{"@type":"WebSite","@id":"https:\/\/miil.dev.almic.ee\/#website","url":"https:\/\/miil.dev.almic.ee\/","name":"Miil O\u00dc","description":"Konteinerveod","publisher":{"@id":"https:\/\/miil.dev.almic.ee\/#organization"},"potentialAction":[{"@type":"SearchAction","target":{"@type":"EntryPoint","urlTemplate":"https:\/\/miil.dev.almic.ee\/?s={search_term_string}"},"query-input":{"@type":"PropertyValueSpecification","valueRequired":true,"valueName":"search_term_string"}}],"inLanguage":"lv-LV"},{"@type":"Organization","@id":"https:\/\/miil.dev.almic.ee\/#organization","name":"Miil O\u00dc","url":"https:\/\/miil.dev.almic.ee\/","logo":{"@type":"ImageObject","inLanguage":"lv-LV","@id":"https:\/\/miil.dev.almic.ee\/#\/schema\/logo\/image\/","url":"https:\/\/www.miil.ee\/wp-content\/uploads\/2022\/02\/Miil-logo.svg","contentUrl":"https:\/\/www.miil.ee\/wp-content\/uploads\/2022\/02\/Miil-logo.svg","width":"1024","height":"1024","caption":"Miil O\u00dc"},"image":{"@id":"https:\/\/miil.dev.almic.ee\/#\/schema\/logo\/image\/"},"sameAs":["https:\/\/www.facebook.com\/konteinerveod\/","https:\/\/www.instagram.com\/ou_miil\/"]}]},"product_price_amount":"5950.00","product_price_currency":"EUR","og_availability":"instock","product_availability":"instock","product_retailer_item_id":"MIIU2411363","product_condition":"new"},"_links":{"self":[{"href":"https:\/\/miil.dev.almic.ee\/lv\/wp-json\/wp\/v2\/product\/90315","targetHints":{"allow":["GET"]}}],"collection":[{"href":"https:\/\/miil.dev.almic.ee\/lv\/wp-json\/wp\/v2\/product"}],"about":[{"href":"https:\/\/miil.dev.almic.ee\/lv\/wp-json\/wp\/v2\/types\/product"}],"replies":[{"embeddable":true,"href":"https:\/\/miil.dev.almic.ee\/lv\/wp-json\/wp\/v2\/comments?post=90315"}],"wp:featuredmedia":[{"embeddable":true,"href":"https:\/\/miil.dev.almic.ee\/lv\/wp-json\/wp\/v2\/media\/90320"}],"wp:attachment":[{"href":"https:\/\/miil.dev.almic.ee\/lv\/wp-json\/wp\/v2\/media?parent=90315"}],"wp:term":[{"taxonomy":"product_cat","embeddable":true,"href":"https:\/\/miil.dev.almic.ee\/lv\/wp-json\/wp\/v2\/product_cat?post=90315"},{"taxonomy":"product_tag","embeddable":true,"href":"https:\/\/miil.dev.almic.ee\/lv\/wp-json\/wp\/v2\/product_tag?post=90315"}],"curies":[{"name":"wp","href":"https:\/\/api.w.org\/{rel}","templated":true}]}}