{"id":88703,"date":"2025-02-26T17:14:55","date_gmt":"2025-02-26T15:14:56","guid":{"rendered":"https:\/\/www.miil.ee\/?post_type=product&#038;p=88703"},"modified":"2025-05-15T10:18:53","modified_gmt":"2025-05-15T07:18:53","slug":"lietota-izstazu-zale-containex-basic","status":"publish","type":"product","link":"https:\/\/miil.dev.almic.ee\/lv\/toode\/lietota-izstazu-zale-containex-basic\/","title":{"rendered":"Lietotu pre\u010du p\u0101rvietojam\u0101 izst\u0101\u017eu z\u0101le Containex Basic"},"content":{"rendered":"<h1>Lietota p\u0101rvietojama izst\u0101\u017eu z\u0101le ar b\u012bd\u0101m\u0101m durv\u012bm<\/h1>\n<p>Lietota izst\u0101\u017eu z\u0101le Containex Basic ir augstas kvalit\u0101tes izol\u0113ta kab\u012bne ar b\u012bd\u0101m\u0101m durv\u012bm, koka apdari, gaisa-\u016bdens siltums\u016bkni un lielu logu. Lieliski piem\u0113rota nelielam birojam vai izst\u0101\u017eu z\u0101lei, inform\u0101cijas kioskam vai d\u0101rza m\u0101ji\u0146ai. B\u012bd\u0101m\u0101s durvis atveras elektriski, un gaisa kondicionieris nodro\u0161ina tie\u0161i pareizo iek\u0161telpu temperat\u016bru. Pateicoties piespiedu ventil\u0101cijai, telp\u0101 vienm\u0113r ir pietiekami daudz gaisa.<\/p>\n<p>Var izmantot, piem\u0113ram, b\u016bvniec\u012bb\u0101, m\u0101jas pagalm\u0101, gadatirgos vai izst\u0101d\u0113s.<\/p>\n<p>Augstas kvalit\u0101tes un reprezentat\u012bvs risin\u0101jums pagaidu papildu telpas ieg\u0101dei.<\/p>\n<h2>P\u0101rvietojama izst\u0101\u017eu z\u0101le Containex Basic &#8211; k\u0101d\u0101 st\u0101vokl\u012b?<\/h2>\n<p>Lietotas kab\u012bnes ir lab\u0101 st\u0101vokl\u012b un kalpos gadiem ilgi jaun\u0101 \u012bpa\u0161nieka rok\u0101s.<br \/>\nIzdev\u012bg\u0101s cenas d\u0113\u013c ir v\u0113rts apsv\u0113rt kab\u012bnes ieg\u0101di, nevis \u012bri.<br \/>\nKab\u012bne kalpo ilgi, un CE mar\u0137\u0113juma kab\u012bn\u0113m ir stabils p\u0113cp\u0101rdo\u0161anas tirgus.<br \/>\nVisas m\u016bsu iznom\u0101t\u0101s m\u0101ji\u0146as ir reprezentablas, t\u012bras un augstas kvalit\u0101tes.<\/p>\n<p>Jebkur\u0101 gad\u012bjum\u0101 m\u0113s atrodam klientam piem\u0113rot\u0101ko risin\u0101jumu un, balstoties uz iepriek\u0161\u0113jo pieredzi, varam sniegt ieteikumus, k\u0101 salikt j\u016bsu vajadz\u012bb\u0101m atbilsto\u0161u m\u0101ji\u0146u.<\/p>\n<h2>M\u0101ji\u0146u transport\u0113\u0161ana<\/h2>\n<p>Iznom\u0101jot vai p\u0101rdodot m\u0101ji\u0146as, m\u0113s izmantojam celt\u0146a automa\u0161\u012bnu, viens modulis tiek uzlikts uz kravas automa\u0161\u012bnas, bet otrs &#8211; uz piekabes.<br \/>\nDivu m\u0101ji\u0146u gad\u012bjum\u0101 m\u0113s nos\u016bt\u0101m mont\u0101\u017eas komandu ar m\u0101ji\u0146u, kas t\u0101s savieno ar eso\u0161ajiem \u0113kas pamatiem.<\/p>\n<p>Mums ir nepiecie\u0161amais apr\u012bkojums, s\u0101kot no konteineru sl\u0113dzen\u0113m l\u012bdz pareizai pacel\u0161anas iek\u0101rtai.<\/p>\n<p>Ar\u012b par jebk\u0101diem transport\u0113\u0161anas laik\u0101 radu\u0161ies boj\u0101jumiem \u0161aj\u0101 gad\u012bjum\u0101 m\u0113s pa\u0161i atbildam.<\/p>\n<p>Viss no vienas vietas, m\u0101ji\u0146u noma ar labiem noteikumiem un augstu kvalit\u0101ti.<\/p>\n<ul>\n<li>Parasti transport\u0113\u0161anai izmantojam <a href=\"https:\/\/www.miil.ee\/lv\/pakalpojumi\/celtnis\/\">celtni<\/a> vai <a href=\"https:\/\/www.miil.ee\/lv\/pakalpojumi\/sanu-iekraveji-sideloader\/\">s\u0101nu iekr\u0101v\u0113ju.<\/a><\/li>\n<li>Sare\u017e\u0123\u012bt\u0101kas vietas risin\u0101m ar auto <a href=\"https:\/\/www.miil.ee\/lv\/pakalpojumi\/ram-pasizgazejs\/\">piekabes pal\u012bdz\u012bbu.<\/a><\/li>\n<\/ul>\n<p>Sekojiet mums <a href=\"https:\/\/www.facebook.com\/merekonteiner\/\">Facebook<\/a> vai <a href=\"https:\/\/www.instagram.com\/ou_miil\/\">Instagram<\/a><\/p>\n","protected":false},"excerpt":{"rendered":"<p>Containex Basic lietot\u0101 p\u0101rvietojam\u0101 izst\u0101\u017eu z\u0101le ir kvalitat\u012bva, labi apr\u012bkota kab\u012bne ar elektrisk\u0101m b\u012bd\u0101maj\u0101m durv\u012bm, kondicionieri un piespiedu ventil\u0101ciju, kas piem\u0113rota birojam, kioskai vai d\u0101rza m\u0101jai. Kab\u012bnes ir lab\u0101 st\u0101vokl\u012b, pieejamas par izdev\u012bgu cenu, un m\u0113s nodro\u0161in\u0101m gan profesion\u0101lu pieg\u0101di, gan ieteikumus atbilsto\u0161i klienta vajadz\u012bb\u0101m.<\/p>\n","protected":false},"featured_media":98497,"comment_status":"closed","ping_status":"closed","template":"","meta":{"_acf_changed":false},"product_cat":[344],"product_tag":[],"class_list":{"0":"post-88703","1":"product","2":"type-product","3":"status-publish","4":"has-post-thumbnail","6":"product_cat-vagonini","8":"first","9":"instock","10":"shipping-taxable","11":"purchasable","12":"product-type-simple"},"acf":[],"yoast_head":"<!-- This site is optimized with the Yoast SEO Premium plugin v23.9 (Yoast SEO v27.5) - https:\/\/yoast.com\/product\/yoast-seo-premium-wordpress\/ -->\n<title>Lietota izst\u0101\u017eu z\u0101le Containex Basic<\/title>\n<meta name=\"description\" content=\"Lietota izst\u0101\u017eu z\u0101le Containex Basic | Mini m\u0101jas un koted\u017eas | Kaj\u012b\u0161u noma un p\u0101rdo\u0161ana | Transports un remonts | Elektr\u012bbas darbi un apkure\" \/>\n<meta name=\"robots\" content=\"index, follow, max-snippet:-1, max-image-preview:large, max-video-preview:-1\" \/>\n<link rel=\"canonical\" href=\"https:\/\/miil.dev.almic.ee\/lv\/toode\/lietota-izstazu-zale-containex-basic\/\" \/>\n<meta property=\"og:locale\" content=\"lv_LV\" \/>\n<meta property=\"og:type\" content=\"article\" \/>\n<meta property=\"og:title\" content=\"Lietotu pre\u010du p\u0101rvietojam\u0101 izst\u0101\u017eu z\u0101le Containex Basic\" \/>\n<meta property=\"og:description\" content=\"Lietota izst\u0101\u017eu z\u0101le Containex Basic | Mini m\u0101jas un koted\u017eas | Kaj\u012b\u0161u noma un p\u0101rdo\u0161ana | Transports un remonts | Elektr\u012bbas darbi un apkure\" \/>\n<meta property=\"og:url\" content=\"https:\/\/miil.dev.almic.ee\/lv\/toode\/lietota-izstazu-zale-containex-basic\/\" \/>\n<meta property=\"og:site_name\" content=\"Miil O\u00dc\" \/>\n<meta property=\"article:publisher\" content=\"https:\/\/www.facebook.com\/konteinerveod\/\" \/>\n<meta property=\"article:modified_time\" content=\"2025-05-15T07:18:53+00:00\" \/>\n<meta property=\"og:image\" content=\"https:\/\/miil.dev.almic.ee\/wp-content\/uploads\/2025\/02\/Kasutatud-muugisalong-Containex-Basic-2-scaled.jpg\" \/>\n\t<meta property=\"og:image:width\" content=\"1900\" \/>\n\t<meta property=\"og:image:height\" content=\"1425\" \/>\n\t<meta property=\"og:image:type\" content=\"image\/jpeg\" \/>\n<meta name=\"twitter:card\" content=\"summary_large_image\" \/>\n<meta name=\"twitter:label1\" content=\"Price\" \/>\n\t<meta name=\"twitter:data1\" content=\"9990,00&nbsp;&euro;\" \/>\n\t<meta name=\"twitter:label2\" content=\"Availability\" \/>\n\t<meta name=\"twitter:data2\" content=\"In stock\" \/>\n<script type=\"application\/ld+json\" class=\"yoast-schema-graph\">{\"@context\":\"https:\\\/\\\/schema.org\",\"@graph\":[{\"@type\":\"WebPage\",\"@id\":\"https:\\\/\\\/miil.dev.almic.ee\\\/lv\\\/toode\\\/lietota-izstazu-zale-containex-basic\\\/\",\"url\":\"https:\\\/\\\/miil.dev.almic.ee\\\/lv\\\/toode\\\/lietota-izstazu-zale-containex-basic\\\/\",\"name\":\"Lietota izst\u0101\u017eu z\u0101le Containex Basic\",\"isPartOf\":{\"@id\":\"https:\\\/\\\/miil.dev.almic.ee\\\/#website\"},\"primaryImageOfPage\":{\"@id\":\"https:\\\/\\\/miil.dev.almic.ee\\\/lv\\\/toode\\\/lietota-izstazu-zale-containex-basic\\\/#primaryimage\"},\"image\":{\"@id\":\"https:\\\/\\\/miil.dev.almic.ee\\\/lv\\\/toode\\\/lietota-izstazu-zale-containex-basic\\\/#primaryimage\"},\"thumbnailUrl\":\"https:\\\/\\\/miil.dev.almic.ee\\\/wp-content\\\/uploads\\\/2025\\\/02\\\/Kasutatud-muugisalong-Containex-Basic-2-scaled.jpg\",\"datePublished\":\"2025-02-26T15:14:56+00:00\",\"dateModified\":\"2025-05-15T07:18:53+00:00\",\"description\":\"Lietota izst\u0101\u017eu z\u0101le Containex Basic | Mini m\u0101jas un koted\u017eas | Kaj\u012b\u0161u noma un p\u0101rdo\u0161ana | Transports un remonts | Elektr\u012bbas darbi un apkure\",\"breadcrumb\":{\"@id\":\"https:\\\/\\\/miil.dev.almic.ee\\\/lv\\\/toode\\\/lietota-izstazu-zale-containex-basic\\\/#breadcrumb\"},\"inLanguage\":\"lv-LV\",\"potentialAction\":[{\"@type\":\"ReadAction\",\"target\":[\"https:\\\/\\\/miil.dev.almic.ee\\\/lv\\\/toode\\\/lietota-izstazu-zale-containex-basic\\\/\"]}]},{\"@type\":\"ImageObject\",\"inLanguage\":\"lv-LV\",\"@id\":\"https:\\\/\\\/miil.dev.almic.ee\\\/lv\\\/toode\\\/lietota-izstazu-zale-containex-basic\\\/#primaryimage\",\"url\":\"https:\\\/\\\/miil.dev.almic.ee\\\/wp-content\\\/uploads\\\/2025\\\/02\\\/Kasutatud-muugisalong-Containex-Basic-2-scaled.jpg\",\"contentUrl\":\"https:\\\/\\\/miil.dev.almic.ee\\\/wp-content\\\/uploads\\\/2025\\\/02\\\/Kasutatud-muugisalong-Containex-Basic-2-scaled.jpg\",\"width\":1900,\"height\":1425},{\"@type\":\"BreadcrumbList\",\"@id\":\"https:\\\/\\\/miil.dev.almic.ee\\\/lv\\\/toode\\\/lietota-izstazu-zale-containex-basic\\\/#breadcrumb\",\"itemListElement\":[{\"@type\":\"ListItem\",\"position\":1,\"name\":\"Home\",\"item\":\"https:\\\/\\\/miil.dev.almic.ee\\\/lv\\\/\"},{\"@type\":\"ListItem\",\"position\":2,\"name\":\"Veikals\",\"item\":\"https:\\\/\\\/miil.dev.almic.ee\\\/lv\\\/veikals\\\/\"},{\"@type\":\"ListItem\",\"position\":3,\"name\":\"Lietotu pre\u010du p\u0101rvietojam\u0101 izst\u0101\u017eu z\u0101le Containex Basic\"}]},{\"@type\":\"WebSite\",\"@id\":\"https:\\\/\\\/miil.dev.almic.ee\\\/#website\",\"url\":\"https:\\\/\\\/miil.dev.almic.ee\\\/\",\"name\":\"Miil O\u00dc\",\"description\":\"Konteinerveod\",\"publisher\":{\"@id\":\"https:\\\/\\\/miil.dev.almic.ee\\\/#organization\"},\"potentialAction\":[{\"@type\":\"SearchAction\",\"target\":{\"@type\":\"EntryPoint\",\"urlTemplate\":\"https:\\\/\\\/miil.dev.almic.ee\\\/?s={search_term_string}\"},\"query-input\":{\"@type\":\"PropertyValueSpecification\",\"valueRequired\":true,\"valueName\":\"search_term_string\"}}],\"inLanguage\":\"lv-LV\"},{\"@type\":\"Organization\",\"@id\":\"https:\\\/\\\/miil.dev.almic.ee\\\/#organization\",\"name\":\"Miil O\u00dc\",\"url\":\"https:\\\/\\\/miil.dev.almic.ee\\\/\",\"logo\":{\"@type\":\"ImageObject\",\"inLanguage\":\"lv-LV\",\"@id\":\"https:\\\/\\\/miil.dev.almic.ee\\\/#\\\/schema\\\/logo\\\/image\\\/\",\"url\":\"https:\\\/\\\/www.miil.ee\\\/wp-content\\\/uploads\\\/2022\\\/02\\\/Miil-logo.svg\",\"contentUrl\":\"https:\\\/\\\/www.miil.ee\\\/wp-content\\\/uploads\\\/2022\\\/02\\\/Miil-logo.svg\",\"width\":\"1024\",\"height\":\"1024\",\"caption\":\"Miil O\u00dc\"},\"image\":{\"@id\":\"https:\\\/\\\/miil.dev.almic.ee\\\/#\\\/schema\\\/logo\\\/image\\\/\"},\"sameAs\":[\"https:\\\/\\\/www.facebook.com\\\/konteinerveod\\\/\",\"https:\\\/\\\/www.instagram.com\\\/ou_miil\\\/\"]}]}<\/script>\n<meta property=\"product:price:amount\" content=\"9990.00\" \/>\n<meta property=\"product:price:currency\" content=\"EUR\" \/>\n<meta property=\"og:availability\" content=\"instock\" \/>\n<meta property=\"product:availability\" content=\"instock\" \/>\n<meta property=\"product:condition\" content=\"new\" \/>\n<!-- \/ Yoast SEO Premium plugin. -->","yoast_head_json":{"title":"Lietota izst\u0101\u017eu z\u0101le Containex Basic","description":"Lietota izst\u0101\u017eu z\u0101le Containex Basic | Mini m\u0101jas un koted\u017eas | Kaj\u012b\u0161u noma un p\u0101rdo\u0161ana | Transports un remonts | Elektr\u012bbas darbi un apkure","robots":{"index":"index","follow":"follow","max-snippet":"max-snippet:-1","max-image-preview":"max-image-preview:large","max-video-preview":"max-video-preview:-1"},"canonical":"https:\/\/miil.dev.almic.ee\/lv\/toode\/lietota-izstazu-zale-containex-basic\/","og_locale":"lv_LV","og_type":"article","og_title":"Lietotu pre\u010du p\u0101rvietojam\u0101 izst\u0101\u017eu z\u0101le Containex Basic","og_description":"Lietota izst\u0101\u017eu z\u0101le Containex Basic | Mini m\u0101jas un koted\u017eas | Kaj\u012b\u0161u noma un p\u0101rdo\u0161ana | Transports un remonts | Elektr\u012bbas darbi un apkure","og_url":"https:\/\/miil.dev.almic.ee\/lv\/toode\/lietota-izstazu-zale-containex-basic\/","og_site_name":"Miil O\u00dc","article_publisher":"https:\/\/www.facebook.com\/konteinerveod\/","article_modified_time":"2025-05-15T07:18:53+00:00","og_image":[{"width":1900,"height":1425,"url":"https:\/\/miil.dev.almic.ee\/wp-content\/uploads\/2025\/02\/Kasutatud-muugisalong-Containex-Basic-2-scaled.jpg","type":"image\/jpeg"}],"twitter_card":"summary_large_image","twitter_misc":{"Price":"9990,00&nbsp;&euro;","Availability":"In stock"},"schema":{"@context":"https:\/\/schema.org","@graph":[{"@type":"WebPage","@id":"https:\/\/miil.dev.almic.ee\/lv\/toode\/lietota-izstazu-zale-containex-basic\/","url":"https:\/\/miil.dev.almic.ee\/lv\/toode\/lietota-izstazu-zale-containex-basic\/","name":"Lietota izst\u0101\u017eu z\u0101le Containex Basic","isPartOf":{"@id":"https:\/\/miil.dev.almic.ee\/#website"},"primaryImageOfPage":{"@id":"https:\/\/miil.dev.almic.ee\/lv\/toode\/lietota-izstazu-zale-containex-basic\/#primaryimage"},"image":{"@id":"https:\/\/miil.dev.almic.ee\/lv\/toode\/lietota-izstazu-zale-containex-basic\/#primaryimage"},"thumbnailUrl":"https:\/\/miil.dev.almic.ee\/wp-content\/uploads\/2025\/02\/Kasutatud-muugisalong-Containex-Basic-2-scaled.jpg","datePublished":"2025-02-26T15:14:56+00:00","dateModified":"2025-05-15T07:18:53+00:00","description":"Lietota izst\u0101\u017eu z\u0101le Containex Basic | Mini m\u0101jas un koted\u017eas | Kaj\u012b\u0161u noma un p\u0101rdo\u0161ana | Transports un remonts | Elektr\u012bbas darbi un apkure","breadcrumb":{"@id":"https:\/\/miil.dev.almic.ee\/lv\/toode\/lietota-izstazu-zale-containex-basic\/#breadcrumb"},"inLanguage":"lv-LV","potentialAction":[{"@type":"ReadAction","target":["https:\/\/miil.dev.almic.ee\/lv\/toode\/lietota-izstazu-zale-containex-basic\/"]}]},{"@type":"ImageObject","inLanguage":"lv-LV","@id":"https:\/\/miil.dev.almic.ee\/lv\/toode\/lietota-izstazu-zale-containex-basic\/#primaryimage","url":"https:\/\/miil.dev.almic.ee\/wp-content\/uploads\/2025\/02\/Kasutatud-muugisalong-Containex-Basic-2-scaled.jpg","contentUrl":"https:\/\/miil.dev.almic.ee\/wp-content\/uploads\/2025\/02\/Kasutatud-muugisalong-Containex-Basic-2-scaled.jpg","width":1900,"height":1425},{"@type":"BreadcrumbList","@id":"https:\/\/miil.dev.almic.ee\/lv\/toode\/lietota-izstazu-zale-containex-basic\/#breadcrumb","itemListElement":[{"@type":"ListItem","position":1,"name":"Home","item":"https:\/\/miil.dev.almic.ee\/lv\/"},{"@type":"ListItem","position":2,"name":"Veikals","item":"https:\/\/miil.dev.almic.ee\/lv\/veikals\/"},{"@type":"ListItem","position":3,"name":"Lietotu pre\u010du p\u0101rvietojam\u0101 izst\u0101\u017eu z\u0101le Containex Basic"}]},{"@type":"WebSite","@id":"https:\/\/miil.dev.almic.ee\/#website","url":"https:\/\/miil.dev.almic.ee\/","name":"Miil O\u00dc","description":"Konteinerveod","publisher":{"@id":"https:\/\/miil.dev.almic.ee\/#organization"},"potentialAction":[{"@type":"SearchAction","target":{"@type":"EntryPoint","urlTemplate":"https:\/\/miil.dev.almic.ee\/?s={search_term_string}"},"query-input":{"@type":"PropertyValueSpecification","valueRequired":true,"valueName":"search_term_string"}}],"inLanguage":"lv-LV"},{"@type":"Organization","@id":"https:\/\/miil.dev.almic.ee\/#organization","name":"Miil O\u00dc","url":"https:\/\/miil.dev.almic.ee\/","logo":{"@type":"ImageObject","inLanguage":"lv-LV","@id":"https:\/\/miil.dev.almic.ee\/#\/schema\/logo\/image\/","url":"https:\/\/www.miil.ee\/wp-content\/uploads\/2022\/02\/Miil-logo.svg","contentUrl":"https:\/\/www.miil.ee\/wp-content\/uploads\/2022\/02\/Miil-logo.svg","width":"1024","height":"1024","caption":"Miil O\u00dc"},"image":{"@id":"https:\/\/miil.dev.almic.ee\/#\/schema\/logo\/image\/"},"sameAs":["https:\/\/www.facebook.com\/konteinerveod\/","https:\/\/www.instagram.com\/ou_miil\/"]}]},"product_price_amount":"9990.00","product_price_currency":"EUR","og_availability":"instock","product_availability":"instock","product_condition":"new"},"_links":{"self":[{"href":"https:\/\/miil.dev.almic.ee\/lv\/wp-json\/wp\/v2\/product\/88703","targetHints":{"allow":["GET"]}}],"collection":[{"href":"https:\/\/miil.dev.almic.ee\/lv\/wp-json\/wp\/v2\/product"}],"about":[{"href":"https:\/\/miil.dev.almic.ee\/lv\/wp-json\/wp\/v2\/types\/product"}],"replies":[{"embeddable":true,"href":"https:\/\/miil.dev.almic.ee\/lv\/wp-json\/wp\/v2\/comments?post=88703"}],"wp:featuredmedia":[{"embeddable":true,"href":"https:\/\/miil.dev.almic.ee\/lv\/wp-json\/wp\/v2\/media\/98497"}],"wp:attachment":[{"href":"https:\/\/miil.dev.almic.ee\/lv\/wp-json\/wp\/v2\/media?parent=88703"}],"wp:term":[{"taxonomy":"product_cat","embeddable":true,"href":"https:\/\/miil.dev.almic.ee\/lv\/wp-json\/wp\/v2\/product_cat?post=88703"},{"taxonomy":"product_tag","embeddable":true,"href":"https:\/\/miil.dev.almic.ee\/lv\/wp-json\/wp\/v2\/product_tag?post=88703"}],"curies":[{"name":"wp","href":"https:\/\/api.w.org\/{rel}","templated":true}]}}