{"id":88034,"date":"2025-02-21T10:16:09","date_gmt":"2025-02-21T08:16:09","guid":{"rendered":"https:\/\/www.miil.ee\/?post_type=product&#038;p=88034"},"modified":"2025-03-18T11:08:10","modified_gmt":"2025-03-18T09:08:10","slug":"lieli-riteni-transportesanas-konteineram","status":"publish","type":"product","link":"https:\/\/miil.dev.almic.ee\/lv\/toode\/lieli-riteni-transportesanas-konteineram\/","title":{"rendered":"Lieli rite\u0146i transport\u0113\u0161anas konteineram (13&#8243;)"},"content":{"rendered":"<p>Lieli rite\u0146i transport\u0113\u0161anas konteineram &#8211; 13 collu lielie rite\u0146i konteineru transport\u0113\u0161anai ir paredz\u0113ti konteineru p\u0101rvad\u0101\u0161anai. Tie ir praktisks risin\u0101jums smagu konteineru \u0113rtai p\u0101rvieto\u0161anai. \u012apa\u0161i situ\u0101cij\u0101s, kad nav pieejams tradicion\u0101ls apr\u012bkojums, piem\u0113ram, celt\u0146i vai specializ\u0113ti transporta l\u012bdzek\u013ci.<\/p>\n<p>\u0160os rite\u0146us var dro\u0161i piestiprin\u0101t pie sl\u0113dzenes atver\u0113m konteinera vien\u0101 gal\u0101. T\u0101d\u0113j\u0101di tiek nodro\u0161in\u0101ta viegla mobilit\u0101te, izmantojot apr\u012bkojumu, piem\u0113ram, iekr\u0101v\u0113ju vai iekr\u0101v\u0113ju, lai paceltu un manevr\u0113tu pret\u0113j\u0101 gal\u0101.<\/p>\n<p>Komplekt\u0101 ietilpst 2 rite\u0146i.<\/p>\n<h2>Lieli rite\u0146i transport\u0113\u0161anas konteineram &#8211; process ir vienk\u0101r\u0161s:<\/h2>\n<ol>\n<li><strong>Piestipriniet rite\u0146us.<\/strong> Nostipriniet 13 collu rite\u0146us pie blo\u0137\u0113\u0161anas caurumiem konteinera vien\u0101 pus\u0113. \u0160ie rite\u0146i parasti ir izstr\u0101d\u0101ti t\u0101, lai tie lieliski ietilptu p\u0101rvad\u0101\u0161anas konteineru standarta blo\u0137\u0113\u0161anas atver\u0113s, nodro\u0161inot stabilu savienojumu.<\/li>\n<li><strong>Paceliet otru galu.<\/strong> Kad rite\u0146i ir novietoti, izmantojiet iekr\u0101v\u0113ju vai iekr\u0101v\u0113ju, lai paceltu konteinera pret\u0113jo galu. \u0160\u012bs ma\u0161\u012bnas var viegli pacelt un atbalst\u012bt konteineru, \u013caujot rite\u0146iem iztur\u0113t svaru otr\u0101 gal\u0101.<\/li>\n<li><strong>P\u0101rvietojiet konteineru.<\/strong> Kad rite\u0146i atrodas viet\u0101 un pret\u0113jais gals ir pacelts, j\u016bs varat s\u0101kt p\u0101rvietot transport\u0113\u0161anas konteineru pa zemi. Rite\u0146i nodro\u0161ina nepiecie\u0161amo mobilit\u0101ti, \u013caujot konteineru manevr\u0113t \u0161aur\u0101s viet\u0101s vai uz kravas automa\u0161\u012bn\u0101m transport\u0113\u0161anai.<\/li>\n<\/ol>\n<p>\u0160\u012b metode padara konteineru p\u0101rvieto\u0161anu efekt\u012bv\u0101ku un var samazin\u0101t nepiecie\u0161am\u012bbu p\u0113c liela, specializ\u0113ta transporta apr\u012bkojuma. Tas ir daudzpus\u012bgs risin\u0101jums, \u012bpa\u0161i noder\u012bgs noliktav\u0101s, dokos un b\u016bvlaukumos. Viet\u0101s, kur konteineri ir \u0101tri un vienk\u0101r\u0161i j\u0101p\u0101rvieto.<\/p>\n<p>Sekojiet mums <a href=\"https:\/\/www.facebook.com\/konteinerveod\/\">Facebook<\/a> vai <a href=\"https:\/\/www.instagram.com\/ou_miil\/\">Instagram<\/a><\/p>\n","protected":false},"excerpt":{"rendered":"<p>13\u00a0collu rite\u0146u izmanto\u0161ana, lai to piestiprin\u0101tu pie transport\u0113\u0161anas konteinera, nodro\u0161ina vienk\u0101r\u0161u un efekt\u012bvu veidu, k\u0101 to p\u0101rvietot ar pamata apr\u012bkojumu, piem\u0113ram, iekr\u0101v\u0113ju vai iekr\u0101v\u0113ju. \u0160is risin\u0101jums vienk\u0101r\u0161o konteineru transport\u0113\u0161anu \u0161aur\u0101s viet\u0101s, nov\u0113r\u0161ot nepiecie\u0161am\u012bbu p\u0113c smagas, specializ\u0113tas tehnikas.<\/p>\n","protected":false},"featured_media":88039,"comment_status":"open","ping_status":"closed","template":"","meta":{"_acf_changed":false},"product_cat":[336],"product_tag":[],"class_list":{"0":"post-88034","1":"product","2":"type-product","3":"status-publish","4":"has-post-thumbnail","6":"product_cat-papildu-piederumi","8":"first","9":"instock","10":"shipping-taxable","11":"purchasable","12":"product-type-simple"},"acf":[],"yoast_head":"<!-- This site is optimized with the Yoast SEO Premium plugin v23.9 (Yoast SEO v27.5) - https:\/\/yoast.com\/product\/yoast-seo-premium-wordpress\/ -->\n<title>Lieli rite\u0146i transport\u0113\u0161anas konteineram - Miil O\u00dc<\/title>\n<meta name=\"description\" content=\"Lieli rite\u0146i transport\u0113\u0161anas konteineram | Konteineru velt\u0146i | J\u016bras konteinera p\u0101rvieto\u0161ana | Konteineru piederumi | Velt\u0146i | Konteineru p\u0101rvad\u0101jumi |\" \/>\n<meta name=\"robots\" content=\"index, follow, max-snippet:-1, max-image-preview:large, max-video-preview:-1\" \/>\n<link rel=\"canonical\" href=\"https:\/\/miil.dev.almic.ee\/lv\/toode\/lieli-riteni-transportesanas-konteineram\/\" \/>\n<meta property=\"og:locale\" content=\"lv_LV\" \/>\n<meta property=\"og:type\" content=\"article\" \/>\n<meta property=\"og:title\" content=\"Lieli rite\u0146i transport\u0113\u0161anas konteineram (13&quot;)\" \/>\n<meta property=\"og:description\" content=\"Lieli rite\u0146i transport\u0113\u0161anas konteineram | Konteineru velt\u0146i | J\u016bras konteinera p\u0101rvieto\u0161ana | Konteineru piederumi | Velt\u0146i | Konteineru p\u0101rvad\u0101jumi |\" \/>\n<meta property=\"og:url\" content=\"https:\/\/miil.dev.almic.ee\/lv\/toode\/lieli-riteni-transportesanas-konteineram\/\" \/>\n<meta property=\"og:site_name\" content=\"Miil O\u00dc\" \/>\n<meta property=\"article:publisher\" content=\"https:\/\/www.facebook.com\/konteinerveod\/\" \/>\n<meta property=\"article:modified_time\" content=\"2025-03-18T09:08:10+00:00\" \/>\n<meta property=\"og:image\" content=\"https:\/\/miil.dev.almic.ee\/wp-content\/uploads\/2025\/02\/Suured-merekonteineri-rattad-1-scaled.jpg\" \/>\n\t<meta property=\"og:image:width\" content=\"1431\" \/>\n\t<meta property=\"og:image:height\" content=\"1900\" \/>\n\t<meta property=\"og:image:type\" content=\"image\/jpeg\" \/>\n<meta name=\"twitter:card\" content=\"summary_large_image\" \/>\n<meta name=\"twitter:label1\" content=\"Price\" \/>\n\t<meta name=\"twitter:data1\" content=\"950,00&nbsp;&euro;\" \/>\n\t<meta name=\"twitter:label2\" content=\"Availability\" \/>\n\t<meta name=\"twitter:data2\" content=\"In stock\" \/>\n<script type=\"application\/ld+json\" class=\"yoast-schema-graph\">{\"@context\":\"https:\\\/\\\/schema.org\",\"@graph\":[{\"@type\":\"WebPage\",\"@id\":\"https:\\\/\\\/miil.dev.almic.ee\\\/lv\\\/toode\\\/lieli-riteni-transportesanas-konteineram\\\/\",\"url\":\"https:\\\/\\\/miil.dev.almic.ee\\\/lv\\\/toode\\\/lieli-riteni-transportesanas-konteineram\\\/\",\"name\":\"Lieli rite\u0146i transport\u0113\u0161anas konteineram - Miil O\u00dc\",\"isPartOf\":{\"@id\":\"https:\\\/\\\/miil.dev.almic.ee\\\/#website\"},\"primaryImageOfPage\":{\"@id\":\"https:\\\/\\\/miil.dev.almic.ee\\\/lv\\\/toode\\\/lieli-riteni-transportesanas-konteineram\\\/#primaryimage\"},\"image\":{\"@id\":\"https:\\\/\\\/miil.dev.almic.ee\\\/lv\\\/toode\\\/lieli-riteni-transportesanas-konteineram\\\/#primaryimage\"},\"thumbnailUrl\":\"https:\\\/\\\/miil.dev.almic.ee\\\/wp-content\\\/uploads\\\/2025\\\/02\\\/Suured-merekonteineri-rattad-1-scaled.jpg\",\"datePublished\":\"2025-02-21T08:16:09+00:00\",\"dateModified\":\"2025-03-18T09:08:10+00:00\",\"description\":\"Lieli rite\u0146i transport\u0113\u0161anas konteineram | Konteineru velt\u0146i | J\u016bras konteinera p\u0101rvieto\u0161ana | Konteineru piederumi | Velt\u0146i | Konteineru p\u0101rvad\u0101jumi |\",\"breadcrumb\":{\"@id\":\"https:\\\/\\\/miil.dev.almic.ee\\\/lv\\\/toode\\\/lieli-riteni-transportesanas-konteineram\\\/#breadcrumb\"},\"inLanguage\":\"lv-LV\",\"potentialAction\":[{\"@type\":\"ReadAction\",\"target\":[\"https:\\\/\\\/miil.dev.almic.ee\\\/lv\\\/toode\\\/lieli-riteni-transportesanas-konteineram\\\/\"]}]},{\"@type\":\"ImageObject\",\"inLanguage\":\"lv-LV\",\"@id\":\"https:\\\/\\\/miil.dev.almic.ee\\\/lv\\\/toode\\\/lieli-riteni-transportesanas-konteineram\\\/#primaryimage\",\"url\":\"https:\\\/\\\/miil.dev.almic.ee\\\/wp-content\\\/uploads\\\/2025\\\/02\\\/Suured-merekonteineri-rattad-1-scaled.jpg\",\"contentUrl\":\"https:\\\/\\\/miil.dev.almic.ee\\\/wp-content\\\/uploads\\\/2025\\\/02\\\/Suured-merekonteineri-rattad-1-scaled.jpg\",\"width\":1431,\"height\":1900},{\"@type\":\"BreadcrumbList\",\"@id\":\"https:\\\/\\\/miil.dev.almic.ee\\\/lv\\\/toode\\\/lieli-riteni-transportesanas-konteineram\\\/#breadcrumb\",\"itemListElement\":[{\"@type\":\"ListItem\",\"position\":1,\"name\":\"Home\",\"item\":\"https:\\\/\\\/miil.dev.almic.ee\\\/lv\\\/\"},{\"@type\":\"ListItem\",\"position\":2,\"name\":\"Veikals\",\"item\":\"https:\\\/\\\/miil.dev.almic.ee\\\/lv\\\/veikals\\\/\"},{\"@type\":\"ListItem\",\"position\":3,\"name\":\"Lieli rite\u0146i transport\u0113\u0161anas konteineram (13&#8243;)\"}]},{\"@type\":\"WebSite\",\"@id\":\"https:\\\/\\\/miil.dev.almic.ee\\\/#website\",\"url\":\"https:\\\/\\\/miil.dev.almic.ee\\\/\",\"name\":\"Miil O\u00dc\",\"description\":\"Konteinerveod\",\"publisher\":{\"@id\":\"https:\\\/\\\/miil.dev.almic.ee\\\/#organization\"},\"potentialAction\":[{\"@type\":\"SearchAction\",\"target\":{\"@type\":\"EntryPoint\",\"urlTemplate\":\"https:\\\/\\\/miil.dev.almic.ee\\\/?s={search_term_string}\"},\"query-input\":{\"@type\":\"PropertyValueSpecification\",\"valueRequired\":true,\"valueName\":\"search_term_string\"}}],\"inLanguage\":\"lv-LV\"},{\"@type\":\"Organization\",\"@id\":\"https:\\\/\\\/miil.dev.almic.ee\\\/#organization\",\"name\":\"Miil O\u00dc\",\"url\":\"https:\\\/\\\/miil.dev.almic.ee\\\/\",\"logo\":{\"@type\":\"ImageObject\",\"inLanguage\":\"lv-LV\",\"@id\":\"https:\\\/\\\/miil.dev.almic.ee\\\/#\\\/schema\\\/logo\\\/image\\\/\",\"url\":\"https:\\\/\\\/www.miil.ee\\\/wp-content\\\/uploads\\\/2022\\\/02\\\/Miil-logo.svg\",\"contentUrl\":\"https:\\\/\\\/www.miil.ee\\\/wp-content\\\/uploads\\\/2022\\\/02\\\/Miil-logo.svg\",\"width\":\"1024\",\"height\":\"1024\",\"caption\":\"Miil O\u00dc\"},\"image\":{\"@id\":\"https:\\\/\\\/miil.dev.almic.ee\\\/#\\\/schema\\\/logo\\\/image\\\/\"},\"sameAs\":[\"https:\\\/\\\/www.facebook.com\\\/konteinerveod\\\/\",\"https:\\\/\\\/www.instagram.com\\\/ou_miil\\\/\"]}]}<\/script>\n<meta property=\"product:price:amount\" content=\"950.00\" \/>\n<meta property=\"product:price:currency\" content=\"EUR\" \/>\n<meta property=\"og:availability\" content=\"instock\" \/>\n<meta property=\"product:availability\" content=\"instock\" \/>\n<meta property=\"product:condition\" content=\"new\" \/>\n<!-- \/ Yoast SEO Premium plugin. -->","yoast_head_json":{"title":"Lieli rite\u0146i transport\u0113\u0161anas konteineram - Miil O\u00dc","description":"Lieli rite\u0146i transport\u0113\u0161anas konteineram | Konteineru velt\u0146i | J\u016bras konteinera p\u0101rvieto\u0161ana | Konteineru piederumi | Velt\u0146i | Konteineru p\u0101rvad\u0101jumi |","robots":{"index":"index","follow":"follow","max-snippet":"max-snippet:-1","max-image-preview":"max-image-preview:large","max-video-preview":"max-video-preview:-1"},"canonical":"https:\/\/miil.dev.almic.ee\/lv\/toode\/lieli-riteni-transportesanas-konteineram\/","og_locale":"lv_LV","og_type":"article","og_title":"Lieli rite\u0146i transport\u0113\u0161anas konteineram (13\")","og_description":"Lieli rite\u0146i transport\u0113\u0161anas konteineram | Konteineru velt\u0146i | J\u016bras konteinera p\u0101rvieto\u0161ana | Konteineru piederumi | Velt\u0146i | Konteineru p\u0101rvad\u0101jumi |","og_url":"https:\/\/miil.dev.almic.ee\/lv\/toode\/lieli-riteni-transportesanas-konteineram\/","og_site_name":"Miil O\u00dc","article_publisher":"https:\/\/www.facebook.com\/konteinerveod\/","article_modified_time":"2025-03-18T09:08:10+00:00","og_image":[{"width":1431,"height":1900,"url":"https:\/\/miil.dev.almic.ee\/wp-content\/uploads\/2025\/02\/Suured-merekonteineri-rattad-1-scaled.jpg","type":"image\/jpeg"}],"twitter_card":"summary_large_image","twitter_misc":{"Price":"950,00&nbsp;&euro;","Availability":"In stock"},"schema":{"@context":"https:\/\/schema.org","@graph":[{"@type":"WebPage","@id":"https:\/\/miil.dev.almic.ee\/lv\/toode\/lieli-riteni-transportesanas-konteineram\/","url":"https:\/\/miil.dev.almic.ee\/lv\/toode\/lieli-riteni-transportesanas-konteineram\/","name":"Lieli rite\u0146i transport\u0113\u0161anas konteineram - Miil O\u00dc","isPartOf":{"@id":"https:\/\/miil.dev.almic.ee\/#website"},"primaryImageOfPage":{"@id":"https:\/\/miil.dev.almic.ee\/lv\/toode\/lieli-riteni-transportesanas-konteineram\/#primaryimage"},"image":{"@id":"https:\/\/miil.dev.almic.ee\/lv\/toode\/lieli-riteni-transportesanas-konteineram\/#primaryimage"},"thumbnailUrl":"https:\/\/miil.dev.almic.ee\/wp-content\/uploads\/2025\/02\/Suured-merekonteineri-rattad-1-scaled.jpg","datePublished":"2025-02-21T08:16:09+00:00","dateModified":"2025-03-18T09:08:10+00:00","description":"Lieli rite\u0146i transport\u0113\u0161anas konteineram | Konteineru velt\u0146i | J\u016bras konteinera p\u0101rvieto\u0161ana | Konteineru piederumi | Velt\u0146i | Konteineru p\u0101rvad\u0101jumi |","breadcrumb":{"@id":"https:\/\/miil.dev.almic.ee\/lv\/toode\/lieli-riteni-transportesanas-konteineram\/#breadcrumb"},"inLanguage":"lv-LV","potentialAction":[{"@type":"ReadAction","target":["https:\/\/miil.dev.almic.ee\/lv\/toode\/lieli-riteni-transportesanas-konteineram\/"]}]},{"@type":"ImageObject","inLanguage":"lv-LV","@id":"https:\/\/miil.dev.almic.ee\/lv\/toode\/lieli-riteni-transportesanas-konteineram\/#primaryimage","url":"https:\/\/miil.dev.almic.ee\/wp-content\/uploads\/2025\/02\/Suured-merekonteineri-rattad-1-scaled.jpg","contentUrl":"https:\/\/miil.dev.almic.ee\/wp-content\/uploads\/2025\/02\/Suured-merekonteineri-rattad-1-scaled.jpg","width":1431,"height":1900},{"@type":"BreadcrumbList","@id":"https:\/\/miil.dev.almic.ee\/lv\/toode\/lieli-riteni-transportesanas-konteineram\/#breadcrumb","itemListElement":[{"@type":"ListItem","position":1,"name":"Home","item":"https:\/\/miil.dev.almic.ee\/lv\/"},{"@type":"ListItem","position":2,"name":"Veikals","item":"https:\/\/miil.dev.almic.ee\/lv\/veikals\/"},{"@type":"ListItem","position":3,"name":"Lieli rite\u0146i transport\u0113\u0161anas konteineram (13&#8243;)"}]},{"@type":"WebSite","@id":"https:\/\/miil.dev.almic.ee\/#website","url":"https:\/\/miil.dev.almic.ee\/","name":"Miil O\u00dc","description":"Konteinerveod","publisher":{"@id":"https:\/\/miil.dev.almic.ee\/#organization"},"potentialAction":[{"@type":"SearchAction","target":{"@type":"EntryPoint","urlTemplate":"https:\/\/miil.dev.almic.ee\/?s={search_term_string}"},"query-input":{"@type":"PropertyValueSpecification","valueRequired":true,"valueName":"search_term_string"}}],"inLanguage":"lv-LV"},{"@type":"Organization","@id":"https:\/\/miil.dev.almic.ee\/#organization","name":"Miil O\u00dc","url":"https:\/\/miil.dev.almic.ee\/","logo":{"@type":"ImageObject","inLanguage":"lv-LV","@id":"https:\/\/miil.dev.almic.ee\/#\/schema\/logo\/image\/","url":"https:\/\/www.miil.ee\/wp-content\/uploads\/2022\/02\/Miil-logo.svg","contentUrl":"https:\/\/www.miil.ee\/wp-content\/uploads\/2022\/02\/Miil-logo.svg","width":"1024","height":"1024","caption":"Miil O\u00dc"},"image":{"@id":"https:\/\/miil.dev.almic.ee\/#\/schema\/logo\/image\/"},"sameAs":["https:\/\/www.facebook.com\/konteinerveod\/","https:\/\/www.instagram.com\/ou_miil\/"]}]},"product_price_amount":"950.00","product_price_currency":"EUR","og_availability":"instock","product_availability":"instock","product_condition":"new"},"_links":{"self":[{"href":"https:\/\/miil.dev.almic.ee\/lv\/wp-json\/wp\/v2\/product\/88034","targetHints":{"allow":["GET"]}}],"collection":[{"href":"https:\/\/miil.dev.almic.ee\/lv\/wp-json\/wp\/v2\/product"}],"about":[{"href":"https:\/\/miil.dev.almic.ee\/lv\/wp-json\/wp\/v2\/types\/product"}],"replies":[{"embeddable":true,"href":"https:\/\/miil.dev.almic.ee\/lv\/wp-json\/wp\/v2\/comments?post=88034"}],"wp:featuredmedia":[{"embeddable":true,"href":"https:\/\/miil.dev.almic.ee\/lv\/wp-json\/wp\/v2\/media\/88039"}],"wp:attachment":[{"href":"https:\/\/miil.dev.almic.ee\/lv\/wp-json\/wp\/v2\/media?parent=88034"}],"wp:term":[{"taxonomy":"product_cat","embeddable":true,"href":"https:\/\/miil.dev.almic.ee\/lv\/wp-json\/wp\/v2\/product_cat?post=88034"},{"taxonomy":"product_tag","embeddable":true,"href":"https:\/\/miil.dev.almic.ee\/lv\/wp-json\/wp\/v2\/product_tag?post=88034"}],"curies":[{"name":"wp","href":"https:\/\/api.w.org\/{rel}","templated":true}]}}