{"id":87786,"date":"2025-02-17T09:17:29","date_gmt":"2025-02-17T07:17:29","guid":{"rendered":"https:\/\/www.miil.ee\/?post_type=product&#038;p=87786"},"modified":"2025-02-25T16:09:30","modified_gmt":"2025-02-25T14:09:30","slug":"biroja-kabinu-uzkopsanas-pakalpojums","status":"publish","type":"product","link":"https:\/\/miil.dev.almic.ee\/lv\/toode\/biroja-kabinu-uzkopsanas-pakalpojums\/","title":{"rendered":"Siltin\u0101to biroja kab\u012b\u0146u uzkop\u0161anas pakalpojums"},"content":{"rendered":"<h1>Biroja kab\u012b\u0146u uzkop\u0161anas pakalpojums<\/h1>\n<p>Biroja kab\u012b\u0146u uzkop\u0161anas pakalpojums &#8211; M\u0113s pied\u0101v\u0101jam profesion\u0101lus uzkop\u0161anas pakalpojumus, kas piel\u0101goti biroja kaj\u012bt\u0113m, nodro\u0161inot nevainojamu, sak\u0101rtotu un vesel\u012bgu darba telpu. M\u016bsu komanda izmanto augstas kvalit\u0101tes t\u012br\u012b\u0161anas l\u012bdzek\u013cus un efekt\u012bvas metodes, lai uztur\u0113tu t\u012br\u012bbu. T\u0101d\u0113j\u0101di uzlabojot produktivit\u0101ti un radot darbiniekiem un klientiem labv\u0113l\u012bgu vidi.<\/p>\n<p>Neatkar\u012bgi no t\u0101, vai t\u0101 ir ikdienas apkope vai dzi\u013ca t\u012br\u012b\u0161ana, m\u0113s apmierin\u0101m j\u016bsu \u012bpa\u0161\u0101s vajadz\u012bbas, nodro\u0161inot piel\u0101gotu pakalpojumu, kas neman\u0101mi iek\u013caujas j\u016bsu biroja rut\u012bn\u0101. \u013baujiet mums pal\u012bdz\u0113t uztur\u0113t t\u012bru un profesion\u0101lu atmosf\u0113ru, izmantojot m\u016bsu uzticamos un r\u016bp\u012bgos t\u012br\u012b\u0161anas risin\u0101jumus.<\/p>\n<h2>Cenas<\/h2>\n<p>Cena 29.- +PVN par izol\u0113tu biroja kab\u012bnes bloka moduli.<br \/>\nMinim\u0101lais pas\u016bt\u012bjums ir tr\u012bs biroja kaj\u012btes jeb 87.- +km (Tallin\u0101)<br \/>\n\u0100rpus Tallinas 0,7- +PVN\/kilometrs.<\/p>\n<h2>Siltin\u0101to biroja kab\u012b\u0146u uzkop\u0161anas serviss \u2013 Pakalpojum\u0101 ietilpst<\/h2>\n<ul>\n<li>Horizont\u0101l\u0101s virsmas t\u012br\u012b\u0161ana no putek\u013ciem<\/li>\n<li>Sanit\u0101ro telpu mitr\u0101 t\u012br\u012b\u0161ana<\/li>\n<li>Gr\u012bdu t\u012br\u012b\u0161ana ar zemu mitrumu<\/li>\n<li>M\u0113be\u013cu t\u012br\u012b\u0161ana uz vietas (ja nepiecie\u0161ams)<\/li>\n<\/ul>\n<p><strong>Priek\u0161nosac\u012bjumi pakalpojuma snieg\u0161anai:<\/strong><br \/>\nPakalpojuma pas\u016bt\u012bt\u0101js nodro\u0161ina Izpild\u012bt\u0101ja p\u0101rst\u0101vi un visus Izpild\u012bt\u0101ja darbiniekus uz vietas ar pakalpojuma snieg\u0161anai nepiecie\u0161amaj\u0101m atsl\u0113g\u0101m vai piek\u013cuves kart\u0113m. Pas\u016bt\u012bt\u0101js nodro\u0161ina Izpild\u012bt\u0101jam ar\u012b nepiecie\u0161amo dokument\u0101ciju un inform\u0101ciju par Pas\u016bt\u012bt\u0101ja telp\u0101s sp\u0113k\u0101 eso\u0161ajiem visp\u0101r\u012bgajiem darba un ugunsdro\u0161\u012bbas noteikumiem.<\/p>\n<p>Sekojiet mums <a href=\"https:\/\/www.facebook.com\/merekonteiner\">Facebook<\/a> vai <a href=\"https:\/\/www.instagram.com\/ou_miil\/\">Instagram.<\/a><\/p>\n","protected":false},"excerpt":{"rendered":"<p>M\u0113s pied\u0101v\u0101jam profesion\u0101lus uzkop\u0161anas pakalpojumus, kas piel\u0101goti j\u016bsu vajadz\u012bb\u0101m, nodro\u0161inot t\u012bru un sak\u0101rtotu darba telpu. M\u016bsu komanda izmanto augstas kvalit\u0101tes produktus un efekt\u012bvas metodes, lai uztur\u0113tu t\u012br\u012bbu, radot viesm\u012bl\u012bgu vidi darbiniekiem un klientiem.<\/p>\n","protected":false},"featured_media":88470,"comment_status":"closed","ping_status":"closed","template":"","meta":{"_acf_changed":false},"product_cat":[336,344,408],"product_tag":[],"class_list":{"0":"post-87786","1":"product","2":"type-product","3":"status-publish","4":"has-post-thumbnail","6":"product_cat-papildu-piederumi","7":"product_cat-vagonini","8":"product_cat-jauni-vagonini","10":"first","11":"instock","12":"shipping-taxable","13":"purchasable","14":"product-type-simple"},"acf":[],"yoast_head":"<!-- This site is optimized with the Yoast SEO Premium plugin v23.9 (Yoast SEO v27.5) - https:\/\/yoast.com\/product\/yoast-seo-premium-wordpress\/ -->\n<title>Biroja kab\u012b\u0146u uzkop\u0161anas pakalpojums - Miil O\u00dc - Containex<\/title>\n<meta name=\"description\" content=\"Biroja kab\u012b\u0146u uzkop\u0161anas pakalpojums | Salona t\u012br\u012b\u0161ana | Biroja kab\u012bnes k\u0101pnes | Uzkop\u0161anas pakalpojums | j\u016bras konteineru piederumi |\" \/>\n<meta name=\"robots\" content=\"index, follow, max-snippet:-1, max-image-preview:large, max-video-preview:-1\" \/>\n<link rel=\"canonical\" href=\"https:\/\/miil.dev.almic.ee\/lv\/toode\/biroja-kabinu-uzkopsanas-pakalpojums\/\" \/>\n<meta property=\"og:locale\" content=\"lv_LV\" \/>\n<meta property=\"og:type\" content=\"article\" \/>\n<meta property=\"og:title\" content=\"Siltin\u0101to biroja kab\u012b\u0146u uzkop\u0161anas pakalpojums\" \/>\n<meta property=\"og:description\" content=\"Biroja kab\u012b\u0146u uzkop\u0161anas pakalpojums | Salona t\u012br\u012b\u0161ana | Biroja kab\u012bnes k\u0101pnes | Uzkop\u0161anas pakalpojums | j\u016bras konteineru piederumi |\" \/>\n<meta property=\"og:url\" content=\"https:\/\/miil.dev.almic.ee\/lv\/toode\/biroja-kabinu-uzkopsanas-pakalpojums\/\" \/>\n<meta property=\"og:site_name\" content=\"Miil O\u00dc\" \/>\n<meta property=\"article:publisher\" content=\"https:\/\/www.facebook.com\/konteinerveod\/\" \/>\n<meta property=\"article:modified_time\" content=\"2025-02-25T14:09:30+00:00\" \/>\n<meta property=\"og:image\" content=\"https:\/\/miil.dev.almic.ee\/wp-content\/uploads\/2025\/02\/Soojakute-koristusteenus-scaled.jpg\" \/>\n\t<meta property=\"og:image:width\" content=\"1431\" \/>\n\t<meta property=\"og:image:height\" content=\"1900\" \/>\n\t<meta property=\"og:image:type\" content=\"image\/jpeg\" \/>\n<meta name=\"twitter:card\" content=\"summary_large_image\" \/>\n<meta name=\"twitter:label1\" content=\"Price\" \/>\n\t<meta name=\"twitter:data1\" content=\"87,00&nbsp;&euro;\" \/>\n\t<meta name=\"twitter:label2\" content=\"Availability\" \/>\n\t<meta name=\"twitter:data2\" content=\"In stock\" \/>\n<script type=\"application\/ld+json\" class=\"yoast-schema-graph\">{\"@context\":\"https:\\\/\\\/schema.org\",\"@graph\":[{\"@type\":\"WebPage\",\"@id\":\"https:\\\/\\\/miil.dev.almic.ee\\\/lv\\\/toode\\\/biroja-kabinu-uzkopsanas-pakalpojums\\\/\",\"url\":\"https:\\\/\\\/miil.dev.almic.ee\\\/lv\\\/toode\\\/biroja-kabinu-uzkopsanas-pakalpojums\\\/\",\"name\":\"Biroja kab\u012b\u0146u uzkop\u0161anas pakalpojums - Miil O\u00dc - Containex\",\"isPartOf\":{\"@id\":\"https:\\\/\\\/miil.dev.almic.ee\\\/#website\"},\"primaryImageOfPage\":{\"@id\":\"https:\\\/\\\/miil.dev.almic.ee\\\/lv\\\/toode\\\/biroja-kabinu-uzkopsanas-pakalpojums\\\/#primaryimage\"},\"image\":{\"@id\":\"https:\\\/\\\/miil.dev.almic.ee\\\/lv\\\/toode\\\/biroja-kabinu-uzkopsanas-pakalpojums\\\/#primaryimage\"},\"thumbnailUrl\":\"https:\\\/\\\/miil.dev.almic.ee\\\/wp-content\\\/uploads\\\/2025\\\/02\\\/Soojakute-koristusteenus-scaled.jpg\",\"datePublished\":\"2025-02-17T07:17:29+00:00\",\"dateModified\":\"2025-02-25T14:09:30+00:00\",\"description\":\"Biroja kab\u012b\u0146u uzkop\u0161anas pakalpojums | Salona t\u012br\u012b\u0161ana | Biroja kab\u012bnes k\u0101pnes | Uzkop\u0161anas pakalpojums | j\u016bras konteineru piederumi |\",\"breadcrumb\":{\"@id\":\"https:\\\/\\\/miil.dev.almic.ee\\\/lv\\\/toode\\\/biroja-kabinu-uzkopsanas-pakalpojums\\\/#breadcrumb\"},\"inLanguage\":\"lv-LV\",\"potentialAction\":[{\"@type\":\"ReadAction\",\"target\":[\"https:\\\/\\\/miil.dev.almic.ee\\\/lv\\\/toode\\\/biroja-kabinu-uzkopsanas-pakalpojums\\\/\"]}]},{\"@type\":\"ImageObject\",\"inLanguage\":\"lv-LV\",\"@id\":\"https:\\\/\\\/miil.dev.almic.ee\\\/lv\\\/toode\\\/biroja-kabinu-uzkopsanas-pakalpojums\\\/#primaryimage\",\"url\":\"https:\\\/\\\/miil.dev.almic.ee\\\/wp-content\\\/uploads\\\/2025\\\/02\\\/Soojakute-koristusteenus-scaled.jpg\",\"contentUrl\":\"https:\\\/\\\/miil.dev.almic.ee\\\/wp-content\\\/uploads\\\/2025\\\/02\\\/Soojakute-koristusteenus-scaled.jpg\",\"width\":1431,\"height\":1900},{\"@type\":\"BreadcrumbList\",\"@id\":\"https:\\\/\\\/miil.dev.almic.ee\\\/lv\\\/toode\\\/biroja-kabinu-uzkopsanas-pakalpojums\\\/#breadcrumb\",\"itemListElement\":[{\"@type\":\"ListItem\",\"position\":1,\"name\":\"Home\",\"item\":\"https:\\\/\\\/miil.dev.almic.ee\\\/lv\\\/\"},{\"@type\":\"ListItem\",\"position\":2,\"name\":\"Veikals\",\"item\":\"https:\\\/\\\/miil.dev.almic.ee\\\/lv\\\/veikals\\\/\"},{\"@type\":\"ListItem\",\"position\":3,\"name\":\"Siltin\u0101to biroja kab\u012b\u0146u uzkop\u0161anas pakalpojums\"}]},{\"@type\":\"WebSite\",\"@id\":\"https:\\\/\\\/miil.dev.almic.ee\\\/#website\",\"url\":\"https:\\\/\\\/miil.dev.almic.ee\\\/\",\"name\":\"Miil O\u00dc\",\"description\":\"Konteinerveod\",\"publisher\":{\"@id\":\"https:\\\/\\\/miil.dev.almic.ee\\\/#organization\"},\"potentialAction\":[{\"@type\":\"SearchAction\",\"target\":{\"@type\":\"EntryPoint\",\"urlTemplate\":\"https:\\\/\\\/miil.dev.almic.ee\\\/?s={search_term_string}\"},\"query-input\":{\"@type\":\"PropertyValueSpecification\",\"valueRequired\":true,\"valueName\":\"search_term_string\"}}],\"inLanguage\":\"lv-LV\"},{\"@type\":\"Organization\",\"@id\":\"https:\\\/\\\/miil.dev.almic.ee\\\/#organization\",\"name\":\"Miil O\u00dc\",\"url\":\"https:\\\/\\\/miil.dev.almic.ee\\\/\",\"logo\":{\"@type\":\"ImageObject\",\"inLanguage\":\"lv-LV\",\"@id\":\"https:\\\/\\\/miil.dev.almic.ee\\\/#\\\/schema\\\/logo\\\/image\\\/\",\"url\":\"https:\\\/\\\/www.miil.ee\\\/wp-content\\\/uploads\\\/2022\\\/02\\\/Miil-logo.svg\",\"contentUrl\":\"https:\\\/\\\/www.miil.ee\\\/wp-content\\\/uploads\\\/2022\\\/02\\\/Miil-logo.svg\",\"width\":\"1024\",\"height\":\"1024\",\"caption\":\"Miil O\u00dc\"},\"image\":{\"@id\":\"https:\\\/\\\/miil.dev.almic.ee\\\/#\\\/schema\\\/logo\\\/image\\\/\"},\"sameAs\":[\"https:\\\/\\\/www.facebook.com\\\/konteinerveod\\\/\",\"https:\\\/\\\/www.instagram.com\\\/ou_miil\\\/\"]}]}<\/script>\n<meta property=\"product:price:amount\" content=\"87.00\" \/>\n<meta property=\"product:price:currency\" content=\"EUR\" \/>\n<meta property=\"og:availability\" content=\"instock\" \/>\n<meta property=\"product:availability\" content=\"instock\" \/>\n<meta property=\"product:retailer_item_id\" content=\"Koristusteenus\" \/>\n<meta property=\"product:condition\" content=\"new\" \/>\n<!-- \/ Yoast SEO Premium plugin. -->","yoast_head_json":{"title":"Biroja kab\u012b\u0146u uzkop\u0161anas pakalpojums - Miil O\u00dc - Containex","description":"Biroja kab\u012b\u0146u uzkop\u0161anas pakalpojums | Salona t\u012br\u012b\u0161ana | Biroja kab\u012bnes k\u0101pnes | Uzkop\u0161anas pakalpojums | j\u016bras konteineru piederumi |","robots":{"index":"index","follow":"follow","max-snippet":"max-snippet:-1","max-image-preview":"max-image-preview:large","max-video-preview":"max-video-preview:-1"},"canonical":"https:\/\/miil.dev.almic.ee\/lv\/toode\/biroja-kabinu-uzkopsanas-pakalpojums\/","og_locale":"lv_LV","og_type":"article","og_title":"Siltin\u0101to biroja kab\u012b\u0146u uzkop\u0161anas pakalpojums","og_description":"Biroja kab\u012b\u0146u uzkop\u0161anas pakalpojums | Salona t\u012br\u012b\u0161ana | Biroja kab\u012bnes k\u0101pnes | Uzkop\u0161anas pakalpojums | j\u016bras konteineru piederumi |","og_url":"https:\/\/miil.dev.almic.ee\/lv\/toode\/biroja-kabinu-uzkopsanas-pakalpojums\/","og_site_name":"Miil O\u00dc","article_publisher":"https:\/\/www.facebook.com\/konteinerveod\/","article_modified_time":"2025-02-25T14:09:30+00:00","og_image":[{"width":1431,"height":1900,"url":"https:\/\/miil.dev.almic.ee\/wp-content\/uploads\/2025\/02\/Soojakute-koristusteenus-scaled.jpg","type":"image\/jpeg"}],"twitter_card":"summary_large_image","twitter_misc":{"Price":"87,00&nbsp;&euro;","Availability":"In stock"},"schema":{"@context":"https:\/\/schema.org","@graph":[{"@type":"WebPage","@id":"https:\/\/miil.dev.almic.ee\/lv\/toode\/biroja-kabinu-uzkopsanas-pakalpojums\/","url":"https:\/\/miil.dev.almic.ee\/lv\/toode\/biroja-kabinu-uzkopsanas-pakalpojums\/","name":"Biroja kab\u012b\u0146u uzkop\u0161anas pakalpojums - Miil O\u00dc - Containex","isPartOf":{"@id":"https:\/\/miil.dev.almic.ee\/#website"},"primaryImageOfPage":{"@id":"https:\/\/miil.dev.almic.ee\/lv\/toode\/biroja-kabinu-uzkopsanas-pakalpojums\/#primaryimage"},"image":{"@id":"https:\/\/miil.dev.almic.ee\/lv\/toode\/biroja-kabinu-uzkopsanas-pakalpojums\/#primaryimage"},"thumbnailUrl":"https:\/\/miil.dev.almic.ee\/wp-content\/uploads\/2025\/02\/Soojakute-koristusteenus-scaled.jpg","datePublished":"2025-02-17T07:17:29+00:00","dateModified":"2025-02-25T14:09:30+00:00","description":"Biroja kab\u012b\u0146u uzkop\u0161anas pakalpojums | Salona t\u012br\u012b\u0161ana | Biroja kab\u012bnes k\u0101pnes | Uzkop\u0161anas pakalpojums | j\u016bras konteineru piederumi |","breadcrumb":{"@id":"https:\/\/miil.dev.almic.ee\/lv\/toode\/biroja-kabinu-uzkopsanas-pakalpojums\/#breadcrumb"},"inLanguage":"lv-LV","potentialAction":[{"@type":"ReadAction","target":["https:\/\/miil.dev.almic.ee\/lv\/toode\/biroja-kabinu-uzkopsanas-pakalpojums\/"]}]},{"@type":"ImageObject","inLanguage":"lv-LV","@id":"https:\/\/miil.dev.almic.ee\/lv\/toode\/biroja-kabinu-uzkopsanas-pakalpojums\/#primaryimage","url":"https:\/\/miil.dev.almic.ee\/wp-content\/uploads\/2025\/02\/Soojakute-koristusteenus-scaled.jpg","contentUrl":"https:\/\/miil.dev.almic.ee\/wp-content\/uploads\/2025\/02\/Soojakute-koristusteenus-scaled.jpg","width":1431,"height":1900},{"@type":"BreadcrumbList","@id":"https:\/\/miil.dev.almic.ee\/lv\/toode\/biroja-kabinu-uzkopsanas-pakalpojums\/#breadcrumb","itemListElement":[{"@type":"ListItem","position":1,"name":"Home","item":"https:\/\/miil.dev.almic.ee\/lv\/"},{"@type":"ListItem","position":2,"name":"Veikals","item":"https:\/\/miil.dev.almic.ee\/lv\/veikals\/"},{"@type":"ListItem","position":3,"name":"Siltin\u0101to biroja kab\u012b\u0146u uzkop\u0161anas pakalpojums"}]},{"@type":"WebSite","@id":"https:\/\/miil.dev.almic.ee\/#website","url":"https:\/\/miil.dev.almic.ee\/","name":"Miil O\u00dc","description":"Konteinerveod","publisher":{"@id":"https:\/\/miil.dev.almic.ee\/#organization"},"potentialAction":[{"@type":"SearchAction","target":{"@type":"EntryPoint","urlTemplate":"https:\/\/miil.dev.almic.ee\/?s={search_term_string}"},"query-input":{"@type":"PropertyValueSpecification","valueRequired":true,"valueName":"search_term_string"}}],"inLanguage":"lv-LV"},{"@type":"Organization","@id":"https:\/\/miil.dev.almic.ee\/#organization","name":"Miil O\u00dc","url":"https:\/\/miil.dev.almic.ee\/","logo":{"@type":"ImageObject","inLanguage":"lv-LV","@id":"https:\/\/miil.dev.almic.ee\/#\/schema\/logo\/image\/","url":"https:\/\/www.miil.ee\/wp-content\/uploads\/2022\/02\/Miil-logo.svg","contentUrl":"https:\/\/www.miil.ee\/wp-content\/uploads\/2022\/02\/Miil-logo.svg","width":"1024","height":"1024","caption":"Miil O\u00dc"},"image":{"@id":"https:\/\/miil.dev.almic.ee\/#\/schema\/logo\/image\/"},"sameAs":["https:\/\/www.facebook.com\/konteinerveod\/","https:\/\/www.instagram.com\/ou_miil\/"]}]},"product_price_amount":"87.00","product_price_currency":"EUR","og_availability":"instock","product_availability":"instock","product_retailer_item_id":"Koristusteenus","product_condition":"new"},"_links":{"self":[{"href":"https:\/\/miil.dev.almic.ee\/lv\/wp-json\/wp\/v2\/product\/87786","targetHints":{"allow":["GET"]}}],"collection":[{"href":"https:\/\/miil.dev.almic.ee\/lv\/wp-json\/wp\/v2\/product"}],"about":[{"href":"https:\/\/miil.dev.almic.ee\/lv\/wp-json\/wp\/v2\/types\/product"}],"replies":[{"embeddable":true,"href":"https:\/\/miil.dev.almic.ee\/lv\/wp-json\/wp\/v2\/comments?post=87786"}],"wp:featuredmedia":[{"embeddable":true,"href":"https:\/\/miil.dev.almic.ee\/lv\/wp-json\/wp\/v2\/media\/88470"}],"wp:attachment":[{"href":"https:\/\/miil.dev.almic.ee\/lv\/wp-json\/wp\/v2\/media?parent=87786"}],"wp:term":[{"taxonomy":"product_cat","embeddable":true,"href":"https:\/\/miil.dev.almic.ee\/lv\/wp-json\/wp\/v2\/product_cat?post=87786"},{"taxonomy":"product_tag","embeddable":true,"href":"https:\/\/miil.dev.almic.ee\/lv\/wp-json\/wp\/v2\/product_tag?post=87786"}],"curies":[{"name":"wp","href":"https:\/\/api.w.org\/{rel}","templated":true}]}}