{"id":87465,"date":"2025-02-12T08:56:31","date_gmt":"2025-02-12T06:56:31","guid":{"rendered":"https:\/\/www.miil.ee\/?post_type=product&#038;p=87465"},"modified":"2025-02-27T11:49:44","modified_gmt":"2025-02-27T09:49:44","slug":"20ot-konteiners-lielgabarita-transports","status":"publish","type":"product","link":"https:\/\/miil.dev.almic.ee\/lv\/toode\/20ot-konteiners-lielgabarita-transports\/","title":{"rendered":"20DC J\u016bras konteiners MIIU8859346 &#8211; TALLINN"},"content":{"rendered":"<h1>20OT konteiners\u00a0\u2014 lielgabar\u012bta transports<\/h1>\n<p>20 p\u0113du atv\u0113rts konteiners ir daudzpus\u012bgs p\u0101rvad\u0101\u0161anas konteiners ar no\u0146emamu brezentu vai cieto jumtu, kas \u013cauj viegli iekraut un izkraut kravu, kas p\u0101rsniedz standarta konteineru augstumu. To parasti izmanto, lai p\u0101rvad\u0101tu liela izm\u0113ra, smagas vai neregul\u0101ras formas preces, kuras nevar iekraut pa standarta durv\u012bm. 20OT konteiners &#8211; Lielgabar\u012bta transports!<\/p>\n<p>\u0160ie konteineri ir ide\u0101li piem\u0113roti celtniec\u012bbas materi\u0101liem, iek\u0101rt\u0101m vai beztaras priek\u0161metiem, un tie nodro\u0161ina efekt\u012bvu risin\u0101jumu lielu, lielgabar\u012bta kravu p\u0101rvad\u0101\u0161anai, kam nepiecie\u0161ama piek\u013cuve virs galvas<\/p>\n<ul>\n<li>Transport\u0113\u0161anas laik\u0101 konteineram var b\u016bt nelieli kosm\u0113tiski defekti.<\/li>\n<li>J\u016bras konteineram kop\u0101 ir \u010detras saites, un to var apr\u012bkot ar 3+ sl\u0113dzen\u0113m.<\/li>\n<li>Noliktavas konteineram kop\u0101 ir tr\u012bs saites, kas ir augst\u0101kas par j\u016bras konteinera sait\u0113m.<\/li>\n<li>Sl\u0113dzenes aizsargs atrodas divu durvju vid\u016b.<\/li>\n<li>Papildu ventil\u0101cija s\u0101nos.<\/li>\n<li>Inbank.ee un atlai\u017eu kods \u201cKONTEINER\u201d sekos.<\/li>\n<li>P\u0113c vieno\u0161an\u0101s iesp\u0113jama j\u016bras konteineru noma.<\/li>\n<li>Lab\u0101k\u0101s cenas garantija!<\/li>\n<\/ul>\n<p>Vienm\u0113r sniedzam lab\u0101ko pied\u0101v\u0101jumu l\u012bdzv\u0113rt\u012bgam konteineram vai biroja kab\u012bne.<\/p>\n<h2>K\u0101 tiek apr\u0113\u0137in\u0101ta konteinera cena?<\/h2>\n<p>J\u016bras konteinera cena ir atkar\u012bga no daudz\u0101m liet\u0101m, ta\u010du p\u0101rdo\u0161anas cena parasti ir saist\u012bta ar konteinera st\u0101vokli.<br \/>\nCenu ietekm\u0113 ar\u012b konteinera ieg\u0101des izmaksas, konteinera pien\u0101k\u0161anas ce\u013c\u0161 uz termin\u0101li, konteinera atra\u0161an\u0101s vieta termin\u0101l\u012b un tas, vai konteineram nav beigu\u0161\u0101s papildu izmaksas, piem\u0113ram, starpt\u012br\u012b\u0161ana, iek\u0161\u0113j\u0101 t\u012br\u012b\u0161ana vai atjauno\u0161ana.<\/p>\n<p>Lai lab\u0101k apkalpotu m\u016bsu klientus, m\u016bsu tirdzniec\u012bbas punkti atrodas vis\u0101 Igaunij\u0101. Konteinera cena \u0101rpus galvaspils\u0113tas ir atkar\u012bga ar\u012b no t\u0101, k\u0101 tas transport\u0113ts starp termin\u0101liem.<\/p>\n<h2>20OT konteiners &#8211; Lielgabar\u012bta transports \u2013 transport\u0113\u0161ana un pacel\u0161ana?<\/h2>\n<p>P\u0113c piem\u0113rota konteinera izv\u0113les varam veikt iepako\u0161anu un transport\u0113\u0161anu.<br \/>\nP\u0101rvad\u0101\u0161anai parasti izmantojam\u00a0<a href=\"https:\/\/www.miil.ee\/lv\/pakalpojumi\/celtnis\/\">celtnis<\/a>\u00a0vai\u00a0<a href=\"https:\/\/www.miil.ee\/lv\/pakalpojumi\/sanu-iekraveji-sideloader\/\">s\u0101nu iekr\u0101v\u0113ju.<\/a><br \/>\nM\u0113s izmantojam\u00a0<a href=\"https:\/\/www.miil.ee\/lv\/pakalpojumi\/ram-pasizgazejs\/\">RAM backloader<\/a>, lai aptvertu vissare\u017e\u0123\u012bt\u0101k\u0101s vietas.<br \/>\nP\u0113c t\u0101 ieg\u0101des m\u0113s glab\u0101jam j\u016bsu konteineru m\u016bsu termin\u0101l\u012b bez maksas l\u012bdz se\u0161iem m\u0113ne\u0161iem.<br \/>\nVienm\u0113r iesp\u0113jams vienoties par ilg\u0101ku laiku.<br \/>\nPiem\u0113ram, ja vieta v\u0113l nav gatava vai pieejama konteinera pieg\u0101dei.<br \/>\nT\u0101d\u0101 gad\u012bjum\u0101 konteinera cena nemain\u012bsies un var\u0113siet b\u016bt dro\u0161s, ka izv\u0113l\u0113to konteineru sa\u0146emsiet norun\u0101taj\u0101 laik\u0101.<\/p>\n<ul>\n<li>Lab\u0101k\u0101s cenas garantija \u2013 m\u0113s vienm\u0113r pied\u0101v\u0101jam konteineram lab\u0101ko pied\u0101v\u0101jumu.<\/li>\n<\/ul>\n<p>Sekojiet mums\u00a0<a href=\"https:\/\/www.facebook.com\/konteinerveod\/\">Facebook<\/a>\u00a0vai\u00a0<a href=\"https:\/\/www.instagram.com\/ou_miil\/\">Instagram.<\/a><\/p>\n","protected":false},"excerpt":{"rendered":"<p>20\u00a0p\u0113du atv\u0113rts konteiners ir paredz\u0113ts liela izm\u0113ra, smagu vai neregul\u0101ras formas pre\u010du p\u0101rvad\u0101\u0161anai, kur\u0101m nepiecie\u0161ama piek\u013cuve virs galvas, nodro\u0161inot elast\u012bbu ar no\u0146emamu brezentu vai cieto virsmu. Ide\u0101li piem\u0113rots beztaras priek\u0161metiem, celtniec\u012bbas materi\u0101liem un iek\u0101rt\u0101m, tas nodro\u0161ina efekt\u012bvu risin\u0101jumu lielu kravu p\u0101rvad\u0101\u0161anai, kas p\u0101rsniedz standarta konteinera augstumu.<\/p>\n","protected":false},"featured_media":87526,"comment_status":"closed","ping_status":"closed","template":"","meta":{"_acf_changed":false},"product_cat":[332,364,1064],"product_tag":[],"class_list":{"0":"post-87465","1":"product","2":"type-product","3":"status-publish","4":"has-post-thumbnail","6":"product_cat-lietoti-konteineri","7":"product_cat-20-6-metri","8":"product_cat-20ot-atverts-augsejais-20-6-metri","10":"first","11":"instock","12":"shipping-taxable","13":"purchasable","14":"product-type-simple"},"acf":[],"yoast_head":"<!-- This site is optimized with the Yoast SEO Premium plugin v23.9 (Yoast SEO v27.5) - https:\/\/yoast.com\/product\/yoast-seo-premium-wordpress\/ -->\n<title>20OT konteiners - Lielgabar\u012bta transports - Miil O\u00dc<\/title>\n<meta name=\"description\" content=\"20OT konteiners \u2014 lielgabar\u012bta transports | Konteineru tirdzniec\u012bba | atv\u0113rts konteiners | J\u016bras konteineru tirdzniec\u012bba | OOG | lielizm\u0113ra\" \/>\n<meta name=\"robots\" content=\"index, follow, max-snippet:-1, max-image-preview:large, max-video-preview:-1\" \/>\n<link rel=\"canonical\" href=\"https:\/\/miil.dev.almic.ee\/lv\/toode\/20ot-konteiners-lielgabarita-transports\/\" \/>\n<meta property=\"og:locale\" content=\"lv_LV\" \/>\n<meta property=\"og:type\" content=\"article\" \/>\n<meta property=\"og:title\" content=\"20DC J\u016bras konteiners MIIU8859346 - TALLINN\" \/>\n<meta property=\"og:description\" content=\"20OT konteiners \u2014 lielgabar\u012bta transports | Konteineru tirdzniec\u012bba | atv\u0113rts konteiners | J\u016bras konteineru tirdzniec\u012bba | OOG | lielizm\u0113ra\" \/>\n<meta property=\"og:url\" content=\"https:\/\/miil.dev.almic.ee\/lv\/toode\/20ot-konteiners-lielgabarita-transports\/\" \/>\n<meta property=\"og:site_name\" content=\"Miil O\u00dc\" \/>\n<meta property=\"article:publisher\" content=\"https:\/\/www.facebook.com\/konteinerveod\/\" \/>\n<meta property=\"article:modified_time\" content=\"2025-02-27T09:49:44+00:00\" \/>\n<meta property=\"og:image\" content=\"https:\/\/miil.dev.almic.ee\/wp-content\/uploads\/2025\/02\/20OT-Merekonteiner-3-scaled.jpg\" \/>\n\t<meta property=\"og:image:width\" content=\"1900\" \/>\n\t<meta property=\"og:image:height\" content=\"1425\" \/>\n\t<meta property=\"og:image:type\" content=\"image\/jpeg\" \/>\n<meta name=\"twitter:card\" content=\"summary_large_image\" \/>\n<meta name=\"twitter:label1\" content=\"Price\" \/>\n\t<meta name=\"twitter:data1\" content=\"3890,00&nbsp;&euro;\" \/>\n\t<meta name=\"twitter:label2\" content=\"Availability\" \/>\n\t<meta name=\"twitter:data2\" content=\"In stock\" \/>\n<script type=\"application\/ld+json\" class=\"yoast-schema-graph\">{\"@context\":\"https:\\\/\\\/schema.org\",\"@graph\":[{\"@type\":\"WebPage\",\"@id\":\"https:\\\/\\\/miil.dev.almic.ee\\\/lv\\\/toode\\\/20ot-konteiners-lielgabarita-transports\\\/\",\"url\":\"https:\\\/\\\/miil.dev.almic.ee\\\/lv\\\/toode\\\/20ot-konteiners-lielgabarita-transports\\\/\",\"name\":\"20OT konteiners - Lielgabar\u012bta transports - Miil O\u00dc\",\"isPartOf\":{\"@id\":\"https:\\\/\\\/miil.dev.almic.ee\\\/#website\"},\"primaryImageOfPage\":{\"@id\":\"https:\\\/\\\/miil.dev.almic.ee\\\/lv\\\/toode\\\/20ot-konteiners-lielgabarita-transports\\\/#primaryimage\"},\"image\":{\"@id\":\"https:\\\/\\\/miil.dev.almic.ee\\\/lv\\\/toode\\\/20ot-konteiners-lielgabarita-transports\\\/#primaryimage\"},\"thumbnailUrl\":\"https:\\\/\\\/miil.dev.almic.ee\\\/wp-content\\\/uploads\\\/2025\\\/02\\\/20OT-Merekonteiner-3-scaled.jpg\",\"datePublished\":\"2025-02-12T06:56:31+00:00\",\"dateModified\":\"2025-02-27T09:49:44+00:00\",\"description\":\"20OT konteiners \u2014 lielgabar\u012bta transports | Konteineru tirdzniec\u012bba | atv\u0113rts konteiners | J\u016bras konteineru tirdzniec\u012bba | OOG | lielizm\u0113ra\",\"breadcrumb\":{\"@id\":\"https:\\\/\\\/miil.dev.almic.ee\\\/lv\\\/toode\\\/20ot-konteiners-lielgabarita-transports\\\/#breadcrumb\"},\"inLanguage\":\"lv-LV\",\"potentialAction\":[{\"@type\":\"ReadAction\",\"target\":[\"https:\\\/\\\/miil.dev.almic.ee\\\/lv\\\/toode\\\/20ot-konteiners-lielgabarita-transports\\\/\"]}]},{\"@type\":\"ImageObject\",\"inLanguage\":\"lv-LV\",\"@id\":\"https:\\\/\\\/miil.dev.almic.ee\\\/lv\\\/toode\\\/20ot-konteiners-lielgabarita-transports\\\/#primaryimage\",\"url\":\"https:\\\/\\\/miil.dev.almic.ee\\\/wp-content\\\/uploads\\\/2025\\\/02\\\/20OT-Merekonteiner-3-scaled.jpg\",\"contentUrl\":\"https:\\\/\\\/miil.dev.almic.ee\\\/wp-content\\\/uploads\\\/2025\\\/02\\\/20OT-Merekonteiner-3-scaled.jpg\",\"width\":1900,\"height\":1425},{\"@type\":\"BreadcrumbList\",\"@id\":\"https:\\\/\\\/miil.dev.almic.ee\\\/lv\\\/toode\\\/20ot-konteiners-lielgabarita-transports\\\/#breadcrumb\",\"itemListElement\":[{\"@type\":\"ListItem\",\"position\":1,\"name\":\"Home\",\"item\":\"https:\\\/\\\/miil.dev.almic.ee\\\/lv\\\/\"},{\"@type\":\"ListItem\",\"position\":2,\"name\":\"Veikals\",\"item\":\"https:\\\/\\\/miil.dev.almic.ee\\\/lv\\\/veikals\\\/\"},{\"@type\":\"ListItem\",\"position\":3,\"name\":\"20DC J\u016bras konteiners MIIU8859346 &#8211; TALLINN\"}]},{\"@type\":\"WebSite\",\"@id\":\"https:\\\/\\\/miil.dev.almic.ee\\\/#website\",\"url\":\"https:\\\/\\\/miil.dev.almic.ee\\\/\",\"name\":\"Miil O\u00dc\",\"description\":\"Konteinerveod\",\"publisher\":{\"@id\":\"https:\\\/\\\/miil.dev.almic.ee\\\/#organization\"},\"potentialAction\":[{\"@type\":\"SearchAction\",\"target\":{\"@type\":\"EntryPoint\",\"urlTemplate\":\"https:\\\/\\\/miil.dev.almic.ee\\\/?s={search_term_string}\"},\"query-input\":{\"@type\":\"PropertyValueSpecification\",\"valueRequired\":true,\"valueName\":\"search_term_string\"}}],\"inLanguage\":\"lv-LV\"},{\"@type\":\"Organization\",\"@id\":\"https:\\\/\\\/miil.dev.almic.ee\\\/#organization\",\"name\":\"Miil O\u00dc\",\"url\":\"https:\\\/\\\/miil.dev.almic.ee\\\/\",\"logo\":{\"@type\":\"ImageObject\",\"inLanguage\":\"lv-LV\",\"@id\":\"https:\\\/\\\/miil.dev.almic.ee\\\/#\\\/schema\\\/logo\\\/image\\\/\",\"url\":\"https:\\\/\\\/www.miil.ee\\\/wp-content\\\/uploads\\\/2022\\\/02\\\/Miil-logo.svg\",\"contentUrl\":\"https:\\\/\\\/www.miil.ee\\\/wp-content\\\/uploads\\\/2022\\\/02\\\/Miil-logo.svg\",\"width\":\"1024\",\"height\":\"1024\",\"caption\":\"Miil O\u00dc\"},\"image\":{\"@id\":\"https:\\\/\\\/miil.dev.almic.ee\\\/#\\\/schema\\\/logo\\\/image\\\/\"},\"sameAs\":[\"https:\\\/\\\/www.facebook.com\\\/konteinerveod\\\/\",\"https:\\\/\\\/www.instagram.com\\\/ou_miil\\\/\"]}]}<\/script>\n<meta property=\"product:price:amount\" content=\"3890.00\" \/>\n<meta property=\"product:price:currency\" content=\"EUR\" \/>\n<meta property=\"og:availability\" content=\"instock\" \/>\n<meta property=\"product:availability\" content=\"instock\" \/>\n<meta property=\"product:retailer_item_id\" content=\"MIIU77000093\" \/>\n<meta property=\"product:condition\" content=\"new\" \/>\n<!-- \/ Yoast SEO Premium plugin. -->","yoast_head_json":{"title":"20OT konteiners - Lielgabar\u012bta transports - Miil O\u00dc","description":"20OT konteiners \u2014 lielgabar\u012bta transports | Konteineru tirdzniec\u012bba | atv\u0113rts konteiners | J\u016bras konteineru tirdzniec\u012bba | OOG | lielizm\u0113ra","robots":{"index":"index","follow":"follow","max-snippet":"max-snippet:-1","max-image-preview":"max-image-preview:large","max-video-preview":"max-video-preview:-1"},"canonical":"https:\/\/miil.dev.almic.ee\/lv\/toode\/20ot-konteiners-lielgabarita-transports\/","og_locale":"lv_LV","og_type":"article","og_title":"20DC J\u016bras konteiners MIIU8859346 - TALLINN","og_description":"20OT konteiners \u2014 lielgabar\u012bta transports | Konteineru tirdzniec\u012bba | atv\u0113rts konteiners | J\u016bras konteineru tirdzniec\u012bba | OOG | lielizm\u0113ra","og_url":"https:\/\/miil.dev.almic.ee\/lv\/toode\/20ot-konteiners-lielgabarita-transports\/","og_site_name":"Miil O\u00dc","article_publisher":"https:\/\/www.facebook.com\/konteinerveod\/","article_modified_time":"2025-02-27T09:49:44+00:00","og_image":[{"width":1900,"height":1425,"url":"https:\/\/miil.dev.almic.ee\/wp-content\/uploads\/2025\/02\/20OT-Merekonteiner-3-scaled.jpg","type":"image\/jpeg"}],"twitter_card":"summary_large_image","twitter_misc":{"Price":"3890,00&nbsp;&euro;","Availability":"In stock"},"schema":{"@context":"https:\/\/schema.org","@graph":[{"@type":"WebPage","@id":"https:\/\/miil.dev.almic.ee\/lv\/toode\/20ot-konteiners-lielgabarita-transports\/","url":"https:\/\/miil.dev.almic.ee\/lv\/toode\/20ot-konteiners-lielgabarita-transports\/","name":"20OT konteiners - Lielgabar\u012bta transports - Miil O\u00dc","isPartOf":{"@id":"https:\/\/miil.dev.almic.ee\/#website"},"primaryImageOfPage":{"@id":"https:\/\/miil.dev.almic.ee\/lv\/toode\/20ot-konteiners-lielgabarita-transports\/#primaryimage"},"image":{"@id":"https:\/\/miil.dev.almic.ee\/lv\/toode\/20ot-konteiners-lielgabarita-transports\/#primaryimage"},"thumbnailUrl":"https:\/\/miil.dev.almic.ee\/wp-content\/uploads\/2025\/02\/20OT-Merekonteiner-3-scaled.jpg","datePublished":"2025-02-12T06:56:31+00:00","dateModified":"2025-02-27T09:49:44+00:00","description":"20OT konteiners \u2014 lielgabar\u012bta transports | Konteineru tirdzniec\u012bba | atv\u0113rts konteiners | J\u016bras konteineru tirdzniec\u012bba | OOG | lielizm\u0113ra","breadcrumb":{"@id":"https:\/\/miil.dev.almic.ee\/lv\/toode\/20ot-konteiners-lielgabarita-transports\/#breadcrumb"},"inLanguage":"lv-LV","potentialAction":[{"@type":"ReadAction","target":["https:\/\/miil.dev.almic.ee\/lv\/toode\/20ot-konteiners-lielgabarita-transports\/"]}]},{"@type":"ImageObject","inLanguage":"lv-LV","@id":"https:\/\/miil.dev.almic.ee\/lv\/toode\/20ot-konteiners-lielgabarita-transports\/#primaryimage","url":"https:\/\/miil.dev.almic.ee\/wp-content\/uploads\/2025\/02\/20OT-Merekonteiner-3-scaled.jpg","contentUrl":"https:\/\/miil.dev.almic.ee\/wp-content\/uploads\/2025\/02\/20OT-Merekonteiner-3-scaled.jpg","width":1900,"height":1425},{"@type":"BreadcrumbList","@id":"https:\/\/miil.dev.almic.ee\/lv\/toode\/20ot-konteiners-lielgabarita-transports\/#breadcrumb","itemListElement":[{"@type":"ListItem","position":1,"name":"Home","item":"https:\/\/miil.dev.almic.ee\/lv\/"},{"@type":"ListItem","position":2,"name":"Veikals","item":"https:\/\/miil.dev.almic.ee\/lv\/veikals\/"},{"@type":"ListItem","position":3,"name":"20DC J\u016bras konteiners MIIU8859346 &#8211; TALLINN"}]},{"@type":"WebSite","@id":"https:\/\/miil.dev.almic.ee\/#website","url":"https:\/\/miil.dev.almic.ee\/","name":"Miil O\u00dc","description":"Konteinerveod","publisher":{"@id":"https:\/\/miil.dev.almic.ee\/#organization"},"potentialAction":[{"@type":"SearchAction","target":{"@type":"EntryPoint","urlTemplate":"https:\/\/miil.dev.almic.ee\/?s={search_term_string}"},"query-input":{"@type":"PropertyValueSpecification","valueRequired":true,"valueName":"search_term_string"}}],"inLanguage":"lv-LV"},{"@type":"Organization","@id":"https:\/\/miil.dev.almic.ee\/#organization","name":"Miil O\u00dc","url":"https:\/\/miil.dev.almic.ee\/","logo":{"@type":"ImageObject","inLanguage":"lv-LV","@id":"https:\/\/miil.dev.almic.ee\/#\/schema\/logo\/image\/","url":"https:\/\/www.miil.ee\/wp-content\/uploads\/2022\/02\/Miil-logo.svg","contentUrl":"https:\/\/www.miil.ee\/wp-content\/uploads\/2022\/02\/Miil-logo.svg","width":"1024","height":"1024","caption":"Miil O\u00dc"},"image":{"@id":"https:\/\/miil.dev.almic.ee\/#\/schema\/logo\/image\/"},"sameAs":["https:\/\/www.facebook.com\/konteinerveod\/","https:\/\/www.instagram.com\/ou_miil\/"]}]},"product_price_amount":"3890.00","product_price_currency":"EUR","og_availability":"instock","product_availability":"instock","product_retailer_item_id":"MIIU77000093","product_condition":"new"},"_links":{"self":[{"href":"https:\/\/miil.dev.almic.ee\/lv\/wp-json\/wp\/v2\/product\/87465","targetHints":{"allow":["GET"]}}],"collection":[{"href":"https:\/\/miil.dev.almic.ee\/lv\/wp-json\/wp\/v2\/product"}],"about":[{"href":"https:\/\/miil.dev.almic.ee\/lv\/wp-json\/wp\/v2\/types\/product"}],"replies":[{"embeddable":true,"href":"https:\/\/miil.dev.almic.ee\/lv\/wp-json\/wp\/v2\/comments?post=87465"}],"wp:featuredmedia":[{"embeddable":true,"href":"https:\/\/miil.dev.almic.ee\/lv\/wp-json\/wp\/v2\/media\/87526"}],"wp:attachment":[{"href":"https:\/\/miil.dev.almic.ee\/lv\/wp-json\/wp\/v2\/media?parent=87465"}],"wp:term":[{"taxonomy":"product_cat","embeddable":true,"href":"https:\/\/miil.dev.almic.ee\/lv\/wp-json\/wp\/v2\/product_cat?post=87465"},{"taxonomy":"product_tag","embeddable":true,"href":"https:\/\/miil.dev.almic.ee\/lv\/wp-json\/wp\/v2\/product_tag?post=87465"}],"curies":[{"name":"wp","href":"https:\/\/api.w.org\/{rel}","templated":true}]}}