{"id":85925,"date":"2025-01-28T13:08:43","date_gmt":"2025-01-28T11:08:43","guid":{"rendered":"https:\/\/www.miil.ee\/?post_type=product&#038;p=85925"},"modified":"2025-01-28T13:50:52","modified_gmt":"2025-01-28T11:50:52","slug":"saliekams-darbagalds-ar-instrumentu-sienu","status":"publish","type":"product","link":"https:\/\/miil.dev.almic.ee\/lv\/toode\/saliekams-darbagalds-ar-instrumentu-sienu\/","title":{"rendered":"Saliekams darbagalds ar instrumentu sienu"},"content":{"rendered":"<p>Saliekams darbagalds ar instrumentu sienu &#8211; Darbagalds no stipra kvadr\u0101tveida profila. P\u0101rkl\u0101ts ar lakotu sapl\u0101ksni, 25 mm biezs. Darbagalds ir apr\u012bkots ar\u012b ar perfor\u0113tu sienu, uz kuras var piek\u0101rt da\u017e\u0101dus instrumentus un piederumus (10&#215;10 mm perfor\u0113ts).<\/p>\n<p>Darbagalds ir salok\u0101ms, kas ir praktiska funkcija \u0161auros konteineros. Saloc\u012bt\u0101 veid\u0101 biezums ir tikai 120 mm! Darbagalds ir kr\u0101sots ar speci\u0101lu struktur\u0101lu kr\u0101su, kas ir \u0137\u012bmiski un e\u013c\u013cas notur\u012bga.<\/p>\n<p>Darbagalda platums 1200 mm, dzi\u013cums 640 mm, sapl\u0101k\u0161\u0146a augstums no gr\u012bdas 800 mm. Kop\u0113jais darbagalda augstums ar perfor\u0113tu sienu 1440 mm. Galda kravnes\u012bba 150 kg. Galda svars 30 kg.<\/p>\n<p>Saliekams darbagalds ar instrumentu sienu <strong>Specifik\u0101cijas<\/strong>:<\/p>\n<ul>\n<li>1200\u00a0x\u00a0640\u00a0MM,<\/li>\n<li>H=1440\u00a0MM,<\/li>\n<li>KR\u0100VNES 150KG<\/li>\n<\/ul>\n<p><strong>P\u0113rciet t\u016bl\u012bt, maks\u0101 v\u0113l\u0101k<\/strong>\u00a0\u2014 pieejama opcija:<br \/>\nPriv\u0101tperson\u0101m, izmantojot m\u016bsu partneri <a href=\"https:\/\/inbank.ee\/laen\/vaikelaen\">Inbank.ee<\/a>, izmantojot atsauces kodu \u201cKONTEINER\u201d.<br \/>\nBiznesa klientiem ar m\u016bsu partnera <span><a href=\"https:\/\/tenor.my.canva.site\/tenor-miil\">Tenor.ee<\/a><\/span> starpniec\u012bbu<\/p>\n<p>P\u0101r\u0113jos pieejamos aksesu\u0101rus skatiet <a href=\"https:\/\/www.miil.ee\/lv\/merekonteinerid\/papildu-piederumi\/\">\u0161eit<\/a>!<\/p>\n<p>Izv\u0113lieties iztur\u012bbu, stilu un daudzpus\u012bbu &#8211; izv\u0113lieties galdu ar met\u0101la cinkotu virsmu m\u016bsu vietn\u0113 <a href=\"http:\/\/miil.ee\">MIIL.ee<\/a>!<\/p>\n<p>Sekojiet mums\u00a0<a href=\"https:\/\/www.facebook.com\/konteinerveod\/\">Facebook<\/a>\u00a0vai\u00a0<a href=\"https:\/\/www.instagram.com\/ou_miil\/\">Instagram<\/a><\/p>\n","protected":false},"excerpt":{"rendered":"<p>Saliekams darbagalds konteiner\u0101 ir \u0113rts un kompakts risin\u0101jums darbam \u0161aur\u0101s telp\u0101s. Iepriek\u0161 salok\u0101mais d\u0113lis \u013cauj \u0113rti uzglab\u0101t nepiecie\u0161amos instrumentus. Instrumenti vienm\u0113r ir sasniedzami un gatavi lieto\u0161anai, tikl\u012bdz rodas vajadz\u012bba.<\/p>\n","protected":false},"featured_media":85940,"comment_status":"closed","ping_status":"closed","template":"","meta":{"_acf_changed":false},"product_cat":[336],"product_tag":[],"class_list":{"0":"post-85925","1":"product","2":"type-product","3":"status-publish","4":"has-post-thumbnail","6":"product_cat-papildu-piederumi","8":"first","9":"instock","10":"shipping-taxable","11":"purchasable","12":"product-type-simple"},"acf":[],"yoast_head":"<!-- This site is optimized with the Yoast SEO Premium plugin v23.9 (Yoast SEO v27.5) - https:\/\/yoast.com\/product\/yoast-seo-premium-wordpress\/ -->\n<title>Saliekams darbagalds ar instrumentu sienu - Miil O\u00dc<\/title>\n<meta name=\"description\" content=\"Saliekams darbagalds ar instrumentu sienu | Juras konteiner transport | Juras konteiner jauns | Containex jauns | Transports un remonts | www.miil.lv\" \/>\n<meta name=\"robots\" content=\"index, follow, max-snippet:-1, max-image-preview:large, max-video-preview:-1\" \/>\n<link rel=\"canonical\" href=\"https:\/\/miil.dev.almic.ee\/lv\/toode\/saliekams-darbagalds-ar-instrumentu-sienu\/\" \/>\n<meta property=\"og:locale\" content=\"lv_LV\" \/>\n<meta property=\"og:type\" content=\"article\" \/>\n<meta property=\"og:title\" content=\"Saliekams darbagalds ar instrumentu sienu\" \/>\n<meta property=\"og:description\" content=\"Saliekams darbagalds ar instrumentu sienu | Juras konteiner transport | Juras konteiner jauns | Containex jauns | Transports un remonts | www.miil.lv\" \/>\n<meta property=\"og:url\" content=\"https:\/\/miil.dev.almic.ee\/lv\/toode\/saliekams-darbagalds-ar-instrumentu-sienu\/\" \/>\n<meta property=\"og:site_name\" content=\"Miil O\u00dc\" \/>\n<meta property=\"article:publisher\" content=\"https:\/\/www.facebook.com\/konteinerveod\/\" \/>\n<meta property=\"article:modified_time\" content=\"2025-01-28T11:50:52+00:00\" \/>\n<meta property=\"og:image\" content=\"https:\/\/miil.dev.almic.ee\/wp-content\/uploads\/2025\/01\/Kokkuklapitav-toolaud-konteinerisse-3.jpg\" \/>\n\t<meta property=\"og:image:width\" content=\"1000\" \/>\n\t<meta property=\"og:image:height\" content=\"1000\" \/>\n\t<meta property=\"og:image:type\" content=\"image\/jpeg\" \/>\n<meta name=\"twitter:card\" content=\"summary_large_image\" \/>\n<meta name=\"twitter:label1\" content=\"Price\" \/>\n\t<meta name=\"twitter:data1\" content=\"245,00&nbsp;&euro;\" \/>\n\t<meta name=\"twitter:label2\" content=\"Availability\" \/>\n\t<meta name=\"twitter:data2\" content=\"In stock\" \/>\n<script type=\"application\/ld+json\" class=\"yoast-schema-graph\">{\"@context\":\"https:\\\/\\\/schema.org\",\"@graph\":[{\"@type\":\"WebPage\",\"@id\":\"https:\\\/\\\/miil.dev.almic.ee\\\/lv\\\/toode\\\/saliekams-darbagalds-ar-instrumentu-sienu\\\/\",\"url\":\"https:\\\/\\\/miil.dev.almic.ee\\\/lv\\\/toode\\\/saliekams-darbagalds-ar-instrumentu-sienu\\\/\",\"name\":\"Saliekams darbagalds ar instrumentu sienu - Miil O\u00dc\",\"isPartOf\":{\"@id\":\"https:\\\/\\\/miil.dev.almic.ee\\\/#website\"},\"primaryImageOfPage\":{\"@id\":\"https:\\\/\\\/miil.dev.almic.ee\\\/lv\\\/toode\\\/saliekams-darbagalds-ar-instrumentu-sienu\\\/#primaryimage\"},\"image\":{\"@id\":\"https:\\\/\\\/miil.dev.almic.ee\\\/lv\\\/toode\\\/saliekams-darbagalds-ar-instrumentu-sienu\\\/#primaryimage\"},\"thumbnailUrl\":\"https:\\\/\\\/miil.dev.almic.ee\\\/wp-content\\\/uploads\\\/2025\\\/01\\\/Kokkuklapitav-toolaud-konteinerisse-3.jpg\",\"datePublished\":\"2025-01-28T11:08:43+00:00\",\"dateModified\":\"2025-01-28T11:50:52+00:00\",\"description\":\"Saliekams darbagalds ar instrumentu sienu | Juras konteiner transport | Juras konteiner jauns | Containex jauns | Transports un remonts | www.miil.lv\",\"breadcrumb\":{\"@id\":\"https:\\\/\\\/miil.dev.almic.ee\\\/lv\\\/toode\\\/saliekams-darbagalds-ar-instrumentu-sienu\\\/#breadcrumb\"},\"inLanguage\":\"lv-LV\",\"potentialAction\":[{\"@type\":\"ReadAction\",\"target\":[\"https:\\\/\\\/miil.dev.almic.ee\\\/lv\\\/toode\\\/saliekams-darbagalds-ar-instrumentu-sienu\\\/\"]}]},{\"@type\":\"ImageObject\",\"inLanguage\":\"lv-LV\",\"@id\":\"https:\\\/\\\/miil.dev.almic.ee\\\/lv\\\/toode\\\/saliekams-darbagalds-ar-instrumentu-sienu\\\/#primaryimage\",\"url\":\"https:\\\/\\\/miil.dev.almic.ee\\\/wp-content\\\/uploads\\\/2025\\\/01\\\/Kokkuklapitav-toolaud-konteinerisse-3.jpg\",\"contentUrl\":\"https:\\\/\\\/miil.dev.almic.ee\\\/wp-content\\\/uploads\\\/2025\\\/01\\\/Kokkuklapitav-toolaud-konteinerisse-3.jpg\",\"width\":1000,\"height\":1000},{\"@type\":\"BreadcrumbList\",\"@id\":\"https:\\\/\\\/miil.dev.almic.ee\\\/lv\\\/toode\\\/saliekams-darbagalds-ar-instrumentu-sienu\\\/#breadcrumb\",\"itemListElement\":[{\"@type\":\"ListItem\",\"position\":1,\"name\":\"Home\",\"item\":\"https:\\\/\\\/miil.dev.almic.ee\\\/lv\\\/\"},{\"@type\":\"ListItem\",\"position\":2,\"name\":\"Veikals\",\"item\":\"https:\\\/\\\/miil.dev.almic.ee\\\/lv\\\/veikals\\\/\"},{\"@type\":\"ListItem\",\"position\":3,\"name\":\"Saliekams darbagalds ar instrumentu sienu\"}]},{\"@type\":\"WebSite\",\"@id\":\"https:\\\/\\\/miil.dev.almic.ee\\\/#website\",\"url\":\"https:\\\/\\\/miil.dev.almic.ee\\\/\",\"name\":\"Miil O\u00dc\",\"description\":\"Konteinerveod\",\"publisher\":{\"@id\":\"https:\\\/\\\/miil.dev.almic.ee\\\/#organization\"},\"potentialAction\":[{\"@type\":\"SearchAction\",\"target\":{\"@type\":\"EntryPoint\",\"urlTemplate\":\"https:\\\/\\\/miil.dev.almic.ee\\\/?s={search_term_string}\"},\"query-input\":{\"@type\":\"PropertyValueSpecification\",\"valueRequired\":true,\"valueName\":\"search_term_string\"}}],\"inLanguage\":\"lv-LV\"},{\"@type\":\"Organization\",\"@id\":\"https:\\\/\\\/miil.dev.almic.ee\\\/#organization\",\"name\":\"Miil O\u00dc\",\"url\":\"https:\\\/\\\/miil.dev.almic.ee\\\/\",\"logo\":{\"@type\":\"ImageObject\",\"inLanguage\":\"lv-LV\",\"@id\":\"https:\\\/\\\/miil.dev.almic.ee\\\/#\\\/schema\\\/logo\\\/image\\\/\",\"url\":\"https:\\\/\\\/www.miil.ee\\\/wp-content\\\/uploads\\\/2022\\\/02\\\/Miil-logo.svg\",\"contentUrl\":\"https:\\\/\\\/www.miil.ee\\\/wp-content\\\/uploads\\\/2022\\\/02\\\/Miil-logo.svg\",\"width\":\"1024\",\"height\":\"1024\",\"caption\":\"Miil O\u00dc\"},\"image\":{\"@id\":\"https:\\\/\\\/miil.dev.almic.ee\\\/#\\\/schema\\\/logo\\\/image\\\/\"},\"sameAs\":[\"https:\\\/\\\/www.facebook.com\\\/konteinerveod\\\/\",\"https:\\\/\\\/www.instagram.com\\\/ou_miil\\\/\"]}]}<\/script>\n<meta property=\"product:price:amount\" content=\"245.00\" \/>\n<meta property=\"product:price:currency\" content=\"EUR\" \/>\n<meta property=\"og:availability\" content=\"instock\" \/>\n<meta property=\"product:availability\" content=\"instock\" \/>\n<meta property=\"product:condition\" content=\"new\" \/>\n<!-- \/ Yoast SEO Premium plugin. -->","yoast_head_json":{"title":"Saliekams darbagalds ar instrumentu sienu - Miil O\u00dc","description":"Saliekams darbagalds ar instrumentu sienu | Juras konteiner transport | Juras konteiner jauns | Containex jauns | Transports un remonts | www.miil.lv","robots":{"index":"index","follow":"follow","max-snippet":"max-snippet:-1","max-image-preview":"max-image-preview:large","max-video-preview":"max-video-preview:-1"},"canonical":"https:\/\/miil.dev.almic.ee\/lv\/toode\/saliekams-darbagalds-ar-instrumentu-sienu\/","og_locale":"lv_LV","og_type":"article","og_title":"Saliekams darbagalds ar instrumentu sienu","og_description":"Saliekams darbagalds ar instrumentu sienu | Juras konteiner transport | Juras konteiner jauns | Containex jauns | Transports un remonts | www.miil.lv","og_url":"https:\/\/miil.dev.almic.ee\/lv\/toode\/saliekams-darbagalds-ar-instrumentu-sienu\/","og_site_name":"Miil O\u00dc","article_publisher":"https:\/\/www.facebook.com\/konteinerveod\/","article_modified_time":"2025-01-28T11:50:52+00:00","og_image":[{"width":1000,"height":1000,"url":"https:\/\/miil.dev.almic.ee\/wp-content\/uploads\/2025\/01\/Kokkuklapitav-toolaud-konteinerisse-3.jpg","type":"image\/jpeg"}],"twitter_card":"summary_large_image","twitter_misc":{"Price":"245,00&nbsp;&euro;","Availability":"In stock"},"schema":{"@context":"https:\/\/schema.org","@graph":[{"@type":"WebPage","@id":"https:\/\/miil.dev.almic.ee\/lv\/toode\/saliekams-darbagalds-ar-instrumentu-sienu\/","url":"https:\/\/miil.dev.almic.ee\/lv\/toode\/saliekams-darbagalds-ar-instrumentu-sienu\/","name":"Saliekams darbagalds ar instrumentu sienu - Miil O\u00dc","isPartOf":{"@id":"https:\/\/miil.dev.almic.ee\/#website"},"primaryImageOfPage":{"@id":"https:\/\/miil.dev.almic.ee\/lv\/toode\/saliekams-darbagalds-ar-instrumentu-sienu\/#primaryimage"},"image":{"@id":"https:\/\/miil.dev.almic.ee\/lv\/toode\/saliekams-darbagalds-ar-instrumentu-sienu\/#primaryimage"},"thumbnailUrl":"https:\/\/miil.dev.almic.ee\/wp-content\/uploads\/2025\/01\/Kokkuklapitav-toolaud-konteinerisse-3.jpg","datePublished":"2025-01-28T11:08:43+00:00","dateModified":"2025-01-28T11:50:52+00:00","description":"Saliekams darbagalds ar instrumentu sienu | Juras konteiner transport | Juras konteiner jauns | Containex jauns | Transports un remonts | www.miil.lv","breadcrumb":{"@id":"https:\/\/miil.dev.almic.ee\/lv\/toode\/saliekams-darbagalds-ar-instrumentu-sienu\/#breadcrumb"},"inLanguage":"lv-LV","potentialAction":[{"@type":"ReadAction","target":["https:\/\/miil.dev.almic.ee\/lv\/toode\/saliekams-darbagalds-ar-instrumentu-sienu\/"]}]},{"@type":"ImageObject","inLanguage":"lv-LV","@id":"https:\/\/miil.dev.almic.ee\/lv\/toode\/saliekams-darbagalds-ar-instrumentu-sienu\/#primaryimage","url":"https:\/\/miil.dev.almic.ee\/wp-content\/uploads\/2025\/01\/Kokkuklapitav-toolaud-konteinerisse-3.jpg","contentUrl":"https:\/\/miil.dev.almic.ee\/wp-content\/uploads\/2025\/01\/Kokkuklapitav-toolaud-konteinerisse-3.jpg","width":1000,"height":1000},{"@type":"BreadcrumbList","@id":"https:\/\/miil.dev.almic.ee\/lv\/toode\/saliekams-darbagalds-ar-instrumentu-sienu\/#breadcrumb","itemListElement":[{"@type":"ListItem","position":1,"name":"Home","item":"https:\/\/miil.dev.almic.ee\/lv\/"},{"@type":"ListItem","position":2,"name":"Veikals","item":"https:\/\/miil.dev.almic.ee\/lv\/veikals\/"},{"@type":"ListItem","position":3,"name":"Saliekams darbagalds ar instrumentu sienu"}]},{"@type":"WebSite","@id":"https:\/\/miil.dev.almic.ee\/#website","url":"https:\/\/miil.dev.almic.ee\/","name":"Miil O\u00dc","description":"Konteinerveod","publisher":{"@id":"https:\/\/miil.dev.almic.ee\/#organization"},"potentialAction":[{"@type":"SearchAction","target":{"@type":"EntryPoint","urlTemplate":"https:\/\/miil.dev.almic.ee\/?s={search_term_string}"},"query-input":{"@type":"PropertyValueSpecification","valueRequired":true,"valueName":"search_term_string"}}],"inLanguage":"lv-LV"},{"@type":"Organization","@id":"https:\/\/miil.dev.almic.ee\/#organization","name":"Miil O\u00dc","url":"https:\/\/miil.dev.almic.ee\/","logo":{"@type":"ImageObject","inLanguage":"lv-LV","@id":"https:\/\/miil.dev.almic.ee\/#\/schema\/logo\/image\/","url":"https:\/\/www.miil.ee\/wp-content\/uploads\/2022\/02\/Miil-logo.svg","contentUrl":"https:\/\/www.miil.ee\/wp-content\/uploads\/2022\/02\/Miil-logo.svg","width":"1024","height":"1024","caption":"Miil O\u00dc"},"image":{"@id":"https:\/\/miil.dev.almic.ee\/#\/schema\/logo\/image\/"},"sameAs":["https:\/\/www.facebook.com\/konteinerveod\/","https:\/\/www.instagram.com\/ou_miil\/"]}]},"product_price_amount":"245.00","product_price_currency":"EUR","og_availability":"instock","product_availability":"instock","product_condition":"new"},"_links":{"self":[{"href":"https:\/\/miil.dev.almic.ee\/lv\/wp-json\/wp\/v2\/product\/85925","targetHints":{"allow":["GET"]}}],"collection":[{"href":"https:\/\/miil.dev.almic.ee\/lv\/wp-json\/wp\/v2\/product"}],"about":[{"href":"https:\/\/miil.dev.almic.ee\/lv\/wp-json\/wp\/v2\/types\/product"}],"replies":[{"embeddable":true,"href":"https:\/\/miil.dev.almic.ee\/lv\/wp-json\/wp\/v2\/comments?post=85925"}],"wp:featuredmedia":[{"embeddable":true,"href":"https:\/\/miil.dev.almic.ee\/lv\/wp-json\/wp\/v2\/media\/85940"}],"wp:attachment":[{"href":"https:\/\/miil.dev.almic.ee\/lv\/wp-json\/wp\/v2\/media?parent=85925"}],"wp:term":[{"taxonomy":"product_cat","embeddable":true,"href":"https:\/\/miil.dev.almic.ee\/lv\/wp-json\/wp\/v2\/product_cat?post=85925"},{"taxonomy":"product_tag","embeddable":true,"href":"https:\/\/miil.dev.almic.ee\/lv\/wp-json\/wp\/v2\/product_tag?post=85925"}],"curies":[{"name":"wp","href":"https:\/\/api.w.org\/{rel}","templated":true}]}}