{"id":85848,"date":"2025-01-28T09:48:56","date_gmt":"2025-01-28T07:48:57","guid":{"rendered":"https:\/\/www.miil.ee\/?post_type=product&#038;p=85848"},"modified":"2025-01-28T14:30:11","modified_gmt":"2025-01-28T12:30:11","slug":"biroja-kabine-ar-panoramas-logiem","status":"publish","type":"product","link":"https:\/\/miil.dev.almic.ee\/lv\/toode\/biroja-kabine-ar-panoramas-logiem\/","title":{"rendered":"Containex Standard ar panor\u0101mas logiem MIIU2409764"},"content":{"rendered":"<h1>Biroja kab\u012bne ar panor\u0101mas logiem<\/h1>\n<p>\u0160\u0101da veida Office kab\u012bne ar panor\u0101mas logiem ir ide\u0101li piem\u0113rota pagaidu vasarn\u012bcai vai birojam, kuru var viegli salikt, izjaukt, p\u0101rkonfigur\u0113t un transport\u0113t. \u0160\u0101da veida biroji ir ekonomiski izdev\u012bgs un mobils risin\u0101jums, kas \u013cauj uz\u0146\u0113mumiem piel\u0101got biroja iek\u0101rtojumu sav\u0101m vajadz\u012bb\u0101m. Modu\u013cu biroji ar da\u017e\u0101du dizainu un konfigur\u0101ciju ir ide\u0101li piem\u0113roti augo\u0161iem uz\u0146\u0113mumiem vai tiem, kas mekl\u0113 efekt\u012bvu un piel\u0101gojamu vidi.<\/p>\n<p>\u0160im sild\u012bt\u0101jam ir viena visa stikla siena, var pievienot maz\u0101k stikla.<br \/>\nStikls un logu r\u0101mji ir ton\u0113ti t\u0101d\u0101 pa\u0161\u0101 kr\u0101s\u0101 k\u0101 silt\u0101ks.<\/p>\n<p>Telpa sast\u0101v no modu\u013ciem, ar pieciem modu\u013ciem garaj\u0101 pus\u0113 un diviem modu\u013ciem \u012bsaj\u0101 pus\u0113.<br \/>\nLogu un durvju novietojums ir br\u012bvi izv\u0113l\u0113ts, att\u0113l\u0101 redzams gatavs paraugs.<\/p>\n<h2>Biroja kab\u012bne ar panor\u0101mas logiem &#8211; Tehniskais apraksts:<\/h2>\n<p>Modu\u013cu biroja Containex Standard Premium izol\u0101cija:<\/p>\n<ul>\n<li>Sienas 60mm PU putas<\/li>\n<li>Griestiem 100mm miner\u0101lvate<\/li>\n<li>Gr\u012bdas 100mm miner\u0101lvate<\/li>\n<\/ul>\n<p>Containex Standard ar panor\u0101mas logiem:<\/p>\n<ul>\n<li>\u0100r\u0113jie izm\u0113ri 2,435 platums x 6,055 garums x 2,591 augstums.<\/li>\n<li>Iek\u0161\u0113jie izm\u0113ri 2,24 platums x 5,86 garums x 2,34 augstums.<\/li>\n<li>Svars: CA 2000 KG<\/li>\n<\/ul>\n<p>\u0100r\u0113j\u0101 kr\u0101sa un aksesu\u0101ri:<\/p>\n<ul>\n<li>\u0100r\u0113j\u0101 kr\u0101sa antrac\u012bta tum\u0161i pel\u0113ka RAL7016.<\/li>\n<li>\u0100r\u0113j\u0101 apdare cinkota lok\u0161\u0146u met\u0101la.<\/li>\n<li>Viens neliels logs un 4 panor\u0101mas logi<\/li>\n<li>Dro\u0161\u012bbas aizkari.<\/li>\n<li>Vienas met\u0101la durvis.<\/li>\n<li>Jumta velm\u0113ta cinka lok\u0161\u0146u met\u0101ls.<\/li>\n<li>Iek\u0161\u0113j\u0101s sienas skaidu pl\u0101tnes.<\/li>\n<li>Divas LED gaismas.<\/li>\n<li>Radiators.<\/li>\n<li>Rozetes zem maz\u0101k\u0101 loga<\/li>\n<li>\u0100r\u0113j\u0101s elektr\u012bbas 32A spraudnis uz jumta malas, var turpin\u0101t izmantot \u0101r\u0113jo str\u0101vu vai piesl\u0113gt citai biroja kab\u012bnei<\/li>\n<li>Biroja kab\u012bne ar panor\u0101mas logiem &#8211; Iz\u012br\u0113 un p\u0101rdod<\/li>\n<\/ul>\n<p>Biroja kaj\u012b\u0161u noma un p\u0101rdo\u0161ana Igaunij\u0101 tie\u0161i no p\u0101rst\u0101vja.<br \/>\nContainex Premium Panorama ir jaunums ar tum\u0161i pel\u0113ku RAL7016 antrac\u012bta apdari.<\/p>\n<p>\u0160\u012b biroja kab\u012bne no parast\u0101 Containex Standard at\u0161\u0137iras ar sienu materi\u0101lu un \u0101r\u0113j\u0101s kr\u0101sas kr\u0101su.<br \/>\nBiroja kab\u012b\u0146u sienas siltin\u0101tas ar 60mm PU put\u0101m, kas siltumizol\u0101cij\u0101 ir l\u012bdz\u012bgas 100mm vatei.<\/p>\n<p>Salona dibens un griesti ir siltin\u0101ti ar 100mm miner\u0101lvati.<br \/>\nVis\u0101m m\u016bsu p\u0101rdotaj\u0101m biroja kaj\u012bt\u0113m ir CE mar\u0137\u0113jums, kas noz\u012bm\u0113, ka kaj\u012btes atbilst Eiropas kvalit\u0101tes pras\u012bb\u0101m, ir izgatavotas kvalitat\u012bvi un ir dro\u0161as lieto\u0161an\u0101.<\/p>\n<p>Containex un ModulX kab\u012bnes var viegli savienot, veidojot liel\u0101kas telpas.<br \/>\nPiem\u0113ram, siltumn\u012bcas pla\u0161i izmanto b\u0113rnud\u0101rzu celtniec\u012bb\u0101, b\u016bvlaukumos, k\u0101 vasarn\u012bcas, komerctelpas, pagaidu skolas vai slimn\u012bcas.<\/p>\n<h2>Nomas nosac\u012bjumi:<\/h2>\n<p>Lai izteiktu nomas pied\u0101v\u0101jumu, mums ir j\u0101zina siltumn\u012bcas atra\u0161an\u0101s vieta nomas period\u0101, perioda ilgums, personas vai re\u0123istr\u0101cijas kods kred\u012bta p\u0101rbaudei un siltumn\u012bcas lieto\u0161anas m\u0113r\u0137is.<\/p>\n<p>Priv\u0101tperson\u0101m nomaksas maks\u0101jumus pied\u0101v\u0101 m\u016bsu partneris <a href=\"https:\/\/inbank.ee\/laen\/vaikelaen\">Inbank.ee<\/a>, atlai\u017eu kods \u201cKONTEINER\u201d.<br \/>\nBiznesa klientiem nomaksas maks\u0101jumus pied\u0101v\u0101 m\u016bsu partneris <a href=\"https:\/\/tenor.my.canva.site\/tenor-miil\">Tenor.ee<\/a><\/p>\n<p>P\u0101rvad\u0101\u0161anai parasti izmantojam <a href=\"https:\/\/www.miil.ee\/lv\/pakalpojumi\/celtnis\/\">celtnis<\/a> vai <a href=\"https:\/\/www.miil.ee\/lv\/pakalpojumi\/sanu-iekraveji-sideloader\/\">s\u0101nu iekr\u0101v\u0113ju.<\/a><br \/>\nM\u0113s izmantojam <a href=\"https:\/\/www.miil.ee\/lv\/pakalpojumi\/ram-pasizgazejs\/\">RAM backloader<\/a>, lai aptvertu vissare\u017e\u0123\u012bt\u0101k\u0101s vietas.<\/p>\n<p>Sekojiet mums <a href=\"https:\/\/www.facebook.com\/konteinerveod\/\">Facebook<\/a> vai <a href=\"https:\/\/www.instagram.com\/ou_miil\/\">Instagram.<\/a><\/p>\n","protected":false},"excerpt":{"rendered":"<p>Biroja kab\u012bne ar panor\u0101mas logiem \u0160\u0101da veida Office kab\u012bne ar panor\u0101mas logiem ir ide\u0101li piem\u0113rota pagaidu vasarn\u012bcai vai birojam, kuru var viegli salikt, izjaukt, p\u0101rkonfigur\u0113t un transport\u0113t. \u0160\u0101da veida biroji ir ekonomiski izdev\u012bgs un mobils risin\u0101jums, kas \u013cauj uz\u0146\u0113mumiem piel\u0101got biroja iek\u0101rtojumu sav\u0101m vajadz\u012bb\u0101m. Modu\u013cu biroji ar da\u017e\u0101du dizainu un konfigur\u0101ciju ir ide\u0101li piem\u0113roti augo\u0161iem&#8230;<\/p>\n","protected":false},"featured_media":85883,"comment_status":"closed","ping_status":"closed","template":"","meta":{"_acf_changed":false},"product_cat":[344,408],"product_tag":[],"class_list":{"0":"post-85848","1":"product","2":"type-product","3":"status-publish","4":"has-post-thumbnail","6":"product_cat-vagonini","7":"product_cat-jauni-vagonini","9":"first","10":"instock","11":"shipping-taxable","12":"purchasable","13":"product-type-simple"},"acf":[],"yoast_head":"<!-- This site is optimized with the Yoast SEO Premium plugin v23.9 (Yoast SEO v27.5) - https:\/\/yoast.com\/product\/yoast-seo-premium-wordpress\/ -->\n<title>Biroja kab\u012bne ar panor\u0101mas logiem - Miil O\u00dc<\/title>\n<meta name=\"description\" content=\"Biroja kab\u012bne ar panor\u0101mas logiem | Mini m\u0101jas un koted\u017eas | Kaj\u012b\u0161u noma un p\u0101rdo\u0161ana | Transports un remonts | Elektr\u012bbas darbi un apkure \u2b50\ufe0f\u2b50\ufe0f\u2b50\ufe0f\u2b50\ufe0f\u2b50\ufe0f\" \/>\n<meta name=\"robots\" content=\"index, follow, max-snippet:-1, max-image-preview:large, max-video-preview:-1\" \/>\n<link rel=\"canonical\" href=\"https:\/\/miil.dev.almic.ee\/lv\/toode\/biroja-kabine-ar-panoramas-logiem\/\" \/>\n<meta property=\"og:locale\" content=\"lv_LV\" \/>\n<meta property=\"og:type\" content=\"article\" \/>\n<meta property=\"og:title\" content=\"Containex Standard ar panor\u0101mas logiem MIIU2409764\" \/>\n<meta property=\"og:description\" content=\"Biroja kab\u012bne ar panor\u0101mas logiem | Mini m\u0101jas un koted\u017eas | Kaj\u012b\u0161u noma un p\u0101rdo\u0161ana | Transports un remonts | Elektr\u012bbas darbi un apkure \u2b50\ufe0f\u2b50\ufe0f\u2b50\ufe0f\u2b50\ufe0f\u2b50\ufe0f\" \/>\n<meta property=\"og:url\" content=\"https:\/\/miil.dev.almic.ee\/lv\/toode\/biroja-kabine-ar-panoramas-logiem\/\" \/>\n<meta property=\"og:site_name\" content=\"Miil O\u00dc\" \/>\n<meta property=\"article:publisher\" content=\"https:\/\/www.facebook.com\/konteinerveod\/\" \/>\n<meta property=\"article:modified_time\" content=\"2025-01-28T12:30:11+00:00\" \/>\n<meta property=\"og:image\" content=\"https:\/\/miil.dev.almic.ee\/wp-content\/uploads\/2025\/01\/Panoraamaknaga-Soojak-scaled.jpg\" \/>\n\t<meta property=\"og:image:width\" content=\"1900\" \/>\n\t<meta property=\"og:image:height\" content=\"1425\" \/>\n\t<meta property=\"og:image:type\" content=\"image\/jpeg\" \/>\n<meta name=\"twitter:card\" content=\"summary_large_image\" \/>\n<meta name=\"twitter:label1\" content=\"Price\" \/>\n\t<meta name=\"twitter:data1\" content=\"9450,00&nbsp;&euro;\" \/>\n\t<meta name=\"twitter:label2\" content=\"Availability\" \/>\n\t<meta name=\"twitter:data2\" content=\"In stock\" \/>\n<script type=\"application\/ld+json\" class=\"yoast-schema-graph\">{\"@context\":\"https:\\\/\\\/schema.org\",\"@graph\":[{\"@type\":\"WebPage\",\"@id\":\"https:\\\/\\\/miil.dev.almic.ee\\\/lv\\\/toode\\\/biroja-kabine-ar-panoramas-logiem\\\/\",\"url\":\"https:\\\/\\\/miil.dev.almic.ee\\\/lv\\\/toode\\\/biroja-kabine-ar-panoramas-logiem\\\/\",\"name\":\"Biroja kab\u012bne ar panor\u0101mas logiem - Miil O\u00dc\",\"isPartOf\":{\"@id\":\"https:\\\/\\\/miil.dev.almic.ee\\\/#website\"},\"primaryImageOfPage\":{\"@id\":\"https:\\\/\\\/miil.dev.almic.ee\\\/lv\\\/toode\\\/biroja-kabine-ar-panoramas-logiem\\\/#primaryimage\"},\"image\":{\"@id\":\"https:\\\/\\\/miil.dev.almic.ee\\\/lv\\\/toode\\\/biroja-kabine-ar-panoramas-logiem\\\/#primaryimage\"},\"thumbnailUrl\":\"https:\\\/\\\/miil.dev.almic.ee\\\/wp-content\\\/uploads\\\/2025\\\/01\\\/Panoraamaknaga-Soojak-scaled.jpg\",\"datePublished\":\"2025-01-28T07:48:57+00:00\",\"dateModified\":\"2025-01-28T12:30:11+00:00\",\"description\":\"Biroja kab\u012bne ar panor\u0101mas logiem | Mini m\u0101jas un koted\u017eas | Kaj\u012b\u0161u noma un p\u0101rdo\u0161ana | Transports un remonts | Elektr\u012bbas darbi un apkure \u2b50\ufe0f\u2b50\ufe0f\u2b50\ufe0f\u2b50\ufe0f\u2b50\ufe0f\",\"breadcrumb\":{\"@id\":\"https:\\\/\\\/miil.dev.almic.ee\\\/lv\\\/toode\\\/biroja-kabine-ar-panoramas-logiem\\\/#breadcrumb\"},\"inLanguage\":\"lv-LV\",\"potentialAction\":[{\"@type\":\"ReadAction\",\"target\":[\"https:\\\/\\\/miil.dev.almic.ee\\\/lv\\\/toode\\\/biroja-kabine-ar-panoramas-logiem\\\/\"]}]},{\"@type\":\"ImageObject\",\"inLanguage\":\"lv-LV\",\"@id\":\"https:\\\/\\\/miil.dev.almic.ee\\\/lv\\\/toode\\\/biroja-kabine-ar-panoramas-logiem\\\/#primaryimage\",\"url\":\"https:\\\/\\\/miil.dev.almic.ee\\\/wp-content\\\/uploads\\\/2025\\\/01\\\/Panoraamaknaga-Soojak-scaled.jpg\",\"contentUrl\":\"https:\\\/\\\/miil.dev.almic.ee\\\/wp-content\\\/uploads\\\/2025\\\/01\\\/Panoraamaknaga-Soojak-scaled.jpg\",\"width\":1900,\"height\":1425},{\"@type\":\"BreadcrumbList\",\"@id\":\"https:\\\/\\\/miil.dev.almic.ee\\\/lv\\\/toode\\\/biroja-kabine-ar-panoramas-logiem\\\/#breadcrumb\",\"itemListElement\":[{\"@type\":\"ListItem\",\"position\":1,\"name\":\"Home\",\"item\":\"https:\\\/\\\/miil.dev.almic.ee\\\/lv\\\/\"},{\"@type\":\"ListItem\",\"position\":2,\"name\":\"Veikals\",\"item\":\"https:\\\/\\\/miil.dev.almic.ee\\\/lv\\\/veikals\\\/\"},{\"@type\":\"ListItem\",\"position\":3,\"name\":\"Containex Standard ar panor\u0101mas logiem MIIU2409764\"}]},{\"@type\":\"WebSite\",\"@id\":\"https:\\\/\\\/miil.dev.almic.ee\\\/#website\",\"url\":\"https:\\\/\\\/miil.dev.almic.ee\\\/\",\"name\":\"Miil O\u00dc\",\"description\":\"Konteinerveod\",\"publisher\":{\"@id\":\"https:\\\/\\\/miil.dev.almic.ee\\\/#organization\"},\"potentialAction\":[{\"@type\":\"SearchAction\",\"target\":{\"@type\":\"EntryPoint\",\"urlTemplate\":\"https:\\\/\\\/miil.dev.almic.ee\\\/?s={search_term_string}\"},\"query-input\":{\"@type\":\"PropertyValueSpecification\",\"valueRequired\":true,\"valueName\":\"search_term_string\"}}],\"inLanguage\":\"lv-LV\"},{\"@type\":\"Organization\",\"@id\":\"https:\\\/\\\/miil.dev.almic.ee\\\/#organization\",\"name\":\"Miil O\u00dc\",\"url\":\"https:\\\/\\\/miil.dev.almic.ee\\\/\",\"logo\":{\"@type\":\"ImageObject\",\"inLanguage\":\"lv-LV\",\"@id\":\"https:\\\/\\\/miil.dev.almic.ee\\\/#\\\/schema\\\/logo\\\/image\\\/\",\"url\":\"https:\\\/\\\/www.miil.ee\\\/wp-content\\\/uploads\\\/2022\\\/02\\\/Miil-logo.svg\",\"contentUrl\":\"https:\\\/\\\/www.miil.ee\\\/wp-content\\\/uploads\\\/2022\\\/02\\\/Miil-logo.svg\",\"width\":\"1024\",\"height\":\"1024\",\"caption\":\"Miil O\u00dc\"},\"image\":{\"@id\":\"https:\\\/\\\/miil.dev.almic.ee\\\/#\\\/schema\\\/logo\\\/image\\\/\"},\"sameAs\":[\"https:\\\/\\\/www.facebook.com\\\/konteinerveod\\\/\",\"https:\\\/\\\/www.instagram.com\\\/ou_miil\\\/\"]}]}<\/script>\n<meta property=\"product:price:amount\" content=\"9450.00\" \/>\n<meta property=\"product:price:currency\" content=\"EUR\" \/>\n<meta property=\"og:availability\" content=\"instock\" \/>\n<meta property=\"product:availability\" content=\"instock\" \/>\n<meta property=\"product:retailer_item_id\" content=\"MIIU2409764\" \/>\n<meta property=\"product:condition\" content=\"new\" \/>\n<!-- \/ Yoast SEO Premium plugin. -->","yoast_head_json":{"title":"Biroja kab\u012bne ar panor\u0101mas logiem - Miil O\u00dc","description":"Biroja kab\u012bne ar panor\u0101mas logiem | Mini m\u0101jas un koted\u017eas | Kaj\u012b\u0161u noma un p\u0101rdo\u0161ana | Transports un remonts | Elektr\u012bbas darbi un apkure \u2b50\ufe0f\u2b50\ufe0f\u2b50\ufe0f\u2b50\ufe0f\u2b50\ufe0f","robots":{"index":"index","follow":"follow","max-snippet":"max-snippet:-1","max-image-preview":"max-image-preview:large","max-video-preview":"max-video-preview:-1"},"canonical":"https:\/\/miil.dev.almic.ee\/lv\/toode\/biroja-kabine-ar-panoramas-logiem\/","og_locale":"lv_LV","og_type":"article","og_title":"Containex Standard ar panor\u0101mas logiem MIIU2409764","og_description":"Biroja kab\u012bne ar panor\u0101mas logiem | Mini m\u0101jas un koted\u017eas | Kaj\u012b\u0161u noma un p\u0101rdo\u0161ana | Transports un remonts | Elektr\u012bbas darbi un apkure \u2b50\ufe0f\u2b50\ufe0f\u2b50\ufe0f\u2b50\ufe0f\u2b50\ufe0f","og_url":"https:\/\/miil.dev.almic.ee\/lv\/toode\/biroja-kabine-ar-panoramas-logiem\/","og_site_name":"Miil O\u00dc","article_publisher":"https:\/\/www.facebook.com\/konteinerveod\/","article_modified_time":"2025-01-28T12:30:11+00:00","og_image":[{"width":1900,"height":1425,"url":"https:\/\/miil.dev.almic.ee\/wp-content\/uploads\/2025\/01\/Panoraamaknaga-Soojak-scaled.jpg","type":"image\/jpeg"}],"twitter_card":"summary_large_image","twitter_misc":{"Price":"9450,00&nbsp;&euro;","Availability":"In stock"},"schema":{"@context":"https:\/\/schema.org","@graph":[{"@type":"WebPage","@id":"https:\/\/miil.dev.almic.ee\/lv\/toode\/biroja-kabine-ar-panoramas-logiem\/","url":"https:\/\/miil.dev.almic.ee\/lv\/toode\/biroja-kabine-ar-panoramas-logiem\/","name":"Biroja kab\u012bne ar panor\u0101mas logiem - Miil O\u00dc","isPartOf":{"@id":"https:\/\/miil.dev.almic.ee\/#website"},"primaryImageOfPage":{"@id":"https:\/\/miil.dev.almic.ee\/lv\/toode\/biroja-kabine-ar-panoramas-logiem\/#primaryimage"},"image":{"@id":"https:\/\/miil.dev.almic.ee\/lv\/toode\/biroja-kabine-ar-panoramas-logiem\/#primaryimage"},"thumbnailUrl":"https:\/\/miil.dev.almic.ee\/wp-content\/uploads\/2025\/01\/Panoraamaknaga-Soojak-scaled.jpg","datePublished":"2025-01-28T07:48:57+00:00","dateModified":"2025-01-28T12:30:11+00:00","description":"Biroja kab\u012bne ar panor\u0101mas logiem | Mini m\u0101jas un koted\u017eas | Kaj\u012b\u0161u noma un p\u0101rdo\u0161ana | Transports un remonts | Elektr\u012bbas darbi un apkure \u2b50\ufe0f\u2b50\ufe0f\u2b50\ufe0f\u2b50\ufe0f\u2b50\ufe0f","breadcrumb":{"@id":"https:\/\/miil.dev.almic.ee\/lv\/toode\/biroja-kabine-ar-panoramas-logiem\/#breadcrumb"},"inLanguage":"lv-LV","potentialAction":[{"@type":"ReadAction","target":["https:\/\/miil.dev.almic.ee\/lv\/toode\/biroja-kabine-ar-panoramas-logiem\/"]}]},{"@type":"ImageObject","inLanguage":"lv-LV","@id":"https:\/\/miil.dev.almic.ee\/lv\/toode\/biroja-kabine-ar-panoramas-logiem\/#primaryimage","url":"https:\/\/miil.dev.almic.ee\/wp-content\/uploads\/2025\/01\/Panoraamaknaga-Soojak-scaled.jpg","contentUrl":"https:\/\/miil.dev.almic.ee\/wp-content\/uploads\/2025\/01\/Panoraamaknaga-Soojak-scaled.jpg","width":1900,"height":1425},{"@type":"BreadcrumbList","@id":"https:\/\/miil.dev.almic.ee\/lv\/toode\/biroja-kabine-ar-panoramas-logiem\/#breadcrumb","itemListElement":[{"@type":"ListItem","position":1,"name":"Home","item":"https:\/\/miil.dev.almic.ee\/lv\/"},{"@type":"ListItem","position":2,"name":"Veikals","item":"https:\/\/miil.dev.almic.ee\/lv\/veikals\/"},{"@type":"ListItem","position":3,"name":"Containex Standard ar panor\u0101mas logiem MIIU2409764"}]},{"@type":"WebSite","@id":"https:\/\/miil.dev.almic.ee\/#website","url":"https:\/\/miil.dev.almic.ee\/","name":"Miil O\u00dc","description":"Konteinerveod","publisher":{"@id":"https:\/\/miil.dev.almic.ee\/#organization"},"potentialAction":[{"@type":"SearchAction","target":{"@type":"EntryPoint","urlTemplate":"https:\/\/miil.dev.almic.ee\/?s={search_term_string}"},"query-input":{"@type":"PropertyValueSpecification","valueRequired":true,"valueName":"search_term_string"}}],"inLanguage":"lv-LV"},{"@type":"Organization","@id":"https:\/\/miil.dev.almic.ee\/#organization","name":"Miil O\u00dc","url":"https:\/\/miil.dev.almic.ee\/","logo":{"@type":"ImageObject","inLanguage":"lv-LV","@id":"https:\/\/miil.dev.almic.ee\/#\/schema\/logo\/image\/","url":"https:\/\/www.miil.ee\/wp-content\/uploads\/2022\/02\/Miil-logo.svg","contentUrl":"https:\/\/www.miil.ee\/wp-content\/uploads\/2022\/02\/Miil-logo.svg","width":"1024","height":"1024","caption":"Miil O\u00dc"},"image":{"@id":"https:\/\/miil.dev.almic.ee\/#\/schema\/logo\/image\/"},"sameAs":["https:\/\/www.facebook.com\/konteinerveod\/","https:\/\/www.instagram.com\/ou_miil\/"]}]},"product_price_amount":"9450.00","product_price_currency":"EUR","og_availability":"instock","product_availability":"instock","product_retailer_item_id":"MIIU2409764","product_condition":"new"},"_links":{"self":[{"href":"https:\/\/miil.dev.almic.ee\/lv\/wp-json\/wp\/v2\/product\/85848","targetHints":{"allow":["GET"]}}],"collection":[{"href":"https:\/\/miil.dev.almic.ee\/lv\/wp-json\/wp\/v2\/product"}],"about":[{"href":"https:\/\/miil.dev.almic.ee\/lv\/wp-json\/wp\/v2\/types\/product"}],"replies":[{"embeddable":true,"href":"https:\/\/miil.dev.almic.ee\/lv\/wp-json\/wp\/v2\/comments?post=85848"}],"wp:featuredmedia":[{"embeddable":true,"href":"https:\/\/miil.dev.almic.ee\/lv\/wp-json\/wp\/v2\/media\/85883"}],"wp:attachment":[{"href":"https:\/\/miil.dev.almic.ee\/lv\/wp-json\/wp\/v2\/media?parent=85848"}],"wp:term":[{"taxonomy":"product_cat","embeddable":true,"href":"https:\/\/miil.dev.almic.ee\/lv\/wp-json\/wp\/v2\/product_cat?post=85848"},{"taxonomy":"product_tag","embeddable":true,"href":"https:\/\/miil.dev.almic.ee\/lv\/wp-json\/wp\/v2\/product_tag?post=85848"}],"curies":[{"name":"wp","href":"https:\/\/api.w.org\/{rel}","templated":true}]}}