{"id":85842,"date":"2025-01-27T17:37:05","date_gmt":"2025-01-27T15:37:06","guid":{"rendered":"https:\/\/www.miil.ee\/?post_type=product&#038;p=85842"},"modified":"2025-01-28T15:28:04","modified_gmt":"2025-01-28T13:28:04","slug":"multilift-konteineru-veltni","status":"publish","type":"product","link":"https:\/\/miil.dev.almic.ee\/lv\/toode\/multilift-konteineru-veltni\/","title":{"rendered":"Multilift konteineru velt\u0146i"},"content":{"rendered":"<h1>Multilift konteineru rite\u0146i<\/h1>\n<p>Multilift konteineru velt\u0146i ir lieljaudas rite\u0146i, kas paredz\u0113ti lieto\u0161anai ar Multilift sist\u0113m\u0101m, kuras izmanto konteineru pacel\u0161anai un transport\u0113\u0161anai. \u0160ie rite\u0146i ir veidoti t\u0101, lai iztur\u0113tu iev\u0113rojamu svaru un bie\u017eu kust\u012bbu, nodro\u0161inot vienm\u0113r\u012bgu mobilit\u0101ti uz da\u017e\u0101d\u0101m virsm\u0101m. Izgatavoti no iztur\u012bga materi\u0101la, piem\u0113ram, t\u0113rauda, \u200b\u200btie nodro\u0161ina stabilit\u0101ti un uzticam\u012bbu pras\u012bg\u0101s vid\u0113s, piem\u0113ram, b\u016bvlaukumos, noliktav\u0101s un r\u016bpniec\u012bbas zon\u0101s.<\/p>\n<p>Nekautr\u0113jieties uzst\u0101d\u012bt velt\u0146us zem multilift konteinera vai parast\u0101 transport\u0113\u0161anas konteinera.<\/p>\n<ul>\n<li>Rull\u012b\u0161u diametrs 159mm.<\/li>\n<li>Rull\u012b\u0161u platums 305mm.<\/li>\n<li>Ru\u013c\u013ca platums m\u0113rot no v\u0101rpstas buks\u0113m 340mm.<\/li>\n<li>V\u0101rpstas garums 370mm.<\/li>\n<li>V\u0101rpstas diametrs 40mm.<\/li>\n<\/ul>\n<p><strong>190\u20ac<\/strong>\/gab, <strong>380\u20ac<\/strong>\/komplekts<\/p>\n<p><strong>P\u0113rciet t\u016bl\u012bt, maks\u0101 v\u0113l\u0101k<\/strong>\u00a0\u2014 pieejama opcija:<br \/>\nPriv\u0101tperson\u0101m, izmantojot m\u016bsu partneri\u00a0<a href=\"https:\/\/inbank.ee\/laen\/vaikelaen\">Inbank.ee<\/a>, izmantojot atsauces kodu\u00a0\u201cKONTEINER\u201d.<br \/>\nBiznesa klientiem caur m\u016bsu partneri <a href=\"https:\/\/tenor.my.canva.site\/tenor-miil\">Tenor.ee<\/a><\/p>\n<h2>Multilift konteineru velt\u0146i vai kas cits?<\/h2>\n<p>L\u016bdzu, \u0146emiet v\u0113r\u0101, ka mums ir visu veidu noder\u012bgas rezerves da\u013cas konteineriem. No rite\u0146iem l\u012bdz durv\u012bm, sl\u0113dzenes l\u012bdz plauktiem. Pilna aksesu\u0101ru izv\u0113le pieejama <a href=\"https:\/\/www.miil.ee\/lv\/merekonteinerid\/papildu-piederumi\/\">\u0161eit<\/a>!<\/p>\n<p>Bez konteineru st\u016bru l\u0113jumu pieg\u0101des pie mums var atrast ar\u012b da\u017e\u0101dus plauktus, \u017eogus, biroja kaj\u012btes, j\u016bras konteinerus un \u0101ra tualetes.<br \/>\nPl\u0101k\u0161\u0146u plaukts ir ide\u0101li piem\u0113rots papildu vietas rad\u012b\u0161anai gar\u0101\u017e\u0101, darba kabinet\u0101 vai pagrab\u0101.<br \/>\nRiepu bag\u0101\u017enieks ir piem\u0113rots riepu uzglab\u0101\u0161anai gan profesion\u0101\u013ciem, gan lieto\u0161anai m\u0101j\u0101s.<br \/>\nVis\u0101m pie mums ieg\u0101d\u0101taj\u0101m prec\u0113m vai pagaidu b\u016bvei apk\u0101rt var apvilkt \u017eogu.<\/p>\n<p>Sekojiet mums <a href=\"https:\/\/www.facebook.com\/konteinerveod\/\">Facebook<\/a> vai <a href=\"https:\/\/www.instagram.com\/ou_miil\/\">Instagram<\/a><\/p>\n","protected":false},"excerpt":{"rendered":"<p>Multilift konteineru velt\u0146i ir lieljaudas rite\u0146i, kas paredz\u0113ti lieto\u0161anai ar Multilift sist\u0113m\u0101m, kuras izmanto konteineru pacel\u0161anai un transport\u0113\u0161anai. \u0160ie rite\u0146i ir veidoti t\u0101, lai iztur\u0113tu iev\u0113rojamu svaru un bie\u017eu kust\u012bbu, nodro\u0161inot vienm\u0113r\u012bgu mobilit\u0101ti uz da\u017e\u0101d\u0101m virsm\u0101m.<\/p>\n","protected":false},"featured_media":85830,"comment_status":"open","ping_status":"closed","template":"","meta":{"_acf_changed":false},"product_cat":[336],"product_tag":[],"class_list":{"0":"post-85842","1":"product","2":"type-product","3":"status-publish","4":"has-post-thumbnail","6":"product_cat-papildu-piederumi","8":"first","9":"instock","10":"sale","11":"shipping-taxable","12":"purchasable","13":"product-type-simple"},"acf":[],"yoast_head":"<!-- This site is optimized with the Yoast SEO Premium plugin v23.9 (Yoast SEO v27.5) - https:\/\/yoast.com\/product\/yoast-seo-premium-wordpress\/ -->\n<title>Multilift konteineru velt\u0146i - Miil O\u00dc<\/title>\n<meta name=\"description\" content=\"Multilift konteineru velt\u0146i | Sl\u0113dzami konteineru rite\u0146i | J\u016bras konteinera p\u0101rvieto\u0161ana | Konteineru piederumi | Konteineru p\u0101rvad\u0101jumi | MIIL \u2b50\ufe0f\u2b50\ufe0f\u2b50\ufe0f\u2b50\ufe0f\u2b50\ufe0f\" \/>\n<meta name=\"robots\" content=\"index, follow, max-snippet:-1, max-image-preview:large, max-video-preview:-1\" \/>\n<link rel=\"canonical\" href=\"https:\/\/miil.dev.almic.ee\/lv\/toode\/multilift-konteineru-veltni\/\" \/>\n<meta property=\"og:locale\" content=\"lv_LV\" \/>\n<meta property=\"og:type\" content=\"article\" \/>\n<meta property=\"og:title\" content=\"Multilift konteineru velt\u0146i\" \/>\n<meta property=\"og:description\" content=\"Multilift konteineru velt\u0146i | Sl\u0113dzami konteineru rite\u0146i | J\u016bras konteinera p\u0101rvieto\u0161ana | Konteineru piederumi | Konteineru p\u0101rvad\u0101jumi | MIIL \u2b50\ufe0f\u2b50\ufe0f\u2b50\ufe0f\u2b50\ufe0f\u2b50\ufe0f\" \/>\n<meta property=\"og:url\" content=\"https:\/\/miil.dev.almic.ee\/lv\/toode\/multilift-konteineru-veltni\/\" \/>\n<meta property=\"og:site_name\" content=\"Miil O\u00dc\" \/>\n<meta property=\"article:publisher\" content=\"https:\/\/www.facebook.com\/konteinerveod\/\" \/>\n<meta property=\"article:modified_time\" content=\"2025-01-28T13:28:04+00:00\" \/>\n<meta property=\"og:image\" content=\"https:\/\/miil.dev.almic.ee\/wp-content\/uploads\/2025\/01\/Rullikud-scaled.jpg\" \/>\n\t<meta property=\"og:image:width\" content=\"1900\" \/>\n\t<meta property=\"og:image:height\" content=\"1431\" \/>\n\t<meta property=\"og:image:type\" content=\"image\/jpeg\" \/>\n<meta name=\"twitter:card\" content=\"summary_large_image\" \/>\n<meta name=\"twitter:label1\" content=\"Price\" \/>\n\t<meta name=\"twitter:data1\" content=\"190,00&nbsp;&euro;\" \/>\n\t<meta name=\"twitter:label2\" content=\"Availability\" \/>\n\t<meta name=\"twitter:data2\" content=\"In stock\" \/>\n<script type=\"application\/ld+json\" class=\"yoast-schema-graph\">{\"@context\":\"https:\\\/\\\/schema.org\",\"@graph\":[{\"@type\":\"WebPage\",\"@id\":\"https:\\\/\\\/miil.dev.almic.ee\\\/lv\\\/toode\\\/multilift-konteineru-veltni\\\/\",\"url\":\"https:\\\/\\\/miil.dev.almic.ee\\\/lv\\\/toode\\\/multilift-konteineru-veltni\\\/\",\"name\":\"Multilift konteineru velt\u0146i - Miil O\u00dc\",\"isPartOf\":{\"@id\":\"https:\\\/\\\/miil.dev.almic.ee\\\/#website\"},\"primaryImageOfPage\":{\"@id\":\"https:\\\/\\\/miil.dev.almic.ee\\\/lv\\\/toode\\\/multilift-konteineru-veltni\\\/#primaryimage\"},\"image\":{\"@id\":\"https:\\\/\\\/miil.dev.almic.ee\\\/lv\\\/toode\\\/multilift-konteineru-veltni\\\/#primaryimage\"},\"thumbnailUrl\":\"https:\\\/\\\/miil.dev.almic.ee\\\/wp-content\\\/uploads\\\/2025\\\/01\\\/Rullikud-scaled.jpg\",\"datePublished\":\"2025-01-27T15:37:06+00:00\",\"dateModified\":\"2025-01-28T13:28:04+00:00\",\"description\":\"Multilift konteineru velt\u0146i | Sl\u0113dzami konteineru rite\u0146i | J\u016bras konteinera p\u0101rvieto\u0161ana | Konteineru piederumi | Konteineru p\u0101rvad\u0101jumi | MIIL \u2b50\ufe0f\u2b50\ufe0f\u2b50\ufe0f\u2b50\ufe0f\u2b50\ufe0f\",\"breadcrumb\":{\"@id\":\"https:\\\/\\\/miil.dev.almic.ee\\\/lv\\\/toode\\\/multilift-konteineru-veltni\\\/#breadcrumb\"},\"inLanguage\":\"lv-LV\",\"potentialAction\":[{\"@type\":\"ReadAction\",\"target\":[\"https:\\\/\\\/miil.dev.almic.ee\\\/lv\\\/toode\\\/multilift-konteineru-veltni\\\/\"]}]},{\"@type\":\"ImageObject\",\"inLanguage\":\"lv-LV\",\"@id\":\"https:\\\/\\\/miil.dev.almic.ee\\\/lv\\\/toode\\\/multilift-konteineru-veltni\\\/#primaryimage\",\"url\":\"https:\\\/\\\/miil.dev.almic.ee\\\/wp-content\\\/uploads\\\/2025\\\/01\\\/Rullikud-scaled.jpg\",\"contentUrl\":\"https:\\\/\\\/miil.dev.almic.ee\\\/wp-content\\\/uploads\\\/2025\\\/01\\\/Rullikud-scaled.jpg\",\"width\":1900,\"height\":1431},{\"@type\":\"BreadcrumbList\",\"@id\":\"https:\\\/\\\/miil.dev.almic.ee\\\/lv\\\/toode\\\/multilift-konteineru-veltni\\\/#breadcrumb\",\"itemListElement\":[{\"@type\":\"ListItem\",\"position\":1,\"name\":\"Home\",\"item\":\"https:\\\/\\\/miil.dev.almic.ee\\\/lv\\\/\"},{\"@type\":\"ListItem\",\"position\":2,\"name\":\"Veikals\",\"item\":\"https:\\\/\\\/miil.dev.almic.ee\\\/lv\\\/veikals\\\/\"},{\"@type\":\"ListItem\",\"position\":3,\"name\":\"Multilift konteineru velt\u0146i\"}]},{\"@type\":\"WebSite\",\"@id\":\"https:\\\/\\\/miil.dev.almic.ee\\\/#website\",\"url\":\"https:\\\/\\\/miil.dev.almic.ee\\\/\",\"name\":\"Miil O\u00dc\",\"description\":\"Konteinerveod\",\"publisher\":{\"@id\":\"https:\\\/\\\/miil.dev.almic.ee\\\/#organization\"},\"potentialAction\":[{\"@type\":\"SearchAction\",\"target\":{\"@type\":\"EntryPoint\",\"urlTemplate\":\"https:\\\/\\\/miil.dev.almic.ee\\\/?s={search_term_string}\"},\"query-input\":{\"@type\":\"PropertyValueSpecification\",\"valueRequired\":true,\"valueName\":\"search_term_string\"}}],\"inLanguage\":\"lv-LV\"},{\"@type\":\"Organization\",\"@id\":\"https:\\\/\\\/miil.dev.almic.ee\\\/#organization\",\"name\":\"Miil O\u00dc\",\"url\":\"https:\\\/\\\/miil.dev.almic.ee\\\/\",\"logo\":{\"@type\":\"ImageObject\",\"inLanguage\":\"lv-LV\",\"@id\":\"https:\\\/\\\/miil.dev.almic.ee\\\/#\\\/schema\\\/logo\\\/image\\\/\",\"url\":\"https:\\\/\\\/www.miil.ee\\\/wp-content\\\/uploads\\\/2022\\\/02\\\/Miil-logo.svg\",\"contentUrl\":\"https:\\\/\\\/www.miil.ee\\\/wp-content\\\/uploads\\\/2022\\\/02\\\/Miil-logo.svg\",\"width\":\"1024\",\"height\":\"1024\",\"caption\":\"Miil O\u00dc\"},\"image\":{\"@id\":\"https:\\\/\\\/miil.dev.almic.ee\\\/#\\\/schema\\\/logo\\\/image\\\/\"},\"sameAs\":[\"https:\\\/\\\/www.facebook.com\\\/konteinerveod\\\/\",\"https:\\\/\\\/www.instagram.com\\\/ou_miil\\\/\"]}]}<\/script>\n<meta property=\"product:price:amount\" content=\"190.00\" \/>\n<meta property=\"product:price:currency\" content=\"EUR\" \/>\n<meta property=\"og:availability\" content=\"instock\" \/>\n<meta property=\"product:availability\" content=\"instock\" \/>\n<meta property=\"product:retailer_item_id\" content=\"MIIU3602200-1\" \/>\n<meta property=\"product:condition\" content=\"new\" \/>\n<!-- \/ Yoast SEO Premium plugin. -->","yoast_head_json":{"title":"Multilift konteineru velt\u0146i - Miil O\u00dc","description":"Multilift konteineru velt\u0146i | Sl\u0113dzami konteineru rite\u0146i | J\u016bras konteinera p\u0101rvieto\u0161ana | Konteineru piederumi | Konteineru p\u0101rvad\u0101jumi | MIIL \u2b50\ufe0f\u2b50\ufe0f\u2b50\ufe0f\u2b50\ufe0f\u2b50\ufe0f","robots":{"index":"index","follow":"follow","max-snippet":"max-snippet:-1","max-image-preview":"max-image-preview:large","max-video-preview":"max-video-preview:-1"},"canonical":"https:\/\/miil.dev.almic.ee\/lv\/toode\/multilift-konteineru-veltni\/","og_locale":"lv_LV","og_type":"article","og_title":"Multilift konteineru velt\u0146i","og_description":"Multilift konteineru velt\u0146i | Sl\u0113dzami konteineru rite\u0146i | J\u016bras konteinera p\u0101rvieto\u0161ana | Konteineru piederumi | Konteineru p\u0101rvad\u0101jumi | MIIL \u2b50\ufe0f\u2b50\ufe0f\u2b50\ufe0f\u2b50\ufe0f\u2b50\ufe0f","og_url":"https:\/\/miil.dev.almic.ee\/lv\/toode\/multilift-konteineru-veltni\/","og_site_name":"Miil O\u00dc","article_publisher":"https:\/\/www.facebook.com\/konteinerveod\/","article_modified_time":"2025-01-28T13:28:04+00:00","og_image":[{"width":1900,"height":1431,"url":"https:\/\/miil.dev.almic.ee\/wp-content\/uploads\/2025\/01\/Rullikud-scaled.jpg","type":"image\/jpeg"}],"twitter_card":"summary_large_image","twitter_misc":{"Price":"190,00&nbsp;&euro;","Availability":"In stock"},"schema":{"@context":"https:\/\/schema.org","@graph":[{"@type":"WebPage","@id":"https:\/\/miil.dev.almic.ee\/lv\/toode\/multilift-konteineru-veltni\/","url":"https:\/\/miil.dev.almic.ee\/lv\/toode\/multilift-konteineru-veltni\/","name":"Multilift konteineru velt\u0146i - Miil O\u00dc","isPartOf":{"@id":"https:\/\/miil.dev.almic.ee\/#website"},"primaryImageOfPage":{"@id":"https:\/\/miil.dev.almic.ee\/lv\/toode\/multilift-konteineru-veltni\/#primaryimage"},"image":{"@id":"https:\/\/miil.dev.almic.ee\/lv\/toode\/multilift-konteineru-veltni\/#primaryimage"},"thumbnailUrl":"https:\/\/miil.dev.almic.ee\/wp-content\/uploads\/2025\/01\/Rullikud-scaled.jpg","datePublished":"2025-01-27T15:37:06+00:00","dateModified":"2025-01-28T13:28:04+00:00","description":"Multilift konteineru velt\u0146i | Sl\u0113dzami konteineru rite\u0146i | J\u016bras konteinera p\u0101rvieto\u0161ana | Konteineru piederumi | Konteineru p\u0101rvad\u0101jumi | MIIL \u2b50\ufe0f\u2b50\ufe0f\u2b50\ufe0f\u2b50\ufe0f\u2b50\ufe0f","breadcrumb":{"@id":"https:\/\/miil.dev.almic.ee\/lv\/toode\/multilift-konteineru-veltni\/#breadcrumb"},"inLanguage":"lv-LV","potentialAction":[{"@type":"ReadAction","target":["https:\/\/miil.dev.almic.ee\/lv\/toode\/multilift-konteineru-veltni\/"]}]},{"@type":"ImageObject","inLanguage":"lv-LV","@id":"https:\/\/miil.dev.almic.ee\/lv\/toode\/multilift-konteineru-veltni\/#primaryimage","url":"https:\/\/miil.dev.almic.ee\/wp-content\/uploads\/2025\/01\/Rullikud-scaled.jpg","contentUrl":"https:\/\/miil.dev.almic.ee\/wp-content\/uploads\/2025\/01\/Rullikud-scaled.jpg","width":1900,"height":1431},{"@type":"BreadcrumbList","@id":"https:\/\/miil.dev.almic.ee\/lv\/toode\/multilift-konteineru-veltni\/#breadcrumb","itemListElement":[{"@type":"ListItem","position":1,"name":"Home","item":"https:\/\/miil.dev.almic.ee\/lv\/"},{"@type":"ListItem","position":2,"name":"Veikals","item":"https:\/\/miil.dev.almic.ee\/lv\/veikals\/"},{"@type":"ListItem","position":3,"name":"Multilift konteineru velt\u0146i"}]},{"@type":"WebSite","@id":"https:\/\/miil.dev.almic.ee\/#website","url":"https:\/\/miil.dev.almic.ee\/","name":"Miil O\u00dc","description":"Konteinerveod","publisher":{"@id":"https:\/\/miil.dev.almic.ee\/#organization"},"potentialAction":[{"@type":"SearchAction","target":{"@type":"EntryPoint","urlTemplate":"https:\/\/miil.dev.almic.ee\/?s={search_term_string}"},"query-input":{"@type":"PropertyValueSpecification","valueRequired":true,"valueName":"search_term_string"}}],"inLanguage":"lv-LV"},{"@type":"Organization","@id":"https:\/\/miil.dev.almic.ee\/#organization","name":"Miil O\u00dc","url":"https:\/\/miil.dev.almic.ee\/","logo":{"@type":"ImageObject","inLanguage":"lv-LV","@id":"https:\/\/miil.dev.almic.ee\/#\/schema\/logo\/image\/","url":"https:\/\/www.miil.ee\/wp-content\/uploads\/2022\/02\/Miil-logo.svg","contentUrl":"https:\/\/www.miil.ee\/wp-content\/uploads\/2022\/02\/Miil-logo.svg","width":"1024","height":"1024","caption":"Miil O\u00dc"},"image":{"@id":"https:\/\/miil.dev.almic.ee\/#\/schema\/logo\/image\/"},"sameAs":["https:\/\/www.facebook.com\/konteinerveod\/","https:\/\/www.instagram.com\/ou_miil\/"]}]},"product_price_amount":"190.00","product_price_currency":"EUR","og_availability":"instock","product_availability":"instock","product_retailer_item_id":"MIIU3602200-1","product_condition":"new"},"_links":{"self":[{"href":"https:\/\/miil.dev.almic.ee\/lv\/wp-json\/wp\/v2\/product\/85842","targetHints":{"allow":["GET"]}}],"collection":[{"href":"https:\/\/miil.dev.almic.ee\/lv\/wp-json\/wp\/v2\/product"}],"about":[{"href":"https:\/\/miil.dev.almic.ee\/lv\/wp-json\/wp\/v2\/types\/product"}],"replies":[{"embeddable":true,"href":"https:\/\/miil.dev.almic.ee\/lv\/wp-json\/wp\/v2\/comments?post=85842"}],"wp:featuredmedia":[{"embeddable":true,"href":"https:\/\/miil.dev.almic.ee\/lv\/wp-json\/wp\/v2\/media\/85830"}],"wp:attachment":[{"href":"https:\/\/miil.dev.almic.ee\/lv\/wp-json\/wp\/v2\/media?parent=85842"}],"wp:term":[{"taxonomy":"product_cat","embeddable":true,"href":"https:\/\/miil.dev.almic.ee\/lv\/wp-json\/wp\/v2\/product_cat?post=85842"},{"taxonomy":"product_tag","embeddable":true,"href":"https:\/\/miil.dev.almic.ee\/lv\/wp-json\/wp\/v2\/product_tag?post=85842"}],"curies":[{"name":"wp","href":"https:\/\/api.w.org\/{rel}","templated":true}]}}