{"id":85295,"date":"2025-01-24T14:55:58","date_gmt":"2025-01-24T12:55:58","guid":{"rendered":"https:\/\/www.miil.ee\/?post_type=product&#038;p=85295"},"modified":"2025-06-20T12:44:35","modified_gmt":"2025-06-20T09:44:35","slug":"izolets-20dc-uzglabasanas-konteiners","status":"publish","type":"product","link":"https:\/\/miil.dev.almic.ee\/lv\/toode\/izolets-20dc-uzglabasanas-konteiners\/","title":{"rendered":"Izol\u0113ts 20DC uzglab\u0101\u0161anas konteiners (p\u0113c pas\u016bt\u012bjuma)"},"content":{"rendered":"<h1>Izol\u0113ts neliels uzglab\u0101\u0161anas konteiners.<\/h1>\n<p>Izol\u0113ts 8DC uzglab\u0101\u0161anas konteiners ir paredz\u0113ts bateriju uzglab\u0101\u0161anai blakus saules parkam.<br \/>\nSienu izol\u0101cija 60mm PIR, apak\u0161\u0101 120mm PU, pievienotas ventil\u0101cijas atveres un apdares sloksnes.<br \/>\nJauns un reprezentat\u012bvs risin\u0101jums, kas piem\u0113rots ar\u012b m\u0101jas pagalmam vai komercplat\u012bb\u0101m.<\/p>\n<p><strong>Konteiners<\/strong>: 2690.- + PVN<br \/>\n<strong>Siltin\u0101\u0161ana<\/strong>: 2990.- + PVN<br \/>\n(*var veikt ar\u012b papildus siltin\u0101\u0161anu gr\u012bdai ar PU: 975,- + PVN)<\/p>\n<ul>\n<li>Laikapst\u0101k\u013ciem iztur\u012bga garantija 50 gadi.<\/li>\n<li>Bildes atbilst reklam\u0113tajam konteineram.<\/li>\n<li>Konteineri izgatavoti no laikapst\u0101k\u013ciem iztur\u012bga t\u0113rauda.<\/li>\n<li>Uzglab\u0101\u0161anas konteineram kopum\u0101 ir divas saites, kas atrodas augst\u0101k par j\u016bras konteinera posmiem.<\/li>\n<li>Divu durvju vid\u016b ir sl\u0113dzenes aizsargs.<\/li>\n<li>Papildu ventil\u0101cija.<\/li>\n<li>P\u0113c vieno\u0161an\u0101s iesp\u0113jama j\u016bras konteineru noma.<\/li>\n<li>Visi konteineri tiek ra\u017eoti \u0100zij\u0101.<\/li>\n<li>Lab\u0101k\u0101s cenas garantija!<\/li>\n<\/ul>\n<p>Ir pieejama opcija <strong>P\u0113rciet t\u016bl\u012bt, maks\u0101 v\u0113l\u0101k<\/strong>:<br \/>\nPriv\u0101tperson\u0101m, izmantojot m\u016bsu partneri\u00a0<a href=\"https:\/\/inbank.ee\/laen\/vaikelaen\">Inbank.ee<\/a>, izmantojot atsauces kodu\u00a0\u201cKONTEINER\u201d.<br \/>\nBiznesa klientiem ar m\u016bsu partnera <a href=\"https:\/\/tenor.my.canva.site\/tenor-miil\">Tenor.ee<\/a> starpniec\u012bbu.<\/p>\n<h2>K\u0101p\u0113c, uzglab\u0101jot baterijas, ir j\u0101pievieno izol\u0101cija?<\/h2>\n<p>Uzglab\u0101jot akumulatorus, izol\u0101cija ir svar\u012bga, jo t\u0101 pal\u012bdz regul\u0113t temperat\u016bru, ne\u013caujot akumulatoriem k\u013c\u016bt p\u0101r\u0101k karstiem vai p\u0101r\u0101k aukstiem, kas var samazin\u0101t to kalpo\u0161anas laiku vai pat izrais\u012bt boj\u0101jumus. Ekstr\u0113mas temperat\u016bras (p\u0101r\u0101k karstas vai p\u0101r\u0101k aukstas) var izrais\u012bt akumulatora \u0101tr\u0101ku no\u0101rd\u012b\u0161anos, kapacit\u0101tes zudumu vai potenci\u0101lu atteici. Izol\u0101cija pal\u012bdz uztur\u0113t stabilu temperat\u016bru, saglab\u0101jot akumulatoru pareizu darb\u012bbu ilg\u0101ku laiku.<\/p>\n<h2>K\u0101 tiek apr\u0113\u0137in\u0101ta konteinera cena?<\/h2>\n<p>J\u016bras konteinera cena ir atkar\u012bga no daudz\u0101m liet\u0101m, ta\u010du p\u0101rdo\u0161anas cena parasti ir saist\u012bta ar konteinera st\u0101vokli.<br \/>\nCenu ietekm\u0113 ar\u012b konteinera ieg\u0101des izmaksas, konteinera pien\u0101k\u0161anas ce\u013c\u0161 uz termin\u0101li, konteinera atra\u0161an\u0101s vieta termin\u0101l\u012b un tas, vai konteineram nav beigu\u0161\u0101s papildu izmaksas, piem\u0113ram, starpt\u012br\u012b\u0161ana, iek\u0161\u0113j\u0101 t\u012br\u012b\u0161ana vai atjauno\u0161ana. . Lai lab\u0101k apkalpotu m\u016bsu klientus, m\u016bsu tirdzniec\u012bbas punkti atrodas vis\u0101 Igaunij\u0101. Konteinera cena \u0101rpus galvaspils\u0113tas ir atkar\u012bga ar\u012b no t\u0101, k\u0101 tas transport\u0113ts starp termin\u0101liem.<\/p>\n<h2>Izol\u0113ts 20DC uzglab\u0101\u0161anas konteiners \u2013 transport\u0113\u0161ana un pacel\u0161ana?<\/h2>\n<p>P\u0113c piem\u0113rota konteinera izv\u0113les varam veikt iepako\u0161anu un transport\u0113\u0161anu.<br \/>\nP\u0101rvad\u0101\u0161anai parasti izmantojam\u00a0<a href=\"https:\/\/www.miil.ee\/lv\/pakalpojumi\/celtnis\/\">celtnis<\/a>\u00a0vai\u00a0<a href=\"https:\/\/www.miil.ee\/lv\/pakalpojumi\/sanu-iekraveji-sideloader\/\">s\u0101nu iekr\u0101v\u0113ju.<\/a><br \/>\nM\u0113s izmantojam\u00a0<a href=\"https:\/\/www.miil.ee\/lv\/pakalpojumi\/ram-pasizgazejs\/\">RAM backloader<\/a>, lai aptvertu vissare\u017e\u0123\u012bt\u0101k\u0101s vietas.<br \/>\nP\u0113c t\u0101 ieg\u0101des m\u0113s glab\u0101jam j\u016bsu konteineru m\u016bsu termin\u0101l\u012b bez maksas l\u012bdz se\u0161iem m\u0113ne\u0161iem.<br \/>\nVienm\u0113r iesp\u0113jams vienoties par ilg\u0101ku laiku.<br \/>\nPiem\u0113ram, ja vieta v\u0113l nav gatava vai pieejama konteinera pieg\u0101dei.<br \/>\nT\u0101d\u0101 gad\u012bjum\u0101 konteinera cena nemain\u012bsies un var\u0113siet b\u016bt dro\u0161s, ka izv\u0113l\u0113to konteineru sa\u0146emsiet norun\u0101taj\u0101 laik\u0101.<\/p>\n<ul>\n<li>Lab\u0101k\u0101s cenas garantija \u2013 m\u0113s vienm\u0113r pied\u0101v\u0101jam konteineram lab\u0101ko pied\u0101v\u0101jumu.<\/li>\n<\/ul>\n<p>Sekojiet mums\u00a0<a href=\"https:\/\/www.facebook.com\/konteinerveod\/\">Facebook<\/a>\u00a0vai\u00a0<a href=\"https:\/\/www.instagram.com\/ou_miil\/\">Instagram.<\/a><\/p>\n","protected":false},"excerpt":{"rendered":"<p>Akumulatoru uzglab\u0101\u0161anas konteinera izol\u0101cija ir lielisks veids, k\u0101 izveidot energoefekt\u012bvu uzglab\u0101\u0161anas risin\u0101jumu. Pievienojot sien\u0101m, gr\u012bdai un jumtam izol\u0101ciju, j\u016bs pal\u012bdzat uztur\u0113t nemain\u012bgu iek\u0161\u0113jo temperat\u016bru, kas ir svar\u012bgi, lai pagarin\u0101tu akumulatoru kalpo\u0161anas laiku un veiktsp\u0113ju.<\/p>\n","protected":false},"featured_media":85310,"comment_status":"closed","ping_status":"closed","template":"","meta":{"_acf_changed":false},"product_cat":[356,452,456,348],"product_tag":[],"class_list":{"0":"post-85295","1":"product","2":"type-product","3":"status-publish","4":"has-post-thumbnail","6":"product_cat-jauni-konteineri","7":"product_cat-20-6-metri-lv","8":"product_cat-20dc-standard-lv-2","9":"product_cat-tehnika","11":"first","12":"instock","13":"shipping-taxable","14":"purchasable","15":"product-type-simple"},"acf":[],"yoast_head":"<!-- This site is optimized with the Yoast SEO Premium plugin v23.9 (Yoast SEO v27.5) - https:\/\/yoast.com\/product\/yoast-seo-premium-wordpress\/ -->\n<title>Izol\u0113ts 20DC uzglab\u0101\u0161anas konteiners - Miil O\u00dc<\/title>\n<meta name=\"description\" content=\"Izol\u0113ts 20DC uzglab\u0101\u0161anas konteiners | Konteinera konvert\u0113\u0161ana | Konteineru p\u0101rdo\u0161ana | Izol\u0113ti konteineri | Konteineru p\u0101rvad\u0101jumi | Ventil\u0113jams konteiners\" \/>\n<meta name=\"robots\" content=\"index, follow, max-snippet:-1, max-image-preview:large, max-video-preview:-1\" \/>\n<link rel=\"canonical\" href=\"https:\/\/miil.dev.almic.ee\/lv\/toode\/izolets-20dc-uzglabasanas-konteiners\/\" \/>\n<meta property=\"og:locale\" content=\"lv_LV\" \/>\n<meta property=\"og:type\" content=\"article\" \/>\n<meta property=\"og:title\" content=\"Izol\u0113ts 20DC uzglab\u0101\u0161anas konteiners (p\u0113c pas\u016bt\u012bjuma)\" \/>\n<meta property=\"og:description\" content=\"Izol\u0113ts 20DC uzglab\u0101\u0161anas konteiners | Konteinera konvert\u0113\u0161ana | Konteineru p\u0101rdo\u0161ana | Izol\u0113ti konteineri | Konteineru p\u0101rvad\u0101jumi | Ventil\u0113jams konteiners\" \/>\n<meta property=\"og:url\" content=\"https:\/\/miil.dev.almic.ee\/lv\/toode\/izolets-20dc-uzglabasanas-konteiners\/\" \/>\n<meta property=\"og:site_name\" content=\"Miil O\u00dc\" \/>\n<meta property=\"article:publisher\" content=\"https:\/\/www.facebook.com\/konteinerveod\/\" \/>\n<meta property=\"article:modified_time\" content=\"2025-06-20T09:44:35+00:00\" \/>\n<meta property=\"og:image\" content=\"https:\/\/miil.dev.almic.ee\/wp-content\/uploads\/2025\/01\/3c16a1b9-5461-4ebc-89b0-6943d948aa7d-scaled.jpg\" \/>\n\t<meta property=\"og:image:width\" content=\"1900\" \/>\n\t<meta property=\"og:image:height\" content=\"1425\" \/>\n\t<meta property=\"og:image:type\" content=\"image\/jpeg\" \/>\n<meta name=\"twitter:card\" content=\"summary_large_image\" \/>\n<meta name=\"twitter:label1\" content=\"Price\" \/>\n\t<meta name=\"twitter:data1\" content=\"7490,00&nbsp;&euro;\" \/>\n\t<meta name=\"twitter:label2\" content=\"Availability\" \/>\n\t<meta name=\"twitter:data2\" content=\"In stock\" \/>\n<script type=\"application\/ld+json\" class=\"yoast-schema-graph\">{\"@context\":\"https:\\\/\\\/schema.org\",\"@graph\":[{\"@type\":\"WebPage\",\"@id\":\"https:\\\/\\\/miil.dev.almic.ee\\\/lv\\\/toode\\\/izolets-20dc-uzglabasanas-konteiners\\\/\",\"url\":\"https:\\\/\\\/miil.dev.almic.ee\\\/lv\\\/toode\\\/izolets-20dc-uzglabasanas-konteiners\\\/\",\"name\":\"Izol\u0113ts 20DC uzglab\u0101\u0161anas konteiners - Miil O\u00dc\",\"isPartOf\":{\"@id\":\"https:\\\/\\\/miil.dev.almic.ee\\\/#website\"},\"primaryImageOfPage\":{\"@id\":\"https:\\\/\\\/miil.dev.almic.ee\\\/lv\\\/toode\\\/izolets-20dc-uzglabasanas-konteiners\\\/#primaryimage\"},\"image\":{\"@id\":\"https:\\\/\\\/miil.dev.almic.ee\\\/lv\\\/toode\\\/izolets-20dc-uzglabasanas-konteiners\\\/#primaryimage\"},\"thumbnailUrl\":\"https:\\\/\\\/miil.dev.almic.ee\\\/wp-content\\\/uploads\\\/2025\\\/01\\\/3c16a1b9-5461-4ebc-89b0-6943d948aa7d-scaled.jpg\",\"datePublished\":\"2025-01-24T12:55:58+00:00\",\"dateModified\":\"2025-06-20T09:44:35+00:00\",\"description\":\"Izol\u0113ts 20DC uzglab\u0101\u0161anas konteiners | Konteinera konvert\u0113\u0161ana | Konteineru p\u0101rdo\u0161ana | Izol\u0113ti konteineri | Konteineru p\u0101rvad\u0101jumi | Ventil\u0113jams konteiners\",\"breadcrumb\":{\"@id\":\"https:\\\/\\\/miil.dev.almic.ee\\\/lv\\\/toode\\\/izolets-20dc-uzglabasanas-konteiners\\\/#breadcrumb\"},\"inLanguage\":\"lv-LV\",\"potentialAction\":[{\"@type\":\"ReadAction\",\"target\":[\"https:\\\/\\\/miil.dev.almic.ee\\\/lv\\\/toode\\\/izolets-20dc-uzglabasanas-konteiners\\\/\"]}]},{\"@type\":\"ImageObject\",\"inLanguage\":\"lv-LV\",\"@id\":\"https:\\\/\\\/miil.dev.almic.ee\\\/lv\\\/toode\\\/izolets-20dc-uzglabasanas-konteiners\\\/#primaryimage\",\"url\":\"https:\\\/\\\/miil.dev.almic.ee\\\/wp-content\\\/uploads\\\/2025\\\/01\\\/3c16a1b9-5461-4ebc-89b0-6943d948aa7d-scaled.jpg\",\"contentUrl\":\"https:\\\/\\\/miil.dev.almic.ee\\\/wp-content\\\/uploads\\\/2025\\\/01\\\/3c16a1b9-5461-4ebc-89b0-6943d948aa7d-scaled.jpg\",\"width\":1900,\"height\":1425},{\"@type\":\"BreadcrumbList\",\"@id\":\"https:\\\/\\\/miil.dev.almic.ee\\\/lv\\\/toode\\\/izolets-20dc-uzglabasanas-konteiners\\\/#breadcrumb\",\"itemListElement\":[{\"@type\":\"ListItem\",\"position\":1,\"name\":\"Home\",\"item\":\"https:\\\/\\\/miil.dev.almic.ee\\\/lv\\\/\"},{\"@type\":\"ListItem\",\"position\":2,\"name\":\"Veikals\",\"item\":\"https:\\\/\\\/miil.dev.almic.ee\\\/lv\\\/veikals\\\/\"},{\"@type\":\"ListItem\",\"position\":3,\"name\":\"Izol\u0113ts 20DC uzglab\u0101\u0161anas konteiners (p\u0113c pas\u016bt\u012bjuma)\"}]},{\"@type\":\"WebSite\",\"@id\":\"https:\\\/\\\/miil.dev.almic.ee\\\/#website\",\"url\":\"https:\\\/\\\/miil.dev.almic.ee\\\/\",\"name\":\"Miil O\u00dc\",\"description\":\"Konteinerveod\",\"publisher\":{\"@id\":\"https:\\\/\\\/miil.dev.almic.ee\\\/#organization\"},\"potentialAction\":[{\"@type\":\"SearchAction\",\"target\":{\"@type\":\"EntryPoint\",\"urlTemplate\":\"https:\\\/\\\/miil.dev.almic.ee\\\/?s={search_term_string}\"},\"query-input\":{\"@type\":\"PropertyValueSpecification\",\"valueRequired\":true,\"valueName\":\"search_term_string\"}}],\"inLanguage\":\"lv-LV\"},{\"@type\":\"Organization\",\"@id\":\"https:\\\/\\\/miil.dev.almic.ee\\\/#organization\",\"name\":\"Miil O\u00dc\",\"url\":\"https:\\\/\\\/miil.dev.almic.ee\\\/\",\"logo\":{\"@type\":\"ImageObject\",\"inLanguage\":\"lv-LV\",\"@id\":\"https:\\\/\\\/miil.dev.almic.ee\\\/#\\\/schema\\\/logo\\\/image\\\/\",\"url\":\"https:\\\/\\\/www.miil.ee\\\/wp-content\\\/uploads\\\/2022\\\/02\\\/Miil-logo.svg\",\"contentUrl\":\"https:\\\/\\\/www.miil.ee\\\/wp-content\\\/uploads\\\/2022\\\/02\\\/Miil-logo.svg\",\"width\":\"1024\",\"height\":\"1024\",\"caption\":\"Miil O\u00dc\"},\"image\":{\"@id\":\"https:\\\/\\\/miil.dev.almic.ee\\\/#\\\/schema\\\/logo\\\/image\\\/\"},\"sameAs\":[\"https:\\\/\\\/www.facebook.com\\\/konteinerveod\\\/\",\"https:\\\/\\\/www.instagram.com\\\/ou_miil\\\/\"]}]}<\/script>\n<meta property=\"product:price:amount\" content=\"7490.00\" \/>\n<meta property=\"product:price:currency\" content=\"EUR\" \/>\n<meta property=\"og:availability\" content=\"instock\" \/>\n<meta property=\"product:availability\" content=\"instock\" \/>\n<meta property=\"product:retailer_item_id\" content=\"MIIU8893103\" \/>\n<meta property=\"product:condition\" content=\"new\" \/>\n<!-- \/ Yoast SEO Premium plugin. -->","yoast_head_json":{"title":"Izol\u0113ts 20DC uzglab\u0101\u0161anas konteiners - Miil O\u00dc","description":"Izol\u0113ts 20DC uzglab\u0101\u0161anas konteiners | Konteinera konvert\u0113\u0161ana | Konteineru p\u0101rdo\u0161ana | Izol\u0113ti konteineri | Konteineru p\u0101rvad\u0101jumi | Ventil\u0113jams konteiners","robots":{"index":"index","follow":"follow","max-snippet":"max-snippet:-1","max-image-preview":"max-image-preview:large","max-video-preview":"max-video-preview:-1"},"canonical":"https:\/\/miil.dev.almic.ee\/lv\/toode\/izolets-20dc-uzglabasanas-konteiners\/","og_locale":"lv_LV","og_type":"article","og_title":"Izol\u0113ts 20DC uzglab\u0101\u0161anas konteiners (p\u0113c pas\u016bt\u012bjuma)","og_description":"Izol\u0113ts 20DC uzglab\u0101\u0161anas konteiners | Konteinera konvert\u0113\u0161ana | Konteineru p\u0101rdo\u0161ana | Izol\u0113ti konteineri | Konteineru p\u0101rvad\u0101jumi | Ventil\u0113jams konteiners","og_url":"https:\/\/miil.dev.almic.ee\/lv\/toode\/izolets-20dc-uzglabasanas-konteiners\/","og_site_name":"Miil O\u00dc","article_publisher":"https:\/\/www.facebook.com\/konteinerveod\/","article_modified_time":"2025-06-20T09:44:35+00:00","og_image":[{"width":1900,"height":1425,"url":"https:\/\/miil.dev.almic.ee\/wp-content\/uploads\/2025\/01\/3c16a1b9-5461-4ebc-89b0-6943d948aa7d-scaled.jpg","type":"image\/jpeg"}],"twitter_card":"summary_large_image","twitter_misc":{"Price":"7490,00&nbsp;&euro;","Availability":"In stock"},"schema":{"@context":"https:\/\/schema.org","@graph":[{"@type":"WebPage","@id":"https:\/\/miil.dev.almic.ee\/lv\/toode\/izolets-20dc-uzglabasanas-konteiners\/","url":"https:\/\/miil.dev.almic.ee\/lv\/toode\/izolets-20dc-uzglabasanas-konteiners\/","name":"Izol\u0113ts 20DC uzglab\u0101\u0161anas konteiners - Miil O\u00dc","isPartOf":{"@id":"https:\/\/miil.dev.almic.ee\/#website"},"primaryImageOfPage":{"@id":"https:\/\/miil.dev.almic.ee\/lv\/toode\/izolets-20dc-uzglabasanas-konteiners\/#primaryimage"},"image":{"@id":"https:\/\/miil.dev.almic.ee\/lv\/toode\/izolets-20dc-uzglabasanas-konteiners\/#primaryimage"},"thumbnailUrl":"https:\/\/miil.dev.almic.ee\/wp-content\/uploads\/2025\/01\/3c16a1b9-5461-4ebc-89b0-6943d948aa7d-scaled.jpg","datePublished":"2025-01-24T12:55:58+00:00","dateModified":"2025-06-20T09:44:35+00:00","description":"Izol\u0113ts 20DC uzglab\u0101\u0161anas konteiners | Konteinera konvert\u0113\u0161ana | Konteineru p\u0101rdo\u0161ana | Izol\u0113ti konteineri | Konteineru p\u0101rvad\u0101jumi | Ventil\u0113jams konteiners","breadcrumb":{"@id":"https:\/\/miil.dev.almic.ee\/lv\/toode\/izolets-20dc-uzglabasanas-konteiners\/#breadcrumb"},"inLanguage":"lv-LV","potentialAction":[{"@type":"ReadAction","target":["https:\/\/miil.dev.almic.ee\/lv\/toode\/izolets-20dc-uzglabasanas-konteiners\/"]}]},{"@type":"ImageObject","inLanguage":"lv-LV","@id":"https:\/\/miil.dev.almic.ee\/lv\/toode\/izolets-20dc-uzglabasanas-konteiners\/#primaryimage","url":"https:\/\/miil.dev.almic.ee\/wp-content\/uploads\/2025\/01\/3c16a1b9-5461-4ebc-89b0-6943d948aa7d-scaled.jpg","contentUrl":"https:\/\/miil.dev.almic.ee\/wp-content\/uploads\/2025\/01\/3c16a1b9-5461-4ebc-89b0-6943d948aa7d-scaled.jpg","width":1900,"height":1425},{"@type":"BreadcrumbList","@id":"https:\/\/miil.dev.almic.ee\/lv\/toode\/izolets-20dc-uzglabasanas-konteiners\/#breadcrumb","itemListElement":[{"@type":"ListItem","position":1,"name":"Home","item":"https:\/\/miil.dev.almic.ee\/lv\/"},{"@type":"ListItem","position":2,"name":"Veikals","item":"https:\/\/miil.dev.almic.ee\/lv\/veikals\/"},{"@type":"ListItem","position":3,"name":"Izol\u0113ts 20DC uzglab\u0101\u0161anas konteiners (p\u0113c pas\u016bt\u012bjuma)"}]},{"@type":"WebSite","@id":"https:\/\/miil.dev.almic.ee\/#website","url":"https:\/\/miil.dev.almic.ee\/","name":"Miil O\u00dc","description":"Konteinerveod","publisher":{"@id":"https:\/\/miil.dev.almic.ee\/#organization"},"potentialAction":[{"@type":"SearchAction","target":{"@type":"EntryPoint","urlTemplate":"https:\/\/miil.dev.almic.ee\/?s={search_term_string}"},"query-input":{"@type":"PropertyValueSpecification","valueRequired":true,"valueName":"search_term_string"}}],"inLanguage":"lv-LV"},{"@type":"Organization","@id":"https:\/\/miil.dev.almic.ee\/#organization","name":"Miil O\u00dc","url":"https:\/\/miil.dev.almic.ee\/","logo":{"@type":"ImageObject","inLanguage":"lv-LV","@id":"https:\/\/miil.dev.almic.ee\/#\/schema\/logo\/image\/","url":"https:\/\/www.miil.ee\/wp-content\/uploads\/2022\/02\/Miil-logo.svg","contentUrl":"https:\/\/www.miil.ee\/wp-content\/uploads\/2022\/02\/Miil-logo.svg","width":"1024","height":"1024","caption":"Miil O\u00dc"},"image":{"@id":"https:\/\/miil.dev.almic.ee\/#\/schema\/logo\/image\/"},"sameAs":["https:\/\/www.facebook.com\/konteinerveod\/","https:\/\/www.instagram.com\/ou_miil\/"]}]},"product_price_amount":"7490.00","product_price_currency":"EUR","og_availability":"instock","product_availability":"instock","product_retailer_item_id":"MIIU8893103","product_condition":"new"},"_links":{"self":[{"href":"https:\/\/miil.dev.almic.ee\/lv\/wp-json\/wp\/v2\/product\/85295","targetHints":{"allow":["GET"]}}],"collection":[{"href":"https:\/\/miil.dev.almic.ee\/lv\/wp-json\/wp\/v2\/product"}],"about":[{"href":"https:\/\/miil.dev.almic.ee\/lv\/wp-json\/wp\/v2\/types\/product"}],"replies":[{"embeddable":true,"href":"https:\/\/miil.dev.almic.ee\/lv\/wp-json\/wp\/v2\/comments?post=85295"}],"wp:featuredmedia":[{"embeddable":true,"href":"https:\/\/miil.dev.almic.ee\/lv\/wp-json\/wp\/v2\/media\/85310"}],"wp:attachment":[{"href":"https:\/\/miil.dev.almic.ee\/lv\/wp-json\/wp\/v2\/media?parent=85295"}],"wp:term":[{"taxonomy":"product_cat","embeddable":true,"href":"https:\/\/miil.dev.almic.ee\/lv\/wp-json\/wp\/v2\/product_cat?post=85295"},{"taxonomy":"product_tag","embeddable":true,"href":"https:\/\/miil.dev.almic.ee\/lv\/wp-json\/wp\/v2\/product_tag?post=85295"}],"curies":[{"name":"wp","href":"https:\/\/api.w.org\/{rel}","templated":true}]}}