{"id":85109,"date":"2025-01-21T15:21:04","date_gmt":"2025-01-21T13:21:05","guid":{"rendered":"https:\/\/www.miil.ee\/?post_type=product&#038;p=85109"},"modified":"2025-01-21T16:00:35","modified_gmt":"2025-01-21T14:00:35","slug":"biroja-kabini-containex-standard-hc","status":"publish","type":"product","link":"https:\/\/miil.dev.almic.ee\/lv\/toode\/biroja-kabini-containex-standard-hc\/","title":{"rendered":"Biroja Kab\u012bni Containex Standard HC"},"content":{"rendered":"<h1>Biroja kab\u012bni Containex Standard<\/h1>\n<p>Biroja Kab\u012bni Containex Standard HC &#8211; Containex Standard ir 6 metrus gar\u0161, 2,44 metrus plats un 2,8 metrus augsts.<br \/>\nGr\u012bdas kravnes\u012bba ir 200kg\/m2 un ir iesp\u0113ja to palielin\u0101t.<br \/>\nContainex Standard biroja kaj\u012btes ir augstas kvalit\u0101tes un mar\u0137\u0113tas ar CE mar\u0137\u0113jumu.<\/p>\n<p>M\u0113s p\u0101rst\u0101vam Containex un ModulX z\u012bmolus Igaunij\u0101.<\/p>\n<p>Cietu r\u0101mi nodro\u0161ina bultskr\u016bvju savienojums, kas dod lielu priek\u0161roc\u012bbu sal\u012bdzin\u0101jum\u0101 ar metin\u0101tu r\u0101mi.<br \/>\nJumts ir velm\u0113ts un sk\u0101rds vai kr\u0101sots sk\u0101rds.<br \/>\nGr\u012bda siltin\u0101ta ar 100mm miner\u0101lvati, jumts siltin\u0101ts ar 100mm miner\u0101lvati un sienas ir 60mm PU putas vai 60mm vate.<br \/>\nBiroja kab\u012bne ir tum\u0161i pel\u0113ka RAL7016 , biroja kab\u012bni var pas\u016bt\u012bt ar\u012b Ral7035 kr\u0101s\u0101.<\/p>\n<ul>\n<li>Divi atverami logi.<\/li>\n<li>Dro\u0161\u012bbas aizkari.<\/li>\n<li>Vienas durvis.<\/li>\n<li>Divas gaismas.<\/li>\n<li>Augsts variants 2,8m \u0101r\u0113jais augstums.<\/li>\n<li>Rozetes zem logiem un vien\u0101 papildus panel\u012b.<\/li>\n<li>Elektriskais panelis.<\/li>\n<li>Gaismas sl\u0113dzis.<\/li>\n<\/ul>\n<p><strong>Biroja Kab\u012bni Containex Standard HC<br \/>\nApkure<\/strong><br \/>\n\u2013 Sienu izol\u0101cija 60mm vate vai 60mm PU putas.<br \/>\n\u2013 Jumta izol\u0101cijas miner\u0101lvate 100mm.<br \/>\n\u2013 Gr\u012bdas izol\u0101cija 100mm vate.<\/p>\n<p><strong>Elektr\u012bbas piesl\u0113gums<\/strong><br \/>\n230V\/32A\/<\/p>\n<p><strong>Elektr\u012bba;<\/strong><br \/>\nElektriskais panelis.<br \/>\n5 gab spraud\u0146i.<br \/>\n1gab gaismas sl\u0113dzis.<\/p>\n<p><strong>Piederumi:<\/strong><br \/>\nGaisa siltums\u016bknis 4.7kw \u2013 990.- + pvn<br \/>\nKoka apdare &#8211; 2990.- + pvn<br \/>\nPievienot logu \u2013 590.- + pvn<br \/>\nRull\u012b\u0161u durvis &#8211; 1950.- + pvn<\/p>\n<h2>Biroja Kab\u012bni Containex Standard HC &#8211; Koted\u017ea un mini m\u0101ja<\/h2>\n<p>Biroja kab\u012bne vairs nav tikai pagaidu \u0113ka b\u016bvlaukum\u0101, m\u016bsdien\u012bgas augstas kvalit\u0101tes kab\u012bnes ar skr\u016bvju savienojumiem ir lieliski piem\u0113rotas vasarn\u012bcai vai komercplat\u012bb\u0101m.<br \/>\nContainex Standard biroja kaj\u012btes var savienot kop\u0101, veidojot liel\u0101kas telpas. Turkl\u0101t mums ir k\u0101p\u0146u modu\u013ci, lai veidotu vair\u0101kus kompleksus. No 2024. gada pied\u0101v\u0101jam ar\u012b modul\u0101rus augstas kvalit\u0101tes terases modu\u013cus.<br \/>\nGatavajai mini m\u0101jai nav nepiecie\u0161ami ne pamati, ne celtnieks, pieg\u0101d\u0101jam un uzst\u0101d\u0101m.<br \/>\nUzst\u0101d\u012b\u0161ana vienam modulim aiz\u0146em apm\u0113ram 30 min\u016btes, un m\u0113s varam p\u0101rdot gatavu risin\u0101jumu, kas noz\u012bm\u0113, ka to var pieg\u0101d\u0101t taj\u0101 pa\u0161\u0101 dien\u0101.<br \/>\nJa v\u0113laties izv\u0113l\u0113ties loga vai durvju atra\u0161an\u0101s vietu, tas aiz\u0146ems maksimums ned\u0113\u013cu.<br \/>\nPapildu darbi, piem\u0113ram, jumta iekl\u0101\u0161ana un lieli logi, aiz\u0146em apm\u0113ram \u010detras ned\u0113\u013cas.<\/p>\n<h2>Containex biroja kab\u012bnes p\u0101rdo\u0161ana vai \u012bre?<\/h2>\n<p>Papildus tirdzniec\u012bbai m\u0113s nom\u0101jam biroja kaj\u012btes.<br \/>\n\u0160is risin\u0101jums ir ide\u0101ls, ja siltums\u016bknis nepiecie\u0161ams \u012bslaic\u012bgai lieto\u0161anai celtniec\u012bb\u0101 vai k\u0101p\u0113c gan ne k\u0101 sezonas koted\u017eai, birojam vai tirdzniec\u012bbas vietai.<br \/>\nSild\u012bt\u0101ju noma ir garant\u0113ta un katram klientam varam atrast piem\u0113rotu risin\u0101jumu.<br \/>\nPie mums var \u012br\u0113t ar\u012b panor\u0101mas logus, koka m\u0101jas vai parast\u0101s silt\u0101s m\u0101jas un mini m\u0101jas.<br \/>\nM\u0113s pieg\u0101d\u0101jam sild\u012bt\u0101ju un uzst\u0101d\u0101m to p\u0113c klienta v\u0113lm\u0113m.<br \/>\nPied\u0101v\u0101jam pla\u0161as sadarb\u012bbas iesp\u0113jas, piem\u0113ram, nesezonas uzglab\u0101\u0161anai da\u017e\u0101d\u0101s pils\u0113t\u0101s un nomaksas maks\u0101jumiem, izmantojot Inbank.ee.<br \/>\nJa jums ir nepiecie\u0161ams viena, divst\u0101vu vai vair\u0101ku st\u0101vu risin\u0101jums, j\u016bs esat \u012bstaj\u0101 viet\u0101!<br \/>\nNeviens projekts mums nav par lielu vai mazu, dro\u0161i jaut\u0101jiet un m\u0113s sadarb\u012bb\u0101 atrad\u012bsim lab\u0101ko risin\u0101jumu.<\/p>\n<p>&nbsp;<\/p>\n<p>P\u0101rvad\u0101\u0161anai parasti izmantojam <a href=\"https:\/\/www.miil.ee\/lv\/pakalpojumi\/celtnis\/\">celtnis<\/a> vai <a href=\"https:\/\/www.miil.ee\/lv\/pakalpojumi\/sanu-iekraveji-sideloader\/\">s\u0101nu iekr\u0101v\u0113ju.<\/a><br \/>\nM\u0113s izmantojam <a href=\"https:\/\/www.miil.ee\/lv\/pakalpojumi\/ram-pasizgazejs\/\">RAM backloader<\/a>, lai aptvertu vissare\u017e\u0123\u012bt\u0101k\u0101s vietas.<\/p>\n<p>Sekojiet mums <a href=\"https:\/\/www.facebook.com\/konteinerveod\/\">Facebook<\/a> vai <a href=\"https:\/\/www.instagram.com\/ou_miil\/\">Instagram.<\/a><\/p>\n","protected":false},"excerpt":{"rendered":"<p>Biroja kab\u012bni Containex Standard Biroja Kab\u012bni Containex Standard HC &#8211; Containex Standard ir 6 metrus gar\u0161, 2,44 metrus plats un 2,8 metrus augsts. Gr\u012bdas kravnes\u012bba ir 200kg\/m2 un ir iesp\u0113ja to palielin\u0101t. Containex Standard biroja kaj\u012btes ir augstas kvalit\u0101tes un mar\u0137\u0113tas ar CE mar\u0137\u0113jumu. M\u0113s p\u0101rst\u0101vam Containex un ModulX z\u012bmolus Igaunij\u0101. Cietu r\u0101mi nodro\u0161ina bultskr\u016bvju&#8230;<\/p>\n","protected":false},"featured_media":85114,"comment_status":"closed","ping_status":"closed","template":"","meta":{"_acf_changed":false},"product_cat":[344,408],"product_tag":[],"class_list":{"0":"post-85109","1":"product","2":"type-product","3":"status-publish","4":"has-post-thumbnail","6":"product_cat-vagonini","7":"product_cat-jauni-vagonini","9":"first","10":"instock","11":"shipping-taxable","12":"purchasable","13":"product-type-simple"},"acf":[],"yoast_head":"<!-- This site is optimized with the Yoast SEO Premium plugin v23.9 (Yoast SEO v27.5) - https:\/\/yoast.com\/product\/yoast-seo-premium-wordpress\/ -->\n<title>Biroja Kab\u012bni Containex Standard HC - Miil O\u00dc<\/title>\n<meta name=\"description\" content=\"Biroja Kab\u012bni Containex Standard HC | Mini m\u0101jas un koted\u017eas | Kaj\u012b\u0161u noma un p\u0101rdo\u0161ana | Transports un remonts | Elektr\u012bbas darbi un apkure\" \/>\n<meta name=\"robots\" content=\"index, follow, max-snippet:-1, max-image-preview:large, max-video-preview:-1\" \/>\n<link rel=\"canonical\" href=\"https:\/\/miil.dev.almic.ee\/lv\/toode\/biroja-kabini-containex-standard-hc\/\" \/>\n<meta property=\"og:locale\" content=\"lv_LV\" \/>\n<meta property=\"og:type\" content=\"article\" \/>\n<meta property=\"og:title\" content=\"Biroja Kab\u012bni Containex Standard HC\" \/>\n<meta property=\"og:description\" content=\"Biroja Kab\u012bni Containex Standard HC | Mini m\u0101jas un koted\u017eas | Kaj\u012b\u0161u noma un p\u0101rdo\u0161ana | Transports un remonts | Elektr\u012bbas darbi un apkure\" \/>\n<meta property=\"og:url\" content=\"https:\/\/miil.dev.almic.ee\/lv\/toode\/biroja-kabini-containex-standard-hc\/\" \/>\n<meta property=\"og:site_name\" content=\"Miil O\u00dc\" \/>\n<meta property=\"article:publisher\" content=\"https:\/\/www.facebook.com\/konteinerveod\/\" \/>\n<meta property=\"article:modified_time\" content=\"2025-01-21T14:00:35+00:00\" \/>\n<meta property=\"og:image\" content=\"https:\/\/miil.dev.almic.ee\/wp-content\/uploads\/2025\/01\/20HC-CoNTAinex-scaled.jpg\" \/>\n\t<meta property=\"og:image:width\" content=\"1900\" \/>\n\t<meta property=\"og:image:height\" content=\"1425\" \/>\n\t<meta property=\"og:image:type\" content=\"image\/jpeg\" \/>\n<meta name=\"twitter:card\" content=\"summary_large_image\" \/>\n<meta name=\"twitter:label1\" content=\"Price\" \/>\n\t<meta name=\"twitter:data1\" content=\"6950,00&nbsp;&euro;\" \/>\n\t<meta name=\"twitter:label2\" content=\"Availability\" \/>\n\t<meta name=\"twitter:data2\" content=\"In stock\" \/>\n<script type=\"application\/ld+json\" class=\"yoast-schema-graph\">{\"@context\":\"https:\\\/\\\/schema.org\",\"@graph\":[{\"@type\":\"WebPage\",\"@id\":\"https:\\\/\\\/miil.dev.almic.ee\\\/lv\\\/toode\\\/biroja-kabini-containex-standard-hc\\\/\",\"url\":\"https:\\\/\\\/miil.dev.almic.ee\\\/lv\\\/toode\\\/biroja-kabini-containex-standard-hc\\\/\",\"name\":\"Biroja Kab\u012bni Containex Standard HC - Miil O\u00dc\",\"isPartOf\":{\"@id\":\"https:\\\/\\\/miil.dev.almic.ee\\\/#website\"},\"primaryImageOfPage\":{\"@id\":\"https:\\\/\\\/miil.dev.almic.ee\\\/lv\\\/toode\\\/biroja-kabini-containex-standard-hc\\\/#primaryimage\"},\"image\":{\"@id\":\"https:\\\/\\\/miil.dev.almic.ee\\\/lv\\\/toode\\\/biroja-kabini-containex-standard-hc\\\/#primaryimage\"},\"thumbnailUrl\":\"https:\\\/\\\/miil.dev.almic.ee\\\/wp-content\\\/uploads\\\/2025\\\/01\\\/20HC-CoNTAinex-scaled.jpg\",\"datePublished\":\"2025-01-21T13:21:05+00:00\",\"dateModified\":\"2025-01-21T14:00:35+00:00\",\"description\":\"Biroja Kab\u012bni Containex Standard HC | Mini m\u0101jas un koted\u017eas | Kaj\u012b\u0161u noma un p\u0101rdo\u0161ana | Transports un remonts | Elektr\u012bbas darbi un apkure\",\"breadcrumb\":{\"@id\":\"https:\\\/\\\/miil.dev.almic.ee\\\/lv\\\/toode\\\/biroja-kabini-containex-standard-hc\\\/#breadcrumb\"},\"inLanguage\":\"lv-LV\",\"potentialAction\":[{\"@type\":\"ReadAction\",\"target\":[\"https:\\\/\\\/miil.dev.almic.ee\\\/lv\\\/toode\\\/biroja-kabini-containex-standard-hc\\\/\"]}]},{\"@type\":\"ImageObject\",\"inLanguage\":\"lv-LV\",\"@id\":\"https:\\\/\\\/miil.dev.almic.ee\\\/lv\\\/toode\\\/biroja-kabini-containex-standard-hc\\\/#primaryimage\",\"url\":\"https:\\\/\\\/miil.dev.almic.ee\\\/wp-content\\\/uploads\\\/2025\\\/01\\\/20HC-CoNTAinex-scaled.jpg\",\"contentUrl\":\"https:\\\/\\\/miil.dev.almic.ee\\\/wp-content\\\/uploads\\\/2025\\\/01\\\/20HC-CoNTAinex-scaled.jpg\",\"width\":1900,\"height\":1425},{\"@type\":\"BreadcrumbList\",\"@id\":\"https:\\\/\\\/miil.dev.almic.ee\\\/lv\\\/toode\\\/biroja-kabini-containex-standard-hc\\\/#breadcrumb\",\"itemListElement\":[{\"@type\":\"ListItem\",\"position\":1,\"name\":\"Home\",\"item\":\"https:\\\/\\\/miil.dev.almic.ee\\\/lv\\\/\"},{\"@type\":\"ListItem\",\"position\":2,\"name\":\"Veikals\",\"item\":\"https:\\\/\\\/miil.dev.almic.ee\\\/lv\\\/veikals\\\/\"},{\"@type\":\"ListItem\",\"position\":3,\"name\":\"Biroja Kab\u012bni Containex Standard HC\"}]},{\"@type\":\"WebSite\",\"@id\":\"https:\\\/\\\/miil.dev.almic.ee\\\/#website\",\"url\":\"https:\\\/\\\/miil.dev.almic.ee\\\/\",\"name\":\"Miil O\u00dc\",\"description\":\"Konteinerveod\",\"publisher\":{\"@id\":\"https:\\\/\\\/miil.dev.almic.ee\\\/#organization\"},\"potentialAction\":[{\"@type\":\"SearchAction\",\"target\":{\"@type\":\"EntryPoint\",\"urlTemplate\":\"https:\\\/\\\/miil.dev.almic.ee\\\/?s={search_term_string}\"},\"query-input\":{\"@type\":\"PropertyValueSpecification\",\"valueRequired\":true,\"valueName\":\"search_term_string\"}}],\"inLanguage\":\"lv-LV\"},{\"@type\":\"Organization\",\"@id\":\"https:\\\/\\\/miil.dev.almic.ee\\\/#organization\",\"name\":\"Miil O\u00dc\",\"url\":\"https:\\\/\\\/miil.dev.almic.ee\\\/\",\"logo\":{\"@type\":\"ImageObject\",\"inLanguage\":\"lv-LV\",\"@id\":\"https:\\\/\\\/miil.dev.almic.ee\\\/#\\\/schema\\\/logo\\\/image\\\/\",\"url\":\"https:\\\/\\\/www.miil.ee\\\/wp-content\\\/uploads\\\/2022\\\/02\\\/Miil-logo.svg\",\"contentUrl\":\"https:\\\/\\\/www.miil.ee\\\/wp-content\\\/uploads\\\/2022\\\/02\\\/Miil-logo.svg\",\"width\":\"1024\",\"height\":\"1024\",\"caption\":\"Miil O\u00dc\"},\"image\":{\"@id\":\"https:\\\/\\\/miil.dev.almic.ee\\\/#\\\/schema\\\/logo\\\/image\\\/\"},\"sameAs\":[\"https:\\\/\\\/www.facebook.com\\\/konteinerveod\\\/\",\"https:\\\/\\\/www.instagram.com\\\/ou_miil\\\/\"]}]}<\/script>\n<meta property=\"product:price:amount\" content=\"6950.00\" \/>\n<meta property=\"product:price:currency\" content=\"EUR\" \/>\n<meta property=\"og:availability\" content=\"instock\" \/>\n<meta property=\"product:availability\" content=\"instock\" \/>\n<meta property=\"product:retailer_item_id\" content=\"MIIU5243966\" \/>\n<meta property=\"product:condition\" content=\"new\" \/>\n<!-- \/ Yoast SEO Premium plugin. -->","yoast_head_json":{"title":"Biroja Kab\u012bni Containex Standard HC - Miil O\u00dc","description":"Biroja Kab\u012bni Containex Standard HC | Mini m\u0101jas un koted\u017eas | Kaj\u012b\u0161u noma un p\u0101rdo\u0161ana | Transports un remonts | Elektr\u012bbas darbi un apkure","robots":{"index":"index","follow":"follow","max-snippet":"max-snippet:-1","max-image-preview":"max-image-preview:large","max-video-preview":"max-video-preview:-1"},"canonical":"https:\/\/miil.dev.almic.ee\/lv\/toode\/biroja-kabini-containex-standard-hc\/","og_locale":"lv_LV","og_type":"article","og_title":"Biroja Kab\u012bni Containex Standard HC","og_description":"Biroja Kab\u012bni Containex Standard HC | Mini m\u0101jas un koted\u017eas | Kaj\u012b\u0161u noma un p\u0101rdo\u0161ana | Transports un remonts | Elektr\u012bbas darbi un apkure","og_url":"https:\/\/miil.dev.almic.ee\/lv\/toode\/biroja-kabini-containex-standard-hc\/","og_site_name":"Miil O\u00dc","article_publisher":"https:\/\/www.facebook.com\/konteinerveod\/","article_modified_time":"2025-01-21T14:00:35+00:00","og_image":[{"width":1900,"height":1425,"url":"https:\/\/miil.dev.almic.ee\/wp-content\/uploads\/2025\/01\/20HC-CoNTAinex-scaled.jpg","type":"image\/jpeg"}],"twitter_card":"summary_large_image","twitter_misc":{"Price":"6950,00&nbsp;&euro;","Availability":"In stock"},"schema":{"@context":"https:\/\/schema.org","@graph":[{"@type":"WebPage","@id":"https:\/\/miil.dev.almic.ee\/lv\/toode\/biroja-kabini-containex-standard-hc\/","url":"https:\/\/miil.dev.almic.ee\/lv\/toode\/biroja-kabini-containex-standard-hc\/","name":"Biroja Kab\u012bni Containex Standard HC - Miil O\u00dc","isPartOf":{"@id":"https:\/\/miil.dev.almic.ee\/#website"},"primaryImageOfPage":{"@id":"https:\/\/miil.dev.almic.ee\/lv\/toode\/biroja-kabini-containex-standard-hc\/#primaryimage"},"image":{"@id":"https:\/\/miil.dev.almic.ee\/lv\/toode\/biroja-kabini-containex-standard-hc\/#primaryimage"},"thumbnailUrl":"https:\/\/miil.dev.almic.ee\/wp-content\/uploads\/2025\/01\/20HC-CoNTAinex-scaled.jpg","datePublished":"2025-01-21T13:21:05+00:00","dateModified":"2025-01-21T14:00:35+00:00","description":"Biroja Kab\u012bni Containex Standard HC | Mini m\u0101jas un koted\u017eas | Kaj\u012b\u0161u noma un p\u0101rdo\u0161ana | Transports un remonts | Elektr\u012bbas darbi un apkure","breadcrumb":{"@id":"https:\/\/miil.dev.almic.ee\/lv\/toode\/biroja-kabini-containex-standard-hc\/#breadcrumb"},"inLanguage":"lv-LV","potentialAction":[{"@type":"ReadAction","target":["https:\/\/miil.dev.almic.ee\/lv\/toode\/biroja-kabini-containex-standard-hc\/"]}]},{"@type":"ImageObject","inLanguage":"lv-LV","@id":"https:\/\/miil.dev.almic.ee\/lv\/toode\/biroja-kabini-containex-standard-hc\/#primaryimage","url":"https:\/\/miil.dev.almic.ee\/wp-content\/uploads\/2025\/01\/20HC-CoNTAinex-scaled.jpg","contentUrl":"https:\/\/miil.dev.almic.ee\/wp-content\/uploads\/2025\/01\/20HC-CoNTAinex-scaled.jpg","width":1900,"height":1425},{"@type":"BreadcrumbList","@id":"https:\/\/miil.dev.almic.ee\/lv\/toode\/biroja-kabini-containex-standard-hc\/#breadcrumb","itemListElement":[{"@type":"ListItem","position":1,"name":"Home","item":"https:\/\/miil.dev.almic.ee\/lv\/"},{"@type":"ListItem","position":2,"name":"Veikals","item":"https:\/\/miil.dev.almic.ee\/lv\/veikals\/"},{"@type":"ListItem","position":3,"name":"Biroja Kab\u012bni Containex Standard HC"}]},{"@type":"WebSite","@id":"https:\/\/miil.dev.almic.ee\/#website","url":"https:\/\/miil.dev.almic.ee\/","name":"Miil O\u00dc","description":"Konteinerveod","publisher":{"@id":"https:\/\/miil.dev.almic.ee\/#organization"},"potentialAction":[{"@type":"SearchAction","target":{"@type":"EntryPoint","urlTemplate":"https:\/\/miil.dev.almic.ee\/?s={search_term_string}"},"query-input":{"@type":"PropertyValueSpecification","valueRequired":true,"valueName":"search_term_string"}}],"inLanguage":"lv-LV"},{"@type":"Organization","@id":"https:\/\/miil.dev.almic.ee\/#organization","name":"Miil O\u00dc","url":"https:\/\/miil.dev.almic.ee\/","logo":{"@type":"ImageObject","inLanguage":"lv-LV","@id":"https:\/\/miil.dev.almic.ee\/#\/schema\/logo\/image\/","url":"https:\/\/www.miil.ee\/wp-content\/uploads\/2022\/02\/Miil-logo.svg","contentUrl":"https:\/\/www.miil.ee\/wp-content\/uploads\/2022\/02\/Miil-logo.svg","width":"1024","height":"1024","caption":"Miil O\u00dc"},"image":{"@id":"https:\/\/miil.dev.almic.ee\/#\/schema\/logo\/image\/"},"sameAs":["https:\/\/www.facebook.com\/konteinerveod\/","https:\/\/www.instagram.com\/ou_miil\/"]}]},"product_price_amount":"6950.00","product_price_currency":"EUR","og_availability":"instock","product_availability":"instock","product_retailer_item_id":"MIIU5243966","product_condition":"new"},"_links":{"self":[{"href":"https:\/\/miil.dev.almic.ee\/lv\/wp-json\/wp\/v2\/product\/85109","targetHints":{"allow":["GET"]}}],"collection":[{"href":"https:\/\/miil.dev.almic.ee\/lv\/wp-json\/wp\/v2\/product"}],"about":[{"href":"https:\/\/miil.dev.almic.ee\/lv\/wp-json\/wp\/v2\/types\/product"}],"replies":[{"embeddable":true,"href":"https:\/\/miil.dev.almic.ee\/lv\/wp-json\/wp\/v2\/comments?post=85109"}],"wp:featuredmedia":[{"embeddable":true,"href":"https:\/\/miil.dev.almic.ee\/lv\/wp-json\/wp\/v2\/media\/85114"}],"wp:attachment":[{"href":"https:\/\/miil.dev.almic.ee\/lv\/wp-json\/wp\/v2\/media?parent=85109"}],"wp:term":[{"taxonomy":"product_cat","embeddable":true,"href":"https:\/\/miil.dev.almic.ee\/lv\/wp-json\/wp\/v2\/product_cat?post=85109"},{"taxonomy":"product_tag","embeddable":true,"href":"https:\/\/miil.dev.almic.ee\/lv\/wp-json\/wp\/v2\/product_tag?post=85109"}],"curies":[{"name":"wp","href":"https:\/\/api.w.org\/{rel}","templated":true}]}}