{"id":84442,"date":"2025-01-14T17:45:00","date_gmt":"2025-01-14T15:45:01","guid":{"rendered":"https:\/\/www.miil.ee\/?post_type=product&#038;p=84442"},"modified":"2025-01-15T11:15:56","modified_gmt":"2025-01-15T09:15:56","slug":"liela-metala-instrumentu-kaste-kopeeri","status":"publish","type":"product","link":"https:\/\/miil.dev.almic.ee\/lv\/toode\/liela-metala-instrumentu-kaste-kopeeri\/","title":{"rendered":"Liela met\u0101la instrumentu kaste"},"content":{"rendered":"<p>Liela met\u0101la instrumentu kaste ir iztur\u012bgs un uzticams konteiners, kas paredz\u0113ts instrumentu uzglab\u0101\u0161anai un k\u0101rto\u0161anai. Izgatavots no alum\u012bnija, tas nodro\u0161ina iztur\u012bbu un aizsardz\u012bbu pret nodilumu un boj\u0101jumiem. T\u0101 k\u0101 taj\u0101 ir daudz vietas, tas pal\u012bdz sak\u0101rtot visus r\u012bkus un viegli piek\u013c\u016bt tiem. Met\u0101la instrumentu kastes parasti izmanto gan profesion\u0101\u013ci, gan DIY entuziasti to iztur\u012bbas, p\u0101rnesam\u012bbas un ilgsto\u0161as \u200b\u200bdarb\u012bbas d\u0113\u013c. Kast\u012bti var aizsl\u0113gt ar piekaramo atsl\u0113gu. Izmantojiet to nojum\u0113 vai piestipriniet to kravas automa\u0161\u012bnas aizmugur\u0113. Stingrs izskats un laba kvalit\u0101te nepievils.<\/p>\n<ul>\n<li>Sl\u0113dzams ar piekaramo atsl\u0113gu (Ir iek\u013cauts)<\/li>\n<li>V\u0101ks viegli atveras no aug\u0161as<\/li>\n<li>Iek\u0161pus\u0113 ir daudz vietas, lai visi j\u016bsu instrumenti b\u016btu kop\u0101<\/li>\n<li>Tam ir s\u0101nu rokturi viegl\u0101kai pacel\u0161anai un lab\u0101kai p\u0101rn\u0113s\u0101\u0161anai.<\/li>\n<\/ul>\n<h2>Liela met\u0101la instrumentu kaste vai kas cits?<\/h2>\n<p>Pie mums var atrast ar\u012b da\u017e\u0101dus plauktus, \u017eogus, biroja kaj\u012btes, j\u016bras konteinerus un \u0101ra tualetes.<br \/>\nPl\u0101k\u0161\u0146u plaukts ir ide\u0101li piem\u0113rots papildu vietas rad\u012b\u0161anai gar\u0101\u017e\u0101, darba kabinet\u0101 vai pagrab\u0101.<br \/>\nRiepu bag\u0101\u017enieks ir piem\u0113rots riepu uzglab\u0101\u0161anai gan profesion\u0101\u013ciem, gan lieto\u0161anai m\u0101j\u0101s.<br \/>\nVis\u0101m pie mums ieg\u0101d\u0101taj\u0101m prec\u0113m vai pagaidu b\u016bvei apk\u0101rt var apvilkt \u017eogu.<br \/>\nProduktu izv\u0113le <a href=\"https:\/\/www.miil.ee\/lv\/e-veikals\/\">\u0161eit<\/a>.<\/p>\n<p><strong>P\u0113rciet t\u016bl\u012bt, maks\u0101t v\u0113l\u0101k<\/strong> pieejama iesp\u0113ja:<br \/>\nPriv\u0101tperson\u0101m ar m\u016bsu partnera <a href=\"https:\/\/inbank.ee\/laen\/vaikelaen\">Inbank.ee<\/a> starpniec\u012bbu, izmantojot atsauces kodu \u201cKONTEINER\u201d.<br \/>\nBiznesa klientiem caur m\u016bsu partneri <a href=\"https:\/\/tenor.my.canva.site\/tenor-miil\">Tenor.ee<\/a><\/p>\n<p>Seko mums <a href=\"https:\/\/www.facebook.com\/konteinerveod\/\">Facebookis<\/a><span> <\/span>vai <a href=\"https:\/\/www.instagram.com\/ou_miil\/\">Instagramis<\/a>.<\/p>\n","protected":false},"excerpt":{"rendered":"<p>Liela met\u0101la instrumentu kaste ir iztur\u012bgs un uzticams konteiners, kas paredz\u0113ts instrumentu uzglab\u0101\u0161anai un k\u0101rto\u0161anai. Izgatavots no alum\u012bnija, tas nodro\u0161ina iztur\u012bbu un aizsardz\u012bbu pret nodilumu un boj\u0101jumiem. T\u0101 k\u0101 taj\u0101 ir daudz vietas, tas pal\u012bdz sak\u0101rtot visus r\u012bkus un viegli piek\u013c\u016bt tiem. Met\u0101la instrumentu kastes parasti izmanto gan profesion\u0101\u013ci, gan DIY entuziasti to iztur\u012bbas, p\u0101rnesam\u012bbas&#8230;<\/p>\n","protected":false},"featured_media":84447,"comment_status":"open","ping_status":"closed","template":"","meta":{"_acf_changed":false},"product_cat":[336],"product_tag":[],"class_list":{"0":"post-84442","1":"product","2":"type-product","3":"status-publish","4":"has-post-thumbnail","6":"product_cat-papildu-piederumi","8":"first","9":"instock","10":"shipping-taxable","11":"purchasable","12":"product-type-simple"},"acf":[],"yoast_head":"<!-- This site is optimized with the Yoast SEO Premium plugin v23.9 (Yoast SEO v27.5) - https:\/\/yoast.com\/product\/yoast-seo-premium-wordpress\/ -->\n<title>Liela met\u0101la instrumentu kaste - Miil O\u00dc<\/title>\n<meta name=\"description\" content=\"Liela met\u0101la instrumentu kaste | Instrumentu kaste nojumei | Uzglab\u0101\u0161anas l\u0101de | Kaste instrumentiem | Sak\u0101rtota darba telpa | Dro\u0161a instrumentu uzglab\u0101\u0161ana\" \/>\n<meta name=\"robots\" content=\"index, follow, max-snippet:-1, max-image-preview:large, max-video-preview:-1\" \/>\n<link rel=\"canonical\" href=\"https:\/\/miil.dev.almic.ee\/lv\/toode\/liela-metala-instrumentu-kaste-kopeeri\/\" \/>\n<meta property=\"og:locale\" content=\"lv_LV\" \/>\n<meta property=\"og:type\" content=\"article\" \/>\n<meta property=\"og:title\" content=\"Liela met\u0101la instrumentu kaste\" \/>\n<meta property=\"og:description\" content=\"Liela met\u0101la instrumentu kaste | Instrumentu kaste nojumei | Uzglab\u0101\u0161anas l\u0101de | Kaste instrumentiem | Sak\u0101rtota darba telpa | Dro\u0161a instrumentu uzglab\u0101\u0161ana\" \/>\n<meta property=\"og:url\" content=\"https:\/\/miil.dev.almic.ee\/lv\/toode\/liela-metala-instrumentu-kaste-kopeeri\/\" \/>\n<meta property=\"og:site_name\" content=\"Miil O\u00dc\" \/>\n<meta property=\"article:publisher\" content=\"https:\/\/www.facebook.com\/konteinerveod\/\" \/>\n<meta property=\"article:modified_time\" content=\"2025-01-15T09:15:56+00:00\" \/>\n<meta property=\"og:image\" content=\"https:\/\/miil.dev.almic.ee\/wp-content\/uploads\/2025\/01\/PXL_20250113_113911814-scaled.jpg\" \/>\n\t<meta property=\"og:image:width\" content=\"1900\" \/>\n\t<meta property=\"og:image:height\" content=\"1431\" \/>\n\t<meta property=\"og:image:type\" content=\"image\/jpeg\" \/>\n<meta name=\"twitter:card\" content=\"summary_large_image\" \/>\n<meta name=\"twitter:label1\" content=\"Price\" \/>\n\t<meta name=\"twitter:data1\" content=\"335,00&nbsp;&euro;\" \/>\n\t<meta name=\"twitter:label2\" content=\"Availability\" \/>\n\t<meta name=\"twitter:data2\" content=\"In stock\" \/>\n<script type=\"application\/ld+json\" class=\"yoast-schema-graph\">{\"@context\":\"https:\\\/\\\/schema.org\",\"@graph\":[{\"@type\":\"WebPage\",\"@id\":\"https:\\\/\\\/miil.dev.almic.ee\\\/lv\\\/toode\\\/liela-metala-instrumentu-kaste-kopeeri\\\/\",\"url\":\"https:\\\/\\\/miil.dev.almic.ee\\\/lv\\\/toode\\\/liela-metala-instrumentu-kaste-kopeeri\\\/\",\"name\":\"Liela met\u0101la instrumentu kaste - Miil O\u00dc\",\"isPartOf\":{\"@id\":\"https:\\\/\\\/miil.dev.almic.ee\\\/#website\"},\"primaryImageOfPage\":{\"@id\":\"https:\\\/\\\/miil.dev.almic.ee\\\/lv\\\/toode\\\/liela-metala-instrumentu-kaste-kopeeri\\\/#primaryimage\"},\"image\":{\"@id\":\"https:\\\/\\\/miil.dev.almic.ee\\\/lv\\\/toode\\\/liela-metala-instrumentu-kaste-kopeeri\\\/#primaryimage\"},\"thumbnailUrl\":\"https:\\\/\\\/miil.dev.almic.ee\\\/wp-content\\\/uploads\\\/2025\\\/01\\\/PXL_20250113_113911814-scaled.jpg\",\"datePublished\":\"2025-01-14T15:45:01+00:00\",\"dateModified\":\"2025-01-15T09:15:56+00:00\",\"description\":\"Liela met\u0101la instrumentu kaste | Instrumentu kaste nojumei | Uzglab\u0101\u0161anas l\u0101de | Kaste instrumentiem | Sak\u0101rtota darba telpa | Dro\u0161a instrumentu uzglab\u0101\u0161ana\",\"breadcrumb\":{\"@id\":\"https:\\\/\\\/miil.dev.almic.ee\\\/lv\\\/toode\\\/liela-metala-instrumentu-kaste-kopeeri\\\/#breadcrumb\"},\"inLanguage\":\"lv-LV\",\"potentialAction\":[{\"@type\":\"ReadAction\",\"target\":[\"https:\\\/\\\/miil.dev.almic.ee\\\/lv\\\/toode\\\/liela-metala-instrumentu-kaste-kopeeri\\\/\"]}]},{\"@type\":\"ImageObject\",\"inLanguage\":\"lv-LV\",\"@id\":\"https:\\\/\\\/miil.dev.almic.ee\\\/lv\\\/toode\\\/liela-metala-instrumentu-kaste-kopeeri\\\/#primaryimage\",\"url\":\"https:\\\/\\\/miil.dev.almic.ee\\\/wp-content\\\/uploads\\\/2025\\\/01\\\/PXL_20250113_113911814-scaled.jpg\",\"contentUrl\":\"https:\\\/\\\/miil.dev.almic.ee\\\/wp-content\\\/uploads\\\/2025\\\/01\\\/PXL_20250113_113911814-scaled.jpg\",\"width\":1900,\"height\":1431,\"caption\":\"\u042f\u0449\u0438\u043a \u0434\u043b\u044f \u0438\u043d\u0441\u0442\u0440\u0443\u043c\u0435\u043d\u0442\u043e\u0432 \u0434\u043b\u044f \u0433\u0430\u0440\u0430\u0436\u0430\"},{\"@type\":\"BreadcrumbList\",\"@id\":\"https:\\\/\\\/miil.dev.almic.ee\\\/lv\\\/toode\\\/liela-metala-instrumentu-kaste-kopeeri\\\/#breadcrumb\",\"itemListElement\":[{\"@type\":\"ListItem\",\"position\":1,\"name\":\"Home\",\"item\":\"https:\\\/\\\/miil.dev.almic.ee\\\/lv\\\/\"},{\"@type\":\"ListItem\",\"position\":2,\"name\":\"Veikals\",\"item\":\"https:\\\/\\\/miil.dev.almic.ee\\\/lv\\\/veikals\\\/\"},{\"@type\":\"ListItem\",\"position\":3,\"name\":\"Liela met\u0101la instrumentu kaste\"}]},{\"@type\":\"WebSite\",\"@id\":\"https:\\\/\\\/miil.dev.almic.ee\\\/#website\",\"url\":\"https:\\\/\\\/miil.dev.almic.ee\\\/\",\"name\":\"Miil O\u00dc\",\"description\":\"Konteinerveod\",\"publisher\":{\"@id\":\"https:\\\/\\\/miil.dev.almic.ee\\\/#organization\"},\"potentialAction\":[{\"@type\":\"SearchAction\",\"target\":{\"@type\":\"EntryPoint\",\"urlTemplate\":\"https:\\\/\\\/miil.dev.almic.ee\\\/?s={search_term_string}\"},\"query-input\":{\"@type\":\"PropertyValueSpecification\",\"valueRequired\":true,\"valueName\":\"search_term_string\"}}],\"inLanguage\":\"lv-LV\"},{\"@type\":\"Organization\",\"@id\":\"https:\\\/\\\/miil.dev.almic.ee\\\/#organization\",\"name\":\"Miil O\u00dc\",\"url\":\"https:\\\/\\\/miil.dev.almic.ee\\\/\",\"logo\":{\"@type\":\"ImageObject\",\"inLanguage\":\"lv-LV\",\"@id\":\"https:\\\/\\\/miil.dev.almic.ee\\\/#\\\/schema\\\/logo\\\/image\\\/\",\"url\":\"https:\\\/\\\/www.miil.ee\\\/wp-content\\\/uploads\\\/2022\\\/02\\\/Miil-logo.svg\",\"contentUrl\":\"https:\\\/\\\/www.miil.ee\\\/wp-content\\\/uploads\\\/2022\\\/02\\\/Miil-logo.svg\",\"width\":\"1024\",\"height\":\"1024\",\"caption\":\"Miil O\u00dc\"},\"image\":{\"@id\":\"https:\\\/\\\/miil.dev.almic.ee\\\/#\\\/schema\\\/logo\\\/image\\\/\"},\"sameAs\":[\"https:\\\/\\\/www.facebook.com\\\/konteinerveod\\\/\",\"https:\\\/\\\/www.instagram.com\\\/ou_miil\\\/\"]}]}<\/script>\n<meta property=\"product:price:amount\" content=\"335.00\" \/>\n<meta property=\"product:price:currency\" content=\"EUR\" \/>\n<meta property=\"og:availability\" content=\"instock\" \/>\n<meta property=\"product:availability\" content=\"instock\" \/>\n<meta property=\"product:condition\" content=\"new\" \/>\n<!-- \/ Yoast SEO Premium plugin. -->","yoast_head_json":{"title":"Liela met\u0101la instrumentu kaste - Miil O\u00dc","description":"Liela met\u0101la instrumentu kaste | Instrumentu kaste nojumei | Uzglab\u0101\u0161anas l\u0101de | Kaste instrumentiem | Sak\u0101rtota darba telpa | Dro\u0161a instrumentu uzglab\u0101\u0161ana","robots":{"index":"index","follow":"follow","max-snippet":"max-snippet:-1","max-image-preview":"max-image-preview:large","max-video-preview":"max-video-preview:-1"},"canonical":"https:\/\/miil.dev.almic.ee\/lv\/toode\/liela-metala-instrumentu-kaste-kopeeri\/","og_locale":"lv_LV","og_type":"article","og_title":"Liela met\u0101la instrumentu kaste","og_description":"Liela met\u0101la instrumentu kaste | Instrumentu kaste nojumei | Uzglab\u0101\u0161anas l\u0101de | Kaste instrumentiem | Sak\u0101rtota darba telpa | Dro\u0161a instrumentu uzglab\u0101\u0161ana","og_url":"https:\/\/miil.dev.almic.ee\/lv\/toode\/liela-metala-instrumentu-kaste-kopeeri\/","og_site_name":"Miil O\u00dc","article_publisher":"https:\/\/www.facebook.com\/konteinerveod\/","article_modified_time":"2025-01-15T09:15:56+00:00","og_image":[{"width":1900,"height":1431,"url":"https:\/\/miil.dev.almic.ee\/wp-content\/uploads\/2025\/01\/PXL_20250113_113911814-scaled.jpg","type":"image\/jpeg"}],"twitter_card":"summary_large_image","twitter_misc":{"Price":"335,00&nbsp;&euro;","Availability":"In stock"},"schema":{"@context":"https:\/\/schema.org","@graph":[{"@type":"WebPage","@id":"https:\/\/miil.dev.almic.ee\/lv\/toode\/liela-metala-instrumentu-kaste-kopeeri\/","url":"https:\/\/miil.dev.almic.ee\/lv\/toode\/liela-metala-instrumentu-kaste-kopeeri\/","name":"Liela met\u0101la instrumentu kaste - Miil O\u00dc","isPartOf":{"@id":"https:\/\/miil.dev.almic.ee\/#website"},"primaryImageOfPage":{"@id":"https:\/\/miil.dev.almic.ee\/lv\/toode\/liela-metala-instrumentu-kaste-kopeeri\/#primaryimage"},"image":{"@id":"https:\/\/miil.dev.almic.ee\/lv\/toode\/liela-metala-instrumentu-kaste-kopeeri\/#primaryimage"},"thumbnailUrl":"https:\/\/miil.dev.almic.ee\/wp-content\/uploads\/2025\/01\/PXL_20250113_113911814-scaled.jpg","datePublished":"2025-01-14T15:45:01+00:00","dateModified":"2025-01-15T09:15:56+00:00","description":"Liela met\u0101la instrumentu kaste | Instrumentu kaste nojumei | Uzglab\u0101\u0161anas l\u0101de | Kaste instrumentiem | Sak\u0101rtota darba telpa | Dro\u0161a instrumentu uzglab\u0101\u0161ana","breadcrumb":{"@id":"https:\/\/miil.dev.almic.ee\/lv\/toode\/liela-metala-instrumentu-kaste-kopeeri\/#breadcrumb"},"inLanguage":"lv-LV","potentialAction":[{"@type":"ReadAction","target":["https:\/\/miil.dev.almic.ee\/lv\/toode\/liela-metala-instrumentu-kaste-kopeeri\/"]}]},{"@type":"ImageObject","inLanguage":"lv-LV","@id":"https:\/\/miil.dev.almic.ee\/lv\/toode\/liela-metala-instrumentu-kaste-kopeeri\/#primaryimage","url":"https:\/\/miil.dev.almic.ee\/wp-content\/uploads\/2025\/01\/PXL_20250113_113911814-scaled.jpg","contentUrl":"https:\/\/miil.dev.almic.ee\/wp-content\/uploads\/2025\/01\/PXL_20250113_113911814-scaled.jpg","width":1900,"height":1431,"caption":"\u042f\u0449\u0438\u043a \u0434\u043b\u044f \u0438\u043d\u0441\u0442\u0440\u0443\u043c\u0435\u043d\u0442\u043e\u0432 \u0434\u043b\u044f \u0433\u0430\u0440\u0430\u0436\u0430"},{"@type":"BreadcrumbList","@id":"https:\/\/miil.dev.almic.ee\/lv\/toode\/liela-metala-instrumentu-kaste-kopeeri\/#breadcrumb","itemListElement":[{"@type":"ListItem","position":1,"name":"Home","item":"https:\/\/miil.dev.almic.ee\/lv\/"},{"@type":"ListItem","position":2,"name":"Veikals","item":"https:\/\/miil.dev.almic.ee\/lv\/veikals\/"},{"@type":"ListItem","position":3,"name":"Liela met\u0101la instrumentu kaste"}]},{"@type":"WebSite","@id":"https:\/\/miil.dev.almic.ee\/#website","url":"https:\/\/miil.dev.almic.ee\/","name":"Miil O\u00dc","description":"Konteinerveod","publisher":{"@id":"https:\/\/miil.dev.almic.ee\/#organization"},"potentialAction":[{"@type":"SearchAction","target":{"@type":"EntryPoint","urlTemplate":"https:\/\/miil.dev.almic.ee\/?s={search_term_string}"},"query-input":{"@type":"PropertyValueSpecification","valueRequired":true,"valueName":"search_term_string"}}],"inLanguage":"lv-LV"},{"@type":"Organization","@id":"https:\/\/miil.dev.almic.ee\/#organization","name":"Miil O\u00dc","url":"https:\/\/miil.dev.almic.ee\/","logo":{"@type":"ImageObject","inLanguage":"lv-LV","@id":"https:\/\/miil.dev.almic.ee\/#\/schema\/logo\/image\/","url":"https:\/\/www.miil.ee\/wp-content\/uploads\/2022\/02\/Miil-logo.svg","contentUrl":"https:\/\/www.miil.ee\/wp-content\/uploads\/2022\/02\/Miil-logo.svg","width":"1024","height":"1024","caption":"Miil O\u00dc"},"image":{"@id":"https:\/\/miil.dev.almic.ee\/#\/schema\/logo\/image\/"},"sameAs":["https:\/\/www.facebook.com\/konteinerveod\/","https:\/\/www.instagram.com\/ou_miil\/"]}]},"product_price_amount":"335.00","product_price_currency":"EUR","og_availability":"instock","product_availability":"instock","product_condition":"new"},"_links":{"self":[{"href":"https:\/\/miil.dev.almic.ee\/lv\/wp-json\/wp\/v2\/product\/84442","targetHints":{"allow":["GET"]}}],"collection":[{"href":"https:\/\/miil.dev.almic.ee\/lv\/wp-json\/wp\/v2\/product"}],"about":[{"href":"https:\/\/miil.dev.almic.ee\/lv\/wp-json\/wp\/v2\/types\/product"}],"replies":[{"embeddable":true,"href":"https:\/\/miil.dev.almic.ee\/lv\/wp-json\/wp\/v2\/comments?post=84442"}],"wp:featuredmedia":[{"embeddable":true,"href":"https:\/\/miil.dev.almic.ee\/lv\/wp-json\/wp\/v2\/media\/84447"}],"wp:attachment":[{"href":"https:\/\/miil.dev.almic.ee\/lv\/wp-json\/wp\/v2\/media?parent=84442"}],"wp:term":[{"taxonomy":"product_cat","embeddable":true,"href":"https:\/\/miil.dev.almic.ee\/lv\/wp-json\/wp\/v2\/product_cat?post=84442"},{"taxonomy":"product_tag","embeddable":true,"href":"https:\/\/miil.dev.almic.ee\/lv\/wp-json\/wp\/v2\/product_tag?post=84442"}],"curies":[{"name":"wp","href":"https:\/\/api.w.org\/{rel}","templated":true}]}}