{"id":84295,"date":"2025-01-13T16:46:14","date_gmt":"2025-01-13T14:46:14","guid":{"rendered":"https:\/\/www.miil.ee\/?post_type=product&#038;p=84295"},"modified":"2025-01-14T09:05:43","modified_gmt":"2025-01-14T07:05:43","slug":"liela-piekaramas-sledzenes-aizsargs","status":"publish","type":"product","link":"https:\/\/miil.dev.almic.ee\/lv\/toode\/liela-piekaramas-sledzenes-aizsargs\/","title":{"rendered":"Liela piekaram\u0101s sl\u0113dzenes aizsargs"},"content":{"rendered":"<h1>Liela piekaram\u0101s sl\u0113dzenes aizsargs p\u0101rvad\u0101\u0161anas konteineram<\/h1>\n<p>Konteineri ir daudzpus\u012bgi un dro\u0161i risin\u0101jumi pre\u010du transport\u0113\u0161anai un uzglab\u0101\u0161anai. Viens svar\u012bgs konteineru izmanto\u0161anas aspekts ir to dro\u0161\u012bba, un piekaram\u0101s sl\u0113dzenes ir b\u016btiskas, lai to nodro\u0161in\u0101tu. Bet k\u0101 pasarg\u0101t pa\u0161u <a href=\"https:\/\/www.miil.ee\/lv\/toode\/sutisanas-konteinera-piekarama-atslega\/\">piekaramo atsl\u0113gu<\/a>? Liela piekaram\u0101s sl\u0113dzenes aizsargs!<\/p>\n<p>Sl\u0113dzenes aizsargs sast\u0101v no div\u0101m da\u013c\u0101m &#8211; katra ir uzst\u0101d\u012bta uz vien\u0101m durv\u012bm. Tas apgr\u016btina piek\u013cuvi sl\u0113dzenes stienim un pasarg\u0101 sl\u0113dzeni no lietus, nodro\u0161inot ilg\u0101ku sl\u0113dzenes kalpo\u0161anas laiku.<\/p>\n<p>MIIL.ee apzin\u0101s konteineru dro\u0161\u012bbas noz\u012bmi, t\u0101p\u0113c pied\u0101v\u0101jam piem\u0113rotus risin\u0101jumus.<\/p>\n<h2>Liela piekaram\u0101s sl\u0113dzenes aizsargs \u2014 piekaramo sl\u0113dze\u0146u noz\u012bme konteineru dro\u0161\u012bb\u0101:<\/h2>\n<p>Piekaram\u0101s atsl\u0113gas ir svar\u012bga konteineru dro\u0161\u012bbas nodro\u0161in\u0101\u0161anas sast\u0101vda\u013ca. Tie nodro\u0161ina, ka konteinera durvis ir pareizi aizv\u0113rtas un neviena nepiedero\u0161a persona nevar piek\u013c\u016bt konteineram. Piekaramo sl\u0113dze\u0146u izmanto\u0161ana pal\u012bdz nov\u0113rst z\u0101dz\u012bbu, ielau\u0161anos un nesankcion\u0113tu piek\u013cuvi konteinera saturam. Turkl\u0101t piekaram\u0101s atsl\u0113gas sniedz klientiem p\u0101rliec\u012bbu un p\u0101rliec\u012bbu, ka vi\u0146u preces ir labi aizsarg\u0101tas.<\/p>\n<h2>MIIL.ee piem\u0113rotas piekaram\u0101s sl\u0113dzenes:<\/h2>\n<p>MIIL.ee pied\u0101v\u0101 da\u017e\u0101das piekaram\u0101s atsl\u0113gas, kas ir \u012bpa\u0161i piel\u0101gotas m\u016bsu tirgotajiem konteineriem. M\u016bsu izv\u0113l\u0113 ir da\u017e\u0101di veidi un mode\u013ci, kas ir piem\u0113roti da\u017e\u0101da izm\u0113ra konteineriem un atbilst augstiem dro\u0161\u012bbas standartiem. Neatkar\u012bgi no t\u0101, vai t\u0101s ir tradicion\u0101l\u0101s U formas piekaram\u0101s sl\u0113dzenes vai iztur\u012bg\u0101kas vertik\u0101l\u0101s sl\u0113dzenes, MIIL.ee pied\u0101v\u0101 izv\u0113li, kas atbilst da\u017e\u0101du klientu vajadz\u012bb\u0101m.<\/p>\n<h2>Piekaramo sl\u0113dze\u0146u kvalit\u0101te un iztur\u012bba:<\/h2>\n<p>MIIL.ee pied\u0101v\u0101 tikai augstas kvalit\u0101tes piekaram\u0101s atsl\u0113gas, kas nodro\u0161ina ilgsto\u0161u lieto\u0161anu un iztur\u012bbu. M\u016bsu piekaram\u0101s sl\u0113dzenes ir izgatavotas no iztur\u012bgiem materi\u0101liem, kas sp\u0113j iztur\u0113t da\u017e\u0101dus laika apst\u0101k\u013cus un izaicin\u0101jumus. Tos ir ar\u012b viegli uzst\u0101d\u012bt un lietot, nodro\u0161inot klientiem \u0113rt\u012bbas un uzticam\u012bbu.<\/p>\n<p>Piekaramo atsl\u0113gu izmanto\u0161ana ir svar\u012bga konteineru dro\u0161\u012bbas nodro\u0161in\u0101\u0161anas sast\u0101vda\u013ca. MIIL.ee pied\u0101v\u0101 pla\u0161u piem\u0113rotu piekaramo sl\u0113dze\u0146u kl\u0101stu, kas atbilst m\u016bsu p\u0101rdotajiem konteineriem. Kvalitat\u012bvas un iztur\u012bgas piekaram\u0101s atsl\u0113gas nodro\u0161ina klientu pre\u010du aizsardz\u012bbu un rada p\u0101rliec\u012bbas saj\u016btu. Ja mekl\u0113jat uzticamas piekaram\u0101s sl\u0113dzenes saviem konteineriem, apskatiet MIIL.ee izv\u0113li un atrodiet sav\u0101m vajadz\u012bb\u0101m piem\u0113rot\u0101kos risin\u0101jumus.<\/p>\n<p><strong>P\u0113rciet t\u016bl\u012bt, maks\u0101 v\u0113l\u0101k<\/strong>\u00a0\u2014 pieejama opcija:<\/p>\n<ul>\n<li>Priv\u0101tperson\u0101m, izmantojot m\u016bsu partneri <a href=\"https:\/\/inbank.ee\/laen\/vaikelaen\">Inbank.ee<\/a>, izmantojot atsauces kodu\u00a0\u201cKONTEINER\u201d.<\/li>\n<li>Biznesa klientiem, izmantojot m\u016bsu partneri <a href=\"https:\/\/tenor.my.canva.site\/tenor-miil\">Tenor.ee<\/a><\/li>\n<\/ul>\n<p>Seko mums <a href=\"https:\/\/www.facebook.com\/konteinerveod\/\">Facebook<\/a> vai <a href=\"https:\/\/www.instagram.com\/ou_miil\/\">Instagram<\/a>.<\/p>\n","protected":false},"excerpt":{"rendered":"<p>Liela piekaram\u0101s sl\u0113dzenes aizsargs p\u0101rvad\u0101\u0161anas konteineram Konteineri ir daudzpus\u012bgi un dro\u0161i risin\u0101jumi pre\u010du transport\u0113\u0161anai un uzglab\u0101\u0161anai. Viens svar\u012bgs konteineru izmanto\u0161anas aspekts ir to dro\u0161\u012bba, un piekaram\u0101s sl\u0113dzenes ir b\u016btiskas, lai to nodro\u0161in\u0101tu. Bet k\u0101 pasarg\u0101t pa\u0161u piekaramo atsl\u0113gu? Liela piekaram\u0101s sl\u0113dzenes aizsargs! Sl\u0113dzenes aizsargs sast\u0101v no div\u0101m da\u013c\u0101m &#8211; katra ir uzst\u0101d\u012bta uz vien\u0101m durv\u012bm&#8230;.<\/p>\n","protected":false},"featured_media":84300,"comment_status":"closed","ping_status":"closed","template":"","meta":{"_acf_changed":false},"product_cat":[336],"product_tag":[],"class_list":{"0":"post-84295","1":"product","2":"type-product","3":"status-publish","4":"has-post-thumbnail","6":"product_cat-papildu-piederumi","8":"first","9":"instock","10":"shipping-taxable","11":"purchasable","12":"product-type-simple"},"acf":[],"yoast_head":"<!-- This site is optimized with the Yoast SEO Premium plugin v23.9 (Yoast SEO v27.5) - https:\/\/yoast.com\/product\/yoast-seo-premium-wordpress\/ -->\n<title>Liela piekaram\u0101s sl\u0113dzenes aizsargs - Miil O\u00dc<\/title>\n<meta name=\"description\" content=\"Liela piekaram\u0101s sl\u0113dzenes aizsargs | Juras konteiner transport | Juras konteiner jauns | Containex jauns | Transports un remonts |\" \/>\n<meta name=\"robots\" content=\"index, follow, max-snippet:-1, max-image-preview:large, max-video-preview:-1\" \/>\n<link rel=\"canonical\" href=\"https:\/\/miil.dev.almic.ee\/lv\/toode\/liela-piekaramas-sledzenes-aizsargs\/\" \/>\n<meta property=\"og:locale\" content=\"lv_LV\" \/>\n<meta property=\"og:type\" content=\"article\" \/>\n<meta property=\"og:title\" content=\"Liela piekaram\u0101s sl\u0113dzenes aizsargs\" \/>\n<meta property=\"og:description\" content=\"Liela piekaram\u0101s sl\u0113dzenes aizsargs | Juras konteiner transport | Juras konteiner jauns | Containex jauns | Transports un remonts |\" \/>\n<meta property=\"og:url\" content=\"https:\/\/miil.dev.almic.ee\/lv\/toode\/liela-piekaramas-sledzenes-aizsargs\/\" \/>\n<meta property=\"og:site_name\" content=\"Miil O\u00dc\" \/>\n<meta property=\"article:publisher\" content=\"https:\/\/www.facebook.com\/konteinerveod\/\" \/>\n<meta property=\"article:modified_time\" content=\"2025-01-14T07:05:43+00:00\" \/>\n<meta property=\"og:image\" content=\"https:\/\/miil.dev.almic.ee\/wp-content\/uploads\/2025\/01\/PXL_20250113_112951872-scaled.jpg\" \/>\n\t<meta property=\"og:image:width\" content=\"1431\" \/>\n\t<meta property=\"og:image:height\" content=\"1900\" \/>\n\t<meta property=\"og:image:type\" content=\"image\/jpeg\" \/>\n<meta name=\"twitter:card\" content=\"summary_large_image\" \/>\n<meta name=\"twitter:label1\" content=\"Price\" \/>\n\t<meta name=\"twitter:data1\" content=\"90,00&nbsp;&euro;\" \/>\n\t<meta name=\"twitter:label2\" content=\"Availability\" \/>\n\t<meta name=\"twitter:data2\" content=\"In stock\" \/>\n<script type=\"application\/ld+json\" class=\"yoast-schema-graph\">{\"@context\":\"https:\\\/\\\/schema.org\",\"@graph\":[{\"@type\":\"WebPage\",\"@id\":\"https:\\\/\\\/miil.dev.almic.ee\\\/lv\\\/toode\\\/liela-piekaramas-sledzenes-aizsargs\\\/\",\"url\":\"https:\\\/\\\/miil.dev.almic.ee\\\/lv\\\/toode\\\/liela-piekaramas-sledzenes-aizsargs\\\/\",\"name\":\"Liela piekaram\u0101s sl\u0113dzenes aizsargs - Miil O\u00dc\",\"isPartOf\":{\"@id\":\"https:\\\/\\\/miil.dev.almic.ee\\\/#website\"},\"primaryImageOfPage\":{\"@id\":\"https:\\\/\\\/miil.dev.almic.ee\\\/lv\\\/toode\\\/liela-piekaramas-sledzenes-aizsargs\\\/#primaryimage\"},\"image\":{\"@id\":\"https:\\\/\\\/miil.dev.almic.ee\\\/lv\\\/toode\\\/liela-piekaramas-sledzenes-aizsargs\\\/#primaryimage\"},\"thumbnailUrl\":\"https:\\\/\\\/miil.dev.almic.ee\\\/wp-content\\\/uploads\\\/2025\\\/01\\\/PXL_20250113_112951872-scaled.jpg\",\"datePublished\":\"2025-01-13T14:46:14+00:00\",\"dateModified\":\"2025-01-14T07:05:43+00:00\",\"description\":\"Liela piekaram\u0101s sl\u0113dzenes aizsargs | Juras konteiner transport | Juras konteiner jauns | Containex jauns | Transports un remonts |\",\"breadcrumb\":{\"@id\":\"https:\\\/\\\/miil.dev.almic.ee\\\/lv\\\/toode\\\/liela-piekaramas-sledzenes-aizsargs\\\/#breadcrumb\"},\"inLanguage\":\"lv-LV\",\"potentialAction\":[{\"@type\":\"ReadAction\",\"target\":[\"https:\\\/\\\/miil.dev.almic.ee\\\/lv\\\/toode\\\/liela-piekaramas-sledzenes-aizsargs\\\/\"]}]},{\"@type\":\"ImageObject\",\"inLanguage\":\"lv-LV\",\"@id\":\"https:\\\/\\\/miil.dev.almic.ee\\\/lv\\\/toode\\\/liela-piekaramas-sledzenes-aizsargs\\\/#primaryimage\",\"url\":\"https:\\\/\\\/miil.dev.almic.ee\\\/wp-content\\\/uploads\\\/2025\\\/01\\\/PXL_20250113_112951872-scaled.jpg\",\"contentUrl\":\"https:\\\/\\\/miil.dev.almic.ee\\\/wp-content\\\/uploads\\\/2025\\\/01\\\/PXL_20250113_112951872-scaled.jpg\",\"width\":1431,\"height\":1900,\"caption\":\"Container lock cover for padlock\"},{\"@type\":\"BreadcrumbList\",\"@id\":\"https:\\\/\\\/miil.dev.almic.ee\\\/lv\\\/toode\\\/liela-piekaramas-sledzenes-aizsargs\\\/#breadcrumb\",\"itemListElement\":[{\"@type\":\"ListItem\",\"position\":1,\"name\":\"Home\",\"item\":\"https:\\\/\\\/miil.dev.almic.ee\\\/lv\\\/\"},{\"@type\":\"ListItem\",\"position\":2,\"name\":\"Veikals\",\"item\":\"https:\\\/\\\/miil.dev.almic.ee\\\/lv\\\/veikals\\\/\"},{\"@type\":\"ListItem\",\"position\":3,\"name\":\"Liela piekaram\u0101s sl\u0113dzenes aizsargs\"}]},{\"@type\":\"WebSite\",\"@id\":\"https:\\\/\\\/miil.dev.almic.ee\\\/#website\",\"url\":\"https:\\\/\\\/miil.dev.almic.ee\\\/\",\"name\":\"Miil O\u00dc\",\"description\":\"Konteinerveod\",\"publisher\":{\"@id\":\"https:\\\/\\\/miil.dev.almic.ee\\\/#organization\"},\"potentialAction\":[{\"@type\":\"SearchAction\",\"target\":{\"@type\":\"EntryPoint\",\"urlTemplate\":\"https:\\\/\\\/miil.dev.almic.ee\\\/?s={search_term_string}\"},\"query-input\":{\"@type\":\"PropertyValueSpecification\",\"valueRequired\":true,\"valueName\":\"search_term_string\"}}],\"inLanguage\":\"lv-LV\"},{\"@type\":\"Organization\",\"@id\":\"https:\\\/\\\/miil.dev.almic.ee\\\/#organization\",\"name\":\"Miil O\u00dc\",\"url\":\"https:\\\/\\\/miil.dev.almic.ee\\\/\",\"logo\":{\"@type\":\"ImageObject\",\"inLanguage\":\"lv-LV\",\"@id\":\"https:\\\/\\\/miil.dev.almic.ee\\\/#\\\/schema\\\/logo\\\/image\\\/\",\"url\":\"https:\\\/\\\/www.miil.ee\\\/wp-content\\\/uploads\\\/2022\\\/02\\\/Miil-logo.svg\",\"contentUrl\":\"https:\\\/\\\/www.miil.ee\\\/wp-content\\\/uploads\\\/2022\\\/02\\\/Miil-logo.svg\",\"width\":\"1024\",\"height\":\"1024\",\"caption\":\"Miil O\u00dc\"},\"image\":{\"@id\":\"https:\\\/\\\/miil.dev.almic.ee\\\/#\\\/schema\\\/logo\\\/image\\\/\"},\"sameAs\":[\"https:\\\/\\\/www.facebook.com\\\/konteinerveod\\\/\",\"https:\\\/\\\/www.instagram.com\\\/ou_miil\\\/\"]}]}<\/script>\n<meta property=\"product:price:amount\" content=\"90.00\" \/>\n<meta property=\"product:price:currency\" content=\"EUR\" \/>\n<meta property=\"og:availability\" content=\"instock\" \/>\n<meta property=\"product:availability\" content=\"instock\" \/>\n<meta property=\"product:condition\" content=\"new\" \/>\n<!-- \/ Yoast SEO Premium plugin. -->","yoast_head_json":{"title":"Liela piekaram\u0101s sl\u0113dzenes aizsargs - Miil O\u00dc","description":"Liela piekaram\u0101s sl\u0113dzenes aizsargs | Juras konteiner transport | Juras konteiner jauns | Containex jauns | Transports un remonts |","robots":{"index":"index","follow":"follow","max-snippet":"max-snippet:-1","max-image-preview":"max-image-preview:large","max-video-preview":"max-video-preview:-1"},"canonical":"https:\/\/miil.dev.almic.ee\/lv\/toode\/liela-piekaramas-sledzenes-aizsargs\/","og_locale":"lv_LV","og_type":"article","og_title":"Liela piekaram\u0101s sl\u0113dzenes aizsargs","og_description":"Liela piekaram\u0101s sl\u0113dzenes aizsargs | Juras konteiner transport | Juras konteiner jauns | Containex jauns | Transports un remonts |","og_url":"https:\/\/miil.dev.almic.ee\/lv\/toode\/liela-piekaramas-sledzenes-aizsargs\/","og_site_name":"Miil O\u00dc","article_publisher":"https:\/\/www.facebook.com\/konteinerveod\/","article_modified_time":"2025-01-14T07:05:43+00:00","og_image":[{"width":1431,"height":1900,"url":"https:\/\/miil.dev.almic.ee\/wp-content\/uploads\/2025\/01\/PXL_20250113_112951872-scaled.jpg","type":"image\/jpeg"}],"twitter_card":"summary_large_image","twitter_misc":{"Price":"90,00&nbsp;&euro;","Availability":"In stock"},"schema":{"@context":"https:\/\/schema.org","@graph":[{"@type":"WebPage","@id":"https:\/\/miil.dev.almic.ee\/lv\/toode\/liela-piekaramas-sledzenes-aizsargs\/","url":"https:\/\/miil.dev.almic.ee\/lv\/toode\/liela-piekaramas-sledzenes-aizsargs\/","name":"Liela piekaram\u0101s sl\u0113dzenes aizsargs - Miil O\u00dc","isPartOf":{"@id":"https:\/\/miil.dev.almic.ee\/#website"},"primaryImageOfPage":{"@id":"https:\/\/miil.dev.almic.ee\/lv\/toode\/liela-piekaramas-sledzenes-aizsargs\/#primaryimage"},"image":{"@id":"https:\/\/miil.dev.almic.ee\/lv\/toode\/liela-piekaramas-sledzenes-aizsargs\/#primaryimage"},"thumbnailUrl":"https:\/\/miil.dev.almic.ee\/wp-content\/uploads\/2025\/01\/PXL_20250113_112951872-scaled.jpg","datePublished":"2025-01-13T14:46:14+00:00","dateModified":"2025-01-14T07:05:43+00:00","description":"Liela piekaram\u0101s sl\u0113dzenes aizsargs | Juras konteiner transport | Juras konteiner jauns | Containex jauns | Transports un remonts |","breadcrumb":{"@id":"https:\/\/miil.dev.almic.ee\/lv\/toode\/liela-piekaramas-sledzenes-aizsargs\/#breadcrumb"},"inLanguage":"lv-LV","potentialAction":[{"@type":"ReadAction","target":["https:\/\/miil.dev.almic.ee\/lv\/toode\/liela-piekaramas-sledzenes-aizsargs\/"]}]},{"@type":"ImageObject","inLanguage":"lv-LV","@id":"https:\/\/miil.dev.almic.ee\/lv\/toode\/liela-piekaramas-sledzenes-aizsargs\/#primaryimage","url":"https:\/\/miil.dev.almic.ee\/wp-content\/uploads\/2025\/01\/PXL_20250113_112951872-scaled.jpg","contentUrl":"https:\/\/miil.dev.almic.ee\/wp-content\/uploads\/2025\/01\/PXL_20250113_112951872-scaled.jpg","width":1431,"height":1900,"caption":"Container lock cover for padlock"},{"@type":"BreadcrumbList","@id":"https:\/\/miil.dev.almic.ee\/lv\/toode\/liela-piekaramas-sledzenes-aizsargs\/#breadcrumb","itemListElement":[{"@type":"ListItem","position":1,"name":"Home","item":"https:\/\/miil.dev.almic.ee\/lv\/"},{"@type":"ListItem","position":2,"name":"Veikals","item":"https:\/\/miil.dev.almic.ee\/lv\/veikals\/"},{"@type":"ListItem","position":3,"name":"Liela piekaram\u0101s sl\u0113dzenes aizsargs"}]},{"@type":"WebSite","@id":"https:\/\/miil.dev.almic.ee\/#website","url":"https:\/\/miil.dev.almic.ee\/","name":"Miil O\u00dc","description":"Konteinerveod","publisher":{"@id":"https:\/\/miil.dev.almic.ee\/#organization"},"potentialAction":[{"@type":"SearchAction","target":{"@type":"EntryPoint","urlTemplate":"https:\/\/miil.dev.almic.ee\/?s={search_term_string}"},"query-input":{"@type":"PropertyValueSpecification","valueRequired":true,"valueName":"search_term_string"}}],"inLanguage":"lv-LV"},{"@type":"Organization","@id":"https:\/\/miil.dev.almic.ee\/#organization","name":"Miil O\u00dc","url":"https:\/\/miil.dev.almic.ee\/","logo":{"@type":"ImageObject","inLanguage":"lv-LV","@id":"https:\/\/miil.dev.almic.ee\/#\/schema\/logo\/image\/","url":"https:\/\/www.miil.ee\/wp-content\/uploads\/2022\/02\/Miil-logo.svg","contentUrl":"https:\/\/www.miil.ee\/wp-content\/uploads\/2022\/02\/Miil-logo.svg","width":"1024","height":"1024","caption":"Miil O\u00dc"},"image":{"@id":"https:\/\/miil.dev.almic.ee\/#\/schema\/logo\/image\/"},"sameAs":["https:\/\/www.facebook.com\/konteinerveod\/","https:\/\/www.instagram.com\/ou_miil\/"]}]},"product_price_amount":"90.00","product_price_currency":"EUR","og_availability":"instock","product_availability":"instock","product_condition":"new"},"_links":{"self":[{"href":"https:\/\/miil.dev.almic.ee\/lv\/wp-json\/wp\/v2\/product\/84295","targetHints":{"allow":["GET"]}}],"collection":[{"href":"https:\/\/miil.dev.almic.ee\/lv\/wp-json\/wp\/v2\/product"}],"about":[{"href":"https:\/\/miil.dev.almic.ee\/lv\/wp-json\/wp\/v2\/types\/product"}],"replies":[{"embeddable":true,"href":"https:\/\/miil.dev.almic.ee\/lv\/wp-json\/wp\/v2\/comments?post=84295"}],"wp:featuredmedia":[{"embeddable":true,"href":"https:\/\/miil.dev.almic.ee\/lv\/wp-json\/wp\/v2\/media\/84300"}],"wp:attachment":[{"href":"https:\/\/miil.dev.almic.ee\/lv\/wp-json\/wp\/v2\/media?parent=84295"}],"wp:term":[{"taxonomy":"product_cat","embeddable":true,"href":"https:\/\/miil.dev.almic.ee\/lv\/wp-json\/wp\/v2\/product_cat?post=84295"},{"taxonomy":"product_tag","embeddable":true,"href":"https:\/\/miil.dev.almic.ee\/lv\/wp-json\/wp\/v2\/product_tag?post=84295"}],"curies":[{"name":"wp","href":"https:\/\/api.w.org\/{rel}","templated":true}]}}