{"id":84225,"date":"2025-01-13T15:21:44","date_gmt":"2025-01-13T13:21:44","guid":{"rendered":"https:\/\/www.miil.ee\/?post_type=product&#038;p=84225"},"modified":"2025-01-13T16:24:36","modified_gmt":"2025-01-13T14:24:36","slug":"sutisanas-konteinera-piekarama-atslega","status":"publish","type":"product","link":"https:\/\/miil.dev.almic.ee\/lv\/toode\/sutisanas-konteinera-piekarama-atslega\/","title":{"rendered":"S\u016bt\u012b\u0161anas konteinera piekaram\u0101 atsl\u0113ga &#8220;Lauris&#8221;"},"content":{"rendered":"<p>S\u016bt\u012b\u0161anas konteinera piekaram\u0101 atsl\u0113ga ir daudzpuseigi i dr\u016b\u0161i rysynuojumi pre\u010du puorv\u012btuo\u0161onai i uzglobuo\u0161onai. V\u012bns nu svareiguok\u016bs konteineru izmontuo\u0161onys aspektu ir t\u016bs dr\u016b\u0161eiba, i atsl\u0101gys ir byutiskys, kab t\u016b n\u016bdr\u016bsynuotu. MIIL.ee apsazynoj konteineru dr\u016b\u0161eibys n\u016bzeimi, de\u013ctuo mes p\u012bduovojam p\u012bm\u0101ruotys atsl\u0101gys, kas atbylst konteinerim, kurus mes puord\u016bdam. Itym\u0101 rokst\u0101 mes seikuok \u012bpazeistynuosim ar atsl\u0101gu n\u016bzeimi i MIIL.ee izv\u0113li.<\/p>\n<p>konteineru piekaram\u0101 atsl\u0113ga: Atsl\u0101gys ir svareiga konteineru dr\u016b\u0161eibys sastuovda\u013ca. T\u012b n\u016bdr\u016b\u0161ynoj, ka konteineru durovys ir pareizi aiztaiseitys i niv\u012bna naat\u013cauta persona navar p\u012bk\u013cyut konteineram. Atsl\u0101gu izmontuo\u0161ona paleidz n\u016bv\u0113rst zuodzeibu, l\u016bcei\u0161onu i naat\u013cautu p\u012beju trauka saturam. Bez tuo atsl\u0101gys d\u016bd klientim puorl\u012bceibu i uzticeibu, ka j\u016bs prece ir labi aizsorguota.<\/p>\n<p>MIIL.ee p\u012bm\u0101ruotys atsl\u0101gys: MIIL.ee p\u012bduovoj vysaidys atsl\u0101gys, kas ir eipa\u0161i p\u012bl\u0101guotys konteinerim, kurus mes puord\u016bdam. Myusu izlas\u0113 ir da\u017eaidi veidi i modeli, kas ir p\u012bm\u0101ruoti da\u017eaida izm\u0101ra konteinerim i atbylst augstim dr\u016b\u0161eibys standartim. Naatkareigi nu tuo, voi t\u012b ir tradicionaluos atsl\u0101gys ar atsl\u0101gu voi modernuokys digitaluos atsl\u0101gys, MIIL.ee p\u012bduovoj izlasi, kas apm\u012brynoj da\u017eaidu klientu vajadzeibys.<\/p>\n<h2>S\u016bt\u012b\u0161anas konteinera piekaram\u0101 atsl\u0113ga &#8211; Atsl\u0101gu kvalitate i iztureiba:<\/h2>\n<p>MIIL.ee p\u012bduovoj tikai augstvierteigys atsl\u0101gys, kas n\u016bdr\u016b\u0161ynoj ilgterme\u0146a l\u012btuo\u0161onu i iztureibu. Myusu atsl\u0101gys ir izgataveitys nu iztureigim materialim, kas var iztur\u0113t vysaidus laikapstuok\u013cus i izaicynuojumus. T\u012b ir ari v\u012bgli uzstuodejami i l\u012btojami, n\u016bdr\u016bsynoj\u016bt \u0101rteibu i uzticameibu klientim.<\/p>\n<p>Atsl\u0101gu izmontuo\u0161ona ir svareiga konteineru n\u016bstyprynuo\u0161onys sastuovda\u013ca. MIIL.ee p\u012bduovoj pla\u0161u p\u012bm\u0101ruotu atsl\u0101gu kluostu, kas atbylst konteinerim, kurus mes puord\u016bdam. Augstys kvalitatis i iztureigys atsl\u0101gys n\u016bdr\u016b\u0161ynoj klientu pre\u010du aizsardzeibu i roda puorl\u012bceibu. Ka meklej uztycamys atsl\u0101gys sovim konteinerim, apsaver MIIL.ee izlasi i atr\u016b\u0146 pareiz\u016bs rysynuojumus sovom vajadzeibom.<\/p>\n<p><strong>P\u0113rciet t\u016bl\u012bt, maks\u0101 v\u0113l\u0101k<\/strong>\u00a0\u2014 pieejama opcija:<\/p>\n<ul>\n<li>Priv\u0101tperson\u0101m, izmantojot m\u016bsu partneri <a href=\"https:\/\/inbank.ee\/laen\/vaikelaen\">Inbank.ee<\/a>, izmantojot atsauces kodu \u201cKONTEINER\u201d.<\/li>\n<li>Biznesa klientiem, izmantojot m\u016bsu partneri <a href=\"https:\/\/tenor.my.canva.site\/tenor-miil\">Tenor.ee<\/a><\/li>\n<\/ul>\n<p>P\u0101rbaudiet cytus p\u012bejamus aksesuarus <a href=\"https:\/\/www.miil.ee\/lv\/merekonteinerid\/papildu-piederumi\/\">\u0161eit!<\/a><\/p>\n<p><span>Sekojiet mums\u00a0<\/span><a href=\"https:\/\/www.facebook.com\/konteinerveod\/\">Facebook<\/a><span>\u00a0vai\u00a0<\/span><a href=\"https:\/\/www.instagram.com\/ou_miil\/\">Instagram.<\/a><\/p>\n","protected":false},"excerpt":{"rendered":"<p>Piekaram\u0101 atsl\u0113ga transport\u0113\u0161anas konteineram izgatavota no cieta met\u0101la.<br \/>\nAugstas kvalit\u0101tes piekaram\u0101s sl\u0113dzenes, kas nodro\u0161ina ilgsto\u0161u lieto\u0161anu un iztur\u012bbu.<br \/>\nJa mekl\u0113jat uzticamas piekaram\u0101s sl\u0113dzenes saviem konteineriem, iepaz\u012bstieties ar MIIL.ee izv\u0113li un atrodiet sav\u0101m vajadz\u012bb\u0101m \u012bstos risin\u0101jumus.<\/p>\n","protected":false},"featured_media":84230,"comment_status":"closed","ping_status":"closed","template":"","meta":{"_acf_changed":false},"product_cat":[336],"product_tag":[],"class_list":{"0":"post-84225","1":"product","2":"type-product","3":"status-publish","4":"has-post-thumbnail","6":"product_cat-papildu-piederumi","8":"first","9":"instock","10":"shipping-taxable","11":"purchasable","12":"product-type-simple"},"acf":[],"yoast_head":"<!-- This site is optimized with the Yoast SEO Premium plugin v23.9 (Yoast SEO v27.5) - https:\/\/yoast.com\/product\/yoast-seo-premium-wordpress\/ -->\n<title>S\u016bt\u012b\u0161anas konteinera piekaram\u0101 atsl\u0113ga - Miil O\u00dc<\/title>\n<meta name=\"description\" content=\"S\u016bt\u012b\u0161anas konteinera piekaram\u0101 atsl\u0113ga | Juras konteiner transport | Juras konteiner jauns | Containex jauns | Transports un remonts\" \/>\n<meta name=\"robots\" content=\"index, follow, max-snippet:-1, max-image-preview:large, max-video-preview:-1\" \/>\n<link rel=\"canonical\" href=\"https:\/\/miil.dev.almic.ee\/lv\/toode\/sutisanas-konteinera-piekarama-atslega\/\" \/>\n<meta property=\"og:locale\" content=\"lv_LV\" \/>\n<meta property=\"og:type\" content=\"article\" \/>\n<meta property=\"og:title\" content=\"S\u016bt\u012b\u0161anas konteinera piekaram\u0101 atsl\u0113ga &quot;Lauris&quot;\" \/>\n<meta property=\"og:description\" content=\"S\u016bt\u012b\u0161anas konteinera piekaram\u0101 atsl\u0113ga | Juras konteiner transport | Juras konteiner jauns | Containex jauns | Transports un remonts\" \/>\n<meta property=\"og:url\" content=\"https:\/\/miil.dev.almic.ee\/lv\/toode\/sutisanas-konteinera-piekarama-atslega\/\" \/>\n<meta property=\"og:site_name\" content=\"Miil O\u00dc\" \/>\n<meta property=\"article:publisher\" content=\"https:\/\/www.facebook.com\/konteinerveod\/\" \/>\n<meta property=\"article:modified_time\" content=\"2025-01-13T14:24:36+00:00\" \/>\n<meta property=\"og:image\" content=\"https:\/\/miil.dev.almic.ee\/wp-content\/uploads\/2025\/01\/PXL_20250113_1134556412-scaled.jpg\" \/>\n\t<meta property=\"og:image:width\" content=\"1431\" \/>\n\t<meta property=\"og:image:height\" content=\"1900\" \/>\n\t<meta property=\"og:image:type\" content=\"image\/jpeg\" \/>\n<meta name=\"twitter:card\" content=\"summary_large_image\" \/>\n<meta name=\"twitter:label1\" content=\"Price\" \/>\n\t<meta name=\"twitter:data1\" content=\"19,90&nbsp;&euro;\" \/>\n\t<meta name=\"twitter:label2\" content=\"Availability\" \/>\n\t<meta name=\"twitter:data2\" content=\"In stock\" \/>\n<script type=\"application\/ld+json\" class=\"yoast-schema-graph\">{\"@context\":\"https:\\\/\\\/schema.org\",\"@graph\":[{\"@type\":\"WebPage\",\"@id\":\"https:\\\/\\\/miil.dev.almic.ee\\\/lv\\\/toode\\\/sutisanas-konteinera-piekarama-atslega\\\/\",\"url\":\"https:\\\/\\\/miil.dev.almic.ee\\\/lv\\\/toode\\\/sutisanas-konteinera-piekarama-atslega\\\/\",\"name\":\"S\u016bt\u012b\u0161anas konteinera piekaram\u0101 atsl\u0113ga - Miil O\u00dc\",\"isPartOf\":{\"@id\":\"https:\\\/\\\/miil.dev.almic.ee\\\/#website\"},\"primaryImageOfPage\":{\"@id\":\"https:\\\/\\\/miil.dev.almic.ee\\\/lv\\\/toode\\\/sutisanas-konteinera-piekarama-atslega\\\/#primaryimage\"},\"image\":{\"@id\":\"https:\\\/\\\/miil.dev.almic.ee\\\/lv\\\/toode\\\/sutisanas-konteinera-piekarama-atslega\\\/#primaryimage\"},\"thumbnailUrl\":\"https:\\\/\\\/miil.dev.almic.ee\\\/wp-content\\\/uploads\\\/2025\\\/01\\\/PXL_20250113_1134556412-scaled.jpg\",\"datePublished\":\"2025-01-13T13:21:44+00:00\",\"dateModified\":\"2025-01-13T14:24:36+00:00\",\"description\":\"S\u016bt\u012b\u0161anas konteinera piekaram\u0101 atsl\u0113ga | Juras konteiner transport | Juras konteiner jauns | Containex jauns | Transports un remonts\",\"breadcrumb\":{\"@id\":\"https:\\\/\\\/miil.dev.almic.ee\\\/lv\\\/toode\\\/sutisanas-konteinera-piekarama-atslega\\\/#breadcrumb\"},\"inLanguage\":\"lv-LV\",\"potentialAction\":[{\"@type\":\"ReadAction\",\"target\":[\"https:\\\/\\\/miil.dev.almic.ee\\\/lv\\\/toode\\\/sutisanas-konteinera-piekarama-atslega\\\/\"]}]},{\"@type\":\"ImageObject\",\"inLanguage\":\"lv-LV\",\"@id\":\"https:\\\/\\\/miil.dev.almic.ee\\\/lv\\\/toode\\\/sutisanas-konteinera-piekarama-atslega\\\/#primaryimage\",\"url\":\"https:\\\/\\\/miil.dev.almic.ee\\\/wp-content\\\/uploads\\\/2025\\\/01\\\/PXL_20250113_1134556412-scaled.jpg\",\"contentUrl\":\"https:\\\/\\\/miil.dev.almic.ee\\\/wp-content\\\/uploads\\\/2025\\\/01\\\/PXL_20250113_1134556412-scaled.jpg\",\"width\":1431,\"height\":1900,\"caption\":\"konteineri tabalukk\"},{\"@type\":\"BreadcrumbList\",\"@id\":\"https:\\\/\\\/miil.dev.almic.ee\\\/lv\\\/toode\\\/sutisanas-konteinera-piekarama-atslega\\\/#breadcrumb\",\"itemListElement\":[{\"@type\":\"ListItem\",\"position\":1,\"name\":\"Home\",\"item\":\"https:\\\/\\\/miil.dev.almic.ee\\\/lv\\\/\"},{\"@type\":\"ListItem\",\"position\":2,\"name\":\"Veikals\",\"item\":\"https:\\\/\\\/miil.dev.almic.ee\\\/lv\\\/veikals\\\/\"},{\"@type\":\"ListItem\",\"position\":3,\"name\":\"S\u016bt\u012b\u0161anas konteinera piekaram\u0101 atsl\u0113ga &#8220;Lauris&#8221;\"}]},{\"@type\":\"WebSite\",\"@id\":\"https:\\\/\\\/miil.dev.almic.ee\\\/#website\",\"url\":\"https:\\\/\\\/miil.dev.almic.ee\\\/\",\"name\":\"Miil O\u00dc\",\"description\":\"Konteinerveod\",\"publisher\":{\"@id\":\"https:\\\/\\\/miil.dev.almic.ee\\\/#organization\"},\"potentialAction\":[{\"@type\":\"SearchAction\",\"target\":{\"@type\":\"EntryPoint\",\"urlTemplate\":\"https:\\\/\\\/miil.dev.almic.ee\\\/?s={search_term_string}\"},\"query-input\":{\"@type\":\"PropertyValueSpecification\",\"valueRequired\":true,\"valueName\":\"search_term_string\"}}],\"inLanguage\":\"lv-LV\"},{\"@type\":\"Organization\",\"@id\":\"https:\\\/\\\/miil.dev.almic.ee\\\/#organization\",\"name\":\"Miil O\u00dc\",\"url\":\"https:\\\/\\\/miil.dev.almic.ee\\\/\",\"logo\":{\"@type\":\"ImageObject\",\"inLanguage\":\"lv-LV\",\"@id\":\"https:\\\/\\\/miil.dev.almic.ee\\\/#\\\/schema\\\/logo\\\/image\\\/\",\"url\":\"https:\\\/\\\/www.miil.ee\\\/wp-content\\\/uploads\\\/2022\\\/02\\\/Miil-logo.svg\",\"contentUrl\":\"https:\\\/\\\/www.miil.ee\\\/wp-content\\\/uploads\\\/2022\\\/02\\\/Miil-logo.svg\",\"width\":\"1024\",\"height\":\"1024\",\"caption\":\"Miil O\u00dc\"},\"image\":{\"@id\":\"https:\\\/\\\/miil.dev.almic.ee\\\/#\\\/schema\\\/logo\\\/image\\\/\"},\"sameAs\":[\"https:\\\/\\\/www.facebook.com\\\/konteinerveod\\\/\",\"https:\\\/\\\/www.instagram.com\\\/ou_miil\\\/\"]}]}<\/script>\n<meta property=\"product:price:amount\" content=\"19.90\" \/>\n<meta property=\"product:price:currency\" content=\"EUR\" \/>\n<meta property=\"og:availability\" content=\"instock\" \/>\n<meta property=\"product:availability\" content=\"instock\" \/>\n<meta property=\"product:condition\" content=\"new\" \/>\n<!-- \/ Yoast SEO Premium plugin. -->","yoast_head_json":{"title":"S\u016bt\u012b\u0161anas konteinera piekaram\u0101 atsl\u0113ga - Miil O\u00dc","description":"S\u016bt\u012b\u0161anas konteinera piekaram\u0101 atsl\u0113ga | Juras konteiner transport | Juras konteiner jauns | Containex jauns | Transports un remonts","robots":{"index":"index","follow":"follow","max-snippet":"max-snippet:-1","max-image-preview":"max-image-preview:large","max-video-preview":"max-video-preview:-1"},"canonical":"https:\/\/miil.dev.almic.ee\/lv\/toode\/sutisanas-konteinera-piekarama-atslega\/","og_locale":"lv_LV","og_type":"article","og_title":"S\u016bt\u012b\u0161anas konteinera piekaram\u0101 atsl\u0113ga \"Lauris\"","og_description":"S\u016bt\u012b\u0161anas konteinera piekaram\u0101 atsl\u0113ga | Juras konteiner transport | Juras konteiner jauns | Containex jauns | Transports un remonts","og_url":"https:\/\/miil.dev.almic.ee\/lv\/toode\/sutisanas-konteinera-piekarama-atslega\/","og_site_name":"Miil O\u00dc","article_publisher":"https:\/\/www.facebook.com\/konteinerveod\/","article_modified_time":"2025-01-13T14:24:36+00:00","og_image":[{"width":1431,"height":1900,"url":"https:\/\/miil.dev.almic.ee\/wp-content\/uploads\/2025\/01\/PXL_20250113_1134556412-scaled.jpg","type":"image\/jpeg"}],"twitter_card":"summary_large_image","twitter_misc":{"Price":"19,90&nbsp;&euro;","Availability":"In stock"},"schema":{"@context":"https:\/\/schema.org","@graph":[{"@type":"WebPage","@id":"https:\/\/miil.dev.almic.ee\/lv\/toode\/sutisanas-konteinera-piekarama-atslega\/","url":"https:\/\/miil.dev.almic.ee\/lv\/toode\/sutisanas-konteinera-piekarama-atslega\/","name":"S\u016bt\u012b\u0161anas konteinera piekaram\u0101 atsl\u0113ga - Miil O\u00dc","isPartOf":{"@id":"https:\/\/miil.dev.almic.ee\/#website"},"primaryImageOfPage":{"@id":"https:\/\/miil.dev.almic.ee\/lv\/toode\/sutisanas-konteinera-piekarama-atslega\/#primaryimage"},"image":{"@id":"https:\/\/miil.dev.almic.ee\/lv\/toode\/sutisanas-konteinera-piekarama-atslega\/#primaryimage"},"thumbnailUrl":"https:\/\/miil.dev.almic.ee\/wp-content\/uploads\/2025\/01\/PXL_20250113_1134556412-scaled.jpg","datePublished":"2025-01-13T13:21:44+00:00","dateModified":"2025-01-13T14:24:36+00:00","description":"S\u016bt\u012b\u0161anas konteinera piekaram\u0101 atsl\u0113ga | Juras konteiner transport | Juras konteiner jauns | Containex jauns | Transports un remonts","breadcrumb":{"@id":"https:\/\/miil.dev.almic.ee\/lv\/toode\/sutisanas-konteinera-piekarama-atslega\/#breadcrumb"},"inLanguage":"lv-LV","potentialAction":[{"@type":"ReadAction","target":["https:\/\/miil.dev.almic.ee\/lv\/toode\/sutisanas-konteinera-piekarama-atslega\/"]}]},{"@type":"ImageObject","inLanguage":"lv-LV","@id":"https:\/\/miil.dev.almic.ee\/lv\/toode\/sutisanas-konteinera-piekarama-atslega\/#primaryimage","url":"https:\/\/miil.dev.almic.ee\/wp-content\/uploads\/2025\/01\/PXL_20250113_1134556412-scaled.jpg","contentUrl":"https:\/\/miil.dev.almic.ee\/wp-content\/uploads\/2025\/01\/PXL_20250113_1134556412-scaled.jpg","width":1431,"height":1900,"caption":"konteineri tabalukk"},{"@type":"BreadcrumbList","@id":"https:\/\/miil.dev.almic.ee\/lv\/toode\/sutisanas-konteinera-piekarama-atslega\/#breadcrumb","itemListElement":[{"@type":"ListItem","position":1,"name":"Home","item":"https:\/\/miil.dev.almic.ee\/lv\/"},{"@type":"ListItem","position":2,"name":"Veikals","item":"https:\/\/miil.dev.almic.ee\/lv\/veikals\/"},{"@type":"ListItem","position":3,"name":"S\u016bt\u012b\u0161anas konteinera piekaram\u0101 atsl\u0113ga &#8220;Lauris&#8221;"}]},{"@type":"WebSite","@id":"https:\/\/miil.dev.almic.ee\/#website","url":"https:\/\/miil.dev.almic.ee\/","name":"Miil O\u00dc","description":"Konteinerveod","publisher":{"@id":"https:\/\/miil.dev.almic.ee\/#organization"},"potentialAction":[{"@type":"SearchAction","target":{"@type":"EntryPoint","urlTemplate":"https:\/\/miil.dev.almic.ee\/?s={search_term_string}"},"query-input":{"@type":"PropertyValueSpecification","valueRequired":true,"valueName":"search_term_string"}}],"inLanguage":"lv-LV"},{"@type":"Organization","@id":"https:\/\/miil.dev.almic.ee\/#organization","name":"Miil O\u00dc","url":"https:\/\/miil.dev.almic.ee\/","logo":{"@type":"ImageObject","inLanguage":"lv-LV","@id":"https:\/\/miil.dev.almic.ee\/#\/schema\/logo\/image\/","url":"https:\/\/www.miil.ee\/wp-content\/uploads\/2022\/02\/Miil-logo.svg","contentUrl":"https:\/\/www.miil.ee\/wp-content\/uploads\/2022\/02\/Miil-logo.svg","width":"1024","height":"1024","caption":"Miil O\u00dc"},"image":{"@id":"https:\/\/miil.dev.almic.ee\/#\/schema\/logo\/image\/"},"sameAs":["https:\/\/www.facebook.com\/konteinerveod\/","https:\/\/www.instagram.com\/ou_miil\/"]}]},"product_price_amount":"19.90","product_price_currency":"EUR","og_availability":"instock","product_availability":"instock","product_condition":"new"},"_links":{"self":[{"href":"https:\/\/miil.dev.almic.ee\/lv\/wp-json\/wp\/v2\/product\/84225","targetHints":{"allow":["GET"]}}],"collection":[{"href":"https:\/\/miil.dev.almic.ee\/lv\/wp-json\/wp\/v2\/product"}],"about":[{"href":"https:\/\/miil.dev.almic.ee\/lv\/wp-json\/wp\/v2\/types\/product"}],"replies":[{"embeddable":true,"href":"https:\/\/miil.dev.almic.ee\/lv\/wp-json\/wp\/v2\/comments?post=84225"}],"wp:featuredmedia":[{"embeddable":true,"href":"https:\/\/miil.dev.almic.ee\/lv\/wp-json\/wp\/v2\/media\/84230"}],"wp:attachment":[{"href":"https:\/\/miil.dev.almic.ee\/lv\/wp-json\/wp\/v2\/media?parent=84225"}],"wp:term":[{"taxonomy":"product_cat","embeddable":true,"href":"https:\/\/miil.dev.almic.ee\/lv\/wp-json\/wp\/v2\/product_cat?post=84225"},{"taxonomy":"product_tag","embeddable":true,"href":"https:\/\/miil.dev.almic.ee\/lv\/wp-json\/wp\/v2\/product_tag?post=84225"}],"curies":[{"name":"wp","href":"https:\/\/api.w.org\/{rel}","templated":true}]}}