{"id":84076,"date":"2025-01-10T10:49:45","date_gmt":"2025-01-10T08:49:45","guid":{"rendered":"https:\/\/www.miil.ee\/toode\/84076\/"},"modified":"2025-01-10T13:42:41","modified_gmt":"2025-01-10T11:42:41","slug":"containex-izolets-biroja-kabinu-komplekss","status":"publish","type":"product","link":"https:\/\/miil.dev.almic.ee\/lv\/toode\/containex-izolets-biroja-kabinu-komplekss\/","title":{"rendered":"Containex izol\u0113ts biroja kab\u012b\u0146u komplekss"},"content":{"rendered":"<p>Containex ir uz\u0146\u0113mums, kas specializ\u0113jas modu\u013cu \u0113k\u0101s, kuras bie\u017ei izmanto biroju telp\u0101m, dz\u012bvojam\u0101m telp\u0101m vai cita veida pagaidu vai past\u0101v\u012bg\u0101m \u0113k\u0101m. Containex izol\u0113ts biroja kab\u012b\u0146u komplekss ir izgatavots no konteineru modu\u013cu blokiem, un tos var konfigur\u0113t, lai tie atbilstu da\u017e\u0101diem m\u0113r\u0137iem, tostarp birojiem, noliktav\u0101m, klas\u0113m un citiem.<\/p>\n<p>Siltin\u0101t\u0101s biroja kaj\u012bt\u0113s visu gadu tiek uztur\u0113ta stabila temperat\u016bra ar augstas kvalit\u0101tes izol\u0101ciju sien\u0101s, gr\u012bd\u0101s un griestos. Iztur\u012bgi, rentabli un piel\u0101gojami, tie pied\u0101v\u0101 elast\u012bgu risin\u0101jumu gan pagaidu, gan past\u0101v\u012bg\u0101m biroja telp\u0101m ar t\u0101d\u0101m b\u016btisk\u0101m \u0113rt\u012bb\u0101m k\u0101 elektroinstal\u0101cija, apkure un ventil\u0101cija.<\/p>\n<p>\u0160aj\u0101 gad\u012bjum\u0101 tika izveidots Containex izol\u0113ts biroja kab\u012b\u0146u komplekss, kas sast\u0101v no 5 modu\u013ciem. Vien\u012bb\u0101 ir virtuves telpa ar visu nepiecie\u0161amo apr\u012bkojumu, gaitenis, gu\u013camistabas, 2 tualetes un du\u0161a &#8211; viss nepiecie\u0161amais cilv\u0113ku \u0113rtai izmitin\u0101\u0161anai. Panor\u0101mas logs tika uzst\u0101d\u012bts, lai maksim\u0101li palielin\u0101tu dabisko apgaismojumu, radot virtuv\u0113 atv\u0113rtu un gais\u012bgu atmosf\u0113ru.<\/p>\n<p>Containex modu\u013cu m\u0101jas, k\u0101 ar\u012b citi produkti ir ra\u017eoti ES un tiem ir CE sertifik\u0101ts. T\u0101d\u0101 veid\u0101 j\u016bs varat b\u016bt p\u0101rliecin\u0101ti, ka produkti atbilst kvalit\u0101tes standartiem.<\/p>\n<h2>Containex izol\u0113ts biroja kab\u012b\u0146u komplekss transport\u0113\u0161ana un pacel\u0161ana?<\/h2>\n<p>P\u0113c piem\u0113rota konteinera izv\u0113les varam veikt iepako\u0161anu un transport\u0113\u0161anu.<br \/>\nP\u0101rvad\u0101\u0161anai parasti izmantojam\u00a0<a href=\"https:\/\/www.miil.ee\/lv\/pakalpojumi\/celtnis\/\">celtnis<\/a>\u00a0vai\u00a0<a href=\"https:\/\/www.miil.ee\/lv\/pakalpojumi\/sanu-iekraveji-sideloader\/\">s\u0101nu iekr\u0101v\u0113ju.<\/a><br \/>\nM\u0113s izmantojam\u00a0<a href=\"https:\/\/www.miil.ee\/lv\/pakalpojumi\/ram-pasizgazejs\/\">RAM backloader<\/a>, lai aptvertu vissare\u017e\u0123\u012bt\u0101k\u0101s vietas.<br \/>\nP\u0113c t\u0101 ieg\u0101des m\u0113s glab\u0101jam j\u016bsu konteineru m\u016bsu termin\u0101l\u012b bez maksas l\u012bdz se\u0161iem m\u0113ne\u0161iem.<br \/>\nVienm\u0113r iesp\u0113jams vienoties par ilg\u0101ku laiku.<br \/>\nPiem\u0113ram, ja vieta v\u0113l nav gatava vai pieejama konteinera pieg\u0101dei.<br \/>\nT\u0101d\u0101 gad\u012bjum\u0101 konteinera cena nemain\u012bsies un var\u0113siet b\u016bt dro\u0161s, ka izv\u0113l\u0113to konteineru sa\u0146emsiet norun\u0101taj\u0101 laik\u0101.<\/p>\n<ul>\n<li>Lab\u0101k\u0101s cenas garantija \u2013 m\u0113s vienm\u0113r pied\u0101v\u0101jam konteineram lab\u0101ko pied\u0101v\u0101jumu.<\/li>\n<\/ul>\n<p>&nbsp;<\/p>\n<p><strong>P\u0113rciet t\u016bl\u012bt, maks\u0101 v\u0113l\u0101k<\/strong> \u2014 pieejama opcija:<\/p>\n<p>Priv\u0101tperson\u0101m, izmantojot m\u016bsu partneri <a href=\"https:\/\/inbank.ee\/laen\/vaikelaen\">Inbank.ee<\/a>, izmantojot atsauces kodu \u201cKONTEINER\u201d.<br \/>\nBiznesa klientiem ar m\u016bsu partnera <a href=\"https:\/\/tenor.my.canva.site\/tenor-miil\">Tenor.ee<\/a> starpniec\u012bbu<\/p>\n<p>&nbsp;<\/p>\n<p>Sekojiet mums\u00a0<a href=\"https:\/\/www.facebook.com\/konteinerveod\/\">Facebook<\/a>\u00a0vai\u00a0<a href=\"https:\/\/www.instagram.com\/ou_miil\/\">Instagram.<\/a><\/p>\n","protected":false},"excerpt":{"rendered":"<p>Mini m\u0101ja un modu\u013cu m\u0101ja p\u0113c klienta piepras\u012bjuma.<br \/>\nCena attiecas uz att\u0113l\u0101 redzamo risin\u0101jumu.<br \/>\nM\u0113s varam pied\u0101v\u0101t \u012bpa\u0161us risin\u0101jumus un izmaksas ir atkar\u012bgas no ekstr\u0101m, klienta v\u0113lm\u0113m, atra\u0161an\u0101s vietas un apdares.<br \/>\nM\u016bsu mini m\u0101ji\u0146a ir viegli transport\u0113jama un silt\u0101ka, tai nav nepiecie\u0161ams pamats.<br \/>\nVar izmantot, piem\u0113ram, celtniec\u012bb\u0101, m\u0101jas pagalm\u0101, gadatirgos vai izst\u0101d\u0113s.<br \/>\nContainex Standard ir kvalitat\u012bvs un reprezentat\u012bvs risin\u0101jums pagaidu vai past\u0101v\u012bg\u0101m \u0113k\u0101m.<\/p>\n","protected":false},"featured_media":83954,"comment_status":"open","ping_status":"closed","template":"","meta":{"_acf_changed":false},"product_cat":[344,408],"product_tag":[],"class_list":{"0":"post-84076","1":"product","2":"type-product","3":"status-publish","4":"has-post-thumbnail","6":"product_cat-vagonini","7":"product_cat-jauni-vagonini","9":"first","10":"instock","11":"shipping-taxable","12":"purchasable","13":"product-type-simple"},"acf":[],"yoast_head":"<!-- This site is optimized with the Yoast SEO Premium plugin v23.9 (Yoast SEO v27.5) - https:\/\/yoast.com\/product\/yoast-seo-premium-wordpress\/ -->\n<title>Containex izol\u0113ts biroja kab\u012b\u0146u komplekss - Miil O\u00dc<\/title>\n<meta name=\"description\" content=\"Containex izol\u0113ts biroja kab\u012b\u0146u komplekss | Modu\u013cu m\u0101ja | Elementu m\u0101ja | Mobilais birojs | Izol\u0113ts kaj\u012b\u0161u komplekss | Mini m\u0101ja | Maza m\u0101ja | \u2b50\ufe0f\u2b50\ufe0f\u2b50\ufe0f\u2b50\ufe0f\u2b50\ufe0f\" \/>\n<meta name=\"robots\" content=\"index, follow, max-snippet:-1, max-image-preview:large, max-video-preview:-1\" \/>\n<link rel=\"canonical\" href=\"https:\/\/miil.dev.almic.ee\/lv\/toode\/containex-izolets-biroja-kabinu-komplekss\/\" \/>\n<meta property=\"og:locale\" content=\"lv_LV\" \/>\n<meta property=\"og:type\" content=\"article\" \/>\n<meta property=\"og:title\" content=\"Containex izol\u0113ts biroja kab\u012b\u0146u komplekss\" \/>\n<meta property=\"og:description\" content=\"Containex izol\u0113ts biroja kab\u012b\u0146u komplekss | Modu\u013cu m\u0101ja | Elementu m\u0101ja | Mobilais birojs | Izol\u0113ts kaj\u012b\u0161u komplekss | Mini m\u0101ja | Maza m\u0101ja | \u2b50\ufe0f\u2b50\ufe0f\u2b50\ufe0f\u2b50\ufe0f\u2b50\ufe0f\" \/>\n<meta property=\"og:url\" content=\"https:\/\/miil.dev.almic.ee\/lv\/toode\/containex-izolets-biroja-kabinu-komplekss\/\" \/>\n<meta property=\"og:site_name\" content=\"Miil O\u00dc\" \/>\n<meta property=\"article:publisher\" content=\"https:\/\/www.facebook.com\/konteinerveod\/\" \/>\n<meta property=\"article:modified_time\" content=\"2025-01-10T11:42:41+00:00\" \/>\n<meta property=\"og:image\" content=\"https:\/\/miil.dev.almic.ee\/wp-content\/uploads\/2025\/01\/3457c30d-6269-41cb-a2de-9da259873782-scaled.jpg\" \/>\n\t<meta property=\"og:image:width\" content=\"1900\" \/>\n\t<meta property=\"og:image:height\" content=\"1425\" \/>\n\t<meta property=\"og:image:type\" content=\"image\/jpeg\" \/>\n<meta name=\"twitter:card\" content=\"summary_large_image\" \/>\n<meta name=\"twitter:label1\" content=\"Price\" \/>\n\t<meta name=\"twitter:data1\" content=\"49500,00&nbsp;&euro;\" \/>\n\t<meta name=\"twitter:label2\" content=\"Availability\" \/>\n\t<meta name=\"twitter:data2\" content=\"In stock\" \/>\n<script type=\"application\/ld+json\" class=\"yoast-schema-graph\">{\"@context\":\"https:\\\/\\\/schema.org\",\"@graph\":[{\"@type\":\"WebPage\",\"@id\":\"https:\\\/\\\/miil.dev.almic.ee\\\/lv\\\/toode\\\/containex-izolets-biroja-kabinu-komplekss\\\/\",\"url\":\"https:\\\/\\\/miil.dev.almic.ee\\\/lv\\\/toode\\\/containex-izolets-biroja-kabinu-komplekss\\\/\",\"name\":\"Containex izol\u0113ts biroja kab\u012b\u0146u komplekss - Miil O\u00dc\",\"isPartOf\":{\"@id\":\"https:\\\/\\\/miil.dev.almic.ee\\\/#website\"},\"primaryImageOfPage\":{\"@id\":\"https:\\\/\\\/miil.dev.almic.ee\\\/lv\\\/toode\\\/containex-izolets-biroja-kabinu-komplekss\\\/#primaryimage\"},\"image\":{\"@id\":\"https:\\\/\\\/miil.dev.almic.ee\\\/lv\\\/toode\\\/containex-izolets-biroja-kabinu-komplekss\\\/#primaryimage\"},\"thumbnailUrl\":\"https:\\\/\\\/miil.dev.almic.ee\\\/wp-content\\\/uploads\\\/2025\\\/01\\\/3457c30d-6269-41cb-a2de-9da259873782-scaled.jpg\",\"datePublished\":\"2025-01-10T08:49:45+00:00\",\"dateModified\":\"2025-01-10T11:42:41+00:00\",\"description\":\"Containex izol\u0113ts biroja kab\u012b\u0146u komplekss | Modu\u013cu m\u0101ja | Elementu m\u0101ja | Mobilais birojs | Izol\u0113ts kaj\u012b\u0161u komplekss | Mini m\u0101ja | Maza m\u0101ja | \u2b50\ufe0f\u2b50\ufe0f\u2b50\ufe0f\u2b50\ufe0f\u2b50\ufe0f\",\"breadcrumb\":{\"@id\":\"https:\\\/\\\/miil.dev.almic.ee\\\/lv\\\/toode\\\/containex-izolets-biroja-kabinu-komplekss\\\/#breadcrumb\"},\"inLanguage\":\"lv-LV\",\"potentialAction\":[{\"@type\":\"ReadAction\",\"target\":[\"https:\\\/\\\/miil.dev.almic.ee\\\/lv\\\/toode\\\/containex-izolets-biroja-kabinu-komplekss\\\/\"]}]},{\"@type\":\"ImageObject\",\"inLanguage\":\"lv-LV\",\"@id\":\"https:\\\/\\\/miil.dev.almic.ee\\\/lv\\\/toode\\\/containex-izolets-biroja-kabinu-komplekss\\\/#primaryimage\",\"url\":\"https:\\\/\\\/miil.dev.almic.ee\\\/wp-content\\\/uploads\\\/2025\\\/01\\\/3457c30d-6269-41cb-a2de-9da259873782-scaled.jpg\",\"contentUrl\":\"https:\\\/\\\/miil.dev.almic.ee\\\/wp-content\\\/uploads\\\/2025\\\/01\\\/3457c30d-6269-41cb-a2de-9da259873782-scaled.jpg\",\"width\":1900,\"height\":1425,\"caption\":\"Small office building\"},{\"@type\":\"BreadcrumbList\",\"@id\":\"https:\\\/\\\/miil.dev.almic.ee\\\/lv\\\/toode\\\/containex-izolets-biroja-kabinu-komplekss\\\/#breadcrumb\",\"itemListElement\":[{\"@type\":\"ListItem\",\"position\":1,\"name\":\"Home\",\"item\":\"https:\\\/\\\/miil.dev.almic.ee\\\/lv\\\/\"},{\"@type\":\"ListItem\",\"position\":2,\"name\":\"Veikals\",\"item\":\"https:\\\/\\\/miil.dev.almic.ee\\\/lv\\\/veikals\\\/\"},{\"@type\":\"ListItem\",\"position\":3,\"name\":\"Containex izol\u0113ts biroja kab\u012b\u0146u komplekss\"}]},{\"@type\":\"WebSite\",\"@id\":\"https:\\\/\\\/miil.dev.almic.ee\\\/#website\",\"url\":\"https:\\\/\\\/miil.dev.almic.ee\\\/\",\"name\":\"Miil O\u00dc\",\"description\":\"Konteinerveod\",\"publisher\":{\"@id\":\"https:\\\/\\\/miil.dev.almic.ee\\\/#organization\"},\"potentialAction\":[{\"@type\":\"SearchAction\",\"target\":{\"@type\":\"EntryPoint\",\"urlTemplate\":\"https:\\\/\\\/miil.dev.almic.ee\\\/?s={search_term_string}\"},\"query-input\":{\"@type\":\"PropertyValueSpecification\",\"valueRequired\":true,\"valueName\":\"search_term_string\"}}],\"inLanguage\":\"lv-LV\"},{\"@type\":\"Organization\",\"@id\":\"https:\\\/\\\/miil.dev.almic.ee\\\/#organization\",\"name\":\"Miil O\u00dc\",\"url\":\"https:\\\/\\\/miil.dev.almic.ee\\\/\",\"logo\":{\"@type\":\"ImageObject\",\"inLanguage\":\"lv-LV\",\"@id\":\"https:\\\/\\\/miil.dev.almic.ee\\\/#\\\/schema\\\/logo\\\/image\\\/\",\"url\":\"https:\\\/\\\/www.miil.ee\\\/wp-content\\\/uploads\\\/2022\\\/02\\\/Miil-logo.svg\",\"contentUrl\":\"https:\\\/\\\/www.miil.ee\\\/wp-content\\\/uploads\\\/2022\\\/02\\\/Miil-logo.svg\",\"width\":\"1024\",\"height\":\"1024\",\"caption\":\"Miil O\u00dc\"},\"image\":{\"@id\":\"https:\\\/\\\/miil.dev.almic.ee\\\/#\\\/schema\\\/logo\\\/image\\\/\"},\"sameAs\":[\"https:\\\/\\\/www.facebook.com\\\/konteinerveod\\\/\",\"https:\\\/\\\/www.instagram.com\\\/ou_miil\\\/\"]}]}<\/script>\n<meta property=\"product:price:amount\" content=\"49500.00\" \/>\n<meta property=\"product:price:currency\" content=\"EUR\" \/>\n<meta property=\"og:availability\" content=\"instock\" \/>\n<meta property=\"product:availability\" content=\"instock\" \/>\n<meta property=\"product:retailer_item_id\" content=\"022409765\" \/>\n<meta property=\"product:condition\" content=\"new\" \/>\n<!-- \/ Yoast SEO Premium plugin. -->","yoast_head_json":{"title":"Containex izol\u0113ts biroja kab\u012b\u0146u komplekss - Miil O\u00dc","description":"Containex izol\u0113ts biroja kab\u012b\u0146u komplekss | Modu\u013cu m\u0101ja | Elementu m\u0101ja | Mobilais birojs | Izol\u0113ts kaj\u012b\u0161u komplekss | Mini m\u0101ja | Maza m\u0101ja | \u2b50\ufe0f\u2b50\ufe0f\u2b50\ufe0f\u2b50\ufe0f\u2b50\ufe0f","robots":{"index":"index","follow":"follow","max-snippet":"max-snippet:-1","max-image-preview":"max-image-preview:large","max-video-preview":"max-video-preview:-1"},"canonical":"https:\/\/miil.dev.almic.ee\/lv\/toode\/containex-izolets-biroja-kabinu-komplekss\/","og_locale":"lv_LV","og_type":"article","og_title":"Containex izol\u0113ts biroja kab\u012b\u0146u komplekss","og_description":"Containex izol\u0113ts biroja kab\u012b\u0146u komplekss | Modu\u013cu m\u0101ja | Elementu m\u0101ja | Mobilais birojs | Izol\u0113ts kaj\u012b\u0161u komplekss | Mini m\u0101ja | Maza m\u0101ja | \u2b50\ufe0f\u2b50\ufe0f\u2b50\ufe0f\u2b50\ufe0f\u2b50\ufe0f","og_url":"https:\/\/miil.dev.almic.ee\/lv\/toode\/containex-izolets-biroja-kabinu-komplekss\/","og_site_name":"Miil O\u00dc","article_publisher":"https:\/\/www.facebook.com\/konteinerveod\/","article_modified_time":"2025-01-10T11:42:41+00:00","og_image":[{"width":1900,"height":1425,"url":"https:\/\/miil.dev.almic.ee\/wp-content\/uploads\/2025\/01\/3457c30d-6269-41cb-a2de-9da259873782-scaled.jpg","type":"image\/jpeg"}],"twitter_card":"summary_large_image","twitter_misc":{"Price":"49500,00&nbsp;&euro;","Availability":"In stock"},"schema":{"@context":"https:\/\/schema.org","@graph":[{"@type":"WebPage","@id":"https:\/\/miil.dev.almic.ee\/lv\/toode\/containex-izolets-biroja-kabinu-komplekss\/","url":"https:\/\/miil.dev.almic.ee\/lv\/toode\/containex-izolets-biroja-kabinu-komplekss\/","name":"Containex izol\u0113ts biroja kab\u012b\u0146u komplekss - Miil O\u00dc","isPartOf":{"@id":"https:\/\/miil.dev.almic.ee\/#website"},"primaryImageOfPage":{"@id":"https:\/\/miil.dev.almic.ee\/lv\/toode\/containex-izolets-biroja-kabinu-komplekss\/#primaryimage"},"image":{"@id":"https:\/\/miil.dev.almic.ee\/lv\/toode\/containex-izolets-biroja-kabinu-komplekss\/#primaryimage"},"thumbnailUrl":"https:\/\/miil.dev.almic.ee\/wp-content\/uploads\/2025\/01\/3457c30d-6269-41cb-a2de-9da259873782-scaled.jpg","datePublished":"2025-01-10T08:49:45+00:00","dateModified":"2025-01-10T11:42:41+00:00","description":"Containex izol\u0113ts biroja kab\u012b\u0146u komplekss | Modu\u013cu m\u0101ja | Elementu m\u0101ja | Mobilais birojs | Izol\u0113ts kaj\u012b\u0161u komplekss | Mini m\u0101ja | Maza m\u0101ja | \u2b50\ufe0f\u2b50\ufe0f\u2b50\ufe0f\u2b50\ufe0f\u2b50\ufe0f","breadcrumb":{"@id":"https:\/\/miil.dev.almic.ee\/lv\/toode\/containex-izolets-biroja-kabinu-komplekss\/#breadcrumb"},"inLanguage":"lv-LV","potentialAction":[{"@type":"ReadAction","target":["https:\/\/miil.dev.almic.ee\/lv\/toode\/containex-izolets-biroja-kabinu-komplekss\/"]}]},{"@type":"ImageObject","inLanguage":"lv-LV","@id":"https:\/\/miil.dev.almic.ee\/lv\/toode\/containex-izolets-biroja-kabinu-komplekss\/#primaryimage","url":"https:\/\/miil.dev.almic.ee\/wp-content\/uploads\/2025\/01\/3457c30d-6269-41cb-a2de-9da259873782-scaled.jpg","contentUrl":"https:\/\/miil.dev.almic.ee\/wp-content\/uploads\/2025\/01\/3457c30d-6269-41cb-a2de-9da259873782-scaled.jpg","width":1900,"height":1425,"caption":"Small office building"},{"@type":"BreadcrumbList","@id":"https:\/\/miil.dev.almic.ee\/lv\/toode\/containex-izolets-biroja-kabinu-komplekss\/#breadcrumb","itemListElement":[{"@type":"ListItem","position":1,"name":"Home","item":"https:\/\/miil.dev.almic.ee\/lv\/"},{"@type":"ListItem","position":2,"name":"Veikals","item":"https:\/\/miil.dev.almic.ee\/lv\/veikals\/"},{"@type":"ListItem","position":3,"name":"Containex izol\u0113ts biroja kab\u012b\u0146u komplekss"}]},{"@type":"WebSite","@id":"https:\/\/miil.dev.almic.ee\/#website","url":"https:\/\/miil.dev.almic.ee\/","name":"Miil O\u00dc","description":"Konteinerveod","publisher":{"@id":"https:\/\/miil.dev.almic.ee\/#organization"},"potentialAction":[{"@type":"SearchAction","target":{"@type":"EntryPoint","urlTemplate":"https:\/\/miil.dev.almic.ee\/?s={search_term_string}"},"query-input":{"@type":"PropertyValueSpecification","valueRequired":true,"valueName":"search_term_string"}}],"inLanguage":"lv-LV"},{"@type":"Organization","@id":"https:\/\/miil.dev.almic.ee\/#organization","name":"Miil O\u00dc","url":"https:\/\/miil.dev.almic.ee\/","logo":{"@type":"ImageObject","inLanguage":"lv-LV","@id":"https:\/\/miil.dev.almic.ee\/#\/schema\/logo\/image\/","url":"https:\/\/www.miil.ee\/wp-content\/uploads\/2022\/02\/Miil-logo.svg","contentUrl":"https:\/\/www.miil.ee\/wp-content\/uploads\/2022\/02\/Miil-logo.svg","width":"1024","height":"1024","caption":"Miil O\u00dc"},"image":{"@id":"https:\/\/miil.dev.almic.ee\/#\/schema\/logo\/image\/"},"sameAs":["https:\/\/www.facebook.com\/konteinerveod\/","https:\/\/www.instagram.com\/ou_miil\/"]}]},"product_price_amount":"49500.00","product_price_currency":"EUR","og_availability":"instock","product_availability":"instock","product_retailer_item_id":"022409765","product_condition":"new"},"_links":{"self":[{"href":"https:\/\/miil.dev.almic.ee\/lv\/wp-json\/wp\/v2\/product\/84076","targetHints":{"allow":["GET"]}}],"collection":[{"href":"https:\/\/miil.dev.almic.ee\/lv\/wp-json\/wp\/v2\/product"}],"about":[{"href":"https:\/\/miil.dev.almic.ee\/lv\/wp-json\/wp\/v2\/types\/product"}],"replies":[{"embeddable":true,"href":"https:\/\/miil.dev.almic.ee\/lv\/wp-json\/wp\/v2\/comments?post=84076"}],"wp:featuredmedia":[{"embeddable":true,"href":"https:\/\/miil.dev.almic.ee\/lv\/wp-json\/wp\/v2\/media\/83954"}],"wp:attachment":[{"href":"https:\/\/miil.dev.almic.ee\/lv\/wp-json\/wp\/v2\/media?parent=84076"}],"wp:term":[{"taxonomy":"product_cat","embeddable":true,"href":"https:\/\/miil.dev.almic.ee\/lv\/wp-json\/wp\/v2\/product_cat?post=84076"},{"taxonomy":"product_tag","embeddable":true,"href":"https:\/\/miil.dev.almic.ee\/lv\/wp-json\/wp\/v2\/product_tag?post=84076"}],"curies":[{"name":"wp","href":"https:\/\/api.w.org\/{rel}","templated":true}]}}