{"id":83579,"date":"2025-01-08T15:30:28","date_gmt":"2025-01-08T13:30:28","guid":{"rendered":"https:\/\/www.miil.ee\/toode\/konteineru-ritentini-360\/"},"modified":"2025-01-09T08:38:24","modified_gmt":"2025-01-09T06:38:24","slug":"konteineru-ritentini-360","status":"publish","type":"product","link":"https:\/\/miil.dev.almic.ee\/lv\/toode\/konteineru-ritentini-360\/","title":{"rendered":"Konteineru Ritenti\u0146i 360\u00b0"},"content":{"rendered":"<h1>Konteineru Ritenti\u0146i 360\u00b0<\/h1>\n<p>Konteineru ritenti\u0146i 360\u00b0 ir paredz\u0113ti, lai palielin\u0101tu manevr\u0113\u0161anas sp\u0113ju, \u013caujot konteineru viegli pagriezt un p\u0101rvietot jebkur\u0101 virzien\u0101. \u0160ie ritenti\u0146i ir apr\u012bkoti ar groz\u0101mu meh\u0101nismu, kas \u013cauj manevr\u0113t 360 gr\u0101du le\u0146\u0137\u012b. \u0160\u012b funkcija atvieglo navig\u0101ciju \u0161aur\u0101s viet\u0101s, uzlabojot efektivit\u0101ti noliktav\u0101s, ost\u0101s un noliktavu pagalmos. Groz\u0101mie ritenti\u0146i pal\u012bdz nov\u0113rst konteinera boj\u0101jumus, to p\u0101rvietojot, nodro\u0161inot lab\u0101ku kontroli kust\u012bbas laik\u0101. Lieliski piem\u0113rots lieto\u0161anai, ja nav pieejams iekr\u0101v\u0113js vai celtnis.<\/p>\n<p>Paceliet konteineru, izmantojot domkratu, celtni vai iekr\u0101v\u0113ju, un p\u0113c tam nostipriniet rite\u0146us ar sl\u0113dzeni, kas jau ir pievienots ritenti\u0146u komplektam. P\u0113c nostiprin\u0101\u0161anas konteiners ir gatavs vienk\u0101r\u0161ai transport\u0113\u0161anai.<\/p>\n<ul>\n<li>Maksim\u0101l\u0101 slodze uz vienu veltni ir 1800 kg.<\/li>\n<li>Komplekt\u0101 ietilpst 4 rull\u012b\u0161i.<\/li>\n<li>Izgatavots no augstas kvalit\u0101tes komponentiem ilgsto\u0161ai uzticam\u012bbai.<\/li>\n<li>Iesp\u0113jams \u012br\u0113t p\u0113c vieno\u0161an\u0101s.<\/li>\n<\/ul>\n<p>Sekojiet mums <a href=\"https:\/\/www.facebook.com\/konteinerveod\/\">Facebook<\/a> vai <a href=\"https:\/\/www.instagram.com\/ou_miil\/\">Instagram<\/a><\/p>\n","protected":false},"excerpt":{"rendered":"<p>Konteineru Ritenti\u0146i 360\u00b0 Konteineru ritenti\u0146i 360\u00b0 ir paredz\u0113ti, lai palielin\u0101tu manevr\u0113\u0161anas sp\u0113ju, \u013caujot konteineru viegli pagriezt un p\u0101rvietot jebkur\u0101 virzien\u0101. \u0160ie ritenti\u0146i ir apr\u012bkoti ar groz\u0101mu meh\u0101nismu, kas \u013cauj manevr\u0113t 360 gr\u0101du le\u0146\u0137\u012b. \u0160\u012b funkcija atvieglo navig\u0101ciju \u0161aur\u0101s viet\u0101s, uzlabojot efektivit\u0101ti noliktav\u0101s, ost\u0101s un noliktavu pagalmos. Groz\u0101mie ritenti\u0146i pal\u012bdz nov\u0113rst konteinera boj\u0101jumus, to p\u0101rvietojot, nodro\u0161inot&#8230;<\/p>\n","protected":false},"featured_media":83590,"comment_status":"open","ping_status":"closed","template":"","meta":{"_acf_changed":false},"product_cat":[336],"product_tag":[],"class_list":{"0":"post-83579","1":"product","2":"type-product","3":"status-publish","4":"has-post-thumbnail","6":"product_cat-papildu-piederumi","8":"first","9":"instock","10":"shipping-taxable","11":"purchasable","12":"product-type-simple"},"acf":[],"yoast_head":"<!-- This site is optimized with the Yoast SEO Premium plugin v23.9 (Yoast SEO v27.5) - https:\/\/yoast.com\/product\/yoast-seo-premium-wordpress\/ -->\n<title>Konteineru Ritenti\u0146i 360\u00b0 - Miil O\u00dc<\/title>\n<meta name=\"description\" content=\"Konteineru ritenti\u0146i 360\u00b0 | Sl\u0113dzami konteineru rite\u0146i | J\u016bras konteinera p\u0101rvieto\u0161ana | Konteineru piederumi | Konteineru p\u0101rvad\u0101jumi | O\u00dc MIIL \u2b50\ufe0f\u2b50\ufe0f\u2b50\ufe0f\u2b50\ufe0f\u2b50\ufe0f\" \/>\n<meta name=\"robots\" content=\"index, follow, max-snippet:-1, max-image-preview:large, max-video-preview:-1\" \/>\n<link rel=\"canonical\" href=\"https:\/\/miil.dev.almic.ee\/lv\/toode\/konteineru-ritentini-360\/\" \/>\n<meta property=\"og:locale\" content=\"lv_LV\" \/>\n<meta property=\"og:type\" content=\"article\" \/>\n<meta property=\"og:title\" content=\"Konteineru Ritenti\u0146i 360\u00b0\" \/>\n<meta property=\"og:description\" content=\"Konteineru ritenti\u0146i 360\u00b0 | Sl\u0113dzami konteineru rite\u0146i | J\u016bras konteinera p\u0101rvieto\u0161ana | Konteineru piederumi | Konteineru p\u0101rvad\u0101jumi | O\u00dc MIIL \u2b50\ufe0f\u2b50\ufe0f\u2b50\ufe0f\u2b50\ufe0f\u2b50\ufe0f\" \/>\n<meta property=\"og:url\" content=\"https:\/\/miil.dev.almic.ee\/lv\/toode\/konteineru-ritentini-360\/\" \/>\n<meta property=\"og:site_name\" content=\"Miil O\u00dc\" \/>\n<meta property=\"article:publisher\" content=\"https:\/\/www.facebook.com\/konteinerveod\/\" \/>\n<meta property=\"article:modified_time\" content=\"2025-01-09T06:38:24+00:00\" \/>\n<meta property=\"og:image\" content=\"https:\/\/miil.dev.almic.ee\/wp-content\/uploads\/2025\/01\/Konteineri-ratas-scaled.jpg\" \/>\n\t<meta property=\"og:image:width\" content=\"1431\" \/>\n\t<meta property=\"og:image:height\" content=\"1900\" \/>\n\t<meta property=\"og:image:type\" content=\"image\/jpeg\" \/>\n<meta name=\"twitter:card\" content=\"summary_large_image\" \/>\n<meta name=\"twitter:label1\" content=\"Price\" \/>\n\t<meta name=\"twitter:data1\" content=\"1790,00&nbsp;&euro;\" \/>\n\t<meta name=\"twitter:label2\" content=\"Availability\" \/>\n\t<meta name=\"twitter:data2\" content=\"In stock\" \/>\n<script type=\"application\/ld+json\" class=\"yoast-schema-graph\">{\"@context\":\"https:\\\/\\\/schema.org\",\"@graph\":[{\"@type\":\"WebPage\",\"@id\":\"https:\\\/\\\/miil.dev.almic.ee\\\/lv\\\/toode\\\/konteineru-ritentini-360\\\/\",\"url\":\"https:\\\/\\\/miil.dev.almic.ee\\\/lv\\\/toode\\\/konteineru-ritentini-360\\\/\",\"name\":\"Konteineru Ritenti\u0146i 360\u00b0 - Miil O\u00dc\",\"isPartOf\":{\"@id\":\"https:\\\/\\\/miil.dev.almic.ee\\\/#website\"},\"primaryImageOfPage\":{\"@id\":\"https:\\\/\\\/miil.dev.almic.ee\\\/lv\\\/toode\\\/konteineru-ritentini-360\\\/#primaryimage\"},\"image\":{\"@id\":\"https:\\\/\\\/miil.dev.almic.ee\\\/lv\\\/toode\\\/konteineru-ritentini-360\\\/#primaryimage\"},\"thumbnailUrl\":\"https:\\\/\\\/miil.dev.almic.ee\\\/wp-content\\\/uploads\\\/2025\\\/01\\\/Konteineri-ratas-scaled.jpg\",\"datePublished\":\"2025-01-08T13:30:28+00:00\",\"dateModified\":\"2025-01-09T06:38:24+00:00\",\"description\":\"Konteineru ritenti\u0146i 360\u00b0 | Sl\u0113dzami konteineru rite\u0146i | J\u016bras konteinera p\u0101rvieto\u0161ana | Konteineru piederumi | Konteineru p\u0101rvad\u0101jumi | O\u00dc MIIL \u2b50\ufe0f\u2b50\ufe0f\u2b50\ufe0f\u2b50\ufe0f\u2b50\ufe0f\",\"breadcrumb\":{\"@id\":\"https:\\\/\\\/miil.dev.almic.ee\\\/lv\\\/toode\\\/konteineru-ritentini-360\\\/#breadcrumb\"},\"inLanguage\":\"lv-LV\",\"potentialAction\":[{\"@type\":\"ReadAction\",\"target\":[\"https:\\\/\\\/miil.dev.almic.ee\\\/lv\\\/toode\\\/konteineru-ritentini-360\\\/\"]}]},{\"@type\":\"ImageObject\",\"inLanguage\":\"lv-LV\",\"@id\":\"https:\\\/\\\/miil.dev.almic.ee\\\/lv\\\/toode\\\/konteineru-ritentini-360\\\/#primaryimage\",\"url\":\"https:\\\/\\\/miil.dev.almic.ee\\\/wp-content\\\/uploads\\\/2025\\\/01\\\/Konteineri-ratas-scaled.jpg\",\"contentUrl\":\"https:\\\/\\\/miil.dev.almic.ee\\\/wp-content\\\/uploads\\\/2025\\\/01\\\/Konteineri-ratas-scaled.jpg\",\"width\":1431,\"height\":1900},{\"@type\":\"BreadcrumbList\",\"@id\":\"https:\\\/\\\/miil.dev.almic.ee\\\/lv\\\/toode\\\/konteineru-ritentini-360\\\/#breadcrumb\",\"itemListElement\":[{\"@type\":\"ListItem\",\"position\":1,\"name\":\"Home\",\"item\":\"https:\\\/\\\/miil.dev.almic.ee\\\/lv\\\/\"},{\"@type\":\"ListItem\",\"position\":2,\"name\":\"Veikals\",\"item\":\"https:\\\/\\\/miil.dev.almic.ee\\\/lv\\\/veikals\\\/\"},{\"@type\":\"ListItem\",\"position\":3,\"name\":\"Konteineru Ritenti\u0146i 360\u00b0\"}]},{\"@type\":\"WebSite\",\"@id\":\"https:\\\/\\\/miil.dev.almic.ee\\\/#website\",\"url\":\"https:\\\/\\\/miil.dev.almic.ee\\\/\",\"name\":\"Miil O\u00dc\",\"description\":\"Konteinerveod\",\"publisher\":{\"@id\":\"https:\\\/\\\/miil.dev.almic.ee\\\/#organization\"},\"potentialAction\":[{\"@type\":\"SearchAction\",\"target\":{\"@type\":\"EntryPoint\",\"urlTemplate\":\"https:\\\/\\\/miil.dev.almic.ee\\\/?s={search_term_string}\"},\"query-input\":{\"@type\":\"PropertyValueSpecification\",\"valueRequired\":true,\"valueName\":\"search_term_string\"}}],\"inLanguage\":\"lv-LV\"},{\"@type\":\"Organization\",\"@id\":\"https:\\\/\\\/miil.dev.almic.ee\\\/#organization\",\"name\":\"Miil O\u00dc\",\"url\":\"https:\\\/\\\/miil.dev.almic.ee\\\/\",\"logo\":{\"@type\":\"ImageObject\",\"inLanguage\":\"lv-LV\",\"@id\":\"https:\\\/\\\/miil.dev.almic.ee\\\/#\\\/schema\\\/logo\\\/image\\\/\",\"url\":\"https:\\\/\\\/www.miil.ee\\\/wp-content\\\/uploads\\\/2022\\\/02\\\/Miil-logo.svg\",\"contentUrl\":\"https:\\\/\\\/www.miil.ee\\\/wp-content\\\/uploads\\\/2022\\\/02\\\/Miil-logo.svg\",\"width\":\"1024\",\"height\":\"1024\",\"caption\":\"Miil O\u00dc\"},\"image\":{\"@id\":\"https:\\\/\\\/miil.dev.almic.ee\\\/#\\\/schema\\\/logo\\\/image\\\/\"},\"sameAs\":[\"https:\\\/\\\/www.facebook.com\\\/konteinerveod\\\/\",\"https:\\\/\\\/www.instagram.com\\\/ou_miil\\\/\"]}]}<\/script>\n<meta property=\"product:price:amount\" content=\"1790.00\" \/>\n<meta property=\"product:price:currency\" content=\"EUR\" \/>\n<meta property=\"og:availability\" content=\"instock\" \/>\n<meta property=\"product:availability\" content=\"instock\" \/>\n<meta property=\"product:retailer_item_id\" content=\"MIIU3602200\" \/>\n<meta property=\"product:condition\" content=\"new\" \/>\n<!-- \/ Yoast SEO Premium plugin. -->","yoast_head_json":{"title":"Konteineru Ritenti\u0146i 360\u00b0 - Miil O\u00dc","description":"Konteineru ritenti\u0146i 360\u00b0 | Sl\u0113dzami konteineru rite\u0146i | J\u016bras konteinera p\u0101rvieto\u0161ana | Konteineru piederumi | Konteineru p\u0101rvad\u0101jumi | O\u00dc MIIL \u2b50\ufe0f\u2b50\ufe0f\u2b50\ufe0f\u2b50\ufe0f\u2b50\ufe0f","robots":{"index":"index","follow":"follow","max-snippet":"max-snippet:-1","max-image-preview":"max-image-preview:large","max-video-preview":"max-video-preview:-1"},"canonical":"https:\/\/miil.dev.almic.ee\/lv\/toode\/konteineru-ritentini-360\/","og_locale":"lv_LV","og_type":"article","og_title":"Konteineru Ritenti\u0146i 360\u00b0","og_description":"Konteineru ritenti\u0146i 360\u00b0 | Sl\u0113dzami konteineru rite\u0146i | J\u016bras konteinera p\u0101rvieto\u0161ana | Konteineru piederumi | Konteineru p\u0101rvad\u0101jumi | O\u00dc MIIL \u2b50\ufe0f\u2b50\ufe0f\u2b50\ufe0f\u2b50\ufe0f\u2b50\ufe0f","og_url":"https:\/\/miil.dev.almic.ee\/lv\/toode\/konteineru-ritentini-360\/","og_site_name":"Miil O\u00dc","article_publisher":"https:\/\/www.facebook.com\/konteinerveod\/","article_modified_time":"2025-01-09T06:38:24+00:00","og_image":[{"width":1431,"height":1900,"url":"https:\/\/miil.dev.almic.ee\/wp-content\/uploads\/2025\/01\/Konteineri-ratas-scaled.jpg","type":"image\/jpeg"}],"twitter_card":"summary_large_image","twitter_misc":{"Price":"1790,00&nbsp;&euro;","Availability":"In stock"},"schema":{"@context":"https:\/\/schema.org","@graph":[{"@type":"WebPage","@id":"https:\/\/miil.dev.almic.ee\/lv\/toode\/konteineru-ritentini-360\/","url":"https:\/\/miil.dev.almic.ee\/lv\/toode\/konteineru-ritentini-360\/","name":"Konteineru Ritenti\u0146i 360\u00b0 - Miil O\u00dc","isPartOf":{"@id":"https:\/\/miil.dev.almic.ee\/#website"},"primaryImageOfPage":{"@id":"https:\/\/miil.dev.almic.ee\/lv\/toode\/konteineru-ritentini-360\/#primaryimage"},"image":{"@id":"https:\/\/miil.dev.almic.ee\/lv\/toode\/konteineru-ritentini-360\/#primaryimage"},"thumbnailUrl":"https:\/\/miil.dev.almic.ee\/wp-content\/uploads\/2025\/01\/Konteineri-ratas-scaled.jpg","datePublished":"2025-01-08T13:30:28+00:00","dateModified":"2025-01-09T06:38:24+00:00","description":"Konteineru ritenti\u0146i 360\u00b0 | Sl\u0113dzami konteineru rite\u0146i | J\u016bras konteinera p\u0101rvieto\u0161ana | Konteineru piederumi | Konteineru p\u0101rvad\u0101jumi | O\u00dc MIIL \u2b50\ufe0f\u2b50\ufe0f\u2b50\ufe0f\u2b50\ufe0f\u2b50\ufe0f","breadcrumb":{"@id":"https:\/\/miil.dev.almic.ee\/lv\/toode\/konteineru-ritentini-360\/#breadcrumb"},"inLanguage":"lv-LV","potentialAction":[{"@type":"ReadAction","target":["https:\/\/miil.dev.almic.ee\/lv\/toode\/konteineru-ritentini-360\/"]}]},{"@type":"ImageObject","inLanguage":"lv-LV","@id":"https:\/\/miil.dev.almic.ee\/lv\/toode\/konteineru-ritentini-360\/#primaryimage","url":"https:\/\/miil.dev.almic.ee\/wp-content\/uploads\/2025\/01\/Konteineri-ratas-scaled.jpg","contentUrl":"https:\/\/miil.dev.almic.ee\/wp-content\/uploads\/2025\/01\/Konteineri-ratas-scaled.jpg","width":1431,"height":1900},{"@type":"BreadcrumbList","@id":"https:\/\/miil.dev.almic.ee\/lv\/toode\/konteineru-ritentini-360\/#breadcrumb","itemListElement":[{"@type":"ListItem","position":1,"name":"Home","item":"https:\/\/miil.dev.almic.ee\/lv\/"},{"@type":"ListItem","position":2,"name":"Veikals","item":"https:\/\/miil.dev.almic.ee\/lv\/veikals\/"},{"@type":"ListItem","position":3,"name":"Konteineru Ritenti\u0146i 360\u00b0"}]},{"@type":"WebSite","@id":"https:\/\/miil.dev.almic.ee\/#website","url":"https:\/\/miil.dev.almic.ee\/","name":"Miil O\u00dc","description":"Konteinerveod","publisher":{"@id":"https:\/\/miil.dev.almic.ee\/#organization"},"potentialAction":[{"@type":"SearchAction","target":{"@type":"EntryPoint","urlTemplate":"https:\/\/miil.dev.almic.ee\/?s={search_term_string}"},"query-input":{"@type":"PropertyValueSpecification","valueRequired":true,"valueName":"search_term_string"}}],"inLanguage":"lv-LV"},{"@type":"Organization","@id":"https:\/\/miil.dev.almic.ee\/#organization","name":"Miil O\u00dc","url":"https:\/\/miil.dev.almic.ee\/","logo":{"@type":"ImageObject","inLanguage":"lv-LV","@id":"https:\/\/miil.dev.almic.ee\/#\/schema\/logo\/image\/","url":"https:\/\/www.miil.ee\/wp-content\/uploads\/2022\/02\/Miil-logo.svg","contentUrl":"https:\/\/www.miil.ee\/wp-content\/uploads\/2022\/02\/Miil-logo.svg","width":"1024","height":"1024","caption":"Miil O\u00dc"},"image":{"@id":"https:\/\/miil.dev.almic.ee\/#\/schema\/logo\/image\/"},"sameAs":["https:\/\/www.facebook.com\/konteinerveod\/","https:\/\/www.instagram.com\/ou_miil\/"]}]},"product_price_amount":"1790.00","product_price_currency":"EUR","og_availability":"instock","product_availability":"instock","product_retailer_item_id":"MIIU3602200","product_condition":"new"},"_links":{"self":[{"href":"https:\/\/miil.dev.almic.ee\/lv\/wp-json\/wp\/v2\/product\/83579","targetHints":{"allow":["GET"]}}],"collection":[{"href":"https:\/\/miil.dev.almic.ee\/lv\/wp-json\/wp\/v2\/product"}],"about":[{"href":"https:\/\/miil.dev.almic.ee\/lv\/wp-json\/wp\/v2\/types\/product"}],"replies":[{"embeddable":true,"href":"https:\/\/miil.dev.almic.ee\/lv\/wp-json\/wp\/v2\/comments?post=83579"}],"wp:featuredmedia":[{"embeddable":true,"href":"https:\/\/miil.dev.almic.ee\/lv\/wp-json\/wp\/v2\/media\/83590"}],"wp:attachment":[{"href":"https:\/\/miil.dev.almic.ee\/lv\/wp-json\/wp\/v2\/media?parent=83579"}],"wp:term":[{"taxonomy":"product_cat","embeddable":true,"href":"https:\/\/miil.dev.almic.ee\/lv\/wp-json\/wp\/v2\/product_cat?post=83579"},{"taxonomy":"product_tag","embeddable":true,"href":"https:\/\/miil.dev.almic.ee\/lv\/wp-json\/wp\/v2\/product_tag?post=83579"}],"curies":[{"name":"wp","href":"https:\/\/api.w.org\/{rel}","templated":true}]}}