{"id":83311,"date":"2025-01-07T17:53:34","date_gmt":"2025-01-07T15:53:34","guid":{"rendered":"https:\/\/www.miil.ee\/toode\/40hcpw-40hcpw-konteinera-ramis-miiu5174256\/"},"modified":"2025-03-11T10:30:40","modified_gmt":"2025-03-11T08:30:40","slug":"40hcpw-konteinera-ramis","status":"publish","type":"product","link":"https:\/\/miil.dev.almic.ee\/lv\/toode\/40hcpw-konteinera-ramis\/","title":{"rendered":"40HCPW Konteinera R\u0101mis MIIU5174256"},"content":{"rendered":"<h1>40HCPW konteinera r\u0101mis<\/h1>\n<p>40\u00a0p\u0113du (12\u00a0m) konteinera r\u0101mis ir izstr\u0101d\u0101ts, lai nodro\u0161in\u0101tu izcilu iztur\u012bbu un iztur\u012bbu. Sienu tr\u016bkums atvieglo pre\u010du iekrau\u0161anu no aug\u0161as. Izgatavots no stipra t\u0113rauda, \u200b\u200b40HCPW konteinera r\u0101mis nodro\u0161ina maksim\u0101lu atbalstu un dro\u0161\u012bbu j\u016bsu kravai, nodro\u0161inot stabilu pamatu pre\u010du p\u0101rvad\u0101\u0161anai. Konteinera r\u0101mim ir brezenta p\u0101rsegs, kas pasarg\u0101 j\u016bsu preces no laikapst\u0101k\u013ciem.<\/p>\n<p>Konteinera r\u0101mis ir ide\u0101li piem\u0113rots ar\u012b da\u017e\u0101diem projektiem un p\u0101rveidojumiem. Neatkar\u012bgi no t\u0101, vai tas ir r\u0101mis rekl\u0101mas laukumam, konteineru m\u0101jas izveide vai piel\u0101gota garuma p\u0101rvad\u0101\u0161anas konteinera b\u016bvniec\u012bba.<\/p>\n<p>Izmantojot r\u0101mi, nevis parastu transport\u0113\u0161anas konteineru, j\u016bs ietaup\u0101t laiku un p\u016bles, no\u0146emot sienas un varat \u0101tr\u0101k s\u0101kt darbu.<\/p>\n<ul>\n<li>Att\u0113li atbilst reklam\u0113tajam konteineram.<\/li>\n<li>Konteineri izgatavoti no laikapst\u0101k\u013ciem iztur\u012bga t\u0113rauda.<\/li>\n<li>P\u0113c vieno\u0161an\u0101s iesp\u0113jama p\u0101rvad\u0101\u0161anas konteinera noma.<\/li>\n<li>Lab\u0101k\u0101s cenas garantija!<\/li>\n<\/ul>\n<h2>K\u0101 tiek apr\u0113\u0137in\u0101ta konteinera cena?<\/h2>\n<p>J\u016bras konteinera cena ir atkar\u012bga no daudz\u0101m liet\u0101m, ta\u010du p\u0101rdo\u0161anas cena parasti ir saist\u012bta ar konteinera st\u0101vokli.<br \/>\nCenu ietekm\u0113 ar\u012b konteinera ieg\u0101des izmaksas, konteinera pien\u0101k\u0161anas ce\u013c\u0161 uz termin\u0101li, konteinera atra\u0161an\u0101s vieta termin\u0101l\u012b un tas, vai konteineram nav beigu\u0161\u0101s papildu izmaksas, piem\u0113ram, starpt\u012br\u012b\u0161ana, iek\u0161\u0113j\u0101 t\u012br\u012b\u0161ana vai atjauno\u0161ana.<\/p>\n<p>Lai lab\u0101k apkalpotu m\u016bsu klientus, m\u016bsu tirdzniec\u012bbas punkti atrodas vis\u0101 Igaunij\u0101. Konteinera cena \u0101rpus galvaspils\u0113tas ir atkar\u012bga ar\u012b no t\u0101, k\u0101 tas transport\u0113ts starp termin\u0101liem.<\/p>\n<h2>40HCPW Konteinera R\u0101mis \u2013 transport\u0113\u0161ana un pacel\u0161ana?<\/h2>\n<p>P\u0113c piem\u0113rota konteinera izv\u0113les varam veikt iepako\u0161anu un transport\u0113\u0161anu.<br \/>\nP\u0101rvad\u0101\u0161anai parasti izmantojam\u00a0<a href=\"https:\/\/www.miil.ee\/lv\/pakalpojumi\/celtnis\/\">celtnis<\/a>\u00a0vai\u00a0<a href=\"https:\/\/www.miil.ee\/lv\/pakalpojumi\/sanu-iekraveji-sideloader\/\">s\u0101nu iekr\u0101v\u0113ju.<\/a><br \/>\nM\u0113s izmantojam\u00a0<a href=\"https:\/\/www.miil.ee\/lv\/pakalpojumi\/ram-pasizgazejs\/\">RAM backloader<\/a>, lai aptvertu vissare\u017e\u0123\u012bt\u0101k\u0101s vietas.<\/p>\n<p>P\u0113c t\u0101 ieg\u0101des m\u0113s glab\u0101jam j\u016bsu konteineru m\u016bsu termin\u0101l\u012b bez maksas l\u012bdz se\u0161iem m\u0113ne\u0161iem.<\/p>\n<p>Vienm\u0113r iesp\u0113jams vienoties par ilg\u0101ku laiku.<br \/>\nPiem\u0113ram, ja vieta v\u0113l nav gatava vai pieejama konteinera pieg\u0101dei.<br \/>\nT\u0101d\u0101 gad\u012bjum\u0101 konteinera cena nemain\u012bsies un var\u0113siet b\u016bt dro\u0161s, ka izv\u0113l\u0113to konteineru sa\u0146emsiet norun\u0101taj\u0101 laik\u0101.<\/p>\n<ul>\n<li>Lab\u0101k\u0101s cenas garantija \u2013 m\u0113s vienm\u0113r pied\u0101v\u0101jam konteineram lab\u0101ko pied\u0101v\u0101jumu.<\/li>\n<\/ul>\n<p>Sekojiet mums\u00a0<a href=\"https:\/\/www.facebook.com\/konteinerveod\/\">Facebook<\/a>\u00a0vai\u00a0<a href=\"https:\/\/www.instagram.com\/ou_miil\/\">Instagram.<\/a><\/p>\n","protected":false},"excerpt":{"rendered":"<p>40HCPW konteinera r\u0101mis ir iztur\u012bgs t\u0113rauda r\u0101mis, kas atvieglo pre\u010du iekrau\u0161anu no aug\u0161as un nodro\u0161ina stabilu pamatu transport\u0113\u0161anai, k\u0101 ar\u012b ietver brezenta p\u0101rsegu, kas aizsarg\u0101 no laikapst\u0101k\u013ciem. R\u0101mis ir ide\u0101li piem\u0113rots da\u017e\u0101diem projektiem, piem\u0113ram, rekl\u0101mas laukumiem, konteineru m\u0101j\u0101m vai piel\u0101gotiem p\u0101rvad\u0101\u0161anas konteineriem.<\/p>\n","protected":false},"featured_media":83091,"comment_status":"open","ping_status":"closed","template":"","meta":{"_acf_changed":false},"product_cat":[356,480,484,348],"product_tag":[],"class_list":{"0":"post-83311","1":"product","2":"type-product","3":"status-publish","4":"has-post-thumbnail","6":"product_cat-jauni-konteineri","7":"product_cat-40-12-metri-lv","8":"product_cat-40-hc-augstais-lv","9":"product_cat-tehnika","11":"first","12":"instock","13":"shipping-taxable","14":"purchasable","15":"product-type-simple"},"acf":[],"yoast_head":"<!-- This site is optimized with the Yoast SEO Premium plugin v23.9 (Yoast SEO v27.5) - https:\/\/yoast.com\/product\/yoast-seo-premium-wordpress\/ -->\n<title>40HCPW Konteinera R\u0101mis - Miil O\u00dc<\/title>\n<meta name=\"description\" content=\"40HCPW konteinera r\u0101mis | Konteineru p\u0101rdo\u0161ana | J\u016bras konteineru p\u0101rb\u016bve | Konteineru m\u0101jas konstrukcija | Atveriet r\u0101mja konteineru\" \/>\n<meta name=\"robots\" content=\"index, follow, max-snippet:-1, max-image-preview:large, max-video-preview:-1\" \/>\n<link rel=\"canonical\" href=\"https:\/\/miil.dev.almic.ee\/lv\/toode\/40hcpw-konteinera-ramis\/\" \/>\n<meta property=\"og:locale\" content=\"lv_LV\" \/>\n<meta property=\"og:type\" content=\"article\" \/>\n<meta property=\"og:title\" content=\"40HCPW Konteinera R\u0101mis MIIU5174256\" \/>\n<meta property=\"og:description\" content=\"40HCPW konteinera r\u0101mis | Konteineru p\u0101rdo\u0161ana | J\u016bras konteineru p\u0101rb\u016bve | Konteineru m\u0101jas konstrukcija | Atveriet r\u0101mja konteineru\" \/>\n<meta property=\"og:url\" content=\"https:\/\/miil.dev.almic.ee\/lv\/toode\/40hcpw-konteinera-ramis\/\" \/>\n<meta property=\"og:site_name\" content=\"Miil O\u00dc\" \/>\n<meta property=\"article:publisher\" content=\"https:\/\/www.facebook.com\/konteinerveod\/\" \/>\n<meta property=\"article:modified_time\" content=\"2025-03-11T08:30:40+00:00\" \/>\n<meta property=\"og:image\" content=\"https:\/\/miil.dev.almic.ee\/wp-content\/uploads\/2025\/01\/2-scaled.jpg\" \/>\n\t<meta property=\"og:image:width\" content=\"1900\" \/>\n\t<meta property=\"og:image:height\" content=\"1425\" \/>\n\t<meta property=\"og:image:type\" content=\"image\/jpeg\" \/>\n<meta name=\"twitter:card\" content=\"summary_large_image\" \/>\n<meta name=\"twitter:label1\" content=\"Price\" \/>\n\t<meta name=\"twitter:data1\" content=\"3990,00&nbsp;&euro;\" \/>\n\t<meta name=\"twitter:label2\" content=\"Availability\" \/>\n\t<meta name=\"twitter:data2\" content=\"In stock\" \/>\n<script type=\"application\/ld+json\" class=\"yoast-schema-graph\">{\"@context\":\"https:\\\/\\\/schema.org\",\"@graph\":[{\"@type\":\"WebPage\",\"@id\":\"https:\\\/\\\/miil.dev.almic.ee\\\/lv\\\/toode\\\/40hcpw-konteinera-ramis\\\/\",\"url\":\"https:\\\/\\\/miil.dev.almic.ee\\\/lv\\\/toode\\\/40hcpw-konteinera-ramis\\\/\",\"name\":\"40HCPW Konteinera R\u0101mis - Miil O\u00dc\",\"isPartOf\":{\"@id\":\"https:\\\/\\\/miil.dev.almic.ee\\\/#website\"},\"primaryImageOfPage\":{\"@id\":\"https:\\\/\\\/miil.dev.almic.ee\\\/lv\\\/toode\\\/40hcpw-konteinera-ramis\\\/#primaryimage\"},\"image\":{\"@id\":\"https:\\\/\\\/miil.dev.almic.ee\\\/lv\\\/toode\\\/40hcpw-konteinera-ramis\\\/#primaryimage\"},\"thumbnailUrl\":\"https:\\\/\\\/miil.dev.almic.ee\\\/wp-content\\\/uploads\\\/2025\\\/01\\\/2-scaled.jpg\",\"datePublished\":\"2025-01-07T15:53:34+00:00\",\"dateModified\":\"2025-03-11T08:30:40+00:00\",\"description\":\"40HCPW konteinera r\u0101mis | Konteineru p\u0101rdo\u0161ana | J\u016bras konteineru p\u0101rb\u016bve | Konteineru m\u0101jas konstrukcija | Atveriet r\u0101mja konteineru\",\"breadcrumb\":{\"@id\":\"https:\\\/\\\/miil.dev.almic.ee\\\/lv\\\/toode\\\/40hcpw-konteinera-ramis\\\/#breadcrumb\"},\"inLanguage\":\"lv-LV\",\"potentialAction\":[{\"@type\":\"ReadAction\",\"target\":[\"https:\\\/\\\/miil.dev.almic.ee\\\/lv\\\/toode\\\/40hcpw-konteinera-ramis\\\/\"]}]},{\"@type\":\"ImageObject\",\"inLanguage\":\"lv-LV\",\"@id\":\"https:\\\/\\\/miil.dev.almic.ee\\\/lv\\\/toode\\\/40hcpw-konteinera-ramis\\\/#primaryimage\",\"url\":\"https:\\\/\\\/miil.dev.almic.ee\\\/wp-content\\\/uploads\\\/2025\\\/01\\\/2-scaled.jpg\",\"contentUrl\":\"https:\\\/\\\/miil.dev.almic.ee\\\/wp-content\\\/uploads\\\/2025\\\/01\\\/2-scaled.jpg\",\"width\":1900,\"height\":1425,\"caption\":\"\u041f\u0435\u0440\u0435\u0441\u0442\u0440\u043e\u0439\u043a\u0430 \u043a\u043e\u043d\u0442\u0435\u0439\u043d\u0435\u0440\u0430\"},{\"@type\":\"BreadcrumbList\",\"@id\":\"https:\\\/\\\/miil.dev.almic.ee\\\/lv\\\/toode\\\/40hcpw-konteinera-ramis\\\/#breadcrumb\",\"itemListElement\":[{\"@type\":\"ListItem\",\"position\":1,\"name\":\"Home\",\"item\":\"https:\\\/\\\/miil.dev.almic.ee\\\/lv\\\/\"},{\"@type\":\"ListItem\",\"position\":2,\"name\":\"Veikals\",\"item\":\"https:\\\/\\\/miil.dev.almic.ee\\\/lv\\\/veikals\\\/\"},{\"@type\":\"ListItem\",\"position\":3,\"name\":\"40HCPW Konteinera R\u0101mis MIIU5174256\"}]},{\"@type\":\"WebSite\",\"@id\":\"https:\\\/\\\/miil.dev.almic.ee\\\/#website\",\"url\":\"https:\\\/\\\/miil.dev.almic.ee\\\/\",\"name\":\"Miil O\u00dc\",\"description\":\"Konteinerveod\",\"publisher\":{\"@id\":\"https:\\\/\\\/miil.dev.almic.ee\\\/#organization\"},\"potentialAction\":[{\"@type\":\"SearchAction\",\"target\":{\"@type\":\"EntryPoint\",\"urlTemplate\":\"https:\\\/\\\/miil.dev.almic.ee\\\/?s={search_term_string}\"},\"query-input\":{\"@type\":\"PropertyValueSpecification\",\"valueRequired\":true,\"valueName\":\"search_term_string\"}}],\"inLanguage\":\"lv-LV\"},{\"@type\":\"Organization\",\"@id\":\"https:\\\/\\\/miil.dev.almic.ee\\\/#organization\",\"name\":\"Miil O\u00dc\",\"url\":\"https:\\\/\\\/miil.dev.almic.ee\\\/\",\"logo\":{\"@type\":\"ImageObject\",\"inLanguage\":\"lv-LV\",\"@id\":\"https:\\\/\\\/miil.dev.almic.ee\\\/#\\\/schema\\\/logo\\\/image\\\/\",\"url\":\"https:\\\/\\\/www.miil.ee\\\/wp-content\\\/uploads\\\/2022\\\/02\\\/Miil-logo.svg\",\"contentUrl\":\"https:\\\/\\\/www.miil.ee\\\/wp-content\\\/uploads\\\/2022\\\/02\\\/Miil-logo.svg\",\"width\":\"1024\",\"height\":\"1024\",\"caption\":\"Miil O\u00dc\"},\"image\":{\"@id\":\"https:\\\/\\\/miil.dev.almic.ee\\\/#\\\/schema\\\/logo\\\/image\\\/\"},\"sameAs\":[\"https:\\\/\\\/www.facebook.com\\\/konteinerveod\\\/\",\"https:\\\/\\\/www.instagram.com\\\/ou_miil\\\/\"]}]}<\/script>\n<meta property=\"product:price:amount\" content=\"3990.00\" \/>\n<meta property=\"product:price:currency\" content=\"EUR\" \/>\n<meta property=\"og:availability\" content=\"instock\" \/>\n<meta property=\"product:availability\" content=\"instock\" \/>\n<meta property=\"product:retailer_item_id\" content=\"MIIU5174256\" \/>\n<meta property=\"product:condition\" content=\"new\" \/>\n<!-- \/ Yoast SEO Premium plugin. -->","yoast_head_json":{"title":"40HCPW Konteinera R\u0101mis - Miil O\u00dc","description":"40HCPW konteinera r\u0101mis | Konteineru p\u0101rdo\u0161ana | J\u016bras konteineru p\u0101rb\u016bve | Konteineru m\u0101jas konstrukcija | Atveriet r\u0101mja konteineru","robots":{"index":"index","follow":"follow","max-snippet":"max-snippet:-1","max-image-preview":"max-image-preview:large","max-video-preview":"max-video-preview:-1"},"canonical":"https:\/\/miil.dev.almic.ee\/lv\/toode\/40hcpw-konteinera-ramis\/","og_locale":"lv_LV","og_type":"article","og_title":"40HCPW Konteinera R\u0101mis MIIU5174256","og_description":"40HCPW konteinera r\u0101mis | Konteineru p\u0101rdo\u0161ana | J\u016bras konteineru p\u0101rb\u016bve | Konteineru m\u0101jas konstrukcija | Atveriet r\u0101mja konteineru","og_url":"https:\/\/miil.dev.almic.ee\/lv\/toode\/40hcpw-konteinera-ramis\/","og_site_name":"Miil O\u00dc","article_publisher":"https:\/\/www.facebook.com\/konteinerveod\/","article_modified_time":"2025-03-11T08:30:40+00:00","og_image":[{"width":1900,"height":1425,"url":"https:\/\/miil.dev.almic.ee\/wp-content\/uploads\/2025\/01\/2-scaled.jpg","type":"image\/jpeg"}],"twitter_card":"summary_large_image","twitter_misc":{"Price":"3990,00&nbsp;&euro;","Availability":"In stock"},"schema":{"@context":"https:\/\/schema.org","@graph":[{"@type":"WebPage","@id":"https:\/\/miil.dev.almic.ee\/lv\/toode\/40hcpw-konteinera-ramis\/","url":"https:\/\/miil.dev.almic.ee\/lv\/toode\/40hcpw-konteinera-ramis\/","name":"40HCPW Konteinera R\u0101mis - Miil O\u00dc","isPartOf":{"@id":"https:\/\/miil.dev.almic.ee\/#website"},"primaryImageOfPage":{"@id":"https:\/\/miil.dev.almic.ee\/lv\/toode\/40hcpw-konteinera-ramis\/#primaryimage"},"image":{"@id":"https:\/\/miil.dev.almic.ee\/lv\/toode\/40hcpw-konteinera-ramis\/#primaryimage"},"thumbnailUrl":"https:\/\/miil.dev.almic.ee\/wp-content\/uploads\/2025\/01\/2-scaled.jpg","datePublished":"2025-01-07T15:53:34+00:00","dateModified":"2025-03-11T08:30:40+00:00","description":"40HCPW konteinera r\u0101mis | Konteineru p\u0101rdo\u0161ana | J\u016bras konteineru p\u0101rb\u016bve | Konteineru m\u0101jas konstrukcija | Atveriet r\u0101mja konteineru","breadcrumb":{"@id":"https:\/\/miil.dev.almic.ee\/lv\/toode\/40hcpw-konteinera-ramis\/#breadcrumb"},"inLanguage":"lv-LV","potentialAction":[{"@type":"ReadAction","target":["https:\/\/miil.dev.almic.ee\/lv\/toode\/40hcpw-konteinera-ramis\/"]}]},{"@type":"ImageObject","inLanguage":"lv-LV","@id":"https:\/\/miil.dev.almic.ee\/lv\/toode\/40hcpw-konteinera-ramis\/#primaryimage","url":"https:\/\/miil.dev.almic.ee\/wp-content\/uploads\/2025\/01\/2-scaled.jpg","contentUrl":"https:\/\/miil.dev.almic.ee\/wp-content\/uploads\/2025\/01\/2-scaled.jpg","width":1900,"height":1425,"caption":"\u041f\u0435\u0440\u0435\u0441\u0442\u0440\u043e\u0439\u043a\u0430 \u043a\u043e\u043d\u0442\u0435\u0439\u043d\u0435\u0440\u0430"},{"@type":"BreadcrumbList","@id":"https:\/\/miil.dev.almic.ee\/lv\/toode\/40hcpw-konteinera-ramis\/#breadcrumb","itemListElement":[{"@type":"ListItem","position":1,"name":"Home","item":"https:\/\/miil.dev.almic.ee\/lv\/"},{"@type":"ListItem","position":2,"name":"Veikals","item":"https:\/\/miil.dev.almic.ee\/lv\/veikals\/"},{"@type":"ListItem","position":3,"name":"40HCPW Konteinera R\u0101mis MIIU5174256"}]},{"@type":"WebSite","@id":"https:\/\/miil.dev.almic.ee\/#website","url":"https:\/\/miil.dev.almic.ee\/","name":"Miil O\u00dc","description":"Konteinerveod","publisher":{"@id":"https:\/\/miil.dev.almic.ee\/#organization"},"potentialAction":[{"@type":"SearchAction","target":{"@type":"EntryPoint","urlTemplate":"https:\/\/miil.dev.almic.ee\/?s={search_term_string}"},"query-input":{"@type":"PropertyValueSpecification","valueRequired":true,"valueName":"search_term_string"}}],"inLanguage":"lv-LV"},{"@type":"Organization","@id":"https:\/\/miil.dev.almic.ee\/#organization","name":"Miil O\u00dc","url":"https:\/\/miil.dev.almic.ee\/","logo":{"@type":"ImageObject","inLanguage":"lv-LV","@id":"https:\/\/miil.dev.almic.ee\/#\/schema\/logo\/image\/","url":"https:\/\/www.miil.ee\/wp-content\/uploads\/2022\/02\/Miil-logo.svg","contentUrl":"https:\/\/www.miil.ee\/wp-content\/uploads\/2022\/02\/Miil-logo.svg","width":"1024","height":"1024","caption":"Miil O\u00dc"},"image":{"@id":"https:\/\/miil.dev.almic.ee\/#\/schema\/logo\/image\/"},"sameAs":["https:\/\/www.facebook.com\/konteinerveod\/","https:\/\/www.instagram.com\/ou_miil\/"]}]},"product_price_amount":"3990.00","product_price_currency":"EUR","og_availability":"instock","product_availability":"instock","product_retailer_item_id":"MIIU5174256","product_condition":"new"},"_links":{"self":[{"href":"https:\/\/miil.dev.almic.ee\/lv\/wp-json\/wp\/v2\/product\/83311","targetHints":{"allow":["GET"]}}],"collection":[{"href":"https:\/\/miil.dev.almic.ee\/lv\/wp-json\/wp\/v2\/product"}],"about":[{"href":"https:\/\/miil.dev.almic.ee\/lv\/wp-json\/wp\/v2\/types\/product"}],"replies":[{"embeddable":true,"href":"https:\/\/miil.dev.almic.ee\/lv\/wp-json\/wp\/v2\/comments?post=83311"}],"wp:featuredmedia":[{"embeddable":true,"href":"https:\/\/miil.dev.almic.ee\/lv\/wp-json\/wp\/v2\/media\/83091"}],"wp:attachment":[{"href":"https:\/\/miil.dev.almic.ee\/lv\/wp-json\/wp\/v2\/media?parent=83311"}],"wp:term":[{"taxonomy":"product_cat","embeddable":true,"href":"https:\/\/miil.dev.almic.ee\/lv\/wp-json\/wp\/v2\/product_cat?post=83311"},{"taxonomy":"product_tag","embeddable":true,"href":"https:\/\/miil.dev.almic.ee\/lv\/wp-json\/wp\/v2\/product_tag?post=83311"}],"curies":[{"name":"wp","href":"https:\/\/api.w.org\/{rel}","templated":true}]}}