{"id":81223,"date":"2024-12-11T13:53:18","date_gmt":"2024-12-11T12:16:13","guid":{"rendered":"https:\/\/www.miil.ee\/?post_type=product&#038;p=81223"},"modified":"2024-12-11T14:25:13","modified_gmt":"2024-12-11T12:25:13","slug":"juras-konteinera-modifikacija-sadalisana-uz-pusem","status":"publish","type":"product","link":"https:\/\/miil.dev.almic.ee\/lv\/toode\/juras-konteinera-modifikacija-sadalisana-uz-pusem\/","title":{"rendered":"J\u016bras konteinera modifik\u0101cija &#8211; sadal\u012b\u0161ana uz pus\u0113m"},"content":{"rendered":"<h1>Konteinera sadal\u012b\u0161ana uz pus\u0113m<\/h1>\n<p>J\u016bras konteinera sadal\u012b\u0161ana uz pus\u0113m ir sare\u017e\u0123\u012bts uzdevums, kas ietver t\u0113rauda konstrukcijas p\u0101rgrie\u0161anu. Tam nepiecie\u0161ami specializ\u0113ti instrumenti, pl\u0101no\u0161ana un dro\u0161\u012bbas pas\u0101kumi. Tas var b\u016bt nepiecie\u0161ams vietas ierobe\u017eojumu d\u0113\u013c\u00a0\u2014 jums var b\u016bt nepiecie\u0161ams viss konteinera garums, bet ne viss platums. Lai ko j\u016bs v\u0113l\u0113tos, m\u0113s varam to \u012bstenot!<\/p>\n<p>\u0160aj\u0101 konkr\u0113taj\u0101 gad\u012bjum\u0101 klientam bija nepiecie\u0161ams atv\u0113rts s\u0101nu konteiners ar pusi platumu un papildu ventil\u0101ciju aizmugur\u0113.<\/p>\n<h2>J\u016bras konteinera sadal\u012b\u0161ana uz pus\u0113m &#8211; pl\u0101no\u0161ana un sagatavo\u0161ana<\/h2>\n<p>Sadal\u012b\u0161anas m\u0113r\u0137is. Vispirms mums ir j\u0101saprot, k\u0101p\u0113c j\u016bs sadal\u0101t konteineru (piem., b\u016bvniec\u012bbai, maz\u0101kas vietas izveidei utt.), lai noteiktu, cik daudz konteinera ir j\u0101sagrie\u017e un k\u0101 r\u012bkoties ar atliku\u0161o konstrukciju.<\/p>\n<p><strong>Instrumenti un apr\u012bkojums:<\/strong><\/p>\n<p><strong>Grie\u0161anas instrumenti:<\/strong><\/p>\n<ul>\n<li>Plazmas griez\u0113js (vislab\u0101kais t\u012brai un efekt\u012bvai t\u0113rauda grie\u0161anai)<\/li>\n<li>Sk\u0101bek\u013ca-acetil\u0113na deglis (ja nav pieejams plazmas griez\u0113js)<\/li>\n<li>Le\u0146\u0137a sl\u012bpma\u0161\u012bna (maz\u0101kiem vai prec\u012bz\u0101kiem griezumiem)<\/li>\n<li>Finierz\u0101\u0123is (p\u0113c izv\u0113les detaliz\u0113tai grie\u0161anai)<\/li>\n<\/ul>\n<p><strong>M\u0113r\u012b\u0161anas instrumenti:<\/strong> m\u0113rlente, l\u012bmenis, l\u0101zers, kr\u012bts vai mar\u0137ieris, lai atz\u012bm\u0113tu griezuma l\u012bnijas.<\/p>\n<p><strong>Metin\u0101\u0161anas vai pieskr\u016bv\u0113\u0161anas apr\u012bkojums<\/strong> (ja pl\u0101nojat atk\u0101rtoti salikt deta\u013cas vai nostiprin\u0101t griezt\u0101s malas).<\/p>\n<h2>Konteinera sadal\u012b\u0161ana uz pus\u0113m &#8211; pastiprin\u0101\u0161ana un gal\u012bgie regul\u0113jumi<\/h2>\n<ul>\n<li><strong>Malu sagatavo\u0161ana:<\/strong> p\u0113c griezuma transport\u0113\u0161anas konteinera malas var b\u016bt asas vai robainas. M\u0113s tos izl\u012bdzin\u0101m, izmantojot dzirnavi\u0146as.<\/li>\n<li><strong>Ja nepiecie\u0161ams, pastiprin\u0101\u0161ana:<\/strong> atkar\u012bb\u0101 no t\u0101, k\u0101 izmantojat sadal\u012bto konteineru, mums, visticam\u0101k, b\u016bs j\u0101pastiprina konteiners, kas ir . To var izdar\u012bt ar met\u0101la sij\u0101m vai metinot malas, lai izveidotu stingr\u0101ku strukt\u016bru.<\/li>\n<li><strong>Kr\u0101so\u0161anas darbs:<\/strong> pieg\u0101des konteinera kr\u0101so\u0161ana ir lielisks veids, k\u0101 pasarg\u0101t to no r\u016bsas un laikapst\u0101k\u013ciem, vienlaikus pie\u0161\u0137irot tam svaigu, t\u012bru izskatu.<\/li>\n<\/ul>\n<p>&nbsp;<\/p>\n<p>Apskatiet citus ar konteineru p\u0101rveido\u0161anu saist\u012btos pakalpojumus, ko m\u0113s pied\u0101v\u0101jam <a href=\"https:\/\/www.miil.ee\/lv\/merekonteinerid\/tehnika\/\">\u0161eit<\/a>!<\/p>\n<p>J\u016btieties br\u012bvi sekot mums <a href=\"https:\/\/www.facebook.com\/konteinerveod\/\">Facebook<\/a><span> <\/span>vai <a href=\"https:\/\/www.instagram.com\/ou_miil\/\">Instagram.<\/a><\/p>\n","protected":false},"excerpt":{"rendered":"<p>Konteinera sadal\u012b\u0161ana uz pus\u0113m J\u016bras konteinera sadal\u012b\u0161ana uz pus\u0113m ir sare\u017e\u0123\u012bts uzdevums, kas ietver t\u0113rauda konstrukcijas p\u0101rgrie\u0161anu. Tam nepiecie\u0161ami specializ\u0113ti instrumenti, pl\u0101no\u0161ana un dro\u0161\u012bbas pas\u0101kumi. Tas var b\u016bt nepiecie\u0161ams vietas ierobe\u017eojumu d\u0113\u013c\u00a0\u2014 jums var b\u016bt nepiecie\u0161ams viss konteinera garums, bet ne viss platums. Lai ko j\u016bs v\u0113l\u0113tos, m\u0113s varam to \u012bstenot! \u0160aj\u0101 konkr\u0113taj\u0101 gad\u012bjum\u0101 klientam&#8230;<\/p>\n","protected":false},"featured_media":81177,"comment_status":"open","ping_status":"closed","template":"","meta":{"_acf_changed":false},"product_cat":[348],"product_tag":[],"class_list":{"0":"post-81223","1":"product","2":"type-product","3":"status-publish","4":"has-post-thumbnail","6":"product_cat-tehnika","8":"first","9":"instock","10":"shipping-taxable","11":"purchasable","12":"product-type-simple"},"acf":[],"yoast_head":"<!-- This site is optimized with the Yoast SEO Premium plugin v23.9 (Yoast SEO v27.5) - https:\/\/yoast.com\/product\/yoast-seo-premium-wordpress\/ -->\n<title>J\u016bras konteinera sadal\u012b\u0161ana uz pus\u0113m - Miil O\u00dc<\/title>\n<meta name=\"description\" content=\"J\u016bras konteinera sadal\u012b\u0161ana uz pus\u0113m | Konteinera modifik\u0101cija | Piel\u0101gots j\u016bras konteiners | J\u016bras konteineru tirdzniec\u012bba | \u2b50\ufe0f\u2b50\ufe0f\u2b50\ufe0f\u2b50\ufe0f\u2b50\ufe0f\" \/>\n<meta name=\"robots\" content=\"index, follow, max-snippet:-1, max-image-preview:large, max-video-preview:-1\" \/>\n<link rel=\"canonical\" href=\"https:\/\/miil.dev.almic.ee\/lv\/toode\/juras-konteinera-modifikacija-sadalisana-uz-pusem\/\" \/>\n<meta property=\"og:locale\" content=\"lv_LV\" \/>\n<meta property=\"og:type\" content=\"article\" \/>\n<meta property=\"og:title\" content=\"J\u016bras konteinera modifik\u0101cija - sadal\u012b\u0161ana uz pus\u0113m\" \/>\n<meta property=\"og:description\" content=\"J\u016bras konteinera sadal\u012b\u0161ana uz pus\u0113m | Konteinera modifik\u0101cija | Piel\u0101gots j\u016bras konteiners | J\u016bras konteineru tirdzniec\u012bba | \u2b50\ufe0f\u2b50\ufe0f\u2b50\ufe0f\u2b50\ufe0f\u2b50\ufe0f\" \/>\n<meta property=\"og:url\" content=\"https:\/\/miil.dev.almic.ee\/lv\/toode\/juras-konteinera-modifikacija-sadalisana-uz-pusem\/\" \/>\n<meta property=\"og:site_name\" content=\"Miil O\u00dc\" \/>\n<meta property=\"article:publisher\" content=\"https:\/\/www.facebook.com\/konteinerveod\/\" \/>\n<meta property=\"article:modified_time\" content=\"2024-12-11T12:25:13+00:00\" \/>\n<meta property=\"og:image\" content=\"https:\/\/miil.dev.almic.ee\/wp-content\/uploads\/2024\/12\/592fb97c-31b8-465f-9cf9-f61ce7088354-scaled.jpg\" \/>\n\t<meta property=\"og:image:width\" content=\"1900\" \/>\n\t<meta property=\"og:image:height\" content=\"1425\" \/>\n\t<meta property=\"og:image:type\" content=\"image\/jpeg\" \/>\n<meta name=\"twitter:card\" content=\"summary_large_image\" \/>\n<meta name=\"twitter:label1\" content=\"Price\" \/>\n\t<meta name=\"twitter:data1\" content=\"14500,00&nbsp;&euro;\" \/>\n\t<meta name=\"twitter:label2\" content=\"Availability\" \/>\n\t<meta name=\"twitter:data2\" content=\"In stock\" \/>\n<script type=\"application\/ld+json\" class=\"yoast-schema-graph\">{\"@context\":\"https:\\\/\\\/schema.org\",\"@graph\":[{\"@type\":\"WebPage\",\"@id\":\"https:\\\/\\\/miil.dev.almic.ee\\\/lv\\\/toode\\\/juras-konteinera-modifikacija-sadalisana-uz-pusem\\\/\",\"url\":\"https:\\\/\\\/miil.dev.almic.ee\\\/lv\\\/toode\\\/juras-konteinera-modifikacija-sadalisana-uz-pusem\\\/\",\"name\":\"J\u016bras konteinera sadal\u012b\u0161ana uz pus\u0113m - Miil O\u00dc\",\"isPartOf\":{\"@id\":\"https:\\\/\\\/miil.dev.almic.ee\\\/#website\"},\"primaryImageOfPage\":{\"@id\":\"https:\\\/\\\/miil.dev.almic.ee\\\/lv\\\/toode\\\/juras-konteinera-modifikacija-sadalisana-uz-pusem\\\/#primaryimage\"},\"image\":{\"@id\":\"https:\\\/\\\/miil.dev.almic.ee\\\/lv\\\/toode\\\/juras-konteinera-modifikacija-sadalisana-uz-pusem\\\/#primaryimage\"},\"thumbnailUrl\":\"https:\\\/\\\/miil.dev.almic.ee\\\/wp-content\\\/uploads\\\/2024\\\/12\\\/592fb97c-31b8-465f-9cf9-f61ce7088354-scaled.jpg\",\"datePublished\":\"2024-12-11T12:16:13+00:00\",\"dateModified\":\"2024-12-11T12:25:13+00:00\",\"description\":\"J\u016bras konteinera sadal\u012b\u0161ana uz pus\u0113m | Konteinera modifik\u0101cija | Piel\u0101gots j\u016bras konteiners | J\u016bras konteineru tirdzniec\u012bba | \u2b50\ufe0f\u2b50\ufe0f\u2b50\ufe0f\u2b50\ufe0f\u2b50\ufe0f\",\"breadcrumb\":{\"@id\":\"https:\\\/\\\/miil.dev.almic.ee\\\/lv\\\/toode\\\/juras-konteinera-modifikacija-sadalisana-uz-pusem\\\/#breadcrumb\"},\"inLanguage\":\"lv-LV\",\"potentialAction\":[{\"@type\":\"ReadAction\",\"target\":[\"https:\\\/\\\/miil.dev.almic.ee\\\/lv\\\/toode\\\/juras-konteinera-modifikacija-sadalisana-uz-pusem\\\/\"]}]},{\"@type\":\"ImageObject\",\"inLanguage\":\"lv-LV\",\"@id\":\"https:\\\/\\\/miil.dev.almic.ee\\\/lv\\\/toode\\\/juras-konteinera-modifikacija-sadalisana-uz-pusem\\\/#primaryimage\",\"url\":\"https:\\\/\\\/miil.dev.almic.ee\\\/wp-content\\\/uploads\\\/2024\\\/12\\\/592fb97c-31b8-465f-9cf9-f61ce7088354-scaled.jpg\",\"contentUrl\":\"https:\\\/\\\/miil.dev.almic.ee\\\/wp-content\\\/uploads\\\/2024\\\/12\\\/592fb97c-31b8-465f-9cf9-f61ce7088354-scaled.jpg\",\"width\":1900,\"height\":1425},{\"@type\":\"BreadcrumbList\",\"@id\":\"https:\\\/\\\/miil.dev.almic.ee\\\/lv\\\/toode\\\/juras-konteinera-modifikacija-sadalisana-uz-pusem\\\/#breadcrumb\",\"itemListElement\":[{\"@type\":\"ListItem\",\"position\":1,\"name\":\"Home\",\"item\":\"https:\\\/\\\/miil.dev.almic.ee\\\/lv\\\/\"},{\"@type\":\"ListItem\",\"position\":2,\"name\":\"Veikals\",\"item\":\"https:\\\/\\\/miil.dev.almic.ee\\\/lv\\\/veikals\\\/\"},{\"@type\":\"ListItem\",\"position\":3,\"name\":\"J\u016bras konteinera modifik\u0101cija &#8211; sadal\u012b\u0161ana uz pus\u0113m\"}]},{\"@type\":\"WebSite\",\"@id\":\"https:\\\/\\\/miil.dev.almic.ee\\\/#website\",\"url\":\"https:\\\/\\\/miil.dev.almic.ee\\\/\",\"name\":\"Miil O\u00dc\",\"description\":\"Konteinerveod\",\"publisher\":{\"@id\":\"https:\\\/\\\/miil.dev.almic.ee\\\/#organization\"},\"potentialAction\":[{\"@type\":\"SearchAction\",\"target\":{\"@type\":\"EntryPoint\",\"urlTemplate\":\"https:\\\/\\\/miil.dev.almic.ee\\\/?s={search_term_string}\"},\"query-input\":{\"@type\":\"PropertyValueSpecification\",\"valueRequired\":true,\"valueName\":\"search_term_string\"}}],\"inLanguage\":\"lv-LV\"},{\"@type\":\"Organization\",\"@id\":\"https:\\\/\\\/miil.dev.almic.ee\\\/#organization\",\"name\":\"Miil O\u00dc\",\"url\":\"https:\\\/\\\/miil.dev.almic.ee\\\/\",\"logo\":{\"@type\":\"ImageObject\",\"inLanguage\":\"lv-LV\",\"@id\":\"https:\\\/\\\/miil.dev.almic.ee\\\/#\\\/schema\\\/logo\\\/image\\\/\",\"url\":\"https:\\\/\\\/www.miil.ee\\\/wp-content\\\/uploads\\\/2022\\\/02\\\/Miil-logo.svg\",\"contentUrl\":\"https:\\\/\\\/www.miil.ee\\\/wp-content\\\/uploads\\\/2022\\\/02\\\/Miil-logo.svg\",\"width\":\"1024\",\"height\":\"1024\",\"caption\":\"Miil O\u00dc\"},\"image\":{\"@id\":\"https:\\\/\\\/miil.dev.almic.ee\\\/#\\\/schema\\\/logo\\\/image\\\/\"},\"sameAs\":[\"https:\\\/\\\/www.facebook.com\\\/konteinerveod\\\/\",\"https:\\\/\\\/www.instagram.com\\\/ou_miil\\\/\"]}]}<\/script>\n<meta property=\"product:price:amount\" content=\"14500.00\" \/>\n<meta property=\"product:price:currency\" content=\"EUR\" \/>\n<meta property=\"og:availability\" content=\"instock\" \/>\n<meta property=\"product:availability\" content=\"instock\" \/>\n<meta property=\"product:retailer_item_id\" content=\"MIIU2271057\" \/>\n<meta property=\"product:condition\" content=\"new\" \/>\n<!-- \/ Yoast SEO Premium plugin. -->","yoast_head_json":{"title":"J\u016bras konteinera sadal\u012b\u0161ana uz pus\u0113m - Miil O\u00dc","description":"J\u016bras konteinera sadal\u012b\u0161ana uz pus\u0113m | Konteinera modifik\u0101cija | Piel\u0101gots j\u016bras konteiners | J\u016bras konteineru tirdzniec\u012bba | \u2b50\ufe0f\u2b50\ufe0f\u2b50\ufe0f\u2b50\ufe0f\u2b50\ufe0f","robots":{"index":"index","follow":"follow","max-snippet":"max-snippet:-1","max-image-preview":"max-image-preview:large","max-video-preview":"max-video-preview:-1"},"canonical":"https:\/\/miil.dev.almic.ee\/lv\/toode\/juras-konteinera-modifikacija-sadalisana-uz-pusem\/","og_locale":"lv_LV","og_type":"article","og_title":"J\u016bras konteinera modifik\u0101cija - sadal\u012b\u0161ana uz pus\u0113m","og_description":"J\u016bras konteinera sadal\u012b\u0161ana uz pus\u0113m | Konteinera modifik\u0101cija | Piel\u0101gots j\u016bras konteiners | J\u016bras konteineru tirdzniec\u012bba | \u2b50\ufe0f\u2b50\ufe0f\u2b50\ufe0f\u2b50\ufe0f\u2b50\ufe0f","og_url":"https:\/\/miil.dev.almic.ee\/lv\/toode\/juras-konteinera-modifikacija-sadalisana-uz-pusem\/","og_site_name":"Miil O\u00dc","article_publisher":"https:\/\/www.facebook.com\/konteinerveod\/","article_modified_time":"2024-12-11T12:25:13+00:00","og_image":[{"width":1900,"height":1425,"url":"https:\/\/miil.dev.almic.ee\/wp-content\/uploads\/2024\/12\/592fb97c-31b8-465f-9cf9-f61ce7088354-scaled.jpg","type":"image\/jpeg"}],"twitter_card":"summary_large_image","twitter_misc":{"Price":"14500,00&nbsp;&euro;","Availability":"In stock"},"schema":{"@context":"https:\/\/schema.org","@graph":[{"@type":"WebPage","@id":"https:\/\/miil.dev.almic.ee\/lv\/toode\/juras-konteinera-modifikacija-sadalisana-uz-pusem\/","url":"https:\/\/miil.dev.almic.ee\/lv\/toode\/juras-konteinera-modifikacija-sadalisana-uz-pusem\/","name":"J\u016bras konteinera sadal\u012b\u0161ana uz pus\u0113m - Miil O\u00dc","isPartOf":{"@id":"https:\/\/miil.dev.almic.ee\/#website"},"primaryImageOfPage":{"@id":"https:\/\/miil.dev.almic.ee\/lv\/toode\/juras-konteinera-modifikacija-sadalisana-uz-pusem\/#primaryimage"},"image":{"@id":"https:\/\/miil.dev.almic.ee\/lv\/toode\/juras-konteinera-modifikacija-sadalisana-uz-pusem\/#primaryimage"},"thumbnailUrl":"https:\/\/miil.dev.almic.ee\/wp-content\/uploads\/2024\/12\/592fb97c-31b8-465f-9cf9-f61ce7088354-scaled.jpg","datePublished":"2024-12-11T12:16:13+00:00","dateModified":"2024-12-11T12:25:13+00:00","description":"J\u016bras konteinera sadal\u012b\u0161ana uz pus\u0113m | Konteinera modifik\u0101cija | Piel\u0101gots j\u016bras konteiners | J\u016bras konteineru tirdzniec\u012bba | \u2b50\ufe0f\u2b50\ufe0f\u2b50\ufe0f\u2b50\ufe0f\u2b50\ufe0f","breadcrumb":{"@id":"https:\/\/miil.dev.almic.ee\/lv\/toode\/juras-konteinera-modifikacija-sadalisana-uz-pusem\/#breadcrumb"},"inLanguage":"lv-LV","potentialAction":[{"@type":"ReadAction","target":["https:\/\/miil.dev.almic.ee\/lv\/toode\/juras-konteinera-modifikacija-sadalisana-uz-pusem\/"]}]},{"@type":"ImageObject","inLanguage":"lv-LV","@id":"https:\/\/miil.dev.almic.ee\/lv\/toode\/juras-konteinera-modifikacija-sadalisana-uz-pusem\/#primaryimage","url":"https:\/\/miil.dev.almic.ee\/wp-content\/uploads\/2024\/12\/592fb97c-31b8-465f-9cf9-f61ce7088354-scaled.jpg","contentUrl":"https:\/\/miil.dev.almic.ee\/wp-content\/uploads\/2024\/12\/592fb97c-31b8-465f-9cf9-f61ce7088354-scaled.jpg","width":1900,"height":1425},{"@type":"BreadcrumbList","@id":"https:\/\/miil.dev.almic.ee\/lv\/toode\/juras-konteinera-modifikacija-sadalisana-uz-pusem\/#breadcrumb","itemListElement":[{"@type":"ListItem","position":1,"name":"Home","item":"https:\/\/miil.dev.almic.ee\/lv\/"},{"@type":"ListItem","position":2,"name":"Veikals","item":"https:\/\/miil.dev.almic.ee\/lv\/veikals\/"},{"@type":"ListItem","position":3,"name":"J\u016bras konteinera modifik\u0101cija &#8211; sadal\u012b\u0161ana uz pus\u0113m"}]},{"@type":"WebSite","@id":"https:\/\/miil.dev.almic.ee\/#website","url":"https:\/\/miil.dev.almic.ee\/","name":"Miil O\u00dc","description":"Konteinerveod","publisher":{"@id":"https:\/\/miil.dev.almic.ee\/#organization"},"potentialAction":[{"@type":"SearchAction","target":{"@type":"EntryPoint","urlTemplate":"https:\/\/miil.dev.almic.ee\/?s={search_term_string}"},"query-input":{"@type":"PropertyValueSpecification","valueRequired":true,"valueName":"search_term_string"}}],"inLanguage":"lv-LV"},{"@type":"Organization","@id":"https:\/\/miil.dev.almic.ee\/#organization","name":"Miil O\u00dc","url":"https:\/\/miil.dev.almic.ee\/","logo":{"@type":"ImageObject","inLanguage":"lv-LV","@id":"https:\/\/miil.dev.almic.ee\/#\/schema\/logo\/image\/","url":"https:\/\/www.miil.ee\/wp-content\/uploads\/2022\/02\/Miil-logo.svg","contentUrl":"https:\/\/www.miil.ee\/wp-content\/uploads\/2022\/02\/Miil-logo.svg","width":"1024","height":"1024","caption":"Miil O\u00dc"},"image":{"@id":"https:\/\/miil.dev.almic.ee\/#\/schema\/logo\/image\/"},"sameAs":["https:\/\/www.facebook.com\/konteinerveod\/","https:\/\/www.instagram.com\/ou_miil\/"]}]},"product_price_amount":"14500.00","product_price_currency":"EUR","og_availability":"instock","product_availability":"instock","product_retailer_item_id":"MIIU2271057","product_condition":"new"},"_links":{"self":[{"href":"https:\/\/miil.dev.almic.ee\/lv\/wp-json\/wp\/v2\/product\/81223","targetHints":{"allow":["GET"]}}],"collection":[{"href":"https:\/\/miil.dev.almic.ee\/lv\/wp-json\/wp\/v2\/product"}],"about":[{"href":"https:\/\/miil.dev.almic.ee\/lv\/wp-json\/wp\/v2\/types\/product"}],"replies":[{"embeddable":true,"href":"https:\/\/miil.dev.almic.ee\/lv\/wp-json\/wp\/v2\/comments?post=81223"}],"wp:featuredmedia":[{"embeddable":true,"href":"https:\/\/miil.dev.almic.ee\/lv\/wp-json\/wp\/v2\/media\/81177"}],"wp:attachment":[{"href":"https:\/\/miil.dev.almic.ee\/lv\/wp-json\/wp\/v2\/media?parent=81223"}],"wp:term":[{"taxonomy":"product_cat","embeddable":true,"href":"https:\/\/miil.dev.almic.ee\/lv\/wp-json\/wp\/v2\/product_cat?post=81223"},{"taxonomy":"product_tag","embeddable":true,"href":"https:\/\/miil.dev.almic.ee\/lv\/wp-json\/wp\/v2\/product_tag?post=81223"}],"curies":[{"name":"wp","href":"https:\/\/api.w.org\/{rel}","templated":true}]}}