{"id":79210,"date":"2024-11-14T12:01:27","date_gmt":"2024-11-14T10:01:27","guid":{"rendered":"https:\/\/www.miil.ee\/toode\/konteinera-ventilacijas-vaks\/"},"modified":"2025-03-21T12:16:38","modified_gmt":"2025-03-21T10:16:38","slug":"konteinera-ventilacijas-vaks","status":"publish","type":"product","link":"https:\/\/miil.dev.almic.ee\/lv\/toode\/konteinera-ventilacijas-vaks\/","title":{"rendered":"konteinera ventil\u0101cijas v\u0101ks"},"content":{"rendered":"<h1>Ventil\u0101cijas v\u0101ku noz\u012bme konteineru ventil\u0101cij\u0101:<\/h1>\n<p>Konteineruventil\u0101cijas v\u0101ks \u2013 konteineri ir daudzpus\u012bgi un dro\u0161i risin\u0101jumi pre\u010du transport\u0113\u0161anai un uzglab\u0101\u0161anai. Viens svar\u012bgs konteineru izmanto\u0161anas aspekts ir to ventil\u0101cija un gaisa piek\u013cuve. MIIL.ee apzin\u0101s konteineru ventil\u0101cijas noz\u012bmi, t\u0101p\u0113c m\u0113s pied\u0101v\u0101jam piem\u0113rotus risin\u0101jumus, kas atbilst m\u016bsu p\u0101rdotajiem konteineriem. \u0160aj\u0101 rakst\u0101 m\u0113s s\u012bk\u0101k iepaz\u012bstin\u0101sim ar ventil\u0101cijas noz\u012bmi un MIIL.ee izv\u0113li. Ventil\u0101cijas v\u0101ki ir svar\u012bga konteinera ventil\u0101cijas nodro\u0161in\u0101\u0161anas sast\u0101vda\u013ca. Tie nodro\u0161ina tvertnes ventil\u0101ciju, lai taj\u0101 neiek\u013c\u016btu lietus \u016bdens.<\/p>\n<p>Pieejam\u0101s kr\u0101sas:<br \/>\n* Sarkans<br \/>\n* Zils<br \/>\n* Za\u013c\u0161<br \/>\n* Pel\u0113ks<br \/>\n* Tum\u0161i br\u016bns<br \/>\n* Dzeltens<\/p>\n<h2>ventil\u0101cijas v\u0101ks \u2013 vai konteineram ir nepiecie\u0161ama ventil\u0101cija?<\/h2>\n<p>Mekl\u0113jot transport\u0113\u0161anas konteineru, j\u0101\u0146em v\u0113r\u0101 ventil\u0101cija. Pieg\u0101des konteiners var b\u016bt lieliska vieta, ta\u010du tai ir j\u0101b\u016bt pietiekami v\u0113din\u0101tam, lai j\u016bs var\u0113tu viegli elpot. Ja nav atbilsto\u0161as \u200b\u200bventil\u0101cijas, j\u016bs trauk\u0101 jut\u012bsities aizsmaku\u0161i un ne\u0113rti. Sniedzot konteineru pakalpojumus, Miil r\u016bp\u0113jas par labu ventil\u0101ciju.<\/p>\n<h2>Nepietiekama ventil\u0101cija palielina ugunsgr\u0113ku un spr\u0101dzienu risku.<\/h2>\n<p>Ventil\u0101cijas p\u0101rsegu tr\u016bkums \u2013 ja neesat piesardz\u012bgs, transport\u0113\u0161anas konteiners bez atbilsto\u0161as \u200b\u200bventil\u0101cijas var \u0101tri k\u013c\u016bt b\u012bstams. J\u016bs risk\u0113jat ne tikai ar karstuma d\u016brienu un gaisa tr\u016bkumu, bet ar\u012b past\u0101v ugunsgr\u0113ka vai eksplozijas risks.<\/p>\n<p>Past\u0101v ugunsgr\u0113ka un spr\u0101dziena risks, jo konteineri ir veidoti t\u0101, lai tie b\u016btu herm\u0113tiski. Uzliesmojo\u0161u materi\u0101lu vai \u0137\u012bmisku vielu nopl\u016bde var izrais\u012bt ar\u012b spr\u0101dzienu tvertn\u0113. P\u0101rliecinieties, ka j\u016bsu tvertnei ir atbilsto\u0161a ventil\u0101cija, pret\u0113j\u0101 gad\u012bjum\u0101 j\u016bs varat apdraud\u0113t savu dz\u012bv\u012bbu.<\/p>\n<h2>Preces, kuras j\u016bs uzglab\u0101jat, var saboj\u0101t mitrums.<\/h2>\n<p>Tvertnei ir nepiecie\u0161ama atbilsto\u0161a ventil\u0101cija ar v\u0101kiem, lai aizsarg\u0101tu preces no mitruma boj\u0101jumiem. Elektroniku nevajadz\u0113tu uzglab\u0101t slikti v\u0113din\u0101m\u0101 trauk\u0101 ar augstu mitruma l\u012bmeni, jo var rasties korozija vai \u012bssavienojumi.<br \/>\nTom\u0113r mitrums var saboj\u0101t ne tikai elektroniku. Visas preces, kas tiek uzglab\u0101tas transport\u0113\u0161anas konteiner\u0101, ir j\u0101\u0146em v\u0113r\u0101, \u0146emot v\u0113r\u0101 to jut\u012bgumu pret mitrumu un mitruma boj\u0101jumiem. T\u0101p\u0113c ir tik svar\u012bgi, lai b\u016btu pareiza ventil\u0101cijas sist\u0113ma \u2013 t\u0101 pal\u012bdz rad\u012bt sausu vidi, kas ir maz\u0101k labv\u0113l\u012bga boj\u0101jumiem.<\/p>\n<h2>ventil\u0101cijas v\u0101ks \u2013 ventil\u0101cijas noz\u012bme.<\/h2>\n<p>Bez \u0161aub\u0101m, ventil\u0101cijas un gaisa kust\u012bbas kl\u0101tb\u016btne ir b\u016btiska! Tas ir viens no galvenajiem veidiem, k\u0101 trauk\u0101 iek\u013c\u016bt svaig\u0101 gais\u0101 un uztur\u0113t neitr\u0101lu temperat\u016bru. Ventil\u0101cija ir b\u016btiska, lai regul\u0113tu konteinera temperat\u016bru. Bez pien\u0101c\u012bgas ventil\u0101cijas konteinera temperat\u016bra var k\u013c\u016bt ekstr\u0113ma, padarot nepanesamu uztur\u0113\u0161anos taj\u0101 silt\u0101 vasaras dien\u0101. T\u0101p\u0113c, p\u0113rkot transport\u0113\u0161anas konteineru, ir svar\u012bgi \u0146emt v\u0113r\u0101 ventil\u0101ciju. Konteineru risin\u0101jumi atvieglo mantu uzglab\u0101\u0161anu un piek\u013cuvi t\u0101m!<\/p>\n<h2>Transport\u0113\u0161ana un pacel\u0161ana?<\/h2>\n<p>P\u0113c piem\u0113rota konteinera izv\u0113les varam veikt iepako\u0161anu un transport\u0113\u0161anu.<br \/>\nP\u0101rvad\u0101\u0161anai parasti izmantojam<span>\u00a0<\/span><a href=\"https:\/\/www.miil.ee\/lv\/pakalpojumi\/celtnis\/\">celtnis<\/a><span>\u00a0<\/span>vai<span>\u00a0<\/span><a href=\"https:\/\/www.miil.ee\/lv\/pakalpojumi\/sanu-iekraveji-sideloader\/\">s\u0101nu iekr\u0101v\u0113ju.<\/a><br \/>\nM\u0113s izmantojam<span>\u00a0<\/span><a href=\"https:\/\/www.miil.ee\/lv\/pakalpojumi\/ram-pasizgazejs\/\">RAM backloader<\/a>, lai aptvertu vissare\u017e\u0123\u012bt\u0101k\u0101s vietas.<br \/>\nP\u0113c t\u0101 ieg\u0101des m\u0113s glab\u0101jam j\u016bsu konteineru m\u016bsu termin\u0101l\u012b bez maksas l\u012bdz se\u0161iem m\u0113ne\u0161iem.<br \/>\nVienm\u0113r iesp\u0113jams vienoties par ilg\u0101ku laiku.<br \/>\nPiem\u0113ram, ja vieta v\u0113l nav gatava vai pieejama konteinera pieg\u0101dei.<br \/>\nT\u0101d\u0101 gad\u012bjum\u0101 konteinera cena nemain\u012bsies un var\u0113siet b\u016bt dro\u0161s, ka izv\u0113l\u0113to konteineru sa\u0146emsiet norun\u0101taj\u0101 laik\u0101.<\/p>\n<h2>M\u016bsu tehnolo\u0123ijas ir modernas, un m\u016bsu vad\u012bt\u0101ji ir augsti apm\u0101c\u012bti.<\/h2>\n<p>*J\u016bras konteineru tirdzniec\u012bba<br \/>\n*J\u016bras konteineru noma<br \/>\n*J\u016bras konteineru atg\u016b\u0161ana<br \/>\n*J\u016bras konteineru remonts<br \/>\n*J\u016bras konteineru uzglab\u0101\u0161ana<br \/>\n*Apkures bateriju tirdzniec\u012bba<br \/>\n*Sild\u012bt\u0101ju noma<br \/>\n*Mini m\u0101ju p\u0101rdo\u0161ana<br \/>\n*Iz\u012br\u0113 mini m\u0101jas<br \/>\n*Transports<br \/>\n*Depo serviss<\/p>\n<ul>\n<li>Lab\u0101k\u0101s cenas garantija \u2013 m\u0113s vienm\u0113r pied\u0101v\u0101jam konteineram lab\u0101ko pied\u0101v\u0101jumu.<\/li>\n<\/ul>\n<p>Sekojiet mums\u00a0<a href=\"https:\/\/www.facebook.com\/konteinerveod\/\">Facebook<\/a>\u00a0vai\u00a0<a href=\"https:\/\/www.instagram.com\/ou_miil\/\">Instagram.<\/a><\/p>\n","protected":false},"excerpt":{"rendered":"<p>Ventil\u0101cijas v\u0101ki ir b\u016btiski, lai nodro\u0161in\u0101tu pien\u0101c\u012bgu gaisa cirkul\u0101ciju konteineros, nov\u0113r\u0161ot mitruma boj\u0101jumus un palielinot dro\u0161\u012bbu, samazinot ugunsgr\u0113ka un spr\u0101dziena risku. MIIL.ee pied\u0101v\u0101 da\u017e\u0101dus risin\u0101jumus, lai nodro\u0161in\u0101tu optim\u0101lu ventil\u0101ciju un aizsarg\u0101tu preces no potenci\u0101liem boj\u0101jumiem.<\/p>\n","protected":false},"featured_media":79183,"comment_status":"open","ping_status":"closed","template":"","meta":{"_acf_changed":false},"product_cat":[336],"product_tag":[],"class_list":{"0":"post-79210","1":"product","2":"type-product","3":"status-publish","4":"has-post-thumbnail","6":"product_cat-papildu-piederumi","8":"first","9":"instock","10":"sale","11":"shipping-taxable","12":"purchasable","13":"product-type-simple"},"acf":[],"yoast_head":"<!-- This site is optimized with the Yoast SEO Premium plugin v23.9 (Yoast SEO v27.5) - https:\/\/yoast.com\/product\/yoast-seo-premium-wordpress\/ -->\n<title>ventil\u0101cijas v\u0101ks - Miil O\u00dc<\/title>\n<meta name=\"description\" content=\"ventil\u0101cijas v\u0101ks | Juras konteiners izp\u0101rdo\u0161ana | Juras konteiners \u012br\u0113t | tiek p\u0101rdota biroja kab\u012bne | Juras konteiners transport |\" \/>\n<meta name=\"robots\" content=\"index, follow, max-snippet:-1, max-image-preview:large, max-video-preview:-1\" \/>\n<link rel=\"canonical\" href=\"https:\/\/miil.dev.almic.ee\/lv\/toode\/konteinera-ventilacijas-vaks\/\" \/>\n<meta property=\"og:locale\" content=\"lv_LV\" \/>\n<meta property=\"og:type\" content=\"article\" \/>\n<meta property=\"og:title\" content=\"konteinera ventil\u0101cijas v\u0101ks\" \/>\n<meta property=\"og:description\" content=\"ventil\u0101cijas v\u0101ks | Juras konteiners izp\u0101rdo\u0161ana | Juras konteiners \u012br\u0113t | tiek p\u0101rdota biroja kab\u012bne | Juras konteiners transport |\" \/>\n<meta property=\"og:url\" content=\"https:\/\/miil.dev.almic.ee\/lv\/toode\/konteinera-ventilacijas-vaks\/\" \/>\n<meta property=\"og:site_name\" content=\"Miil O\u00dc\" \/>\n<meta property=\"article:publisher\" content=\"https:\/\/www.facebook.com\/konteinerveod\/\" \/>\n<meta property=\"article:modified_time\" content=\"2025-03-21T10:16:38+00:00\" \/>\n<meta property=\"og:image\" content=\"https:\/\/miil.dev.almic.ee\/wp-content\/uploads\/2024\/11\/PXL_20241114_085638597.PORTRAIT-scaled.jpg\" \/>\n\t<meta property=\"og:image:width\" content=\"1900\" \/>\n\t<meta property=\"og:image:height\" content=\"1431\" \/>\n\t<meta property=\"og:image:type\" content=\"image\/jpeg\" \/>\n<meta name=\"twitter:card\" content=\"summary_large_image\" \/>\n<meta name=\"twitter:label1\" content=\"Price\" \/>\n\t<meta name=\"twitter:data1\" content=\"14,00&nbsp;&euro;\" \/>\n\t<meta name=\"twitter:label2\" content=\"Availability\" \/>\n\t<meta name=\"twitter:data2\" content=\"In stock\" \/>\n<script type=\"application\/ld+json\" class=\"yoast-schema-graph\">{\"@context\":\"https:\\\/\\\/schema.org\",\"@graph\":[{\"@type\":\"WebPage\",\"@id\":\"https:\\\/\\\/miil.dev.almic.ee\\\/lv\\\/toode\\\/konteinera-ventilacijas-vaks\\\/\",\"url\":\"https:\\\/\\\/miil.dev.almic.ee\\\/lv\\\/toode\\\/konteinera-ventilacijas-vaks\\\/\",\"name\":\"ventil\u0101cijas v\u0101ks - Miil O\u00dc\",\"isPartOf\":{\"@id\":\"https:\\\/\\\/miil.dev.almic.ee\\\/#website\"},\"primaryImageOfPage\":{\"@id\":\"https:\\\/\\\/miil.dev.almic.ee\\\/lv\\\/toode\\\/konteinera-ventilacijas-vaks\\\/#primaryimage\"},\"image\":{\"@id\":\"https:\\\/\\\/miil.dev.almic.ee\\\/lv\\\/toode\\\/konteinera-ventilacijas-vaks\\\/#primaryimage\"},\"thumbnailUrl\":\"https:\\\/\\\/miil.dev.almic.ee\\\/wp-content\\\/uploads\\\/2024\\\/11\\\/PXL_20241114_085638597.PORTRAIT-scaled.jpg\",\"datePublished\":\"2024-11-14T10:01:27+00:00\",\"dateModified\":\"2025-03-21T10:16:38+00:00\",\"description\":\"ventil\u0101cijas v\u0101ks | Juras konteiners izp\u0101rdo\u0161ana | Juras konteiners \u012br\u0113t | tiek p\u0101rdota biroja kab\u012bne | Juras konteiners transport |\",\"breadcrumb\":{\"@id\":\"https:\\\/\\\/miil.dev.almic.ee\\\/lv\\\/toode\\\/konteinera-ventilacijas-vaks\\\/#breadcrumb\"},\"inLanguage\":\"lv-LV\",\"potentialAction\":[{\"@type\":\"ReadAction\",\"target\":[\"https:\\\/\\\/miil.dev.almic.ee\\\/lv\\\/toode\\\/konteinera-ventilacijas-vaks\\\/\"]}]},{\"@type\":\"ImageObject\",\"inLanguage\":\"lv-LV\",\"@id\":\"https:\\\/\\\/miil.dev.almic.ee\\\/lv\\\/toode\\\/konteinera-ventilacijas-vaks\\\/#primaryimage\",\"url\":\"https:\\\/\\\/miil.dev.almic.ee\\\/wp-content\\\/uploads\\\/2024\\\/11\\\/PXL_20241114_085638597.PORTRAIT-scaled.jpg\",\"contentUrl\":\"https:\\\/\\\/miil.dev.almic.ee\\\/wp-content\\\/uploads\\\/2024\\\/11\\\/PXL_20241114_085638597.PORTRAIT-scaled.jpg\",\"width\":1900,\"height\":1431},{\"@type\":\"BreadcrumbList\",\"@id\":\"https:\\\/\\\/miil.dev.almic.ee\\\/lv\\\/toode\\\/konteinera-ventilacijas-vaks\\\/#breadcrumb\",\"itemListElement\":[{\"@type\":\"ListItem\",\"position\":1,\"name\":\"Home\",\"item\":\"https:\\\/\\\/miil.dev.almic.ee\\\/lv\\\/\"},{\"@type\":\"ListItem\",\"position\":2,\"name\":\"Veikals\",\"item\":\"https:\\\/\\\/miil.dev.almic.ee\\\/lv\\\/veikals\\\/\"},{\"@type\":\"ListItem\",\"position\":3,\"name\":\"konteinera ventil\u0101cijas v\u0101ks\"}]},{\"@type\":\"WebSite\",\"@id\":\"https:\\\/\\\/miil.dev.almic.ee\\\/#website\",\"url\":\"https:\\\/\\\/miil.dev.almic.ee\\\/\",\"name\":\"Miil O\u00dc\",\"description\":\"Konteinerveod\",\"publisher\":{\"@id\":\"https:\\\/\\\/miil.dev.almic.ee\\\/#organization\"},\"potentialAction\":[{\"@type\":\"SearchAction\",\"target\":{\"@type\":\"EntryPoint\",\"urlTemplate\":\"https:\\\/\\\/miil.dev.almic.ee\\\/?s={search_term_string}\"},\"query-input\":{\"@type\":\"PropertyValueSpecification\",\"valueRequired\":true,\"valueName\":\"search_term_string\"}}],\"inLanguage\":\"lv-LV\"},{\"@type\":\"Organization\",\"@id\":\"https:\\\/\\\/miil.dev.almic.ee\\\/#organization\",\"name\":\"Miil O\u00dc\",\"url\":\"https:\\\/\\\/miil.dev.almic.ee\\\/\",\"logo\":{\"@type\":\"ImageObject\",\"inLanguage\":\"lv-LV\",\"@id\":\"https:\\\/\\\/miil.dev.almic.ee\\\/#\\\/schema\\\/logo\\\/image\\\/\",\"url\":\"https:\\\/\\\/www.miil.ee\\\/wp-content\\\/uploads\\\/2022\\\/02\\\/Miil-logo.svg\",\"contentUrl\":\"https:\\\/\\\/www.miil.ee\\\/wp-content\\\/uploads\\\/2022\\\/02\\\/Miil-logo.svg\",\"width\":\"1024\",\"height\":\"1024\",\"caption\":\"Miil O\u00dc\"},\"image\":{\"@id\":\"https:\\\/\\\/miil.dev.almic.ee\\\/#\\\/schema\\\/logo\\\/image\\\/\"},\"sameAs\":[\"https:\\\/\\\/www.facebook.com\\\/konteinerveod\\\/\",\"https:\\\/\\\/www.instagram.com\\\/ou_miil\\\/\"]}]}<\/script>\n<meta property=\"product:price:amount\" content=\"14.00\" \/>\n<meta property=\"product:price:currency\" content=\"EUR\" \/>\n<meta property=\"og:availability\" content=\"instock\" \/>\n<meta property=\"product:availability\" content=\"instock\" \/>\n<meta property=\"product:condition\" content=\"new\" \/>\n<!-- \/ Yoast SEO Premium plugin. -->","yoast_head_json":{"title":"ventil\u0101cijas v\u0101ks - Miil O\u00dc","description":"ventil\u0101cijas v\u0101ks | Juras konteiners izp\u0101rdo\u0161ana | Juras konteiners \u012br\u0113t | tiek p\u0101rdota biroja kab\u012bne | Juras konteiners transport |","robots":{"index":"index","follow":"follow","max-snippet":"max-snippet:-1","max-image-preview":"max-image-preview:large","max-video-preview":"max-video-preview:-1"},"canonical":"https:\/\/miil.dev.almic.ee\/lv\/toode\/konteinera-ventilacijas-vaks\/","og_locale":"lv_LV","og_type":"article","og_title":"konteinera ventil\u0101cijas v\u0101ks","og_description":"ventil\u0101cijas v\u0101ks | Juras konteiners izp\u0101rdo\u0161ana | Juras konteiners \u012br\u0113t | tiek p\u0101rdota biroja kab\u012bne | Juras konteiners transport |","og_url":"https:\/\/miil.dev.almic.ee\/lv\/toode\/konteinera-ventilacijas-vaks\/","og_site_name":"Miil O\u00dc","article_publisher":"https:\/\/www.facebook.com\/konteinerveod\/","article_modified_time":"2025-03-21T10:16:38+00:00","og_image":[{"width":1900,"height":1431,"url":"https:\/\/miil.dev.almic.ee\/wp-content\/uploads\/2024\/11\/PXL_20241114_085638597.PORTRAIT-scaled.jpg","type":"image\/jpeg"}],"twitter_card":"summary_large_image","twitter_misc":{"Price":"14,00&nbsp;&euro;","Availability":"In stock"},"schema":{"@context":"https:\/\/schema.org","@graph":[{"@type":"WebPage","@id":"https:\/\/miil.dev.almic.ee\/lv\/toode\/konteinera-ventilacijas-vaks\/","url":"https:\/\/miil.dev.almic.ee\/lv\/toode\/konteinera-ventilacijas-vaks\/","name":"ventil\u0101cijas v\u0101ks - Miil O\u00dc","isPartOf":{"@id":"https:\/\/miil.dev.almic.ee\/#website"},"primaryImageOfPage":{"@id":"https:\/\/miil.dev.almic.ee\/lv\/toode\/konteinera-ventilacijas-vaks\/#primaryimage"},"image":{"@id":"https:\/\/miil.dev.almic.ee\/lv\/toode\/konteinera-ventilacijas-vaks\/#primaryimage"},"thumbnailUrl":"https:\/\/miil.dev.almic.ee\/wp-content\/uploads\/2024\/11\/PXL_20241114_085638597.PORTRAIT-scaled.jpg","datePublished":"2024-11-14T10:01:27+00:00","dateModified":"2025-03-21T10:16:38+00:00","description":"ventil\u0101cijas v\u0101ks | Juras konteiners izp\u0101rdo\u0161ana | Juras konteiners \u012br\u0113t | tiek p\u0101rdota biroja kab\u012bne | Juras konteiners transport |","breadcrumb":{"@id":"https:\/\/miil.dev.almic.ee\/lv\/toode\/konteinera-ventilacijas-vaks\/#breadcrumb"},"inLanguage":"lv-LV","potentialAction":[{"@type":"ReadAction","target":["https:\/\/miil.dev.almic.ee\/lv\/toode\/konteinera-ventilacijas-vaks\/"]}]},{"@type":"ImageObject","inLanguage":"lv-LV","@id":"https:\/\/miil.dev.almic.ee\/lv\/toode\/konteinera-ventilacijas-vaks\/#primaryimage","url":"https:\/\/miil.dev.almic.ee\/wp-content\/uploads\/2024\/11\/PXL_20241114_085638597.PORTRAIT-scaled.jpg","contentUrl":"https:\/\/miil.dev.almic.ee\/wp-content\/uploads\/2024\/11\/PXL_20241114_085638597.PORTRAIT-scaled.jpg","width":1900,"height":1431},{"@type":"BreadcrumbList","@id":"https:\/\/miil.dev.almic.ee\/lv\/toode\/konteinera-ventilacijas-vaks\/#breadcrumb","itemListElement":[{"@type":"ListItem","position":1,"name":"Home","item":"https:\/\/miil.dev.almic.ee\/lv\/"},{"@type":"ListItem","position":2,"name":"Veikals","item":"https:\/\/miil.dev.almic.ee\/lv\/veikals\/"},{"@type":"ListItem","position":3,"name":"konteinera ventil\u0101cijas v\u0101ks"}]},{"@type":"WebSite","@id":"https:\/\/miil.dev.almic.ee\/#website","url":"https:\/\/miil.dev.almic.ee\/","name":"Miil O\u00dc","description":"Konteinerveod","publisher":{"@id":"https:\/\/miil.dev.almic.ee\/#organization"},"potentialAction":[{"@type":"SearchAction","target":{"@type":"EntryPoint","urlTemplate":"https:\/\/miil.dev.almic.ee\/?s={search_term_string}"},"query-input":{"@type":"PropertyValueSpecification","valueRequired":true,"valueName":"search_term_string"}}],"inLanguage":"lv-LV"},{"@type":"Organization","@id":"https:\/\/miil.dev.almic.ee\/#organization","name":"Miil O\u00dc","url":"https:\/\/miil.dev.almic.ee\/","logo":{"@type":"ImageObject","inLanguage":"lv-LV","@id":"https:\/\/miil.dev.almic.ee\/#\/schema\/logo\/image\/","url":"https:\/\/www.miil.ee\/wp-content\/uploads\/2022\/02\/Miil-logo.svg","contentUrl":"https:\/\/www.miil.ee\/wp-content\/uploads\/2022\/02\/Miil-logo.svg","width":"1024","height":"1024","caption":"Miil O\u00dc"},"image":{"@id":"https:\/\/miil.dev.almic.ee\/#\/schema\/logo\/image\/"},"sameAs":["https:\/\/www.facebook.com\/konteinerveod\/","https:\/\/www.instagram.com\/ou_miil\/"]}]},"product_price_amount":"14.00","product_price_currency":"EUR","og_availability":"instock","product_availability":"instock","product_condition":"new"},"_links":{"self":[{"href":"https:\/\/miil.dev.almic.ee\/lv\/wp-json\/wp\/v2\/product\/79210","targetHints":{"allow":["GET"]}}],"collection":[{"href":"https:\/\/miil.dev.almic.ee\/lv\/wp-json\/wp\/v2\/product"}],"about":[{"href":"https:\/\/miil.dev.almic.ee\/lv\/wp-json\/wp\/v2\/types\/product"}],"replies":[{"embeddable":true,"href":"https:\/\/miil.dev.almic.ee\/lv\/wp-json\/wp\/v2\/comments?post=79210"}],"wp:featuredmedia":[{"embeddable":true,"href":"https:\/\/miil.dev.almic.ee\/lv\/wp-json\/wp\/v2\/media\/79183"}],"wp:attachment":[{"href":"https:\/\/miil.dev.almic.ee\/lv\/wp-json\/wp\/v2\/media?parent=79210"}],"wp:term":[{"taxonomy":"product_cat","embeddable":true,"href":"https:\/\/miil.dev.almic.ee\/lv\/wp-json\/wp\/v2\/product_cat?post=79210"},{"taxonomy":"product_tag","embeddable":true,"href":"https:\/\/miil.dev.almic.ee\/lv\/wp-json\/wp\/v2\/product_tag?post=79210"}],"curies":[{"name":"wp","href":"https:\/\/api.w.org\/{rel}","templated":true}]}}