{"id":76832,"date":"2024-10-07T19:15:59","date_gmt":"2024-10-07T16:15:59","guid":{"rendered":"https:\/\/www.miil.ee\/?post_type=product&#038;p=76832"},"modified":"2024-11-11T17:24:40","modified_gmt":"2024-11-11T15:24:40","slug":"vagonini-galiga-apdare","status":"publish","type":"product","link":"https:\/\/miil.dev.almic.ee\/lv\/toode\/vagonini-galiga-apdare\/","title":{"rendered":"Containex Basic MIIU0767 akmens apdare"},"content":{"rendered":"<h1>Vagoni\u0146i &#8211; Gal\u012bg\u0101 apdare<\/h1>\n<p>Vagoni\u0146i &#8211; Gal\u012bg\u0101 apdare. p\u0101rv\u0113r\u0161ot kaj\u012btes par lauku stila pieb\u016bvi.<br \/>\nVienas no kaj\u012bt\u0113m standarta izm\u0113rs ir 6 metrus gar\u0161, 2,44 metrus plats un 2,6 metrus augsts.<br \/>\nkaj\u012btes var savienot, veidojot liel\u0101kas telpas.<\/p>\n<p>Papildus akmens imit\u0101cijai varam uzst\u0101d\u012bt gaisa siltums\u016bkni, otro st\u0101vu, k\u0101pnes, terases moduli uz kaj\u012btes jumta vai uz zemes t\u0101 priek\u0161\u0101.<\/p>\n<p>kaj\u012btes ir \u0101tr\u0101k\u0101 un pieejam\u0101k\u0101 \u0113ka koted\u017eai, piem\u0113ram, nav nepiecie\u0161amas kaj\u012btes vai pamati.<\/p>\n<p>popularit\u0101ti g\u016bst kaj\u012b\u0161u apdare ar da\u017e\u0101diem materi\u0101liem un koka d\u0113\u013ca toni var pieska\u0146ot eso\u0161ajai m\u0101jai vai \u0113kai.<br \/>\nNepiecie\u0161am\u012bbas gad\u012bjum\u0101 ier\u012bkojam ar\u012b papildus apgaismojumu \u0101rpus\u0113 vai m\u0113be\u013cu telp\u0101.<\/p>\n<h2>kab\u012b\u0146u transport\u0113\u0161ana un uzst\u0101d\u012b\u0161ana<\/h2>\n<p>Apdare, transport\u0113\u0161ana un kab\u012b\u0146u uzst\u0101d\u012b\u0161ana mums ir ikdienas darb\u012bba. Cietai virsmai, piem\u0113ram, asfaltam, \u0161\u0137emb\u0101m vai betonam, nevajag neko citu k\u0101 tikai da\u017eus akme\u0146us. kaj\u012btes var\u0113tu palikt augstum\u0101 apm. 15-25 cm no zemes uzst\u0101d\u012b\u0161anas laik\u0101. kaj\u012btes bie\u017ei no apak\u0161as ir izol\u0113tas ar vilnu, bet apak\u0161\u0101 ir sk\u0101rda.<br \/>\nVisas kaj\u012btes ir iztur\u012bgas pret grauz\u0113jiem, un t\u0101m ir Ce mar\u0137\u0113jums.<\/p>\n<p>CE mar\u0137\u0113jums un atbilst\u012bba ir vissvar\u012bg\u0101k\u0101 kaj\u012b\u0161u sast\u0101vda\u013ca!<br \/>\nCE mar\u0137\u0113jums garant\u0113, ka socabins jak atbilst Eiropas pras\u012bb\u0101m un ir dro\u0161i lietojams. M\u012btnes zem\u0113, Ukrain\u0101 vai Baltkrievij\u0101 b\u016bv\u0113taj\u0101m kaj\u012bt\u0113m \u0161\u012bs z\u012bmes nav, un neviens negarant\u0113, ka kaj\u012btes nerad\u012bs boj\u0101jumus b\u016bvniec\u012bbas k\u013c\u016bdu d\u0113\u013c.<\/p>\n<h2>Kab\u012bnes &#8211; gal\u012bg\u0101 apdare vai r\u016bpn\u012bcas versija?<\/h2>\n<p>Neatkar\u012bgi no t\u0101, vai pas\u016bt\u0101t no mums kaj\u012btes ar papildu apr\u012bkojumu vai r\u016bpn\u012bcas versij\u0101, abos gad\u012bjumos tas ir lieto\u0161anai gatavs risin\u0101jums.<br \/>\nT\u0101l\u0101k ir nor\u0101d\u012btas da\u017eas papildu piederumu cenas.<\/p>\n<p>Gaisa siltums\u016bknis 4.7kw \u2013 990.- + pvn<br \/>\nKoka apdare &#8211; 2990.- + pvn<br \/>\nPievienot logu \u2013 590.- + pvn<br \/>\nRito\u0161\u0101s durvis &#8211; 1950.- + pvn<\/p>\n<p>P\u0101rvad\u0101\u0161anai parasti izmantojam <a href=\"https:\/\/www.miil.ee\/lv\/pakalpojumi\/celtnis\/\">celtnis<\/a> vai <a href=\"https:\/\/www.miil.ee\/lv\/pakalpojumi\/sanu-iekraveji-sideloader\/\">s\u0101nu iekr\u0101v\u0113ju.<\/a><br \/>\nM\u0113s izmantojam <a href=\"https:\/\/www.miil.ee\/lv\/pakalpojumi\/ram-pasizgazejs\/\">RAM backloader<\/a>, lai aptvertu vissare\u017e\u0123\u012bt\u0101k\u0101s vietas.<\/p>\n<p>Sekojiet mums <a href=\"https:\/\/www.facebook.com\/konteinerveod\/\">Facebook<\/a> vai <a href=\"https:\/\/www.instagram.com\/ou_miil\/\">Instagram.<\/a><\/p>\n","protected":false},"excerpt":{"rendered":"<p>Vagoni\u0146i &#8211; Gal\u012bg\u0101 apdare Vagoni\u0146i &#8211; Gal\u012bg\u0101 apdare. p\u0101rv\u0113r\u0161ot kaj\u012btes par lauku stila pieb\u016bvi. Vienas no kaj\u012bt\u0113m standarta izm\u0113rs ir 6 metrus gar\u0161, 2,44 metrus plats un 2,6 metrus augsts. kaj\u012btes var savienot, veidojot liel\u0101kas telpas. Papildus akmens imit\u0101cijai varam uzst\u0101d\u012bt gaisa siltums\u016bkni, otro st\u0101vu, k\u0101pnes, terases moduli uz kaj\u012btes jumta vai uz zemes t\u0101&#8230;<\/p>\n","protected":false},"featured_media":76837,"comment_status":"closed","ping_status":"closed","template":"","meta":{"_acf_changed":false},"product_cat":[344,408],"product_tag":[],"class_list":{"0":"post-76832","1":"product","2":"type-product","3":"status-publish","4":"has-post-thumbnail","6":"product_cat-vagonini","7":"product_cat-jauni-vagonini","9":"first","10":"instock","11":"shipping-taxable","12":"purchasable","13":"product-type-simple"},"acf":[],"yoast_head":"<!-- This site is optimized with the Yoast SEO Premium plugin v23.9 (Yoast SEO v27.5) - https:\/\/yoast.com\/product\/yoast-seo-premium-wordpress\/ -->\n<title>Containex Basic MIIU0767 akmens apdare - Miil O\u00dc<\/title>\n<meta name=\"description\" content=\"Vagoni\u0146i - Gal\u012bg\u0101 apdare | Mini m\u0101jas un koted\u017eas | Kaj\u012b\u0161u noma un p\u0101rdo\u0161ana | Transports un remonts | Elektr\u012bbas darbi un apkure\" \/>\n<meta name=\"robots\" content=\"index, follow, max-snippet:-1, max-image-preview:large, max-video-preview:-1\" \/>\n<link rel=\"canonical\" href=\"https:\/\/miil.dev.almic.ee\/lv\/toode\/vagonini-galiga-apdare\/\" \/>\n<meta property=\"og:locale\" content=\"lv_LV\" \/>\n<meta property=\"og:type\" content=\"article\" \/>\n<meta property=\"og:title\" content=\"Containex Basic MIIU0767 akmens apdare\" \/>\n<meta property=\"og:description\" content=\"Vagoni\u0146i - Gal\u012bg\u0101 apdare | Mini m\u0101jas un koted\u017eas | Kaj\u012b\u0161u noma un p\u0101rdo\u0161ana | Transports un remonts | Elektr\u012bbas darbi un apkure\" \/>\n<meta property=\"og:url\" content=\"https:\/\/miil.dev.almic.ee\/lv\/toode\/vagonini-galiga-apdare\/\" \/>\n<meta property=\"og:site_name\" content=\"Miil O\u00dc\" \/>\n<meta property=\"article:publisher\" content=\"https:\/\/www.facebook.com\/konteinerveod\/\" \/>\n<meta property=\"article:modified_time\" content=\"2024-11-11T15:24:40+00:00\" \/>\n<meta property=\"og:image\" content=\"https:\/\/miil.dev.almic.ee\/wp-content\/uploads\/2024\/10\/Kivi-soojak-2-scaled.jpg\" \/>\n\t<meta property=\"og:image:width\" content=\"1900\" \/>\n\t<meta property=\"og:image:height\" content=\"1425\" \/>\n\t<meta property=\"og:image:type\" content=\"image\/jpeg\" \/>\n<meta name=\"twitter:card\" content=\"summary_large_image\" \/>\n<meta name=\"twitter:label1\" content=\"Price\" \/>\n\t<meta name=\"twitter:data1\" content=\"8250,00&nbsp;&euro;\" \/>\n\t<meta name=\"twitter:label2\" content=\"Availability\" \/>\n\t<meta name=\"twitter:data2\" content=\"In stock\" \/>\n<script type=\"application\/ld+json\" class=\"yoast-schema-graph\">{\"@context\":\"https:\\\/\\\/schema.org\",\"@graph\":[{\"@type\":\"WebPage\",\"@id\":\"https:\\\/\\\/miil.dev.almic.ee\\\/lv\\\/toode\\\/vagonini-galiga-apdare\\\/\",\"url\":\"https:\\\/\\\/miil.dev.almic.ee\\\/lv\\\/toode\\\/vagonini-galiga-apdare\\\/\",\"name\":\"Containex Basic MIIU0767 akmens apdare - Miil O\u00dc\",\"isPartOf\":{\"@id\":\"https:\\\/\\\/miil.dev.almic.ee\\\/#website\"},\"primaryImageOfPage\":{\"@id\":\"https:\\\/\\\/miil.dev.almic.ee\\\/lv\\\/toode\\\/vagonini-galiga-apdare\\\/#primaryimage\"},\"image\":{\"@id\":\"https:\\\/\\\/miil.dev.almic.ee\\\/lv\\\/toode\\\/vagonini-galiga-apdare\\\/#primaryimage\"},\"thumbnailUrl\":\"https:\\\/\\\/miil.dev.almic.ee\\\/wp-content\\\/uploads\\\/2024\\\/10\\\/Kivi-soojak-2-scaled.jpg\",\"datePublished\":\"2024-10-07T16:15:59+00:00\",\"dateModified\":\"2024-11-11T15:24:40+00:00\",\"description\":\"Vagoni\u0146i - Gal\u012bg\u0101 apdare | Mini m\u0101jas un koted\u017eas | Kaj\u012b\u0161u noma un p\u0101rdo\u0161ana | Transports un remonts | Elektr\u012bbas darbi un apkure\",\"breadcrumb\":{\"@id\":\"https:\\\/\\\/miil.dev.almic.ee\\\/lv\\\/toode\\\/vagonini-galiga-apdare\\\/#breadcrumb\"},\"inLanguage\":\"lv-LV\",\"potentialAction\":[{\"@type\":\"ReadAction\",\"target\":[\"https:\\\/\\\/miil.dev.almic.ee\\\/lv\\\/toode\\\/vagonini-galiga-apdare\\\/\"]}]},{\"@type\":\"ImageObject\",\"inLanguage\":\"lv-LV\",\"@id\":\"https:\\\/\\\/miil.dev.almic.ee\\\/lv\\\/toode\\\/vagonini-galiga-apdare\\\/#primaryimage\",\"url\":\"https:\\\/\\\/miil.dev.almic.ee\\\/wp-content\\\/uploads\\\/2024\\\/10\\\/Kivi-soojak-2-scaled.jpg\",\"contentUrl\":\"https:\\\/\\\/miil.dev.almic.ee\\\/wp-content\\\/uploads\\\/2024\\\/10\\\/Kivi-soojak-2-scaled.jpg\",\"width\":1900,\"height\":1425,\"caption\":\"Soojakute viimistlemine\"},{\"@type\":\"BreadcrumbList\",\"@id\":\"https:\\\/\\\/miil.dev.almic.ee\\\/lv\\\/toode\\\/vagonini-galiga-apdare\\\/#breadcrumb\",\"itemListElement\":[{\"@type\":\"ListItem\",\"position\":1,\"name\":\"Home\",\"item\":\"https:\\\/\\\/miil.dev.almic.ee\\\/lv\\\/\"},{\"@type\":\"ListItem\",\"position\":2,\"name\":\"Veikals\",\"item\":\"https:\\\/\\\/miil.dev.almic.ee\\\/lv\\\/veikals\\\/\"},{\"@type\":\"ListItem\",\"position\":3,\"name\":\"Containex Basic MIIU0767 akmens apdare\"}]},{\"@type\":\"WebSite\",\"@id\":\"https:\\\/\\\/miil.dev.almic.ee\\\/#website\",\"url\":\"https:\\\/\\\/miil.dev.almic.ee\\\/\",\"name\":\"Miil O\u00dc\",\"description\":\"Konteinerveod\",\"publisher\":{\"@id\":\"https:\\\/\\\/miil.dev.almic.ee\\\/#organization\"},\"potentialAction\":[{\"@type\":\"SearchAction\",\"target\":{\"@type\":\"EntryPoint\",\"urlTemplate\":\"https:\\\/\\\/miil.dev.almic.ee\\\/?s={search_term_string}\"},\"query-input\":{\"@type\":\"PropertyValueSpecification\",\"valueRequired\":true,\"valueName\":\"search_term_string\"}}],\"inLanguage\":\"lv-LV\"},{\"@type\":\"Organization\",\"@id\":\"https:\\\/\\\/miil.dev.almic.ee\\\/#organization\",\"name\":\"Miil O\u00dc\",\"url\":\"https:\\\/\\\/miil.dev.almic.ee\\\/\",\"logo\":{\"@type\":\"ImageObject\",\"inLanguage\":\"lv-LV\",\"@id\":\"https:\\\/\\\/miil.dev.almic.ee\\\/#\\\/schema\\\/logo\\\/image\\\/\",\"url\":\"https:\\\/\\\/www.miil.ee\\\/wp-content\\\/uploads\\\/2022\\\/02\\\/Miil-logo.svg\",\"contentUrl\":\"https:\\\/\\\/www.miil.ee\\\/wp-content\\\/uploads\\\/2022\\\/02\\\/Miil-logo.svg\",\"width\":\"1024\",\"height\":\"1024\",\"caption\":\"Miil O\u00dc\"},\"image\":{\"@id\":\"https:\\\/\\\/miil.dev.almic.ee\\\/#\\\/schema\\\/logo\\\/image\\\/\"},\"sameAs\":[\"https:\\\/\\\/www.facebook.com\\\/konteinerveod\\\/\",\"https:\\\/\\\/www.instagram.com\\\/ou_miil\\\/\"]}]}<\/script>\n<meta property=\"product:price:amount\" content=\"8250.00\" \/>\n<meta property=\"product:price:currency\" content=\"EUR\" \/>\n<meta property=\"og:availability\" content=\"instock\" \/>\n<meta property=\"product:availability\" content=\"instock\" \/>\n<meta property=\"product:retailer_item_id\" content=\"MIIU1250\" \/>\n<meta property=\"product:condition\" content=\"new\" \/>\n<!-- \/ Yoast SEO Premium plugin. -->","yoast_head_json":{"title":"Containex Basic MIIU0767 akmens apdare - Miil O\u00dc","description":"Vagoni\u0146i - Gal\u012bg\u0101 apdare | Mini m\u0101jas un koted\u017eas | Kaj\u012b\u0161u noma un p\u0101rdo\u0161ana | Transports un remonts | Elektr\u012bbas darbi un apkure","robots":{"index":"index","follow":"follow","max-snippet":"max-snippet:-1","max-image-preview":"max-image-preview:large","max-video-preview":"max-video-preview:-1"},"canonical":"https:\/\/miil.dev.almic.ee\/lv\/toode\/vagonini-galiga-apdare\/","og_locale":"lv_LV","og_type":"article","og_title":"Containex Basic MIIU0767 akmens apdare","og_description":"Vagoni\u0146i - Gal\u012bg\u0101 apdare | Mini m\u0101jas un koted\u017eas | Kaj\u012b\u0161u noma un p\u0101rdo\u0161ana | Transports un remonts | Elektr\u012bbas darbi un apkure","og_url":"https:\/\/miil.dev.almic.ee\/lv\/toode\/vagonini-galiga-apdare\/","og_site_name":"Miil O\u00dc","article_publisher":"https:\/\/www.facebook.com\/konteinerveod\/","article_modified_time":"2024-11-11T15:24:40+00:00","og_image":[{"width":1900,"height":1425,"url":"https:\/\/miil.dev.almic.ee\/wp-content\/uploads\/2024\/10\/Kivi-soojak-2-scaled.jpg","type":"image\/jpeg"}],"twitter_card":"summary_large_image","twitter_misc":{"Price":"8250,00&nbsp;&euro;","Availability":"In stock"},"schema":{"@context":"https:\/\/schema.org","@graph":[{"@type":"WebPage","@id":"https:\/\/miil.dev.almic.ee\/lv\/toode\/vagonini-galiga-apdare\/","url":"https:\/\/miil.dev.almic.ee\/lv\/toode\/vagonini-galiga-apdare\/","name":"Containex Basic MIIU0767 akmens apdare - Miil O\u00dc","isPartOf":{"@id":"https:\/\/miil.dev.almic.ee\/#website"},"primaryImageOfPage":{"@id":"https:\/\/miil.dev.almic.ee\/lv\/toode\/vagonini-galiga-apdare\/#primaryimage"},"image":{"@id":"https:\/\/miil.dev.almic.ee\/lv\/toode\/vagonini-galiga-apdare\/#primaryimage"},"thumbnailUrl":"https:\/\/miil.dev.almic.ee\/wp-content\/uploads\/2024\/10\/Kivi-soojak-2-scaled.jpg","datePublished":"2024-10-07T16:15:59+00:00","dateModified":"2024-11-11T15:24:40+00:00","description":"Vagoni\u0146i - Gal\u012bg\u0101 apdare | Mini m\u0101jas un koted\u017eas | Kaj\u012b\u0161u noma un p\u0101rdo\u0161ana | Transports un remonts | Elektr\u012bbas darbi un apkure","breadcrumb":{"@id":"https:\/\/miil.dev.almic.ee\/lv\/toode\/vagonini-galiga-apdare\/#breadcrumb"},"inLanguage":"lv-LV","potentialAction":[{"@type":"ReadAction","target":["https:\/\/miil.dev.almic.ee\/lv\/toode\/vagonini-galiga-apdare\/"]}]},{"@type":"ImageObject","inLanguage":"lv-LV","@id":"https:\/\/miil.dev.almic.ee\/lv\/toode\/vagonini-galiga-apdare\/#primaryimage","url":"https:\/\/miil.dev.almic.ee\/wp-content\/uploads\/2024\/10\/Kivi-soojak-2-scaled.jpg","contentUrl":"https:\/\/miil.dev.almic.ee\/wp-content\/uploads\/2024\/10\/Kivi-soojak-2-scaled.jpg","width":1900,"height":1425,"caption":"Soojakute viimistlemine"},{"@type":"BreadcrumbList","@id":"https:\/\/miil.dev.almic.ee\/lv\/toode\/vagonini-galiga-apdare\/#breadcrumb","itemListElement":[{"@type":"ListItem","position":1,"name":"Home","item":"https:\/\/miil.dev.almic.ee\/lv\/"},{"@type":"ListItem","position":2,"name":"Veikals","item":"https:\/\/miil.dev.almic.ee\/lv\/veikals\/"},{"@type":"ListItem","position":3,"name":"Containex Basic MIIU0767 akmens apdare"}]},{"@type":"WebSite","@id":"https:\/\/miil.dev.almic.ee\/#website","url":"https:\/\/miil.dev.almic.ee\/","name":"Miil O\u00dc","description":"Konteinerveod","publisher":{"@id":"https:\/\/miil.dev.almic.ee\/#organization"},"potentialAction":[{"@type":"SearchAction","target":{"@type":"EntryPoint","urlTemplate":"https:\/\/miil.dev.almic.ee\/?s={search_term_string}"},"query-input":{"@type":"PropertyValueSpecification","valueRequired":true,"valueName":"search_term_string"}}],"inLanguage":"lv-LV"},{"@type":"Organization","@id":"https:\/\/miil.dev.almic.ee\/#organization","name":"Miil O\u00dc","url":"https:\/\/miil.dev.almic.ee\/","logo":{"@type":"ImageObject","inLanguage":"lv-LV","@id":"https:\/\/miil.dev.almic.ee\/#\/schema\/logo\/image\/","url":"https:\/\/www.miil.ee\/wp-content\/uploads\/2022\/02\/Miil-logo.svg","contentUrl":"https:\/\/www.miil.ee\/wp-content\/uploads\/2022\/02\/Miil-logo.svg","width":"1024","height":"1024","caption":"Miil O\u00dc"},"image":{"@id":"https:\/\/miil.dev.almic.ee\/#\/schema\/logo\/image\/"},"sameAs":["https:\/\/www.facebook.com\/konteinerveod\/","https:\/\/www.instagram.com\/ou_miil\/"]}]},"product_price_amount":"8250.00","product_price_currency":"EUR","og_availability":"instock","product_availability":"instock","product_retailer_item_id":"MIIU1250","product_condition":"new"},"_links":{"self":[{"href":"https:\/\/miil.dev.almic.ee\/lv\/wp-json\/wp\/v2\/product\/76832","targetHints":{"allow":["GET"]}}],"collection":[{"href":"https:\/\/miil.dev.almic.ee\/lv\/wp-json\/wp\/v2\/product"}],"about":[{"href":"https:\/\/miil.dev.almic.ee\/lv\/wp-json\/wp\/v2\/types\/product"}],"replies":[{"embeddable":true,"href":"https:\/\/miil.dev.almic.ee\/lv\/wp-json\/wp\/v2\/comments?post=76832"}],"wp:featuredmedia":[{"embeddable":true,"href":"https:\/\/miil.dev.almic.ee\/lv\/wp-json\/wp\/v2\/media\/76837"}],"wp:attachment":[{"href":"https:\/\/miil.dev.almic.ee\/lv\/wp-json\/wp\/v2\/media?parent=76832"}],"wp:term":[{"taxonomy":"product_cat","embeddable":true,"href":"https:\/\/miil.dev.almic.ee\/lv\/wp-json\/wp\/v2\/product_cat?post=76832"},{"taxonomy":"product_tag","embeddable":true,"href":"https:\/\/miil.dev.almic.ee\/lv\/wp-json\/wp\/v2\/product_tag?post=76832"}],"curies":[{"name":"wp","href":"https:\/\/api.w.org\/{rel}","templated":true}]}}