{"id":74809,"date":"2024-09-16T15:18:43","date_gmt":"2024-09-16T12:18:43","guid":{"rendered":"https:\/\/www.miil.ee\/?post_type=product&#038;p=74809"},"modified":"2025-03-18T11:10:44","modified_gmt":"2025-03-18T09:10:44","slug":"instrumentu-ratini-metala-darba-galds","status":"publish","type":"product","link":"https:\/\/miil.dev.almic.ee\/lv\/toode\/instrumentu-ratini-metala-darba-galds\/","title":{"rendered":"Instrumentu rati\u0146i + Met\u0101la darba galds"},"content":{"rendered":"<h1>Instrumentu rati\u0146i + Met\u0101la darba galds &#8211; iztur\u012bgs un piln\u012bgs risin\u0101jums katrai telpai.<\/h1>\n<p>Instrumentu rati\u0146i + Met\u0101la darba sols, kas lieliski piem\u0113rots j\u016bras konteineram un ar\u012b da\u017e\u0101d\u0101m telp\u0101m. M\u0113s pied\u0101v\u0101jam jums jaunu produktu, kas ir kvalitat\u012bvs, iztur\u012bgs un reprezentabls.<\/p>\n<p>Sp\u0113c\u012bg\u0101 met\u0101la konstrukcija nodro\u0161ina stabilit\u0101ti un stabilu pamatu ikdienas lieto\u0161anai.<br \/>\nInstrumentu rati\u0146i sast\u0101v no iztur\u012bgiem un kvalitat\u012bviem izstr\u0101d\u0101jumiem.<\/p>\n<p>M\u016bsu p\u0101rdotais komplekts ir lieliski piem\u0113rots konteineram, darbn\u012bcai, gar\u0101\u017eai, studijai vai komercplat\u012bb\u0101m. Solam ir stil\u012bgs un m\u016b\u017e\u012bgs dizains, kas pie\u0161\u0137ir telpai modernu un industri\u0101lu izskatu.<\/p>\n<p>Pateicoties t\u0101 praktiskumam, instrumentu rati\u0146i + met\u0101la darba galds ir daudzpus\u012bga m\u0113bele.<\/p>\n<h2>Instrumentu rati\u0146i + met\u0101la darba galds ietver:<\/h2>\n<p>1\/4&#8243; patrona, \u012bsa 4-4,5-5-5,5-6-7-8-9-10-11-12-13-14 mm<br \/>\n1\/4&#8243; patrona, gara 6-7-8-9-10-11-12-13 mm<br \/>\n1\/4&#8243; Torx patrona E4-E5-E6-E7-E8<br \/>\n1\/4&#8243; plakans patronas gals 4-5,5-6,5 mm<br \/>\n1\/4&#8243; \u0161\u0137\u0113rspatrona PH1-PH2-PZ1-PZ2<br \/>\n1\/4&#8243; se\u0161st\u016bra ligzdas galva 3-4-5-6 mm<br \/>\n1\/4&#8243; Torx patrona T8-T10-T15-T20-T25-T27-T30<br \/>\n1\/4&#8243; uzgrie\u017e\u0146u atsl\u0113ga, nob\u012bde, 72 zobi, patronas sl\u0113dzene<br \/>\n1\/4&#8243; pagarin\u0101juma v\u0101rpsta 50-100 mm<br \/>\n1\/4\u201d T veida rokturis<br \/>\n1\/4\u201d skr\u016bvgrie\u017ea rokturis<br \/>\n1\/4\u201d kard\u0101na kard\u0101ns<br \/>\nkrustveida uzgalis PH3-PH4-PZ3-PZ4<br \/>\npl\u0101kstera pinums SL8-SL10-SL12 mm<br \/>\nse\u0161st\u016bra gals 7-8-10-12-14 mm<br \/>\nTorx uzgalis T40-T45-T50-T55-T60<br \/>\nPatrona 1\/2&#8243; uzga\u013cu pagrie\u0161anai<br \/>\n1\/2&#8243; \u012bsa patrona 10-11-12-13-14-15-16-17-18-19-21-22-23-24-27-30-32 mm<br \/>\n1\/2&#8243; gara patrona 14-15-17-19-22 mm<br \/>\n1\/2&#8243; sve\u010dturis 16-21 mm<br \/>\n1\/2&#8243; pagarin\u0101juma svira 125-250 mm<br \/>\n1\/2\u201d T veida roktura adapteris<br \/>\n1\/2\u201d kard\u0101na kard\u0101ns<br \/>\n1\/2&#8243; uzgrie\u017e\u0146u atsl\u0113ga, nob\u012bde, 72 zobi, k\u0101rtrid\u017eu sl\u0113dzene<br \/>\nuzgrie\u017e\u0146u atsl\u0113gas nob\u012bde 6&#215;7-8&#215;9-10&#215;11-12&#215;13-14&#215;15-16&#215;17-18&#215;19-20&#215;22 mm<br \/>\nbezgala uzgrie\u017e\u0146u atsl\u0113ga, saliekta 6-7-8-9-10-11-12-13-14-15-16-17-18-19-20-21-21-22-24 mm<br \/>\nplakanais skr\u016bvgriezis SL 6&#215;38-3&#215;100-5&#215;75-6&#215;100-8&#215;150-10&#215;200 mm<br \/>\nskr\u016bvgrie\u017ea krusts PH PH2x38-PH0x75-PH1x100-PH2x100-PH3X150-PH4X200 mm<br \/>\nmini L-se\u0161st\u016bris, 5-da\u013c<br \/>\nL-se\u0161st\u016bris, gar\u0101ks lod\u012b\u0161u gals 9-da\u013c<br \/>\nL-Torx, 9 gab<br \/>\nvanaga kn\u0101bji, ar blo\u0137\u0113\u0161anas pogu 250 mm<br \/>\ngrie\u0161anas knaibles 150 mm<br \/>\nknaibles ar asiem galiem 200 mm<br \/>\nblo\u0137\u0113\u0161anas gredzena knaibles iek\u0161pus\u0113-\u0101rpus un taisni<br \/>\nsl\u0113dzamas sk\u0101rdnieka knaibles 250 mm<br \/>\nm\u0113rlente 3 m<br \/>\nplastmasas \u0101murs ar 340 mm koka rokturi<br \/>\nlod\u012b\u0161u \u0101murs ar \u0161\u0137iedras v\u0101rpstu 310 mm<\/p>\n<p>&nbsp;<\/p>\n<p><strong>Kop\u0113jie izm\u0113ri:<\/strong><\/p>\n<ul>\n<li>Augstums: 195 cm<\/li>\n<li>Platums: 264 cm<\/li>\n<li>Dzi\u013cums: 52,5 cm<\/li>\n<li>Galda virsmas augstums: 93,5 cm<\/li>\n<\/ul>\n<p>Ide\u0101ls risin\u0101jums j\u016bsu darba vietai!<\/p>\n<p>Sekojiet mums <a href=\"https:\/\/www.facebook.com\/konteinerveod\/\">Facebook<\/a> vai <a href=\"https:\/\/www.instagram.com\/ou_miil\/\">Instagram.<\/a><\/p>\n","protected":false},"excerpt":{"rendered":"<p>Met\u0101la darba sols<\/p>\n","protected":false},"featured_media":74814,"comment_status":"closed","ping_status":"closed","template":"","meta":{"_acf_changed":false},"product_cat":[336],"product_tag":[],"class_list":{"0":"post-74809","1":"product","2":"type-product","3":"status-publish","4":"has-post-thumbnail","6":"product_cat-papildu-piederumi","8":"first","9":"instock","10":"sale","11":"shipping-taxable","12":"purchasable","13":"product-type-simple"},"acf":[],"yoast_head":"<!-- This site is optimized with the Yoast SEO Premium plugin v23.9 (Yoast SEO v27.5) - https:\/\/yoast.com\/product\/yoast-seo-premium-wordpress\/ -->\n<title>Instrumentu rati\u0146i + Met\u0101la darba galds - Miil O\u00dc<\/title>\n<meta name=\"description\" content=\"Instrumentu rati\u0146i + Met\u0101la darba galds | Juras konteiners izp\u0101rdo\u0161ana | Juras konteiners \u012br\u0113t | tiek p\u0101rdota biroja kab\u012bne | Juras konteiners transport |\" \/>\n<meta name=\"robots\" content=\"index, follow, max-snippet:-1, max-image-preview:large, max-video-preview:-1\" \/>\n<link rel=\"canonical\" href=\"https:\/\/miil.dev.almic.ee\/lv\/toode\/instrumentu-ratini-metala-darba-galds\/\" \/>\n<meta property=\"og:locale\" content=\"lv_LV\" \/>\n<meta property=\"og:type\" content=\"article\" \/>\n<meta property=\"og:title\" content=\"Instrumentu rati\u0146i + Met\u0101la darba galds\" \/>\n<meta property=\"og:description\" content=\"Instrumentu rati\u0146i + Met\u0101la darba galds | Juras konteiners izp\u0101rdo\u0161ana | Juras konteiners \u012br\u0113t | tiek p\u0101rdota biroja kab\u012bne | Juras konteiners transport |\" \/>\n<meta property=\"og:url\" content=\"https:\/\/miil.dev.almic.ee\/lv\/toode\/instrumentu-ratini-metala-darba-galds\/\" \/>\n<meta property=\"og:site_name\" content=\"Miil O\u00dc\" \/>\n<meta property=\"article:publisher\" content=\"https:\/\/www.facebook.com\/konteinerveod\/\" \/>\n<meta property=\"article:modified_time\" content=\"2025-03-18T09:10:44+00:00\" \/>\n<meta property=\"og:image\" content=\"https:\/\/miil.dev.almic.ee\/wp-content\/uploads\/2024\/09\/Tookoha-moodul2.jpg\" \/>\n\t<meta property=\"og:image:width\" content=\"986\" \/>\n\t<meta property=\"og:image:height\" content=\"818\" \/>\n\t<meta property=\"og:image:type\" content=\"image\/jpeg\" \/>\n<meta name=\"twitter:card\" content=\"summary_large_image\" \/>\n<meta name=\"twitter:label1\" content=\"Price\" \/>\n\t<meta name=\"twitter:data1\" content=\"1990,00&nbsp;&euro;\" \/>\n\t<meta name=\"twitter:label2\" content=\"Availability\" \/>\n\t<meta name=\"twitter:data2\" content=\"In stock\" \/>\n<script type=\"application\/ld+json\" class=\"yoast-schema-graph\">{\"@context\":\"https:\\\/\\\/schema.org\",\"@graph\":[{\"@type\":\"WebPage\",\"@id\":\"https:\\\/\\\/miil.dev.almic.ee\\\/lv\\\/toode\\\/instrumentu-ratini-metala-darba-galds\\\/\",\"url\":\"https:\\\/\\\/miil.dev.almic.ee\\\/lv\\\/toode\\\/instrumentu-ratini-metala-darba-galds\\\/\",\"name\":\"Instrumentu rati\u0146i + Met\u0101la darba galds - Miil O\u00dc\",\"isPartOf\":{\"@id\":\"https:\\\/\\\/miil.dev.almic.ee\\\/#website\"},\"primaryImageOfPage\":{\"@id\":\"https:\\\/\\\/miil.dev.almic.ee\\\/lv\\\/toode\\\/instrumentu-ratini-metala-darba-galds\\\/#primaryimage\"},\"image\":{\"@id\":\"https:\\\/\\\/miil.dev.almic.ee\\\/lv\\\/toode\\\/instrumentu-ratini-metala-darba-galds\\\/#primaryimage\"},\"thumbnailUrl\":\"https:\\\/\\\/miil.dev.almic.ee\\\/wp-content\\\/uploads\\\/2024\\\/09\\\/Tookoha-moodul2.jpg\",\"datePublished\":\"2024-09-16T12:18:43+00:00\",\"dateModified\":\"2025-03-18T09:10:44+00:00\",\"description\":\"Instrumentu rati\u0146i + Met\u0101la darba galds | Juras konteiners izp\u0101rdo\u0161ana | Juras konteiners \u012br\u0113t | tiek p\u0101rdota biroja kab\u012bne | Juras konteiners transport |\",\"breadcrumb\":{\"@id\":\"https:\\\/\\\/miil.dev.almic.ee\\\/lv\\\/toode\\\/instrumentu-ratini-metala-darba-galds\\\/#breadcrumb\"},\"inLanguage\":\"lv-LV\",\"potentialAction\":[{\"@type\":\"ReadAction\",\"target\":[\"https:\\\/\\\/miil.dev.almic.ee\\\/lv\\\/toode\\\/instrumentu-ratini-metala-darba-galds\\\/\"]}]},{\"@type\":\"ImageObject\",\"inLanguage\":\"lv-LV\",\"@id\":\"https:\\\/\\\/miil.dev.almic.ee\\\/lv\\\/toode\\\/instrumentu-ratini-metala-darba-galds\\\/#primaryimage\",\"url\":\"https:\\\/\\\/miil.dev.almic.ee\\\/wp-content\\\/uploads\\\/2024\\\/09\\\/Tookoha-moodul2.jpg\",\"contentUrl\":\"https:\\\/\\\/miil.dev.almic.ee\\\/wp-content\\\/uploads\\\/2024\\\/09\\\/Tookoha-moodul2.jpg\",\"width\":986,\"height\":818,\"caption\":\"T\u00f6\u00f6riistak\u00e4ru + t\u00f6\u00f6riistalaud\"},{\"@type\":\"BreadcrumbList\",\"@id\":\"https:\\\/\\\/miil.dev.almic.ee\\\/lv\\\/toode\\\/instrumentu-ratini-metala-darba-galds\\\/#breadcrumb\",\"itemListElement\":[{\"@type\":\"ListItem\",\"position\":1,\"name\":\"Home\",\"item\":\"https:\\\/\\\/miil.dev.almic.ee\\\/lv\\\/\"},{\"@type\":\"ListItem\",\"position\":2,\"name\":\"Veikals\",\"item\":\"https:\\\/\\\/miil.dev.almic.ee\\\/lv\\\/veikals\\\/\"},{\"@type\":\"ListItem\",\"position\":3,\"name\":\"Instrumentu rati\u0146i + Met\u0101la darba galds\"}]},{\"@type\":\"WebSite\",\"@id\":\"https:\\\/\\\/miil.dev.almic.ee\\\/#website\",\"url\":\"https:\\\/\\\/miil.dev.almic.ee\\\/\",\"name\":\"Miil O\u00dc\",\"description\":\"Konteinerveod\",\"publisher\":{\"@id\":\"https:\\\/\\\/miil.dev.almic.ee\\\/#organization\"},\"potentialAction\":[{\"@type\":\"SearchAction\",\"target\":{\"@type\":\"EntryPoint\",\"urlTemplate\":\"https:\\\/\\\/miil.dev.almic.ee\\\/?s={search_term_string}\"},\"query-input\":{\"@type\":\"PropertyValueSpecification\",\"valueRequired\":true,\"valueName\":\"search_term_string\"}}],\"inLanguage\":\"lv-LV\"},{\"@type\":\"Organization\",\"@id\":\"https:\\\/\\\/miil.dev.almic.ee\\\/#organization\",\"name\":\"Miil O\u00dc\",\"url\":\"https:\\\/\\\/miil.dev.almic.ee\\\/\",\"logo\":{\"@type\":\"ImageObject\",\"inLanguage\":\"lv-LV\",\"@id\":\"https:\\\/\\\/miil.dev.almic.ee\\\/#\\\/schema\\\/logo\\\/image\\\/\",\"url\":\"https:\\\/\\\/www.miil.ee\\\/wp-content\\\/uploads\\\/2022\\\/02\\\/Miil-logo.svg\",\"contentUrl\":\"https:\\\/\\\/www.miil.ee\\\/wp-content\\\/uploads\\\/2022\\\/02\\\/Miil-logo.svg\",\"width\":\"1024\",\"height\":\"1024\",\"caption\":\"Miil O\u00dc\"},\"image\":{\"@id\":\"https:\\\/\\\/miil.dev.almic.ee\\\/#\\\/schema\\\/logo\\\/image\\\/\"},\"sameAs\":[\"https:\\\/\\\/www.facebook.com\\\/konteinerveod\\\/\",\"https:\\\/\\\/www.instagram.com\\\/ou_miil\\\/\"]}]}<\/script>\n<meta property=\"product:price:amount\" content=\"1990.00\" \/>\n<meta property=\"product:price:currency\" content=\"EUR\" \/>\n<meta property=\"og:availability\" content=\"instock\" \/>\n<meta property=\"product:availability\" content=\"instock\" \/>\n<meta property=\"product:condition\" content=\"new\" \/>\n<!-- \/ Yoast SEO Premium plugin. -->","yoast_head_json":{"title":"Instrumentu rati\u0146i + Met\u0101la darba galds - Miil O\u00dc","description":"Instrumentu rati\u0146i + Met\u0101la darba galds | Juras konteiners izp\u0101rdo\u0161ana | Juras konteiners \u012br\u0113t | tiek p\u0101rdota biroja kab\u012bne | Juras konteiners transport |","robots":{"index":"index","follow":"follow","max-snippet":"max-snippet:-1","max-image-preview":"max-image-preview:large","max-video-preview":"max-video-preview:-1"},"canonical":"https:\/\/miil.dev.almic.ee\/lv\/toode\/instrumentu-ratini-metala-darba-galds\/","og_locale":"lv_LV","og_type":"article","og_title":"Instrumentu rati\u0146i + Met\u0101la darba galds","og_description":"Instrumentu rati\u0146i + Met\u0101la darba galds | Juras konteiners izp\u0101rdo\u0161ana | Juras konteiners \u012br\u0113t | tiek p\u0101rdota biroja kab\u012bne | Juras konteiners transport |","og_url":"https:\/\/miil.dev.almic.ee\/lv\/toode\/instrumentu-ratini-metala-darba-galds\/","og_site_name":"Miil O\u00dc","article_publisher":"https:\/\/www.facebook.com\/konteinerveod\/","article_modified_time":"2025-03-18T09:10:44+00:00","og_image":[{"width":986,"height":818,"url":"https:\/\/miil.dev.almic.ee\/wp-content\/uploads\/2024\/09\/Tookoha-moodul2.jpg","type":"image\/jpeg"}],"twitter_card":"summary_large_image","twitter_misc":{"Price":"1990,00&nbsp;&euro;","Availability":"In stock"},"schema":{"@context":"https:\/\/schema.org","@graph":[{"@type":"WebPage","@id":"https:\/\/miil.dev.almic.ee\/lv\/toode\/instrumentu-ratini-metala-darba-galds\/","url":"https:\/\/miil.dev.almic.ee\/lv\/toode\/instrumentu-ratini-metala-darba-galds\/","name":"Instrumentu rati\u0146i + Met\u0101la darba galds - Miil O\u00dc","isPartOf":{"@id":"https:\/\/miil.dev.almic.ee\/#website"},"primaryImageOfPage":{"@id":"https:\/\/miil.dev.almic.ee\/lv\/toode\/instrumentu-ratini-metala-darba-galds\/#primaryimage"},"image":{"@id":"https:\/\/miil.dev.almic.ee\/lv\/toode\/instrumentu-ratini-metala-darba-galds\/#primaryimage"},"thumbnailUrl":"https:\/\/miil.dev.almic.ee\/wp-content\/uploads\/2024\/09\/Tookoha-moodul2.jpg","datePublished":"2024-09-16T12:18:43+00:00","dateModified":"2025-03-18T09:10:44+00:00","description":"Instrumentu rati\u0146i + Met\u0101la darba galds | Juras konteiners izp\u0101rdo\u0161ana | Juras konteiners \u012br\u0113t | tiek p\u0101rdota biroja kab\u012bne | Juras konteiners transport |","breadcrumb":{"@id":"https:\/\/miil.dev.almic.ee\/lv\/toode\/instrumentu-ratini-metala-darba-galds\/#breadcrumb"},"inLanguage":"lv-LV","potentialAction":[{"@type":"ReadAction","target":["https:\/\/miil.dev.almic.ee\/lv\/toode\/instrumentu-ratini-metala-darba-galds\/"]}]},{"@type":"ImageObject","inLanguage":"lv-LV","@id":"https:\/\/miil.dev.almic.ee\/lv\/toode\/instrumentu-ratini-metala-darba-galds\/#primaryimage","url":"https:\/\/miil.dev.almic.ee\/wp-content\/uploads\/2024\/09\/Tookoha-moodul2.jpg","contentUrl":"https:\/\/miil.dev.almic.ee\/wp-content\/uploads\/2024\/09\/Tookoha-moodul2.jpg","width":986,"height":818,"caption":"T\u00f6\u00f6riistak\u00e4ru + t\u00f6\u00f6riistalaud"},{"@type":"BreadcrumbList","@id":"https:\/\/miil.dev.almic.ee\/lv\/toode\/instrumentu-ratini-metala-darba-galds\/#breadcrumb","itemListElement":[{"@type":"ListItem","position":1,"name":"Home","item":"https:\/\/miil.dev.almic.ee\/lv\/"},{"@type":"ListItem","position":2,"name":"Veikals","item":"https:\/\/miil.dev.almic.ee\/lv\/veikals\/"},{"@type":"ListItem","position":3,"name":"Instrumentu rati\u0146i + Met\u0101la darba galds"}]},{"@type":"WebSite","@id":"https:\/\/miil.dev.almic.ee\/#website","url":"https:\/\/miil.dev.almic.ee\/","name":"Miil O\u00dc","description":"Konteinerveod","publisher":{"@id":"https:\/\/miil.dev.almic.ee\/#organization"},"potentialAction":[{"@type":"SearchAction","target":{"@type":"EntryPoint","urlTemplate":"https:\/\/miil.dev.almic.ee\/?s={search_term_string}"},"query-input":{"@type":"PropertyValueSpecification","valueRequired":true,"valueName":"search_term_string"}}],"inLanguage":"lv-LV"},{"@type":"Organization","@id":"https:\/\/miil.dev.almic.ee\/#organization","name":"Miil O\u00dc","url":"https:\/\/miil.dev.almic.ee\/","logo":{"@type":"ImageObject","inLanguage":"lv-LV","@id":"https:\/\/miil.dev.almic.ee\/#\/schema\/logo\/image\/","url":"https:\/\/www.miil.ee\/wp-content\/uploads\/2022\/02\/Miil-logo.svg","contentUrl":"https:\/\/www.miil.ee\/wp-content\/uploads\/2022\/02\/Miil-logo.svg","width":"1024","height":"1024","caption":"Miil O\u00dc"},"image":{"@id":"https:\/\/miil.dev.almic.ee\/#\/schema\/logo\/image\/"},"sameAs":["https:\/\/www.facebook.com\/konteinerveod\/","https:\/\/www.instagram.com\/ou_miil\/"]}]},"product_price_amount":"1990.00","product_price_currency":"EUR","og_availability":"instock","product_availability":"instock","product_condition":"new"},"_links":{"self":[{"href":"https:\/\/miil.dev.almic.ee\/lv\/wp-json\/wp\/v2\/product\/74809","targetHints":{"allow":["GET"]}}],"collection":[{"href":"https:\/\/miil.dev.almic.ee\/lv\/wp-json\/wp\/v2\/product"}],"about":[{"href":"https:\/\/miil.dev.almic.ee\/lv\/wp-json\/wp\/v2\/types\/product"}],"replies":[{"embeddable":true,"href":"https:\/\/miil.dev.almic.ee\/lv\/wp-json\/wp\/v2\/comments?post=74809"}],"wp:featuredmedia":[{"embeddable":true,"href":"https:\/\/miil.dev.almic.ee\/lv\/wp-json\/wp\/v2\/media\/74814"}],"wp:attachment":[{"href":"https:\/\/miil.dev.almic.ee\/lv\/wp-json\/wp\/v2\/media?parent=74809"}],"wp:term":[{"taxonomy":"product_cat","embeddable":true,"href":"https:\/\/miil.dev.almic.ee\/lv\/wp-json\/wp\/v2\/product_cat?post=74809"},{"taxonomy":"product_tag","embeddable":true,"href":"https:\/\/miil.dev.almic.ee\/lv\/wp-json\/wp\/v2\/product_tag?post=74809"}],"curies":[{"name":"wp","href":"https:\/\/api.w.org\/{rel}","templated":true}]}}