{"id":72790,"date":"2024-08-21T09:52:57","date_gmt":"2024-08-21T06:52:58","guid":{"rendered":"https:\/\/www.miil.ee\/?post_type=product&#038;p=72790"},"modified":"2025-03-10T16:56:31","modified_gmt":"2025-03-10T14:56:31","slug":"20dc-iso-tank-piegades-laiks-21-dienas","status":"publish","type":"product","link":"https:\/\/miil.dev.almic.ee\/lv\/toode\/20dc-iso-tank-piegades-laiks-21-dienas\/","title":{"rendered":"20DC ISO tank &#8211; MIIU0000004 JAUNS"},"content":{"rendered":"<h1>20DC ISO tank &#8211; MIIU0000004 JAUNS &#8211; Tvert\u0146u konteineru \/ \u0161\u0137idruma konteineru tirdzniec\u012bba.<\/h1>\n<p>P\u0101rdodu tvertnes konteineru \/ \u0161\u0137idruma konteineru, \u0161is konteiners ir jauns, ra\u017eots m\u016bsu \u0100zij\u0101 08.2024.<br \/>\nTvertnes konteiners ir piem\u0113rots da\u017e\u0101du \u0161\u0137idrumu uzglab\u0101\u0161anai vai transport\u0113\u0161anai.<br \/>\n\u0160im konteineram ir 20DC j\u016bras konteinera izm\u0113ri, to var pacelt un p\u0101rvietot ar transporta l\u012bdzek\u013ciem, kas paredz\u0113ti j\u016bras konteineru p\u0101rvad\u0101\u0161anai.<br \/>\nCisterna konteineram ir nepiecie\u0161amie sertifik\u0101ti izmanto\u0161anai j\u016bras p\u0101rvad\u0101jumos.<\/p>\n<h2>20DC ISO tank &#8211; MIIU0000004 JAUNS &#8211; Tvert\u0146u konteiners k\u0101 uzglab\u0101\u0161ana un noma<\/h2>\n<p>20DC ISO tank &#8211; MIIU0000004 JAUNS &#8211; \u0160\u0101ds konteiners ir piem\u0113rots ar\u012b uzglab\u0101\u0161anai uz vietas vai siltuma uzglab\u0101\u0161anai.<br \/>\n\u0160\u0101ds konteiners tiek izmantots, piem\u0113ram, p\u0101rtikas produktu, l\u012bmju, paraf\u012bna vai ko citu transport\u0113\u0161anai.<br \/>\nTvertni var sild\u012bt ar tvaiku.<br \/>\nTvert\u0146u konteinera \u0161\u0137idruma konteinera p\u0101rdo\u0161ana vai noma? L\u016bdziet pied\u0101v\u0101jumu ar\u012b ilgtermi\u0146a nomai info@miil.ee<\/p>\n<h2>Apkures tvertnes konteineri<\/h2>\n<p>Mums ir divas speci\u0101li uzb\u016bv\u0113tas katlum\u0101jas Iso tvert\u0146u konteineru apkurei.<br \/>\nM\u0113s varam piel\u0101got temperat\u016bru atbilsto\u0161i klienta vajadz\u012bb\u0101m un sild\u012bt tvertnes visu gadu.<br \/>\nVienlaic\u012bgi iesp\u0113jams uzsild\u012bt l\u012bdz 6 \u0161\u0137idruma tvertn\u0113m.<br \/>\nPapildus katlum\u0101jai mums ir ar\u012b nepiecie\u0161amais apr\u012bkojums un kompetence, piem\u0113ram, piekabes mucu, \u0161\u013c\u016bte\u0146u transport\u0113\u0161anai un ADR apm\u0101c\u012bbai.<\/p>\n<h2>M\u016bsu tehnolo\u0123ijas ir modernas, un m\u016bsu vad\u012bt\u0101ji ir augsti apm\u0101c\u012bti.<\/h2>\n<ul>\n<li>J\u016bras konteineru tirdzniec\u012bba<\/li>\n<li>J\u016bras konteineru noma<\/li>\n<li>J\u016bras konteineru atg\u016b\u0161ana<\/li>\n<li>J\u016bras konteineru remonts<\/li>\n<li>J\u016bras konteineru uzglab\u0101\u0161ana<\/li>\n<li>Apkures bateriju tirdzniec\u012bba<\/li>\n<li>Sild\u012bt\u0101ju noma<\/li>\n<li>Mini m\u0101ju p\u0101rdo\u0161ana<\/li>\n<li>Iz\u012br\u0113 mini m\u0101jas<\/li>\n<li>Transports<\/li>\n<li>Depo serviss<\/li>\n<\/ul>\n<h2>transport\u0113\u0161ana un pacel\u0161ana?<\/h2>\n<p>P\u0113c piem\u0113rota konteinera izv\u0113les varam veikt iepako\u0161anu un transport\u0113\u0161anu.<br \/>\nP\u0101rvad\u0101\u0161anai parasti izmantojam<span>\u00a0<\/span><a href=\"https:\/\/www.miil.ee\/lv\/pakalpojumi\/celtnis\/\">celtnis<\/a><span>\u00a0<\/span>vai<span>\u00a0<\/span><a href=\"https:\/\/www.miil.ee\/lv\/pakalpojumi\/sanu-iekraveji-sideloader\/\">s\u0101nu iekr\u0101v\u0113ju.<\/a><br \/>\nM\u0113s izmantojam<span>\u00a0<\/span><a href=\"https:\/\/www.miil.ee\/lv\/pakalpojumi\/ram-pasizgazejs\/\">RAM backloader<\/a>, lai aptvertu vissare\u017e\u0123\u012bt\u0101k\u0101s vietas.<br \/>\nP\u0113c t\u0101 ieg\u0101des m\u0113s glab\u0101jam j\u016bsu konteineru m\u016bsu termin\u0101l\u012b bez maksas l\u012bdz se\u0161iem m\u0113ne\u0161iem.<br \/>\nVienm\u0113r iesp\u0113jams vienoties par ilg\u0101ku laiku.<br \/>\nPiem\u0113ram, ja vieta v\u0113l nav gatava vai pieejama konteinera pieg\u0101dei.<br \/>\nT\u0101d\u0101 gad\u012bjum\u0101 konteinera cena nemain\u012bsies un var\u0113siet b\u016bt dro\u0161s, ka izv\u0113l\u0113to konteineru sa\u0146emsiet norun\u0101taj\u0101 laik\u0101.<\/p>\n<ul>\n<li>Lab\u0101k\u0101s cenas garantija \u2013 m\u0113s vienm\u0113r pied\u0101v\u0101jam konteineram lab\u0101ko pied\u0101v\u0101jumu.<\/li>\n<\/ul>\n<p>Sekojiet mums<span>\u00a0<\/span><a href=\"https:\/\/www.facebook.com\/konteinerveod\/\">Facebook<\/a><span>\u00a0<\/span>vai<span>\u00a0<\/span><a href=\"https:\/\/www.instagram.com\/ou_miil\/\">Instagram.<\/a><\/p>\n","protected":false},"excerpt":{"rendered":"<p>20DC ISO tvert\u0146u konteiners ir jauns, ra\u017eots 08.2024 \u0100zij\u0101, un to var izmantot \u0161\u0137idrumu uzglab\u0101\u0161anai vai transport\u0113\u0161anai, tam ir nepiecie\u0161amie sertifik\u0101ti j\u016bras p\u0101rvad\u0101jumiem. \u0160\u0101ds konteiners ir piem\u0113rots ar\u012b uz vietas uzglab\u0101\u0161anai un siltuma uzglab\u0101\u0161anai, un to var sild\u012bt ar tvaiku, pied\u0101v\u0101jot ar\u012b iesp\u0113ju ilgtermi\u0146a nomai.<\/p>\n","protected":false},"featured_media":79555,"comment_status":"closed","ping_status":"closed","template":"","meta":{"_acf_changed":false},"product_cat":[356,452],"product_tag":[],"class_list":{"0":"post-72790","1":"product","2":"type-product","3":"status-publish","4":"has-post-thumbnail","6":"product_cat-jauni-konteineri","7":"product_cat-20-6-metri-lv","9":"first","10":"instock","11":"sale","12":"shipping-taxable","13":"purchasable","14":"product-type-simple"},"acf":[],"yoast_head":"<!-- This site is optimized with the Yoast SEO Premium plugin v23.9 (Yoast SEO v27.5) - https:\/\/yoast.com\/product\/yoast-seo-premium-wordpress\/ -->\n<title>20DC ISO tank - MIIU0000004 JAUNS - Miil O\u00dc<\/title>\n<meta name=\"description\" content=\"20DC ISO tank - MIIU0000004 JAUNS \/ \u0161\u0137idruma konteineru | Tvertnes konteiners ir piem\u0113rots da\u017e\u0101du \u0161\u0137idrumu uzglab\u0101\u0161anai vai transport\u0113\u0161anai |\" \/>\n<meta name=\"robots\" content=\"index, follow, max-snippet:-1, max-image-preview:large, max-video-preview:-1\" \/>\n<link rel=\"canonical\" href=\"https:\/\/miil.dev.almic.ee\/lv\/toode\/20dc-iso-tank-piegades-laiks-21-dienas\/\" \/>\n<meta property=\"og:locale\" content=\"lv_LV\" \/>\n<meta property=\"og:type\" content=\"article\" \/>\n<meta property=\"og:title\" content=\"20DC ISO tank - MIIU0000004 JAUNS\" \/>\n<meta property=\"og:description\" content=\"20DC ISO tank - MIIU0000004 JAUNS \/ \u0161\u0137idruma konteineru | Tvertnes konteiners ir piem\u0113rots da\u017e\u0101du \u0161\u0137idrumu uzglab\u0101\u0161anai vai transport\u0113\u0161anai |\" \/>\n<meta property=\"og:url\" content=\"https:\/\/miil.dev.almic.ee\/lv\/toode\/20dc-iso-tank-piegades-laiks-21-dienas\/\" \/>\n<meta property=\"og:site_name\" content=\"Miil O\u00dc\" \/>\n<meta property=\"article:publisher\" content=\"https:\/\/www.facebook.com\/konteinerveod\/\" \/>\n<meta property=\"article:modified_time\" content=\"2025-03-10T14:56:31+00:00\" \/>\n<meta property=\"og:image\" content=\"https:\/\/miil.dev.almic.ee\/wp-content\/uploads\/2024\/08\/fd3f951f-a5fc-4646-9576-df994136ead2-scaled.jpg\" \/>\n\t<meta property=\"og:image:width\" content=\"1900\" \/>\n\t<meta property=\"og:image:height\" content=\"1425\" \/>\n\t<meta property=\"og:image:type\" content=\"image\/jpeg\" \/>\n<meta name=\"twitter:card\" content=\"summary_large_image\" \/>\n<meta name=\"twitter:label1\" content=\"Price\" \/>\n\t<meta name=\"twitter:data1\" content=\"19990,00&nbsp;&euro;\" \/>\n\t<meta name=\"twitter:label2\" content=\"Availability\" \/>\n\t<meta name=\"twitter:data2\" content=\"In stock\" \/>\n<script type=\"application\/ld+json\" class=\"yoast-schema-graph\">{\"@context\":\"https:\\\/\\\/schema.org\",\"@graph\":[{\"@type\":\"WebPage\",\"@id\":\"https:\\\/\\\/miil.dev.almic.ee\\\/lv\\\/toode\\\/20dc-iso-tank-piegades-laiks-21-dienas\\\/\",\"url\":\"https:\\\/\\\/miil.dev.almic.ee\\\/lv\\\/toode\\\/20dc-iso-tank-piegades-laiks-21-dienas\\\/\",\"name\":\"20DC ISO tank - MIIU0000004 JAUNS - Miil O\u00dc\",\"isPartOf\":{\"@id\":\"https:\\\/\\\/miil.dev.almic.ee\\\/#website\"},\"primaryImageOfPage\":{\"@id\":\"https:\\\/\\\/miil.dev.almic.ee\\\/lv\\\/toode\\\/20dc-iso-tank-piegades-laiks-21-dienas\\\/#primaryimage\"},\"image\":{\"@id\":\"https:\\\/\\\/miil.dev.almic.ee\\\/lv\\\/toode\\\/20dc-iso-tank-piegades-laiks-21-dienas\\\/#primaryimage\"},\"thumbnailUrl\":\"https:\\\/\\\/miil.dev.almic.ee\\\/wp-content\\\/uploads\\\/2024\\\/08\\\/fd3f951f-a5fc-4646-9576-df994136ead2-scaled.jpg\",\"datePublished\":\"2024-08-21T06:52:58+00:00\",\"dateModified\":\"2025-03-10T14:56:31+00:00\",\"description\":\"20DC ISO tank - MIIU0000004 JAUNS \\\/ \u0161\u0137idruma konteineru | Tvertnes konteiners ir piem\u0113rots da\u017e\u0101du \u0161\u0137idrumu uzglab\u0101\u0161anai vai transport\u0113\u0161anai |\",\"breadcrumb\":{\"@id\":\"https:\\\/\\\/miil.dev.almic.ee\\\/lv\\\/toode\\\/20dc-iso-tank-piegades-laiks-21-dienas\\\/#breadcrumb\"},\"inLanguage\":\"lv-LV\",\"potentialAction\":[{\"@type\":\"ReadAction\",\"target\":[\"https:\\\/\\\/miil.dev.almic.ee\\\/lv\\\/toode\\\/20dc-iso-tank-piegades-laiks-21-dienas\\\/\"]}]},{\"@type\":\"ImageObject\",\"inLanguage\":\"lv-LV\",\"@id\":\"https:\\\/\\\/miil.dev.almic.ee\\\/lv\\\/toode\\\/20dc-iso-tank-piegades-laiks-21-dienas\\\/#primaryimage\",\"url\":\"https:\\\/\\\/miil.dev.almic.ee\\\/wp-content\\\/uploads\\\/2024\\\/08\\\/fd3f951f-a5fc-4646-9576-df994136ead2-scaled.jpg\",\"contentUrl\":\"https:\\\/\\\/miil.dev.almic.ee\\\/wp-content\\\/uploads\\\/2024\\\/08\\\/fd3f951f-a5fc-4646-9576-df994136ead2-scaled.jpg\",\"width\":1900,\"height\":1425},{\"@type\":\"BreadcrumbList\",\"@id\":\"https:\\\/\\\/miil.dev.almic.ee\\\/lv\\\/toode\\\/20dc-iso-tank-piegades-laiks-21-dienas\\\/#breadcrumb\",\"itemListElement\":[{\"@type\":\"ListItem\",\"position\":1,\"name\":\"Home\",\"item\":\"https:\\\/\\\/miil.dev.almic.ee\\\/lv\\\/\"},{\"@type\":\"ListItem\",\"position\":2,\"name\":\"Veikals\",\"item\":\"https:\\\/\\\/miil.dev.almic.ee\\\/lv\\\/veikals\\\/\"},{\"@type\":\"ListItem\",\"position\":3,\"name\":\"20DC ISO tank &#8211; MIIU0000004 JAUNS\"}]},{\"@type\":\"WebSite\",\"@id\":\"https:\\\/\\\/miil.dev.almic.ee\\\/#website\",\"url\":\"https:\\\/\\\/miil.dev.almic.ee\\\/\",\"name\":\"Miil O\u00dc\",\"description\":\"Konteinerveod\",\"publisher\":{\"@id\":\"https:\\\/\\\/miil.dev.almic.ee\\\/#organization\"},\"potentialAction\":[{\"@type\":\"SearchAction\",\"target\":{\"@type\":\"EntryPoint\",\"urlTemplate\":\"https:\\\/\\\/miil.dev.almic.ee\\\/?s={search_term_string}\"},\"query-input\":{\"@type\":\"PropertyValueSpecification\",\"valueRequired\":true,\"valueName\":\"search_term_string\"}}],\"inLanguage\":\"lv-LV\"},{\"@type\":\"Organization\",\"@id\":\"https:\\\/\\\/miil.dev.almic.ee\\\/#organization\",\"name\":\"Miil O\u00dc\",\"url\":\"https:\\\/\\\/miil.dev.almic.ee\\\/\",\"logo\":{\"@type\":\"ImageObject\",\"inLanguage\":\"lv-LV\",\"@id\":\"https:\\\/\\\/miil.dev.almic.ee\\\/#\\\/schema\\\/logo\\\/image\\\/\",\"url\":\"https:\\\/\\\/www.miil.ee\\\/wp-content\\\/uploads\\\/2022\\\/02\\\/Miil-logo.svg\",\"contentUrl\":\"https:\\\/\\\/www.miil.ee\\\/wp-content\\\/uploads\\\/2022\\\/02\\\/Miil-logo.svg\",\"width\":\"1024\",\"height\":\"1024\",\"caption\":\"Miil O\u00dc\"},\"image\":{\"@id\":\"https:\\\/\\\/miil.dev.almic.ee\\\/#\\\/schema\\\/logo\\\/image\\\/\"},\"sameAs\":[\"https:\\\/\\\/www.facebook.com\\\/konteinerveod\\\/\",\"https:\\\/\\\/www.instagram.com\\\/ou_miil\\\/\"]}]}<\/script>\n<meta property=\"product:price:amount\" content=\"19990.00\" \/>\n<meta property=\"product:price:currency\" content=\"EUR\" \/>\n<meta property=\"og:availability\" content=\"instock\" \/>\n<meta property=\"product:availability\" content=\"instock\" \/>\n<meta property=\"product:retailer_item_id\" content=\"MIIU0000004\" \/>\n<meta property=\"product:condition\" content=\"new\" \/>\n<!-- \/ Yoast SEO Premium plugin. -->","yoast_head_json":{"title":"20DC ISO tank - MIIU0000004 JAUNS - Miil O\u00dc","description":"20DC ISO tank - MIIU0000004 JAUNS \/ \u0161\u0137idruma konteineru | Tvertnes konteiners ir piem\u0113rots da\u017e\u0101du \u0161\u0137idrumu uzglab\u0101\u0161anai vai transport\u0113\u0161anai |","robots":{"index":"index","follow":"follow","max-snippet":"max-snippet:-1","max-image-preview":"max-image-preview:large","max-video-preview":"max-video-preview:-1"},"canonical":"https:\/\/miil.dev.almic.ee\/lv\/toode\/20dc-iso-tank-piegades-laiks-21-dienas\/","og_locale":"lv_LV","og_type":"article","og_title":"20DC ISO tank - MIIU0000004 JAUNS","og_description":"20DC ISO tank - MIIU0000004 JAUNS \/ \u0161\u0137idruma konteineru | Tvertnes konteiners ir piem\u0113rots da\u017e\u0101du \u0161\u0137idrumu uzglab\u0101\u0161anai vai transport\u0113\u0161anai |","og_url":"https:\/\/miil.dev.almic.ee\/lv\/toode\/20dc-iso-tank-piegades-laiks-21-dienas\/","og_site_name":"Miil O\u00dc","article_publisher":"https:\/\/www.facebook.com\/konteinerveod\/","article_modified_time":"2025-03-10T14:56:31+00:00","og_image":[{"width":1900,"height":1425,"url":"https:\/\/miil.dev.almic.ee\/wp-content\/uploads\/2024\/08\/fd3f951f-a5fc-4646-9576-df994136ead2-scaled.jpg","type":"image\/jpeg"}],"twitter_card":"summary_large_image","twitter_misc":{"Price":"19990,00&nbsp;&euro;","Availability":"In stock"},"schema":{"@context":"https:\/\/schema.org","@graph":[{"@type":"WebPage","@id":"https:\/\/miil.dev.almic.ee\/lv\/toode\/20dc-iso-tank-piegades-laiks-21-dienas\/","url":"https:\/\/miil.dev.almic.ee\/lv\/toode\/20dc-iso-tank-piegades-laiks-21-dienas\/","name":"20DC ISO tank - MIIU0000004 JAUNS - Miil O\u00dc","isPartOf":{"@id":"https:\/\/miil.dev.almic.ee\/#website"},"primaryImageOfPage":{"@id":"https:\/\/miil.dev.almic.ee\/lv\/toode\/20dc-iso-tank-piegades-laiks-21-dienas\/#primaryimage"},"image":{"@id":"https:\/\/miil.dev.almic.ee\/lv\/toode\/20dc-iso-tank-piegades-laiks-21-dienas\/#primaryimage"},"thumbnailUrl":"https:\/\/miil.dev.almic.ee\/wp-content\/uploads\/2024\/08\/fd3f951f-a5fc-4646-9576-df994136ead2-scaled.jpg","datePublished":"2024-08-21T06:52:58+00:00","dateModified":"2025-03-10T14:56:31+00:00","description":"20DC ISO tank - MIIU0000004 JAUNS \/ \u0161\u0137idruma konteineru | Tvertnes konteiners ir piem\u0113rots da\u017e\u0101du \u0161\u0137idrumu uzglab\u0101\u0161anai vai transport\u0113\u0161anai |","breadcrumb":{"@id":"https:\/\/miil.dev.almic.ee\/lv\/toode\/20dc-iso-tank-piegades-laiks-21-dienas\/#breadcrumb"},"inLanguage":"lv-LV","potentialAction":[{"@type":"ReadAction","target":["https:\/\/miil.dev.almic.ee\/lv\/toode\/20dc-iso-tank-piegades-laiks-21-dienas\/"]}]},{"@type":"ImageObject","inLanguage":"lv-LV","@id":"https:\/\/miil.dev.almic.ee\/lv\/toode\/20dc-iso-tank-piegades-laiks-21-dienas\/#primaryimage","url":"https:\/\/miil.dev.almic.ee\/wp-content\/uploads\/2024\/08\/fd3f951f-a5fc-4646-9576-df994136ead2-scaled.jpg","contentUrl":"https:\/\/miil.dev.almic.ee\/wp-content\/uploads\/2024\/08\/fd3f951f-a5fc-4646-9576-df994136ead2-scaled.jpg","width":1900,"height":1425},{"@type":"BreadcrumbList","@id":"https:\/\/miil.dev.almic.ee\/lv\/toode\/20dc-iso-tank-piegades-laiks-21-dienas\/#breadcrumb","itemListElement":[{"@type":"ListItem","position":1,"name":"Home","item":"https:\/\/miil.dev.almic.ee\/lv\/"},{"@type":"ListItem","position":2,"name":"Veikals","item":"https:\/\/miil.dev.almic.ee\/lv\/veikals\/"},{"@type":"ListItem","position":3,"name":"20DC ISO tank &#8211; MIIU0000004 JAUNS"}]},{"@type":"WebSite","@id":"https:\/\/miil.dev.almic.ee\/#website","url":"https:\/\/miil.dev.almic.ee\/","name":"Miil O\u00dc","description":"Konteinerveod","publisher":{"@id":"https:\/\/miil.dev.almic.ee\/#organization"},"potentialAction":[{"@type":"SearchAction","target":{"@type":"EntryPoint","urlTemplate":"https:\/\/miil.dev.almic.ee\/?s={search_term_string}"},"query-input":{"@type":"PropertyValueSpecification","valueRequired":true,"valueName":"search_term_string"}}],"inLanguage":"lv-LV"},{"@type":"Organization","@id":"https:\/\/miil.dev.almic.ee\/#organization","name":"Miil O\u00dc","url":"https:\/\/miil.dev.almic.ee\/","logo":{"@type":"ImageObject","inLanguage":"lv-LV","@id":"https:\/\/miil.dev.almic.ee\/#\/schema\/logo\/image\/","url":"https:\/\/www.miil.ee\/wp-content\/uploads\/2022\/02\/Miil-logo.svg","contentUrl":"https:\/\/www.miil.ee\/wp-content\/uploads\/2022\/02\/Miil-logo.svg","width":"1024","height":"1024","caption":"Miil O\u00dc"},"image":{"@id":"https:\/\/miil.dev.almic.ee\/#\/schema\/logo\/image\/"},"sameAs":["https:\/\/www.facebook.com\/konteinerveod\/","https:\/\/www.instagram.com\/ou_miil\/"]}]},"product_price_amount":"19990.00","product_price_currency":"EUR","og_availability":"instock","product_availability":"instock","product_retailer_item_id":"MIIU0000004","product_condition":"new"},"_links":{"self":[{"href":"https:\/\/miil.dev.almic.ee\/lv\/wp-json\/wp\/v2\/product\/72790","targetHints":{"allow":["GET"]}}],"collection":[{"href":"https:\/\/miil.dev.almic.ee\/lv\/wp-json\/wp\/v2\/product"}],"about":[{"href":"https:\/\/miil.dev.almic.ee\/lv\/wp-json\/wp\/v2\/types\/product"}],"replies":[{"embeddable":true,"href":"https:\/\/miil.dev.almic.ee\/lv\/wp-json\/wp\/v2\/comments?post=72790"}],"wp:featuredmedia":[{"embeddable":true,"href":"https:\/\/miil.dev.almic.ee\/lv\/wp-json\/wp\/v2\/media\/79555"}],"wp:attachment":[{"href":"https:\/\/miil.dev.almic.ee\/lv\/wp-json\/wp\/v2\/media?parent=72790"}],"wp:term":[{"taxonomy":"product_cat","embeddable":true,"href":"https:\/\/miil.dev.almic.ee\/lv\/wp-json\/wp\/v2\/product_cat?post=72790"},{"taxonomy":"product_tag","embeddable":true,"href":"https:\/\/miil.dev.almic.ee\/lv\/wp-json\/wp\/v2\/product_tag?post=72790"}],"curies":[{"name":"wp","href":"https:\/\/api.w.org\/{rel}","templated":true}]}}