{"id":69704,"date":"2024-07-17T18:15:35","date_gmt":"2024-07-17T15:15:36","guid":{"rendered":"https:\/\/www.miil.ee\/?post_type=product&#038;p=69704"},"modified":"2025-03-07T12:43:35","modified_gmt":"2025-03-07T10:43:35","slug":"refrizerator-konteiners-miiu1506820","status":"publish","type":"product","link":"https:\/\/miil.dev.almic.ee\/lv\/toode\/refrizerator-konteiners-miiu1506820\/","title":{"rendered":"40HCREF Carrier NaturaLINE &#8211; MIIU1506820"},"content":{"rendered":"<h1>Refri\u017eeratora konteiners MIIU1506820 Carrier NaturaLINE ar divsp\u0101rnu durv\u012bm<\/h1>\n<p>40HCREF Carrier NaturaLINE refri\u017eeratora konteiners MIIU1506820 ar divsp\u0101rnu durv\u012bm.<br \/>\n\u0160is ledusskapis tika ra\u017eots 2020.\u00a0gad\u0101 un ir izmantots tikai test\u0113\u0161anas laik\u0101.<br \/>\nIr priek\u0161\u0101 mont\u0113tas veramas durvis &#8211; atveramas uz ab\u0101m pus\u0113m.<\/p>\n<p>Mums ir pla\u0161a ledusskapju konteineru izv\u0113le, diem\u017e\u0113l ne visas var atrast m\u0101jaslap\u0101, sazinieties ar mums <a href=\"mailto:info@miil.ee\">info@miil.ee<\/a>.<\/p>\n<h2>K\u0101da ir lietota konteinera cena?<\/h2>\n<p>J\u016bras konteinera cena ir atkar\u012bga no daudz\u0101m liet\u0101m, ta\u010du p\u0101rdo\u0161anas cena parasti ir tie\u0161i saist\u012bta ar konteinera st\u0101vokli.<br \/>\nPapildus st\u0101voklim cenu ietekm\u0113 ar\u012b pirkuma cena, konteinera iera\u0161an\u0101s veids termin\u0101l\u012b, konteinera atra\u0161an\u0101s vieta termin\u0101l\u012b un tas, vai konteineram ir biju\u0161i nepiecie\u0161ami papildu izdevumi, piem\u0113ram, \u0101r\u0113j\u0101 mazg\u0101\u0161ana, iek\u0161\u0113j\u0101 t\u012br\u012b\u0161ana vai remonts.<\/p>\n<p>Lab\u0101k\u0101s cenas garantija &#8211; M\u0113s vienm\u0113r sniedzam lab\u0101ko pied\u0101v\u0101jumu l\u012bdzv\u0113rt\u012bgam konteineram.<\/p>\n<h2>Transport\u0113\u0161ana un pacel\u0161ana &#8211; Refri\u017eeratora konteiners MIIU1506820?<\/h2>\n<p>P\u0113c piem\u0113rota konteinera izv\u0113les varam veikt iepako\u0161anu un transport\u0113\u0161anu.<br \/>\nP\u0101rvad\u0101\u0161anai parasti izmantojam\u00a0<a href=\"https:\/\/www.miil.ee\/lv\/pakalpojumi\/celtnis\/\">celtnis<\/a>\u00a0vai\u00a0<a href=\"https:\/\/www.miil.ee\/lv\/pakalpojumi\/sanu-iekraveji-sideloader\/\">s\u0101nu iekr\u0101v\u0113ju.<\/a><br \/>\nM\u0113s izmantojam\u00a0<a href=\"https:\/\/www.miil.ee\/lv\/pakalpojumi\/ram-pasizgazejs\/\">RAM backloader<\/a>, lai aptvertu vissare\u017e\u0123\u012bt\u0101k\u0101s vietas.<\/p>\n<p>P\u0113c t\u0101 ieg\u0101des m\u0113s glab\u0101jam j\u016bsu konteineru m\u016bsu termin\u0101l\u012b bez maksas l\u012bdz se\u0161iem m\u0113ne\u0161iem.<\/p>\n<p>Vienm\u0113r iesp\u0113jams vienoties par ilg\u0101ku laiku.<br \/>\nPiem\u0113ram, ja vieta v\u0113l nav gatava vai pieejama konteinera pieg\u0101dei.<br \/>\nT\u0101d\u0101 gad\u012bjum\u0101 konteinera cena nemain\u012bsies un var\u0113siet b\u016bt dro\u0161s, ka izv\u0113l\u0113to konteineru sa\u0146emsiet norun\u0101taj\u0101 laik\u0101.<\/p>\n<ul>\n<li>Lab\u0101k\u0101s cenas garantija \u2013 m\u0113s vienm\u0113r pied\u0101v\u0101jam konteineram lab\u0101ko pied\u0101v\u0101jumu.<\/li>\n<\/ul>\n<p>Sekojiet mums\u00a0<a href=\"https:\/\/www.facebook.com\/konteinerveod\/\">Facebook<\/a>\u00a0vai\u00a0<a href=\"https:\/\/www.instagram.com\/ou_miil\/\">Instagram.<\/a><\/p>\n","protected":false},"excerpt":{"rendered":"<p>Refri\u017eeratora konteiners, 40HCREF Carrier NaturaLINE ar divsp\u0101rnu durv\u012bm, ra\u017eots 2020. gad\u0101 un izmantots tikai test\u0113\u0161anas laik\u0101. Pied\u0101v\u0101jam lab\u0101k\u0101s cenas garantiju, transport\u0113\u0161anas pakalpojumus, k\u0101 ar\u012b bezmaksas uzglab\u0101\u0161anu termin\u0101l\u012b l\u012bdz se\u0161iem m\u0113ne\u0161iem.<\/p>\n","protected":false},"featured_media":69754,"comment_status":"closed","ping_status":"closed","template":"","meta":{"_acf_changed":false},"product_cat":[356,480,484,488],"product_tag":[],"class_list":{"0":"post-69704","1":"product","2":"type-product","3":"status-publish","4":"has-post-thumbnail","6":"product_cat-jauni-konteineri","7":"product_cat-40-12-metri-lv","8":"product_cat-40-hc-augstais-lv","9":"product_cat-40-ref-ledusskapis-lv","11":"first","12":"outofstock","13":"sale","14":"shipping-taxable","15":"purchasable","16":"product-type-simple"},"acf":[],"yoast_head":"<!-- This site is optimized with the Yoast SEO Premium plugin v23.9 (Yoast SEO v27.5) - https:\/\/yoast.com\/product\/yoast-seo-premium-wordpress\/ -->\n<title>Refri\u017eeratora konteiners MIIU1506820 - Miil O\u00dc<\/title>\n<meta name=\"description\" content=\"Refri\u017eeratora konteiners MIIU1506820 | j\u016bras konteiners | uzglab\u0101\u0161anas konteiners | atdzes\u0113ts konteiners ar rull\u012b\u0161u durv\u012bm |\" \/>\n<meta name=\"robots\" content=\"index, follow, max-snippet:-1, max-image-preview:large, max-video-preview:-1\" \/>\n<link rel=\"canonical\" href=\"https:\/\/miil.dev.almic.ee\/lv\/toode\/refrizerator-konteiners-miiu1506820\/\" \/>\n<meta property=\"og:locale\" content=\"lv_LV\" \/>\n<meta property=\"og:type\" content=\"article\" \/>\n<meta property=\"og:title\" content=\"40HCREF Carrier NaturaLINE - MIIU1506820\" \/>\n<meta property=\"og:description\" content=\"Refri\u017eeratora konteiners MIIU1506820 | j\u016bras konteiners | uzglab\u0101\u0161anas konteiners | atdzes\u0113ts konteiners ar rull\u012b\u0161u durv\u012bm |\" \/>\n<meta property=\"og:url\" content=\"https:\/\/miil.dev.almic.ee\/lv\/toode\/refrizerator-konteiners-miiu1506820\/\" \/>\n<meta property=\"og:site_name\" content=\"Miil O\u00dc\" \/>\n<meta property=\"article:publisher\" content=\"https:\/\/www.facebook.com\/konteinerveod\/\" \/>\n<meta property=\"article:modified_time\" content=\"2025-03-07T10:43:35+00:00\" \/>\n<meta property=\"og:image\" content=\"https:\/\/miil.dev.almic.ee\/wp-content\/uploads\/2024\/07\/40HC-kulmik-muuk-konteiner-merekonteiner-reefer-container-ref-container-sale-scaled.jpg\" \/>\n\t<meta property=\"og:image:width\" content=\"1900\" \/>\n\t<meta property=\"og:image:height\" content=\"1425\" \/>\n\t<meta property=\"og:image:type\" content=\"image\/jpeg\" \/>\n<meta name=\"twitter:card\" content=\"summary_large_image\" \/>\n<meta name=\"twitter:label1\" content=\"Price\" \/>\n\t<meta name=\"twitter:data1\" content=\"16950,00&nbsp;&euro;\" \/>\n\t<meta name=\"twitter:label2\" content=\"Availability\" \/>\n\t<meta name=\"twitter:data2\" content=\"Out of stock\" \/>\n<script type=\"application\/ld+json\" class=\"yoast-schema-graph\">{\"@context\":\"https:\\\/\\\/schema.org\",\"@graph\":[{\"@type\":\"WebPage\",\"@id\":\"https:\\\/\\\/miil.dev.almic.ee\\\/lv\\\/toode\\\/refrizerator-konteiners-miiu1506820\\\/\",\"url\":\"https:\\\/\\\/miil.dev.almic.ee\\\/lv\\\/toode\\\/refrizerator-konteiners-miiu1506820\\\/\",\"name\":\"Refri\u017eeratora konteiners MIIU1506820 - Miil O\u00dc\",\"isPartOf\":{\"@id\":\"https:\\\/\\\/miil.dev.almic.ee\\\/#website\"},\"primaryImageOfPage\":{\"@id\":\"https:\\\/\\\/miil.dev.almic.ee\\\/lv\\\/toode\\\/refrizerator-konteiners-miiu1506820\\\/#primaryimage\"},\"image\":{\"@id\":\"https:\\\/\\\/miil.dev.almic.ee\\\/lv\\\/toode\\\/refrizerator-konteiners-miiu1506820\\\/#primaryimage\"},\"thumbnailUrl\":\"https:\\\/\\\/miil.dev.almic.ee\\\/wp-content\\\/uploads\\\/2024\\\/07\\\/40HC-kulmik-muuk-konteiner-merekonteiner-reefer-container-ref-container-sale-scaled.jpg\",\"datePublished\":\"2024-07-17T15:15:36+00:00\",\"dateModified\":\"2025-03-07T10:43:35+00:00\",\"description\":\"Refri\u017eeratora konteiners MIIU1506820 | j\u016bras konteiners | uzglab\u0101\u0161anas konteiners | atdzes\u0113ts konteiners ar rull\u012b\u0161u durv\u012bm |\",\"breadcrumb\":{\"@id\":\"https:\\\/\\\/miil.dev.almic.ee\\\/lv\\\/toode\\\/refrizerator-konteiners-miiu1506820\\\/#breadcrumb\"},\"inLanguage\":\"lv-LV\",\"potentialAction\":[{\"@type\":\"ReadAction\",\"target\":[\"https:\\\/\\\/miil.dev.almic.ee\\\/lv\\\/toode\\\/refrizerator-konteiners-miiu1506820\\\/\"]}]},{\"@type\":\"ImageObject\",\"inLanguage\":\"lv-LV\",\"@id\":\"https:\\\/\\\/miil.dev.almic.ee\\\/lv\\\/toode\\\/refrizerator-konteiners-miiu1506820\\\/#primaryimage\",\"url\":\"https:\\\/\\\/miil.dev.almic.ee\\\/wp-content\\\/uploads\\\/2024\\\/07\\\/40HC-kulmik-muuk-konteiner-merekonteiner-reefer-container-ref-container-sale-scaled.jpg\",\"contentUrl\":\"https:\\\/\\\/miil.dev.almic.ee\\\/wp-content\\\/uploads\\\/2024\\\/07\\\/40HC-kulmik-muuk-konteiner-merekonteiner-reefer-container-ref-container-sale-scaled.jpg\",\"width\":1900,\"height\":1425},{\"@type\":\"BreadcrumbList\",\"@id\":\"https:\\\/\\\/miil.dev.almic.ee\\\/lv\\\/toode\\\/refrizerator-konteiners-miiu1506820\\\/#breadcrumb\",\"itemListElement\":[{\"@type\":\"ListItem\",\"position\":1,\"name\":\"Home\",\"item\":\"https:\\\/\\\/miil.dev.almic.ee\\\/lv\\\/\"},{\"@type\":\"ListItem\",\"position\":2,\"name\":\"Veikals\",\"item\":\"https:\\\/\\\/miil.dev.almic.ee\\\/lv\\\/veikals\\\/\"},{\"@type\":\"ListItem\",\"position\":3,\"name\":\"40HCREF Carrier NaturaLINE &#8211; MIIU1506820\"}]},{\"@type\":\"WebSite\",\"@id\":\"https:\\\/\\\/miil.dev.almic.ee\\\/#website\",\"url\":\"https:\\\/\\\/miil.dev.almic.ee\\\/\",\"name\":\"Miil O\u00dc\",\"description\":\"Konteinerveod\",\"publisher\":{\"@id\":\"https:\\\/\\\/miil.dev.almic.ee\\\/#organization\"},\"potentialAction\":[{\"@type\":\"SearchAction\",\"target\":{\"@type\":\"EntryPoint\",\"urlTemplate\":\"https:\\\/\\\/miil.dev.almic.ee\\\/?s={search_term_string}\"},\"query-input\":{\"@type\":\"PropertyValueSpecification\",\"valueRequired\":true,\"valueName\":\"search_term_string\"}}],\"inLanguage\":\"lv-LV\"},{\"@type\":\"Organization\",\"@id\":\"https:\\\/\\\/miil.dev.almic.ee\\\/#organization\",\"name\":\"Miil O\u00dc\",\"url\":\"https:\\\/\\\/miil.dev.almic.ee\\\/\",\"logo\":{\"@type\":\"ImageObject\",\"inLanguage\":\"lv-LV\",\"@id\":\"https:\\\/\\\/miil.dev.almic.ee\\\/#\\\/schema\\\/logo\\\/image\\\/\",\"url\":\"https:\\\/\\\/www.miil.ee\\\/wp-content\\\/uploads\\\/2022\\\/02\\\/Miil-logo.svg\",\"contentUrl\":\"https:\\\/\\\/www.miil.ee\\\/wp-content\\\/uploads\\\/2022\\\/02\\\/Miil-logo.svg\",\"width\":\"1024\",\"height\":\"1024\",\"caption\":\"Miil O\u00dc\"},\"image\":{\"@id\":\"https:\\\/\\\/miil.dev.almic.ee\\\/#\\\/schema\\\/logo\\\/image\\\/\"},\"sameAs\":[\"https:\\\/\\\/www.facebook.com\\\/konteinerveod\\\/\",\"https:\\\/\\\/www.instagram.com\\\/ou_miil\\\/\"]}]}<\/script>\n<meta property=\"product:price:amount\" content=\"16950.00\" \/>\n<meta property=\"product:price:currency\" content=\"EUR\" \/>\n<meta property=\"og:availability\" content=\"out of stock\" \/>\n<meta property=\"product:availability\" content=\"out of stock\" \/>\n<meta property=\"product:retailer_item_id\" content=\"MIIU1506820\" \/>\n<meta property=\"product:condition\" content=\"new\" \/>\n<!-- \/ Yoast SEO Premium plugin. -->","yoast_head_json":{"title":"Refri\u017eeratora konteiners MIIU1506820 - Miil O\u00dc","description":"Refri\u017eeratora konteiners MIIU1506820 | j\u016bras konteiners | uzglab\u0101\u0161anas konteiners | atdzes\u0113ts konteiners ar rull\u012b\u0161u durv\u012bm |","robots":{"index":"index","follow":"follow","max-snippet":"max-snippet:-1","max-image-preview":"max-image-preview:large","max-video-preview":"max-video-preview:-1"},"canonical":"https:\/\/miil.dev.almic.ee\/lv\/toode\/refrizerator-konteiners-miiu1506820\/","og_locale":"lv_LV","og_type":"article","og_title":"40HCREF Carrier NaturaLINE - MIIU1506820","og_description":"Refri\u017eeratora konteiners MIIU1506820 | j\u016bras konteiners | uzglab\u0101\u0161anas konteiners | atdzes\u0113ts konteiners ar rull\u012b\u0161u durv\u012bm |","og_url":"https:\/\/miil.dev.almic.ee\/lv\/toode\/refrizerator-konteiners-miiu1506820\/","og_site_name":"Miil O\u00dc","article_publisher":"https:\/\/www.facebook.com\/konteinerveod\/","article_modified_time":"2025-03-07T10:43:35+00:00","og_image":[{"width":1900,"height":1425,"url":"https:\/\/miil.dev.almic.ee\/wp-content\/uploads\/2024\/07\/40HC-kulmik-muuk-konteiner-merekonteiner-reefer-container-ref-container-sale-scaled.jpg","type":"image\/jpeg"}],"twitter_card":"summary_large_image","twitter_misc":{"Price":"16950,00&nbsp;&euro;","Availability":"Out of stock"},"schema":{"@context":"https:\/\/schema.org","@graph":[{"@type":"WebPage","@id":"https:\/\/miil.dev.almic.ee\/lv\/toode\/refrizerator-konteiners-miiu1506820\/","url":"https:\/\/miil.dev.almic.ee\/lv\/toode\/refrizerator-konteiners-miiu1506820\/","name":"Refri\u017eeratora konteiners MIIU1506820 - Miil O\u00dc","isPartOf":{"@id":"https:\/\/miil.dev.almic.ee\/#website"},"primaryImageOfPage":{"@id":"https:\/\/miil.dev.almic.ee\/lv\/toode\/refrizerator-konteiners-miiu1506820\/#primaryimage"},"image":{"@id":"https:\/\/miil.dev.almic.ee\/lv\/toode\/refrizerator-konteiners-miiu1506820\/#primaryimage"},"thumbnailUrl":"https:\/\/miil.dev.almic.ee\/wp-content\/uploads\/2024\/07\/40HC-kulmik-muuk-konteiner-merekonteiner-reefer-container-ref-container-sale-scaled.jpg","datePublished":"2024-07-17T15:15:36+00:00","dateModified":"2025-03-07T10:43:35+00:00","description":"Refri\u017eeratora konteiners MIIU1506820 | j\u016bras konteiners | uzglab\u0101\u0161anas konteiners | atdzes\u0113ts konteiners ar rull\u012b\u0161u durv\u012bm |","breadcrumb":{"@id":"https:\/\/miil.dev.almic.ee\/lv\/toode\/refrizerator-konteiners-miiu1506820\/#breadcrumb"},"inLanguage":"lv-LV","potentialAction":[{"@type":"ReadAction","target":["https:\/\/miil.dev.almic.ee\/lv\/toode\/refrizerator-konteiners-miiu1506820\/"]}]},{"@type":"ImageObject","inLanguage":"lv-LV","@id":"https:\/\/miil.dev.almic.ee\/lv\/toode\/refrizerator-konteiners-miiu1506820\/#primaryimage","url":"https:\/\/miil.dev.almic.ee\/wp-content\/uploads\/2024\/07\/40HC-kulmik-muuk-konteiner-merekonteiner-reefer-container-ref-container-sale-scaled.jpg","contentUrl":"https:\/\/miil.dev.almic.ee\/wp-content\/uploads\/2024\/07\/40HC-kulmik-muuk-konteiner-merekonteiner-reefer-container-ref-container-sale-scaled.jpg","width":1900,"height":1425},{"@type":"BreadcrumbList","@id":"https:\/\/miil.dev.almic.ee\/lv\/toode\/refrizerator-konteiners-miiu1506820\/#breadcrumb","itemListElement":[{"@type":"ListItem","position":1,"name":"Home","item":"https:\/\/miil.dev.almic.ee\/lv\/"},{"@type":"ListItem","position":2,"name":"Veikals","item":"https:\/\/miil.dev.almic.ee\/lv\/veikals\/"},{"@type":"ListItem","position":3,"name":"40HCREF Carrier NaturaLINE &#8211; MIIU1506820"}]},{"@type":"WebSite","@id":"https:\/\/miil.dev.almic.ee\/#website","url":"https:\/\/miil.dev.almic.ee\/","name":"Miil O\u00dc","description":"Konteinerveod","publisher":{"@id":"https:\/\/miil.dev.almic.ee\/#organization"},"potentialAction":[{"@type":"SearchAction","target":{"@type":"EntryPoint","urlTemplate":"https:\/\/miil.dev.almic.ee\/?s={search_term_string}"},"query-input":{"@type":"PropertyValueSpecification","valueRequired":true,"valueName":"search_term_string"}}],"inLanguage":"lv-LV"},{"@type":"Organization","@id":"https:\/\/miil.dev.almic.ee\/#organization","name":"Miil O\u00dc","url":"https:\/\/miil.dev.almic.ee\/","logo":{"@type":"ImageObject","inLanguage":"lv-LV","@id":"https:\/\/miil.dev.almic.ee\/#\/schema\/logo\/image\/","url":"https:\/\/www.miil.ee\/wp-content\/uploads\/2022\/02\/Miil-logo.svg","contentUrl":"https:\/\/www.miil.ee\/wp-content\/uploads\/2022\/02\/Miil-logo.svg","width":"1024","height":"1024","caption":"Miil O\u00dc"},"image":{"@id":"https:\/\/miil.dev.almic.ee\/#\/schema\/logo\/image\/"},"sameAs":["https:\/\/www.facebook.com\/konteinerveod\/","https:\/\/www.instagram.com\/ou_miil\/"]}]},"product_price_amount":"16950.00","product_price_currency":"EUR","og_availability":"out of stock","product_availability":"out of stock","product_retailer_item_id":"MIIU1506820","product_condition":"new"},"_links":{"self":[{"href":"https:\/\/miil.dev.almic.ee\/lv\/wp-json\/wp\/v2\/product\/69704","targetHints":{"allow":["GET"]}}],"collection":[{"href":"https:\/\/miil.dev.almic.ee\/lv\/wp-json\/wp\/v2\/product"}],"about":[{"href":"https:\/\/miil.dev.almic.ee\/lv\/wp-json\/wp\/v2\/types\/product"}],"replies":[{"embeddable":true,"href":"https:\/\/miil.dev.almic.ee\/lv\/wp-json\/wp\/v2\/comments?post=69704"}],"wp:featuredmedia":[{"embeddable":true,"href":"https:\/\/miil.dev.almic.ee\/lv\/wp-json\/wp\/v2\/media\/69754"}],"wp:attachment":[{"href":"https:\/\/miil.dev.almic.ee\/lv\/wp-json\/wp\/v2\/media?parent=69704"}],"wp:term":[{"taxonomy":"product_cat","embeddable":true,"href":"https:\/\/miil.dev.almic.ee\/lv\/wp-json\/wp\/v2\/product_cat?post=69704"},{"taxonomy":"product_tag","embeddable":true,"href":"https:\/\/miil.dev.almic.ee\/lv\/wp-json\/wp\/v2\/product_tag?post=69704"}],"curies":[{"name":"wp","href":"https:\/\/api.w.org\/{rel}","templated":true}]}}