{"id":69635,"date":"2024-07-17T18:03:37","date_gmt":"2024-07-17T15:03:38","guid":{"rendered":"https:\/\/www.miil.ee\/?post_type=product&#038;p=69635"},"modified":"2025-04-11T14:57:44","modified_gmt":"2025-04-11T11:57:44","slug":"40ref-juras-kontainers-miiu5805562","status":"publish","type":"product","link":"https:\/\/miil.dev.almic.ee\/lv\/toode\/40ref-juras-kontainers-miiu5805562\/","title":{"rendered":"40REF Juras Kontainers MIIU5805562 &#8211; 2008"},"content":{"rendered":"<h1>Atdzes\u0113ts j\u016bras konteiners MIIU5805562.<\/h1>\n<p>Atdzes\u0113ts j\u016bras konteiners MIIU5805562 ir ku\u0123o\u0161anai der\u012bg\u0101 st\u0101vokl\u012b, ja vien att\u0113l\u0101 vai tekst\u0101 nav nor\u0101d\u012bts cit\u0101di;<br \/>\n*J\u016bras konteiners atbilst bild\u0113m.<br \/>\n*Konteinera durvis var atv\u0113rt un aizv\u0113rt cilv\u0113ks.<br \/>\n*Tvertnes v\u0101ks ir neskarts un no t\u0101 neizpl\u016bst \u016bdens.<br \/>\n*Konteinera dibens ir neskarts un iesp\u0113jams izmantot iekr\u0101v\u0113ju vai rokas iekr\u0101v\u0113ju.<br \/>\n*Konteinera konstrukcijas boj\u0101jumu nav.<br \/>\n*Inbank.ee \u2013 pied\u0101v\u0101 depoz\u012btu par \u0161o vien\u012bbu un atlaides kods ir \u201cKONTEINER\u201d<br \/>\n*Noma p\u0113c vieno\u0161an\u0101s.<\/p>\n<h2>K\u0101 tiek apr\u0113\u0137in\u0101ta konteinera cena?<\/h2>\n<p>J\u016bras konteinera cena ir atkar\u012bga no daudz\u0101m liet\u0101m, ta\u010du p\u0101rdo\u0161anas cena parasti ir saist\u012bta ar konteinera st\u0101vokli.<br \/>\nCenu ietekm\u0113 ar\u012b konteinera ieg\u0101des izmaksas, konteinera pien\u0101k\u0161anas ce\u013c\u0161 uz termin\u0101li, konteinera atra\u0161an\u0101s vieta termin\u0101l\u012b un tas, vai konteineram nav beigu\u0161\u0101s papildu izmaksas, piem\u0113ram, starpt\u012br\u012b\u0161ana, iek\u0161\u0113j\u0101 t\u012br\u012b\u0161ana vai atjauno\u0161ana. . Lai lab\u0101k apkalpotu m\u016bsu klientus, m\u016bsu tirdzniec\u012bbas punkti atrodas vis\u0101 Igaunij\u0101. Konteinera cena \u0101rpus galvaspils\u0113tas ir atkar\u012bga ar\u012b no t\u0101, k\u0101 tas transport\u0113ts starp termin\u0101liem.<\/p>\n<h2>Atdzes\u0113ts j\u016bras konteiners MIIU5805562 \u2013 transport\u0113\u0161ana un pacel\u0161ana?<\/h2>\n<p>P\u0113c piem\u0113rota konteinera izv\u0113les varam veikt iepako\u0161anu un transport\u0113\u0161anu.<br \/>\nP\u0101rvad\u0101\u0161anai parasti izmantojam<span>\u00a0<\/span><a href=\"https:\/\/www.miil.ee\/lv\/pakalpojumi\/celtnis\/\">celtnis<\/a><span>\u00a0<\/span>vai<span>\u00a0<\/span><a href=\"https:\/\/www.miil.ee\/lv\/pakalpojumi\/sanu-iekraveji-sideloader\/\">s\u0101nu iekr\u0101v\u0113ju.<\/a><br \/>\nM\u0113s izmantojam<span>\u00a0<\/span><a href=\"https:\/\/www.miil.ee\/lv\/pakalpojumi\/ram-pasizgazejs\/\">RAM backloader<\/a>, lai aptvertu vissare\u017e\u0123\u012bt\u0101k\u0101s vietas.<br \/>\nP\u0113c t\u0101 ieg\u0101des m\u0113s glab\u0101jam j\u016bsu konteineru m\u016bsu termin\u0101l\u012b bez maksas l\u012bdz se\u0161iem m\u0113ne\u0161iem.<br \/>\nVienm\u0113r iesp\u0113jams vienoties par ilg\u0101ku laiku.<br \/>\nPiem\u0113ram, ja vieta v\u0113l nav gatava vai pieejama konteinera pieg\u0101dei.<br \/>\nT\u0101d\u0101 gad\u012bjum\u0101 konteinera cena nemain\u012bsies un var\u0113siet b\u016bt dro\u0161s, ka izv\u0113l\u0113to konteineru sa\u0146emsiet norun\u0101taj\u0101 laik\u0101.<\/p>\n<ul>\n<li>Lab\u0101k\u0101s cenas garantija \u2013 m\u0113s vienm\u0113r pied\u0101v\u0101jam konteineram lab\u0101ko pied\u0101v\u0101jumu.<\/li>\n<\/ul>\n<p>Sekojiet mums<span>\u00a0<\/span><a href=\"https:\/\/www.facebook.com\/konteinerveod\/\">Facebook<\/a><span>\u00a0<\/span>vai<span>\u00a0<\/span><a href=\"https:\/\/www.instagram.com\/ou_miil\/\">Instagram.<\/a><\/p>\n","protected":false},"excerpt":{"rendered":"<p>Atdzes\u0113ts j\u016bras konteiners MIIU5805562. Atdzes\u0113ts j\u016bras konteiners MIIU5805562 ir ku\u0123o\u0161anai der\u012bg\u0101 st\u0101vokl\u012b, ja vien att\u0113l\u0101 vai tekst\u0101 nav nor\u0101d\u012bts cit\u0101di; *J\u016bras konteiners atbilst bild\u0113m. *Konteinera durvis var atv\u0113rt un aizv\u0113rt cilv\u0113ks. *Tvertnes v\u0101ks ir neskarts un no t\u0101 neizpl\u016bst \u016bdens. *Konteinera dibens ir neskarts un iesp\u0113jams izmantot iekr\u0101v\u0113ju vai rokas iekr\u0101v\u0113ju. *Konteinera konstrukcijas boj\u0101jumu nav&#8230;.<\/p>\n","protected":false},"featured_media":69664,"comment_status":"closed","ping_status":"closed","template":"","meta":{"_acf_changed":false},"product_cat":[332,384,404],"product_tag":[],"class_list":{"0":"post-69635","1":"product","2":"type-product","3":"status-publish","4":"has-post-thumbnail","6":"product_cat-lietoti-konteineri","7":"product_cat-40-12-metri","8":"product_cat-40-ref-ledusskapis","10":"first","11":"outofstock","12":"shipping-taxable","13":"purchasable","14":"product-type-simple"},"acf":[],"yoast_head":"<!-- This site is optimized with the Yoast SEO Premium plugin v23.9 (Yoast SEO v27.5) - https:\/\/yoast.com\/product\/yoast-seo-premium-wordpress\/ -->\n<title>Atdzes\u0113ts j\u016bras konteiners MIIU5805562 - Miil O\u00dc<\/title>\n<meta name=\"description\" content=\"Atdzes\u0113ts j\u016bras konteiners MIIU5805562, juras konteiner, pardod juras konteiner, pardod containex, pardod reefer konteiner, transports\" \/>\n<meta name=\"robots\" content=\"index, follow, max-snippet:-1, max-image-preview:large, max-video-preview:-1\" \/>\n<link rel=\"canonical\" href=\"https:\/\/miil.dev.almic.ee\/lv\/toode\/40ref-juras-kontainers-miiu5805562\/\" \/>\n<meta property=\"og:locale\" content=\"lv_LV\" \/>\n<meta property=\"og:type\" content=\"article\" \/>\n<meta property=\"og:title\" content=\"40REF Juras Kontainers MIIU5805562 - 2008\" \/>\n<meta property=\"og:description\" content=\"Atdzes\u0113ts j\u016bras konteiners MIIU5805562, juras konteiner, pardod juras konteiner, pardod containex, pardod reefer konteiner, transports\" \/>\n<meta property=\"og:url\" content=\"https:\/\/miil.dev.almic.ee\/lv\/toode\/40ref-juras-kontainers-miiu5805562\/\" \/>\n<meta property=\"og:site_name\" content=\"Miil O\u00dc\" \/>\n<meta property=\"article:publisher\" content=\"https:\/\/www.facebook.com\/konteinerveod\/\" \/>\n<meta property=\"article:modified_time\" content=\"2025-04-11T11:57:44+00:00\" \/>\n<meta property=\"og:image\" content=\"https:\/\/miil.dev.almic.ee\/wp-content\/uploads\/2024\/07\/Kulmik-konteiner-scaled.jpg\" \/>\n\t<meta property=\"og:image:width\" content=\"1900\" \/>\n\t<meta property=\"og:image:height\" content=\"1425\" \/>\n\t<meta property=\"og:image:type\" content=\"image\/jpeg\" \/>\n<meta name=\"twitter:card\" content=\"summary_large_image\" \/>\n<meta name=\"twitter:label1\" content=\"Price\" \/>\n\t<meta name=\"twitter:data1\" content=\"8600,00&nbsp;&euro;\" \/>\n\t<meta name=\"twitter:label2\" content=\"Availability\" \/>\n\t<meta name=\"twitter:data2\" content=\"Out of stock\" \/>\n<script type=\"application\/ld+json\" class=\"yoast-schema-graph\">{\"@context\":\"https:\\\/\\\/schema.org\",\"@graph\":[{\"@type\":\"WebPage\",\"@id\":\"https:\\\/\\\/miil.dev.almic.ee\\\/lv\\\/toode\\\/40ref-juras-kontainers-miiu5805562\\\/\",\"url\":\"https:\\\/\\\/miil.dev.almic.ee\\\/lv\\\/toode\\\/40ref-juras-kontainers-miiu5805562\\\/\",\"name\":\"Atdzes\u0113ts j\u016bras konteiners MIIU5805562 - Miil O\u00dc\",\"isPartOf\":{\"@id\":\"https:\\\/\\\/miil.dev.almic.ee\\\/#website\"},\"primaryImageOfPage\":{\"@id\":\"https:\\\/\\\/miil.dev.almic.ee\\\/lv\\\/toode\\\/40ref-juras-kontainers-miiu5805562\\\/#primaryimage\"},\"image\":{\"@id\":\"https:\\\/\\\/miil.dev.almic.ee\\\/lv\\\/toode\\\/40ref-juras-kontainers-miiu5805562\\\/#primaryimage\"},\"thumbnailUrl\":\"https:\\\/\\\/miil.dev.almic.ee\\\/wp-content\\\/uploads\\\/2024\\\/07\\\/Kulmik-konteiner-scaled.jpg\",\"datePublished\":\"2024-07-17T15:03:38+00:00\",\"dateModified\":\"2025-04-11T11:57:44+00:00\",\"description\":\"Atdzes\u0113ts j\u016bras konteiners MIIU5805562, juras konteiner, pardod juras konteiner, pardod containex, pardod reefer konteiner, transports\",\"breadcrumb\":{\"@id\":\"https:\\\/\\\/miil.dev.almic.ee\\\/lv\\\/toode\\\/40ref-juras-kontainers-miiu5805562\\\/#breadcrumb\"},\"inLanguage\":\"lv-LV\",\"potentialAction\":[{\"@type\":\"ReadAction\",\"target\":[\"https:\\\/\\\/miil.dev.almic.ee\\\/lv\\\/toode\\\/40ref-juras-kontainers-miiu5805562\\\/\"]}]},{\"@type\":\"ImageObject\",\"inLanguage\":\"lv-LV\",\"@id\":\"https:\\\/\\\/miil.dev.almic.ee\\\/lv\\\/toode\\\/40ref-juras-kontainers-miiu5805562\\\/#primaryimage\",\"url\":\"https:\\\/\\\/miil.dev.almic.ee\\\/wp-content\\\/uploads\\\/2024\\\/07\\\/Kulmik-konteiner-scaled.jpg\",\"contentUrl\":\"https:\\\/\\\/miil.dev.almic.ee\\\/wp-content\\\/uploads\\\/2024\\\/07\\\/Kulmik-konteiner-scaled.jpg\",\"width\":1900,\"height\":1425},{\"@type\":\"BreadcrumbList\",\"@id\":\"https:\\\/\\\/miil.dev.almic.ee\\\/lv\\\/toode\\\/40ref-juras-kontainers-miiu5805562\\\/#breadcrumb\",\"itemListElement\":[{\"@type\":\"ListItem\",\"position\":1,\"name\":\"Home\",\"item\":\"https:\\\/\\\/miil.dev.almic.ee\\\/lv\\\/\"},{\"@type\":\"ListItem\",\"position\":2,\"name\":\"Veikals\",\"item\":\"https:\\\/\\\/miil.dev.almic.ee\\\/lv\\\/veikals\\\/\"},{\"@type\":\"ListItem\",\"position\":3,\"name\":\"40REF Juras Kontainers MIIU5805562 &#8211; 2008\"}]},{\"@type\":\"WebSite\",\"@id\":\"https:\\\/\\\/miil.dev.almic.ee\\\/#website\",\"url\":\"https:\\\/\\\/miil.dev.almic.ee\\\/\",\"name\":\"Miil O\u00dc\",\"description\":\"Konteinerveod\",\"publisher\":{\"@id\":\"https:\\\/\\\/miil.dev.almic.ee\\\/#organization\"},\"potentialAction\":[{\"@type\":\"SearchAction\",\"target\":{\"@type\":\"EntryPoint\",\"urlTemplate\":\"https:\\\/\\\/miil.dev.almic.ee\\\/?s={search_term_string}\"},\"query-input\":{\"@type\":\"PropertyValueSpecification\",\"valueRequired\":true,\"valueName\":\"search_term_string\"}}],\"inLanguage\":\"lv-LV\"},{\"@type\":\"Organization\",\"@id\":\"https:\\\/\\\/miil.dev.almic.ee\\\/#organization\",\"name\":\"Miil O\u00dc\",\"url\":\"https:\\\/\\\/miil.dev.almic.ee\\\/\",\"logo\":{\"@type\":\"ImageObject\",\"inLanguage\":\"lv-LV\",\"@id\":\"https:\\\/\\\/miil.dev.almic.ee\\\/#\\\/schema\\\/logo\\\/image\\\/\",\"url\":\"https:\\\/\\\/www.miil.ee\\\/wp-content\\\/uploads\\\/2022\\\/02\\\/Miil-logo.svg\",\"contentUrl\":\"https:\\\/\\\/www.miil.ee\\\/wp-content\\\/uploads\\\/2022\\\/02\\\/Miil-logo.svg\",\"width\":\"1024\",\"height\":\"1024\",\"caption\":\"Miil O\u00dc\"},\"image\":{\"@id\":\"https:\\\/\\\/miil.dev.almic.ee\\\/#\\\/schema\\\/logo\\\/image\\\/\"},\"sameAs\":[\"https:\\\/\\\/www.facebook.com\\\/konteinerveod\\\/\",\"https:\\\/\\\/www.instagram.com\\\/ou_miil\\\/\"]}]}<\/script>\n<meta property=\"product:price:amount\" content=\"8600.00\" \/>\n<meta property=\"product:price:currency\" content=\"EUR\" \/>\n<meta property=\"og:availability\" content=\"out of stock\" \/>\n<meta property=\"product:availability\" content=\"out of stock\" \/>\n<meta property=\"product:retailer_item_id\" content=\"1500993727565-1-2-1-1-1-1-1-2-1\" \/>\n<meta property=\"product:condition\" content=\"new\" \/>\n<!-- \/ Yoast SEO Premium plugin. -->","yoast_head_json":{"title":"Atdzes\u0113ts j\u016bras konteiners MIIU5805562 - Miil O\u00dc","description":"Atdzes\u0113ts j\u016bras konteiners MIIU5805562, juras konteiner, pardod juras konteiner, pardod containex, pardod reefer konteiner, transports","robots":{"index":"index","follow":"follow","max-snippet":"max-snippet:-1","max-image-preview":"max-image-preview:large","max-video-preview":"max-video-preview:-1"},"canonical":"https:\/\/miil.dev.almic.ee\/lv\/toode\/40ref-juras-kontainers-miiu5805562\/","og_locale":"lv_LV","og_type":"article","og_title":"40REF Juras Kontainers MIIU5805562 - 2008","og_description":"Atdzes\u0113ts j\u016bras konteiners MIIU5805562, juras konteiner, pardod juras konteiner, pardod containex, pardod reefer konteiner, transports","og_url":"https:\/\/miil.dev.almic.ee\/lv\/toode\/40ref-juras-kontainers-miiu5805562\/","og_site_name":"Miil O\u00dc","article_publisher":"https:\/\/www.facebook.com\/konteinerveod\/","article_modified_time":"2025-04-11T11:57:44+00:00","og_image":[{"width":1900,"height":1425,"url":"https:\/\/miil.dev.almic.ee\/wp-content\/uploads\/2024\/07\/Kulmik-konteiner-scaled.jpg","type":"image\/jpeg"}],"twitter_card":"summary_large_image","twitter_misc":{"Price":"8600,00&nbsp;&euro;","Availability":"Out of stock"},"schema":{"@context":"https:\/\/schema.org","@graph":[{"@type":"WebPage","@id":"https:\/\/miil.dev.almic.ee\/lv\/toode\/40ref-juras-kontainers-miiu5805562\/","url":"https:\/\/miil.dev.almic.ee\/lv\/toode\/40ref-juras-kontainers-miiu5805562\/","name":"Atdzes\u0113ts j\u016bras konteiners MIIU5805562 - Miil O\u00dc","isPartOf":{"@id":"https:\/\/miil.dev.almic.ee\/#website"},"primaryImageOfPage":{"@id":"https:\/\/miil.dev.almic.ee\/lv\/toode\/40ref-juras-kontainers-miiu5805562\/#primaryimage"},"image":{"@id":"https:\/\/miil.dev.almic.ee\/lv\/toode\/40ref-juras-kontainers-miiu5805562\/#primaryimage"},"thumbnailUrl":"https:\/\/miil.dev.almic.ee\/wp-content\/uploads\/2024\/07\/Kulmik-konteiner-scaled.jpg","datePublished":"2024-07-17T15:03:38+00:00","dateModified":"2025-04-11T11:57:44+00:00","description":"Atdzes\u0113ts j\u016bras konteiners MIIU5805562, juras konteiner, pardod juras konteiner, pardod containex, pardod reefer konteiner, transports","breadcrumb":{"@id":"https:\/\/miil.dev.almic.ee\/lv\/toode\/40ref-juras-kontainers-miiu5805562\/#breadcrumb"},"inLanguage":"lv-LV","potentialAction":[{"@type":"ReadAction","target":["https:\/\/miil.dev.almic.ee\/lv\/toode\/40ref-juras-kontainers-miiu5805562\/"]}]},{"@type":"ImageObject","inLanguage":"lv-LV","@id":"https:\/\/miil.dev.almic.ee\/lv\/toode\/40ref-juras-kontainers-miiu5805562\/#primaryimage","url":"https:\/\/miil.dev.almic.ee\/wp-content\/uploads\/2024\/07\/Kulmik-konteiner-scaled.jpg","contentUrl":"https:\/\/miil.dev.almic.ee\/wp-content\/uploads\/2024\/07\/Kulmik-konteiner-scaled.jpg","width":1900,"height":1425},{"@type":"BreadcrumbList","@id":"https:\/\/miil.dev.almic.ee\/lv\/toode\/40ref-juras-kontainers-miiu5805562\/#breadcrumb","itemListElement":[{"@type":"ListItem","position":1,"name":"Home","item":"https:\/\/miil.dev.almic.ee\/lv\/"},{"@type":"ListItem","position":2,"name":"Veikals","item":"https:\/\/miil.dev.almic.ee\/lv\/veikals\/"},{"@type":"ListItem","position":3,"name":"40REF Juras Kontainers MIIU5805562 &#8211; 2008"}]},{"@type":"WebSite","@id":"https:\/\/miil.dev.almic.ee\/#website","url":"https:\/\/miil.dev.almic.ee\/","name":"Miil O\u00dc","description":"Konteinerveod","publisher":{"@id":"https:\/\/miil.dev.almic.ee\/#organization"},"potentialAction":[{"@type":"SearchAction","target":{"@type":"EntryPoint","urlTemplate":"https:\/\/miil.dev.almic.ee\/?s={search_term_string}"},"query-input":{"@type":"PropertyValueSpecification","valueRequired":true,"valueName":"search_term_string"}}],"inLanguage":"lv-LV"},{"@type":"Organization","@id":"https:\/\/miil.dev.almic.ee\/#organization","name":"Miil O\u00dc","url":"https:\/\/miil.dev.almic.ee\/","logo":{"@type":"ImageObject","inLanguage":"lv-LV","@id":"https:\/\/miil.dev.almic.ee\/#\/schema\/logo\/image\/","url":"https:\/\/www.miil.ee\/wp-content\/uploads\/2022\/02\/Miil-logo.svg","contentUrl":"https:\/\/www.miil.ee\/wp-content\/uploads\/2022\/02\/Miil-logo.svg","width":"1024","height":"1024","caption":"Miil O\u00dc"},"image":{"@id":"https:\/\/miil.dev.almic.ee\/#\/schema\/logo\/image\/"},"sameAs":["https:\/\/www.facebook.com\/konteinerveod\/","https:\/\/www.instagram.com\/ou_miil\/"]}]},"product_price_amount":"8600.00","product_price_currency":"EUR","og_availability":"out of stock","product_availability":"out of stock","product_retailer_item_id":"1500993727565-1-2-1-1-1-1-1-2-1","product_condition":"new"},"_links":{"self":[{"href":"https:\/\/miil.dev.almic.ee\/lv\/wp-json\/wp\/v2\/product\/69635","targetHints":{"allow":["GET"]}}],"collection":[{"href":"https:\/\/miil.dev.almic.ee\/lv\/wp-json\/wp\/v2\/product"}],"about":[{"href":"https:\/\/miil.dev.almic.ee\/lv\/wp-json\/wp\/v2\/types\/product"}],"replies":[{"embeddable":true,"href":"https:\/\/miil.dev.almic.ee\/lv\/wp-json\/wp\/v2\/comments?post=69635"}],"wp:featuredmedia":[{"embeddable":true,"href":"https:\/\/miil.dev.almic.ee\/lv\/wp-json\/wp\/v2\/media\/69664"}],"wp:attachment":[{"href":"https:\/\/miil.dev.almic.ee\/lv\/wp-json\/wp\/v2\/media?parent=69635"}],"wp:term":[{"taxonomy":"product_cat","embeddable":true,"href":"https:\/\/miil.dev.almic.ee\/lv\/wp-json\/wp\/v2\/product_cat?post=69635"},{"taxonomy":"product_tag","embeddable":true,"href":"https:\/\/miil.dev.almic.ee\/lv\/wp-json\/wp\/v2\/product_tag?post=69635"}],"curies":[{"name":"wp","href":"https:\/\/api.w.org\/{rel}","templated":true}]}}