{"id":67707,"date":"2024-07-02T09:32:47","date_gmt":"2024-07-02T06:32:47","guid":{"rendered":"https:\/\/www.miil.ee\/?post_type=product&#038;p=67707"},"modified":"2024-11-08T12:47:36","modified_gmt":"2024-11-08T10:47:36","slug":"juras-konteineru-savienosana","status":"publish","type":"product","link":"https:\/\/miil.dev.almic.ee\/lv\/toode\/juras-konteineru-savienosana\/","title":{"rendered":"J\u016bras konteineru savieno\u0161ana"},"content":{"rendered":"<h1>J\u016bras konteineru savieno\u0161ana<\/h1>\n<p>J\u016bras konteineru savieno\u0161ana un vair\u0101ku konteineru salik\u0161ana vien\u0101 liel\u0101k\u0101 telp\u0101.<br \/>\nVaram pied\u0101v\u0101t da\u017e\u0101dus telpu risin\u0101jumus un da\u017e\u0101du skaitu durvju, logu, ventil\u0101cijas ailu, ai\u013cu apr\u012bkojumam, ap\u0161uvumu, apdari, elektrodarbus un daudz ko citu.<\/p>\n<p>\u0160\u0101du konteineru var izmantot, piem\u0113ram, k\u0101 gar\u0101\u017eu, noliktavas telpu vai pagaidu \u0113ku.<br \/>\nTvertnei nav nepiecie\u0161ams pamats!<br \/>\nAtt\u0113l\u0101 redzama 12 metru konteinera \u0113ka ar no\u0146emt\u0101m bortiem. Ja 12 metru konteineram tiek no\u0146emtas malas, ir j\u0101izveido papildu pastiprin\u0101jums, lai izvair\u012btos no staba, kas atbalsta konteinera centru.<br \/>\nTvertnes griesti k\u013c\u016bst \u016bdensnecaurlaid\u012bgi, ja virs tiem uzb\u016bv\u0113jat jumtu vai uzst\u0101d\u0101t PVC p\u0101rsegu. Nav labu risin\u0101jumu tikai savienojuma da\u013cas hidroizol\u0101cijai.<br \/>\nKonteiners ir veidots t\u0101, lai to var\u0113tu transport\u0113t tie\u0161i no m\u016bsu r\u016bpn\u012bcas uz klienta teritoriju.<br \/>\nPapildu apr\u012bkojums nav nepiecie\u0161ams.<br \/>\nAtt\u0113l\u0101 redzamajam risin\u0101jumam pievienots tum\u0161i pel\u0113ks PVC segums.<\/p>\n<p>M\u0113s sadarbojamies ar visiem uz\u0146\u0113mumiem, kas pied\u0101v\u0101 kvalitat\u012bvas konteineru noliktavas, un vi\u0146i pie mums savus konteinerus sa\u0146em ar \u013coti labiem nosac\u012bjumiem.<\/p>\n<ul>\n<li>Es staru starp diviem konteineriem &#8211; J\u016bras konteiners I staru, urb\u0161ana,<\/li>\n<li>12m metin\u0101\u0161ana un uzst\u0101d\u012b\u0161ana ir par cenu 1560.- +pvn.<\/li>\n<li>PVC segums virs trim konteineriem 2980.- +pvn.<\/li>\n<li>Salona apgaismojums 12 LED gaismas, elektr\u012bbas rozetes, industri\u0101l\u0101s str\u0101vas rozetes, elektr\u012bbas panelis, \u0101r\u0113jais apgaismojums, kabe\u013ci kast\u0113s un r\u012bkl\u0113s 3790.- +pvn.<\/li>\n<li>Rullo durvis ar uzst\u0101d\u012b\u0161anu un piederumiem 1950.- +pvn<\/li>\n<li>Motors rull\u012b\u0161u durv\u012bm 350.- +pvn.<\/li>\n<li>Rullo durvju elektronisk\u0101 koda atsl\u0113ga 295.- + pvn.<\/li>\n<li>Rull\u012b\u0161u durvis atveramas no mobil\u0101s lietotnes 240.- +pvn.<\/li>\n<\/ul>\n<p>Cenas atkar\u012bgas no paveikt\u0101 darba apjoma, grie\u0161anai, transport\u0113\u0161anai, metin\u0101\u0161anai, var l\u016bgt pied\u0101v\u0101jumu <a href=\"mailto:rait@miil.ee\">rait@miil.ee<\/a><\/p>\n<p>M\u0113s ar\u012b p\u0101rb\u016bv\u0113jam konteinerus p\u0113c DWG ras\u0113jumiem, metin\u0101\u0161anas sertifik\u0101tiem, kr\u0101su sertifik\u0101tiem, l\u0101zergrie\u0161anas un kvalit\u0101tes &#8211; viss no vienas vietas.<\/p>\n<h2>J\u016bras konteineru savieno\u0161ana vai k\u0101ds cits risin\u0101jums?<\/h2>\n<p>Papildus durv\u012bm, ja nepiecie\u0161ams, izb\u016bv\u0113jam starpsienas, uzst\u0101d\u0101m liftus, siltin\u0101m vai projekt\u0113jam Jums piem\u0113rotu rekl\u0101mas konteineru.<br \/>\nMums ir iesp\u0113ja ra\u017eot p\u0101rveidotus ISO j\u016bras konteinerus ar der\u012bgu CSC pl\u0101ksn\u012bti bez nepiecie\u0161am\u012bbas p\u0113c atsevi\u0161\u0137as sertifik\u0101cijas.<br \/>\nJa konteiners tiek p\u0101rb\u016bv\u0113ts Igaunij\u0101, CSC sertifik\u0101ts autom\u0101tiski zaud\u0113 savu der\u012bgumu, mainot \u0101r\u0113jo formu.<br \/>\nNav svar\u012bgi, vai konteiners tiek izmantots uz vietas vai transport\u0113ts pa sauszemi.<br \/>\nJ\u016bras p\u0101rvad\u0101jumiem ir svar\u012bgs der\u012bgs CSC sertifik\u0101ts, k\u0101 ar\u012b nepiecie\u0161ama p\u0101rbaude.<br \/>\nJ\u016bras transport\u0101 p\u0101rveidotajam konteineram j\u0101atbilst \u012bpa\u0161\u0101m pras\u012bb\u0101m.<br \/>\nKonteinera atk\u0101rtota sertifik\u0101cija Eirop\u0101 maks\u0101 piecciparu summu, ieskaitot papildu izmaksas un pieg\u0101di.<\/p>\n<h2>J\u016bras konteineri tie\u0161i no r\u016bpn\u012bcas<\/h2>\n<p>Liel\u0101kiem s\u016bt\u012bjumiem m\u0113s nos\u016bt\u0101m j\u016bras konteinerus tie\u0161i no r\u016bpn\u012bcas klientam vis\u0101 pasaul\u0113.<br \/>\nJ\u016bs varat ieg\u0101d\u0101ties konteineru pie mums Igaunij\u0101, Austr\u0101lij\u0101 vai Sp\u0101nij\u0101.<br \/>\nPapildus standarta konteineriem m\u016bsu produktu kl\u0101st\u0101 ir ISO tvert\u0146u konteineri, ledusskapju konteineri, multilift r\u0101mja konteineri, uzglab\u0101\u0161anas konteineri, instrumentu konteineri un daudz kas cits.<\/p>\n<p>J\u016bras konteineru p\u0101rb\u016bve<br \/>\nJ\u016bras konteineru kr\u0101so\u0161ana<br \/>\nJ\u016bras konteineru remonts<br \/>\nJ\u016bras konteineru atg\u016b\u0161ana<br \/>\nJ\u016bras konteineru ra\u017eo\u0161ana<br \/>\nJ\u016bras konteineru izol\u0101cija<br \/>\nJ\u016bras konteineru savieno\u0161ana<\/p>\n<h2>K\u0101p\u0113c v\u0113rsties pie mums p\u0113c konteineru risin\u0101jumiem?<\/h2>\n<p>Attiec\u012bb\u0101 uz j\u016bras konteineriem vienm\u0113r svar\u012bga ir kvalit\u0101te, papildus kvalitat\u012bvai precei mums ir \u013coti gara un pareiza v\u0113sture, kas garant\u0113 klientam, ka prece non\u0101ks sol\u012btaj\u0101 form\u0101, sol\u012btaj\u0101 laik\u0101 un laik\u0101. sol\u012bt\u0101 vieta.<br \/>\nM\u016bsu vietnes atrodas vis\u0101 Igaunij\u0101.<br \/>\nGalvenais birojs ar liel\u0101ko izv\u0113li blakus Tallinai Valtsi 1, Lagedi un maz\u0101kiem termin\u0101\u013ciem vis\u0101 Igaunij\u0101.<br \/>\nPapildus j\u016bras konteineru p\u0101rb\u016bvei j\u016bs varat atrast siltums\u016bk\u0146us, k\u0101pnes, j\u016bras konteinerus, \u017eogus un daudz ko citu.<br \/>\nCenas ar att\u0113liem m\u0101jas lapas E-veikal\u0101.<\/p>\n<p>P\u0101rvad\u0101\u0161anai parasti izmantojam celtnis vai s\u0101nu iekr\u0101v\u0113ju.<br \/>\nM\u0113s izmantojam RAM backloader, lai aptvertu vissare\u017e\u0123\u012bt\u0101k\u0101s vietas.<\/p>\n<p>Sekojiet mums Facebook vai Instagram<\/p>\n","protected":false},"excerpt":{"rendered":"<p>J\u016bras konteineru savieno\u0161ana J\u016bras konteineru savieno\u0161ana un vair\u0101ku konteineru salik\u0161ana vien\u0101 liel\u0101k\u0101 telp\u0101. Varam pied\u0101v\u0101t da\u017e\u0101dus telpu risin\u0101jumus un da\u017e\u0101du skaitu durvju, logu, ventil\u0101cijas ailu, ai\u013cu apr\u012bkojumam, ap\u0161uvumu, apdari, elektrodarbus un daudz ko citu. \u0160\u0101du konteineru var izmantot, piem\u0113ram, k\u0101 gar\u0101\u017eu, noliktavas telpu vai pagaidu \u0113ku. Tvertnei nav nepiecie\u0161ams pamats! Att\u0113l\u0101 redzama 12 metru konteinera&#8230;<\/p>\n","protected":false},"featured_media":72936,"comment_status":"closed","ping_status":"closed","template":"","meta":{"_acf_changed":false},"product_cat":[348],"product_tag":[],"class_list":{"0":"post-67707","1":"product","2":"type-product","3":"status-publish","4":"has-post-thumbnail","6":"product_cat-tehnika","8":"first","9":"instock","10":"shipping-taxable","11":"purchasable","12":"product-type-simple"},"acf":[],"yoast_head":"<!-- This site is optimized with the Yoast SEO Premium plugin v23.9 (Yoast SEO v27.5) - https:\/\/yoast.com\/product\/yoast-seo-premium-wordpress\/ -->\n<title>J\u016bras konteineru savieno\u0161ana - Miil O\u00dc<\/title>\n<meta name=\"description\" content=\"Savienojo\u0161ie j\u016bras konteineri | J\u016bras konteiners | Uzglab\u0101\u0161anas konteiners | Konteineru p\u0101rb\u016bve | viet\u0101s vis\u0101 Igaunij\u0101 un R\u012bg\u0101 \u2b50\ufe0f\u2b50\ufe0f\u2b50\ufe0f\u2b50\ufe0f\u2b50\ufe0f\" \/>\n<meta name=\"robots\" content=\"index, follow, max-snippet:-1, max-image-preview:large, max-video-preview:-1\" \/>\n<link rel=\"canonical\" href=\"https:\/\/miil.dev.almic.ee\/lv\/toode\/juras-konteineru-savienosana\/\" \/>\n<meta property=\"og:locale\" content=\"lv_LV\" \/>\n<meta property=\"og:type\" content=\"article\" \/>\n<meta property=\"og:title\" content=\"J\u016bras konteineru savieno\u0161ana\" \/>\n<meta property=\"og:description\" content=\"Savienojo\u0161ie j\u016bras konteineri | J\u016bras konteiners | Uzglab\u0101\u0161anas konteiners | Konteineru p\u0101rb\u016bve | viet\u0101s vis\u0101 Igaunij\u0101 un R\u012bg\u0101 \u2b50\ufe0f\u2b50\ufe0f\u2b50\ufe0f\u2b50\ufe0f\u2b50\ufe0f\" \/>\n<meta property=\"og:url\" content=\"https:\/\/miil.dev.almic.ee\/lv\/toode\/juras-konteineru-savienosana\/\" \/>\n<meta property=\"og:site_name\" content=\"Miil O\u00dc\" \/>\n<meta property=\"article:publisher\" content=\"https:\/\/www.facebook.com\/konteinerveod\/\" \/>\n<meta property=\"article:modified_time\" content=\"2024-11-08T10:47:36+00:00\" \/>\n<meta property=\"og:image\" content=\"https:\/\/miil.dev.almic.ee\/wp-content\/uploads\/2024\/07\/a1-v-scaled.jpg\" \/>\n\t<meta property=\"og:image:width\" content=\"1900\" \/>\n\t<meta property=\"og:image:height\" content=\"1425\" \/>\n\t<meta property=\"og:image:type\" content=\"image\/jpeg\" \/>\n<meta name=\"twitter:card\" content=\"summary_large_image\" \/>\n<meta name=\"twitter:label1\" content=\"Price\" \/>\n\t<meta name=\"twitter:data1\" content=\"5000,00&nbsp;&euro;\" \/>\n\t<meta name=\"twitter:label2\" content=\"Availability\" \/>\n\t<meta name=\"twitter:data2\" content=\"In stock\" \/>\n<script type=\"application\/ld+json\" class=\"yoast-schema-graph\">{\"@context\":\"https:\\\/\\\/schema.org\",\"@graph\":[{\"@type\":\"WebPage\",\"@id\":\"https:\\\/\\\/miil.dev.almic.ee\\\/lv\\\/toode\\\/juras-konteineru-savienosana\\\/\",\"url\":\"https:\\\/\\\/miil.dev.almic.ee\\\/lv\\\/toode\\\/juras-konteineru-savienosana\\\/\",\"name\":\"J\u016bras konteineru savieno\u0161ana - Miil O\u00dc\",\"isPartOf\":{\"@id\":\"https:\\\/\\\/miil.dev.almic.ee\\\/#website\"},\"primaryImageOfPage\":{\"@id\":\"https:\\\/\\\/miil.dev.almic.ee\\\/lv\\\/toode\\\/juras-konteineru-savienosana\\\/#primaryimage\"},\"image\":{\"@id\":\"https:\\\/\\\/miil.dev.almic.ee\\\/lv\\\/toode\\\/juras-konteineru-savienosana\\\/#primaryimage\"},\"thumbnailUrl\":\"https:\\\/\\\/miil.dev.almic.ee\\\/wp-content\\\/uploads\\\/2024\\\/07\\\/a1-v-scaled.jpg\",\"datePublished\":\"2024-07-02T06:32:47+00:00\",\"dateModified\":\"2024-11-08T10:47:36+00:00\",\"description\":\"Savienojo\u0161ie j\u016bras konteineri | J\u016bras konteiners | Uzglab\u0101\u0161anas konteiners | Konteineru p\u0101rb\u016bve | viet\u0101s vis\u0101 Igaunij\u0101 un R\u012bg\u0101 \u2b50\ufe0f\u2b50\ufe0f\u2b50\ufe0f\u2b50\ufe0f\u2b50\ufe0f\",\"breadcrumb\":{\"@id\":\"https:\\\/\\\/miil.dev.almic.ee\\\/lv\\\/toode\\\/juras-konteineru-savienosana\\\/#breadcrumb\"},\"inLanguage\":\"lv-LV\",\"potentialAction\":[{\"@type\":\"ReadAction\",\"target\":[\"https:\\\/\\\/miil.dev.almic.ee\\\/lv\\\/toode\\\/juras-konteineru-savienosana\\\/\"]}]},{\"@type\":\"ImageObject\",\"inLanguage\":\"lv-LV\",\"@id\":\"https:\\\/\\\/miil.dev.almic.ee\\\/lv\\\/toode\\\/juras-konteineru-savienosana\\\/#primaryimage\",\"url\":\"https:\\\/\\\/miil.dev.almic.ee\\\/wp-content\\\/uploads\\\/2024\\\/07\\\/a1-v-scaled.jpg\",\"contentUrl\":\"https:\\\/\\\/miil.dev.almic.ee\\\/wp-content\\\/uploads\\\/2024\\\/07\\\/a1-v-scaled.jpg\",\"width\":1900,\"height\":1425},{\"@type\":\"BreadcrumbList\",\"@id\":\"https:\\\/\\\/miil.dev.almic.ee\\\/lv\\\/toode\\\/juras-konteineru-savienosana\\\/#breadcrumb\",\"itemListElement\":[{\"@type\":\"ListItem\",\"position\":1,\"name\":\"Home\",\"item\":\"https:\\\/\\\/miil.dev.almic.ee\\\/lv\\\/\"},{\"@type\":\"ListItem\",\"position\":2,\"name\":\"Veikals\",\"item\":\"https:\\\/\\\/miil.dev.almic.ee\\\/lv\\\/veikals\\\/\"},{\"@type\":\"ListItem\",\"position\":3,\"name\":\"J\u016bras konteineru savieno\u0161ana\"}]},{\"@type\":\"WebSite\",\"@id\":\"https:\\\/\\\/miil.dev.almic.ee\\\/#website\",\"url\":\"https:\\\/\\\/miil.dev.almic.ee\\\/\",\"name\":\"Miil O\u00dc\",\"description\":\"Konteinerveod\",\"publisher\":{\"@id\":\"https:\\\/\\\/miil.dev.almic.ee\\\/#organization\"},\"potentialAction\":[{\"@type\":\"SearchAction\",\"target\":{\"@type\":\"EntryPoint\",\"urlTemplate\":\"https:\\\/\\\/miil.dev.almic.ee\\\/?s={search_term_string}\"},\"query-input\":{\"@type\":\"PropertyValueSpecification\",\"valueRequired\":true,\"valueName\":\"search_term_string\"}}],\"inLanguage\":\"lv-LV\"},{\"@type\":\"Organization\",\"@id\":\"https:\\\/\\\/miil.dev.almic.ee\\\/#organization\",\"name\":\"Miil O\u00dc\",\"url\":\"https:\\\/\\\/miil.dev.almic.ee\\\/\",\"logo\":{\"@type\":\"ImageObject\",\"inLanguage\":\"lv-LV\",\"@id\":\"https:\\\/\\\/miil.dev.almic.ee\\\/#\\\/schema\\\/logo\\\/image\\\/\",\"url\":\"https:\\\/\\\/www.miil.ee\\\/wp-content\\\/uploads\\\/2022\\\/02\\\/Miil-logo.svg\",\"contentUrl\":\"https:\\\/\\\/www.miil.ee\\\/wp-content\\\/uploads\\\/2022\\\/02\\\/Miil-logo.svg\",\"width\":\"1024\",\"height\":\"1024\",\"caption\":\"Miil O\u00dc\"},\"image\":{\"@id\":\"https:\\\/\\\/miil.dev.almic.ee\\\/#\\\/schema\\\/logo\\\/image\\\/\"},\"sameAs\":[\"https:\\\/\\\/www.facebook.com\\\/konteinerveod\\\/\",\"https:\\\/\\\/www.instagram.com\\\/ou_miil\\\/\"]}]}<\/script>\n<meta property=\"product:price:amount\" content=\"5000.00\" \/>\n<meta property=\"product:price:currency\" content=\"EUR\" \/>\n<meta property=\"og:availability\" content=\"instock\" \/>\n<meta property=\"product:availability\" content=\"instock\" \/>\n<meta property=\"product:condition\" content=\"new\" \/>\n<!-- \/ Yoast SEO Premium plugin. -->","yoast_head_json":{"title":"J\u016bras konteineru savieno\u0161ana - Miil O\u00dc","description":"Savienojo\u0161ie j\u016bras konteineri | J\u016bras konteiners | Uzglab\u0101\u0161anas konteiners | Konteineru p\u0101rb\u016bve | viet\u0101s vis\u0101 Igaunij\u0101 un R\u012bg\u0101 \u2b50\ufe0f\u2b50\ufe0f\u2b50\ufe0f\u2b50\ufe0f\u2b50\ufe0f","robots":{"index":"index","follow":"follow","max-snippet":"max-snippet:-1","max-image-preview":"max-image-preview:large","max-video-preview":"max-video-preview:-1"},"canonical":"https:\/\/miil.dev.almic.ee\/lv\/toode\/juras-konteineru-savienosana\/","og_locale":"lv_LV","og_type":"article","og_title":"J\u016bras konteineru savieno\u0161ana","og_description":"Savienojo\u0161ie j\u016bras konteineri | J\u016bras konteiners | Uzglab\u0101\u0161anas konteiners | Konteineru p\u0101rb\u016bve | viet\u0101s vis\u0101 Igaunij\u0101 un R\u012bg\u0101 \u2b50\ufe0f\u2b50\ufe0f\u2b50\ufe0f\u2b50\ufe0f\u2b50\ufe0f","og_url":"https:\/\/miil.dev.almic.ee\/lv\/toode\/juras-konteineru-savienosana\/","og_site_name":"Miil O\u00dc","article_publisher":"https:\/\/www.facebook.com\/konteinerveod\/","article_modified_time":"2024-11-08T10:47:36+00:00","og_image":[{"width":1900,"height":1425,"url":"https:\/\/miil.dev.almic.ee\/wp-content\/uploads\/2024\/07\/a1-v-scaled.jpg","type":"image\/jpeg"}],"twitter_card":"summary_large_image","twitter_misc":{"Price":"5000,00&nbsp;&euro;","Availability":"In stock"},"schema":{"@context":"https:\/\/schema.org","@graph":[{"@type":"WebPage","@id":"https:\/\/miil.dev.almic.ee\/lv\/toode\/juras-konteineru-savienosana\/","url":"https:\/\/miil.dev.almic.ee\/lv\/toode\/juras-konteineru-savienosana\/","name":"J\u016bras konteineru savieno\u0161ana - Miil O\u00dc","isPartOf":{"@id":"https:\/\/miil.dev.almic.ee\/#website"},"primaryImageOfPage":{"@id":"https:\/\/miil.dev.almic.ee\/lv\/toode\/juras-konteineru-savienosana\/#primaryimage"},"image":{"@id":"https:\/\/miil.dev.almic.ee\/lv\/toode\/juras-konteineru-savienosana\/#primaryimage"},"thumbnailUrl":"https:\/\/miil.dev.almic.ee\/wp-content\/uploads\/2024\/07\/a1-v-scaled.jpg","datePublished":"2024-07-02T06:32:47+00:00","dateModified":"2024-11-08T10:47:36+00:00","description":"Savienojo\u0161ie j\u016bras konteineri | J\u016bras konteiners | Uzglab\u0101\u0161anas konteiners | Konteineru p\u0101rb\u016bve | viet\u0101s vis\u0101 Igaunij\u0101 un R\u012bg\u0101 \u2b50\ufe0f\u2b50\ufe0f\u2b50\ufe0f\u2b50\ufe0f\u2b50\ufe0f","breadcrumb":{"@id":"https:\/\/miil.dev.almic.ee\/lv\/toode\/juras-konteineru-savienosana\/#breadcrumb"},"inLanguage":"lv-LV","potentialAction":[{"@type":"ReadAction","target":["https:\/\/miil.dev.almic.ee\/lv\/toode\/juras-konteineru-savienosana\/"]}]},{"@type":"ImageObject","inLanguage":"lv-LV","@id":"https:\/\/miil.dev.almic.ee\/lv\/toode\/juras-konteineru-savienosana\/#primaryimage","url":"https:\/\/miil.dev.almic.ee\/wp-content\/uploads\/2024\/07\/a1-v-scaled.jpg","contentUrl":"https:\/\/miil.dev.almic.ee\/wp-content\/uploads\/2024\/07\/a1-v-scaled.jpg","width":1900,"height":1425},{"@type":"BreadcrumbList","@id":"https:\/\/miil.dev.almic.ee\/lv\/toode\/juras-konteineru-savienosana\/#breadcrumb","itemListElement":[{"@type":"ListItem","position":1,"name":"Home","item":"https:\/\/miil.dev.almic.ee\/lv\/"},{"@type":"ListItem","position":2,"name":"Veikals","item":"https:\/\/miil.dev.almic.ee\/lv\/veikals\/"},{"@type":"ListItem","position":3,"name":"J\u016bras konteineru savieno\u0161ana"}]},{"@type":"WebSite","@id":"https:\/\/miil.dev.almic.ee\/#website","url":"https:\/\/miil.dev.almic.ee\/","name":"Miil O\u00dc","description":"Konteinerveod","publisher":{"@id":"https:\/\/miil.dev.almic.ee\/#organization"},"potentialAction":[{"@type":"SearchAction","target":{"@type":"EntryPoint","urlTemplate":"https:\/\/miil.dev.almic.ee\/?s={search_term_string}"},"query-input":{"@type":"PropertyValueSpecification","valueRequired":true,"valueName":"search_term_string"}}],"inLanguage":"lv-LV"},{"@type":"Organization","@id":"https:\/\/miil.dev.almic.ee\/#organization","name":"Miil O\u00dc","url":"https:\/\/miil.dev.almic.ee\/","logo":{"@type":"ImageObject","inLanguage":"lv-LV","@id":"https:\/\/miil.dev.almic.ee\/#\/schema\/logo\/image\/","url":"https:\/\/www.miil.ee\/wp-content\/uploads\/2022\/02\/Miil-logo.svg","contentUrl":"https:\/\/www.miil.ee\/wp-content\/uploads\/2022\/02\/Miil-logo.svg","width":"1024","height":"1024","caption":"Miil O\u00dc"},"image":{"@id":"https:\/\/miil.dev.almic.ee\/#\/schema\/logo\/image\/"},"sameAs":["https:\/\/www.facebook.com\/konteinerveod\/","https:\/\/www.instagram.com\/ou_miil\/"]}]},"product_price_amount":"5000.00","product_price_currency":"EUR","og_availability":"instock","product_availability":"instock","product_condition":"new"},"_links":{"self":[{"href":"https:\/\/miil.dev.almic.ee\/lv\/wp-json\/wp\/v2\/product\/67707","targetHints":{"allow":["GET"]}}],"collection":[{"href":"https:\/\/miil.dev.almic.ee\/lv\/wp-json\/wp\/v2\/product"}],"about":[{"href":"https:\/\/miil.dev.almic.ee\/lv\/wp-json\/wp\/v2\/types\/product"}],"replies":[{"embeddable":true,"href":"https:\/\/miil.dev.almic.ee\/lv\/wp-json\/wp\/v2\/comments?post=67707"}],"wp:featuredmedia":[{"embeddable":true,"href":"https:\/\/miil.dev.almic.ee\/lv\/wp-json\/wp\/v2\/media\/72936"}],"wp:attachment":[{"href":"https:\/\/miil.dev.almic.ee\/lv\/wp-json\/wp\/v2\/media?parent=67707"}],"wp:term":[{"taxonomy":"product_cat","embeddable":true,"href":"https:\/\/miil.dev.almic.ee\/lv\/wp-json\/wp\/v2\/product_cat?post=67707"},{"taxonomy":"product_tag","embeddable":true,"href":"https:\/\/miil.dev.almic.ee\/lv\/wp-json\/wp\/v2\/product_tag?post=67707"}],"curies":[{"name":"wp","href":"https:\/\/api.w.org\/{rel}","templated":true}]}}