{"id":66087,"date":"2024-06-12T12:52:12","date_gmt":"2024-06-12T09:52:12","guid":{"rendered":"https:\/\/www.miil.ee\/?post_type=product&#038;p=66087"},"modified":"2024-11-12T13:49:17","modified_gmt":"2024-11-12T11:49:17","slug":"containex-basic-anthracite-miiu0991","status":"publish","type":"product","link":"https:\/\/miil.dev.almic.ee\/lv\/toode\/containex-basic-anthracite-miiu0991\/","title":{"rendered":"Containex Basic Anthracite ar gar\u0101\u017eas durv\u012bm &#8211; MIIU0991"},"content":{"rendered":"<h1>Containex Basic Anthracite kab\u012bne ar rullo durv\u012bm.<\/h1>\n<p>kab\u012bne Containex Basic Anthracite ar rull\u0113jam\u0101m durv\u012bm, 6 metrus gara, 2,44 metrus plata un 2,6 metrus augsta.<br \/>\nGr\u012bdas kravnes\u012bba ir 200kg\/m2 un to var palielin\u0101t.<br \/>\nContainex Basic Anthracite kab\u012bnes vienm\u0113r ir augstas kvalit\u0101tes un mar\u0137\u0113tas ar CE mar\u0137\u0113jumu.<br \/>\nCietu r\u0101mi nodro\u0161ina bultskr\u016bvju savienojums, kas dod lielu priek\u0161roc\u012bbu sal\u012bdzin\u0101jum\u0101 ar metin\u0101tu r\u0101mi.<br \/>\nJumts ir velm\u0113ts un sk\u0101rds vai kr\u0101sots sk\u0101rds.<br \/>\nGr\u012bda siltin\u0101ta ar 100mm miner\u0101lvati, jumts siltin\u0101ts ar 100mm miner\u0101lvati un sienas ar 45mm PU put\u0101m (atbilst aptuveni 60mm vatei).<br \/>\nsalons ir tum\u0161i pel\u0113ks RAL7016 Antrac\u012bts, no kura ar\u012b c\u0113lies konkr\u0113t\u0101s kab\u012bnes nosaukums.<\/p>\n<ul>\n<li>Viens atverams logs<\/li>\n<li>Vienas durvis<\/li>\n<li>Vienas rull\u012b\u0161u durvis<\/li>\n<li>Divas gaismas<\/li>\n<li>Standarta augstums<\/li>\n<li>Dubult\u0101 izeja<\/li>\n<li>Elektriskais panelis<\/li>\n<li>Gaismas sl\u0113dzis<\/li>\n<\/ul>\n<p><strong>Specifik\u0101cija<\/strong><br \/>\n&#8211; \u0100r\u0113jais augstums 2591mm<br \/>\n&#8211; Iek\u0161\u0113jais augstums 2340mm<br \/>\nR\u0101mja kr\u0101sa RAL7016 tum\u0161i pel\u0113ka<br \/>\nPane\u013ca kr\u0101sa RAL7016 tum\u0161i pel\u0113ka<\/p>\n<p><strong>Izol\u0101cija<\/strong><br \/>\n&#8211; Sienu izol\u0101cija PU putas 45mm<br \/>\n&#8211; Jumta izol\u0101cijas miner\u0101lvate 100mm<br \/>\n&#8211; Gr\u012bdas izol\u0101cijas PU pl\u0101ksnes 60mm<\/p>\n<p><strong>Elektr\u012bbas piesl\u0113gums<\/strong><br \/>\n230V\/32A\/3-pin<\/p>\n<p><strong>Pane\u013ci<\/strong><br \/>\n1 loga panelis,<br \/>\nLogu var atv\u0113rt piln\u012bb\u0101 vai atv\u0113rt ventil\u0101cijas st\u0101vokl\u012b.<br \/>\nAugstums no zemes 870mm<\/p>\n<p><strong>1 priek\u0161\u0113j\u0101s durvis<\/strong><br \/>\natveras uz \u0101ru.<br \/>\nDurvju platums: 875 mm<br \/>\nDurvju atv\u0113r\u0161anas platums: 811mm<br \/>\nDurvju atv\u0113r\u0161anas augstums: 2065mm<\/p>\n<p><strong>1 Elektriskais panelis<\/strong><br \/>\n2 gab spraud\u0146i<br \/>\n1gab gaismas sl\u0113dzis<br \/>\nElektriskais panelis<\/p>\n<p><strong>Piederumi:<\/strong><br \/>\nGaisa siltums\u016bknis 4.7kw \u2013 990.- +pvn<br \/>\nKoka apdare &#8211; 2990.- + pvn<br \/>\nPievienot logu \u2013 590.- + pvn<br \/>\nru\u013c\u013cu durvis \u2013 1950.- + pvn<\/p>\n<h2>Koted\u017ea un mini m\u0101ja<\/h2>\n<p>kab\u012bne vairs nav tikai pagaidu \u0113ka b\u016bvlaukum\u0101, modernas, kvalitat\u012bvas kaj\u012btes ar skr\u016bvju savienojumiem ir lieliski piem\u0113rotas vasarn\u012bcai vai komercplat\u012bb\u0101m.<br \/>\nGatavai mini m\u0101ji\u0146ai nav nepiecie\u0161ami ne pamati, ne celtnieks \u2013 pas\u016bti un izbaudi?<br \/>\nUzst\u0101d\u012b\u0161ana aiz\u0146em maz\u0101k nek\u0101 30 min\u016btes, un m\u0101ja var p\u0101rdot gatavu risin\u0101jumu, kas noz\u012bm\u0113, ka to var pieg\u0101d\u0101t taj\u0101 pa\u0161\u0101 dien\u0101.<br \/>\nJa v\u0113laties izv\u0113l\u0113ties loga vai durvju atra\u0161an\u0101s vietu, tas aiz\u0146ems maksimums ned\u0113\u013cu.<br \/>\nPapildu darbi, piem\u0113ram, jumta iekl\u0101\u0161ana un lieli logi, aiz\u0146em apm\u0113ram \u010detras ned\u0113\u013cas.<\/p>\n<h2>Containex Basic Anthracite ar gar\u0101\u017eas durv\u012bm &#8211; MIIU0991 pirkt vai \u012br\u0113t?<\/h2>\n<p>Papildus tirdzniec\u012bbai m\u0113s \u012br\u0113jam kaj\u012btes.<br \/>\n\u0160is risin\u0101jums ir ide\u0101ls, ja kab\u012bne ir nepiecie\u0161ama \u012bslaic\u012bgai izmanto\u0161anai celtniec\u012bb\u0101 vai k\u0101p\u0113c ne k\u0101 sezonas koted\u017eai, birojam vai tirdzniec\u012bbas vietai.<br \/>\nkaj\u012b\u0161u noma ir lombards un katram klientam varam atrast piem\u0113rotu risin\u0101jumu.<br \/>\nPie mums var \u012br\u0113t ar\u012b panor\u0101mas logus, koka kaj\u012btes vai standarta kaj\u012btes un mini m\u0101jas.<br \/>\nPieg\u0101d\u0101jam kab\u012bni un uzst\u0101d\u0101m p\u0113c klienta v\u0113lm\u0113m.<br \/>\nPied\u0101v\u0101jam pla\u0161as sadarb\u012bbas iesp\u0113jas, piem\u0113ram, nesezonas uzglab\u0101\u0161anai da\u017e\u0101d\u0101s pils\u0113t\u0101s un nomaksas maks\u0101jumiem, izmantojot Inbank.ee.<br \/>\nJa jums ir nepiecie\u0161ams viena, divst\u0101vu vai vair\u0101ku st\u0101vu risin\u0101jums, j\u016bs esat \u012bstaj\u0101 viet\u0101!<br \/>\nNeviens projekts mums nav par lielu vai par mazu, dro\u0161i jaut\u0101jiet un sadarbojoties atrad\u012bsim lab\u0101ko risin\u0101jumu.<\/p>\n<p>P\u0101rvad\u0101\u0161anai parasti izmantojam <a href=\"https:\/\/www.miil.ee\/lv\/pakalpojumi\/celtnis\/\">celtnis<\/a> vai <a href=\"https:\/\/www.miil.ee\/lv\/pakalpojumi\/sanu-iekraveji-sideloader\/\">s\u0101nu iekr\u0101v\u0113ju.<\/a><br \/>\nM\u0113s izmantojam <a href=\"https:\/\/www.miil.ee\/lv\/pakalpojumi\/ram-pasizgazejs\/\">RAM backloader<\/a>, lai aptvertu vissare\u017e\u0123\u012bt\u0101k\u0101s vietas.<\/p>\n<p>Sekojiet mums <a href=\"https:\/\/www.facebook.com\/konteinerveod\/\">Facebook<\/a> vai <a href=\"https:\/\/www.instagram.com\/ou_miil\/\">Instagram.<\/a><\/p>\n","protected":false},"excerpt":{"rendered":"<p>Containex Basic Anthracite kab\u012bne ar rullo durv\u012bm. kab\u012bne Containex Basic Anthracite ar rull\u0113jam\u0101m durv\u012bm, 6 metrus gara, 2,44 metrus plata un 2,6 metrus augsta. Gr\u012bdas kravnes\u012bba ir 200kg\/m2 un to var palielin\u0101t. Containex Basic Anthracite kab\u012bnes vienm\u0113r ir augstas kvalit\u0101tes un mar\u0137\u0113tas ar CE mar\u0137\u0113jumu. Cietu r\u0101mi nodro\u0161ina bultskr\u016bvju savienojums, kas dod lielu priek\u0161roc\u012bbu sal\u012bdzin\u0101jum\u0101&#8230;<\/p>\n","protected":false},"featured_media":66093,"comment_status":"closed","ping_status":"closed","template":"","meta":{"_acf_changed":false},"product_cat":[344,408],"product_tag":[],"class_list":{"0":"post-66087","1":"product","2":"type-product","3":"status-publish","4":"has-post-thumbnail","6":"product_cat-vagonini","7":"product_cat-jauni-vagonini","9":"first","10":"instock","11":"shipping-taxable","12":"purchasable","13":"product-type-simple"},"acf":[],"yoast_head":"<!-- This site is optimized with the Yoast SEO Premium plugin v23.9 (Yoast SEO v27.5) - https:\/\/yoast.com\/product\/yoast-seo-premium-wordpress\/ -->\n<title>Containex Basic Anthracite ar gar\u0101\u017eas durv\u012bm - MIIU0991<\/title>\n<meta name=\"description\" content=\"Containex Basic Anthracite ar gar\u0101\u017eas durv\u012bm - MIIU0991 | Mini m\u0101jas un koted\u017eas | Kaj\u012b\u0161u noma un p\u0101rdo\u0161ana | Transports un remonts |\" \/>\n<meta name=\"robots\" content=\"index, follow, max-snippet:-1, max-image-preview:large, max-video-preview:-1\" \/>\n<link rel=\"canonical\" href=\"https:\/\/miil.dev.almic.ee\/lv\/toode\/containex-basic-anthracite-miiu0991\/\" \/>\n<meta property=\"og:locale\" content=\"lv_LV\" \/>\n<meta property=\"og:type\" content=\"article\" \/>\n<meta property=\"og:title\" content=\"Containex Basic Anthracite ar gar\u0101\u017eas durv\u012bm - MIIU0991\" \/>\n<meta property=\"og:description\" content=\"Containex Basic Anthracite ar gar\u0101\u017eas durv\u012bm - MIIU0991 | Mini m\u0101jas un koted\u017eas | Kaj\u012b\u0161u noma un p\u0101rdo\u0161ana | Transports un remonts |\" \/>\n<meta property=\"og:url\" content=\"https:\/\/miil.dev.almic.ee\/lv\/toode\/containex-basic-anthracite-miiu0991\/\" \/>\n<meta property=\"og:site_name\" content=\"Miil O\u00dc\" \/>\n<meta property=\"article:publisher\" content=\"https:\/\/www.facebook.com\/konteinerveod\/\" \/>\n<meta property=\"article:modified_time\" content=\"2024-11-12T11:49:17+00:00\" \/>\n<meta property=\"og:image\" content=\"https:\/\/miil.dev.almic.ee\/wp-content\/uploads\/2024\/06\/Soojak-tostuksega-roller-door-basic-anthracite-2-scaled.jpg\" \/>\n\t<meta property=\"og:image:width\" content=\"1900\" \/>\n\t<meta property=\"og:image:height\" content=\"1425\" \/>\n\t<meta property=\"og:image:type\" content=\"image\/jpeg\" \/>\n<meta name=\"twitter:card\" content=\"summary_large_image\" \/>\n<meta name=\"twitter:label1\" content=\"Price\" \/>\n\t<meta name=\"twitter:data1\" content=\"6990,00&nbsp;&euro;\" \/>\n\t<meta name=\"twitter:label2\" content=\"Availability\" \/>\n\t<meta name=\"twitter:data2\" content=\"In stock\" \/>\n<script type=\"application\/ld+json\" class=\"yoast-schema-graph\">{\"@context\":\"https:\\\/\\\/schema.org\",\"@graph\":[{\"@type\":\"WebPage\",\"@id\":\"https:\\\/\\\/miil.dev.almic.ee\\\/lv\\\/toode\\\/containex-basic-anthracite-miiu0991\\\/\",\"url\":\"https:\\\/\\\/miil.dev.almic.ee\\\/lv\\\/toode\\\/containex-basic-anthracite-miiu0991\\\/\",\"name\":\"Containex Basic Anthracite ar gar\u0101\u017eas durv\u012bm - MIIU0991\",\"isPartOf\":{\"@id\":\"https:\\\/\\\/miil.dev.almic.ee\\\/#website\"},\"primaryImageOfPage\":{\"@id\":\"https:\\\/\\\/miil.dev.almic.ee\\\/lv\\\/toode\\\/containex-basic-anthracite-miiu0991\\\/#primaryimage\"},\"image\":{\"@id\":\"https:\\\/\\\/miil.dev.almic.ee\\\/lv\\\/toode\\\/containex-basic-anthracite-miiu0991\\\/#primaryimage\"},\"thumbnailUrl\":\"https:\\\/\\\/miil.dev.almic.ee\\\/wp-content\\\/uploads\\\/2024\\\/06\\\/Soojak-tostuksega-roller-door-basic-anthracite-2-scaled.jpg\",\"datePublished\":\"2024-06-12T09:52:12+00:00\",\"dateModified\":\"2024-11-12T11:49:17+00:00\",\"description\":\"Containex Basic Anthracite ar gar\u0101\u017eas durv\u012bm - MIIU0991 | Mini m\u0101jas un koted\u017eas | Kaj\u012b\u0161u noma un p\u0101rdo\u0161ana | Transports un remonts |\",\"breadcrumb\":{\"@id\":\"https:\\\/\\\/miil.dev.almic.ee\\\/lv\\\/toode\\\/containex-basic-anthracite-miiu0991\\\/#breadcrumb\"},\"inLanguage\":\"lv-LV\",\"potentialAction\":[{\"@type\":\"ReadAction\",\"target\":[\"https:\\\/\\\/miil.dev.almic.ee\\\/lv\\\/toode\\\/containex-basic-anthracite-miiu0991\\\/\"]}]},{\"@type\":\"ImageObject\",\"inLanguage\":\"lv-LV\",\"@id\":\"https:\\\/\\\/miil.dev.almic.ee\\\/lv\\\/toode\\\/containex-basic-anthracite-miiu0991\\\/#primaryimage\",\"url\":\"https:\\\/\\\/miil.dev.almic.ee\\\/wp-content\\\/uploads\\\/2024\\\/06\\\/Soojak-tostuksega-roller-door-basic-anthracite-2-scaled.jpg\",\"contentUrl\":\"https:\\\/\\\/miil.dev.almic.ee\\\/wp-content\\\/uploads\\\/2024\\\/06\\\/Soojak-tostuksega-roller-door-basic-anthracite-2-scaled.jpg\",\"width\":1900,\"height\":1425,\"caption\":\"Soojak Containex Basic Anthracite t\u00f5stuksega\"},{\"@type\":\"BreadcrumbList\",\"@id\":\"https:\\\/\\\/miil.dev.almic.ee\\\/lv\\\/toode\\\/containex-basic-anthracite-miiu0991\\\/#breadcrumb\",\"itemListElement\":[{\"@type\":\"ListItem\",\"position\":1,\"name\":\"Home\",\"item\":\"https:\\\/\\\/miil.dev.almic.ee\\\/lv\\\/\"},{\"@type\":\"ListItem\",\"position\":2,\"name\":\"Veikals\",\"item\":\"https:\\\/\\\/miil.dev.almic.ee\\\/lv\\\/veikals\\\/\"},{\"@type\":\"ListItem\",\"position\":3,\"name\":\"Containex Basic Anthracite ar gar\u0101\u017eas durv\u012bm &#8211; MIIU0991\"}]},{\"@type\":\"WebSite\",\"@id\":\"https:\\\/\\\/miil.dev.almic.ee\\\/#website\",\"url\":\"https:\\\/\\\/miil.dev.almic.ee\\\/\",\"name\":\"Miil O\u00dc\",\"description\":\"Konteinerveod\",\"publisher\":{\"@id\":\"https:\\\/\\\/miil.dev.almic.ee\\\/#organization\"},\"potentialAction\":[{\"@type\":\"SearchAction\",\"target\":{\"@type\":\"EntryPoint\",\"urlTemplate\":\"https:\\\/\\\/miil.dev.almic.ee\\\/?s={search_term_string}\"},\"query-input\":{\"@type\":\"PropertyValueSpecification\",\"valueRequired\":true,\"valueName\":\"search_term_string\"}}],\"inLanguage\":\"lv-LV\"},{\"@type\":\"Organization\",\"@id\":\"https:\\\/\\\/miil.dev.almic.ee\\\/#organization\",\"name\":\"Miil O\u00dc\",\"url\":\"https:\\\/\\\/miil.dev.almic.ee\\\/\",\"logo\":{\"@type\":\"ImageObject\",\"inLanguage\":\"lv-LV\",\"@id\":\"https:\\\/\\\/miil.dev.almic.ee\\\/#\\\/schema\\\/logo\\\/image\\\/\",\"url\":\"https:\\\/\\\/www.miil.ee\\\/wp-content\\\/uploads\\\/2022\\\/02\\\/Miil-logo.svg\",\"contentUrl\":\"https:\\\/\\\/www.miil.ee\\\/wp-content\\\/uploads\\\/2022\\\/02\\\/Miil-logo.svg\",\"width\":\"1024\",\"height\":\"1024\",\"caption\":\"Miil O\u00dc\"},\"image\":{\"@id\":\"https:\\\/\\\/miil.dev.almic.ee\\\/#\\\/schema\\\/logo\\\/image\\\/\"},\"sameAs\":[\"https:\\\/\\\/www.facebook.com\\\/konteinerveod\\\/\",\"https:\\\/\\\/www.instagram.com\\\/ou_miil\\\/\"]}]}<\/script>\n<meta property=\"product:price:amount\" content=\"6990.00\" \/>\n<meta property=\"product:price:currency\" content=\"EUR\" \/>\n<meta property=\"og:availability\" content=\"instock\" \/>\n<meta property=\"product:availability\" content=\"instock\" \/>\n<meta property=\"product:retailer_item_id\" content=\"MIIU1050\" \/>\n<meta property=\"product:condition\" content=\"new\" \/>\n<!-- \/ Yoast SEO Premium plugin. -->","yoast_head_json":{"title":"Containex Basic Anthracite ar gar\u0101\u017eas durv\u012bm - MIIU0991","description":"Containex Basic Anthracite ar gar\u0101\u017eas durv\u012bm - MIIU0991 | Mini m\u0101jas un koted\u017eas | Kaj\u012b\u0161u noma un p\u0101rdo\u0161ana | Transports un remonts |","robots":{"index":"index","follow":"follow","max-snippet":"max-snippet:-1","max-image-preview":"max-image-preview:large","max-video-preview":"max-video-preview:-1"},"canonical":"https:\/\/miil.dev.almic.ee\/lv\/toode\/containex-basic-anthracite-miiu0991\/","og_locale":"lv_LV","og_type":"article","og_title":"Containex Basic Anthracite ar gar\u0101\u017eas durv\u012bm - MIIU0991","og_description":"Containex Basic Anthracite ar gar\u0101\u017eas durv\u012bm - MIIU0991 | Mini m\u0101jas un koted\u017eas | Kaj\u012b\u0161u noma un p\u0101rdo\u0161ana | Transports un remonts |","og_url":"https:\/\/miil.dev.almic.ee\/lv\/toode\/containex-basic-anthracite-miiu0991\/","og_site_name":"Miil O\u00dc","article_publisher":"https:\/\/www.facebook.com\/konteinerveod\/","article_modified_time":"2024-11-12T11:49:17+00:00","og_image":[{"width":1900,"height":1425,"url":"https:\/\/miil.dev.almic.ee\/wp-content\/uploads\/2024\/06\/Soojak-tostuksega-roller-door-basic-anthracite-2-scaled.jpg","type":"image\/jpeg"}],"twitter_card":"summary_large_image","twitter_misc":{"Price":"6990,00&nbsp;&euro;","Availability":"In stock"},"schema":{"@context":"https:\/\/schema.org","@graph":[{"@type":"WebPage","@id":"https:\/\/miil.dev.almic.ee\/lv\/toode\/containex-basic-anthracite-miiu0991\/","url":"https:\/\/miil.dev.almic.ee\/lv\/toode\/containex-basic-anthracite-miiu0991\/","name":"Containex Basic Anthracite ar gar\u0101\u017eas durv\u012bm - MIIU0991","isPartOf":{"@id":"https:\/\/miil.dev.almic.ee\/#website"},"primaryImageOfPage":{"@id":"https:\/\/miil.dev.almic.ee\/lv\/toode\/containex-basic-anthracite-miiu0991\/#primaryimage"},"image":{"@id":"https:\/\/miil.dev.almic.ee\/lv\/toode\/containex-basic-anthracite-miiu0991\/#primaryimage"},"thumbnailUrl":"https:\/\/miil.dev.almic.ee\/wp-content\/uploads\/2024\/06\/Soojak-tostuksega-roller-door-basic-anthracite-2-scaled.jpg","datePublished":"2024-06-12T09:52:12+00:00","dateModified":"2024-11-12T11:49:17+00:00","description":"Containex Basic Anthracite ar gar\u0101\u017eas durv\u012bm - MIIU0991 | Mini m\u0101jas un koted\u017eas | Kaj\u012b\u0161u noma un p\u0101rdo\u0161ana | Transports un remonts |","breadcrumb":{"@id":"https:\/\/miil.dev.almic.ee\/lv\/toode\/containex-basic-anthracite-miiu0991\/#breadcrumb"},"inLanguage":"lv-LV","potentialAction":[{"@type":"ReadAction","target":["https:\/\/miil.dev.almic.ee\/lv\/toode\/containex-basic-anthracite-miiu0991\/"]}]},{"@type":"ImageObject","inLanguage":"lv-LV","@id":"https:\/\/miil.dev.almic.ee\/lv\/toode\/containex-basic-anthracite-miiu0991\/#primaryimage","url":"https:\/\/miil.dev.almic.ee\/wp-content\/uploads\/2024\/06\/Soojak-tostuksega-roller-door-basic-anthracite-2-scaled.jpg","contentUrl":"https:\/\/miil.dev.almic.ee\/wp-content\/uploads\/2024\/06\/Soojak-tostuksega-roller-door-basic-anthracite-2-scaled.jpg","width":1900,"height":1425,"caption":"Soojak Containex Basic Anthracite t\u00f5stuksega"},{"@type":"BreadcrumbList","@id":"https:\/\/miil.dev.almic.ee\/lv\/toode\/containex-basic-anthracite-miiu0991\/#breadcrumb","itemListElement":[{"@type":"ListItem","position":1,"name":"Home","item":"https:\/\/miil.dev.almic.ee\/lv\/"},{"@type":"ListItem","position":2,"name":"Veikals","item":"https:\/\/miil.dev.almic.ee\/lv\/veikals\/"},{"@type":"ListItem","position":3,"name":"Containex Basic Anthracite ar gar\u0101\u017eas durv\u012bm &#8211; MIIU0991"}]},{"@type":"WebSite","@id":"https:\/\/miil.dev.almic.ee\/#website","url":"https:\/\/miil.dev.almic.ee\/","name":"Miil O\u00dc","description":"Konteinerveod","publisher":{"@id":"https:\/\/miil.dev.almic.ee\/#organization"},"potentialAction":[{"@type":"SearchAction","target":{"@type":"EntryPoint","urlTemplate":"https:\/\/miil.dev.almic.ee\/?s={search_term_string}"},"query-input":{"@type":"PropertyValueSpecification","valueRequired":true,"valueName":"search_term_string"}}],"inLanguage":"lv-LV"},{"@type":"Organization","@id":"https:\/\/miil.dev.almic.ee\/#organization","name":"Miil O\u00dc","url":"https:\/\/miil.dev.almic.ee\/","logo":{"@type":"ImageObject","inLanguage":"lv-LV","@id":"https:\/\/miil.dev.almic.ee\/#\/schema\/logo\/image\/","url":"https:\/\/www.miil.ee\/wp-content\/uploads\/2022\/02\/Miil-logo.svg","contentUrl":"https:\/\/www.miil.ee\/wp-content\/uploads\/2022\/02\/Miil-logo.svg","width":"1024","height":"1024","caption":"Miil O\u00dc"},"image":{"@id":"https:\/\/miil.dev.almic.ee\/#\/schema\/logo\/image\/"},"sameAs":["https:\/\/www.facebook.com\/konteinerveod\/","https:\/\/www.instagram.com\/ou_miil\/"]}]},"product_price_amount":"6990.00","product_price_currency":"EUR","og_availability":"instock","product_availability":"instock","product_retailer_item_id":"MIIU1050","product_condition":"new"},"_links":{"self":[{"href":"https:\/\/miil.dev.almic.ee\/lv\/wp-json\/wp\/v2\/product\/66087","targetHints":{"allow":["GET"]}}],"collection":[{"href":"https:\/\/miil.dev.almic.ee\/lv\/wp-json\/wp\/v2\/product"}],"about":[{"href":"https:\/\/miil.dev.almic.ee\/lv\/wp-json\/wp\/v2\/types\/product"}],"replies":[{"embeddable":true,"href":"https:\/\/miil.dev.almic.ee\/lv\/wp-json\/wp\/v2\/comments?post=66087"}],"wp:featuredmedia":[{"embeddable":true,"href":"https:\/\/miil.dev.almic.ee\/lv\/wp-json\/wp\/v2\/media\/66093"}],"wp:attachment":[{"href":"https:\/\/miil.dev.almic.ee\/lv\/wp-json\/wp\/v2\/media?parent=66087"}],"wp:term":[{"taxonomy":"product_cat","embeddable":true,"href":"https:\/\/miil.dev.almic.ee\/lv\/wp-json\/wp\/v2\/product_cat?post=66087"},{"taxonomy":"product_tag","embeddable":true,"href":"https:\/\/miil.dev.almic.ee\/lv\/wp-json\/wp\/v2\/product_tag?post=66087"}],"curies":[{"name":"wp","href":"https:\/\/api.w.org\/{rel}","templated":true}]}}