{"id":64994,"date":"2024-05-29T13:15:42","date_gmt":"2024-05-29T10:15:43","guid":{"rendered":"https:\/\/www.miil.ee\/?post_type=product&#038;p=64994"},"modified":"2025-01-21T12:17:56","modified_gmt":"2025-01-21T10:17:56","slug":"konteineru-katlu-maja","status":"publish","type":"product","link":"https:\/\/miil.dev.almic.ee\/lv\/toode\/konteineru-katlu-maja\/","title":{"rendered":"Konteineru katlu m\u0101ja MIIU0019581"},"content":{"rendered":"<h1>Tvaika apkures konteiners &#8211; Konteineru katlu m\u0101ja<\/h1>\n<p>Konteineru katlu m\u0101ja<\/p>\n<p>Katlu m\u0101ja ir ra\u017eota Igaunij\u0101 un kvalit\u0101t\u0113 nav pie\u013cauti nek\u0101di kompromisi.<\/p>\n<h2>Konteineru katlu m\u0101ja vai kas cits?<\/h2>\n<p>Protams, bez \u0161\u012bs katlum\u0101jas m\u016bsu produktu kl\u0101st\u0101 ir ar\u012b katli vai j\u016bras konteineri.<br \/>\nMums ir jauni un lietoti j\u016bras konteineri, tos ar\u012b iznom\u0101jam.<br \/>\nBiroja kaj\u012btes p\u0101rsvar\u0101 jaunas. Iz\u012br\u0113tie ir piln\u012bgi jauni, bet esam ar\u012b nedaudz lietoti, lai gan lab\u0101 st\u0101vokl\u012b.<br \/>\nPre\u010du katalogs ar p\u0101rskat\u0101m\u0101m cen\u0101m ir \u0161eit.<\/p>\n<p>Klientam viss vienuviet, p\u0113rkot pie mums konteineru vai j\u016bras konteineru, m\u0113s to turp atvedam ar savu celt\u0146a ma\u0161\u012bnu un uzst\u0101d\u0101m.<br \/>\nUzliekam ar\u012b k\u0101p\u0146u telpas daudzst\u0101vu biroju kaj\u012bt\u0113m.<br \/>\nPapildus iepriek\u0161min\u0113tajam m\u016bsu pre\u010du kl\u0101sta piederumu kategorij\u0101 j\u016bs varat atrast ar\u012b da\u017e\u0101dus plauktus, savienojumus starp biroja kaj\u012bt\u0113m vai konteineriem, skavas, piekaram\u0101s sl\u0113dzenes utt.<\/p>\n<p>Izv\u0113lieties pareizo preci no m\u016bsu pla\u0161\u0101 produktu kl\u0101sta un nodro\u0161iniet efekt\u012bvu un organiz\u0113tu uzglab\u0101\u0161anu sav\u0101 teritorij\u0101. MIIL.ee ir j\u016bsu uzticamais partneris j\u016bras konteineru un uzglab\u0101\u0161anas risin\u0101jumu jom\u0101.<\/p>\n<h2>Tvaika sild\u012b\u0161anas konteinera konstrukcija<\/h2>\n<p>Konteineru katlu m\u0101ja ir ieb\u016bv\u0113ta j\u016bras konteinera iek\u0161pus\u0113 un ir viegli p\u0101rvietojama.<br \/>\nTvaika sild\u012b\u0161anas konteinera b\u016bvniec\u012bb\u0101 izmantojam kvalitat\u012bvus partnerus un ilgm\u016b\u017e\u012bgus materi\u0101lus.<br \/>\nPapildus katlu telpu izb\u016bvei pa\u0161i ra\u017eojam j\u016bras konteineru rampas &#8220;Raidu&#8221;, j\u016bras konteineru plauktus &#8220;Rainis&#8221;, k\u0101pnes un veicam vair\u0101kus rekonstrukcijas darbus.<br \/>\nPiem\u0113ram, pie mums var pas\u016bt\u012bt gar\u0101\u017eas durvis, kas uzst\u0101d\u012btas konteinera aizmugur\u0113 k\u0101 patent\u0113ts risin\u0101jums, vai ar\u012b transporta servisu ar piekabi, kas \u012bpa\u0161i paredz\u0113ta SUV aizmugur\u0113. Ar \u0161o piekabi var p\u0101rvad\u0101t konteineru. \u0160o piekabi var izmantot, lai sasniegtu gr\u016bt\u0101kas vietas, piem\u0113ram, r\u016bpniecisk\u0101s \u0113kas ar zem\u0101m durv\u012bm vai reljefu ar p\u0101r\u0101k m\u012bkstu zemi kravas automa\u0161\u012bnai.<br \/>\nJebkur\u0101 gad\u012bjum\u0101 pie mums var atrast kvalitat\u012bvus un iztur\u012bgus risin\u0101jumus!<\/p>\n<p><strong>P\u0113rc tagad, maks\u0101 v\u0113l\u0101k<\/strong><span>\u00a0ir pieejama iesp\u0113ja:<\/span><br \/>\n<span><\/span><\/p>\n<ul>\n<li><span>Priv\u0101tperson\u0101m ar m\u016bsu partnera\u00a0<\/span><a href=\"https:\/\/inbank.ee\/laen\/vaikelaen\">Inbank.ee<\/a><span>\u00a0starpniec\u012bbu, izmantojot atsauces kodu \u201cKONTEINER\u201d.<\/span><br \/>\n<span><\/span><\/li>\n<li><span>Biznesa klientiem caur m\u016bsu partneri\u00a0<\/span><a href=\"https:\/\/tenor.my.canva.site\/tenor-miil\">Tenor.ee<\/a><\/li>\n<\/ul>\n<p>Sekojiet mums <a href=\"https:\/\/www.facebook.com\/konteinerveod\/\">Facebook<\/a> vai <a href=\"https:\/\/www.instagram.com\/ou_miil\/\">Instagram.<\/a><\/p>\n","protected":false},"excerpt":{"rendered":"<p>Tvaika apkures konteiners &#8211; Konteineru katlu m\u0101ja Konteineru katlu m\u0101ja Katlu m\u0101ja ir ra\u017eota Igaunij\u0101 un kvalit\u0101t\u0113 nav pie\u013cauti nek\u0101di kompromisi. Konteineru katlu m\u0101ja vai kas cits? Protams, bez \u0161\u012bs katlum\u0101jas m\u016bsu produktu kl\u0101st\u0101 ir ar\u012b katli vai j\u016bras konteineri. Mums ir jauni un lietoti j\u016bras konteineri, tos ar\u012b iznom\u0101jam. Biroja kaj\u012btes p\u0101rsvar\u0101 jaunas. Iz\u012br\u0113tie&#8230;<\/p>\n","protected":false},"featured_media":65000,"comment_status":"closed","ping_status":"closed","template":"","meta":{"_acf_changed":false},"product_cat":[336,348],"product_tag":[],"class_list":{"0":"post-64994","1":"product","2":"type-product","3":"status-publish","4":"has-post-thumbnail","6":"product_cat-papildu-piederumi","7":"product_cat-tehnika","9":"first","10":"instock","11":"shipping-taxable","12":"purchasable","13":"product-type-simple"},"acf":[],"yoast_head":"<!-- This site is optimized with the Yoast SEO Premium plugin v23.9 (Yoast SEO v27.5) - https:\/\/yoast.com\/product\/yoast-seo-premium-wordpress\/ -->\n<title>Konteineru katlu m\u0101ja - Miil O\u00dc<\/title>\n<meta name=\"description\" content=\"Konteineru katlu m\u0101ja | Juras konteiners izp\u0101rdo\u0161ana | Juras konteiners \u012br\u0113t | tiek p\u0101rdota biroja kab\u012bne | Juras konteiners transport |\" \/>\n<meta name=\"robots\" content=\"index, follow, max-snippet:-1, max-image-preview:large, max-video-preview:-1\" \/>\n<link rel=\"canonical\" href=\"https:\/\/miil.dev.almic.ee\/lv\/toode\/konteineru-katlu-maja\/\" \/>\n<meta property=\"og:locale\" content=\"lv_LV\" \/>\n<meta property=\"og:type\" content=\"article\" \/>\n<meta property=\"og:title\" content=\"Konteineru katlu m\u0101ja MIIU0019581\" \/>\n<meta property=\"og:description\" content=\"Konteineru katlu m\u0101ja | Juras konteiners izp\u0101rdo\u0161ana | Juras konteiners \u012br\u0113t | tiek p\u0101rdota biroja kab\u012bne | Juras konteiners transport |\" \/>\n<meta property=\"og:url\" content=\"https:\/\/miil.dev.almic.ee\/lv\/toode\/konteineru-katlu-maja\/\" \/>\n<meta property=\"og:site_name\" content=\"Miil O\u00dc\" \/>\n<meta property=\"article:publisher\" content=\"https:\/\/www.facebook.com\/konteinerveod\/\" \/>\n<meta property=\"article:modified_time\" content=\"2025-01-21T10:17:56+00:00\" \/>\n<meta property=\"og:image\" content=\"https:\/\/miil.dev.almic.ee\/wp-content\/uploads\/2024\/05\/Merekonteiner-konteiner-katlamaja-aurukatlamaja-konteinerite-umberehitus-merekonteinerite-ehitus-tootmine-ja-muuk-6-scaled.jpg\" \/>\n\t<meta property=\"og:image:width\" content=\"1900\" \/>\n\t<meta property=\"og:image:height\" content=\"1425\" \/>\n\t<meta property=\"og:image:type\" content=\"image\/jpeg\" \/>\n<meta name=\"twitter:card\" content=\"summary_large_image\" \/>\n<meta name=\"twitter:label1\" content=\"Price\" \/>\n\t<meta name=\"twitter:data1\" content=\"90000,00&nbsp;&euro;\" \/>\n\t<meta name=\"twitter:label2\" content=\"Availability\" \/>\n\t<meta name=\"twitter:data2\" content=\"In stock\" \/>\n<script type=\"application\/ld+json\" class=\"yoast-schema-graph\">{\"@context\":\"https:\\\/\\\/schema.org\",\"@graph\":[{\"@type\":\"WebPage\",\"@id\":\"https:\\\/\\\/miil.dev.almic.ee\\\/lv\\\/toode\\\/konteineru-katlu-maja\\\/\",\"url\":\"https:\\\/\\\/miil.dev.almic.ee\\\/lv\\\/toode\\\/konteineru-katlu-maja\\\/\",\"name\":\"Konteineru katlu m\u0101ja - Miil O\u00dc\",\"isPartOf\":{\"@id\":\"https:\\\/\\\/miil.dev.almic.ee\\\/#website\"},\"primaryImageOfPage\":{\"@id\":\"https:\\\/\\\/miil.dev.almic.ee\\\/lv\\\/toode\\\/konteineru-katlu-maja\\\/#primaryimage\"},\"image\":{\"@id\":\"https:\\\/\\\/miil.dev.almic.ee\\\/lv\\\/toode\\\/konteineru-katlu-maja\\\/#primaryimage\"},\"thumbnailUrl\":\"https:\\\/\\\/miil.dev.almic.ee\\\/wp-content\\\/uploads\\\/2024\\\/05\\\/Merekonteiner-konteiner-katlamaja-aurukatlamaja-konteinerite-umberehitus-merekonteinerite-ehitus-tootmine-ja-muuk-6-scaled.jpg\",\"datePublished\":\"2024-05-29T10:15:43+00:00\",\"dateModified\":\"2025-01-21T10:17:56+00:00\",\"description\":\"Konteineru katlu m\u0101ja | Juras konteiners izp\u0101rdo\u0161ana | Juras konteiners \u012br\u0113t | tiek p\u0101rdota biroja kab\u012bne | Juras konteiners transport |\",\"breadcrumb\":{\"@id\":\"https:\\\/\\\/miil.dev.almic.ee\\\/lv\\\/toode\\\/konteineru-katlu-maja\\\/#breadcrumb\"},\"inLanguage\":\"lv-LV\",\"potentialAction\":[{\"@type\":\"ReadAction\",\"target\":[\"https:\\\/\\\/miil.dev.almic.ee\\\/lv\\\/toode\\\/konteineru-katlu-maja\\\/\"]}]},{\"@type\":\"ImageObject\",\"inLanguage\":\"lv-LV\",\"@id\":\"https:\\\/\\\/miil.dev.almic.ee\\\/lv\\\/toode\\\/konteineru-katlu-maja\\\/#primaryimage\",\"url\":\"https:\\\/\\\/miil.dev.almic.ee\\\/wp-content\\\/uploads\\\/2024\\\/05\\\/Merekonteiner-konteiner-katlamaja-aurukatlamaja-konteinerite-umberehitus-merekonteinerite-ehitus-tootmine-ja-muuk-6-scaled.jpg\",\"contentUrl\":\"https:\\\/\\\/miil.dev.almic.ee\\\/wp-content\\\/uploads\\\/2024\\\/05\\\/Merekonteiner-konteiner-katlamaja-aurukatlamaja-konteinerite-umberehitus-merekonteinerite-ehitus-tootmine-ja-muuk-6-scaled.jpg\",\"width\":1900,\"height\":1425},{\"@type\":\"BreadcrumbList\",\"@id\":\"https:\\\/\\\/miil.dev.almic.ee\\\/lv\\\/toode\\\/konteineru-katlu-maja\\\/#breadcrumb\",\"itemListElement\":[{\"@type\":\"ListItem\",\"position\":1,\"name\":\"Home\",\"item\":\"https:\\\/\\\/miil.dev.almic.ee\\\/lv\\\/\"},{\"@type\":\"ListItem\",\"position\":2,\"name\":\"Veikals\",\"item\":\"https:\\\/\\\/miil.dev.almic.ee\\\/lv\\\/veikals\\\/\"},{\"@type\":\"ListItem\",\"position\":3,\"name\":\"Konteineru katlu m\u0101ja MIIU0019581\"}]},{\"@type\":\"WebSite\",\"@id\":\"https:\\\/\\\/miil.dev.almic.ee\\\/#website\",\"url\":\"https:\\\/\\\/miil.dev.almic.ee\\\/\",\"name\":\"Miil O\u00dc\",\"description\":\"Konteinerveod\",\"publisher\":{\"@id\":\"https:\\\/\\\/miil.dev.almic.ee\\\/#organization\"},\"potentialAction\":[{\"@type\":\"SearchAction\",\"target\":{\"@type\":\"EntryPoint\",\"urlTemplate\":\"https:\\\/\\\/miil.dev.almic.ee\\\/?s={search_term_string}\"},\"query-input\":{\"@type\":\"PropertyValueSpecification\",\"valueRequired\":true,\"valueName\":\"search_term_string\"}}],\"inLanguage\":\"lv-LV\"},{\"@type\":\"Organization\",\"@id\":\"https:\\\/\\\/miil.dev.almic.ee\\\/#organization\",\"name\":\"Miil O\u00dc\",\"url\":\"https:\\\/\\\/miil.dev.almic.ee\\\/\",\"logo\":{\"@type\":\"ImageObject\",\"inLanguage\":\"lv-LV\",\"@id\":\"https:\\\/\\\/miil.dev.almic.ee\\\/#\\\/schema\\\/logo\\\/image\\\/\",\"url\":\"https:\\\/\\\/www.miil.ee\\\/wp-content\\\/uploads\\\/2022\\\/02\\\/Miil-logo.svg\",\"contentUrl\":\"https:\\\/\\\/www.miil.ee\\\/wp-content\\\/uploads\\\/2022\\\/02\\\/Miil-logo.svg\",\"width\":\"1024\",\"height\":\"1024\",\"caption\":\"Miil O\u00dc\"},\"image\":{\"@id\":\"https:\\\/\\\/miil.dev.almic.ee\\\/#\\\/schema\\\/logo\\\/image\\\/\"},\"sameAs\":[\"https:\\\/\\\/www.facebook.com\\\/konteinerveod\\\/\",\"https:\\\/\\\/www.instagram.com\\\/ou_miil\\\/\"]}]}<\/script>\n<meta property=\"product:price:amount\" content=\"90000.00\" \/>\n<meta property=\"product:price:currency\" content=\"EUR\" \/>\n<meta property=\"og:availability\" content=\"instock\" \/>\n<meta property=\"product:availability\" content=\"instock\" \/>\n<meta property=\"product:retailer_item_id\" content=\"MIIU0019581\" \/>\n<meta property=\"product:condition\" content=\"new\" \/>\n<!-- \/ Yoast SEO Premium plugin. -->","yoast_head_json":{"title":"Konteineru katlu m\u0101ja - Miil O\u00dc","description":"Konteineru katlu m\u0101ja | Juras konteiners izp\u0101rdo\u0161ana | Juras konteiners \u012br\u0113t | tiek p\u0101rdota biroja kab\u012bne | Juras konteiners transport |","robots":{"index":"index","follow":"follow","max-snippet":"max-snippet:-1","max-image-preview":"max-image-preview:large","max-video-preview":"max-video-preview:-1"},"canonical":"https:\/\/miil.dev.almic.ee\/lv\/toode\/konteineru-katlu-maja\/","og_locale":"lv_LV","og_type":"article","og_title":"Konteineru katlu m\u0101ja MIIU0019581","og_description":"Konteineru katlu m\u0101ja | Juras konteiners izp\u0101rdo\u0161ana | Juras konteiners \u012br\u0113t | tiek p\u0101rdota biroja kab\u012bne | Juras konteiners transport |","og_url":"https:\/\/miil.dev.almic.ee\/lv\/toode\/konteineru-katlu-maja\/","og_site_name":"Miil O\u00dc","article_publisher":"https:\/\/www.facebook.com\/konteinerveod\/","article_modified_time":"2025-01-21T10:17:56+00:00","og_image":[{"width":1900,"height":1425,"url":"https:\/\/miil.dev.almic.ee\/wp-content\/uploads\/2024\/05\/Merekonteiner-konteiner-katlamaja-aurukatlamaja-konteinerite-umberehitus-merekonteinerite-ehitus-tootmine-ja-muuk-6-scaled.jpg","type":"image\/jpeg"}],"twitter_card":"summary_large_image","twitter_misc":{"Price":"90000,00&nbsp;&euro;","Availability":"In stock"},"schema":{"@context":"https:\/\/schema.org","@graph":[{"@type":"WebPage","@id":"https:\/\/miil.dev.almic.ee\/lv\/toode\/konteineru-katlu-maja\/","url":"https:\/\/miil.dev.almic.ee\/lv\/toode\/konteineru-katlu-maja\/","name":"Konteineru katlu m\u0101ja - Miil O\u00dc","isPartOf":{"@id":"https:\/\/miil.dev.almic.ee\/#website"},"primaryImageOfPage":{"@id":"https:\/\/miil.dev.almic.ee\/lv\/toode\/konteineru-katlu-maja\/#primaryimage"},"image":{"@id":"https:\/\/miil.dev.almic.ee\/lv\/toode\/konteineru-katlu-maja\/#primaryimage"},"thumbnailUrl":"https:\/\/miil.dev.almic.ee\/wp-content\/uploads\/2024\/05\/Merekonteiner-konteiner-katlamaja-aurukatlamaja-konteinerite-umberehitus-merekonteinerite-ehitus-tootmine-ja-muuk-6-scaled.jpg","datePublished":"2024-05-29T10:15:43+00:00","dateModified":"2025-01-21T10:17:56+00:00","description":"Konteineru katlu m\u0101ja | Juras konteiners izp\u0101rdo\u0161ana | Juras konteiners \u012br\u0113t | tiek p\u0101rdota biroja kab\u012bne | Juras konteiners transport |","breadcrumb":{"@id":"https:\/\/miil.dev.almic.ee\/lv\/toode\/konteineru-katlu-maja\/#breadcrumb"},"inLanguage":"lv-LV","potentialAction":[{"@type":"ReadAction","target":["https:\/\/miil.dev.almic.ee\/lv\/toode\/konteineru-katlu-maja\/"]}]},{"@type":"ImageObject","inLanguage":"lv-LV","@id":"https:\/\/miil.dev.almic.ee\/lv\/toode\/konteineru-katlu-maja\/#primaryimage","url":"https:\/\/miil.dev.almic.ee\/wp-content\/uploads\/2024\/05\/Merekonteiner-konteiner-katlamaja-aurukatlamaja-konteinerite-umberehitus-merekonteinerite-ehitus-tootmine-ja-muuk-6-scaled.jpg","contentUrl":"https:\/\/miil.dev.almic.ee\/wp-content\/uploads\/2024\/05\/Merekonteiner-konteiner-katlamaja-aurukatlamaja-konteinerite-umberehitus-merekonteinerite-ehitus-tootmine-ja-muuk-6-scaled.jpg","width":1900,"height":1425},{"@type":"BreadcrumbList","@id":"https:\/\/miil.dev.almic.ee\/lv\/toode\/konteineru-katlu-maja\/#breadcrumb","itemListElement":[{"@type":"ListItem","position":1,"name":"Home","item":"https:\/\/miil.dev.almic.ee\/lv\/"},{"@type":"ListItem","position":2,"name":"Veikals","item":"https:\/\/miil.dev.almic.ee\/lv\/veikals\/"},{"@type":"ListItem","position":3,"name":"Konteineru katlu m\u0101ja MIIU0019581"}]},{"@type":"WebSite","@id":"https:\/\/miil.dev.almic.ee\/#website","url":"https:\/\/miil.dev.almic.ee\/","name":"Miil O\u00dc","description":"Konteinerveod","publisher":{"@id":"https:\/\/miil.dev.almic.ee\/#organization"},"potentialAction":[{"@type":"SearchAction","target":{"@type":"EntryPoint","urlTemplate":"https:\/\/miil.dev.almic.ee\/?s={search_term_string}"},"query-input":{"@type":"PropertyValueSpecification","valueRequired":true,"valueName":"search_term_string"}}],"inLanguage":"lv-LV"},{"@type":"Organization","@id":"https:\/\/miil.dev.almic.ee\/#organization","name":"Miil O\u00dc","url":"https:\/\/miil.dev.almic.ee\/","logo":{"@type":"ImageObject","inLanguage":"lv-LV","@id":"https:\/\/miil.dev.almic.ee\/#\/schema\/logo\/image\/","url":"https:\/\/www.miil.ee\/wp-content\/uploads\/2022\/02\/Miil-logo.svg","contentUrl":"https:\/\/www.miil.ee\/wp-content\/uploads\/2022\/02\/Miil-logo.svg","width":"1024","height":"1024","caption":"Miil O\u00dc"},"image":{"@id":"https:\/\/miil.dev.almic.ee\/#\/schema\/logo\/image\/"},"sameAs":["https:\/\/www.facebook.com\/konteinerveod\/","https:\/\/www.instagram.com\/ou_miil\/"]}]},"product_price_amount":"90000.00","product_price_currency":"EUR","og_availability":"instock","product_availability":"instock","product_retailer_item_id":"MIIU0019581","product_condition":"new"},"_links":{"self":[{"href":"https:\/\/miil.dev.almic.ee\/lv\/wp-json\/wp\/v2\/product\/64994","targetHints":{"allow":["GET"]}}],"collection":[{"href":"https:\/\/miil.dev.almic.ee\/lv\/wp-json\/wp\/v2\/product"}],"about":[{"href":"https:\/\/miil.dev.almic.ee\/lv\/wp-json\/wp\/v2\/types\/product"}],"replies":[{"embeddable":true,"href":"https:\/\/miil.dev.almic.ee\/lv\/wp-json\/wp\/v2\/comments?post=64994"}],"wp:featuredmedia":[{"embeddable":true,"href":"https:\/\/miil.dev.almic.ee\/lv\/wp-json\/wp\/v2\/media\/65000"}],"wp:attachment":[{"href":"https:\/\/miil.dev.almic.ee\/lv\/wp-json\/wp\/v2\/media?parent=64994"}],"wp:term":[{"taxonomy":"product_cat","embeddable":true,"href":"https:\/\/miil.dev.almic.ee\/lv\/wp-json\/wp\/v2\/product_cat?post=64994"},{"taxonomy":"product_tag","embeddable":true,"href":"https:\/\/miil.dev.almic.ee\/lv\/wp-json\/wp\/v2\/product_tag?post=64994"}],"curies":[{"name":"wp","href":"https:\/\/api.w.org\/{rel}","templated":true}]}}