{"id":62907,"date":"2024-04-26T19:08:19","date_gmt":"2024-04-26T16:08:20","guid":{"rendered":"https:\/\/www.miil.ee\/?post_type=product&#038;p=62907"},"modified":"2024-11-13T12:27:04","modified_gmt":"2024-11-13T10:27:04","slug":"kapnes-biroja-kajitem-kopeeri","status":"publish","type":"product","link":"https:\/\/miil.dev.almic.ee\/lv\/toode\/kapnes-biroja-kajitem-kopeeri\/","title":{"rendered":"Terase biroja kaj\u012bt\u0113m"},"content":{"rendered":"<h1>K\u0101pnes biroja kaj\u012bt\u0113m vai j\u016bras konteineriem<\/h1>\n<p>K\u0101pnes biroja kaj\u012bt\u0113m m\u016bsu p\u0101rdotajiem konteineriem ar CE mar\u0137\u0113jumu, piem\u0113ram, Containex Standard vai Containex Basic HC\/DC k\u0101pn\u0113m.<br \/>\nK\u0101pnes ir izgatavotas no iztur\u012bga met\u0101la, modul\u0101ras un cinkotas.<br \/>\nK\u0101p\u0146u pak\u0101pieniem priek\u0161\u0101 \u017eogs, aug\u0161\u0101 restes, k\u0101p\u0146u st\u016bri noapa\u013coti.<br \/>\nM\u016bsu p\u0101rdot\u0101s k\u0101pnes ir pieskr\u016bv\u0113tas un viegli uzst\u0101d\u0101mas.<br \/>\nVisas saskarnes ir modul\u0101ras, un k\u0101pnes var uzst\u0101d\u012bt tie\u0161i uz vietas divi darbinieki.<br \/>\nPreces ir ra\u017eotas Igaunij\u0101 un kvalit\u0101tes zi\u0146\u0101 kompromisi nav pie\u013cauti.<br \/>\nK\u0101p\u0146u tirdzniec\u012bba &#8211; k\u0101pnes Containex, k\u0101pnes ModulX, k\u0101pnes konteineriem.<\/p>\n<h2>K\u0101pnes biroja kaj\u012bt\u0113m vai biroja kab\u012bn\u0113m?<\/h2>\n<p>Protams, bez k\u0101pn\u0113m m\u016bsu kl\u0101st\u0101 ir ar\u012b biroja kaj\u012btes un ku\u0123niec\u012bbas konteineri.<br \/>\nMums uz vietas ir jauni un lietoti p\u0101rvad\u0101\u0161anas konteineri, k\u0101 ar\u012b tos iznom\u0101jam.<br \/>\nBiroja kaj\u012btes p\u0101rsvar\u0101 jaunas.<br \/>\nIznom\u0101jam\u0101s biroja kab\u012bnes ir lab\u0101 st\u0101vokl\u012b un ir maz lietotas vai piln\u012bgi jaunas.<br \/>\nPre\u010du katalogs ar cen\u0101m <a href=\"https:\/\/www.miil.ee\/lv\/veikals\/\">\u0161eit.<\/a><br \/>\nViss klientam vienuviet, p\u0113rkot pie mums konteineru vai modu\u013cu kab\u012bni, m\u0113s tos turp atvedam ar savu autoceltni un uzst\u0101d\u0101m viet\u0101.<br \/>\nUzst\u0101dam ar\u012b kop\u0101 savienotas biroja kab\u012bnes + k\u0101pnes.<br \/>\nPapildus iepriek\u0161min\u0113tajam, m\u016bsu kl\u0101sta piederumu kategorij\u0101 varat atrast ar\u012b da\u017e\u0101dus plauktus, bloku savienojumus, skavas un piekaram\u0101s sl\u0113dzenes.<\/p>\n<p>Izv\u0113lieties pareizo produktu no m\u016bsu pla\u0161\u0101 kl\u0101sta un nodro\u0161iniet efekt\u012bvu un organiz\u0113tu uzglab\u0101\u0161anu sav\u0101s telp\u0101s.<br \/>\nMIIL.ee ir j\u016bsu uzticamais partneris konteineru transport\u0113\u0161anas un uzglab\u0101\u0161anas risin\u0101jumu jom\u0101.<\/p>\n<p>Papildus k\u0101pn\u0113m pa\u0161i izgatavojam rampas Raidu j\u016bras konteineriem, plauktus Rai\u0146a j\u016bras konteineriem un veicam virkni p\u0101rb\u016bves darbu.<br \/>\nPiem\u0113ram, pie mums var pas\u016bt\u012bt gar\u0101\u017eas v\u0101rtus, kas tiek uzst\u0101d\u012bti konteinera aizmugur\u0113 k\u0101 patent\u0113ts risin\u0101jums.<br \/>\nVai ar\u012b transporta pakalpojumi ar piekabi, kas \u012bpa\u0161i paredz\u0113ta SUV virsb\u016bvei.<br \/>\n\u0160\u012b piekabe var transport\u0113t konteineru vai piekabi uz gr\u016bt\u0101k sasniedzam\u0101m viet\u0101m, piem\u0113ram, r\u016bpniecisko \u0113ku ar zem\u0101m durv\u012bm vai laukumu ar p\u0101r\u0101k m\u012bkstu zemi kravas automa\u0161\u012bnai.<br \/>\nJebkur\u0101 gad\u012bjum\u0101 pie mums j\u016bs atrad\u012bsiet kvalitat\u012bvus un iztur\u012bgus risin\u0101jumus!<\/p>\n<p>Sekojiet mums <a href=\"https:\/\/www.facebook.com\/merekonteiner\">Facebook<\/a> vai <a href=\"https:\/\/www.instagram.com\/ou_miil\/\">Instagram.<\/a><\/p>\n","protected":false},"excerpt":{"rendered":"<p>J\u016bras konteineru plaukti.<br \/>\nPlaukti &#8220;Rainis&#8221;, piem\u0113roti j\u016bras konteinera aug\u0161\u0113jiem posmiem.<br \/>\nJ\u016bras konteineru plaukti &#8220;Rainis&#8221; ir \u0101trs un \u0113rts risin\u0101jums, kad nepiecie\u0161ams uzglab\u0101t caurules, caurules vai citus gar\u0101kus produktus.<br \/>\nPlauktam ir papildus pastiprin\u0101jumi un izmantojamas visas att\u0113l\u0101 redzam\u0101s atveres.<br \/>\nVar pievienot ar\u012b galda gabalus un izmantot k\u0101 parastu plauktu.<\/p>\n","protected":false},"featured_media":69277,"comment_status":"closed","ping_status":"closed","template":"","meta":{"_acf_changed":false},"product_cat":[336,344,408],"product_tag":[],"class_list":{"0":"post-62907","1":"product","2":"type-product","3":"status-publish","4":"has-post-thumbnail","6":"product_cat-papildu-piederumi","7":"product_cat-vagonini","8":"product_cat-jauni-vagonini","10":"first","11":"instock","12":"shipping-taxable","13":"purchasable","14":"product-type-simple"},"acf":[],"yoast_head":"<!-- This site is optimized with the Yoast SEO Premium plugin v23.9 (Yoast SEO v27.5) - https:\/\/yoast.com\/product\/yoast-seo-premium-wordpress\/ -->\n<title>K\u0101pnes biroja kaj\u012bt\u0113m - Miil O\u00dc - Containex<\/title>\n<meta name=\"description\" content=\"K\u0101pnes biroja kaj\u012bt\u0113m, Containex biroja, ModulX biroja, j\u016bras konteineriem, Baltic states, office cabin sales and rent in Estonia\" \/>\n<meta name=\"robots\" content=\"index, follow, max-snippet:-1, max-image-preview:large, max-video-preview:-1\" \/>\n<link rel=\"canonical\" href=\"https:\/\/miil.dev.almic.ee\/lv\/toode\/kapnes-biroja-kajitem-kopeeri\/\" \/>\n<meta property=\"og:locale\" content=\"lv_LV\" \/>\n<meta property=\"og:type\" content=\"article\" \/>\n<meta property=\"og:title\" content=\"Terase biroja kaj\u012bt\u0113m\" \/>\n<meta property=\"og:description\" content=\"K\u0101pnes biroja kaj\u012bt\u0113m, Containex biroja, ModulX biroja, j\u016bras konteineriem, Baltic states, office cabin sales and rent in Estonia\" \/>\n<meta property=\"og:url\" content=\"https:\/\/miil.dev.almic.ee\/lv\/toode\/kapnes-biroja-kajitem-kopeeri\/\" \/>\n<meta property=\"og:site_name\" content=\"Miil O\u00dc\" \/>\n<meta property=\"article:publisher\" content=\"https:\/\/www.facebook.com\/konteinerveod\/\" \/>\n<meta property=\"article:modified_time\" content=\"2024-11-13T10:27:04+00:00\" \/>\n<meta property=\"og:image\" content=\"https:\/\/miil.dev.almic.ee\/wp-content\/uploads\/2024\/04\/Terrass-konteinerile-5-scaled.jpg\" \/>\n\t<meta property=\"og:image:width\" content=\"1425\" \/>\n\t<meta property=\"og:image:height\" content=\"1900\" \/>\n\t<meta property=\"og:image:type\" content=\"image\/jpeg\" \/>\n<meta name=\"twitter:card\" content=\"summary_large_image\" \/>\n<meta name=\"twitter:label1\" content=\"Price\" \/>\n\t<meta name=\"twitter:data1\" content=\"2490,00&nbsp;&euro;\" \/>\n\t<meta name=\"twitter:label2\" content=\"Availability\" \/>\n\t<meta name=\"twitter:data2\" content=\"In stock\" \/>\n<script type=\"application\/ld+json\" class=\"yoast-schema-graph\">{\"@context\":\"https:\\\/\\\/schema.org\",\"@graph\":[{\"@type\":\"WebPage\",\"@id\":\"https:\\\/\\\/miil.dev.almic.ee\\\/lv\\\/toode\\\/kapnes-biroja-kajitem-kopeeri\\\/\",\"url\":\"https:\\\/\\\/miil.dev.almic.ee\\\/lv\\\/toode\\\/kapnes-biroja-kajitem-kopeeri\\\/\",\"name\":\"K\u0101pnes biroja kaj\u012bt\u0113m - Miil O\u00dc - Containex\",\"isPartOf\":{\"@id\":\"https:\\\/\\\/miil.dev.almic.ee\\\/#website\"},\"primaryImageOfPage\":{\"@id\":\"https:\\\/\\\/miil.dev.almic.ee\\\/lv\\\/toode\\\/kapnes-biroja-kajitem-kopeeri\\\/#primaryimage\"},\"image\":{\"@id\":\"https:\\\/\\\/miil.dev.almic.ee\\\/lv\\\/toode\\\/kapnes-biroja-kajitem-kopeeri\\\/#primaryimage\"},\"thumbnailUrl\":\"https:\\\/\\\/miil.dev.almic.ee\\\/wp-content\\\/uploads\\\/2024\\\/04\\\/Terrass-konteinerile-5-scaled.jpg\",\"datePublished\":\"2024-04-26T16:08:20+00:00\",\"dateModified\":\"2024-11-13T10:27:04+00:00\",\"description\":\"K\u0101pnes biroja kaj\u012bt\u0113m, Containex biroja, ModulX biroja, j\u016bras konteineriem, Baltic states, office cabin sales and rent in Estonia\",\"breadcrumb\":{\"@id\":\"https:\\\/\\\/miil.dev.almic.ee\\\/lv\\\/toode\\\/kapnes-biroja-kajitem-kopeeri\\\/#breadcrumb\"},\"inLanguage\":\"lv-LV\",\"potentialAction\":[{\"@type\":\"ReadAction\",\"target\":[\"https:\\\/\\\/miil.dev.almic.ee\\\/lv\\\/toode\\\/kapnes-biroja-kajitem-kopeeri\\\/\"]}]},{\"@type\":\"ImageObject\",\"inLanguage\":\"lv-LV\",\"@id\":\"https:\\\/\\\/miil.dev.almic.ee\\\/lv\\\/toode\\\/kapnes-biroja-kajitem-kopeeri\\\/#primaryimage\",\"url\":\"https:\\\/\\\/miil.dev.almic.ee\\\/wp-content\\\/uploads\\\/2024\\\/04\\\/Terrass-konteinerile-5-scaled.jpg\",\"contentUrl\":\"https:\\\/\\\/miil.dev.almic.ee\\\/wp-content\\\/uploads\\\/2024\\\/04\\\/Terrass-konteinerile-5-scaled.jpg\",\"width\":1425,\"height\":1900},{\"@type\":\"BreadcrumbList\",\"@id\":\"https:\\\/\\\/miil.dev.almic.ee\\\/lv\\\/toode\\\/kapnes-biroja-kajitem-kopeeri\\\/#breadcrumb\",\"itemListElement\":[{\"@type\":\"ListItem\",\"position\":1,\"name\":\"Home\",\"item\":\"https:\\\/\\\/miil.dev.almic.ee\\\/lv\\\/\"},{\"@type\":\"ListItem\",\"position\":2,\"name\":\"Veikals\",\"item\":\"https:\\\/\\\/miil.dev.almic.ee\\\/lv\\\/veikals\\\/\"},{\"@type\":\"ListItem\",\"position\":3,\"name\":\"Terase biroja kaj\u012bt\u0113m\"}]},{\"@type\":\"WebSite\",\"@id\":\"https:\\\/\\\/miil.dev.almic.ee\\\/#website\",\"url\":\"https:\\\/\\\/miil.dev.almic.ee\\\/\",\"name\":\"Miil O\u00dc\",\"description\":\"Konteinerveod\",\"publisher\":{\"@id\":\"https:\\\/\\\/miil.dev.almic.ee\\\/#organization\"},\"potentialAction\":[{\"@type\":\"SearchAction\",\"target\":{\"@type\":\"EntryPoint\",\"urlTemplate\":\"https:\\\/\\\/miil.dev.almic.ee\\\/?s={search_term_string}\"},\"query-input\":{\"@type\":\"PropertyValueSpecification\",\"valueRequired\":true,\"valueName\":\"search_term_string\"}}],\"inLanguage\":\"lv-LV\"},{\"@type\":\"Organization\",\"@id\":\"https:\\\/\\\/miil.dev.almic.ee\\\/#organization\",\"name\":\"Miil O\u00dc\",\"url\":\"https:\\\/\\\/miil.dev.almic.ee\\\/\",\"logo\":{\"@type\":\"ImageObject\",\"inLanguage\":\"lv-LV\",\"@id\":\"https:\\\/\\\/miil.dev.almic.ee\\\/#\\\/schema\\\/logo\\\/image\\\/\",\"url\":\"https:\\\/\\\/www.miil.ee\\\/wp-content\\\/uploads\\\/2022\\\/02\\\/Miil-logo.svg\",\"contentUrl\":\"https:\\\/\\\/www.miil.ee\\\/wp-content\\\/uploads\\\/2022\\\/02\\\/Miil-logo.svg\",\"width\":\"1024\",\"height\":\"1024\",\"caption\":\"Miil O\u00dc\"},\"image\":{\"@id\":\"https:\\\/\\\/miil.dev.almic.ee\\\/#\\\/schema\\\/logo\\\/image\\\/\"},\"sameAs\":[\"https:\\\/\\\/www.facebook.com\\\/konteinerveod\\\/\",\"https:\\\/\\\/www.instagram.com\\\/ou_miil\\\/\"]}]}<\/script>\n<meta property=\"product:price:amount\" content=\"2490.00\" \/>\n<meta property=\"product:price:currency\" content=\"EUR\" \/>\n<meta property=\"og:availability\" content=\"instock\" \/>\n<meta property=\"product:availability\" content=\"instock\" \/>\n<meta property=\"product:retailer_item_id\" content=\"1568112553753-1-1-3\" \/>\n<meta property=\"product:condition\" content=\"new\" \/>\n<!-- \/ Yoast SEO Premium plugin. -->","yoast_head_json":{"title":"K\u0101pnes biroja kaj\u012bt\u0113m - Miil O\u00dc - Containex","description":"K\u0101pnes biroja kaj\u012bt\u0113m, Containex biroja, ModulX biroja, j\u016bras konteineriem, Baltic states, office cabin sales and rent in Estonia","robots":{"index":"index","follow":"follow","max-snippet":"max-snippet:-1","max-image-preview":"max-image-preview:large","max-video-preview":"max-video-preview:-1"},"canonical":"https:\/\/miil.dev.almic.ee\/lv\/toode\/kapnes-biroja-kajitem-kopeeri\/","og_locale":"lv_LV","og_type":"article","og_title":"Terase biroja kaj\u012bt\u0113m","og_description":"K\u0101pnes biroja kaj\u012bt\u0113m, Containex biroja, ModulX biroja, j\u016bras konteineriem, Baltic states, office cabin sales and rent in Estonia","og_url":"https:\/\/miil.dev.almic.ee\/lv\/toode\/kapnes-biroja-kajitem-kopeeri\/","og_site_name":"Miil O\u00dc","article_publisher":"https:\/\/www.facebook.com\/konteinerveod\/","article_modified_time":"2024-11-13T10:27:04+00:00","og_image":[{"width":1425,"height":1900,"url":"https:\/\/miil.dev.almic.ee\/wp-content\/uploads\/2024\/04\/Terrass-konteinerile-5-scaled.jpg","type":"image\/jpeg"}],"twitter_card":"summary_large_image","twitter_misc":{"Price":"2490,00&nbsp;&euro;","Availability":"In stock"},"schema":{"@context":"https:\/\/schema.org","@graph":[{"@type":"WebPage","@id":"https:\/\/miil.dev.almic.ee\/lv\/toode\/kapnes-biroja-kajitem-kopeeri\/","url":"https:\/\/miil.dev.almic.ee\/lv\/toode\/kapnes-biroja-kajitem-kopeeri\/","name":"K\u0101pnes biroja kaj\u012bt\u0113m - Miil O\u00dc - Containex","isPartOf":{"@id":"https:\/\/miil.dev.almic.ee\/#website"},"primaryImageOfPage":{"@id":"https:\/\/miil.dev.almic.ee\/lv\/toode\/kapnes-biroja-kajitem-kopeeri\/#primaryimage"},"image":{"@id":"https:\/\/miil.dev.almic.ee\/lv\/toode\/kapnes-biroja-kajitem-kopeeri\/#primaryimage"},"thumbnailUrl":"https:\/\/miil.dev.almic.ee\/wp-content\/uploads\/2024\/04\/Terrass-konteinerile-5-scaled.jpg","datePublished":"2024-04-26T16:08:20+00:00","dateModified":"2024-11-13T10:27:04+00:00","description":"K\u0101pnes biroja kaj\u012bt\u0113m, Containex biroja, ModulX biroja, j\u016bras konteineriem, Baltic states, office cabin sales and rent in Estonia","breadcrumb":{"@id":"https:\/\/miil.dev.almic.ee\/lv\/toode\/kapnes-biroja-kajitem-kopeeri\/#breadcrumb"},"inLanguage":"lv-LV","potentialAction":[{"@type":"ReadAction","target":["https:\/\/miil.dev.almic.ee\/lv\/toode\/kapnes-biroja-kajitem-kopeeri\/"]}]},{"@type":"ImageObject","inLanguage":"lv-LV","@id":"https:\/\/miil.dev.almic.ee\/lv\/toode\/kapnes-biroja-kajitem-kopeeri\/#primaryimage","url":"https:\/\/miil.dev.almic.ee\/wp-content\/uploads\/2024\/04\/Terrass-konteinerile-5-scaled.jpg","contentUrl":"https:\/\/miil.dev.almic.ee\/wp-content\/uploads\/2024\/04\/Terrass-konteinerile-5-scaled.jpg","width":1425,"height":1900},{"@type":"BreadcrumbList","@id":"https:\/\/miil.dev.almic.ee\/lv\/toode\/kapnes-biroja-kajitem-kopeeri\/#breadcrumb","itemListElement":[{"@type":"ListItem","position":1,"name":"Home","item":"https:\/\/miil.dev.almic.ee\/lv\/"},{"@type":"ListItem","position":2,"name":"Veikals","item":"https:\/\/miil.dev.almic.ee\/lv\/veikals\/"},{"@type":"ListItem","position":3,"name":"Terase biroja kaj\u012bt\u0113m"}]},{"@type":"WebSite","@id":"https:\/\/miil.dev.almic.ee\/#website","url":"https:\/\/miil.dev.almic.ee\/","name":"Miil O\u00dc","description":"Konteinerveod","publisher":{"@id":"https:\/\/miil.dev.almic.ee\/#organization"},"potentialAction":[{"@type":"SearchAction","target":{"@type":"EntryPoint","urlTemplate":"https:\/\/miil.dev.almic.ee\/?s={search_term_string}"},"query-input":{"@type":"PropertyValueSpecification","valueRequired":true,"valueName":"search_term_string"}}],"inLanguage":"lv-LV"},{"@type":"Organization","@id":"https:\/\/miil.dev.almic.ee\/#organization","name":"Miil O\u00dc","url":"https:\/\/miil.dev.almic.ee\/","logo":{"@type":"ImageObject","inLanguage":"lv-LV","@id":"https:\/\/miil.dev.almic.ee\/#\/schema\/logo\/image\/","url":"https:\/\/www.miil.ee\/wp-content\/uploads\/2022\/02\/Miil-logo.svg","contentUrl":"https:\/\/www.miil.ee\/wp-content\/uploads\/2022\/02\/Miil-logo.svg","width":"1024","height":"1024","caption":"Miil O\u00dc"},"image":{"@id":"https:\/\/miil.dev.almic.ee\/#\/schema\/logo\/image\/"},"sameAs":["https:\/\/www.facebook.com\/konteinerveod\/","https:\/\/www.instagram.com\/ou_miil\/"]}]},"product_price_amount":"2490.00","product_price_currency":"EUR","og_availability":"instock","product_availability":"instock","product_retailer_item_id":"1568112553753-1-1-3","product_condition":"new"},"_links":{"self":[{"href":"https:\/\/miil.dev.almic.ee\/lv\/wp-json\/wp\/v2\/product\/62907","targetHints":{"allow":["GET"]}}],"collection":[{"href":"https:\/\/miil.dev.almic.ee\/lv\/wp-json\/wp\/v2\/product"}],"about":[{"href":"https:\/\/miil.dev.almic.ee\/lv\/wp-json\/wp\/v2\/types\/product"}],"replies":[{"embeddable":true,"href":"https:\/\/miil.dev.almic.ee\/lv\/wp-json\/wp\/v2\/comments?post=62907"}],"wp:featuredmedia":[{"embeddable":true,"href":"https:\/\/miil.dev.almic.ee\/lv\/wp-json\/wp\/v2\/media\/69277"}],"wp:attachment":[{"href":"https:\/\/miil.dev.almic.ee\/lv\/wp-json\/wp\/v2\/media?parent=62907"}],"wp:term":[{"taxonomy":"product_cat","embeddable":true,"href":"https:\/\/miil.dev.almic.ee\/lv\/wp-json\/wp\/v2\/product_cat?post=62907"},{"taxonomy":"product_tag","embeddable":true,"href":"https:\/\/miil.dev.almic.ee\/lv\/wp-json\/wp\/v2\/product_tag?post=62907"}],"curies":[{"name":"wp","href":"https:\/\/api.w.org\/{rel}","templated":true}]}}