{"id":62708,"date":"2024-04-26T15:26:49","date_gmt":"2024-04-26T12:26:50","guid":{"rendered":"https:\/\/www.miil.ee\/?post_type=product&#038;p=62708"},"modified":"2024-11-12T13:49:40","modified_gmt":"2024-11-12T11:49:40","slug":"containex-standard-premium-miiu1002-ar-koka-oderi","status":"publish","type":"product","link":"https:\/\/miil.dev.almic.ee\/lv\/toode\/containex-standard-premium-miiu1002-ar-koka-oderi\/","title":{"rendered":"Containex Basic &#8211; MIIU3188 ar koka oderi"},"content":{"rendered":"<h1>Kab\u012bne ar koka oderi<\/h1>\n<p>Kab\u012bne ar koka pane\u013ciem un apdari zemnieciskai saimniec\u012bbas \u0113kai.<br \/>\nVienas p\u0101rn\u0113s\u0101jamas kab\u012bnes standarta izm\u0113rs ir 6 metrus gar\u0161, 2,44 metrus plats un 2,6 metrus augsts.<br \/>\nKab\u012bnes elementus var savienot kop\u0101, veidojot liel\u0101kas telpas.<\/p>\n<p>Papildus koka ap\u0161uvumam varam uzst\u0101d\u012bt ar\u012b gaisa siltums\u016bkni, otro st\u0101vu, k\u0101p\u0146u telpu, terases moduli uz jumta vai tam priek\u0161\u0101 uz zemes.<\/p>\n<p>Kaj\u012bte ir \u0101tr\u0101k\u0101 un pieejam\u0101k\u0101 \u0113ka koted\u017eai, piem\u0113ram, nav nepiecie\u0161ams ne celtnieks, ne pamati.<br \/>\nB\u016bvat\u013cauja parasti nav nepiecie\u0161ama, bet tas atkar\u012bgs no konkr\u0113t\u0101s vietas, pa\u0161vald\u012bbas un amatpersonu v\u0113lm\u0113m.<\/p>\n<p>Popularit\u0101ti g\u016bst kab\u012bnes apdare ar koku, un koka d\u0113\u013ca toni var pieska\u0146ot eso\u0161ajai m\u0101jai vai \u0113kai.<br \/>\nNepiecie\u0161am\u012bbas gad\u012bjum\u0101 ier\u012bkojam ar\u012b papildus apgaismojumu \u0101rpus\u0113 vai m\u0113be\u013cu telp\u0101.<\/p>\n<p>Divi atverami logi (var nomain\u012bt pret parasto paneli).<br \/>\nVienas durvis (durvis varam nomain\u012bt pret parasto paneli).<br \/>\nDivas gaismas.<br \/>\nStandarta augstums.<br \/>\nDubult\u0101 kontaktligzda.<br \/>\nElektriskais panelis.<br \/>\nGaismas sl\u0113dzis.<br \/>\nAC<\/p>\n<p><strong>Augstums<\/strong><\/p>\n<p>\u2013 \u0100r\u0113jais augstums 2591mm<br \/>\n\u2013 Iek\u0161\u0113jais augstums 2340mm<\/p>\n<p><strong>Apkure<\/strong><\/p>\n<p>\u2013 Sienu izol\u0101cija PU putas 45mm<br \/>\n\u2013 Jumta izol\u0101cijas miner\u0101lvate 100mm<br \/>\n\u2013 Gr\u012bdas izol\u0101cijas PU pl\u0101ksnes 60mm<\/p>\n<p>Elektr\u012bbas piesl\u0113gums<\/p>\n<p>230V\/32A\/3-pin<\/p>\n<p><strong>Pane\u013ci<\/strong><br \/>\n2 logu pane\u013ci,<br \/>\nLogus var atv\u0113rt piln\u012bb\u0101 vai atv\u0113rt ventil\u0101cijas st\u0101vokl\u012b.<br \/>\nAugstums no zemes 870mm<\/p>\n<p><strong>1 priek\u0161\u0113j\u0101s durvis<\/strong><br \/>\natveras uz \u0101ru.<br \/>\nDurvju platums: 875 mm<br \/>\nDurvju atv\u0113r\u0161anas platums: 811mm<br \/>\nDurvju atv\u0113r\u0161anas augstums: 2065mm<\/p>\n<p><strong>1 Elektriskais panelis<\/strong><br \/>\n2 gab spraud\u0146i<br \/>\n1gab gaismas sl\u0113dzis<br \/>\nElektriskais panelis<\/p>\n<p><strong>Piederumi:<\/strong><\/p>\n<p>Gaisa siltums\u016bknis 4.7kw \u2013 990.- + pvn<br \/>\nKoka apdare \u2013 2990.- + pvn<br \/>\nPievienot logu \u2013 590.- + pvn<br \/>\nRu\u013c\u013cu durvis \u2013 1950.- + pvn<\/p>\n<h2>Kab\u012b\u0146u transport\u0113\u0161ana un uzst\u0101d\u012b\u0161ana<\/h2>\n<p>Kab\u012bne ar koka oderi, transport\u0113\u0161ana vai uzst\u0101d\u012b\u0161ana mums ir ikdiena. Cietai virsmai, piem\u0113ram, asfaltam, \u0161\u0137emb\u0101m vai betonam, nevajag neko citu k\u0101 tikai da\u017eus akme\u0146us. Uzst\u0101d\u012b\u0161anas laik\u0101 kab\u012bne var\u0113tu palikt apm. 15-25 cm no zemes. Kaj\u012btes bie\u017ei no apak\u0161as ir izol\u0113tas ar vilnu, apak\u0161\u0101 &#8211; sk\u0101rdu.<br \/>\nVisas kaj\u012btes ir iztur\u012bgas pret grauz\u0113jiem, un t\u0101m ir Ce mar\u0137\u0113jums.<\/p>\n<p>CE mar\u0137\u0113jums un atbilst\u012bba ir vissvar\u012bg\u0101k\u0101 salona sast\u0101vda\u013ca!<br \/>\nCE mar\u0137\u0113jums garant\u0113, ka kab\u012bne atbilst Eiropas pras\u012bb\u0101m un ir dro\u0161a lieto\u0161an\u0101. M\u012btnes zem\u0113, Ukrain\u0101 vai Baltkrievij\u0101 b\u016bv\u0113taj\u0101m kaj\u012bt\u0113m \u0161\u012bs z\u012bmes nav, un neviens negarant\u0113, ka kab\u012bne nerad\u012bs boj\u0101jumus b\u016bvniec\u012bbas k\u013c\u016bdu d\u0113\u013c.<\/p>\n<h2>Kab\u012bne ar koka oderi vai r\u016bpn\u012bcas versiju?<\/h2>\n<p>Neatkar\u012bgi no t\u0101, vai pas\u016bt\u0101t pie mums kab\u012bni ar papildus apr\u012bkojumu vai r\u016bpn\u012bcas versij\u0101, abos gad\u012bjumos tas ir lieto\u0161anai gatavs risin\u0101jums.<br \/>\nT\u0101l\u0101k ir nor\u0101d\u012btas da\u017eas papildu piederumu cenas.<\/p>\n<p>P\u0101rvad\u0101\u0161anai parasti izmantojam <a href=\"https:\/\/www.miil.ee\/lv\/pakalpojumi\/celtnis\/\">celtnis<\/a> vai <a href=\"https:\/\/www.miil.ee\/lv\/pakalpojumi\/sanu-iekraveji-sideloader\/\">s\u0101nu iekr\u0101v\u0113ju.<\/a><br \/>\nM\u0113s izmantojam <a href=\"https:\/\/www.miil.ee\/lv\/pakalpojumi\/ram-pasizgazejs\/\">RAM backloader<\/a>, lai aptvertu vissare\u017e\u0123\u012bt\u0101k\u0101s vietas.<\/p>\n<p>Sekojiet mums <a href=\"https:\/\/www.facebook.com\/konteinerveod\/\">Facebook<\/a> vai <a href=\"https:\/\/www.instagram.com\/ou_miil\/\">Instagram.<\/a><\/p>\n","protected":false},"excerpt":{"rendered":"<p>Kab\u012bne ar koka oderi Kab\u012bne ar koka pane\u013ciem un apdari zemnieciskai saimniec\u012bbas \u0113kai. Vienas p\u0101rn\u0113s\u0101jamas kab\u012bnes standarta izm\u0113rs ir 6 metrus gar\u0161, 2,44 metrus plats un 2,6 metrus augsts. Kab\u012bnes elementus var savienot kop\u0101, veidojot liel\u0101kas telpas. Papildus koka ap\u0161uvumam varam uzst\u0101d\u012bt ar\u012b gaisa siltums\u016bkni, otro st\u0101vu, k\u0101p\u0146u telpu, terases moduli uz jumta vai tam&#8230;<\/p>\n","protected":false},"featured_media":62738,"comment_status":"closed","ping_status":"closed","template":"","meta":{"_acf_changed":false},"product_cat":[344,408],"product_tag":[],"class_list":{"0":"post-62708","1":"product","2":"type-product","3":"status-publish","4":"has-post-thumbnail","6":"product_cat-vagonini","7":"product_cat-jauni-vagonini","9":"first","10":"instock","11":"shipping-taxable","12":"purchasable","13":"product-type-simple"},"acf":[],"yoast_head":"<!-- This site is optimized with the Yoast SEO Premium plugin v23.9 (Yoast SEO v27.5) - https:\/\/yoast.com\/product\/yoast-seo-premium-wordpress\/ -->\n<title>Containex Basic - MIIU3188 ar koka oderi - Miil O\u00dc<\/title>\n<meta name=\"description\" content=\"Kab\u012bne ar koka oderi | Mini m\u0101jas un koted\u017eas | Kaj\u012b\u0161u noma un p\u0101rdo\u0161ana | Transports un remonts | Elektr\u012bbas darbi un apkure\" \/>\n<meta name=\"robots\" content=\"index, follow, max-snippet:-1, max-image-preview:large, max-video-preview:-1\" \/>\n<link rel=\"canonical\" href=\"https:\/\/miil.dev.almic.ee\/lv\/toode\/containex-standard-premium-miiu1002-ar-koka-oderi\/\" \/>\n<meta property=\"og:locale\" content=\"lv_LV\" \/>\n<meta property=\"og:type\" content=\"article\" \/>\n<meta property=\"og:title\" content=\"Containex Basic - MIIU3188 ar koka oderi\" \/>\n<meta property=\"og:description\" content=\"Kab\u012bne ar koka oderi | Mini m\u0101jas un koted\u017eas | Kaj\u012b\u0161u noma un p\u0101rdo\u0161ana | Transports un remonts | Elektr\u012bbas darbi un apkure\" \/>\n<meta property=\"og:url\" content=\"https:\/\/miil.dev.almic.ee\/lv\/toode\/containex-standard-premium-miiu1002-ar-koka-oderi\/\" \/>\n<meta property=\"og:site_name\" content=\"Miil O\u00dc\" \/>\n<meta property=\"article:publisher\" content=\"https:\/\/www.facebook.com\/konteinerveod\/\" \/>\n<meta property=\"article:modified_time\" content=\"2024-11-12T11:49:40+00:00\" \/>\n<meta property=\"og:image\" content=\"https:\/\/miil.dev.almic.ee\/wp-content\/uploads\/2024\/04\/Soojak-6-scaled.jpg\" \/>\n\t<meta property=\"og:image:width\" content=\"1900\" \/>\n\t<meta property=\"og:image:height\" content=\"1425\" \/>\n\t<meta property=\"og:image:type\" content=\"image\/jpeg\" \/>\n<meta name=\"twitter:card\" content=\"summary_large_image\" \/>\n<meta name=\"twitter:label1\" content=\"Price\" \/>\n\t<meta name=\"twitter:data1\" content=\"9720,00&nbsp;&euro;\" \/>\n\t<meta name=\"twitter:label2\" content=\"Availability\" \/>\n\t<meta name=\"twitter:data2\" content=\"In stock\" \/>\n<script type=\"application\/ld+json\" class=\"yoast-schema-graph\">{\"@context\":\"https:\\\/\\\/schema.org\",\"@graph\":[{\"@type\":\"WebPage\",\"@id\":\"https:\\\/\\\/miil.dev.almic.ee\\\/lv\\\/toode\\\/containex-standard-premium-miiu1002-ar-koka-oderi\\\/\",\"url\":\"https:\\\/\\\/miil.dev.almic.ee\\\/lv\\\/toode\\\/containex-standard-premium-miiu1002-ar-koka-oderi\\\/\",\"name\":\"Containex Basic - MIIU3188 ar koka oderi - Miil O\u00dc\",\"isPartOf\":{\"@id\":\"https:\\\/\\\/miil.dev.almic.ee\\\/#website\"},\"primaryImageOfPage\":{\"@id\":\"https:\\\/\\\/miil.dev.almic.ee\\\/lv\\\/toode\\\/containex-standard-premium-miiu1002-ar-koka-oderi\\\/#primaryimage\"},\"image\":{\"@id\":\"https:\\\/\\\/miil.dev.almic.ee\\\/lv\\\/toode\\\/containex-standard-premium-miiu1002-ar-koka-oderi\\\/#primaryimage\"},\"thumbnailUrl\":\"https:\\\/\\\/miil.dev.almic.ee\\\/wp-content\\\/uploads\\\/2024\\\/04\\\/Soojak-6-scaled.jpg\",\"datePublished\":\"2024-04-26T12:26:50+00:00\",\"dateModified\":\"2024-11-12T11:49:40+00:00\",\"description\":\"Kab\u012bne ar koka oderi | Mini m\u0101jas un koted\u017eas | Kaj\u012b\u0161u noma un p\u0101rdo\u0161ana | Transports un remonts | Elektr\u012bbas darbi un apkure\",\"breadcrumb\":{\"@id\":\"https:\\\/\\\/miil.dev.almic.ee\\\/lv\\\/toode\\\/containex-standard-premium-miiu1002-ar-koka-oderi\\\/#breadcrumb\"},\"inLanguage\":\"lv-LV\",\"potentialAction\":[{\"@type\":\"ReadAction\",\"target\":[\"https:\\\/\\\/miil.dev.almic.ee\\\/lv\\\/toode\\\/containex-standard-premium-miiu1002-ar-koka-oderi\\\/\"]}]},{\"@type\":\"ImageObject\",\"inLanguage\":\"lv-LV\",\"@id\":\"https:\\\/\\\/miil.dev.almic.ee\\\/lv\\\/toode\\\/containex-standard-premium-miiu1002-ar-koka-oderi\\\/#primaryimage\",\"url\":\"https:\\\/\\\/miil.dev.almic.ee\\\/wp-content\\\/uploads\\\/2024\\\/04\\\/Soojak-6-scaled.jpg\",\"contentUrl\":\"https:\\\/\\\/miil.dev.almic.ee\\\/wp-content\\\/uploads\\\/2024\\\/04\\\/Soojak-6-scaled.jpg\",\"width\":1900,\"height\":1425,\"caption\":\"Minimaja m\u00fc\u00fck ja rent\"},{\"@type\":\"BreadcrumbList\",\"@id\":\"https:\\\/\\\/miil.dev.almic.ee\\\/lv\\\/toode\\\/containex-standard-premium-miiu1002-ar-koka-oderi\\\/#breadcrumb\",\"itemListElement\":[{\"@type\":\"ListItem\",\"position\":1,\"name\":\"Home\",\"item\":\"https:\\\/\\\/miil.dev.almic.ee\\\/lv\\\/\"},{\"@type\":\"ListItem\",\"position\":2,\"name\":\"Veikals\",\"item\":\"https:\\\/\\\/miil.dev.almic.ee\\\/lv\\\/veikals\\\/\"},{\"@type\":\"ListItem\",\"position\":3,\"name\":\"Containex Basic &#8211; MIIU3188 ar koka oderi\"}]},{\"@type\":\"WebSite\",\"@id\":\"https:\\\/\\\/miil.dev.almic.ee\\\/#website\",\"url\":\"https:\\\/\\\/miil.dev.almic.ee\\\/\",\"name\":\"Miil O\u00dc\",\"description\":\"Konteinerveod\",\"publisher\":{\"@id\":\"https:\\\/\\\/miil.dev.almic.ee\\\/#organization\"},\"potentialAction\":[{\"@type\":\"SearchAction\",\"target\":{\"@type\":\"EntryPoint\",\"urlTemplate\":\"https:\\\/\\\/miil.dev.almic.ee\\\/?s={search_term_string}\"},\"query-input\":{\"@type\":\"PropertyValueSpecification\",\"valueRequired\":true,\"valueName\":\"search_term_string\"}}],\"inLanguage\":\"lv-LV\"},{\"@type\":\"Organization\",\"@id\":\"https:\\\/\\\/miil.dev.almic.ee\\\/#organization\",\"name\":\"Miil O\u00dc\",\"url\":\"https:\\\/\\\/miil.dev.almic.ee\\\/\",\"logo\":{\"@type\":\"ImageObject\",\"inLanguage\":\"lv-LV\",\"@id\":\"https:\\\/\\\/miil.dev.almic.ee\\\/#\\\/schema\\\/logo\\\/image\\\/\",\"url\":\"https:\\\/\\\/www.miil.ee\\\/wp-content\\\/uploads\\\/2022\\\/02\\\/Miil-logo.svg\",\"contentUrl\":\"https:\\\/\\\/www.miil.ee\\\/wp-content\\\/uploads\\\/2022\\\/02\\\/Miil-logo.svg\",\"width\":\"1024\",\"height\":\"1024\",\"caption\":\"Miil O\u00dc\"},\"image\":{\"@id\":\"https:\\\/\\\/miil.dev.almic.ee\\\/#\\\/schema\\\/logo\\\/image\\\/\"},\"sameAs\":[\"https:\\\/\\\/www.facebook.com\\\/konteinerveod\\\/\",\"https:\\\/\\\/www.instagram.com\\\/ou_miil\\\/\"]}]}<\/script>\n<meta property=\"product:price:amount\" content=\"9720.00\" \/>\n<meta property=\"product:price:currency\" content=\"EUR\" \/>\n<meta property=\"og:availability\" content=\"instock\" \/>\n<meta property=\"product:availability\" content=\"instock\" \/>\n<meta property=\"product:retailer_item_id\" content=\"MIIU1650\" \/>\n<meta property=\"product:condition\" content=\"new\" \/>\n<!-- \/ Yoast SEO Premium plugin. -->","yoast_head_json":{"title":"Containex Basic - MIIU3188 ar koka oderi - Miil O\u00dc","description":"Kab\u012bne ar koka oderi | Mini m\u0101jas un koted\u017eas | Kaj\u012b\u0161u noma un p\u0101rdo\u0161ana | Transports un remonts | Elektr\u012bbas darbi un apkure","robots":{"index":"index","follow":"follow","max-snippet":"max-snippet:-1","max-image-preview":"max-image-preview:large","max-video-preview":"max-video-preview:-1"},"canonical":"https:\/\/miil.dev.almic.ee\/lv\/toode\/containex-standard-premium-miiu1002-ar-koka-oderi\/","og_locale":"lv_LV","og_type":"article","og_title":"Containex Basic - MIIU3188 ar koka oderi","og_description":"Kab\u012bne ar koka oderi | Mini m\u0101jas un koted\u017eas | Kaj\u012b\u0161u noma un p\u0101rdo\u0161ana | Transports un remonts | Elektr\u012bbas darbi un apkure","og_url":"https:\/\/miil.dev.almic.ee\/lv\/toode\/containex-standard-premium-miiu1002-ar-koka-oderi\/","og_site_name":"Miil O\u00dc","article_publisher":"https:\/\/www.facebook.com\/konteinerveod\/","article_modified_time":"2024-11-12T11:49:40+00:00","og_image":[{"width":1900,"height":1425,"url":"https:\/\/miil.dev.almic.ee\/wp-content\/uploads\/2024\/04\/Soojak-6-scaled.jpg","type":"image\/jpeg"}],"twitter_card":"summary_large_image","twitter_misc":{"Price":"9720,00&nbsp;&euro;","Availability":"In stock"},"schema":{"@context":"https:\/\/schema.org","@graph":[{"@type":"WebPage","@id":"https:\/\/miil.dev.almic.ee\/lv\/toode\/containex-standard-premium-miiu1002-ar-koka-oderi\/","url":"https:\/\/miil.dev.almic.ee\/lv\/toode\/containex-standard-premium-miiu1002-ar-koka-oderi\/","name":"Containex Basic - MIIU3188 ar koka oderi - Miil O\u00dc","isPartOf":{"@id":"https:\/\/miil.dev.almic.ee\/#website"},"primaryImageOfPage":{"@id":"https:\/\/miil.dev.almic.ee\/lv\/toode\/containex-standard-premium-miiu1002-ar-koka-oderi\/#primaryimage"},"image":{"@id":"https:\/\/miil.dev.almic.ee\/lv\/toode\/containex-standard-premium-miiu1002-ar-koka-oderi\/#primaryimage"},"thumbnailUrl":"https:\/\/miil.dev.almic.ee\/wp-content\/uploads\/2024\/04\/Soojak-6-scaled.jpg","datePublished":"2024-04-26T12:26:50+00:00","dateModified":"2024-11-12T11:49:40+00:00","description":"Kab\u012bne ar koka oderi | Mini m\u0101jas un koted\u017eas | Kaj\u012b\u0161u noma un p\u0101rdo\u0161ana | Transports un remonts | Elektr\u012bbas darbi un apkure","breadcrumb":{"@id":"https:\/\/miil.dev.almic.ee\/lv\/toode\/containex-standard-premium-miiu1002-ar-koka-oderi\/#breadcrumb"},"inLanguage":"lv-LV","potentialAction":[{"@type":"ReadAction","target":["https:\/\/miil.dev.almic.ee\/lv\/toode\/containex-standard-premium-miiu1002-ar-koka-oderi\/"]}]},{"@type":"ImageObject","inLanguage":"lv-LV","@id":"https:\/\/miil.dev.almic.ee\/lv\/toode\/containex-standard-premium-miiu1002-ar-koka-oderi\/#primaryimage","url":"https:\/\/miil.dev.almic.ee\/wp-content\/uploads\/2024\/04\/Soojak-6-scaled.jpg","contentUrl":"https:\/\/miil.dev.almic.ee\/wp-content\/uploads\/2024\/04\/Soojak-6-scaled.jpg","width":1900,"height":1425,"caption":"Minimaja m\u00fc\u00fck ja rent"},{"@type":"BreadcrumbList","@id":"https:\/\/miil.dev.almic.ee\/lv\/toode\/containex-standard-premium-miiu1002-ar-koka-oderi\/#breadcrumb","itemListElement":[{"@type":"ListItem","position":1,"name":"Home","item":"https:\/\/miil.dev.almic.ee\/lv\/"},{"@type":"ListItem","position":2,"name":"Veikals","item":"https:\/\/miil.dev.almic.ee\/lv\/veikals\/"},{"@type":"ListItem","position":3,"name":"Containex Basic &#8211; MIIU3188 ar koka oderi"}]},{"@type":"WebSite","@id":"https:\/\/miil.dev.almic.ee\/#website","url":"https:\/\/miil.dev.almic.ee\/","name":"Miil O\u00dc","description":"Konteinerveod","publisher":{"@id":"https:\/\/miil.dev.almic.ee\/#organization"},"potentialAction":[{"@type":"SearchAction","target":{"@type":"EntryPoint","urlTemplate":"https:\/\/miil.dev.almic.ee\/?s={search_term_string}"},"query-input":{"@type":"PropertyValueSpecification","valueRequired":true,"valueName":"search_term_string"}}],"inLanguage":"lv-LV"},{"@type":"Organization","@id":"https:\/\/miil.dev.almic.ee\/#organization","name":"Miil O\u00dc","url":"https:\/\/miil.dev.almic.ee\/","logo":{"@type":"ImageObject","inLanguage":"lv-LV","@id":"https:\/\/miil.dev.almic.ee\/#\/schema\/logo\/image\/","url":"https:\/\/www.miil.ee\/wp-content\/uploads\/2022\/02\/Miil-logo.svg","contentUrl":"https:\/\/www.miil.ee\/wp-content\/uploads\/2022\/02\/Miil-logo.svg","width":"1024","height":"1024","caption":"Miil O\u00dc"},"image":{"@id":"https:\/\/miil.dev.almic.ee\/#\/schema\/logo\/image\/"},"sameAs":["https:\/\/www.facebook.com\/konteinerveod\/","https:\/\/www.instagram.com\/ou_miil\/"]}]},"product_price_amount":"9720.00","product_price_currency":"EUR","og_availability":"instock","product_availability":"instock","product_retailer_item_id":"MIIU1650","product_condition":"new"},"_links":{"self":[{"href":"https:\/\/miil.dev.almic.ee\/lv\/wp-json\/wp\/v2\/product\/62708","targetHints":{"allow":["GET"]}}],"collection":[{"href":"https:\/\/miil.dev.almic.ee\/lv\/wp-json\/wp\/v2\/product"}],"about":[{"href":"https:\/\/miil.dev.almic.ee\/lv\/wp-json\/wp\/v2\/types\/product"}],"replies":[{"embeddable":true,"href":"https:\/\/miil.dev.almic.ee\/lv\/wp-json\/wp\/v2\/comments?post=62708"}],"wp:featuredmedia":[{"embeddable":true,"href":"https:\/\/miil.dev.almic.ee\/lv\/wp-json\/wp\/v2\/media\/62738"}],"wp:attachment":[{"href":"https:\/\/miil.dev.almic.ee\/lv\/wp-json\/wp\/v2\/media?parent=62708"}],"wp:term":[{"taxonomy":"product_cat","embeddable":true,"href":"https:\/\/miil.dev.almic.ee\/lv\/wp-json\/wp\/v2\/product_cat?post=62708"},{"taxonomy":"product_tag","embeddable":true,"href":"https:\/\/miil.dev.almic.ee\/lv\/wp-json\/wp\/v2\/product_tag?post=62708"}],"curies":[{"name":"wp","href":"https:\/\/api.w.org\/{rel}","templated":true}]}}