{"id":62678,"date":"2024-04-26T15:19:20","date_gmt":"2024-04-26T12:19:21","guid":{"rendered":"https:\/\/www.miil.ee\/?post_type=product&#038;p=62678"},"modified":"2024-11-12T16:19:51","modified_gmt":"2024-11-12T14:19:51","slug":"soojak-containex-standard-premium-miiu1089","status":"publish","type":"product","link":"https:\/\/miil.dev.almic.ee\/lv\/toode\/soojak-containex-standard-premium-miiu1089\/","title":{"rendered":"Containex Standard Premium &#8211;  MIIU1089 panor\u0101ma"},"content":{"rendered":"<h1>Kaj\u012b\u0161u \u012bre un p\u0101rdo\u0161ana<\/h1>\n<p>Kaj\u012b\u0161u noma un p\u0101rdo\u0161ana Igaunij\u0101 tie\u0161i no p\u0101rst\u0101vja.<br \/>\nContainex Premium Panorama ir jaunums ar tum\u0161i pel\u0113ku RAL7016 antrac\u012bta apdari.<br \/>\nTas, kas \u0161o kab\u012bni at\u0161\u0137ir no parast\u0101 Containex Standard, ir sienu materi\u0101ls un \u0101r\u0113j\u0101 kr\u0101sa.<br \/>\nKab\u012bnes sienas ir siltin\u0101tas ar 60mm PU put\u0101m, kas siltuma notur\u012bbas zi\u0146\u0101 l\u012bdzin\u0101s 100mm vatei.<br \/>\nKab\u012bnes dibens un griesti siltin\u0101ti ar 100mm miner\u0101lvati.<br \/>\nVis\u0101m m\u016bsu p\u0101rdotaj\u0101m kaj\u012bt\u0113m ir CE mar\u0137\u0113jums, kas noz\u012bm\u0113, ka kab\u012bne atbilst Eiropas kvalit\u0101tes pras\u012bb\u0101m, ir izgatavota kvalitat\u012bvi un ir dro\u0161a lieto\u0161an\u0101.<\/p>\n<p>\u0160aj\u0101 kaj\u012bt\u0113 ir visa stikla siena, lai gan stiklu var aizst\u0101t ar parastiem sienas pane\u013ciem.<br \/>\nStikli un logu r\u0101mji ir ton\u0113ti t\u0101d\u0101 pa\u0161\u0101 kr\u0101s\u0101 k\u0101 salons.<\/p>\n<p>Containex un ModulX kab\u012bnes var viegli savienot, veidojot liel\u0101kas telpas.<br \/>\nPiem\u0113ram, kaj\u012btes tiek pla\u0161i izmantotas b\u0113rnud\u0101rzu, b\u016bvlaukumu, koted\u017eu, komerctelpu, pagaidu skolu vai slimn\u012bcu celtniec\u012bb\u0101.<\/p>\n<p>Kaj\u012b\u0161u \u012bre &#8211; no 2023. gada nodarbosimies ar\u012b ar \u012bri.<br \/>\nLai izteiktu nomas cenas pied\u0101v\u0101jumu, mums ir j\u0101zina kaj\u012btes atra\u0161an\u0101s vieta nomas period\u0101, perioda ilgums, personas vai re\u0123istr\u0101cijas kods kred\u012bta p\u0101rbaud\u0113m un kaj\u012b\u0161u izmanto\u0161anas m\u0113r\u0137is.<\/p>\n<h2>Kaj\u012b\u0161u \u012bre un p\u0101rdo\u0161ana <span style=\"font-family: var(--h1-font-family); font-size: max(1.5rem, 1.5vw); font-style: var(--h1-font-style); font-weight: var(--h1-font-weight); text-transform: var(--h1-text-transform);\">&#8211; tehniskais apraksts:<\/span><\/h2>\n<p>Containex Standard Premium izol\u0101cija:<br \/>\n*Sienas 60mm PU putas<br \/>\n*Griestu 100mm miner\u0101lvate<br \/>\n*Gr\u012bdas 100mm miner\u0101lvate<\/p>\n<p>Containex Standard Premium izm\u0113ri:<br \/>\n*\u0100r\u0113jie izm\u0113ri 2,435\u00a0W x 6,055\u00a0L x 2,591\u00a0H.<br \/>\n*Iek\u0161\u0113jie izm\u0113ri 2,24 P x 5,86 L x 2,34 A.<br \/>\n*Svars: CA 2000 KG<\/p>\n<p>\u0100r\u0113j\u0101 kr\u0101sa un aksesu\u0101ri:<br \/>\n*\u0100r\u0113j\u0101 kr\u0101sa antrac\u012bta tum\u0161i pel\u0113ka RAL7016.<br \/>\n*\u0100r\u0113jai apdarei cinkota loksne.<br \/>\n*Divi logi.<br \/>\n*Dro\u0161\u012bbas aizkari.<br \/>\n*Vienas met\u0101la durvis.<br \/>\n*Jumta velm\u0113ta cinka loksne.<br \/>\n*Iek\u0161sienas skaidu pl\u0101tnes.<br \/>\n*Divas LED gaismas.<br \/>\n*Radiators.<br \/>\n*Zem abiem logiem rozetes + atsevi\u0161\u0137\u0101 panel\u012b.<br \/>\n*\u0100r\u0113j\u0101s elektr\u012bbas 32A spraudnis uz jumta malas, iesp\u0113jams turpin\u0101t lietot \u0101r\u0113jo str\u0101vu vai piesl\u0113gt citu kab\u012bni.<\/p>\n<p>Kab\u012bne sast\u0101v no modu\u013ciem, gar\u0101kaj\u0101 pus\u0113 ir pieci modu\u013ci un \u012bs\u0101kaj\u0101 pus\u0113 ir divi modu\u013ci.<br \/>\nLogu un durvju atra\u0161an\u0101s vietu var br\u012bvi izv\u0113l\u0113ties, att\u0113l\u0101 redzams gatavs paraugs.<br \/>\nVienm\u0113r uz vietas k\u0101 paraugs ir k\u0101da \u0161\u0101da tipa kab\u012bne, un, ja logu un durvju atra\u0161an\u0101s vieta nav svar\u012bga, to var ieg\u0101d\u0101ties taj\u0101 pa\u0161\u0101 dien\u0101.<br \/>\nParasti jauno kab\u012bni pagatavojam da\u017eu dienu laik\u0101 p\u0113c r\u0113\u0137ina apmaksas.<\/p>\n<p>P\u0101rvad\u0101\u0161anai parasti izmantojam <a href=\"https:\/\/www.miil.ee\/lv\/pakalpojumi\/celtnis\/\">celtnis<\/a> vai <a href=\"https:\/\/www.miil.ee\/lv\/pakalpojumi\/sanu-iekraveji-sideloader\/\">s\u0101nu iekr\u0101v\u0113ju.<\/a><br \/>\nM\u0113s izmantojam <a href=\"https:\/\/www.miil.ee\/lv\/pakalpojumi\/ram-pasizgazejs\/\">RAM backloader<\/a>, lai aptvertu vissare\u017e\u0123\u012bt\u0101k\u0101s vietas.<\/p>\n<p>Sekojiet mums <a href=\"https:\/\/www.facebook.com\/konteinerveod\/\">Facebook<\/a> vai <a href=\"https:\/\/www.instagram.com\/ou_miil\/\">Instagram.<\/a><\/p>\n","protected":false},"excerpt":{"rendered":"<p>Kaj\u012b\u0161u \u012bre un p\u0101rdo\u0161ana Kaj\u012b\u0161u noma un p\u0101rdo\u0161ana Igaunij\u0101 tie\u0161i no p\u0101rst\u0101vja. Containex Premium Panorama ir jaunums ar tum\u0161i pel\u0113ku RAL7016 antrac\u012bta apdari. Tas, kas \u0161o kab\u012bni at\u0161\u0137ir no parast\u0101 Containex Standard, ir sienu materi\u0101ls un \u0101r\u0113j\u0101 kr\u0101sa. Kab\u012bnes sienas ir siltin\u0101tas ar 60mm PU put\u0101m, kas siltuma notur\u012bbas zi\u0146\u0101 l\u012bdzin\u0101s 100mm vatei. Kab\u012bnes dibens&#8230;<\/p>\n","protected":false},"featured_media":62703,"comment_status":"closed","ping_status":"closed","template":"","meta":{"_acf_changed":false},"product_cat":[344,408],"product_tag":[],"class_list":{"0":"post-62678","1":"product","2":"type-product","3":"status-publish","4":"has-post-thumbnail","6":"product_cat-vagonini","7":"product_cat-jauni-vagonini","9":"first","10":"instock","11":"shipping-taxable","12":"purchasable","13":"product-type-simple"},"acf":[],"yoast_head":"<!-- This site is optimized with the Yoast SEO Premium plugin v23.9 (Yoast SEO v27.5) - https:\/\/yoast.com\/product\/yoast-seo-premium-wordpress\/ -->\n<title>Containex Standard Premium - MIIU1089 panor\u0101ma - Miil O\u00dc<\/title>\n<meta name=\"description\" content=\"Kaj\u012b\u0161u \u012bre un p\u0101rdo\u0161ana | Mini m\u0101jas un koted\u017eas | Kaj\u012b\u0161u noma un p\u0101rdo\u0161ana | Transports un remonts | Elektr\u012bbas darbi un apkure \u2b50\ufe0f\u2b50\ufe0f\u2b50\ufe0f\u2b50\ufe0f\u2b50\ufe0f\" \/>\n<meta name=\"robots\" content=\"index, follow, max-snippet:-1, max-image-preview:large, max-video-preview:-1\" \/>\n<link rel=\"canonical\" href=\"https:\/\/miil.dev.almic.ee\/lv\/toode\/soojak-containex-standard-premium-miiu1089\/\" \/>\n<meta property=\"og:locale\" content=\"lv_LV\" \/>\n<meta property=\"og:type\" content=\"article\" \/>\n<meta property=\"og:title\" content=\"Containex Standard Premium - MIIU1089 panor\u0101ma\" \/>\n<meta property=\"og:description\" content=\"Kaj\u012b\u0161u \u012bre un p\u0101rdo\u0161ana | Mini m\u0101jas un koted\u017eas | Kaj\u012b\u0161u noma un p\u0101rdo\u0161ana | Transports un remonts | Elektr\u012bbas darbi un apkure \u2b50\ufe0f\u2b50\ufe0f\u2b50\ufe0f\u2b50\ufe0f\u2b50\ufe0f\" \/>\n<meta property=\"og:url\" content=\"https:\/\/miil.dev.almic.ee\/lv\/toode\/soojak-containex-standard-premium-miiu1089\/\" \/>\n<meta property=\"og:site_name\" content=\"Miil O\u00dc\" \/>\n<meta property=\"article:publisher\" content=\"https:\/\/www.facebook.com\/konteinerveod\/\" \/>\n<meta property=\"article:modified_time\" content=\"2024-11-12T14:19:51+00:00\" \/>\n<meta property=\"og:image\" content=\"https:\/\/miil.dev.almic.ee\/wp-content\/uploads\/2024\/04\/Containex-Premium-Black-Panther-scaled.jpg\" \/>\n\t<meta property=\"og:image:width\" content=\"1900\" \/>\n\t<meta property=\"og:image:height\" content=\"1425\" \/>\n\t<meta property=\"og:image:type\" content=\"image\/jpeg\" \/>\n<meta name=\"twitter:card\" content=\"summary_large_image\" \/>\n<meta name=\"twitter:label1\" content=\"Price\" \/>\n\t<meta name=\"twitter:data1\" content=\"11590,00&nbsp;&euro;\" \/>\n\t<meta name=\"twitter:label2\" content=\"Availability\" \/>\n\t<meta name=\"twitter:data2\" content=\"In stock\" \/>\n<script type=\"application\/ld+json\" class=\"yoast-schema-graph\">{\"@context\":\"https:\\\/\\\/schema.org\",\"@graph\":[{\"@type\":\"WebPage\",\"@id\":\"https:\\\/\\\/miil.dev.almic.ee\\\/lv\\\/toode\\\/soojak-containex-standard-premium-miiu1089\\\/\",\"url\":\"https:\\\/\\\/miil.dev.almic.ee\\\/lv\\\/toode\\\/soojak-containex-standard-premium-miiu1089\\\/\",\"name\":\"Containex Standard Premium - MIIU1089 panor\u0101ma - Miil O\u00dc\",\"isPartOf\":{\"@id\":\"https:\\\/\\\/miil.dev.almic.ee\\\/#website\"},\"primaryImageOfPage\":{\"@id\":\"https:\\\/\\\/miil.dev.almic.ee\\\/lv\\\/toode\\\/soojak-containex-standard-premium-miiu1089\\\/#primaryimage\"},\"image\":{\"@id\":\"https:\\\/\\\/miil.dev.almic.ee\\\/lv\\\/toode\\\/soojak-containex-standard-premium-miiu1089\\\/#primaryimage\"},\"thumbnailUrl\":\"https:\\\/\\\/miil.dev.almic.ee\\\/wp-content\\\/uploads\\\/2024\\\/04\\\/Containex-Premium-Black-Panther-scaled.jpg\",\"datePublished\":\"2024-04-26T12:19:21+00:00\",\"dateModified\":\"2024-11-12T14:19:51+00:00\",\"description\":\"Kaj\u012b\u0161u \u012bre un p\u0101rdo\u0161ana | Mini m\u0101jas un koted\u017eas | Kaj\u012b\u0161u noma un p\u0101rdo\u0161ana | Transports un remonts | Elektr\u012bbas darbi un apkure \u2b50\ufe0f\u2b50\ufe0f\u2b50\ufe0f\u2b50\ufe0f\u2b50\ufe0f\",\"breadcrumb\":{\"@id\":\"https:\\\/\\\/miil.dev.almic.ee\\\/lv\\\/toode\\\/soojak-containex-standard-premium-miiu1089\\\/#breadcrumb\"},\"inLanguage\":\"lv-LV\",\"potentialAction\":[{\"@type\":\"ReadAction\",\"target\":[\"https:\\\/\\\/miil.dev.almic.ee\\\/lv\\\/toode\\\/soojak-containex-standard-premium-miiu1089\\\/\"]}]},{\"@type\":\"ImageObject\",\"inLanguage\":\"lv-LV\",\"@id\":\"https:\\\/\\\/miil.dev.almic.ee\\\/lv\\\/toode\\\/soojak-containex-standard-premium-miiu1089\\\/#primaryimage\",\"url\":\"https:\\\/\\\/miil.dev.almic.ee\\\/wp-content\\\/uploads\\\/2024\\\/04\\\/Containex-Premium-Black-Panther-scaled.jpg\",\"contentUrl\":\"https:\\\/\\\/miil.dev.almic.ee\\\/wp-content\\\/uploads\\\/2024\\\/04\\\/Containex-Premium-Black-Panther-scaled.jpg\",\"width\":1900,\"height\":1425,\"caption\":\"Soojakute rent ja m\u00fc\u00fck\"},{\"@type\":\"BreadcrumbList\",\"@id\":\"https:\\\/\\\/miil.dev.almic.ee\\\/lv\\\/toode\\\/soojak-containex-standard-premium-miiu1089\\\/#breadcrumb\",\"itemListElement\":[{\"@type\":\"ListItem\",\"position\":1,\"name\":\"Home\",\"item\":\"https:\\\/\\\/miil.dev.almic.ee\\\/lv\\\/\"},{\"@type\":\"ListItem\",\"position\":2,\"name\":\"Veikals\",\"item\":\"https:\\\/\\\/miil.dev.almic.ee\\\/lv\\\/veikals\\\/\"},{\"@type\":\"ListItem\",\"position\":3,\"name\":\"Containex Standard Premium &#8211; MIIU1089 panor\u0101ma\"}]},{\"@type\":\"WebSite\",\"@id\":\"https:\\\/\\\/miil.dev.almic.ee\\\/#website\",\"url\":\"https:\\\/\\\/miil.dev.almic.ee\\\/\",\"name\":\"Miil O\u00dc\",\"description\":\"Konteinerveod\",\"publisher\":{\"@id\":\"https:\\\/\\\/miil.dev.almic.ee\\\/#organization\"},\"potentialAction\":[{\"@type\":\"SearchAction\",\"target\":{\"@type\":\"EntryPoint\",\"urlTemplate\":\"https:\\\/\\\/miil.dev.almic.ee\\\/?s={search_term_string}\"},\"query-input\":{\"@type\":\"PropertyValueSpecification\",\"valueRequired\":true,\"valueName\":\"search_term_string\"}}],\"inLanguage\":\"lv-LV\"},{\"@type\":\"Organization\",\"@id\":\"https:\\\/\\\/miil.dev.almic.ee\\\/#organization\",\"name\":\"Miil O\u00dc\",\"url\":\"https:\\\/\\\/miil.dev.almic.ee\\\/\",\"logo\":{\"@type\":\"ImageObject\",\"inLanguage\":\"lv-LV\",\"@id\":\"https:\\\/\\\/miil.dev.almic.ee\\\/#\\\/schema\\\/logo\\\/image\\\/\",\"url\":\"https:\\\/\\\/www.miil.ee\\\/wp-content\\\/uploads\\\/2022\\\/02\\\/Miil-logo.svg\",\"contentUrl\":\"https:\\\/\\\/www.miil.ee\\\/wp-content\\\/uploads\\\/2022\\\/02\\\/Miil-logo.svg\",\"width\":\"1024\",\"height\":\"1024\",\"caption\":\"Miil O\u00dc\"},\"image\":{\"@id\":\"https:\\\/\\\/miil.dev.almic.ee\\\/#\\\/schema\\\/logo\\\/image\\\/\"},\"sameAs\":[\"https:\\\/\\\/www.facebook.com\\\/konteinerveod\\\/\",\"https:\\\/\\\/www.instagram.com\\\/ou_miil\\\/\"]}]}<\/script>\n<meta property=\"product:price:amount\" content=\"11590.00\" \/>\n<meta property=\"product:price:currency\" content=\"EUR\" \/>\n<meta property=\"og:availability\" content=\"instock\" \/>\n<meta property=\"product:availability\" content=\"instock\" \/>\n<meta property=\"product:retailer_item_id\" content=\"MIIU1950\" \/>\n<meta property=\"product:condition\" content=\"new\" \/>\n<!-- \/ Yoast SEO Premium plugin. -->","yoast_head_json":{"title":"Containex Standard Premium - MIIU1089 panor\u0101ma - Miil O\u00dc","description":"Kaj\u012b\u0161u \u012bre un p\u0101rdo\u0161ana | Mini m\u0101jas un koted\u017eas | Kaj\u012b\u0161u noma un p\u0101rdo\u0161ana | Transports un remonts | Elektr\u012bbas darbi un apkure \u2b50\ufe0f\u2b50\ufe0f\u2b50\ufe0f\u2b50\ufe0f\u2b50\ufe0f","robots":{"index":"index","follow":"follow","max-snippet":"max-snippet:-1","max-image-preview":"max-image-preview:large","max-video-preview":"max-video-preview:-1"},"canonical":"https:\/\/miil.dev.almic.ee\/lv\/toode\/soojak-containex-standard-premium-miiu1089\/","og_locale":"lv_LV","og_type":"article","og_title":"Containex Standard Premium - MIIU1089 panor\u0101ma","og_description":"Kaj\u012b\u0161u \u012bre un p\u0101rdo\u0161ana | Mini m\u0101jas un koted\u017eas | Kaj\u012b\u0161u noma un p\u0101rdo\u0161ana | Transports un remonts | Elektr\u012bbas darbi un apkure \u2b50\ufe0f\u2b50\ufe0f\u2b50\ufe0f\u2b50\ufe0f\u2b50\ufe0f","og_url":"https:\/\/miil.dev.almic.ee\/lv\/toode\/soojak-containex-standard-premium-miiu1089\/","og_site_name":"Miil O\u00dc","article_publisher":"https:\/\/www.facebook.com\/konteinerveod\/","article_modified_time":"2024-11-12T14:19:51+00:00","og_image":[{"width":1900,"height":1425,"url":"https:\/\/miil.dev.almic.ee\/wp-content\/uploads\/2024\/04\/Containex-Premium-Black-Panther-scaled.jpg","type":"image\/jpeg"}],"twitter_card":"summary_large_image","twitter_misc":{"Price":"11590,00&nbsp;&euro;","Availability":"In stock"},"schema":{"@context":"https:\/\/schema.org","@graph":[{"@type":"WebPage","@id":"https:\/\/miil.dev.almic.ee\/lv\/toode\/soojak-containex-standard-premium-miiu1089\/","url":"https:\/\/miil.dev.almic.ee\/lv\/toode\/soojak-containex-standard-premium-miiu1089\/","name":"Containex Standard Premium - MIIU1089 panor\u0101ma - Miil O\u00dc","isPartOf":{"@id":"https:\/\/miil.dev.almic.ee\/#website"},"primaryImageOfPage":{"@id":"https:\/\/miil.dev.almic.ee\/lv\/toode\/soojak-containex-standard-premium-miiu1089\/#primaryimage"},"image":{"@id":"https:\/\/miil.dev.almic.ee\/lv\/toode\/soojak-containex-standard-premium-miiu1089\/#primaryimage"},"thumbnailUrl":"https:\/\/miil.dev.almic.ee\/wp-content\/uploads\/2024\/04\/Containex-Premium-Black-Panther-scaled.jpg","datePublished":"2024-04-26T12:19:21+00:00","dateModified":"2024-11-12T14:19:51+00:00","description":"Kaj\u012b\u0161u \u012bre un p\u0101rdo\u0161ana | Mini m\u0101jas un koted\u017eas | Kaj\u012b\u0161u noma un p\u0101rdo\u0161ana | Transports un remonts | Elektr\u012bbas darbi un apkure \u2b50\ufe0f\u2b50\ufe0f\u2b50\ufe0f\u2b50\ufe0f\u2b50\ufe0f","breadcrumb":{"@id":"https:\/\/miil.dev.almic.ee\/lv\/toode\/soojak-containex-standard-premium-miiu1089\/#breadcrumb"},"inLanguage":"lv-LV","potentialAction":[{"@type":"ReadAction","target":["https:\/\/miil.dev.almic.ee\/lv\/toode\/soojak-containex-standard-premium-miiu1089\/"]}]},{"@type":"ImageObject","inLanguage":"lv-LV","@id":"https:\/\/miil.dev.almic.ee\/lv\/toode\/soojak-containex-standard-premium-miiu1089\/#primaryimage","url":"https:\/\/miil.dev.almic.ee\/wp-content\/uploads\/2024\/04\/Containex-Premium-Black-Panther-scaled.jpg","contentUrl":"https:\/\/miil.dev.almic.ee\/wp-content\/uploads\/2024\/04\/Containex-Premium-Black-Panther-scaled.jpg","width":1900,"height":1425,"caption":"Soojakute rent ja m\u00fc\u00fck"},{"@type":"BreadcrumbList","@id":"https:\/\/miil.dev.almic.ee\/lv\/toode\/soojak-containex-standard-premium-miiu1089\/#breadcrumb","itemListElement":[{"@type":"ListItem","position":1,"name":"Home","item":"https:\/\/miil.dev.almic.ee\/lv\/"},{"@type":"ListItem","position":2,"name":"Veikals","item":"https:\/\/miil.dev.almic.ee\/lv\/veikals\/"},{"@type":"ListItem","position":3,"name":"Containex Standard Premium &#8211; MIIU1089 panor\u0101ma"}]},{"@type":"WebSite","@id":"https:\/\/miil.dev.almic.ee\/#website","url":"https:\/\/miil.dev.almic.ee\/","name":"Miil O\u00dc","description":"Konteinerveod","publisher":{"@id":"https:\/\/miil.dev.almic.ee\/#organization"},"potentialAction":[{"@type":"SearchAction","target":{"@type":"EntryPoint","urlTemplate":"https:\/\/miil.dev.almic.ee\/?s={search_term_string}"},"query-input":{"@type":"PropertyValueSpecification","valueRequired":true,"valueName":"search_term_string"}}],"inLanguage":"lv-LV"},{"@type":"Organization","@id":"https:\/\/miil.dev.almic.ee\/#organization","name":"Miil O\u00dc","url":"https:\/\/miil.dev.almic.ee\/","logo":{"@type":"ImageObject","inLanguage":"lv-LV","@id":"https:\/\/miil.dev.almic.ee\/#\/schema\/logo\/image\/","url":"https:\/\/www.miil.ee\/wp-content\/uploads\/2022\/02\/Miil-logo.svg","contentUrl":"https:\/\/www.miil.ee\/wp-content\/uploads\/2022\/02\/Miil-logo.svg","width":"1024","height":"1024","caption":"Miil O\u00dc"},"image":{"@id":"https:\/\/miil.dev.almic.ee\/#\/schema\/logo\/image\/"},"sameAs":["https:\/\/www.facebook.com\/konteinerveod\/","https:\/\/www.instagram.com\/ou_miil\/"]}]},"product_price_amount":"11590.00","product_price_currency":"EUR","og_availability":"instock","product_availability":"instock","product_retailer_item_id":"MIIU1950","product_condition":"new"},"_links":{"self":[{"href":"https:\/\/miil.dev.almic.ee\/lv\/wp-json\/wp\/v2\/product\/62678","targetHints":{"allow":["GET"]}}],"collection":[{"href":"https:\/\/miil.dev.almic.ee\/lv\/wp-json\/wp\/v2\/product"}],"about":[{"href":"https:\/\/miil.dev.almic.ee\/lv\/wp-json\/wp\/v2\/types\/product"}],"replies":[{"embeddable":true,"href":"https:\/\/miil.dev.almic.ee\/lv\/wp-json\/wp\/v2\/comments?post=62678"}],"wp:featuredmedia":[{"embeddable":true,"href":"https:\/\/miil.dev.almic.ee\/lv\/wp-json\/wp\/v2\/media\/62703"}],"wp:attachment":[{"href":"https:\/\/miil.dev.almic.ee\/lv\/wp-json\/wp\/v2\/media?parent=62678"}],"wp:term":[{"taxonomy":"product_cat","embeddable":true,"href":"https:\/\/miil.dev.almic.ee\/lv\/wp-json\/wp\/v2\/product_cat?post=62678"},{"taxonomy":"product_tag","embeddable":true,"href":"https:\/\/miil.dev.almic.ee\/lv\/wp-json\/wp\/v2\/product_tag?post=62678"}],"curies":[{"name":"wp","href":"https:\/\/api.w.org\/{rel}","templated":true}]}}