{"id":60165,"date":"2024-03-21T11:48:11","date_gmt":"2024-03-21T09:48:11","guid":{"rendered":"https:\/\/www.miil.ee\/?post_type=product&#038;p=60165"},"modified":"2024-11-06T11:57:24","modified_gmt":"2024-11-06T09:57:24","slug":"biroja-kabines-ramis-un-3d-modelis","status":"publish","type":"product","link":"https:\/\/miil.dev.almic.ee\/lv\/toode\/biroja-kabines-ramis-un-3d-modelis\/","title":{"rendered":"Containex 3D modelis &#8211; MIIU0088"},"content":{"rendered":"<h1>Biroja kab\u012bnes r\u0101mis un 3D modelis<\/h1>\n<p>Biroja kab\u012bnes r\u0101mis un 3D modelis. \u0160is r\u0101mis nav p\u0101rdo\u0161an\u0101! \u0160is ir 3D modelis!<br \/>\nSalona r\u0101mis un 3D modelis;<br \/>\nP\u0101rvietojam\u0101s kaj\u012btes, kuras m\u0113s p\u0101rdodam, vienm\u0113r ir augstas kvalit\u0101tes un mar\u0137\u0113tas ar CE mar\u0137\u0113jumu.<br \/>\nCietu r\u0101mi nodro\u0161ina bultskr\u016bvju savienojums, kas dod lielu priek\u0161roc\u012bbu sal\u012bdzin\u0101jum\u0101 ar metin\u0101tu r\u0101mi.<br \/>\nJumts ir velm\u0113ts un sk\u0101rds vai kr\u0101sots sk\u0101rds.<br \/>\nGr\u012bda siltin\u0101ta ar 100mm miner\u0101lvati, jumts siltin\u0101ts ar 100mm miner\u0101lvati un sienas ar 45mm &#8211; 60mm PU put\u0101m (vien\u0101ds ar aptuveni 60mm-100mm vati).<br \/>\nP\u0101rn\u0113s\u0101jam\u0101s kab\u012bnes \u0101r\u0113j\u0101 kr\u0101sa parasti ir tum\u0161i pel\u0113ka RAL7016 antrac\u012bta vai gai\u0161i pel\u0113ka RAL7035.<br \/>\nIr iesp\u0113ja pas\u016bt\u012bt ar\u012b p\u0101rvietojam\u0101s kaj\u012btes \u012bpa\u0161\u0101 kr\u0101s\u0101, agr\u0101k esam pas\u016bt\u012bju\u0161i ar\u012b modu\u013cus meln\u0101, balt\u0101, zil\u0101 vai k\u0101d\u0101 cit\u0101 kr\u0101s\u0101.<\/p>\n<h2>Koted\u017ea un mini m\u0101ja<\/h2>\n<p>P\u0101rvietojama kaj\u012bte vairs nav tikai pagaidu \u0113ka b\u016bvlaukum\u0101, m\u016bsdien\u012bgas kvalitat\u012bvas kab\u012bnes ar skr\u016bvju savienojumiem ir lieliski piem\u0113rotas vasarn\u012bcai vai komercplat\u012bb\u0101m.<br \/>\nGatavai mini m\u0101ji\u0146ai nav nepiecie\u0161ami ne pamati, ne celtnieks &#8211; pas\u016bti un lieto!<br \/>\nUzst\u0101d\u012b\u0161ana aiz\u0146em maz\u0101k nek\u0101 30 min\u016btes un m\u0101ju var p\u0101rdot k\u0101 gatavu risin\u0101jumu, kas noz\u012bm\u0113, ka to var pieg\u0101d\u0101t taj\u0101 pa\u0161\u0101 dien\u0101.<br \/>\nJa v\u0113laties izv\u0113l\u0113ties loga vai durvju atra\u0161an\u0101s vietu, izgatavo\u0161ana pras\u012bs maksim\u0101li ned\u0113\u013cu.<br \/>\nPapildu jumta seguma un lielu logu pievieno\u0161ana aiz\u0146em apm\u0113ram \u010detras ned\u0113\u013cas.<\/p>\n<h2>Pirkt vai \u012br\u0113t kaj\u012bti?<\/h2>\n<p>Papildus tirdzniec\u012bbai m\u0113s ar\u012b nom\u0101jam p\u0101rvietojam\u0101s kaj\u012btes.<br \/>\n\u0160is risin\u0101jums ir ide\u0101ls, ja p\u0101rn\u0113s\u0101jama kab\u012bne ir nepiecie\u0161ama \u012bslaic\u012bgai izmanto\u0161anai celtniec\u012bb\u0101 vai k\u0101p\u0113c ne k\u0101 sezonas koted\u017eai, birojam vai tirdzniec\u012bbas vietai.<br \/>\nP\u0101rn\u0113s\u0101jam\u0101s kab\u012bnes noma ir garant\u0113ta un katram klientam varam atrast piem\u0113rotu risin\u0101jumu.<br \/>\nVarat ar\u012b iznom\u0101t kaj\u012bti ar panor\u0101mas logiem un koka oderi vai parastu p\u0101rn\u0113s\u0101jamu mini m\u0101ju.<br \/>\nP\u0101rn\u0113s\u0101jamo kab\u012bni pieg\u0101d\u0101jam un uzst\u0101d\u0101m p\u0113c klienta v\u0113lm\u0113m.<\/p>\n<p>M\u0113s pied\u0101v\u0101jam pla\u0161u pakalpojumu kl\u0101stu, piem\u0113ram, nesezonas uzglab\u0101\u0161anu da\u017e\u0101d\u0101s pils\u0113t\u0101s, k\u0101 ar\u012b konteineru viralit\u0101ti nomai un p\u0101rdo\u0161anai. P\u0113rciet tagad un maks\u0101jiet v\u0113l\u0101k iesp\u0113ja, kas pieejama, izmantojot Inbank.ee ar atlaides kodu &#8220;Konteiner&#8221;.<\/p>\n<h2>Past\u0101stiet mums savu ideju!<\/h2>\n<p>Neviens projekts mums nav par lielu vai mazu, dro\u0161i jaut\u0101jiet un m\u0113s sadarb\u012bb\u0101 atrad\u012bsim lab\u0101ko risin\u0101jumu. neatkar\u012bgi no t\u0101, vai jums ir nepiecie\u0161ams viena, divst\u0101vu vai vair\u0101ku st\u0101vu risin\u0101jums, j\u016bs esat non\u0101cis \u012bstaj\u0101 viet\u0101!<\/p>\n<p>Da\u017e\u0101du veidu logi.<br \/>\nDa\u017e\u0101da durvju izv\u0113le.<br \/>\nDa\u017e\u0101das gaismas.<br \/>\nDa\u017e\u0101di augstumi.<br \/>\nKontaktligzdas p\u0113c piepras\u012bjuma.<br \/>\nElektriskais panelis.<br \/>\nSild\u012bt\u0101ja r\u0101mis un 3D modelis<\/p>\n<h2>Izol\u0101cijas iesp\u0113jas<\/h2>\n<p>&#8211; Sienu izol\u0101cijas PU putas 45mm vai 60MM PU putas.<br \/>\n&#8211; Jumta izol\u0101cijas miner\u0101lvate 100mm<br \/>\n&#8211; Gr\u012bdas izol\u0101cija 100mm vate vai 60mm PU fl\u012bzes.<\/p>\n<p>1 priek\u0161\u0113j\u0101s durvis<br \/>\natveras uz \u0101ru.<br \/>\nDurvju platums: 875mm, iesp\u0113jams dab\u016bt ar\u012b plat\u0101kas.<br \/>\nDurvju atv\u0113r\u0161anas platums: 811mm, iesp\u0113ja papla\u0161in\u0101t.<br \/>\nDurvju atv\u0113r\u0161anas augstums: 2065mm<\/p>\n<p>1 Elektriskais panelis<br \/>\n2 gab spraud\u0146i<br \/>\n1gab gaismas sl\u0113dzis<br \/>\nElektriskais panelis<\/p>\n<p>P\u0101rvad\u0101\u0161anai parasti izmantojam <a href=\"https:\/\/www.miil.ee\/lv\/pakalpojumi\/celtnis\/\">celtnis<\/a> vai <a href=\"https:\/\/www.miil.ee\/lv\/pakalpojumi\/sanu-iekraveji-sideloader\/\">s\u0101nu iekr\u0101v\u0113ju.<\/a><br \/>\nM\u0113s izmantojam <a href=\"https:\/\/www.miil.ee\/lv\/pakalpojumi\/ram-pasizgazejs\/\">RAM backloader<\/a>, lai aptvertu vissare\u017e\u0123\u012bt\u0101k\u0101s vietas.<\/p>\n<p>Sekojiet mums <a href=\"https:\/\/www.facebook.com\/konteinerveod\/\">Facebook<\/a> vai <a href=\"https:\/\/www.instagram.com\/ou_miil\/\">Instagram.<\/a><\/p>\n","protected":false},"excerpt":{"rendered":"<p>Biroja kab\u012bnes r\u0101mis un 3D modelis Biroja kab\u012bnes r\u0101mis un 3D modelis. \u0160is r\u0101mis nav p\u0101rdo\u0161an\u0101! \u0160is ir 3D modelis! Salona r\u0101mis un 3D modelis; P\u0101rvietojam\u0101s kaj\u012btes, kuras m\u0113s p\u0101rdodam, vienm\u0113r ir augstas kvalit\u0101tes un mar\u0137\u0113tas ar CE mar\u0137\u0113jumu. Cietu r\u0101mi nodro\u0161ina bultskr\u016bvju savienojums, kas dod lielu priek\u0161roc\u012bbu sal\u012bdzin\u0101jum\u0101 ar metin\u0101tu r\u0101mi. Jumts ir velm\u0113ts&#8230;<\/p>\n","protected":false},"featured_media":60246,"comment_status":"closed","ping_status":"closed","template":"","meta":{"_acf_changed":false},"product_cat":[348,344,408],"product_tag":[],"class_list":{"0":"post-60165","1":"product","2":"type-product","3":"status-publish","4":"has-post-thumbnail","6":"product_cat-tehnika","7":"product_cat-vagonini","8":"product_cat-jauni-vagonini","10":"first","11":"instock","12":"shipping-taxable","13":"purchasable","14":"product-type-simple"},"acf":[],"yoast_head":"<!-- This site is optimized with the Yoast SEO Premium plugin v23.9 (Yoast SEO v27.5) - https:\/\/yoast.com\/product\/yoast-seo-premium-wordpress\/ -->\n<title>Containex 3D modelis - MIIU0088 - Miil O\u00dc<\/title>\n<meta name=\"description\" content=\"Biroja kab\u012bnes r\u0101mis un 3D modelis | Mini m\u0101jas un koted\u017eas | Kaj\u012b\u0161u noma un p\u0101rdo\u0161ana | Transports un remonts | Elektr\u012bbas darbi un apkure\" \/>\n<meta name=\"robots\" content=\"index, follow, max-snippet:-1, max-image-preview:large, max-video-preview:-1\" \/>\n<link rel=\"canonical\" href=\"https:\/\/miil.dev.almic.ee\/lv\/toode\/biroja-kabines-ramis-un-3d-modelis\/\" \/>\n<meta property=\"og:locale\" content=\"lv_LV\" \/>\n<meta property=\"og:type\" content=\"article\" \/>\n<meta property=\"og:title\" content=\"Containex 3D modelis - MIIU0088\" \/>\n<meta property=\"og:description\" content=\"Biroja kab\u012bnes r\u0101mis un 3D modelis | Mini m\u0101jas un koted\u017eas | Kaj\u012b\u0161u noma un p\u0101rdo\u0161ana | Transports un remonts | Elektr\u012bbas darbi un apkure\" \/>\n<meta property=\"og:url\" content=\"https:\/\/miil.dev.almic.ee\/lv\/toode\/biroja-kabines-ramis-un-3d-modelis\/\" \/>\n<meta property=\"og:site_name\" content=\"Miil O\u00dc\" \/>\n<meta property=\"article:publisher\" content=\"https:\/\/www.facebook.com\/konteinerveod\/\" \/>\n<meta property=\"article:modified_time\" content=\"2024-11-06T09:57:24+00:00\" \/>\n<meta property=\"og:image\" content=\"https:\/\/miil.dev.almic.ee\/wp-content\/uploads\/2024\/03\/Soojaku-pohja-vaade-scaled.jpg\" \/>\n\t<meta property=\"og:image:width\" content=\"1900\" \/>\n\t<meta property=\"og:image:height\" content=\"1335\" \/>\n\t<meta property=\"og:image:type\" content=\"image\/jpeg\" \/>\n<meta name=\"twitter:card\" content=\"summary_large_image\" \/>\n<meta name=\"twitter:label1\" content=\"Price\" \/>\n\t<meta name=\"twitter:data1\" content=\"1,00&nbsp;&euro;\" \/>\n\t<meta name=\"twitter:label2\" content=\"Availability\" \/>\n\t<meta name=\"twitter:data2\" content=\"In stock\" \/>\n<script type=\"application\/ld+json\" class=\"yoast-schema-graph\">{\"@context\":\"https:\\\/\\\/schema.org\",\"@graph\":[{\"@type\":\"WebPage\",\"@id\":\"https:\\\/\\\/miil.dev.almic.ee\\\/lv\\\/toode\\\/biroja-kabines-ramis-un-3d-modelis\\\/\",\"url\":\"https:\\\/\\\/miil.dev.almic.ee\\\/lv\\\/toode\\\/biroja-kabines-ramis-un-3d-modelis\\\/\",\"name\":\"Containex 3D modelis - MIIU0088 - Miil O\u00dc\",\"isPartOf\":{\"@id\":\"https:\\\/\\\/miil.dev.almic.ee\\\/#website\"},\"primaryImageOfPage\":{\"@id\":\"https:\\\/\\\/miil.dev.almic.ee\\\/lv\\\/toode\\\/biroja-kabines-ramis-un-3d-modelis\\\/#primaryimage\"},\"image\":{\"@id\":\"https:\\\/\\\/miil.dev.almic.ee\\\/lv\\\/toode\\\/biroja-kabines-ramis-un-3d-modelis\\\/#primaryimage\"},\"thumbnailUrl\":\"https:\\\/\\\/miil.dev.almic.ee\\\/wp-content\\\/uploads\\\/2024\\\/03\\\/Soojaku-pohja-vaade-scaled.jpg\",\"datePublished\":\"2024-03-21T09:48:11+00:00\",\"dateModified\":\"2024-11-06T09:57:24+00:00\",\"description\":\"Biroja kab\u012bnes r\u0101mis un 3D modelis | Mini m\u0101jas un koted\u017eas | Kaj\u012b\u0161u noma un p\u0101rdo\u0161ana | Transports un remonts | Elektr\u012bbas darbi un apkure\",\"breadcrumb\":{\"@id\":\"https:\\\/\\\/miil.dev.almic.ee\\\/lv\\\/toode\\\/biroja-kabines-ramis-un-3d-modelis\\\/#breadcrumb\"},\"inLanguage\":\"lv-LV\",\"potentialAction\":[{\"@type\":\"ReadAction\",\"target\":[\"https:\\\/\\\/miil.dev.almic.ee\\\/lv\\\/toode\\\/biroja-kabines-ramis-un-3d-modelis\\\/\"]}]},{\"@type\":\"ImageObject\",\"inLanguage\":\"lv-LV\",\"@id\":\"https:\\\/\\\/miil.dev.almic.ee\\\/lv\\\/toode\\\/biroja-kabines-ramis-un-3d-modelis\\\/#primaryimage\",\"url\":\"https:\\\/\\\/miil.dev.almic.ee\\\/wp-content\\\/uploads\\\/2024\\\/03\\\/Soojaku-pohja-vaade-scaled.jpg\",\"contentUrl\":\"https:\\\/\\\/miil.dev.almic.ee\\\/wp-content\\\/uploads\\\/2024\\\/03\\\/Soojaku-pohja-vaade-scaled.jpg\",\"width\":1900,\"height\":1335,\"caption\":\"v\"},{\"@type\":\"BreadcrumbList\",\"@id\":\"https:\\\/\\\/miil.dev.almic.ee\\\/lv\\\/toode\\\/biroja-kabines-ramis-un-3d-modelis\\\/#breadcrumb\",\"itemListElement\":[{\"@type\":\"ListItem\",\"position\":1,\"name\":\"Home\",\"item\":\"https:\\\/\\\/miil.dev.almic.ee\\\/lv\\\/\"},{\"@type\":\"ListItem\",\"position\":2,\"name\":\"Veikals\",\"item\":\"https:\\\/\\\/miil.dev.almic.ee\\\/lv\\\/veikals\\\/\"},{\"@type\":\"ListItem\",\"position\":3,\"name\":\"Containex 3D modelis &#8211; MIIU0088\"}]},{\"@type\":\"WebSite\",\"@id\":\"https:\\\/\\\/miil.dev.almic.ee\\\/#website\",\"url\":\"https:\\\/\\\/miil.dev.almic.ee\\\/\",\"name\":\"Miil O\u00dc\",\"description\":\"Konteinerveod\",\"publisher\":{\"@id\":\"https:\\\/\\\/miil.dev.almic.ee\\\/#organization\"},\"potentialAction\":[{\"@type\":\"SearchAction\",\"target\":{\"@type\":\"EntryPoint\",\"urlTemplate\":\"https:\\\/\\\/miil.dev.almic.ee\\\/?s={search_term_string}\"},\"query-input\":{\"@type\":\"PropertyValueSpecification\",\"valueRequired\":true,\"valueName\":\"search_term_string\"}}],\"inLanguage\":\"lv-LV\"},{\"@type\":\"Organization\",\"@id\":\"https:\\\/\\\/miil.dev.almic.ee\\\/#organization\",\"name\":\"Miil O\u00dc\",\"url\":\"https:\\\/\\\/miil.dev.almic.ee\\\/\",\"logo\":{\"@type\":\"ImageObject\",\"inLanguage\":\"lv-LV\",\"@id\":\"https:\\\/\\\/miil.dev.almic.ee\\\/#\\\/schema\\\/logo\\\/image\\\/\",\"url\":\"https:\\\/\\\/www.miil.ee\\\/wp-content\\\/uploads\\\/2022\\\/02\\\/Miil-logo.svg\",\"contentUrl\":\"https:\\\/\\\/www.miil.ee\\\/wp-content\\\/uploads\\\/2022\\\/02\\\/Miil-logo.svg\",\"width\":\"1024\",\"height\":\"1024\",\"caption\":\"Miil O\u00dc\"},\"image\":{\"@id\":\"https:\\\/\\\/miil.dev.almic.ee\\\/#\\\/schema\\\/logo\\\/image\\\/\"},\"sameAs\":[\"https:\\\/\\\/www.facebook.com\\\/konteinerveod\\\/\",\"https:\\\/\\\/www.instagram.com\\\/ou_miil\\\/\"]}]}<\/script>\n<meta property=\"product:price:amount\" content=\"1.00\" \/>\n<meta property=\"product:price:currency\" content=\"EUR\" \/>\n<meta property=\"og:availability\" content=\"instock\" \/>\n<meta property=\"product:availability\" content=\"instock\" \/>\n<meta property=\"product:condition\" content=\"new\" \/>\n<!-- \/ Yoast SEO Premium plugin. -->","yoast_head_json":{"title":"Containex 3D modelis - MIIU0088 - Miil O\u00dc","description":"Biroja kab\u012bnes r\u0101mis un 3D modelis | Mini m\u0101jas un koted\u017eas | Kaj\u012b\u0161u noma un p\u0101rdo\u0161ana | Transports un remonts | Elektr\u012bbas darbi un apkure","robots":{"index":"index","follow":"follow","max-snippet":"max-snippet:-1","max-image-preview":"max-image-preview:large","max-video-preview":"max-video-preview:-1"},"canonical":"https:\/\/miil.dev.almic.ee\/lv\/toode\/biroja-kabines-ramis-un-3d-modelis\/","og_locale":"lv_LV","og_type":"article","og_title":"Containex 3D modelis - MIIU0088","og_description":"Biroja kab\u012bnes r\u0101mis un 3D modelis | Mini m\u0101jas un koted\u017eas | Kaj\u012b\u0161u noma un p\u0101rdo\u0161ana | Transports un remonts | Elektr\u012bbas darbi un apkure","og_url":"https:\/\/miil.dev.almic.ee\/lv\/toode\/biroja-kabines-ramis-un-3d-modelis\/","og_site_name":"Miil O\u00dc","article_publisher":"https:\/\/www.facebook.com\/konteinerveod\/","article_modified_time":"2024-11-06T09:57:24+00:00","og_image":[{"width":1900,"height":1335,"url":"https:\/\/miil.dev.almic.ee\/wp-content\/uploads\/2024\/03\/Soojaku-pohja-vaade-scaled.jpg","type":"image\/jpeg"}],"twitter_card":"summary_large_image","twitter_misc":{"Price":"1,00&nbsp;&euro;","Availability":"In stock"},"schema":{"@context":"https:\/\/schema.org","@graph":[{"@type":"WebPage","@id":"https:\/\/miil.dev.almic.ee\/lv\/toode\/biroja-kabines-ramis-un-3d-modelis\/","url":"https:\/\/miil.dev.almic.ee\/lv\/toode\/biroja-kabines-ramis-un-3d-modelis\/","name":"Containex 3D modelis - MIIU0088 - Miil O\u00dc","isPartOf":{"@id":"https:\/\/miil.dev.almic.ee\/#website"},"primaryImageOfPage":{"@id":"https:\/\/miil.dev.almic.ee\/lv\/toode\/biroja-kabines-ramis-un-3d-modelis\/#primaryimage"},"image":{"@id":"https:\/\/miil.dev.almic.ee\/lv\/toode\/biroja-kabines-ramis-un-3d-modelis\/#primaryimage"},"thumbnailUrl":"https:\/\/miil.dev.almic.ee\/wp-content\/uploads\/2024\/03\/Soojaku-pohja-vaade-scaled.jpg","datePublished":"2024-03-21T09:48:11+00:00","dateModified":"2024-11-06T09:57:24+00:00","description":"Biroja kab\u012bnes r\u0101mis un 3D modelis | Mini m\u0101jas un koted\u017eas | Kaj\u012b\u0161u noma un p\u0101rdo\u0161ana | Transports un remonts | Elektr\u012bbas darbi un apkure","breadcrumb":{"@id":"https:\/\/miil.dev.almic.ee\/lv\/toode\/biroja-kabines-ramis-un-3d-modelis\/#breadcrumb"},"inLanguage":"lv-LV","potentialAction":[{"@type":"ReadAction","target":["https:\/\/miil.dev.almic.ee\/lv\/toode\/biroja-kabines-ramis-un-3d-modelis\/"]}]},{"@type":"ImageObject","inLanguage":"lv-LV","@id":"https:\/\/miil.dev.almic.ee\/lv\/toode\/biroja-kabines-ramis-un-3d-modelis\/#primaryimage","url":"https:\/\/miil.dev.almic.ee\/wp-content\/uploads\/2024\/03\/Soojaku-pohja-vaade-scaled.jpg","contentUrl":"https:\/\/miil.dev.almic.ee\/wp-content\/uploads\/2024\/03\/Soojaku-pohja-vaade-scaled.jpg","width":1900,"height":1335,"caption":"v"},{"@type":"BreadcrumbList","@id":"https:\/\/miil.dev.almic.ee\/lv\/toode\/biroja-kabines-ramis-un-3d-modelis\/#breadcrumb","itemListElement":[{"@type":"ListItem","position":1,"name":"Home","item":"https:\/\/miil.dev.almic.ee\/lv\/"},{"@type":"ListItem","position":2,"name":"Veikals","item":"https:\/\/miil.dev.almic.ee\/lv\/veikals\/"},{"@type":"ListItem","position":3,"name":"Containex 3D modelis &#8211; MIIU0088"}]},{"@type":"WebSite","@id":"https:\/\/miil.dev.almic.ee\/#website","url":"https:\/\/miil.dev.almic.ee\/","name":"Miil O\u00dc","description":"Konteinerveod","publisher":{"@id":"https:\/\/miil.dev.almic.ee\/#organization"},"potentialAction":[{"@type":"SearchAction","target":{"@type":"EntryPoint","urlTemplate":"https:\/\/miil.dev.almic.ee\/?s={search_term_string}"},"query-input":{"@type":"PropertyValueSpecification","valueRequired":true,"valueName":"search_term_string"}}],"inLanguage":"lv-LV"},{"@type":"Organization","@id":"https:\/\/miil.dev.almic.ee\/#organization","name":"Miil O\u00dc","url":"https:\/\/miil.dev.almic.ee\/","logo":{"@type":"ImageObject","inLanguage":"lv-LV","@id":"https:\/\/miil.dev.almic.ee\/#\/schema\/logo\/image\/","url":"https:\/\/www.miil.ee\/wp-content\/uploads\/2022\/02\/Miil-logo.svg","contentUrl":"https:\/\/www.miil.ee\/wp-content\/uploads\/2022\/02\/Miil-logo.svg","width":"1024","height":"1024","caption":"Miil O\u00dc"},"image":{"@id":"https:\/\/miil.dev.almic.ee\/#\/schema\/logo\/image\/"},"sameAs":["https:\/\/www.facebook.com\/konteinerveod\/","https:\/\/www.instagram.com\/ou_miil\/"]}]},"product_price_amount":"1.00","product_price_currency":"EUR","og_availability":"instock","product_availability":"instock","product_condition":"new"},"_links":{"self":[{"href":"https:\/\/miil.dev.almic.ee\/lv\/wp-json\/wp\/v2\/product\/60165","targetHints":{"allow":["GET"]}}],"collection":[{"href":"https:\/\/miil.dev.almic.ee\/lv\/wp-json\/wp\/v2\/product"}],"about":[{"href":"https:\/\/miil.dev.almic.ee\/lv\/wp-json\/wp\/v2\/types\/product"}],"replies":[{"embeddable":true,"href":"https:\/\/miil.dev.almic.ee\/lv\/wp-json\/wp\/v2\/comments?post=60165"}],"wp:featuredmedia":[{"embeddable":true,"href":"https:\/\/miil.dev.almic.ee\/lv\/wp-json\/wp\/v2\/media\/60246"}],"wp:attachment":[{"href":"https:\/\/miil.dev.almic.ee\/lv\/wp-json\/wp\/v2\/media?parent=60165"}],"wp:term":[{"taxonomy":"product_cat","embeddable":true,"href":"https:\/\/miil.dev.almic.ee\/lv\/wp-json\/wp\/v2\/product_cat?post=60165"},{"taxonomy":"product_tag","embeddable":true,"href":"https:\/\/miil.dev.almic.ee\/lv\/wp-json\/wp\/v2\/product_tag?post=60165"}],"curies":[{"name":"wp","href":"https:\/\/api.w.org\/{rel}","templated":true}]}}