{"id":58344,"date":"2024-03-01T10:33:19","date_gmt":"2024-03-01T08:33:19","guid":{"rendered":"https:\/\/www.miil.ee\/?post_type=product&#038;p=58344"},"modified":"2025-03-07T09:42:05","modified_gmt":"2025-03-07T07:42:05","slug":"refrizeratora-konteineru-dzinejs","status":"publish","type":"product","link":"https:\/\/miil.dev.almic.ee\/lv\/toode\/refrizeratora-konteineru-dzinejs\/","title":{"rendered":"Refri\u017eeratora konteineru dzin\u0113js, Carrier NaturaLine &#038; PrimeLine"},"content":{"rendered":"<h1>Refri\u017eeratora konteineru dzin\u0113js &#8211; liela izv\u0113le, lieliskas cenas<\/h1>\n<p>Refri\u017eeratora konteineru dzin\u0113js &#8211; Refri\u017eeratora konteinera dzin\u0113js ar r\u0101mi.<br \/>\nM\u016bsu noliktav\u0101 ir liela ledusskapju motoru izv\u0113le ar r\u0101mi.<br \/>\nLedusskapja motors ir piem\u0113rots ar\u012b apkurei.<br \/>\nJauns ledusskapja motors 7900.- +PVN (komplekt\u0101, ar r\u0101mi).<br \/>\nIzgatavojam J\u016bsu vajadz\u012bb\u0101m atbilsto\u0161u risin\u0101jumu, ir pieejamas da\u017e\u0101das sald\u0113tavu durvis, pac\u0113l\u0101ji un izol\u0101cijas iesp\u0113jas.<\/p>\n<h2>Refri\u017eeratora konteineru dzin\u0113js &#8211; Ledusskapju konteineru noma<\/h2>\n<p>Iznom\u0101jam da\u017e\u0101du izm\u0113ru j\u016bras konteineru ledusskapjus.<br \/>\nLedusskapji ar sald\u0113tavas durv\u012bm, ledusskapji ar parast\u0101m durv\u012bm, refri\u017eeratorkonteineri un daudz kas cits ir noliktav\u0101 uzreiz.<br \/>\nPieejami 10 p\u0113du, 20 p\u0113du, 40 p\u0113du konteineri ar da\u017e\u0101du apr\u012bkojumu.<\/p>\n<p>Lab\u0101k\u0101s cenas garantija!<\/p>\n<h2>Refri\u017eeratora konteineru dzin\u0113js &#8211; K\u0101 tiek apr\u0113\u0137in\u0101ta konteinera cena?<\/h2>\n<p>J\u016bras konteinera cena ir atkar\u012bga no daudz\u0101m liet\u0101m, ta\u010du p\u0101rdo\u0161anas cena parasti ir saist\u012bta ar konteinera st\u0101vokli.<br \/>\nCenu ietekm\u0113 ar\u012b konteinera ieg\u0101des izmaksas, konteinera pien\u0101k\u0161anas ce\u013c\u0161 uz termin\u0101li, konteinera atra\u0161an\u0101s vieta termin\u0101l\u012b un tas, vai konteineram nav beigu\u0161\u0101s papildu izmaksas, piem\u0113ram, starpt\u012br\u012b\u0161ana, iek\u0161\u0113j\u0101 t\u012br\u012b\u0161ana vai atjauno\u0161ana.<\/p>\n<p>Lai lab\u0101k apkalpotu m\u016bsu klientus, m\u016bsu tirdzniec\u012bbas punkti atrodas vis\u0101 Igaunij\u0101. Konteinera cena \u0101rpus galvaspils\u0113tas ir atkar\u012bga ar\u012b no t\u0101, k\u0101 tas transport\u0113ts starp termin\u0101liem.<\/p>\n<h2>Transport\u0113\u0161ana un pacel\u0161ana?<\/h2>\n<p>P\u0113c piem\u0113rota konteinera izv\u0113les varam veikt iepako\u0161anu un transport\u0113\u0161anu.<br \/>\nP\u0101rvad\u0101\u0161anai parasti izmantojam<span>\u00a0<\/span><a href=\"https:\/\/www.miil.ee\/lv\/pakalpojumi\/celtnis\/\">celtnis<\/a><span>\u00a0<\/span>vai<span>\u00a0<\/span><a href=\"https:\/\/www.miil.ee\/lv\/pakalpojumi\/sanu-iekraveji-sideloader\/\">s\u0101nu iekr\u0101v\u0113ju.<\/a><br \/>\nM\u0113s izmantojam<span>\u00a0<\/span><a href=\"https:\/\/www.miil.ee\/lv\/pakalpojumi\/ram-pasizgazejs\/\">RAM backloader<\/a>, lai aptvertu vissare\u017e\u0123\u012bt\u0101k\u0101s vietas.<\/p>\n<p>P\u0113c t\u0101 ieg\u0101des m\u0113s glab\u0101jam j\u016bsu konteineru m\u016bsu termin\u0101l\u012b bez maksas l\u012bdz se\u0161iem m\u0113ne\u0161iem.<\/p>\n<p>Vienm\u0113r iesp\u0113jams vienoties par ilg\u0101ku laiku.<br \/>\nPiem\u0113ram, ja vieta v\u0113l nav gatava vai pieejama konteinera pieg\u0101dei.<br \/>\nT\u0101d\u0101 gad\u012bjum\u0101 konteinera cena nemain\u012bsies un var\u0113siet b\u016bt dro\u0161s, ka izv\u0113l\u0113to konteineru sa\u0146emsiet norun\u0101taj\u0101 laik\u0101.<\/p>\n<h2>M\u016bsu tehnolo\u0123ijas ir modernas, un m\u016bsu vad\u012bt\u0101ji ir augsti apm\u0101c\u012bti.<\/h2>\n<ul>\n<li>J\u016bras konteineru tirdzniec\u012bba<\/li>\n<li>J\u016bras konteineru noma<\/li>\n<li>J\u016bras konteineru atg\u016b\u0161ana<\/li>\n<li>J\u016bras konteineru remonts<\/li>\n<li>J\u016bras konteineru uzglab\u0101\u0161ana<\/li>\n<li>Apkures bateriju tirdzniec\u012bba<\/li>\n<li>Sild\u012bt\u0101ju noma<\/li>\n<li>Mini m\u0101ju p\u0101rdo\u0161ana<\/li>\n<li>Iz\u012br\u0113 mini m\u0101jas<\/li>\n<li>Transports<\/li>\n<li>Depo serviss<\/li>\n<\/ul>\n<p>&nbsp;<\/p>\n<ul>\n<li>Lab\u0101k\u0101s cenas garantija \u2013 m\u0113s vienm\u0113r pied\u0101v\u0101jam konteineram lab\u0101ko pied\u0101v\u0101jumu.<\/li>\n<\/ul>\n<p>Sekojiet mums\u00a0<a href=\"https:\/\/www.facebook.com\/konteinerveod\/\">Facebook<\/a>\u00a0vai\u00a0<a href=\"https:\/\/www.instagram.com\/ou_miil\/\">Instagram.<\/a><\/p>\n<p>&nbsp;<\/p>\n<p>&nbsp;<\/p>\n","protected":false},"excerpt":{"rendered":"<p>M\u0113s pied\u0101v\u0101jam pla\u0161u ledusskapju motoru izv\u0113li ar r\u0101mi un izstr\u0101d\u0101jam risin\u0101jumus atbilsto\u0161i j\u016bsu vajadz\u012bb\u0101m, k\u0101 ar\u012b iznom\u0101jam da\u017e\u0101du izm\u0113ru j\u016bras konteinerus ar da\u017e\u0101du apr\u012bkojumu. M\u016bsu pakalpojumi ietver transport\u0113\u0161anu, uzglab\u0101\u0161anu un lab\u0101k\u0101s cenas garantiju.<\/p>\n","protected":false},"featured_media":58349,"comment_status":"closed","ping_status":"closed","template":"","meta":{"_acf_changed":false},"product_cat":[356,472,488,1048,404,336],"product_tag":[],"class_list":{"0":"post-58344","1":"product","2":"type-product","3":"status-publish","4":"has-post-thumbnail","6":"product_cat-jauni-konteineri","7":"product_cat-20-ref-ledusskapis","8":"product_cat-40-ref-ledusskapis-lv","9":"product_cat-20ref-refrizeratora-konteiners","10":"product_cat-40-ref-ledusskapis","11":"product_cat-papildu-piederumi","13":"first","14":"instock","15":"sale","16":"shipping-taxable","17":"purchasable","18":"product-type-simple"},"acf":[],"yoast_head":"<!-- This site is optimized with the Yoast SEO Premium plugin v23.9 (Yoast SEO v27.5) - https:\/\/yoast.com\/product\/yoast-seo-premium-wordpress\/ -->\n<title>Refri\u017eeratora konteineru dzin\u0113js - Miil O\u00dc<\/title>\n<meta name=\"description\" content=\"Refri\u017eeratora konteineru dzin\u0113js | sald\u0113tavas konteiners | j\u016bras konteiners | uzglab\u0101\u0161anas konteiners | atdzes\u0113ts konteiners | P\u0101rdodu j\u016bras konteinerus\" \/>\n<meta name=\"robots\" content=\"index, follow, max-snippet:-1, max-image-preview:large, max-video-preview:-1\" \/>\n<link rel=\"canonical\" href=\"https:\/\/miil.dev.almic.ee\/lv\/toode\/refrizeratora-konteineru-dzinejs\/\" \/>\n<meta property=\"og:locale\" content=\"lv_LV\" \/>\n<meta property=\"og:type\" content=\"article\" \/>\n<meta property=\"og:title\" content=\"Refri\u017eeratora konteineru dzin\u0113js, Carrier NaturaLine &amp; PrimeLine\" \/>\n<meta property=\"og:description\" content=\"Refri\u017eeratora konteineru dzin\u0113js | sald\u0113tavas konteiners | j\u016bras konteiners | uzglab\u0101\u0161anas konteiners | atdzes\u0113ts konteiners | P\u0101rdodu j\u016bras konteinerus\" \/>\n<meta property=\"og:url\" content=\"https:\/\/miil.dev.almic.ee\/lv\/toode\/refrizeratora-konteineru-dzinejs\/\" \/>\n<meta property=\"og:site_name\" content=\"Miil O\u00dc\" \/>\n<meta property=\"article:publisher\" content=\"https:\/\/www.facebook.com\/konteinerveod\/\" \/>\n<meta property=\"article:modified_time\" content=\"2025-03-07T07:42:05+00:00\" \/>\n<meta property=\"og:image\" content=\"https:\/\/miil.dev.almic.ee\/wp-content\/uploads\/2024\/03\/Kulmiku-mootor-2-scaled.jpg\" \/>\n\t<meta property=\"og:image:width\" content=\"1900\" \/>\n\t<meta property=\"og:image:height\" content=\"1425\" \/>\n\t<meta property=\"og:image:type\" content=\"image\/jpeg\" \/>\n<meta name=\"twitter:card\" content=\"summary_large_image\" \/>\n<meta name=\"twitter:label1\" content=\"Price\" \/>\n\t<meta name=\"twitter:data1\" content=\"7900,00&nbsp;&euro;\" \/>\n\t<meta name=\"twitter:label2\" content=\"Availability\" \/>\n\t<meta name=\"twitter:data2\" content=\"In stock\" \/>\n<script type=\"application\/ld+json\" class=\"yoast-schema-graph\">{\"@context\":\"https:\\\/\\\/schema.org\",\"@graph\":[{\"@type\":\"WebPage\",\"@id\":\"https:\\\/\\\/miil.dev.almic.ee\\\/lv\\\/toode\\\/refrizeratora-konteineru-dzinejs\\\/\",\"url\":\"https:\\\/\\\/miil.dev.almic.ee\\\/lv\\\/toode\\\/refrizeratora-konteineru-dzinejs\\\/\",\"name\":\"Refri\u017eeratora konteineru dzin\u0113js - Miil O\u00dc\",\"isPartOf\":{\"@id\":\"https:\\\/\\\/miil.dev.almic.ee\\\/#website\"},\"primaryImageOfPage\":{\"@id\":\"https:\\\/\\\/miil.dev.almic.ee\\\/lv\\\/toode\\\/refrizeratora-konteineru-dzinejs\\\/#primaryimage\"},\"image\":{\"@id\":\"https:\\\/\\\/miil.dev.almic.ee\\\/lv\\\/toode\\\/refrizeratora-konteineru-dzinejs\\\/#primaryimage\"},\"thumbnailUrl\":\"https:\\\/\\\/miil.dev.almic.ee\\\/wp-content\\\/uploads\\\/2024\\\/03\\\/Kulmiku-mootor-2-scaled.jpg\",\"datePublished\":\"2024-03-01T08:33:19+00:00\",\"dateModified\":\"2025-03-07T07:42:05+00:00\",\"description\":\"Refri\u017eeratora konteineru dzin\u0113js | sald\u0113tavas konteiners | j\u016bras konteiners | uzglab\u0101\u0161anas konteiners | atdzes\u0113ts konteiners | P\u0101rdodu j\u016bras konteinerus\",\"breadcrumb\":{\"@id\":\"https:\\\/\\\/miil.dev.almic.ee\\\/lv\\\/toode\\\/refrizeratora-konteineru-dzinejs\\\/#breadcrumb\"},\"inLanguage\":\"lv-LV\",\"potentialAction\":[{\"@type\":\"ReadAction\",\"target\":[\"https:\\\/\\\/miil.dev.almic.ee\\\/lv\\\/toode\\\/refrizeratora-konteineru-dzinejs\\\/\"]}]},{\"@type\":\"ImageObject\",\"inLanguage\":\"lv-LV\",\"@id\":\"https:\\\/\\\/miil.dev.almic.ee\\\/lv\\\/toode\\\/refrizeratora-konteineru-dzinejs\\\/#primaryimage\",\"url\":\"https:\\\/\\\/miil.dev.almic.ee\\\/wp-content\\\/uploads\\\/2024\\\/03\\\/Kulmiku-mootor-2-scaled.jpg\",\"contentUrl\":\"https:\\\/\\\/miil.dev.almic.ee\\\/wp-content\\\/uploads\\\/2024\\\/03\\\/Kulmiku-mootor-2-scaled.jpg\",\"width\":1900,\"height\":1425,\"caption\":\"K\u00fclmik konteineri mootor\"},{\"@type\":\"BreadcrumbList\",\"@id\":\"https:\\\/\\\/miil.dev.almic.ee\\\/lv\\\/toode\\\/refrizeratora-konteineru-dzinejs\\\/#breadcrumb\",\"itemListElement\":[{\"@type\":\"ListItem\",\"position\":1,\"name\":\"Home\",\"item\":\"https:\\\/\\\/miil.dev.almic.ee\\\/lv\\\/\"},{\"@type\":\"ListItem\",\"position\":2,\"name\":\"Veikals\",\"item\":\"https:\\\/\\\/miil.dev.almic.ee\\\/lv\\\/veikals\\\/\"},{\"@type\":\"ListItem\",\"position\":3,\"name\":\"Refri\u017eeratora konteineru dzin\u0113js, Carrier NaturaLine &#038; PrimeLine\"}]},{\"@type\":\"WebSite\",\"@id\":\"https:\\\/\\\/miil.dev.almic.ee\\\/#website\",\"url\":\"https:\\\/\\\/miil.dev.almic.ee\\\/\",\"name\":\"Miil O\u00dc\",\"description\":\"Konteinerveod\",\"publisher\":{\"@id\":\"https:\\\/\\\/miil.dev.almic.ee\\\/#organization\"},\"potentialAction\":[{\"@type\":\"SearchAction\",\"target\":{\"@type\":\"EntryPoint\",\"urlTemplate\":\"https:\\\/\\\/miil.dev.almic.ee\\\/?s={search_term_string}\"},\"query-input\":{\"@type\":\"PropertyValueSpecification\",\"valueRequired\":true,\"valueName\":\"search_term_string\"}}],\"inLanguage\":\"lv-LV\"},{\"@type\":\"Organization\",\"@id\":\"https:\\\/\\\/miil.dev.almic.ee\\\/#organization\",\"name\":\"Miil O\u00dc\",\"url\":\"https:\\\/\\\/miil.dev.almic.ee\\\/\",\"logo\":{\"@type\":\"ImageObject\",\"inLanguage\":\"lv-LV\",\"@id\":\"https:\\\/\\\/miil.dev.almic.ee\\\/#\\\/schema\\\/logo\\\/image\\\/\",\"url\":\"https:\\\/\\\/www.miil.ee\\\/wp-content\\\/uploads\\\/2022\\\/02\\\/Miil-logo.svg\",\"contentUrl\":\"https:\\\/\\\/www.miil.ee\\\/wp-content\\\/uploads\\\/2022\\\/02\\\/Miil-logo.svg\",\"width\":\"1024\",\"height\":\"1024\",\"caption\":\"Miil O\u00dc\"},\"image\":{\"@id\":\"https:\\\/\\\/miil.dev.almic.ee\\\/#\\\/schema\\\/logo\\\/image\\\/\"},\"sameAs\":[\"https:\\\/\\\/www.facebook.com\\\/konteinerveod\\\/\",\"https:\\\/\\\/www.instagram.com\\\/ou_miil\\\/\"]}]}<\/script>\n<meta property=\"product:price:amount\" content=\"7900.00\" \/>\n<meta property=\"product:price:currency\" content=\"EUR\" \/>\n<meta property=\"og:availability\" content=\"instock\" \/>\n<meta property=\"product:availability\" content=\"instock\" \/>\n<meta property=\"product:condition\" content=\"new\" \/>\n<!-- \/ Yoast SEO Premium plugin. -->","yoast_head_json":{"title":"Refri\u017eeratora konteineru dzin\u0113js - Miil O\u00dc","description":"Refri\u017eeratora konteineru dzin\u0113js | sald\u0113tavas konteiners | j\u016bras konteiners | uzglab\u0101\u0161anas konteiners | atdzes\u0113ts konteiners | P\u0101rdodu j\u016bras konteinerus","robots":{"index":"index","follow":"follow","max-snippet":"max-snippet:-1","max-image-preview":"max-image-preview:large","max-video-preview":"max-video-preview:-1"},"canonical":"https:\/\/miil.dev.almic.ee\/lv\/toode\/refrizeratora-konteineru-dzinejs\/","og_locale":"lv_LV","og_type":"article","og_title":"Refri\u017eeratora konteineru dzin\u0113js, Carrier NaturaLine & PrimeLine","og_description":"Refri\u017eeratora konteineru dzin\u0113js | sald\u0113tavas konteiners | j\u016bras konteiners | uzglab\u0101\u0161anas konteiners | atdzes\u0113ts konteiners | P\u0101rdodu j\u016bras konteinerus","og_url":"https:\/\/miil.dev.almic.ee\/lv\/toode\/refrizeratora-konteineru-dzinejs\/","og_site_name":"Miil O\u00dc","article_publisher":"https:\/\/www.facebook.com\/konteinerveod\/","article_modified_time":"2025-03-07T07:42:05+00:00","og_image":[{"width":1900,"height":1425,"url":"https:\/\/miil.dev.almic.ee\/wp-content\/uploads\/2024\/03\/Kulmiku-mootor-2-scaled.jpg","type":"image\/jpeg"}],"twitter_card":"summary_large_image","twitter_misc":{"Price":"7900,00&nbsp;&euro;","Availability":"In stock"},"schema":{"@context":"https:\/\/schema.org","@graph":[{"@type":"WebPage","@id":"https:\/\/miil.dev.almic.ee\/lv\/toode\/refrizeratora-konteineru-dzinejs\/","url":"https:\/\/miil.dev.almic.ee\/lv\/toode\/refrizeratora-konteineru-dzinejs\/","name":"Refri\u017eeratora konteineru dzin\u0113js - Miil O\u00dc","isPartOf":{"@id":"https:\/\/miil.dev.almic.ee\/#website"},"primaryImageOfPage":{"@id":"https:\/\/miil.dev.almic.ee\/lv\/toode\/refrizeratora-konteineru-dzinejs\/#primaryimage"},"image":{"@id":"https:\/\/miil.dev.almic.ee\/lv\/toode\/refrizeratora-konteineru-dzinejs\/#primaryimage"},"thumbnailUrl":"https:\/\/miil.dev.almic.ee\/wp-content\/uploads\/2024\/03\/Kulmiku-mootor-2-scaled.jpg","datePublished":"2024-03-01T08:33:19+00:00","dateModified":"2025-03-07T07:42:05+00:00","description":"Refri\u017eeratora konteineru dzin\u0113js | sald\u0113tavas konteiners | j\u016bras konteiners | uzglab\u0101\u0161anas konteiners | atdzes\u0113ts konteiners | P\u0101rdodu j\u016bras konteinerus","breadcrumb":{"@id":"https:\/\/miil.dev.almic.ee\/lv\/toode\/refrizeratora-konteineru-dzinejs\/#breadcrumb"},"inLanguage":"lv-LV","potentialAction":[{"@type":"ReadAction","target":["https:\/\/miil.dev.almic.ee\/lv\/toode\/refrizeratora-konteineru-dzinejs\/"]}]},{"@type":"ImageObject","inLanguage":"lv-LV","@id":"https:\/\/miil.dev.almic.ee\/lv\/toode\/refrizeratora-konteineru-dzinejs\/#primaryimage","url":"https:\/\/miil.dev.almic.ee\/wp-content\/uploads\/2024\/03\/Kulmiku-mootor-2-scaled.jpg","contentUrl":"https:\/\/miil.dev.almic.ee\/wp-content\/uploads\/2024\/03\/Kulmiku-mootor-2-scaled.jpg","width":1900,"height":1425,"caption":"K\u00fclmik konteineri mootor"},{"@type":"BreadcrumbList","@id":"https:\/\/miil.dev.almic.ee\/lv\/toode\/refrizeratora-konteineru-dzinejs\/#breadcrumb","itemListElement":[{"@type":"ListItem","position":1,"name":"Home","item":"https:\/\/miil.dev.almic.ee\/lv\/"},{"@type":"ListItem","position":2,"name":"Veikals","item":"https:\/\/miil.dev.almic.ee\/lv\/veikals\/"},{"@type":"ListItem","position":3,"name":"Refri\u017eeratora konteineru dzin\u0113js, Carrier NaturaLine &#038; PrimeLine"}]},{"@type":"WebSite","@id":"https:\/\/miil.dev.almic.ee\/#website","url":"https:\/\/miil.dev.almic.ee\/","name":"Miil O\u00dc","description":"Konteinerveod","publisher":{"@id":"https:\/\/miil.dev.almic.ee\/#organization"},"potentialAction":[{"@type":"SearchAction","target":{"@type":"EntryPoint","urlTemplate":"https:\/\/miil.dev.almic.ee\/?s={search_term_string}"},"query-input":{"@type":"PropertyValueSpecification","valueRequired":true,"valueName":"search_term_string"}}],"inLanguage":"lv-LV"},{"@type":"Organization","@id":"https:\/\/miil.dev.almic.ee\/#organization","name":"Miil O\u00dc","url":"https:\/\/miil.dev.almic.ee\/","logo":{"@type":"ImageObject","inLanguage":"lv-LV","@id":"https:\/\/miil.dev.almic.ee\/#\/schema\/logo\/image\/","url":"https:\/\/www.miil.ee\/wp-content\/uploads\/2022\/02\/Miil-logo.svg","contentUrl":"https:\/\/www.miil.ee\/wp-content\/uploads\/2022\/02\/Miil-logo.svg","width":"1024","height":"1024","caption":"Miil O\u00dc"},"image":{"@id":"https:\/\/miil.dev.almic.ee\/#\/schema\/logo\/image\/"},"sameAs":["https:\/\/www.facebook.com\/konteinerveod\/","https:\/\/www.instagram.com\/ou_miil\/"]}]},"product_price_amount":"7900.00","product_price_currency":"EUR","og_availability":"instock","product_availability":"instock","product_condition":"new"},"_links":{"self":[{"href":"https:\/\/miil.dev.almic.ee\/lv\/wp-json\/wp\/v2\/product\/58344","targetHints":{"allow":["GET"]}}],"collection":[{"href":"https:\/\/miil.dev.almic.ee\/lv\/wp-json\/wp\/v2\/product"}],"about":[{"href":"https:\/\/miil.dev.almic.ee\/lv\/wp-json\/wp\/v2\/types\/product"}],"replies":[{"embeddable":true,"href":"https:\/\/miil.dev.almic.ee\/lv\/wp-json\/wp\/v2\/comments?post=58344"}],"wp:featuredmedia":[{"embeddable":true,"href":"https:\/\/miil.dev.almic.ee\/lv\/wp-json\/wp\/v2\/media\/58349"}],"wp:attachment":[{"href":"https:\/\/miil.dev.almic.ee\/lv\/wp-json\/wp\/v2\/media?parent=58344"}],"wp:term":[{"taxonomy":"product_cat","embeddable":true,"href":"https:\/\/miil.dev.almic.ee\/lv\/wp-json\/wp\/v2\/product_cat?post=58344"},{"taxonomy":"product_tag","embeddable":true,"href":"https:\/\/miil.dev.almic.ee\/lv\/wp-json\/wp\/v2\/product_tag?post=58344"}],"curies":[{"name":"wp","href":"https:\/\/api.w.org\/{rel}","templated":true}]}}