{"id":58251,"date":"2024-02-23T16:45:09","date_gmt":"2024-02-23T14:45:09","guid":{"rendered":"https:\/\/www.miil.ee\/?post_type=product&#038;p=58251"},"modified":"2024-11-07T16:03:48","modified_gmt":"2024-11-07T14:03:48","slug":"multilift-ramis-juras-konteineram","status":"publish","type":"product","link":"https:\/\/miil.dev.almic.ee\/lv\/toode\/multilift-ramis-juras-konteineram\/","title":{"rendered":"Multilift r\u0101mis j\u016bras konteineram"},"content":{"rendered":"<h1>Multilift r\u0101mis j\u016bras konteineram<\/h1>\n<p>Preces ir ra\u017eotas Igaunij\u0101 un kvalit\u0101tes zi\u0146\u0101 kompromisi nav pie\u013cauti.<br \/>\nK\u0101p\u0146u tirdzniec\u012bba &#8211; k\u0101pnes Containex, k\u0101pnes ModulX, k\u0101pnes konteineriem.<\/p>\n<h2>Multilift r\u0101mis j\u016bras konteineram vai biroja kab\u012bn\u0113m?<\/h2>\n<p>Protams, bez k\u0101pn\u0113m m\u016bsu kl\u0101st\u0101 ir ar\u012b biroja kaj\u012btes un ku\u0123niec\u012bbas konteineri.<br \/>\nMums uz vietas ir jauni un lietoti p\u0101rvad\u0101\u0161anas konteineri, k\u0101 ar\u012b tos iznom\u0101jam.<br \/>\nBiroja kaj\u012btes p\u0101rsvar\u0101 jaunas.<br \/>\nIznom\u0101jam\u0101s biroja kab\u012bnes ir lab\u0101 st\u0101vokl\u012b un ir maz lietotas vai piln\u012bgi jaunas.<br \/>\nPre\u010du katalogs ar cen\u0101m <a href=\"https:\/\/www.miil.ee\/lv\/veikals\/\">\u0161eit.<\/a><br \/>\nViss klientam vienuviet, p\u0113rkot pie mums konteineru vai modu\u013cu kab\u012bni, m\u0113s tos turp atvedam ar savu autoceltni un uzst\u0101d\u0101m viet\u0101.<br \/>\nUzst\u0101dam ar\u012b kop\u0101 savienotas biroja kab\u012bnes + k\u0101pnes.<br \/>\nPapildus iepriek\u0161min\u0113tajam, m\u016bsu kl\u0101sta piederumu kategorij\u0101 varat atrast ar\u012b da\u017e\u0101dus plauktus, bloku savienojumus, skavas un piekaram\u0101s sl\u0113dzenes.<\/p>\n<p>Izv\u0113lieties pareizo produktu no m\u016bsu pla\u0161\u0101 kl\u0101sta un nodro\u0161iniet efekt\u012bvu un organiz\u0113tu uzglab\u0101\u0161anu sav\u0101s telp\u0101s.<br \/>\nMIIL.ee ir j\u016bsu uzticamais partneris konteineru transport\u0113\u0161anas un uzglab\u0101\u0161anas risin\u0101jumu jom\u0101.<\/p>\n<p>Papildus k\u0101pn\u0113m pa\u0161i izgatavojam rampas Raidu j\u016bras konteineriem, plauktus Rai\u0146a j\u016bras konteineriem un veicam virkni p\u0101rb\u016bves darbu.<br \/>\nPiem\u0113ram, pie mums var pas\u016bt\u012bt gar\u0101\u017eas v\u0101rtus, kas tiek uzst\u0101d\u012bti konteinera aizmugur\u0113 k\u0101 patent\u0113ts risin\u0101jums.<br \/>\nVai ar\u012b transporta pakalpojumi ar piekabi, kas \u012bpa\u0161i paredz\u0113ta SUV virsb\u016bvei.<br \/>\n\u0160\u012b piekabe var transport\u0113t konteineru vai piekabi uz gr\u016bt\u0101k sasniedzam\u0101m viet\u0101m, piem\u0113ram, r\u016bpniecisko \u0113ku ar zem\u0101m durv\u012bm vai laukumu ar p\u0101r\u0101k m\u012bkstu zemi kravas automa\u0161\u012bnai.<br \/>\nJebkur\u0101 gad\u012bjum\u0101 pie mums j\u016bs atrad\u012bsiet kvalitat\u012bvus un iztur\u012bgus risin\u0101jumus!<\/p>\n<p>Sekojiet mums <a href=\"https:\/\/www.facebook.com\/merekonteiner\">Facebook<\/a> vai <a href=\"https:\/\/www.instagram.com\/ou_miil\/\">Instagram.<\/a><\/p>\n","protected":false},"excerpt":{"rendered":"<p>J\u016bras konteineru plaukti.<br \/>\nPlaukti &#8220;Rainis&#8221;, piem\u0113roti j\u016bras konteinera aug\u0161\u0113jiem posmiem.<br \/>\nJ\u016bras konteineru plaukti &#8220;Rainis&#8221; ir \u0101trs un \u0113rts risin\u0101jums, kad nepiecie\u0161ams uzglab\u0101t caurules, caurules vai citus gar\u0101kus produktus.<br \/>\nPlauktam ir papildus pastiprin\u0101jumi un izmantojamas visas att\u0113l\u0101 redzam\u0101s atveres.<br \/>\nVar pievienot ar\u012b galda gabalus un izmantot k\u0101 parastu plauktu.<\/p>\n","protected":false},"featured_media":62903,"comment_status":"closed","ping_status":"closed","template":"","meta":{"_acf_changed":false},"product_cat":[336,348],"product_tag":[],"class_list":{"0":"post-58251","1":"product","2":"type-product","3":"status-publish","4":"has-post-thumbnail","6":"product_cat-papildu-piederumi","7":"product_cat-tehnika","9":"first","10":"instock","11":"shipping-taxable","12":"purchasable","13":"product-type-simple"},"acf":[],"yoast_head":"<!-- This site is optimized with the Yoast SEO Premium plugin v23.9 (Yoast SEO v27.5) - https:\/\/yoast.com\/product\/yoast-seo-premium-wordpress\/ -->\n<title>Multilift r\u0101mis j\u016bras konteineram - Miil O\u00dc<\/title>\n<meta name=\"description\" content=\"K\u0101pnes biroja kaj\u012bt\u0113m, Containex biroja, ModulX biroja, j\u016bras konteineriem, Baltic states, office cabin sales and rent in Estonia\" \/>\n<meta name=\"robots\" content=\"index, follow, max-snippet:-1, max-image-preview:large, max-video-preview:-1\" \/>\n<link rel=\"canonical\" href=\"https:\/\/miil.dev.almic.ee\/lv\/toode\/multilift-ramis-juras-konteineram\/\" \/>\n<meta property=\"og:locale\" content=\"lv_LV\" \/>\n<meta property=\"og:type\" content=\"article\" \/>\n<meta property=\"og:title\" content=\"Multilift r\u0101mis j\u016bras konteineram\" \/>\n<meta property=\"og:description\" content=\"K\u0101pnes biroja kaj\u012bt\u0113m, Containex biroja, ModulX biroja, j\u016bras konteineriem, Baltic states, office cabin sales and rent in Estonia\" \/>\n<meta property=\"og:url\" content=\"https:\/\/miil.dev.almic.ee\/lv\/toode\/multilift-ramis-juras-konteineram\/\" \/>\n<meta property=\"og:site_name\" content=\"Miil O\u00dc\" \/>\n<meta property=\"article:publisher\" content=\"https:\/\/www.facebook.com\/konteinerveod\/\" \/>\n<meta property=\"article:modified_time\" content=\"2024-11-07T14:03:48+00:00\" \/>\n<meta property=\"og:image\" content=\"https:\/\/miil.dev.almic.ee\/wp-content\/uploads\/2024\/02\/multilift-merekonteineri-raam-multylift-scaled.jpg\" \/>\n\t<meta property=\"og:image:width\" content=\"1900\" \/>\n\t<meta property=\"og:image:height\" content=\"1425\" \/>\n\t<meta property=\"og:image:type\" content=\"image\/jpeg\" \/>\n<meta name=\"twitter:card\" content=\"summary_large_image\" \/>\n<meta name=\"twitter:label1\" content=\"Price\" \/>\n\t<meta name=\"twitter:data1\" content=\"2590,00&nbsp;&euro;\" \/>\n\t<meta name=\"twitter:label2\" content=\"Availability\" \/>\n\t<meta name=\"twitter:data2\" content=\"In stock\" \/>\n<script type=\"application\/ld+json\" class=\"yoast-schema-graph\">{\"@context\":\"https:\\\/\\\/schema.org\",\"@graph\":[{\"@type\":\"WebPage\",\"@id\":\"https:\\\/\\\/miil.dev.almic.ee\\\/lv\\\/toode\\\/multilift-ramis-juras-konteineram\\\/\",\"url\":\"https:\\\/\\\/miil.dev.almic.ee\\\/lv\\\/toode\\\/multilift-ramis-juras-konteineram\\\/\",\"name\":\"Multilift r\u0101mis j\u016bras konteineram - Miil O\u00dc\",\"isPartOf\":{\"@id\":\"https:\\\/\\\/miil.dev.almic.ee\\\/#website\"},\"primaryImageOfPage\":{\"@id\":\"https:\\\/\\\/miil.dev.almic.ee\\\/lv\\\/toode\\\/multilift-ramis-juras-konteineram\\\/#primaryimage\"},\"image\":{\"@id\":\"https:\\\/\\\/miil.dev.almic.ee\\\/lv\\\/toode\\\/multilift-ramis-juras-konteineram\\\/#primaryimage\"},\"thumbnailUrl\":\"https:\\\/\\\/miil.dev.almic.ee\\\/wp-content\\\/uploads\\\/2024\\\/02\\\/multilift-merekonteineri-raam-multylift-scaled.jpg\",\"datePublished\":\"2024-02-23T14:45:09+00:00\",\"dateModified\":\"2024-11-07T14:03:48+00:00\",\"description\":\"K\u0101pnes biroja kaj\u012bt\u0113m, Containex biroja, ModulX biroja, j\u016bras konteineriem, Baltic states, office cabin sales and rent in Estonia\",\"breadcrumb\":{\"@id\":\"https:\\\/\\\/miil.dev.almic.ee\\\/lv\\\/toode\\\/multilift-ramis-juras-konteineram\\\/#breadcrumb\"},\"inLanguage\":\"lv-LV\",\"potentialAction\":[{\"@type\":\"ReadAction\",\"target\":[\"https:\\\/\\\/miil.dev.almic.ee\\\/lv\\\/toode\\\/multilift-ramis-juras-konteineram\\\/\"]}]},{\"@type\":\"ImageObject\",\"inLanguage\":\"lv-LV\",\"@id\":\"https:\\\/\\\/miil.dev.almic.ee\\\/lv\\\/toode\\\/multilift-ramis-juras-konteineram\\\/#primaryimage\",\"url\":\"https:\\\/\\\/miil.dev.almic.ee\\\/wp-content\\\/uploads\\\/2024\\\/02\\\/multilift-merekonteineri-raam-multylift-scaled.jpg\",\"contentUrl\":\"https:\\\/\\\/miil.dev.almic.ee\\\/wp-content\\\/uploads\\\/2024\\\/02\\\/multilift-merekonteineri-raam-multylift-scaled.jpg\",\"width\":1900,\"height\":1425},{\"@type\":\"BreadcrumbList\",\"@id\":\"https:\\\/\\\/miil.dev.almic.ee\\\/lv\\\/toode\\\/multilift-ramis-juras-konteineram\\\/#breadcrumb\",\"itemListElement\":[{\"@type\":\"ListItem\",\"position\":1,\"name\":\"Home\",\"item\":\"https:\\\/\\\/miil.dev.almic.ee\\\/lv\\\/\"},{\"@type\":\"ListItem\",\"position\":2,\"name\":\"Veikals\",\"item\":\"https:\\\/\\\/miil.dev.almic.ee\\\/lv\\\/veikals\\\/\"},{\"@type\":\"ListItem\",\"position\":3,\"name\":\"Multilift r\u0101mis j\u016bras konteineram\"}]},{\"@type\":\"WebSite\",\"@id\":\"https:\\\/\\\/miil.dev.almic.ee\\\/#website\",\"url\":\"https:\\\/\\\/miil.dev.almic.ee\\\/\",\"name\":\"Miil O\u00dc\",\"description\":\"Konteinerveod\",\"publisher\":{\"@id\":\"https:\\\/\\\/miil.dev.almic.ee\\\/#organization\"},\"potentialAction\":[{\"@type\":\"SearchAction\",\"target\":{\"@type\":\"EntryPoint\",\"urlTemplate\":\"https:\\\/\\\/miil.dev.almic.ee\\\/?s={search_term_string}\"},\"query-input\":{\"@type\":\"PropertyValueSpecification\",\"valueRequired\":true,\"valueName\":\"search_term_string\"}}],\"inLanguage\":\"lv-LV\"},{\"@type\":\"Organization\",\"@id\":\"https:\\\/\\\/miil.dev.almic.ee\\\/#organization\",\"name\":\"Miil O\u00dc\",\"url\":\"https:\\\/\\\/miil.dev.almic.ee\\\/\",\"logo\":{\"@type\":\"ImageObject\",\"inLanguage\":\"lv-LV\",\"@id\":\"https:\\\/\\\/miil.dev.almic.ee\\\/#\\\/schema\\\/logo\\\/image\\\/\",\"url\":\"https:\\\/\\\/www.miil.ee\\\/wp-content\\\/uploads\\\/2022\\\/02\\\/Miil-logo.svg\",\"contentUrl\":\"https:\\\/\\\/www.miil.ee\\\/wp-content\\\/uploads\\\/2022\\\/02\\\/Miil-logo.svg\",\"width\":\"1024\",\"height\":\"1024\",\"caption\":\"Miil O\u00dc\"},\"image\":{\"@id\":\"https:\\\/\\\/miil.dev.almic.ee\\\/#\\\/schema\\\/logo\\\/image\\\/\"},\"sameAs\":[\"https:\\\/\\\/www.facebook.com\\\/konteinerveod\\\/\",\"https:\\\/\\\/www.instagram.com\\\/ou_miil\\\/\"]}]}<\/script>\n<meta property=\"product:price:amount\" content=\"2590.00\" \/>\n<meta property=\"product:price:currency\" content=\"EUR\" \/>\n<meta property=\"og:availability\" content=\"instock\" \/>\n<meta property=\"product:availability\" content=\"instock\" \/>\n<meta property=\"product:retailer_item_id\" content=\"1568112553753-1-1-2\" \/>\n<meta property=\"product:condition\" content=\"new\" \/>\n<!-- \/ Yoast SEO Premium plugin. -->","yoast_head_json":{"title":"Multilift r\u0101mis j\u016bras konteineram - Miil O\u00dc","description":"K\u0101pnes biroja kaj\u012bt\u0113m, Containex biroja, ModulX biroja, j\u016bras konteineriem, Baltic states, office cabin sales and rent in Estonia","robots":{"index":"index","follow":"follow","max-snippet":"max-snippet:-1","max-image-preview":"max-image-preview:large","max-video-preview":"max-video-preview:-1"},"canonical":"https:\/\/miil.dev.almic.ee\/lv\/toode\/multilift-ramis-juras-konteineram\/","og_locale":"lv_LV","og_type":"article","og_title":"Multilift r\u0101mis j\u016bras konteineram","og_description":"K\u0101pnes biroja kaj\u012bt\u0113m, Containex biroja, ModulX biroja, j\u016bras konteineriem, Baltic states, office cabin sales and rent in Estonia","og_url":"https:\/\/miil.dev.almic.ee\/lv\/toode\/multilift-ramis-juras-konteineram\/","og_site_name":"Miil O\u00dc","article_publisher":"https:\/\/www.facebook.com\/konteinerveod\/","article_modified_time":"2024-11-07T14:03:48+00:00","og_image":[{"width":1900,"height":1425,"url":"https:\/\/miil.dev.almic.ee\/wp-content\/uploads\/2024\/02\/multilift-merekonteineri-raam-multylift-scaled.jpg","type":"image\/jpeg"}],"twitter_card":"summary_large_image","twitter_misc":{"Price":"2590,00&nbsp;&euro;","Availability":"In stock"},"schema":{"@context":"https:\/\/schema.org","@graph":[{"@type":"WebPage","@id":"https:\/\/miil.dev.almic.ee\/lv\/toode\/multilift-ramis-juras-konteineram\/","url":"https:\/\/miil.dev.almic.ee\/lv\/toode\/multilift-ramis-juras-konteineram\/","name":"Multilift r\u0101mis j\u016bras konteineram - Miil O\u00dc","isPartOf":{"@id":"https:\/\/miil.dev.almic.ee\/#website"},"primaryImageOfPage":{"@id":"https:\/\/miil.dev.almic.ee\/lv\/toode\/multilift-ramis-juras-konteineram\/#primaryimage"},"image":{"@id":"https:\/\/miil.dev.almic.ee\/lv\/toode\/multilift-ramis-juras-konteineram\/#primaryimage"},"thumbnailUrl":"https:\/\/miil.dev.almic.ee\/wp-content\/uploads\/2024\/02\/multilift-merekonteineri-raam-multylift-scaled.jpg","datePublished":"2024-02-23T14:45:09+00:00","dateModified":"2024-11-07T14:03:48+00:00","description":"K\u0101pnes biroja kaj\u012bt\u0113m, Containex biroja, ModulX biroja, j\u016bras konteineriem, Baltic states, office cabin sales and rent in Estonia","breadcrumb":{"@id":"https:\/\/miil.dev.almic.ee\/lv\/toode\/multilift-ramis-juras-konteineram\/#breadcrumb"},"inLanguage":"lv-LV","potentialAction":[{"@type":"ReadAction","target":["https:\/\/miil.dev.almic.ee\/lv\/toode\/multilift-ramis-juras-konteineram\/"]}]},{"@type":"ImageObject","inLanguage":"lv-LV","@id":"https:\/\/miil.dev.almic.ee\/lv\/toode\/multilift-ramis-juras-konteineram\/#primaryimage","url":"https:\/\/miil.dev.almic.ee\/wp-content\/uploads\/2024\/02\/multilift-merekonteineri-raam-multylift-scaled.jpg","contentUrl":"https:\/\/miil.dev.almic.ee\/wp-content\/uploads\/2024\/02\/multilift-merekonteineri-raam-multylift-scaled.jpg","width":1900,"height":1425},{"@type":"BreadcrumbList","@id":"https:\/\/miil.dev.almic.ee\/lv\/toode\/multilift-ramis-juras-konteineram\/#breadcrumb","itemListElement":[{"@type":"ListItem","position":1,"name":"Home","item":"https:\/\/miil.dev.almic.ee\/lv\/"},{"@type":"ListItem","position":2,"name":"Veikals","item":"https:\/\/miil.dev.almic.ee\/lv\/veikals\/"},{"@type":"ListItem","position":3,"name":"Multilift r\u0101mis j\u016bras konteineram"}]},{"@type":"WebSite","@id":"https:\/\/miil.dev.almic.ee\/#website","url":"https:\/\/miil.dev.almic.ee\/","name":"Miil O\u00dc","description":"Konteinerveod","publisher":{"@id":"https:\/\/miil.dev.almic.ee\/#organization"},"potentialAction":[{"@type":"SearchAction","target":{"@type":"EntryPoint","urlTemplate":"https:\/\/miil.dev.almic.ee\/?s={search_term_string}"},"query-input":{"@type":"PropertyValueSpecification","valueRequired":true,"valueName":"search_term_string"}}],"inLanguage":"lv-LV"},{"@type":"Organization","@id":"https:\/\/miil.dev.almic.ee\/#organization","name":"Miil O\u00dc","url":"https:\/\/miil.dev.almic.ee\/","logo":{"@type":"ImageObject","inLanguage":"lv-LV","@id":"https:\/\/miil.dev.almic.ee\/#\/schema\/logo\/image\/","url":"https:\/\/www.miil.ee\/wp-content\/uploads\/2022\/02\/Miil-logo.svg","contentUrl":"https:\/\/www.miil.ee\/wp-content\/uploads\/2022\/02\/Miil-logo.svg","width":"1024","height":"1024","caption":"Miil O\u00dc"},"image":{"@id":"https:\/\/miil.dev.almic.ee\/#\/schema\/logo\/image\/"},"sameAs":["https:\/\/www.facebook.com\/konteinerveod\/","https:\/\/www.instagram.com\/ou_miil\/"]}]},"product_price_amount":"2590.00","product_price_currency":"EUR","og_availability":"instock","product_availability":"instock","product_retailer_item_id":"1568112553753-1-1-2","product_condition":"new"},"_links":{"self":[{"href":"https:\/\/miil.dev.almic.ee\/lv\/wp-json\/wp\/v2\/product\/58251","targetHints":{"allow":["GET"]}}],"collection":[{"href":"https:\/\/miil.dev.almic.ee\/lv\/wp-json\/wp\/v2\/product"}],"about":[{"href":"https:\/\/miil.dev.almic.ee\/lv\/wp-json\/wp\/v2\/types\/product"}],"replies":[{"embeddable":true,"href":"https:\/\/miil.dev.almic.ee\/lv\/wp-json\/wp\/v2\/comments?post=58251"}],"wp:featuredmedia":[{"embeddable":true,"href":"https:\/\/miil.dev.almic.ee\/lv\/wp-json\/wp\/v2\/media\/62903"}],"wp:attachment":[{"href":"https:\/\/miil.dev.almic.ee\/lv\/wp-json\/wp\/v2\/media?parent=58251"}],"wp:term":[{"taxonomy":"product_cat","embeddable":true,"href":"https:\/\/miil.dev.almic.ee\/lv\/wp-json\/wp\/v2\/product_cat?post=58251"},{"taxonomy":"product_tag","embeddable":true,"href":"https:\/\/miil.dev.almic.ee\/lv\/wp-json\/wp\/v2\/product_tag?post=58251"}],"curies":[{"name":"wp","href":"https:\/\/api.w.org\/{rel}","templated":true}]}}