{"id":55384,"date":"2023-12-27T18:03:40","date_gmt":"2023-12-27T16:03:41","guid":{"rendered":"https:\/\/www.miil.ee\/?post_type=product&#038;p=55384"},"modified":"2025-03-07T09:05:21","modified_gmt":"2025-03-07T07:05:21","slug":"20-dc-juras-konteineris-veikals-miiu88811546-tallinn","status":"publish","type":"product","link":"https:\/\/miil.dev.almic.ee\/lv\/toode\/20-dc-juras-konteineris-veikals-miiu88811546-tallinn\/","title":{"rendered":"20DC veikala konteineru MIIU88811546 &#8211; TALLINN"},"content":{"rendered":"<div class=\"JMWMJ\">\n<h1>Veikala konteineru<\/h1>\n<p>Veikala konteineru un p\u0101rb\u016bve p\u0113c atsevi\u0161\u0137a pas\u016bt\u012bjuma.<br \/>\nVaram pied\u0101v\u0101t da\u017e\u0101dus telpu risin\u0101jumus un logu un durvju skaitu.<br \/>\nCena ar kr\u0101so\u0161anas darbiem 6990.- +pvn.<\/p>\n<p>Varam pied\u0101v\u0101t koka oderes apdari, m\u0113bel\u0113\u0161anu, siltin\u0101\u0161anas pievieno\u0161anu, mai\u0146str\u0101vas siltums\u016bkni un dro\u0161\u012bbas sl\u0113dzenes p\u0113c v\u0113l\u0113\u0161an\u0101s.<br \/>\nM\u0113s garant\u0113jam kvalitat\u012bvu un piem\u0113rotu risin\u0101jumu par labu cenu.<br \/>\n\u0160\u0101du konteineru var izmantot, piem\u0113ram, k\u0101 mobilo veikalu vai k\u0101 kafejn\u012bcu.<\/p>\n<p>M\u0113s sadarbojamies ar daudziem uz\u0146\u0113mumiem, kas pied\u0101v\u0101 augstas kvalit\u0101tes pakalpojumus. M\u0113s nodro\u0161in\u0101m konteinerus ar \u013coti labiem noteikumiem.<\/p>\n<h2>Veikala konteineru un p\u0101rb\u016bvi vai k\u0101ds cits risin\u0101jums?<\/h2>\n<p>Papildus tirdzniec\u012bbas kioska l\u016bk\u0101m varam izb\u016bv\u0113t ar\u012b starpsienas, uzst\u0101d\u012bt ru\u013c\u013cdurvis, pievienot siltin\u0101jumu vai noform\u0113t Jums piem\u0113rotu konteineru rekl\u0101mai.<\/p>\n<p>Mums ir iesp\u0113ja ra\u017eot p\u0101rveidotus ISO p\u0101rvad\u0101\u0161anas konteinerus ar der\u012bgu CSC pl\u0101ksn\u012bti bez nepiecie\u0161am\u012bbas p\u0113c atsevi\u0161\u0137as sertifik\u0101cijas.<br \/>\nJa konteiners tiks p\u0101rb\u016bv\u0113ts Igaunij\u0101, CSC sertifik\u0101ts autom\u0101tiski zaud\u0113s savu der\u012bgumu, mainot \u0101r\u0113jo formu.<br \/>\nNav svar\u012bgi, vai konteiners tiek izmantots uz vietas vai transport\u0113ts pa sauszemi.<\/p>\n<p>J\u016bras p\u0101rvad\u0101jumiem ir svar\u012bgs der\u012bgs CSC sertifik\u0101ts, k\u0101 ar\u012b nepiecie\u0161ama p\u0101rbaude.<br \/>\nP\u0101rveidotajam konteineram j\u0101atbilst \u012bpa\u0161\u0101m pras\u012bb\u0101m.<br \/>\nKonteinera atk\u0101rtota sertifik\u0101cija Eirop\u0101 maks\u0101 piecciparu summu, ieskaitot papildu izmaksas un pieg\u0101di.<\/p>\n<h2>Konteineru pieg\u0101de tie\u0161i no r\u016bpn\u012bcas<\/h2>\n<p>Liel\u0101kiem s\u016bt\u012bjumiem m\u0113s nos\u016bt\u0101m j\u016bras konteinerus tie\u0161i no r\u016bpn\u012bcas klientam vis\u0101 pasaul\u0113.<br \/>\nJ\u016bs varat ieg\u0101d\u0101ties konteineru pie mums Igaunij\u0101, Austr\u0101lij\u0101 vai Sp\u0101nij\u0101.<br \/>\nPapildus standarta konteineriem m\u016bsu produktu kl\u0101st\u0101 ir ISO tvert\u0146u konteineri, ledusskapju konteineri, multilift r\u0101mja konteineri, uzglab\u0101\u0161anas konteineri, instrumentu konteineri un daudz kas cits.<\/p>\n<ul>\n<li>Pieg\u0101des konteineru p\u0101rb\u016bve<\/li>\n<li>Kravas konteineru kr\u0101so\u0161ana<\/li>\n<li>P\u0101rvad\u0101jumu konteineru remonts<\/li>\n<li>P\u0101rvad\u0101\u0161anas konteineru atg\u016b\u0161ana<\/li>\n<li>Transporta konteineru ra\u017eo\u0161ana<\/li>\n<li>Transporta konteineru izol\u0101cija<\/li>\n<\/ul>\n<h2>K\u0101p\u0113c v\u0113rsties pie mums p\u0113c konteineru risin\u0101jumiem?<\/h2>\n<p>Pieg\u0101des konteineru p\u0101rb\u016bves gad\u012bjum\u0101 vienm\u0113r svar\u012bga ir kvalit\u0101te, papildus kvalitat\u012bvam produktam mums ir \u013coti ilga un uzticam\u012bbas v\u0113rta v\u0113sture, kas garant\u0113 klientam, ka prece non\u0101ks, k\u0101 sol\u012bts, norun\u0101taj\u0101 laik\u0101 un \u012bstaj\u0101 viet\u0101.<br \/>\nM\u016bsu vietnes atrodas vis\u0101 Igaunij\u0101.<\/p>\n<p>Galvenais birojs ar liel\u0101ko izv\u0113li atrodas blakus Tallinai, Valtsi 1, Lagedi. Citi maz\u0101ki termin\u0101\u013ci, kas atrodas vis\u0101 Igaunij\u0101.<br \/>\nPapildus j\u016bras konteineru p\u0101rb\u016bvei pie mums varat atrast biroja kaj\u012btes, k\u0101pnes, j\u016bras konteinerus, \u017eogus un daudz ko citu.<br \/>\nCenas ar att\u0113liem varat atrast m\u016bsu E-veikal\u0101 un vair\u0101k inform\u0101cijas m\u016bsu m\u0101jas lap\u0101.<\/p>\n<p>P\u0101rvad\u0101\u0161anai parasti izmantojam\u00a0<a href=\"https:\/\/www.miil.ee\/lv\/pakalpojumi\/celtnis\/\">celtnis<\/a>\u00a0vai\u00a0<a href=\"https:\/\/www.miil.ee\/lv\/pakalpojumi\/sanu-iekraveji-sideloader\/\">s\u0101nu iekr\u0101v\u0113ju.<\/a><br \/>\nM\u0113s izmantojam\u00a0<a href=\"https:\/\/www.miil.ee\/lv\/pakalpojumi\/ram-pasizgazejs\/\">RAM backloader<\/a>, lai aptvertu vissare\u017e\u0123\u012bt\u0101k\u0101s vietas.<\/p>\n<p>Sekojiet mums\u00a0<a href=\"https:\/\/www.facebook.com\/konteinerveod\/\">Facebook<\/a>\u00a0vai\u00a0<a href=\"https:\/\/www.instagram.com\/ou_miil\/\">Instagram.<\/a><\/p>\n<\/div>\n","protected":false},"excerpt":{"rendered":"<p>M\u0113s pied\u0101v\u0101jam da\u017e\u0101dus konteineru p\u0101rb\u016bves risin\u0101jumus, piem\u0113ram, mobilo veikalu vai kafejn\u012bcu, ar iesp\u0113ju piel\u0101got telpu, uzst\u0101d\u012bt logus, durvis un pievienot siltin\u0101\u0161anu. Papildus pied\u0101v\u0101jam konteinerus tie\u0161i no r\u016bpn\u012bcas, veicam konteineru p\u0101rb\u016bvi, remontu un kr\u0101so\u0161anu, k\u0101 ar\u012b nodro\u0161in\u0101m pieg\u0101di vis\u0101 pasaul\u0113.<\/p>\n","protected":false},"featured_media":62798,"comment_status":"closed","ping_status":"closed","template":"","meta":{"_acf_changed":false},"product_cat":[356,456,348],"product_tag":[],"class_list":{"0":"post-55384","1":"product","2":"type-product","3":"status-publish","4":"has-post-thumbnail","6":"product_cat-jauni-konteineri","7":"product_cat-20dc-standard-lv-2","8":"product_cat-tehnika","10":"first","11":"instock","12":"shipping-taxable","13":"purchasable","14":"product-type-simple"},"acf":[],"yoast_head":"<!-- This site is optimized with the Yoast SEO Premium plugin v23.9 (Yoast SEO v27.5) - https:\/\/yoast.com\/product\/yoast-seo-premium-wordpress\/ -->\n<title>Veikala konteineru - Miil O\u00dc<\/title>\n<meta name=\"description\" content=\"Veikala konteineru | S\u016bt\u012b\u0161anas konteineru veikals | ku\u0123niec\u012bbas konteineru kiosks | Uzglab\u0101\u0161anas konteiners | Konteineru p\u0101rb\u016bve | Konteineru tirdzniec\u012bba\" \/>\n<meta name=\"robots\" content=\"index, follow, max-snippet:-1, max-image-preview:large, max-video-preview:-1\" \/>\n<link rel=\"canonical\" href=\"https:\/\/miil.dev.almic.ee\/lv\/toode\/20-dc-juras-konteineris-veikals-miiu88811546-tallinn\/\" \/>\n<meta property=\"og:locale\" content=\"lv_LV\" \/>\n<meta property=\"og:type\" content=\"article\" \/>\n<meta property=\"og:title\" content=\"20DC veikala konteineru MIIU88811546 - TALLINN\" \/>\n<meta property=\"og:description\" content=\"Veikala konteineru | S\u016bt\u012b\u0161anas konteineru veikals | ku\u0123niec\u012bbas konteineru kiosks | Uzglab\u0101\u0161anas konteiners | Konteineru p\u0101rb\u016bve | Konteineru tirdzniec\u012bba\" \/>\n<meta property=\"og:url\" content=\"https:\/\/miil.dev.almic.ee\/lv\/toode\/20-dc-juras-konteineris-veikals-miiu88811546-tallinn\/\" \/>\n<meta property=\"og:site_name\" content=\"Miil O\u00dc\" \/>\n<meta property=\"article:publisher\" content=\"https:\/\/www.facebook.com\/konteinerveod\/\" \/>\n<meta property=\"article:modified_time\" content=\"2025-03-07T07:05:21+00:00\" \/>\n<meta property=\"og:image\" content=\"https:\/\/miil.dev.almic.ee\/wp-content\/uploads\/2023\/12\/Merekonteiner-kiosk-muugikiosk-muugipunkt-6-scaled.jpg\" \/>\n\t<meta property=\"og:image:width\" content=\"1900\" \/>\n\t<meta property=\"og:image:height\" content=\"1425\" \/>\n\t<meta property=\"og:image:type\" content=\"image\/jpeg\" \/>\n<meta name=\"twitter:card\" content=\"summary_large_image\" \/>\n<meta name=\"twitter:label1\" content=\"Price\" \/>\n\t<meta name=\"twitter:data1\" content=\"6990,00&nbsp;&euro;\" \/>\n\t<meta name=\"twitter:label2\" content=\"Availability\" \/>\n\t<meta name=\"twitter:data2\" content=\"In stock\" \/>\n<script type=\"application\/ld+json\" class=\"yoast-schema-graph\">{\"@context\":\"https:\\\/\\\/schema.org\",\"@graph\":[{\"@type\":\"WebPage\",\"@id\":\"https:\\\/\\\/miil.dev.almic.ee\\\/lv\\\/toode\\\/20-dc-juras-konteineris-veikals-miiu88811546-tallinn\\\/\",\"url\":\"https:\\\/\\\/miil.dev.almic.ee\\\/lv\\\/toode\\\/20-dc-juras-konteineris-veikals-miiu88811546-tallinn\\\/\",\"name\":\"Veikala konteineru - Miil O\u00dc\",\"isPartOf\":{\"@id\":\"https:\\\/\\\/miil.dev.almic.ee\\\/#website\"},\"primaryImageOfPage\":{\"@id\":\"https:\\\/\\\/miil.dev.almic.ee\\\/lv\\\/toode\\\/20-dc-juras-konteineris-veikals-miiu88811546-tallinn\\\/#primaryimage\"},\"image\":{\"@id\":\"https:\\\/\\\/miil.dev.almic.ee\\\/lv\\\/toode\\\/20-dc-juras-konteineris-veikals-miiu88811546-tallinn\\\/#primaryimage\"},\"thumbnailUrl\":\"https:\\\/\\\/miil.dev.almic.ee\\\/wp-content\\\/uploads\\\/2023\\\/12\\\/Merekonteiner-kiosk-muugikiosk-muugipunkt-6-scaled.jpg\",\"datePublished\":\"2023-12-27T16:03:41+00:00\",\"dateModified\":\"2025-03-07T07:05:21+00:00\",\"description\":\"Veikala konteineru | S\u016bt\u012b\u0161anas konteineru veikals | ku\u0123niec\u012bbas konteineru kiosks | Uzglab\u0101\u0161anas konteiners | Konteineru p\u0101rb\u016bve | Konteineru tirdzniec\u012bba\",\"breadcrumb\":{\"@id\":\"https:\\\/\\\/miil.dev.almic.ee\\\/lv\\\/toode\\\/20-dc-juras-konteineris-veikals-miiu88811546-tallinn\\\/#breadcrumb\"},\"inLanguage\":\"lv-LV\",\"potentialAction\":[{\"@type\":\"ReadAction\",\"target\":[\"https:\\\/\\\/miil.dev.almic.ee\\\/lv\\\/toode\\\/20-dc-juras-konteineris-veikals-miiu88811546-tallinn\\\/\"]}]},{\"@type\":\"ImageObject\",\"inLanguage\":\"lv-LV\",\"@id\":\"https:\\\/\\\/miil.dev.almic.ee\\\/lv\\\/toode\\\/20-dc-juras-konteineris-veikals-miiu88811546-tallinn\\\/#primaryimage\",\"url\":\"https:\\\/\\\/miil.dev.almic.ee\\\/wp-content\\\/uploads\\\/2023\\\/12\\\/Merekonteiner-kiosk-muugikiosk-muugipunkt-6-scaled.jpg\",\"contentUrl\":\"https:\\\/\\\/miil.dev.almic.ee\\\/wp-content\\\/uploads\\\/2023\\\/12\\\/Merekonteiner-kiosk-muugikiosk-muugipunkt-6-scaled.jpg\",\"width\":1900,\"height\":1425},{\"@type\":\"BreadcrumbList\",\"@id\":\"https:\\\/\\\/miil.dev.almic.ee\\\/lv\\\/toode\\\/20-dc-juras-konteineris-veikals-miiu88811546-tallinn\\\/#breadcrumb\",\"itemListElement\":[{\"@type\":\"ListItem\",\"position\":1,\"name\":\"Home\",\"item\":\"https:\\\/\\\/miil.dev.almic.ee\\\/lv\\\/\"},{\"@type\":\"ListItem\",\"position\":2,\"name\":\"Veikals\",\"item\":\"https:\\\/\\\/miil.dev.almic.ee\\\/lv\\\/veikals\\\/\"},{\"@type\":\"ListItem\",\"position\":3,\"name\":\"20DC veikala konteineru MIIU88811546 &#8211; TALLINN\"}]},{\"@type\":\"WebSite\",\"@id\":\"https:\\\/\\\/miil.dev.almic.ee\\\/#website\",\"url\":\"https:\\\/\\\/miil.dev.almic.ee\\\/\",\"name\":\"Miil O\u00dc\",\"description\":\"Konteinerveod\",\"publisher\":{\"@id\":\"https:\\\/\\\/miil.dev.almic.ee\\\/#organization\"},\"potentialAction\":[{\"@type\":\"SearchAction\",\"target\":{\"@type\":\"EntryPoint\",\"urlTemplate\":\"https:\\\/\\\/miil.dev.almic.ee\\\/?s={search_term_string}\"},\"query-input\":{\"@type\":\"PropertyValueSpecification\",\"valueRequired\":true,\"valueName\":\"search_term_string\"}}],\"inLanguage\":\"lv-LV\"},{\"@type\":\"Organization\",\"@id\":\"https:\\\/\\\/miil.dev.almic.ee\\\/#organization\",\"name\":\"Miil O\u00dc\",\"url\":\"https:\\\/\\\/miil.dev.almic.ee\\\/\",\"logo\":{\"@type\":\"ImageObject\",\"inLanguage\":\"lv-LV\",\"@id\":\"https:\\\/\\\/miil.dev.almic.ee\\\/#\\\/schema\\\/logo\\\/image\\\/\",\"url\":\"https:\\\/\\\/www.miil.ee\\\/wp-content\\\/uploads\\\/2022\\\/02\\\/Miil-logo.svg\",\"contentUrl\":\"https:\\\/\\\/www.miil.ee\\\/wp-content\\\/uploads\\\/2022\\\/02\\\/Miil-logo.svg\",\"width\":\"1024\",\"height\":\"1024\",\"caption\":\"Miil O\u00dc\"},\"image\":{\"@id\":\"https:\\\/\\\/miil.dev.almic.ee\\\/#\\\/schema\\\/logo\\\/image\\\/\"},\"sameAs\":[\"https:\\\/\\\/www.facebook.com\\\/konteinerveod\\\/\",\"https:\\\/\\\/www.instagram.com\\\/ou_miil\\\/\"]}]}<\/script>\n<meta property=\"product:price:amount\" content=\"6990.00\" \/>\n<meta property=\"product:price:currency\" content=\"EUR\" \/>\n<meta property=\"og:availability\" content=\"instock\" \/>\n<meta property=\"product:availability\" content=\"instock\" \/>\n<meta property=\"product:retailer_item_id\" content=\"MIIU88811546\" \/>\n<meta property=\"product:condition\" content=\"new\" \/>\n<!-- \/ Yoast SEO Premium plugin. -->","yoast_head_json":{"title":"Veikala konteineru - Miil O\u00dc","description":"Veikala konteineru | S\u016bt\u012b\u0161anas konteineru veikals | ku\u0123niec\u012bbas konteineru kiosks | Uzglab\u0101\u0161anas konteiners | Konteineru p\u0101rb\u016bve | Konteineru tirdzniec\u012bba","robots":{"index":"index","follow":"follow","max-snippet":"max-snippet:-1","max-image-preview":"max-image-preview:large","max-video-preview":"max-video-preview:-1"},"canonical":"https:\/\/miil.dev.almic.ee\/lv\/toode\/20-dc-juras-konteineris-veikals-miiu88811546-tallinn\/","og_locale":"lv_LV","og_type":"article","og_title":"20DC veikala konteineru MIIU88811546 - TALLINN","og_description":"Veikala konteineru | S\u016bt\u012b\u0161anas konteineru veikals | ku\u0123niec\u012bbas konteineru kiosks | Uzglab\u0101\u0161anas konteiners | Konteineru p\u0101rb\u016bve | Konteineru tirdzniec\u012bba","og_url":"https:\/\/miil.dev.almic.ee\/lv\/toode\/20-dc-juras-konteineris-veikals-miiu88811546-tallinn\/","og_site_name":"Miil O\u00dc","article_publisher":"https:\/\/www.facebook.com\/konteinerveod\/","article_modified_time":"2025-03-07T07:05:21+00:00","og_image":[{"width":1900,"height":1425,"url":"https:\/\/miil.dev.almic.ee\/wp-content\/uploads\/2023\/12\/Merekonteiner-kiosk-muugikiosk-muugipunkt-6-scaled.jpg","type":"image\/jpeg"}],"twitter_card":"summary_large_image","twitter_misc":{"Price":"6990,00&nbsp;&euro;","Availability":"In stock"},"schema":{"@context":"https:\/\/schema.org","@graph":[{"@type":"WebPage","@id":"https:\/\/miil.dev.almic.ee\/lv\/toode\/20-dc-juras-konteineris-veikals-miiu88811546-tallinn\/","url":"https:\/\/miil.dev.almic.ee\/lv\/toode\/20-dc-juras-konteineris-veikals-miiu88811546-tallinn\/","name":"Veikala konteineru - Miil O\u00dc","isPartOf":{"@id":"https:\/\/miil.dev.almic.ee\/#website"},"primaryImageOfPage":{"@id":"https:\/\/miil.dev.almic.ee\/lv\/toode\/20-dc-juras-konteineris-veikals-miiu88811546-tallinn\/#primaryimage"},"image":{"@id":"https:\/\/miil.dev.almic.ee\/lv\/toode\/20-dc-juras-konteineris-veikals-miiu88811546-tallinn\/#primaryimage"},"thumbnailUrl":"https:\/\/miil.dev.almic.ee\/wp-content\/uploads\/2023\/12\/Merekonteiner-kiosk-muugikiosk-muugipunkt-6-scaled.jpg","datePublished":"2023-12-27T16:03:41+00:00","dateModified":"2025-03-07T07:05:21+00:00","description":"Veikala konteineru | S\u016bt\u012b\u0161anas konteineru veikals | ku\u0123niec\u012bbas konteineru kiosks | Uzglab\u0101\u0161anas konteiners | Konteineru p\u0101rb\u016bve | Konteineru tirdzniec\u012bba","breadcrumb":{"@id":"https:\/\/miil.dev.almic.ee\/lv\/toode\/20-dc-juras-konteineris-veikals-miiu88811546-tallinn\/#breadcrumb"},"inLanguage":"lv-LV","potentialAction":[{"@type":"ReadAction","target":["https:\/\/miil.dev.almic.ee\/lv\/toode\/20-dc-juras-konteineris-veikals-miiu88811546-tallinn\/"]}]},{"@type":"ImageObject","inLanguage":"lv-LV","@id":"https:\/\/miil.dev.almic.ee\/lv\/toode\/20-dc-juras-konteineris-veikals-miiu88811546-tallinn\/#primaryimage","url":"https:\/\/miil.dev.almic.ee\/wp-content\/uploads\/2023\/12\/Merekonteiner-kiosk-muugikiosk-muugipunkt-6-scaled.jpg","contentUrl":"https:\/\/miil.dev.almic.ee\/wp-content\/uploads\/2023\/12\/Merekonteiner-kiosk-muugikiosk-muugipunkt-6-scaled.jpg","width":1900,"height":1425},{"@type":"BreadcrumbList","@id":"https:\/\/miil.dev.almic.ee\/lv\/toode\/20-dc-juras-konteineris-veikals-miiu88811546-tallinn\/#breadcrumb","itemListElement":[{"@type":"ListItem","position":1,"name":"Home","item":"https:\/\/miil.dev.almic.ee\/lv\/"},{"@type":"ListItem","position":2,"name":"Veikals","item":"https:\/\/miil.dev.almic.ee\/lv\/veikals\/"},{"@type":"ListItem","position":3,"name":"20DC veikala konteineru MIIU88811546 &#8211; TALLINN"}]},{"@type":"WebSite","@id":"https:\/\/miil.dev.almic.ee\/#website","url":"https:\/\/miil.dev.almic.ee\/","name":"Miil O\u00dc","description":"Konteinerveod","publisher":{"@id":"https:\/\/miil.dev.almic.ee\/#organization"},"potentialAction":[{"@type":"SearchAction","target":{"@type":"EntryPoint","urlTemplate":"https:\/\/miil.dev.almic.ee\/?s={search_term_string}"},"query-input":{"@type":"PropertyValueSpecification","valueRequired":true,"valueName":"search_term_string"}}],"inLanguage":"lv-LV"},{"@type":"Organization","@id":"https:\/\/miil.dev.almic.ee\/#organization","name":"Miil O\u00dc","url":"https:\/\/miil.dev.almic.ee\/","logo":{"@type":"ImageObject","inLanguage":"lv-LV","@id":"https:\/\/miil.dev.almic.ee\/#\/schema\/logo\/image\/","url":"https:\/\/www.miil.ee\/wp-content\/uploads\/2022\/02\/Miil-logo.svg","contentUrl":"https:\/\/www.miil.ee\/wp-content\/uploads\/2022\/02\/Miil-logo.svg","width":"1024","height":"1024","caption":"Miil O\u00dc"},"image":{"@id":"https:\/\/miil.dev.almic.ee\/#\/schema\/logo\/image\/"},"sameAs":["https:\/\/www.facebook.com\/konteinerveod\/","https:\/\/www.instagram.com\/ou_miil\/"]}]},"product_price_amount":"6990.00","product_price_currency":"EUR","og_availability":"instock","product_availability":"instock","product_retailer_item_id":"MIIU88811546","product_condition":"new"},"_links":{"self":[{"href":"https:\/\/miil.dev.almic.ee\/lv\/wp-json\/wp\/v2\/product\/55384","targetHints":{"allow":["GET"]}}],"collection":[{"href":"https:\/\/miil.dev.almic.ee\/lv\/wp-json\/wp\/v2\/product"}],"about":[{"href":"https:\/\/miil.dev.almic.ee\/lv\/wp-json\/wp\/v2\/types\/product"}],"replies":[{"embeddable":true,"href":"https:\/\/miil.dev.almic.ee\/lv\/wp-json\/wp\/v2\/comments?post=55384"}],"wp:featuredmedia":[{"embeddable":true,"href":"https:\/\/miil.dev.almic.ee\/lv\/wp-json\/wp\/v2\/media\/62798"}],"wp:attachment":[{"href":"https:\/\/miil.dev.almic.ee\/lv\/wp-json\/wp\/v2\/media?parent=55384"}],"wp:term":[{"taxonomy":"product_cat","embeddable":true,"href":"https:\/\/miil.dev.almic.ee\/lv\/wp-json\/wp\/v2\/product_cat?post=55384"},{"taxonomy":"product_tag","embeddable":true,"href":"https:\/\/miil.dev.almic.ee\/lv\/wp-json\/wp\/v2\/product_tag?post=55384"}],"curies":[{"name":"wp","href":"https:\/\/api.w.org\/{rel}","templated":true}]}}