{"id":52850,"date":"2023-11-20T17:15:02","date_gmt":"2023-11-20T15:15:02","guid":{"rendered":"https:\/\/www.miil.ee\/?post_type=product&#038;p=52850"},"modified":"2024-11-12T13:51:38","modified_gmt":"2024-11-12T11:51:38","slug":"juras-konteineru-krasosana-ar-rokam","status":"publish","type":"product","link":"https:\/\/miil.dev.almic.ee\/lv\/toode\/juras-konteineru-krasosana-ar-rokam\/","title":{"rendered":"45HCPW J\u016bras konteineru kr\u0101so\u0161ana ar rok\u0101m MIIU1605884"},"content":{"rendered":"<h1>J\u016bras konteineru kr\u0101so\u0161ana<\/h1>\n<p>J\u016bras konteineru kr\u0101so\u0161ana ar rok\u0101m ar rull\u012bti<br \/>\n20 p\u0113das no 1250.- +pvn<br \/>\n40 p\u0113das no 2250.- +pvn<br \/>\nVaram pied\u0101v\u0101t j\u016bras konteineru kr\u0101so\u0161anu p\u0113c klienta v\u0113lm\u0113m.<br \/>\nLietotie j\u016bras konteineri parasti tiek kr\u0101soti \u0161\u0101d\u0101 veid\u0101. Sar\u016bs\u0113ju\u0161\u0101s vietas tiek att\u012br\u012btas no liel\u0101kas r\u016bsas.<br \/>\n\u0160\u0101da kr\u0101so\u0161ana ir piem\u0113rota, piem\u0113ram, rekl\u0101mas konteineram, maz\u0101k pras\u012bgam klientam un p\u0101rb\u016bv\u0113jamam j\u016bras konteineram.<br \/>\nKr\u0101sotie konteineri tiek izmantoti no mini m\u0101ju b\u016bvniec\u012bbas l\u012bdz r\u016bpnieciskiem risin\u0101jumiem.<br \/>\n\u013boti popul\u0101ri ir j\u016bras konteineru nokr\u0101sot t\u0101d\u0101 pa\u0161\u0101 kr\u0101s\u0101 ar eso\u0161o \u0113ku vai izmantot k\u0101 rekl\u0101mu ce\u013cmal\u0101.<br \/>\nJ\u016bras konteinera dibens ir \u013coti iztur\u012bgs un konteiners ir diezgan ugunsiztur\u012bgs p\u0113c saviem materi\u0101liem.<br \/>\nSadarbojamies ar visiem uz\u0146\u0113mumiem, kas pied\u0101v\u0101 augstas kvalit\u0101tes konteineru noliktavas. Vi\u0146i pie mums savus konteinerus sa\u0146em ar \u013coti labiem nosac\u012bjumiem.<\/p>\n<h2>J\u016bras konteineru kr\u0101so\u0161ana ar apdares risin\u0101jumiem<\/h2>\n<p>Papildus kr\u0101so\u0161anai, ja nepiecie\u0161ams, izb\u016bv\u0113jam starpsienas, uzst\u0101d\u0101m ru\u013c\u013cdurvis, metin\u0101m vai projekt\u0113jam Jums piem\u0113rotu rekl\u0101mas konteineru.<br \/>\nMums ir iesp\u0113ja ra\u017eot p\u0101rveidotus ISO j\u016bras konteinerus ar der\u012bgu CSC pl\u0101ksn\u012bti bez nepiecie\u0161am\u012bbas p\u0113c atsevi\u0161\u0137as sertifik\u0101cijas.<br \/>\nJa konteiners tiek p\u0101rb\u016bv\u0113ts Igaunij\u0101, CSC sertifik\u0101ts autom\u0101tiski zaud\u0113 savu der\u012bgumu, mainot \u0101r\u0113jo formu.<br \/>\nNav svar\u012bgi, vai konteiners tiek izmantots uz vietas vai transport\u0113ts pa sauszemi.<br \/>\nJ\u016bras p\u0101rvad\u0101jumiem ir svar\u012bgs der\u012bgs CSC sertifik\u0101ts, k\u0101 ar\u012b nepiecie\u0161ama p\u0101rbaude.<br \/>\nJ\u016bras transport\u0101 p\u0101rveidotajam konteineram j\u0101atbilst \u012bpa\u0161\u0101m pras\u012bb\u0101m.<br \/>\nKonteinera atk\u0101rtota sertifik\u0101cija Eirop\u0101 maks\u0101 piecciparu summu, ieskaitot papildu izmaksas un pieg\u0101di.<\/p>\n<h2>J\u016bras konteineri tie\u0161i no r\u016bpn\u012bcas<\/h2>\n<p>Liel\u0101kiem s\u016bt\u012bjumiem m\u0113s nos\u016bt\u0101m j\u016bras konteinerus tie\u0161i no r\u016bpn\u012bcas klientam vis\u0101 pasaul\u0113.<br \/>\nJ\u016bs varat ieg\u0101d\u0101ties konteineru pie mums Igaunij\u0101, Austr\u0101lij\u0101 vai Sp\u0101nij\u0101.<br \/>\nPapildus standarta konteineriem m\u016bsu produktu kl\u0101st\u0101 ir ISO tvert\u0146u konteineri, refri\u017eeratoru konteineri, multilift r\u0101mja konteineri, uzglab\u0101\u0161anas konteineri, instrumentu konteineri un daudz kas cits.<\/p>\n<h2>K\u0101p\u0113c v\u0113rsties pie mums p\u0113c konteineru risin\u0101jumiem?<\/h2>\n<p>J\u016bras konteineru p\u0101rb\u016bves gad\u012bjum\u0101 vienm\u0113r svar\u012bga ir kvalit\u0101te, papildus kvalitat\u012bvai precei mums ir \u013coti gara un korekta v\u0113sture, kas garant\u0113 klientam, ka prece non\u0101ks sol\u012btaj\u0101 form\u0101, sol\u012btaj\u0101 laik\u0101 un plkst. sol\u012bt\u0101 vieta.<br \/>\nM\u016bsu vietnes atrodas vis\u0101 Igaunij\u0101 ar iesp\u0113ju pieg\u0101d\u0101t vis\u0101 pasaul\u0113.<br \/>\nGalvenais birojs ar liel\u0101ko izv\u0113li blakus Tallinai Valtsi 1, Lagedi un maz\u0101kos termin\u0101\u013cos vis\u0101 Igaunij\u0101.<br \/>\nPapildus j\u016bras konteineru p\u0101rb\u016bvei pie mums varat atrast biroja kaj\u012btes, k\u0101pnes, j\u016bras konteinerus, \u017eogus un daudz ko citu.<br \/>\nCenas ar att\u0113liem m\u016bsu E-veikal\u0101 un vair\u0101k info m\u0101jaslap\u0101.<\/p>\n<p>P\u0101rvad\u0101\u0161anai parasti izmantojam <a href=\"https:\/\/www.miil.ee\/lv\/pakalpojumi\/celtnis\/\">celtnis<\/a> vai <a href=\"https:\/\/www.miil.ee\/lv\/pakalpojumi\/sanu-iekraveji-sideloader\/\">s\u0101nu iekr\u0101v\u0113ju.<\/a><br \/>\nM\u0113s izmantojam <a href=\"https:\/\/www.miil.ee\/lv\/pakalpojumi\/ram-pasizgazejs\/\">RAM backloader<\/a>, lai aptvertu vissare\u017e\u0123\u012bt\u0101k\u0101s vietas.<\/p>\n<p>Sekojiet mums <a href=\"https:\/\/www.facebook.com\/konteinerveod\/\">Facebook<\/a> vai <a href=\"https:\/\/www.instagram.com\/ou_miil\/\">Instagram.<\/a><\/p>\n","protected":false},"excerpt":{"rendered":"<p>J\u016bras konteineru kr\u0101so\u0161ana J\u016bras konteineru kr\u0101so\u0161ana ar rok\u0101m ar rull\u012bti 20 p\u0113das no 1250.- +pvn 40 p\u0113das no 2250.- +pvn Varam pied\u0101v\u0101t j\u016bras konteineru kr\u0101so\u0161anu p\u0113c klienta v\u0113lm\u0113m. Lietotie j\u016bras konteineri parasti tiek kr\u0101soti \u0161\u0101d\u0101 veid\u0101. Sar\u016bs\u0113ju\u0161\u0101s vietas tiek att\u012br\u012btas no liel\u0101kas r\u016bsas. \u0160\u0101da kr\u0101so\u0161ana ir piem\u0113rota, piem\u0113ram, rekl\u0101mas konteineram, maz\u0101k pras\u012bgam klientam un p\u0101rb\u016bv\u0113jamam&#8230;<\/p>\n","protected":false},"featured_media":52870,"comment_status":"closed","ping_status":"closed","template":"","meta":{"_acf_changed":false},"product_cat":[348],"product_tag":[],"class_list":{"0":"post-52850","1":"product","2":"type-product","3":"status-publish","4":"has-post-thumbnail","6":"product_cat-tehnika","8":"first","9":"instock","10":"shipping-taxable","11":"purchasable","12":"product-type-simple"},"acf":[],"yoast_head":"<!-- This site is optimized with the Yoast SEO Premium plugin v23.9 (Yoast SEO v27.5) - https:\/\/yoast.com\/product\/yoast-seo-premium-wordpress\/ -->\n<title>45HCPW J\u016bras konteineru kr\u0101so\u0161ana ar rok\u0101m MIIU1605884 - Miil O\u00dc<\/title>\n<meta name=\"description\" content=\"J\u016bras konteineru kr\u0101so\u0161ana ar rok\u0101m | Juras konteiners izp\u0101rdo\u0161ana | Juras konteiners \u012br\u0113t | tiek p\u0101rdota biroja kab\u012bne | Juras konteiners transport |\" \/>\n<meta name=\"robots\" content=\"index, follow, max-snippet:-1, max-image-preview:large, max-video-preview:-1\" \/>\n<link rel=\"canonical\" href=\"https:\/\/miil.dev.almic.ee\/lv\/toode\/juras-konteineru-krasosana-ar-rokam\/\" \/>\n<meta property=\"og:locale\" content=\"lv_LV\" \/>\n<meta property=\"og:type\" content=\"article\" \/>\n<meta property=\"og:title\" content=\"45HCPW J\u016bras konteineru kr\u0101so\u0161ana ar rok\u0101m MIIU1605884\" \/>\n<meta property=\"og:description\" content=\"J\u016bras konteineru kr\u0101so\u0161ana ar rok\u0101m | Juras konteiners izp\u0101rdo\u0161ana | Juras konteiners \u012br\u0113t | tiek p\u0101rdota biroja kab\u012bne | Juras konteiners transport |\" \/>\n<meta property=\"og:url\" content=\"https:\/\/miil.dev.almic.ee\/lv\/toode\/juras-konteineru-krasosana-ar-rokam\/\" \/>\n<meta property=\"og:site_name\" content=\"Miil O\u00dc\" \/>\n<meta property=\"article:publisher\" content=\"https:\/\/www.facebook.com\/konteinerveod\/\" \/>\n<meta property=\"article:modified_time\" content=\"2024-11-12T11:51:38+00:00\" \/>\n<meta property=\"og:image\" content=\"https:\/\/miil.dev.almic.ee\/wp-content\/uploads\/2023\/11\/Reklaam-konteiner-merekonteiner-reklaamiks-tootmine-varvimine-umberehitus-3-scaled.jpg\" \/>\n\t<meta property=\"og:image:width\" content=\"1900\" \/>\n\t<meta property=\"og:image:height\" content=\"1425\" \/>\n\t<meta property=\"og:image:type\" content=\"image\/jpeg\" \/>\n<meta name=\"twitter:card\" content=\"summary_large_image\" \/>\n<meta name=\"twitter:label1\" content=\"Price\" \/>\n\t<meta name=\"twitter:data1\" content=\"2250,00&nbsp;&euro;\" \/>\n\t<meta name=\"twitter:label2\" content=\"Availability\" \/>\n\t<meta name=\"twitter:data2\" content=\"In stock\" \/>\n<script type=\"application\/ld+json\" class=\"yoast-schema-graph\">{\"@context\":\"https:\\\/\\\/schema.org\",\"@graph\":[{\"@type\":\"WebPage\",\"@id\":\"https:\\\/\\\/miil.dev.almic.ee\\\/lv\\\/toode\\\/juras-konteineru-krasosana-ar-rokam\\\/\",\"url\":\"https:\\\/\\\/miil.dev.almic.ee\\\/lv\\\/toode\\\/juras-konteineru-krasosana-ar-rokam\\\/\",\"name\":\"45HCPW J\u016bras konteineru kr\u0101so\u0161ana ar rok\u0101m MIIU1605884 - Miil O\u00dc\",\"isPartOf\":{\"@id\":\"https:\\\/\\\/miil.dev.almic.ee\\\/#website\"},\"primaryImageOfPage\":{\"@id\":\"https:\\\/\\\/miil.dev.almic.ee\\\/lv\\\/toode\\\/juras-konteineru-krasosana-ar-rokam\\\/#primaryimage\"},\"image\":{\"@id\":\"https:\\\/\\\/miil.dev.almic.ee\\\/lv\\\/toode\\\/juras-konteineru-krasosana-ar-rokam\\\/#primaryimage\"},\"thumbnailUrl\":\"https:\\\/\\\/miil.dev.almic.ee\\\/wp-content\\\/uploads\\\/2023\\\/11\\\/Reklaam-konteiner-merekonteiner-reklaamiks-tootmine-varvimine-umberehitus-3-scaled.jpg\",\"datePublished\":\"2023-11-20T15:15:02+00:00\",\"dateModified\":\"2024-11-12T11:51:38+00:00\",\"description\":\"J\u016bras konteineru kr\u0101so\u0161ana ar rok\u0101m | Juras konteiners izp\u0101rdo\u0161ana | Juras konteiners \u012br\u0113t | tiek p\u0101rdota biroja kab\u012bne | Juras konteiners transport |\",\"breadcrumb\":{\"@id\":\"https:\\\/\\\/miil.dev.almic.ee\\\/lv\\\/toode\\\/juras-konteineru-krasosana-ar-rokam\\\/#breadcrumb\"},\"inLanguage\":\"lv-LV\",\"potentialAction\":[{\"@type\":\"ReadAction\",\"target\":[\"https:\\\/\\\/miil.dev.almic.ee\\\/lv\\\/toode\\\/juras-konteineru-krasosana-ar-rokam\\\/\"]}]},{\"@type\":\"ImageObject\",\"inLanguage\":\"lv-LV\",\"@id\":\"https:\\\/\\\/miil.dev.almic.ee\\\/lv\\\/toode\\\/juras-konteineru-krasosana-ar-rokam\\\/#primaryimage\",\"url\":\"https:\\\/\\\/miil.dev.almic.ee\\\/wp-content\\\/uploads\\\/2023\\\/11\\\/Reklaam-konteiner-merekonteiner-reklaamiks-tootmine-varvimine-umberehitus-3-scaled.jpg\",\"contentUrl\":\"https:\\\/\\\/miil.dev.almic.ee\\\/wp-content\\\/uploads\\\/2023\\\/11\\\/Reklaam-konteiner-merekonteiner-reklaamiks-tootmine-varvimine-umberehitus-3-scaled.jpg\",\"width\":1900,\"height\":1425,\"caption\":\"Merekonteinerite v\u00e4rvimine\"},{\"@type\":\"BreadcrumbList\",\"@id\":\"https:\\\/\\\/miil.dev.almic.ee\\\/lv\\\/toode\\\/juras-konteineru-krasosana-ar-rokam\\\/#breadcrumb\",\"itemListElement\":[{\"@type\":\"ListItem\",\"position\":1,\"name\":\"Home\",\"item\":\"https:\\\/\\\/miil.dev.almic.ee\\\/lv\\\/\"},{\"@type\":\"ListItem\",\"position\":2,\"name\":\"Veikals\",\"item\":\"https:\\\/\\\/miil.dev.almic.ee\\\/lv\\\/veikals\\\/\"},{\"@type\":\"ListItem\",\"position\":3,\"name\":\"45HCPW J\u016bras konteineru kr\u0101so\u0161ana ar rok\u0101m MIIU1605884\"}]},{\"@type\":\"WebSite\",\"@id\":\"https:\\\/\\\/miil.dev.almic.ee\\\/#website\",\"url\":\"https:\\\/\\\/miil.dev.almic.ee\\\/\",\"name\":\"Miil O\u00dc\",\"description\":\"Konteinerveod\",\"publisher\":{\"@id\":\"https:\\\/\\\/miil.dev.almic.ee\\\/#organization\"},\"potentialAction\":[{\"@type\":\"SearchAction\",\"target\":{\"@type\":\"EntryPoint\",\"urlTemplate\":\"https:\\\/\\\/miil.dev.almic.ee\\\/?s={search_term_string}\"},\"query-input\":{\"@type\":\"PropertyValueSpecification\",\"valueRequired\":true,\"valueName\":\"search_term_string\"}}],\"inLanguage\":\"lv-LV\"},{\"@type\":\"Organization\",\"@id\":\"https:\\\/\\\/miil.dev.almic.ee\\\/#organization\",\"name\":\"Miil O\u00dc\",\"url\":\"https:\\\/\\\/miil.dev.almic.ee\\\/\",\"logo\":{\"@type\":\"ImageObject\",\"inLanguage\":\"lv-LV\",\"@id\":\"https:\\\/\\\/miil.dev.almic.ee\\\/#\\\/schema\\\/logo\\\/image\\\/\",\"url\":\"https:\\\/\\\/www.miil.ee\\\/wp-content\\\/uploads\\\/2022\\\/02\\\/Miil-logo.svg\",\"contentUrl\":\"https:\\\/\\\/www.miil.ee\\\/wp-content\\\/uploads\\\/2022\\\/02\\\/Miil-logo.svg\",\"width\":\"1024\",\"height\":\"1024\",\"caption\":\"Miil O\u00dc\"},\"image\":{\"@id\":\"https:\\\/\\\/miil.dev.almic.ee\\\/#\\\/schema\\\/logo\\\/image\\\/\"},\"sameAs\":[\"https:\\\/\\\/www.facebook.com\\\/konteinerveod\\\/\",\"https:\\\/\\\/www.instagram.com\\\/ou_miil\\\/\"]}]}<\/script>\n<meta property=\"product:price:amount\" content=\"2250.00\" \/>\n<meta property=\"product:price:currency\" content=\"EUR\" \/>\n<meta property=\"og:availability\" content=\"instock\" \/>\n<meta property=\"product:availability\" content=\"instock\" \/>\n<meta property=\"product:condition\" content=\"new\" \/>\n<!-- \/ Yoast SEO Premium plugin. -->","yoast_head_json":{"title":"45HCPW J\u016bras konteineru kr\u0101so\u0161ana ar rok\u0101m MIIU1605884 - Miil O\u00dc","description":"J\u016bras konteineru kr\u0101so\u0161ana ar rok\u0101m | Juras konteiners izp\u0101rdo\u0161ana | Juras konteiners \u012br\u0113t | tiek p\u0101rdota biroja kab\u012bne | Juras konteiners transport |","robots":{"index":"index","follow":"follow","max-snippet":"max-snippet:-1","max-image-preview":"max-image-preview:large","max-video-preview":"max-video-preview:-1"},"canonical":"https:\/\/miil.dev.almic.ee\/lv\/toode\/juras-konteineru-krasosana-ar-rokam\/","og_locale":"lv_LV","og_type":"article","og_title":"45HCPW J\u016bras konteineru kr\u0101so\u0161ana ar rok\u0101m MIIU1605884","og_description":"J\u016bras konteineru kr\u0101so\u0161ana ar rok\u0101m | Juras konteiners izp\u0101rdo\u0161ana | Juras konteiners \u012br\u0113t | tiek p\u0101rdota biroja kab\u012bne | Juras konteiners transport |","og_url":"https:\/\/miil.dev.almic.ee\/lv\/toode\/juras-konteineru-krasosana-ar-rokam\/","og_site_name":"Miil O\u00dc","article_publisher":"https:\/\/www.facebook.com\/konteinerveod\/","article_modified_time":"2024-11-12T11:51:38+00:00","og_image":[{"width":1900,"height":1425,"url":"https:\/\/miil.dev.almic.ee\/wp-content\/uploads\/2023\/11\/Reklaam-konteiner-merekonteiner-reklaamiks-tootmine-varvimine-umberehitus-3-scaled.jpg","type":"image\/jpeg"}],"twitter_card":"summary_large_image","twitter_misc":{"Price":"2250,00&nbsp;&euro;","Availability":"In stock"},"schema":{"@context":"https:\/\/schema.org","@graph":[{"@type":"WebPage","@id":"https:\/\/miil.dev.almic.ee\/lv\/toode\/juras-konteineru-krasosana-ar-rokam\/","url":"https:\/\/miil.dev.almic.ee\/lv\/toode\/juras-konteineru-krasosana-ar-rokam\/","name":"45HCPW J\u016bras konteineru kr\u0101so\u0161ana ar rok\u0101m MIIU1605884 - Miil O\u00dc","isPartOf":{"@id":"https:\/\/miil.dev.almic.ee\/#website"},"primaryImageOfPage":{"@id":"https:\/\/miil.dev.almic.ee\/lv\/toode\/juras-konteineru-krasosana-ar-rokam\/#primaryimage"},"image":{"@id":"https:\/\/miil.dev.almic.ee\/lv\/toode\/juras-konteineru-krasosana-ar-rokam\/#primaryimage"},"thumbnailUrl":"https:\/\/miil.dev.almic.ee\/wp-content\/uploads\/2023\/11\/Reklaam-konteiner-merekonteiner-reklaamiks-tootmine-varvimine-umberehitus-3-scaled.jpg","datePublished":"2023-11-20T15:15:02+00:00","dateModified":"2024-11-12T11:51:38+00:00","description":"J\u016bras konteineru kr\u0101so\u0161ana ar rok\u0101m | Juras konteiners izp\u0101rdo\u0161ana | Juras konteiners \u012br\u0113t | tiek p\u0101rdota biroja kab\u012bne | Juras konteiners transport |","breadcrumb":{"@id":"https:\/\/miil.dev.almic.ee\/lv\/toode\/juras-konteineru-krasosana-ar-rokam\/#breadcrumb"},"inLanguage":"lv-LV","potentialAction":[{"@type":"ReadAction","target":["https:\/\/miil.dev.almic.ee\/lv\/toode\/juras-konteineru-krasosana-ar-rokam\/"]}]},{"@type":"ImageObject","inLanguage":"lv-LV","@id":"https:\/\/miil.dev.almic.ee\/lv\/toode\/juras-konteineru-krasosana-ar-rokam\/#primaryimage","url":"https:\/\/miil.dev.almic.ee\/wp-content\/uploads\/2023\/11\/Reklaam-konteiner-merekonteiner-reklaamiks-tootmine-varvimine-umberehitus-3-scaled.jpg","contentUrl":"https:\/\/miil.dev.almic.ee\/wp-content\/uploads\/2023\/11\/Reklaam-konteiner-merekonteiner-reklaamiks-tootmine-varvimine-umberehitus-3-scaled.jpg","width":1900,"height":1425,"caption":"Merekonteinerite v\u00e4rvimine"},{"@type":"BreadcrumbList","@id":"https:\/\/miil.dev.almic.ee\/lv\/toode\/juras-konteineru-krasosana-ar-rokam\/#breadcrumb","itemListElement":[{"@type":"ListItem","position":1,"name":"Home","item":"https:\/\/miil.dev.almic.ee\/lv\/"},{"@type":"ListItem","position":2,"name":"Veikals","item":"https:\/\/miil.dev.almic.ee\/lv\/veikals\/"},{"@type":"ListItem","position":3,"name":"45HCPW J\u016bras konteineru kr\u0101so\u0161ana ar rok\u0101m MIIU1605884"}]},{"@type":"WebSite","@id":"https:\/\/miil.dev.almic.ee\/#website","url":"https:\/\/miil.dev.almic.ee\/","name":"Miil O\u00dc","description":"Konteinerveod","publisher":{"@id":"https:\/\/miil.dev.almic.ee\/#organization"},"potentialAction":[{"@type":"SearchAction","target":{"@type":"EntryPoint","urlTemplate":"https:\/\/miil.dev.almic.ee\/?s={search_term_string}"},"query-input":{"@type":"PropertyValueSpecification","valueRequired":true,"valueName":"search_term_string"}}],"inLanguage":"lv-LV"},{"@type":"Organization","@id":"https:\/\/miil.dev.almic.ee\/#organization","name":"Miil O\u00dc","url":"https:\/\/miil.dev.almic.ee\/","logo":{"@type":"ImageObject","inLanguage":"lv-LV","@id":"https:\/\/miil.dev.almic.ee\/#\/schema\/logo\/image\/","url":"https:\/\/www.miil.ee\/wp-content\/uploads\/2022\/02\/Miil-logo.svg","contentUrl":"https:\/\/www.miil.ee\/wp-content\/uploads\/2022\/02\/Miil-logo.svg","width":"1024","height":"1024","caption":"Miil O\u00dc"},"image":{"@id":"https:\/\/miil.dev.almic.ee\/#\/schema\/logo\/image\/"},"sameAs":["https:\/\/www.facebook.com\/konteinerveod\/","https:\/\/www.instagram.com\/ou_miil\/"]}]},"product_price_amount":"2250.00","product_price_currency":"EUR","og_availability":"instock","product_availability":"instock","product_condition":"new"},"_links":{"self":[{"href":"https:\/\/miil.dev.almic.ee\/lv\/wp-json\/wp\/v2\/product\/52850","targetHints":{"allow":["GET"]}}],"collection":[{"href":"https:\/\/miil.dev.almic.ee\/lv\/wp-json\/wp\/v2\/product"}],"about":[{"href":"https:\/\/miil.dev.almic.ee\/lv\/wp-json\/wp\/v2\/types\/product"}],"replies":[{"embeddable":true,"href":"https:\/\/miil.dev.almic.ee\/lv\/wp-json\/wp\/v2\/comments?post=52850"}],"wp:featuredmedia":[{"embeddable":true,"href":"https:\/\/miil.dev.almic.ee\/lv\/wp-json\/wp\/v2\/media\/52870"}],"wp:attachment":[{"href":"https:\/\/miil.dev.almic.ee\/lv\/wp-json\/wp\/v2\/media?parent=52850"}],"wp:term":[{"taxonomy":"product_cat","embeddable":true,"href":"https:\/\/miil.dev.almic.ee\/lv\/wp-json\/wp\/v2\/product_cat?post=52850"},{"taxonomy":"product_tag","embeddable":true,"href":"https:\/\/miil.dev.almic.ee\/lv\/wp-json\/wp\/v2\/product_tag?post=52850"}],"curies":[{"name":"wp","href":"https:\/\/api.w.org\/{rel}","templated":true}]}}