{"id":51324,"date":"2023-11-01T11:37:09","date_gmt":"2023-11-01T09:37:09","guid":{"rendered":"https:\/\/www.miil.ee\/?post_type=product&#038;p=51324"},"modified":"2024-11-11T17:35:21","modified_gmt":"2024-11-11T15:35:21","slug":"izire-biroja-kabini-containex-standard-miiu5025","status":"publish","type":"product","link":"https:\/\/miil.dev.almic.ee\/lv\/toode\/izire-biroja-kabini-containex-standard-miiu5025\/","title":{"rendered":"Iz\u012br\u0113 biroja kab\u012bni &#8211; Containex Standard MIIU5025"},"content":{"rendered":"<h1>Iz\u012br\u0113 biroja kab\u012bni MIIU5025<\/h1>\n<p>Iz\u012br\u0113 biroja kab\u012bni MIIU5025 p\u0113c klienta piepras\u012bjuma.<br \/>\nCena atkar\u012bga no atra\u0161an\u0101s vietas, klienta kred\u012btreitinga, perioda ilguma un konkr\u0113t\u0101m v\u0113lm\u0113m.<br \/>\n\u0160\u0101du kab\u012bni ir viegli transport\u0113t, un \u0113kai nav nepiecie\u0161ams pamats.<br \/>\nVar izmantot, piem\u0113ram, celtniec\u012bb\u0101, pagalm\u0101, gadatirgos vai izst\u0101d\u0113s.<br \/>\nContainex Standard ir kvalitat\u012bvs un reprezentat\u012bvs dzes\u0113t\u0101js \u012bslaic\u012bgai papildu telpai.<br \/>\nBiroja kaj\u012btes varam savienot kop\u0101, veidojot liel\u0101kas telpas.<br \/>\n\u0160o biroja kab\u012bni var uzst\u0101d\u012bt virs j\u016bras konteinera vai citas t\u0101 pa\u0161a ra\u017eot\u0101ja izol\u0113tas kaj\u012btes.<br \/>\nP\u0113c nomas piepras\u012bjuma uzst\u0101d\u0101m gaisa siltums\u016bkni, izb\u016bv\u0113jam sanit\u0101ro mezglu vai jebkuru citu klientam nepiecie\u0161amo risin\u0101jumu.<br \/>\nVaram pied\u0101v\u0101t da\u017e\u0101das kr\u0101sas, k\u0101pnes, sanit\u0101ros risin\u0101jumus un veidus, k\u0101 savienot kop\u0101 biroja kaj\u012btes.<\/p>\n<p>*Divi standarta logi<br \/>\n*Vienas durvis<br \/>\n* Divas gaismas<br \/>\n* Standarta augstums<\/p>\n<p><strong>Specifik\u0101cija<\/strong><br \/>\n&#8211; \u0100r\u0113jais augstums 2591mm<br \/>\n&#8211; Iek\u0161\u0113jais augstums 2340mm<br \/>\nR\u0101mja kr\u0101sa RAL7035 gai\u0161i pel\u0113ka<br \/>\nPane\u013ca kr\u0101sa RAL7035 gai\u0161i pel\u0113ka<\/p>\n<p><strong>Apkure<\/strong><br \/>\n&#8211; Sienu izol\u0101cijas vate 60mm<br \/>\n&#8211; Jumta izol\u0101cijas miner\u0101lvate 100mm<br \/>\n&#8211; Gr\u012bdas izol\u0101cijas miner\u0101lvate 100mm<\/p>\n<p><strong>Pane\u013ci<\/strong><br \/>\n2 logu pane\u013ci,<br \/>\nLogu var atv\u0113rt piln\u012bb\u0101 vai atv\u0113rt ventil\u0101cijas st\u0101vokl\u012b.<br \/>\nAugstums no zemes 870mm + dro\u0161\u012bbas aizkari.<br \/>\n5 panor\u0101mas logi.<\/p>\n<p><strong>1 priek\u0161\u0113j\u0101s durvis<\/strong><br \/>\natveras uz \u0101ru.<br \/>\nDurvju platums: 875 mm.<br \/>\nDurvju atv\u0113r\u0161anas platums: 811mm.<br \/>\nDurvju atv\u0113r\u0161anas augstums: 2065mm.<\/p>\n<p><strong>Ekstras<\/strong><br \/>\n3x 2 spraud\u0146i.<br \/>\n1gab gaismas sl\u0113dzis.<br \/>\nElektriskais panelis.<br \/>\nradiators<\/p>\n<h2>Biroja kab\u012bnes \u012br\u0113\u0161ana vai pirk\u0161ana?<\/h2>\n<p>Labv\u0113l\u012bg\u0101s cenas d\u0113\u013c ir v\u0113rts apsv\u0113rt pirk\u0161anu, nevis \u012br\u0113\u0161anu.<br \/>\nSalons kalpo gadiem ilgi, un CE mar\u0137\u0113juma produktiem ir stabils otrreiz\u0113jais tirgus.<br \/>\nVisas m\u016bsu \u012br\u0113jam\u0101s kaj\u012btes ir reprezentat\u012bvas, t\u012bras un kvalitat\u012bvas.<br \/>\nNeiz\u012br\u0113jam kaj\u012btes, ja klients neatbilst kred\u012bta pras\u012bb\u0101m vai nav piem\u0113rots paredz\u0113tais lietojums.<br \/>\nPiem\u0113ram, m\u0113s neiz\u012br\u0113jam nojumes dz\u012bvniekiem, sm\u0113\u0137\u0113tav\u0101m vai net\u012bro pre\u010du uzglab\u0101\u0161anai, \u0161\u0101du v\u0113lmju gad\u012bjum\u0101 varam produkciju p\u0101rdot uz labiem nosac\u012bjumiem.<br \/>\nJebkur\u0101 gad\u012bjum\u0101 m\u0113s atrodam tie\u0161i klientam piem\u0113rot\u0101ko risin\u0101jumu un, balstoties uz iepriek\u0161\u0113jo pieredzi, varam sniegt ieteikumus, k\u0101 salikt J\u016bsu vajadz\u012bb\u0101m atbilsto\u0161u sild\u012bt\u0101ju.<\/p>\n<h2>Sild\u012bt\u0101ja transport\u0113\u0161ana<\/h2>\n<p>Nomas gad\u012bjum\u0101 visas preces tiek transport\u0113tas tikai ar m\u016bsu pa\u0161u transportu.<br \/>\nMums ir nepiecie\u0161amais apr\u012bkojums, s\u0101kot ar konteineru sl\u0113dzen\u0113m un beidzot ar pareizu cel\u0161anas apr\u012bkojumu.<br \/>\n\u0160aj\u0101 gad\u012bjum\u0101 m\u0113s esam atbild\u012bgi ar\u012b par jebk\u0101diem boj\u0101jumiem, kas radu\u0161ies transport\u0113\u0161anas laik\u0101.<br \/>\nViss no vienas vietas, biroja kaj\u012b\u0161u noma par labiem noteikumiem un kvalitat\u012bvi.<\/p>\n<p>Parasti transport\u0113\u0161anai izmantojam <a href=\"https:\/\/www.miil.ee\/lv\/pakalpojumi\/celtnis\/\">celtni<\/a> vai <a href=\"https:\/\/www.miil.ee\/lv\/pakalpojumi\/sanu-iekraveji-sideloader\/\">s\u0101nu iekr\u0101v\u0113ju.<\/a><br \/>\nSare\u017e\u0123\u012bt\u0101kas vietas risin\u0101m ar auto <a href=\"https:\/\/www.miil.ee\/lv\/pakalpojumi\/ram-pasizgazejs\/\">piekabes pal\u012bdz\u012bbu.<\/a><\/p>\n<p>Sekojiet mums <a href=\"https:\/\/www.facebook.com\/merekonteiner\/\">Facebook<\/a> vai <a href=\"https:\/\/www.instagram.com\/ou_miil\/\">Instagram<\/a><\/p>\n","protected":false},"excerpt":{"rendered":"<p>Iz\u012br\u0113 biroja kab\u012bni MIIU5025 Iz\u012br\u0113 biroja kab\u012bni MIIU5025 p\u0113c klienta piepras\u012bjuma. Cena atkar\u012bga no atra\u0161an\u0101s vietas, klienta kred\u012btreitinga, perioda ilguma un konkr\u0113t\u0101m v\u0113lm\u0113m. \u0160\u0101du kab\u012bni ir viegli transport\u0113t, un \u0113kai nav nepiecie\u0161ams pamats. Var izmantot, piem\u0113ram, celtniec\u012bb\u0101, pagalm\u0101, gadatirgos vai izst\u0101d\u0113s. Containex Standard ir kvalitat\u012bvs un reprezentat\u012bvs dzes\u0113t\u0101js \u012bslaic\u012bgai papildu telpai. Biroja kaj\u012btes varam savienot&#8230;<\/p>\n","protected":false},"featured_media":51334,"comment_status":"closed","ping_status":"closed","template":"","meta":{"_acf_changed":false},"product_cat":[344,1044],"product_tag":[],"class_list":{"0":"post-51324","1":"product","2":"type-product","3":"status-publish","4":"has-post-thumbnail","6":"product_cat-vagonini","7":"product_cat-parnesajamo-kajisu-noma","9":"first","10":"instock","11":"shipping-taxable","12":"purchasable","13":"product-type-simple"},"acf":[],"yoast_head":"<!-- This site is optimized with the Yoast SEO Premium plugin v23.9 (Yoast SEO v27.5) - https:\/\/yoast.com\/product\/yoast-seo-premium-wordpress\/ -->\n<title>Iz\u012br\u0113 biroja kab\u012bni - Containex Standard MIIU5025 - Miil O\u00dc<\/title>\n<meta name=\"description\" content=\"Iz\u012br\u0113 biroja kab\u012bni MIIU5025 | Containex | Biroja kaj\u012b\u0161u p\u0101rdo\u0161ana | Kvalitat\u012bva un \u0101tra papildu telpa ar CE mar\u0137\u0113jumu | Mini m\u0101ja | Modu\u013cu m\u0101ja\" \/>\n<meta name=\"robots\" content=\"index, follow, max-snippet:-1, max-image-preview:large, max-video-preview:-1\" \/>\n<link rel=\"canonical\" href=\"https:\/\/miil.dev.almic.ee\/lv\/toode\/izire-biroja-kabini-containex-standard-miiu5025\/\" \/>\n<meta property=\"og:locale\" content=\"lv_LV\" \/>\n<meta property=\"og:type\" content=\"article\" \/>\n<meta property=\"og:title\" content=\"Iz\u012br\u0113 biroja kab\u012bni - Containex Standard MIIU5025\" \/>\n<meta property=\"og:description\" content=\"Iz\u012br\u0113 biroja kab\u012bni MIIU5025 | Containex | Biroja kaj\u012b\u0161u p\u0101rdo\u0161ana | Kvalitat\u012bva un \u0101tra papildu telpa ar CE mar\u0137\u0113jumu | Mini m\u0101ja | Modu\u013cu m\u0101ja\" \/>\n<meta property=\"og:url\" content=\"https:\/\/miil.dev.almic.ee\/lv\/toode\/izire-biroja-kabini-containex-standard-miiu5025\/\" \/>\n<meta property=\"og:site_name\" content=\"Miil O\u00dc\" \/>\n<meta property=\"article:publisher\" content=\"https:\/\/www.facebook.com\/konteinerveod\/\" \/>\n<meta property=\"article:modified_time\" content=\"2024-11-11T15:35:21+00:00\" \/>\n<meta property=\"og:image\" content=\"https:\/\/miil.dev.almic.ee\/wp-content\/uploads\/2023\/11\/2-scaled.jpg\" \/>\n\t<meta property=\"og:image:width\" content=\"1900\" \/>\n\t<meta property=\"og:image:height\" content=\"1425\" \/>\n\t<meta property=\"og:image:type\" content=\"image\/jpeg\" \/>\n<meta name=\"twitter:card\" content=\"summary_large_image\" \/>\n<meta name=\"twitter:label1\" content=\"Price\" \/>\n\t<meta name=\"twitter:data1\" content=\"500,00&nbsp;&euro;\" \/>\n\t<meta name=\"twitter:label2\" content=\"Availability\" \/>\n\t<meta name=\"twitter:data2\" content=\"In stock\" \/>\n<script type=\"application\/ld+json\" class=\"yoast-schema-graph\">{\"@context\":\"https:\\\/\\\/schema.org\",\"@graph\":[{\"@type\":\"WebPage\",\"@id\":\"https:\\\/\\\/miil.dev.almic.ee\\\/lv\\\/toode\\\/izire-biroja-kabini-containex-standard-miiu5025\\\/\",\"url\":\"https:\\\/\\\/miil.dev.almic.ee\\\/lv\\\/toode\\\/izire-biroja-kabini-containex-standard-miiu5025\\\/\",\"name\":\"Iz\u012br\u0113 biroja kab\u012bni - Containex Standard MIIU5025 - Miil O\u00dc\",\"isPartOf\":{\"@id\":\"https:\\\/\\\/miil.dev.almic.ee\\\/#website\"},\"primaryImageOfPage\":{\"@id\":\"https:\\\/\\\/miil.dev.almic.ee\\\/lv\\\/toode\\\/izire-biroja-kabini-containex-standard-miiu5025\\\/#primaryimage\"},\"image\":{\"@id\":\"https:\\\/\\\/miil.dev.almic.ee\\\/lv\\\/toode\\\/izire-biroja-kabini-containex-standard-miiu5025\\\/#primaryimage\"},\"thumbnailUrl\":\"https:\\\/\\\/miil.dev.almic.ee\\\/wp-content\\\/uploads\\\/2023\\\/11\\\/2-scaled.jpg\",\"datePublished\":\"2023-11-01T09:37:09+00:00\",\"dateModified\":\"2024-11-11T15:35:21+00:00\",\"description\":\"Iz\u012br\u0113 biroja kab\u012bni MIIU5025 | Containex | Biroja kaj\u012b\u0161u p\u0101rdo\u0161ana | Kvalitat\u012bva un \u0101tra papildu telpa ar CE mar\u0137\u0113jumu | Mini m\u0101ja | Modu\u013cu m\u0101ja\",\"breadcrumb\":{\"@id\":\"https:\\\/\\\/miil.dev.almic.ee\\\/lv\\\/toode\\\/izire-biroja-kabini-containex-standard-miiu5025\\\/#breadcrumb\"},\"inLanguage\":\"lv-LV\",\"potentialAction\":[{\"@type\":\"ReadAction\",\"target\":[\"https:\\\/\\\/miil.dev.almic.ee\\\/lv\\\/toode\\\/izire-biroja-kabini-containex-standard-miiu5025\\\/\"]}]},{\"@type\":\"ImageObject\",\"inLanguage\":\"lv-LV\",\"@id\":\"https:\\\/\\\/miil.dev.almic.ee\\\/lv\\\/toode\\\/izire-biroja-kabini-containex-standard-miiu5025\\\/#primaryimage\",\"url\":\"https:\\\/\\\/miil.dev.almic.ee\\\/wp-content\\\/uploads\\\/2023\\\/11\\\/2-scaled.jpg\",\"contentUrl\":\"https:\\\/\\\/miil.dev.almic.ee\\\/wp-content\\\/uploads\\\/2023\\\/11\\\/2-scaled.jpg\",\"width\":1900,\"height\":1425,\"caption\":\"Soojakute rentimine\"},{\"@type\":\"BreadcrumbList\",\"@id\":\"https:\\\/\\\/miil.dev.almic.ee\\\/lv\\\/toode\\\/izire-biroja-kabini-containex-standard-miiu5025\\\/#breadcrumb\",\"itemListElement\":[{\"@type\":\"ListItem\",\"position\":1,\"name\":\"Home\",\"item\":\"https:\\\/\\\/miil.dev.almic.ee\\\/lv\\\/\"},{\"@type\":\"ListItem\",\"position\":2,\"name\":\"Veikals\",\"item\":\"https:\\\/\\\/miil.dev.almic.ee\\\/lv\\\/veikals\\\/\"},{\"@type\":\"ListItem\",\"position\":3,\"name\":\"Iz\u012br\u0113 biroja kab\u012bni &#8211; Containex Standard MIIU5025\"}]},{\"@type\":\"WebSite\",\"@id\":\"https:\\\/\\\/miil.dev.almic.ee\\\/#website\",\"url\":\"https:\\\/\\\/miil.dev.almic.ee\\\/\",\"name\":\"Miil O\u00dc\",\"description\":\"Konteinerveod\",\"publisher\":{\"@id\":\"https:\\\/\\\/miil.dev.almic.ee\\\/#organization\"},\"potentialAction\":[{\"@type\":\"SearchAction\",\"target\":{\"@type\":\"EntryPoint\",\"urlTemplate\":\"https:\\\/\\\/miil.dev.almic.ee\\\/?s={search_term_string}\"},\"query-input\":{\"@type\":\"PropertyValueSpecification\",\"valueRequired\":true,\"valueName\":\"search_term_string\"}}],\"inLanguage\":\"lv-LV\"},{\"@type\":\"Organization\",\"@id\":\"https:\\\/\\\/miil.dev.almic.ee\\\/#organization\",\"name\":\"Miil O\u00dc\",\"url\":\"https:\\\/\\\/miil.dev.almic.ee\\\/\",\"logo\":{\"@type\":\"ImageObject\",\"inLanguage\":\"lv-LV\",\"@id\":\"https:\\\/\\\/miil.dev.almic.ee\\\/#\\\/schema\\\/logo\\\/image\\\/\",\"url\":\"https:\\\/\\\/www.miil.ee\\\/wp-content\\\/uploads\\\/2022\\\/02\\\/Miil-logo.svg\",\"contentUrl\":\"https:\\\/\\\/www.miil.ee\\\/wp-content\\\/uploads\\\/2022\\\/02\\\/Miil-logo.svg\",\"width\":\"1024\",\"height\":\"1024\",\"caption\":\"Miil O\u00dc\"},\"image\":{\"@id\":\"https:\\\/\\\/miil.dev.almic.ee\\\/#\\\/schema\\\/logo\\\/image\\\/\"},\"sameAs\":[\"https:\\\/\\\/www.facebook.com\\\/konteinerveod\\\/\",\"https:\\\/\\\/www.instagram.com\\\/ou_miil\\\/\"]}]}<\/script>\n<meta property=\"product:price:amount\" content=\"500.00\" \/>\n<meta property=\"product:price:currency\" content=\"EUR\" \/>\n<meta property=\"og:availability\" content=\"instock\" \/>\n<meta property=\"product:availability\" content=\"instock\" \/>\n<meta property=\"product:condition\" content=\"new\" \/>\n<!-- \/ Yoast SEO Premium plugin. -->","yoast_head_json":{"title":"Iz\u012br\u0113 biroja kab\u012bni - Containex Standard MIIU5025 - Miil O\u00dc","description":"Iz\u012br\u0113 biroja kab\u012bni MIIU5025 | Containex | Biroja kaj\u012b\u0161u p\u0101rdo\u0161ana | Kvalitat\u012bva un \u0101tra papildu telpa ar CE mar\u0137\u0113jumu | Mini m\u0101ja | Modu\u013cu m\u0101ja","robots":{"index":"index","follow":"follow","max-snippet":"max-snippet:-1","max-image-preview":"max-image-preview:large","max-video-preview":"max-video-preview:-1"},"canonical":"https:\/\/miil.dev.almic.ee\/lv\/toode\/izire-biroja-kabini-containex-standard-miiu5025\/","og_locale":"lv_LV","og_type":"article","og_title":"Iz\u012br\u0113 biroja kab\u012bni - Containex Standard MIIU5025","og_description":"Iz\u012br\u0113 biroja kab\u012bni MIIU5025 | Containex | Biroja kaj\u012b\u0161u p\u0101rdo\u0161ana | Kvalitat\u012bva un \u0101tra papildu telpa ar CE mar\u0137\u0113jumu | Mini m\u0101ja | Modu\u013cu m\u0101ja","og_url":"https:\/\/miil.dev.almic.ee\/lv\/toode\/izire-biroja-kabini-containex-standard-miiu5025\/","og_site_name":"Miil O\u00dc","article_publisher":"https:\/\/www.facebook.com\/konteinerveod\/","article_modified_time":"2024-11-11T15:35:21+00:00","og_image":[{"width":1900,"height":1425,"url":"https:\/\/miil.dev.almic.ee\/wp-content\/uploads\/2023\/11\/2-scaled.jpg","type":"image\/jpeg"}],"twitter_card":"summary_large_image","twitter_misc":{"Price":"500,00&nbsp;&euro;","Availability":"In stock"},"schema":{"@context":"https:\/\/schema.org","@graph":[{"@type":"WebPage","@id":"https:\/\/miil.dev.almic.ee\/lv\/toode\/izire-biroja-kabini-containex-standard-miiu5025\/","url":"https:\/\/miil.dev.almic.ee\/lv\/toode\/izire-biroja-kabini-containex-standard-miiu5025\/","name":"Iz\u012br\u0113 biroja kab\u012bni - Containex Standard MIIU5025 - Miil O\u00dc","isPartOf":{"@id":"https:\/\/miil.dev.almic.ee\/#website"},"primaryImageOfPage":{"@id":"https:\/\/miil.dev.almic.ee\/lv\/toode\/izire-biroja-kabini-containex-standard-miiu5025\/#primaryimage"},"image":{"@id":"https:\/\/miil.dev.almic.ee\/lv\/toode\/izire-biroja-kabini-containex-standard-miiu5025\/#primaryimage"},"thumbnailUrl":"https:\/\/miil.dev.almic.ee\/wp-content\/uploads\/2023\/11\/2-scaled.jpg","datePublished":"2023-11-01T09:37:09+00:00","dateModified":"2024-11-11T15:35:21+00:00","description":"Iz\u012br\u0113 biroja kab\u012bni MIIU5025 | Containex | Biroja kaj\u012b\u0161u p\u0101rdo\u0161ana | Kvalitat\u012bva un \u0101tra papildu telpa ar CE mar\u0137\u0113jumu | Mini m\u0101ja | Modu\u013cu m\u0101ja","breadcrumb":{"@id":"https:\/\/miil.dev.almic.ee\/lv\/toode\/izire-biroja-kabini-containex-standard-miiu5025\/#breadcrumb"},"inLanguage":"lv-LV","potentialAction":[{"@type":"ReadAction","target":["https:\/\/miil.dev.almic.ee\/lv\/toode\/izire-biroja-kabini-containex-standard-miiu5025\/"]}]},{"@type":"ImageObject","inLanguage":"lv-LV","@id":"https:\/\/miil.dev.almic.ee\/lv\/toode\/izire-biroja-kabini-containex-standard-miiu5025\/#primaryimage","url":"https:\/\/miil.dev.almic.ee\/wp-content\/uploads\/2023\/11\/2-scaled.jpg","contentUrl":"https:\/\/miil.dev.almic.ee\/wp-content\/uploads\/2023\/11\/2-scaled.jpg","width":1900,"height":1425,"caption":"Soojakute rentimine"},{"@type":"BreadcrumbList","@id":"https:\/\/miil.dev.almic.ee\/lv\/toode\/izire-biroja-kabini-containex-standard-miiu5025\/#breadcrumb","itemListElement":[{"@type":"ListItem","position":1,"name":"Home","item":"https:\/\/miil.dev.almic.ee\/lv\/"},{"@type":"ListItem","position":2,"name":"Veikals","item":"https:\/\/miil.dev.almic.ee\/lv\/veikals\/"},{"@type":"ListItem","position":3,"name":"Iz\u012br\u0113 biroja kab\u012bni &#8211; Containex Standard MIIU5025"}]},{"@type":"WebSite","@id":"https:\/\/miil.dev.almic.ee\/#website","url":"https:\/\/miil.dev.almic.ee\/","name":"Miil O\u00dc","description":"Konteinerveod","publisher":{"@id":"https:\/\/miil.dev.almic.ee\/#organization"},"potentialAction":[{"@type":"SearchAction","target":{"@type":"EntryPoint","urlTemplate":"https:\/\/miil.dev.almic.ee\/?s={search_term_string}"},"query-input":{"@type":"PropertyValueSpecification","valueRequired":true,"valueName":"search_term_string"}}],"inLanguage":"lv-LV"},{"@type":"Organization","@id":"https:\/\/miil.dev.almic.ee\/#organization","name":"Miil O\u00dc","url":"https:\/\/miil.dev.almic.ee\/","logo":{"@type":"ImageObject","inLanguage":"lv-LV","@id":"https:\/\/miil.dev.almic.ee\/#\/schema\/logo\/image\/","url":"https:\/\/www.miil.ee\/wp-content\/uploads\/2022\/02\/Miil-logo.svg","contentUrl":"https:\/\/www.miil.ee\/wp-content\/uploads\/2022\/02\/Miil-logo.svg","width":"1024","height":"1024","caption":"Miil O\u00dc"},"image":{"@id":"https:\/\/miil.dev.almic.ee\/#\/schema\/logo\/image\/"},"sameAs":["https:\/\/www.facebook.com\/konteinerveod\/","https:\/\/www.instagram.com\/ou_miil\/"]}]},"product_price_amount":"500.00","product_price_currency":"EUR","og_availability":"instock","product_availability":"instock","product_condition":"new"},"_links":{"self":[{"href":"https:\/\/miil.dev.almic.ee\/lv\/wp-json\/wp\/v2\/product\/51324","targetHints":{"allow":["GET"]}}],"collection":[{"href":"https:\/\/miil.dev.almic.ee\/lv\/wp-json\/wp\/v2\/product"}],"about":[{"href":"https:\/\/miil.dev.almic.ee\/lv\/wp-json\/wp\/v2\/types\/product"}],"replies":[{"embeddable":true,"href":"https:\/\/miil.dev.almic.ee\/lv\/wp-json\/wp\/v2\/comments?post=51324"}],"wp:featuredmedia":[{"embeddable":true,"href":"https:\/\/miil.dev.almic.ee\/lv\/wp-json\/wp\/v2\/media\/51334"}],"wp:attachment":[{"href":"https:\/\/miil.dev.almic.ee\/lv\/wp-json\/wp\/v2\/media?parent=51324"}],"wp:term":[{"taxonomy":"product_cat","embeddable":true,"href":"https:\/\/miil.dev.almic.ee\/lv\/wp-json\/wp\/v2\/product_cat?post=51324"},{"taxonomy":"product_tag","embeddable":true,"href":"https:\/\/miil.dev.almic.ee\/lv\/wp-json\/wp\/v2\/product_tag?post=51324"}],"curies":[{"name":"wp","href":"https:\/\/api.w.org\/{rel}","templated":true}]}}