{"id":50514,"date":"2023-10-26T10:05:41","date_gmt":"2023-10-26T07:05:41","guid":{"rendered":"https:\/\/www.miil.ee\/?post_type=product&#038;p=50514"},"modified":"2024-11-11T16:00:19","modified_gmt":"2024-11-11T14:00:19","slug":"containex-basic-miiu0304","status":"publish","type":"product","link":"https:\/\/miil.dev.almic.ee\/lv\/toode\/containex-basic-miiu0304\/","title":{"rendered":"Containex Basic MIIU0304 ar rull\u012b\u0161u durv\u012bm"},"content":{"rendered":"<h1>Containex Basic MIIU0304 ar rull\u012b\u0161u durv\u012bm<\/h1>\n<p>Biroja kab\u012bne ar koka oderi kr\u0101sotu v\u0113lamaj\u0101 kr\u0101s\u0101 &#8211; Kab\u012bne ar koka apdari ir piem\u0113rota, piem\u0113ram, jaunas priv\u0101tm\u0101jas pagalmam.<br \/>\nIde\u0101la papildu telpa va\u013caspriekiem vai m\u0101jas biroja atdal\u012b\u0161anai no m\u0101j\u0101m.<br \/>\nKoka d\u0113\u013cu kab\u012bnei ir iesp\u0113ja izv\u0113l\u0113ties starp da\u017e\u0101d\u0101m kr\u0101s\u0101m.<br \/>\nM\u0113s izmantojam tikai augstas kvalit\u0101tes CE mar\u0137\u0113jumu modu\u013cus, kas atbilst Eiropas pras\u012bb\u0101m karkasam.<br \/>\nIzb\u016bv\u0113jam ap\u0161uvumu un citus piederumus, nesaboj\u0101jot salonu.<\/p>\n<p>*Vienas durvis<br \/>\n*Rulto durvis ar elektromotoru<br \/>\n* Viens logs (ja nepiecie\u0161ams)<br \/>\n*Viena gaisma<br \/>\n* Standarta augstums<br \/>\n*Uz koka d\u0113\u013ca<br \/>\n* Gaisa kondicionieris<\/p>\n<p><strong>Specifik\u0101cija<\/strong><br \/>\n&#8211; \u0100r\u0113jais augstums 2591mm<br \/>\n&#8211; Iek\u0161\u0113jais augstums 2340mm<br \/>\nR\u0101mja kr\u0101sa RAL9002 Balta<br \/>\nPane\u013ca kr\u0101sa RAL7035 Gai\u0161i pel\u0113ka<br \/>\nD\u0113lis tum\u0161i pel\u0113ks RAL7024, pacel\u0161ana tum\u0161i pel\u0113ks RAL7024<\/p>\n<p><strong>Izol\u0101cija<\/strong><br \/>\n&#8211; Sienu izol\u0101cija PU putas 45mm<br \/>\n&#8211; Jumta izol\u0101cijas miner\u0101lvate 100mm<br \/>\n&#8211; Gr\u012bdas izol\u0101cijas vate 100mm<\/p>\n<p><strong>Elektr\u012bbas piesl\u0113gums<\/strong><br \/>\n230V\/32A\/3-pin<\/p>\n<p><strong>Pane\u013ci<\/strong><br \/>\n*1 loga panelis (ja nepiecie\u0161ams)<br \/>\nLogu var atv\u0113rt piln\u012bb\u0101 vai atv\u0113rt ventil\u0101cijas st\u0101vokl\u012b.<br \/>\nAugstums no zemes 870mm<\/p>\n<p><strong>1 priek\u0161\u0113j\u0101s durvis<\/strong><br \/>\natveras uz \u0101ru.<br \/>\nDurvju platums: 875 mm<br \/>\nDurvju atv\u0113r\u0161anas platums: 811mm<br \/>\nDurvju atv\u0113r\u0161anas augstums: 2065mm<\/p>\n<p>1 Elektriskais panelis<br \/>\n2 gab spraud\u0146i<br \/>\n1gab gaismas sl\u0113dzis<br \/>\n1x elektriskais panelis<\/p>\n<h2>Biroja kab\u012bne ar koka oderi kr\u0101sotu v\u0113lamaj\u0101 kr\u0101s\u0101 &#8211; Koka apdares kab\u012bne m\u0101j\u0101m vai birojam?<\/h2>\n<p>Koka rede\u013cu kab\u012bne ir piem\u0113rota gan priv\u0101tiem pagalmiem, gan komerctelp\u0101m.<br \/>\nKaj\u012btes jau iepriek\u0161 var izmantot k\u0101 papildus istabu priv\u0101tm\u0101jas pagalm\u0101 vai k\u0101 kop\u0161anas telpu pie daudzdz\u012bvok\u013cu m\u0101jas.<br \/>\nBiroju kaj\u012btes izmantotas ar\u012b moderno komerc\u0113ku priek\u0161\u0101, jo komerctelp\u0101s nereti ir iek\u013cauta autost\u0101vvieta, kur sapr\u0101t\u012bga saimnieka gad\u012bjum\u0101 ir at\u013cauts ier\u012bkot reprezentat\u012bvu mini m\u0101ju \/ modu\u013cu m\u0101ju<\/p>\n<p>&nbsp;<\/p>\n<p>P\u0101rvad\u0101\u0161anai parasti izmantojam <a href=\"https:\/\/www.miil.ee\/lv\/pakalpojumi\/celtnis\/\">celtnis<\/a> vai <a href=\"https:\/\/www.miil.ee\/lv\/pakalpojumi\/sanu-iekraveji-sideloader\/\">s\u0101nu iekr\u0101v\u0113ju.<\/a><br \/>\nM\u0113s izmantojam <a href=\"https:\/\/www.miil.ee\/lv\/pakalpojumi\/ram-pasizgazejs\/\">RAM backloader<\/a>, lai aptvertu vissare\u017e\u0123\u012bt\u0101k\u0101s vietas.<\/p>\n<p>Sekojiet mums <a href=\"https:\/\/www.facebook.com\/konteinerveod\/\">Facebook<\/a> vai <a href=\"https:\/\/www.instagram.com\/ou_miil\/\">Instagram.<\/a><\/p>\n","protected":false},"excerpt":{"rendered":"<p>Containex Basic MIIU0304 ar rull\u012b\u0161u durv\u012bm Biroja kab\u012bne ar koka oderi kr\u0101sotu v\u0113lamaj\u0101 kr\u0101s\u0101 &#8211; Kab\u012bne ar koka apdari ir piem\u0113rota, piem\u0113ram, jaunas priv\u0101tm\u0101jas pagalmam. Ide\u0101la papildu telpa va\u013caspriekiem vai m\u0101jas biroja atdal\u012b\u0161anai no m\u0101j\u0101m. Koka d\u0113\u013cu kab\u012bnei ir iesp\u0113ja izv\u0113l\u0113ties starp da\u017e\u0101d\u0101m kr\u0101s\u0101m. M\u0113s izmantojam tikai augstas kvalit\u0101tes CE mar\u0137\u0113jumu modu\u013cus, kas atbilst Eiropas&#8230;<\/p>\n","protected":false},"featured_media":50555,"comment_status":"closed","ping_status":"closed","template":"","meta":{"_acf_changed":false},"product_cat":[344,408],"product_tag":[],"class_list":{"0":"post-50514","1":"product","2":"type-product","3":"status-publish","4":"has-post-thumbnail","6":"product_cat-vagonini","7":"product_cat-jauni-vagonini","9":"first","10":"instock","11":"shipping-taxable","12":"purchasable","13":"product-type-simple"},"acf":[],"yoast_head":"<!-- This site is optimized with the Yoast SEO Premium plugin v23.9 (Yoast SEO v27.5) - https:\/\/yoast.com\/product\/yoast-seo-premium-wordpress\/ -->\n<title>Containex Basic MIIU0304 ar rull\u012b\u0161u durv\u012bm - Miil O\u00dc<\/title>\n<meta name=\"description\" content=\"Biroja kab\u012bne ar koka oderi kr\u0101sotu v\u0113lamaj\u0101 kr\u0101s\u0101 | Mini m\u0101jas un koted\u017eas | Kaj\u012b\u0161u noma un p\u0101rdo\u0161ana | Transports un remonts | Elektr\u012bbas darbi un apkure\" \/>\n<meta name=\"robots\" content=\"index, follow, max-snippet:-1, max-image-preview:large, max-video-preview:-1\" \/>\n<link rel=\"canonical\" href=\"https:\/\/miil.dev.almic.ee\/lv\/toode\/containex-basic-miiu0304\/\" \/>\n<meta property=\"og:locale\" content=\"lv_LV\" \/>\n<meta property=\"og:type\" content=\"article\" \/>\n<meta property=\"og:title\" content=\"Containex Basic MIIU0304 ar rull\u012b\u0161u durv\u012bm\" \/>\n<meta property=\"og:description\" content=\"Biroja kab\u012bne ar koka oderi kr\u0101sotu v\u0113lamaj\u0101 kr\u0101s\u0101 | Mini m\u0101jas un koted\u017eas | Kaj\u012b\u0161u noma un p\u0101rdo\u0161ana | Transports un remonts | Elektr\u012bbas darbi un apkure\" \/>\n<meta property=\"og:url\" content=\"https:\/\/miil.dev.almic.ee\/lv\/toode\/containex-basic-miiu0304\/\" \/>\n<meta property=\"og:site_name\" content=\"Miil O\u00dc\" \/>\n<meta property=\"article:publisher\" content=\"https:\/\/www.facebook.com\/konteinerveod\/\" \/>\n<meta property=\"article:modified_time\" content=\"2024-11-11T14:00:19+00:00\" \/>\n<meta property=\"og:image\" content=\"https:\/\/miil.dev.almic.ee\/wp-content\/uploads\/2023\/10\/Soojak-tostuksega-laudis-lisaruum-hoone-ajutine-hoone-aiamaja-moodulmaja-moodul-hoone-containex-miil-merekonteiner-lisaladu-scaled.jpg\" \/>\n\t<meta property=\"og:image:width\" content=\"1900\" \/>\n\t<meta property=\"og:image:height\" content=\"1425\" \/>\n\t<meta property=\"og:image:type\" content=\"image\/jpeg\" \/>\n<meta name=\"twitter:card\" content=\"summary_large_image\" \/>\n<meta name=\"twitter:label1\" content=\"Price\" \/>\n\t<meta name=\"twitter:data1\" content=\"12980,00&nbsp;&euro;\" \/>\n\t<meta name=\"twitter:label2\" content=\"Availability\" \/>\n\t<meta name=\"twitter:data2\" content=\"In stock\" \/>\n<script type=\"application\/ld+json\" class=\"yoast-schema-graph\">{\"@context\":\"https:\\\/\\\/schema.org\",\"@graph\":[{\"@type\":\"WebPage\",\"@id\":\"https:\\\/\\\/miil.dev.almic.ee\\\/lv\\\/toode\\\/containex-basic-miiu0304\\\/\",\"url\":\"https:\\\/\\\/miil.dev.almic.ee\\\/lv\\\/toode\\\/containex-basic-miiu0304\\\/\",\"name\":\"Containex Basic MIIU0304 ar rull\u012b\u0161u durv\u012bm - Miil O\u00dc\",\"isPartOf\":{\"@id\":\"https:\\\/\\\/miil.dev.almic.ee\\\/#website\"},\"primaryImageOfPage\":{\"@id\":\"https:\\\/\\\/miil.dev.almic.ee\\\/lv\\\/toode\\\/containex-basic-miiu0304\\\/#primaryimage\"},\"image\":{\"@id\":\"https:\\\/\\\/miil.dev.almic.ee\\\/lv\\\/toode\\\/containex-basic-miiu0304\\\/#primaryimage\"},\"thumbnailUrl\":\"https:\\\/\\\/miil.dev.almic.ee\\\/wp-content\\\/uploads\\\/2023\\\/10\\\/Soojak-tostuksega-laudis-lisaruum-hoone-ajutine-hoone-aiamaja-moodulmaja-moodul-hoone-containex-miil-merekonteiner-lisaladu-scaled.jpg\",\"datePublished\":\"2023-10-26T07:05:41+00:00\",\"dateModified\":\"2024-11-11T14:00:19+00:00\",\"description\":\"Biroja kab\u012bne ar koka oderi kr\u0101sotu v\u0113lamaj\u0101 kr\u0101s\u0101 | Mini m\u0101jas un koted\u017eas | Kaj\u012b\u0161u noma un p\u0101rdo\u0161ana | Transports un remonts | Elektr\u012bbas darbi un apkure\",\"breadcrumb\":{\"@id\":\"https:\\\/\\\/miil.dev.almic.ee\\\/lv\\\/toode\\\/containex-basic-miiu0304\\\/#breadcrumb\"},\"inLanguage\":\"lv-LV\",\"potentialAction\":[{\"@type\":\"ReadAction\",\"target\":[\"https:\\\/\\\/miil.dev.almic.ee\\\/lv\\\/toode\\\/containex-basic-miiu0304\\\/\"]}]},{\"@type\":\"ImageObject\",\"inLanguage\":\"lv-LV\",\"@id\":\"https:\\\/\\\/miil.dev.almic.ee\\\/lv\\\/toode\\\/containex-basic-miiu0304\\\/#primaryimage\",\"url\":\"https:\\\/\\\/miil.dev.almic.ee\\\/wp-content\\\/uploads\\\/2023\\\/10\\\/Soojak-tostuksega-laudis-lisaruum-hoone-ajutine-hoone-aiamaja-moodulmaja-moodul-hoone-containex-miil-merekonteiner-lisaladu-scaled.jpg\",\"contentUrl\":\"https:\\\/\\\/miil.dev.almic.ee\\\/wp-content\\\/uploads\\\/2023\\\/10\\\/Soojak-tostuksega-laudis-lisaruum-hoone-ajutine-hoone-aiamaja-moodulmaja-moodul-hoone-containex-miil-merekonteiner-lisaladu-scaled.jpg\",\"width\":1900,\"height\":1425,\"caption\":\"Puitlaudisega soojak\"},{\"@type\":\"BreadcrumbList\",\"@id\":\"https:\\\/\\\/miil.dev.almic.ee\\\/lv\\\/toode\\\/containex-basic-miiu0304\\\/#breadcrumb\",\"itemListElement\":[{\"@type\":\"ListItem\",\"position\":1,\"name\":\"Home\",\"item\":\"https:\\\/\\\/miil.dev.almic.ee\\\/lv\\\/\"},{\"@type\":\"ListItem\",\"position\":2,\"name\":\"Veikals\",\"item\":\"https:\\\/\\\/miil.dev.almic.ee\\\/lv\\\/veikals\\\/\"},{\"@type\":\"ListItem\",\"position\":3,\"name\":\"Containex Basic MIIU0304 ar rull\u012b\u0161u durv\u012bm\"}]},{\"@type\":\"WebSite\",\"@id\":\"https:\\\/\\\/miil.dev.almic.ee\\\/#website\",\"url\":\"https:\\\/\\\/miil.dev.almic.ee\\\/\",\"name\":\"Miil O\u00dc\",\"description\":\"Konteinerveod\",\"publisher\":{\"@id\":\"https:\\\/\\\/miil.dev.almic.ee\\\/#organization\"},\"potentialAction\":[{\"@type\":\"SearchAction\",\"target\":{\"@type\":\"EntryPoint\",\"urlTemplate\":\"https:\\\/\\\/miil.dev.almic.ee\\\/?s={search_term_string}\"},\"query-input\":{\"@type\":\"PropertyValueSpecification\",\"valueRequired\":true,\"valueName\":\"search_term_string\"}}],\"inLanguage\":\"lv-LV\"},{\"@type\":\"Organization\",\"@id\":\"https:\\\/\\\/miil.dev.almic.ee\\\/#organization\",\"name\":\"Miil O\u00dc\",\"url\":\"https:\\\/\\\/miil.dev.almic.ee\\\/\",\"logo\":{\"@type\":\"ImageObject\",\"inLanguage\":\"lv-LV\",\"@id\":\"https:\\\/\\\/miil.dev.almic.ee\\\/#\\\/schema\\\/logo\\\/image\\\/\",\"url\":\"https:\\\/\\\/www.miil.ee\\\/wp-content\\\/uploads\\\/2022\\\/02\\\/Miil-logo.svg\",\"contentUrl\":\"https:\\\/\\\/www.miil.ee\\\/wp-content\\\/uploads\\\/2022\\\/02\\\/Miil-logo.svg\",\"width\":\"1024\",\"height\":\"1024\",\"caption\":\"Miil O\u00dc\"},\"image\":{\"@id\":\"https:\\\/\\\/miil.dev.almic.ee\\\/#\\\/schema\\\/logo\\\/image\\\/\"},\"sameAs\":[\"https:\\\/\\\/www.facebook.com\\\/konteinerveod\\\/\",\"https:\\\/\\\/www.instagram.com\\\/ou_miil\\\/\"]}]}<\/script>\n<meta property=\"product:price:amount\" content=\"12980.00\" \/>\n<meta property=\"product:price:currency\" content=\"EUR\" \/>\n<meta property=\"og:availability\" content=\"instock\" \/>\n<meta property=\"product:availability\" content=\"instock\" \/>\n<meta property=\"product:retailer_item_id\" content=\"MIIU2150\" \/>\n<meta property=\"product:condition\" content=\"new\" \/>\n<!-- \/ Yoast SEO Premium plugin. -->","yoast_head_json":{"title":"Containex Basic MIIU0304 ar rull\u012b\u0161u durv\u012bm - Miil O\u00dc","description":"Biroja kab\u012bne ar koka oderi kr\u0101sotu v\u0113lamaj\u0101 kr\u0101s\u0101 | Mini m\u0101jas un koted\u017eas | Kaj\u012b\u0161u noma un p\u0101rdo\u0161ana | Transports un remonts | Elektr\u012bbas darbi un apkure","robots":{"index":"index","follow":"follow","max-snippet":"max-snippet:-1","max-image-preview":"max-image-preview:large","max-video-preview":"max-video-preview:-1"},"canonical":"https:\/\/miil.dev.almic.ee\/lv\/toode\/containex-basic-miiu0304\/","og_locale":"lv_LV","og_type":"article","og_title":"Containex Basic MIIU0304 ar rull\u012b\u0161u durv\u012bm","og_description":"Biroja kab\u012bne ar koka oderi kr\u0101sotu v\u0113lamaj\u0101 kr\u0101s\u0101 | Mini m\u0101jas un koted\u017eas | Kaj\u012b\u0161u noma un p\u0101rdo\u0161ana | Transports un remonts | Elektr\u012bbas darbi un apkure","og_url":"https:\/\/miil.dev.almic.ee\/lv\/toode\/containex-basic-miiu0304\/","og_site_name":"Miil O\u00dc","article_publisher":"https:\/\/www.facebook.com\/konteinerveod\/","article_modified_time":"2024-11-11T14:00:19+00:00","og_image":[{"width":1900,"height":1425,"url":"https:\/\/miil.dev.almic.ee\/wp-content\/uploads\/2023\/10\/Soojak-tostuksega-laudis-lisaruum-hoone-ajutine-hoone-aiamaja-moodulmaja-moodul-hoone-containex-miil-merekonteiner-lisaladu-scaled.jpg","type":"image\/jpeg"}],"twitter_card":"summary_large_image","twitter_misc":{"Price":"12980,00&nbsp;&euro;","Availability":"In stock"},"schema":{"@context":"https:\/\/schema.org","@graph":[{"@type":"WebPage","@id":"https:\/\/miil.dev.almic.ee\/lv\/toode\/containex-basic-miiu0304\/","url":"https:\/\/miil.dev.almic.ee\/lv\/toode\/containex-basic-miiu0304\/","name":"Containex Basic MIIU0304 ar rull\u012b\u0161u durv\u012bm - Miil O\u00dc","isPartOf":{"@id":"https:\/\/miil.dev.almic.ee\/#website"},"primaryImageOfPage":{"@id":"https:\/\/miil.dev.almic.ee\/lv\/toode\/containex-basic-miiu0304\/#primaryimage"},"image":{"@id":"https:\/\/miil.dev.almic.ee\/lv\/toode\/containex-basic-miiu0304\/#primaryimage"},"thumbnailUrl":"https:\/\/miil.dev.almic.ee\/wp-content\/uploads\/2023\/10\/Soojak-tostuksega-laudis-lisaruum-hoone-ajutine-hoone-aiamaja-moodulmaja-moodul-hoone-containex-miil-merekonteiner-lisaladu-scaled.jpg","datePublished":"2023-10-26T07:05:41+00:00","dateModified":"2024-11-11T14:00:19+00:00","description":"Biroja kab\u012bne ar koka oderi kr\u0101sotu v\u0113lamaj\u0101 kr\u0101s\u0101 | Mini m\u0101jas un koted\u017eas | Kaj\u012b\u0161u noma un p\u0101rdo\u0161ana | Transports un remonts | Elektr\u012bbas darbi un apkure","breadcrumb":{"@id":"https:\/\/miil.dev.almic.ee\/lv\/toode\/containex-basic-miiu0304\/#breadcrumb"},"inLanguage":"lv-LV","potentialAction":[{"@type":"ReadAction","target":["https:\/\/miil.dev.almic.ee\/lv\/toode\/containex-basic-miiu0304\/"]}]},{"@type":"ImageObject","inLanguage":"lv-LV","@id":"https:\/\/miil.dev.almic.ee\/lv\/toode\/containex-basic-miiu0304\/#primaryimage","url":"https:\/\/miil.dev.almic.ee\/wp-content\/uploads\/2023\/10\/Soojak-tostuksega-laudis-lisaruum-hoone-ajutine-hoone-aiamaja-moodulmaja-moodul-hoone-containex-miil-merekonteiner-lisaladu-scaled.jpg","contentUrl":"https:\/\/miil.dev.almic.ee\/wp-content\/uploads\/2023\/10\/Soojak-tostuksega-laudis-lisaruum-hoone-ajutine-hoone-aiamaja-moodulmaja-moodul-hoone-containex-miil-merekonteiner-lisaladu-scaled.jpg","width":1900,"height":1425,"caption":"Puitlaudisega soojak"},{"@type":"BreadcrumbList","@id":"https:\/\/miil.dev.almic.ee\/lv\/toode\/containex-basic-miiu0304\/#breadcrumb","itemListElement":[{"@type":"ListItem","position":1,"name":"Home","item":"https:\/\/miil.dev.almic.ee\/lv\/"},{"@type":"ListItem","position":2,"name":"Veikals","item":"https:\/\/miil.dev.almic.ee\/lv\/veikals\/"},{"@type":"ListItem","position":3,"name":"Containex Basic MIIU0304 ar rull\u012b\u0161u durv\u012bm"}]},{"@type":"WebSite","@id":"https:\/\/miil.dev.almic.ee\/#website","url":"https:\/\/miil.dev.almic.ee\/","name":"Miil O\u00dc","description":"Konteinerveod","publisher":{"@id":"https:\/\/miil.dev.almic.ee\/#organization"},"potentialAction":[{"@type":"SearchAction","target":{"@type":"EntryPoint","urlTemplate":"https:\/\/miil.dev.almic.ee\/?s={search_term_string}"},"query-input":{"@type":"PropertyValueSpecification","valueRequired":true,"valueName":"search_term_string"}}],"inLanguage":"lv-LV"},{"@type":"Organization","@id":"https:\/\/miil.dev.almic.ee\/#organization","name":"Miil O\u00dc","url":"https:\/\/miil.dev.almic.ee\/","logo":{"@type":"ImageObject","inLanguage":"lv-LV","@id":"https:\/\/miil.dev.almic.ee\/#\/schema\/logo\/image\/","url":"https:\/\/www.miil.ee\/wp-content\/uploads\/2022\/02\/Miil-logo.svg","contentUrl":"https:\/\/www.miil.ee\/wp-content\/uploads\/2022\/02\/Miil-logo.svg","width":"1024","height":"1024","caption":"Miil O\u00dc"},"image":{"@id":"https:\/\/miil.dev.almic.ee\/#\/schema\/logo\/image\/"},"sameAs":["https:\/\/www.facebook.com\/konteinerveod\/","https:\/\/www.instagram.com\/ou_miil\/"]}]},"product_price_amount":"12980.00","product_price_currency":"EUR","og_availability":"instock","product_availability":"instock","product_retailer_item_id":"MIIU2150","product_condition":"new"},"_links":{"self":[{"href":"https:\/\/miil.dev.almic.ee\/lv\/wp-json\/wp\/v2\/product\/50514","targetHints":{"allow":["GET"]}}],"collection":[{"href":"https:\/\/miil.dev.almic.ee\/lv\/wp-json\/wp\/v2\/product"}],"about":[{"href":"https:\/\/miil.dev.almic.ee\/lv\/wp-json\/wp\/v2\/types\/product"}],"replies":[{"embeddable":true,"href":"https:\/\/miil.dev.almic.ee\/lv\/wp-json\/wp\/v2\/comments?post=50514"}],"wp:featuredmedia":[{"embeddable":true,"href":"https:\/\/miil.dev.almic.ee\/lv\/wp-json\/wp\/v2\/media\/50555"}],"wp:attachment":[{"href":"https:\/\/miil.dev.almic.ee\/lv\/wp-json\/wp\/v2\/media?parent=50514"}],"wp:term":[{"taxonomy":"product_cat","embeddable":true,"href":"https:\/\/miil.dev.almic.ee\/lv\/wp-json\/wp\/v2\/product_cat?post=50514"},{"taxonomy":"product_tag","embeddable":true,"href":"https:\/\/miil.dev.almic.ee\/lv\/wp-json\/wp\/v2\/product_tag?post=50514"}],"curies":[{"name":"wp","href":"https:\/\/api.w.org\/{rel}","templated":true}]}}