{"id":49174,"date":"2023-09-29T18:23:26","date_gmt":"2023-09-29T15:23:27","guid":{"rendered":"https:\/\/www.miil.ee\/?post_type=product&#038;p=49174"},"modified":"2024-12-02T14:23:42","modified_gmt":"2024-12-02T12:23:42","slug":"soojak-containex-standard-premium-miiu1002","status":"publish","type":"product","link":"https:\/\/miil.dev.almic.ee\/lv\/toode\/soojak-containex-standard-premium-miiu1002\/","title":{"rendered":"Biroja Kab\u012bne Containex Standard Premium &#8211; MIIU1002"},"content":{"rendered":"<h1><strong>Biroja kaj\u012b\u0161u p\u0101rdo\u0161ana un \u012bre<\/strong><\/h1>\n<p>Biroja kaj\u012b\u0161u p\u0101rdo\u0161ana un \u012bre &#8211; Biroja kaj\u012b\u0161u p\u0101rdo\u0161ana un noma Igaunij\u0101 tie\u0161i no p\u0101rst\u0101vja.<br \/>\nContainex Standard Premium ir jauns produkts ar tum\u0161i pel\u0113ku RAL7016 antrac\u012bta apdari.<br \/>\nTas, kas \u0161o Office kab\u012bni at\u0161\u0137ir no parast\u0101 Containex Standard, ir sienu materi\u0101ls un \u0101r\u0113j\u0101 kr\u0101sa.<br \/>\nKab\u012bnes sienas siltin\u0101tas ar 60mm PU put\u0101m, kas siltumnotur\u012bbas zi\u0146\u0101 l\u012bdzin\u0101s 100mm vatei.<br \/>\nBiroja kab\u012bnes apak\u0161da\u013ca un griesti ir siltin\u0101ti ar 100mm miner\u0101lvati.<br \/>\nVis\u0101m m\u016bsu p\u0101rdotaj\u0101m Office kaj\u012bt\u0113m ir CE mar\u0137\u0113jums, kas noz\u012bm\u0113, ka biroja kab\u012bne atbilst Eiropas kvalit\u0101tes pras\u012bb\u0101m, ir izgatavots kvalitat\u012bvi un ir dro\u0161s lieto\u0161an\u0101.<\/p>\n<p>Containex un ModulX Office kab\u012bni var viegli savienot, veidojot liel\u0101kas telpas.<br \/>\nPiem\u0113ram, Biroja kab\u012bne tiek pla\u0161i izmantota b\u0113rnud\u0101rzu, b\u016bvlaukumu, koted\u017eu, komerctelpu, pagaidu skolu vai slimn\u012bcu celtniec\u012bb\u0101.<\/p>\n<p>Papildus tirdzniec\u012bbai no 2023. gada nodarbojamies ar\u012b ar iz\u012br\u0113\u0161anu.<br \/>\nLai izteiktu nomas cenas pied\u0101v\u0101jumu, mums ir j\u0101zina Biroja kab\u012bnes atra\u0161an\u0101s vieta nomas period\u0101, perioda ilgums, personas vai re\u0123istr\u0101cijas kods kred\u012bta p\u0101rbaud\u0113m un Biroja kab\u012bnes izmanto\u0161anas m\u0113r\u0137is.<\/p>\n<h2><strong>Biroja kaj\u012b\u0161u p\u0101rdo\u0161ana un \u012bre &#8211;\u00a0<\/strong><strong>Tehniskais apraksts:<\/strong><\/h2>\n<p>Containex Standard Premium izol\u0101cija:<\/p>\n<ul>\n<li>Sienas 60mm PU putas<\/li>\n<li>Griestu 100mm miner\u0101lvate<\/li>\n<li>Gr\u012bdas 100mm miner\u0101lvate<\/li>\n<\/ul>\n<p><strong>Containex Standard Premium izm\u0113ri:<br \/>\n<\/strong><\/p>\n<ul>\n<li>\u0100r\u0113jie izm\u0113ri 2,435 W x 6,055 L x 2,591 H.<\/li>\n<li>Iek\u0161\u0113jie izm\u0113ri 2,24 P x 5,86 L x 2,34 A.<\/li>\n<li>Svars: CA 2000 KG<\/li>\n<\/ul>\n<p><strong>\u0100r\u0113j\u0101 kr\u0101sa un aksesu\u0101ri:<\/strong><\/p>\n<ul>\n<li>\u0100r\u0113j\u0101 kr\u0101sa antrac\u012bta tum\u0161i pel\u0113ka RAL7016.<\/li>\n<li>\u0100r\u0113jai apdarei cinkota loksne.<\/li>\n<li>Divi logi.<\/li>\n<li>Dro\u0161\u012bbas aizkari.<\/li>\n<li>Vienas met\u0101la durvis.<\/li>\n<li>Jumta velm\u0113ta cinka loksne.<\/li>\n<li>Iek\u0161sienas skaidu pl\u0101tnes.<\/li>\n<li>Divas LED gaismas.<\/li>\n<li>Radiators.<\/li>\n<li>Zem abiem logiem rozetes + atsevi\u0161\u0137\u0101 panel\u012b.<\/li>\n<li>\u0100r\u0113j\u0101s elektr\u012bbas 32A spraudnis uz jumta malas, iesp\u0113jams turpin\u0101t lietot \u0101r\u0113jo str\u0101vu vai piesl\u0113gt citu Office kab\u012bni.<\/li>\n<\/ul>\n<p>Biroja kab\u012bne sast\u0101v no modu\u013ciem, gar\u0101kaj\u0101 pus\u0113 ir pieci modu\u013ci un \u012bs\u0101kaj\u0101 pus\u0113 ir divi modu\u013ci.<br \/>\nLogu un durvju atra\u0161an\u0101s vietu var br\u012bvi izv\u0113l\u0113ties, att\u0113l\u0101 redzams gatavs paraugs.<br \/>\nVienm\u0113r uz vietas k\u0101 paraugs ir k\u0101ds \u0161\u0101da veida biroja kab\u012bne, un, ja logu un durvju atra\u0161an\u0101s vieta nav svar\u012bga, to var ieg\u0101d\u0101ties taj\u0101 pa\u0161\u0101 dien\u0101.<br \/>\nParasti jauno Biroja kab\u012bni saliekam da\u017eu dienu laik\u0101 p\u0113c r\u0113\u0137ina apmaksas.<\/p>\n<p>P\u0101rvad\u0101\u0161anai parasti izmantojam <a href=\"https:\/\/www.miil.ee\/lv\/pakalpojumi\/celtnis\/\">celtnis<\/a> vai <a href=\"https:\/\/www.miil.ee\/lv\/pakalpojumi\/sanu-iekraveji-sideloader\/\">s\u0101nu iekr\u0101v\u0113ju.<\/a><br \/>\nM\u0113s izmantojam <a href=\"https:\/\/www.miil.ee\/lv\/pakalpojumi\/ram-pasizgazejs\/\">RAM backloader<\/a>, lai aptvertu vissare\u017e\u0123\u012bt\u0101k\u0101s vietas.<\/p>\n<p>Sekojiet mums <a href=\"https:\/\/www.facebook.com\/konteinerveod\/\">Facebook<\/a> vai <a href=\"https:\/\/www.instagram.com\/ou_miil\/\">Instagram.<\/a><\/p>\n","protected":false},"excerpt":{"rendered":"<p>Biroja kaj\u012b\u0161u p\u0101rdo\u0161ana un \u012bre Biroja kaj\u012b\u0161u p\u0101rdo\u0161ana un \u012bre &#8211; Biroja kaj\u012b\u0161u p\u0101rdo\u0161ana un noma Igaunij\u0101 tie\u0161i no p\u0101rst\u0101vja. Containex Standard Premium ir jauns produkts ar tum\u0161i pel\u0113ku RAL7016 antrac\u012bta apdari. Tas, kas \u0161o Office kab\u012bni at\u0161\u0137ir no parast\u0101 Containex Standard, ir sienu materi\u0101ls un \u0101r\u0113j\u0101 kr\u0101sa. Kab\u012bnes sienas siltin\u0101tas ar 60mm PU put\u0101m,&#8230;<\/p>\n","protected":false},"featured_media":80692,"comment_status":"closed","ping_status":"closed","template":"","meta":{"_acf_changed":false},"product_cat":[344,408],"product_tag":[],"class_list":{"0":"post-49174","1":"product","2":"type-product","3":"status-publish","4":"has-post-thumbnail","6":"product_cat-vagonini","7":"product_cat-jauni-vagonini","9":"first","10":"instock","11":"shipping-taxable","12":"purchasable","13":"product-type-simple"},"acf":[],"yoast_head":"<!-- This site is optimized with the Yoast SEO Premium plugin v23.9 (Yoast SEO v27.5) - https:\/\/yoast.com\/product\/yoast-seo-premium-wordpress\/ -->\n<title>Biroja kaj\u012b\u0161u p\u0101rdo\u0161ana un \u012bre - Miil O\u00dc<\/title>\n<meta name=\"description\" content=\"Biroja kaj\u012b\u0161u p\u0101rdo\u0161ana un \u012bre | Mini m\u0101jas un koted\u017eas | Kaj\u012b\u0161u noma un p\u0101rdo\u0161ana | Transports un remonts | Elektr\u012bbas darbi un apkure\" \/>\n<meta name=\"robots\" content=\"index, follow, max-snippet:-1, max-image-preview:large, max-video-preview:-1\" \/>\n<link rel=\"canonical\" href=\"https:\/\/miil.dev.almic.ee\/lv\/toode\/soojak-containex-standard-premium-miiu1002\/\" \/>\n<meta property=\"og:locale\" content=\"lv_LV\" \/>\n<meta property=\"og:type\" content=\"article\" \/>\n<meta property=\"og:title\" content=\"Biroja Kab\u012bne Containex Standard Premium - MIIU1002\" \/>\n<meta property=\"og:description\" content=\"Biroja kaj\u012b\u0161u p\u0101rdo\u0161ana un \u012bre | Mini m\u0101jas un koted\u017eas | Kaj\u012b\u0161u noma un p\u0101rdo\u0161ana | Transports un remonts | Elektr\u012bbas darbi un apkure\" \/>\n<meta property=\"og:url\" content=\"https:\/\/miil.dev.almic.ee\/lv\/toode\/soojak-containex-standard-premium-miiu1002\/\" \/>\n<meta property=\"og:site_name\" content=\"Miil O\u00dc\" \/>\n<meta property=\"article:publisher\" content=\"https:\/\/www.facebook.com\/konteinerveod\/\" \/>\n<meta property=\"article:modified_time\" content=\"2024-12-02T12:23:42+00:00\" \/>\n<meta property=\"og:image\" content=\"https:\/\/miil.dev.almic.ee\/wp-content\/uploads\/2022\/09\/1-scaled.jpg\" \/>\n\t<meta property=\"og:image:width\" content=\"1900\" \/>\n\t<meta property=\"og:image:height\" content=\"1425\" \/>\n\t<meta property=\"og:image:type\" content=\"image\/jpeg\" \/>\n<meta name=\"twitter:card\" content=\"summary_large_image\" \/>\n<meta name=\"twitter:label1\" content=\"Price\" \/>\n\t<meta name=\"twitter:data1\" content=\"6490,00&nbsp;&euro;\" \/>\n\t<meta name=\"twitter:label2\" content=\"Availability\" \/>\n\t<meta name=\"twitter:data2\" content=\"In stock\" \/>\n<script type=\"application\/ld+json\" class=\"yoast-schema-graph\">{\"@context\":\"https:\\\/\\\/schema.org\",\"@graph\":[{\"@type\":\"WebPage\",\"@id\":\"https:\\\/\\\/miil.dev.almic.ee\\\/lv\\\/toode\\\/soojak-containex-standard-premium-miiu1002\\\/\",\"url\":\"https:\\\/\\\/miil.dev.almic.ee\\\/lv\\\/toode\\\/soojak-containex-standard-premium-miiu1002\\\/\",\"name\":\"Biroja kaj\u012b\u0161u p\u0101rdo\u0161ana un \u012bre - Miil O\u00dc\",\"isPartOf\":{\"@id\":\"https:\\\/\\\/miil.dev.almic.ee\\\/#website\"},\"primaryImageOfPage\":{\"@id\":\"https:\\\/\\\/miil.dev.almic.ee\\\/lv\\\/toode\\\/soojak-containex-standard-premium-miiu1002\\\/#primaryimage\"},\"image\":{\"@id\":\"https:\\\/\\\/miil.dev.almic.ee\\\/lv\\\/toode\\\/soojak-containex-standard-premium-miiu1002\\\/#primaryimage\"},\"thumbnailUrl\":\"https:\\\/\\\/miil.dev.almic.ee\\\/wp-content\\\/uploads\\\/2022\\\/09\\\/1-scaled.jpg\",\"datePublished\":\"2023-09-29T15:23:27+00:00\",\"dateModified\":\"2024-12-02T12:23:42+00:00\",\"description\":\"Biroja kaj\u012b\u0161u p\u0101rdo\u0161ana un \u012bre | Mini m\u0101jas un koted\u017eas | Kaj\u012b\u0161u noma un p\u0101rdo\u0161ana | Transports un remonts | Elektr\u012bbas darbi un apkure\",\"breadcrumb\":{\"@id\":\"https:\\\/\\\/miil.dev.almic.ee\\\/lv\\\/toode\\\/soojak-containex-standard-premium-miiu1002\\\/#breadcrumb\"},\"inLanguage\":\"lv-LV\",\"potentialAction\":[{\"@type\":\"ReadAction\",\"target\":[\"https:\\\/\\\/miil.dev.almic.ee\\\/lv\\\/toode\\\/soojak-containex-standard-premium-miiu1002\\\/\"]}]},{\"@type\":\"ImageObject\",\"inLanguage\":\"lv-LV\",\"@id\":\"https:\\\/\\\/miil.dev.almic.ee\\\/lv\\\/toode\\\/soojak-containex-standard-premium-miiu1002\\\/#primaryimage\",\"url\":\"https:\\\/\\\/miil.dev.almic.ee\\\/wp-content\\\/uploads\\\/2022\\\/09\\\/1-scaled.jpg\",\"contentUrl\":\"https:\\\/\\\/miil.dev.almic.ee\\\/wp-content\\\/uploads\\\/2022\\\/09\\\/1-scaled.jpg\",\"width\":1900,\"height\":1425,\"caption\":\"Soojakute m\u00fc\u00fck ja rent\"},{\"@type\":\"BreadcrumbList\",\"@id\":\"https:\\\/\\\/miil.dev.almic.ee\\\/lv\\\/toode\\\/soojak-containex-standard-premium-miiu1002\\\/#breadcrumb\",\"itemListElement\":[{\"@type\":\"ListItem\",\"position\":1,\"name\":\"Home\",\"item\":\"https:\\\/\\\/miil.dev.almic.ee\\\/lv\\\/\"},{\"@type\":\"ListItem\",\"position\":2,\"name\":\"Veikals\",\"item\":\"https:\\\/\\\/miil.dev.almic.ee\\\/lv\\\/veikals\\\/\"},{\"@type\":\"ListItem\",\"position\":3,\"name\":\"Biroja Kab\u012bne Containex Standard Premium &#8211; MIIU1002\"}]},{\"@type\":\"WebSite\",\"@id\":\"https:\\\/\\\/miil.dev.almic.ee\\\/#website\",\"url\":\"https:\\\/\\\/miil.dev.almic.ee\\\/\",\"name\":\"Miil O\u00dc\",\"description\":\"Konteinerveod\",\"publisher\":{\"@id\":\"https:\\\/\\\/miil.dev.almic.ee\\\/#organization\"},\"potentialAction\":[{\"@type\":\"SearchAction\",\"target\":{\"@type\":\"EntryPoint\",\"urlTemplate\":\"https:\\\/\\\/miil.dev.almic.ee\\\/?s={search_term_string}\"},\"query-input\":{\"@type\":\"PropertyValueSpecification\",\"valueRequired\":true,\"valueName\":\"search_term_string\"}}],\"inLanguage\":\"lv-LV\"},{\"@type\":\"Organization\",\"@id\":\"https:\\\/\\\/miil.dev.almic.ee\\\/#organization\",\"name\":\"Miil O\u00dc\",\"url\":\"https:\\\/\\\/miil.dev.almic.ee\\\/\",\"logo\":{\"@type\":\"ImageObject\",\"inLanguage\":\"lv-LV\",\"@id\":\"https:\\\/\\\/miil.dev.almic.ee\\\/#\\\/schema\\\/logo\\\/image\\\/\",\"url\":\"https:\\\/\\\/www.miil.ee\\\/wp-content\\\/uploads\\\/2022\\\/02\\\/Miil-logo.svg\",\"contentUrl\":\"https:\\\/\\\/www.miil.ee\\\/wp-content\\\/uploads\\\/2022\\\/02\\\/Miil-logo.svg\",\"width\":\"1024\",\"height\":\"1024\",\"caption\":\"Miil O\u00dc\"},\"image\":{\"@id\":\"https:\\\/\\\/miil.dev.almic.ee\\\/#\\\/schema\\\/logo\\\/image\\\/\"},\"sameAs\":[\"https:\\\/\\\/www.facebook.com\\\/konteinerveod\\\/\",\"https:\\\/\\\/www.instagram.com\\\/ou_miil\\\/\"]}]}<\/script>\n<meta property=\"product:price:amount\" content=\"6490.00\" \/>\n<meta property=\"product:price:currency\" content=\"EUR\" \/>\n<meta property=\"og:availability\" content=\"instock\" \/>\n<meta property=\"product:availability\" content=\"instock\" \/>\n<meta property=\"product:retailer_item_id\" content=\"MIIU1000\" \/>\n<meta property=\"product:condition\" content=\"new\" \/>\n<!-- \/ Yoast SEO Premium plugin. -->","yoast_head_json":{"title":"Biroja kaj\u012b\u0161u p\u0101rdo\u0161ana un \u012bre - Miil O\u00dc","description":"Biroja kaj\u012b\u0161u p\u0101rdo\u0161ana un \u012bre | Mini m\u0101jas un koted\u017eas | Kaj\u012b\u0161u noma un p\u0101rdo\u0161ana | Transports un remonts | Elektr\u012bbas darbi un apkure","robots":{"index":"index","follow":"follow","max-snippet":"max-snippet:-1","max-image-preview":"max-image-preview:large","max-video-preview":"max-video-preview:-1"},"canonical":"https:\/\/miil.dev.almic.ee\/lv\/toode\/soojak-containex-standard-premium-miiu1002\/","og_locale":"lv_LV","og_type":"article","og_title":"Biroja Kab\u012bne Containex Standard Premium - MIIU1002","og_description":"Biroja kaj\u012b\u0161u p\u0101rdo\u0161ana un \u012bre | Mini m\u0101jas un koted\u017eas | Kaj\u012b\u0161u noma un p\u0101rdo\u0161ana | Transports un remonts | Elektr\u012bbas darbi un apkure","og_url":"https:\/\/miil.dev.almic.ee\/lv\/toode\/soojak-containex-standard-premium-miiu1002\/","og_site_name":"Miil O\u00dc","article_publisher":"https:\/\/www.facebook.com\/konteinerveod\/","article_modified_time":"2024-12-02T12:23:42+00:00","og_image":[{"width":1900,"height":1425,"url":"https:\/\/miil.dev.almic.ee\/wp-content\/uploads\/2022\/09\/1-scaled.jpg","type":"image\/jpeg"}],"twitter_card":"summary_large_image","twitter_misc":{"Price":"6490,00&nbsp;&euro;","Availability":"In stock"},"schema":{"@context":"https:\/\/schema.org","@graph":[{"@type":"WebPage","@id":"https:\/\/miil.dev.almic.ee\/lv\/toode\/soojak-containex-standard-premium-miiu1002\/","url":"https:\/\/miil.dev.almic.ee\/lv\/toode\/soojak-containex-standard-premium-miiu1002\/","name":"Biroja kaj\u012b\u0161u p\u0101rdo\u0161ana un \u012bre - Miil O\u00dc","isPartOf":{"@id":"https:\/\/miil.dev.almic.ee\/#website"},"primaryImageOfPage":{"@id":"https:\/\/miil.dev.almic.ee\/lv\/toode\/soojak-containex-standard-premium-miiu1002\/#primaryimage"},"image":{"@id":"https:\/\/miil.dev.almic.ee\/lv\/toode\/soojak-containex-standard-premium-miiu1002\/#primaryimage"},"thumbnailUrl":"https:\/\/miil.dev.almic.ee\/wp-content\/uploads\/2022\/09\/1-scaled.jpg","datePublished":"2023-09-29T15:23:27+00:00","dateModified":"2024-12-02T12:23:42+00:00","description":"Biroja kaj\u012b\u0161u p\u0101rdo\u0161ana un \u012bre | Mini m\u0101jas un koted\u017eas | Kaj\u012b\u0161u noma un p\u0101rdo\u0161ana | Transports un remonts | Elektr\u012bbas darbi un apkure","breadcrumb":{"@id":"https:\/\/miil.dev.almic.ee\/lv\/toode\/soojak-containex-standard-premium-miiu1002\/#breadcrumb"},"inLanguage":"lv-LV","potentialAction":[{"@type":"ReadAction","target":["https:\/\/miil.dev.almic.ee\/lv\/toode\/soojak-containex-standard-premium-miiu1002\/"]}]},{"@type":"ImageObject","inLanguage":"lv-LV","@id":"https:\/\/miil.dev.almic.ee\/lv\/toode\/soojak-containex-standard-premium-miiu1002\/#primaryimage","url":"https:\/\/miil.dev.almic.ee\/wp-content\/uploads\/2022\/09\/1-scaled.jpg","contentUrl":"https:\/\/miil.dev.almic.ee\/wp-content\/uploads\/2022\/09\/1-scaled.jpg","width":1900,"height":1425,"caption":"Soojakute m\u00fc\u00fck ja rent"},{"@type":"BreadcrumbList","@id":"https:\/\/miil.dev.almic.ee\/lv\/toode\/soojak-containex-standard-premium-miiu1002\/#breadcrumb","itemListElement":[{"@type":"ListItem","position":1,"name":"Home","item":"https:\/\/miil.dev.almic.ee\/lv\/"},{"@type":"ListItem","position":2,"name":"Veikals","item":"https:\/\/miil.dev.almic.ee\/lv\/veikals\/"},{"@type":"ListItem","position":3,"name":"Biroja Kab\u012bne Containex Standard Premium &#8211; MIIU1002"}]},{"@type":"WebSite","@id":"https:\/\/miil.dev.almic.ee\/#website","url":"https:\/\/miil.dev.almic.ee\/","name":"Miil O\u00dc","description":"Konteinerveod","publisher":{"@id":"https:\/\/miil.dev.almic.ee\/#organization"},"potentialAction":[{"@type":"SearchAction","target":{"@type":"EntryPoint","urlTemplate":"https:\/\/miil.dev.almic.ee\/?s={search_term_string}"},"query-input":{"@type":"PropertyValueSpecification","valueRequired":true,"valueName":"search_term_string"}}],"inLanguage":"lv-LV"},{"@type":"Organization","@id":"https:\/\/miil.dev.almic.ee\/#organization","name":"Miil O\u00dc","url":"https:\/\/miil.dev.almic.ee\/","logo":{"@type":"ImageObject","inLanguage":"lv-LV","@id":"https:\/\/miil.dev.almic.ee\/#\/schema\/logo\/image\/","url":"https:\/\/www.miil.ee\/wp-content\/uploads\/2022\/02\/Miil-logo.svg","contentUrl":"https:\/\/www.miil.ee\/wp-content\/uploads\/2022\/02\/Miil-logo.svg","width":"1024","height":"1024","caption":"Miil O\u00dc"},"image":{"@id":"https:\/\/miil.dev.almic.ee\/#\/schema\/logo\/image\/"},"sameAs":["https:\/\/www.facebook.com\/konteinerveod\/","https:\/\/www.instagram.com\/ou_miil\/"]}]},"product_price_amount":"6490.00","product_price_currency":"EUR","og_availability":"instock","product_availability":"instock","product_retailer_item_id":"MIIU1000","product_condition":"new"},"_links":{"self":[{"href":"https:\/\/miil.dev.almic.ee\/lv\/wp-json\/wp\/v2\/product\/49174","targetHints":{"allow":["GET"]}}],"collection":[{"href":"https:\/\/miil.dev.almic.ee\/lv\/wp-json\/wp\/v2\/product"}],"about":[{"href":"https:\/\/miil.dev.almic.ee\/lv\/wp-json\/wp\/v2\/types\/product"}],"replies":[{"embeddable":true,"href":"https:\/\/miil.dev.almic.ee\/lv\/wp-json\/wp\/v2\/comments?post=49174"}],"wp:featuredmedia":[{"embeddable":true,"href":"https:\/\/miil.dev.almic.ee\/lv\/wp-json\/wp\/v2\/media\/80692"}],"wp:attachment":[{"href":"https:\/\/miil.dev.almic.ee\/lv\/wp-json\/wp\/v2\/media?parent=49174"}],"wp:term":[{"taxonomy":"product_cat","embeddable":true,"href":"https:\/\/miil.dev.almic.ee\/lv\/wp-json\/wp\/v2\/product_cat?post=49174"},{"taxonomy":"product_tag","embeddable":true,"href":"https:\/\/miil.dev.almic.ee\/lv\/wp-json\/wp\/v2\/product_tag?post=49174"}],"curies":[{"name":"wp","href":"https:\/\/api.w.org\/{rel}","templated":true}]}}