{"id":48591,"date":"2023-09-25T11:34:00","date_gmt":"2023-09-25T08:34:00","guid":{"rendered":"https:\/\/www.miil.ee\/?post_type=product&#038;p=48591"},"modified":"2024-11-12T13:52:01","modified_gmt":"2024-11-12T11:52:01","slug":"juras-konteineru-piebraucamais-cels-rampa-1350kg","status":"publish","type":"product","link":"https:\/\/miil.dev.almic.ee\/lv\/toode\/juras-konteineru-piebraucamais-cels-rampa-1350kg\/","title":{"rendered":"J\u016bras konteineru piebraucamais ce\u013c\u0161 \/ rampa 1350kg"},"content":{"rendered":"<h1>J\u016bras konteineru piebraucamais ce\u013c\u0161 \/ rampa 1350kg<\/h1>\n<p>J\u016bras konteineru piebraucamais ce\u013c\u0161 \/ rampa ir piem\u0113rota m\u016bsu p\u0101rdotajiem konteineriem.<br \/>\nCena vienai personai 240.- +pvn<br \/>\n2,00&#215;0,42 m<br \/>\nRampas ir izgatavotas no stipra met\u0101la, modul\u0101ras un cinkotas.<br \/>\nIr divu veidu piebraucamie ce\u013ci, kas paredz\u0113ti viegl\u0101kai tehnikai, piem\u0113ram, z\u0101liena traktoriem, vai pastiprin\u0101ti piebraucamie ce\u013ci automa\u0161\u012bn\u0101m.<br \/>\nM\u016bsu p\u0101rdot\u0101s rampas ir vieglas, iztur\u012bgas un \u0113rtas lieto\u0161an\u0101.<br \/>\nPiebraucamo ce\u013cu var uzst\u0101d\u012bt viens cilv\u0113ks, un tas aiz\u0146em maz vietas glab\u0101\u0161an\u0101.<br \/>\nPreces ra\u017eotas Igaunij\u0101 un kvalit\u0101t\u0113 nav pie\u013cauti nek\u0101di kompromisi.<br \/>\nVienas pieturas rampu, rampu, piebraucamo ce\u013cu, k\u0101p\u0146u un plauktu tirdzniec\u012bba.<\/p>\n<h2>J\u016bras konteineru piebraucamais ce\u013c\u0161 \/ rampa vai iekr\u0101v\u0113ja rampa?<\/h2>\n<p>Protams, m\u016bsu produktu kl\u0101st\u0101 papildus ramp\u0101m ir ar\u012b rampas iekr\u0101v\u0113jiem vai konteineriem, kur tos var izmantot.<br \/>\nMums ir jauni un lietoti j\u016bras konteineri, tos ar\u012b iznom\u0101jam.<br \/>\nSild\u012bt\u0101ji p\u0101rsvar\u0101 jauni, \u012br\u0113jamie sild\u012bt\u0101ji lab\u0101 st\u0101vokl\u012b un maz lietoti vai piln\u012bgi jauni.<br \/>\nPre\u010du katalogs ar p\u0101rskat\u0101m\u0101m cen\u0101m ir \u0161eit.<\/p>\n<p>Klientam viss vienuviet, p\u0113rkot pie mums konteineru vai j\u016bras konteineru, m\u0113s to turp atvedam ar savu celt\u0146a ma\u0161\u012bnu un uzst\u0101d\u0101m.<br \/>\nUzliekam ar\u012b siltummai\u0146us, kas savienoti kop\u0101 ar k\u0101pn\u0113m.<br \/>\nPapildus iepriek\u0161min\u0113tajam m\u016bsu pre\u010du kl\u0101sta piederumu kategorij\u0101 var atrast ar\u012b da\u017e\u0101dus plauktus, sildier\u012b\u010du savienojumus, skavas un piekaram\u0101s sl\u0113dzenes.<\/p>\n<p>Izv\u0113lieties pareizo preci no m\u016bsu pla\u0161\u0101 produktu kl\u0101sta un nodro\u0161iniet efekt\u012bvu un organiz\u0113tu uzglab\u0101\u0161anu sav\u0101 teritorij\u0101. MIIL.ee ir j\u016bsu uzticamais partneris j\u016bras konteineru un uzglab\u0101\u0161anas risin\u0101jumu jom\u0101.<\/p>\n<h2>Piebraucamo ce\u013cu izb\u016bve<\/h2>\n<p>Piebraucamo ce\u013cu izgatavo\u0161ana vai izb\u016bve no koka vai paroc\u012bgiem instrumentiem ir v\u0113sture, pie mums par izdev\u012bgu cenu var ieg\u016bt kvalitat\u012bvu met\u0101la b\u016bv\u0113tu rampu vai rampu.<br \/>\nPiebraucam\u0101 ce\u013ca izb\u016bve pats ar\u012b maks\u0101 laiku un darbasp\u0113ku, ko var iev\u0113rojami samazin\u0101t ar gatavo produkciju.<br \/>\nT\u0101 k\u0101 rampu un rampu pieejam\u012bba konteineriem vis\u0101 Eirop\u0101 ir v\u0101ja un laikietilp\u012bga, m\u0113s kop\u0101 ar m\u016bsu ra\u017eo\u0161anas komandu nol\u0113m\u0101m atrisin\u0101t \u0161o probl\u0113mu un apmierin\u0101t klientu pras\u012bbas.<br \/>\nPapildus piebraucamajiem ce\u013ciem pa\u0161i ra\u017eojam j\u016bras konteineru rampas &#8220;Raidos&#8221;, j\u016bras konteineru plauktus &#8220;Rai\u0146os&#8221; un veicam vair\u0101kus rekonstrukcijas darbus.<br \/>\nPiem\u0113ram, pie mums var pas\u016bt\u012bt gar\u0101\u017eas durvis, kas uzst\u0101d\u012btas konteinera aizmugur\u0113 k\u0101 patent\u0113ts risin\u0101jums, vai ar\u012b transporta servisu ar piekabi, kas \u012bpa\u0161i paredz\u0113ta SUV aizmugur\u0113. Ar \u0161o piekabi var transport\u0113t konteineru vai piekabi uz sare\u017e\u0123\u012bt\u0101k\u0101m viet\u0101m, piem\u0113ram, r\u016bpniecisko \u0113ku ar zem\u0101m durv\u012bm vai laukumu ar p\u0101r\u0101k m\u012bkstu zemi kravas automa\u0161\u012bnai.<br \/>\nJebkur\u0101 gad\u012bjum\u0101 pie mums varat atrast kvalitat\u012bvus un iztur\u012bgus risin\u0101jumus!<\/p>\n<p>seko mums ar\u012b <a href=\"https:\/\/www.instagram.com\/ou_miil\/\">Instagramis<\/a> vai <a href=\"https:\/\/www.facebook.com\/merekonteiner\">Facebookis.<\/a><\/p>\n","protected":false},"excerpt":{"rendered":"<p>J\u016bras konteineru plaukti.<br \/>\nPlaukti &#8220;Rainis&#8221;, piem\u0113roti j\u016bras konteinera aug\u0161\u0113jiem posmiem.<br \/>\nJ\u016bras konteineru plaukti &#8220;Rainis&#8221; ir \u0101trs un \u0113rts risin\u0101jums, kad nepiecie\u0161ams uzglab\u0101t caurules, caurules vai citus gar\u0101kus produktus.<br \/>\nPlauktam ir papildus pastiprin\u0101jumi un izmantojamas visas att\u0113l\u0101 redzam\u0101s atveres.<br \/>\nVar pievienot ar\u012b galda gabalus un izmantot k\u0101 parastu plauktu.<\/p>\n","protected":false},"featured_media":48567,"comment_status":"closed","ping_status":"closed","template":"","meta":{"_acf_changed":false},"product_cat":[336],"product_tag":[],"class_list":{"0":"post-48591","1":"product","2":"type-product","3":"status-publish","4":"has-post-thumbnail","6":"product_cat-papildu-piederumi","8":"first","9":"instock","10":"shipping-taxable","11":"purchasable","12":"product-type-simple"},"acf":[],"yoast_head":"<!-- This site is optimized with the Yoast SEO Premium plugin v23.9 (Yoast SEO v27.5) - https:\/\/yoast.com\/product\/yoast-seo-premium-wordpress\/ -->\n<title>K\u0101pnes biroja kaj\u012bt\u0113m - Miil O\u00dc - Containex<\/title>\n<meta name=\"description\" content=\"K\u0101pnes biroja kaj\u012bt\u0113m, Containex biroja, ModulX biroja, j\u016bras konteineriem, Baltic states, office cabin sales and rent in Estonia\" \/>\n<meta name=\"robots\" content=\"index, follow, max-snippet:-1, max-image-preview:large, max-video-preview:-1\" \/>\n<link rel=\"canonical\" href=\"https:\/\/miil.dev.almic.ee\/lv\/toode\/juras-konteineru-piebraucamais-cels-rampa-1350kg\/\" \/>\n<meta property=\"og:locale\" content=\"lv_LV\" \/>\n<meta property=\"og:type\" content=\"article\" \/>\n<meta property=\"og:title\" content=\"J\u016bras konteineru piebraucamais ce\u013c\u0161 \/ rampa 1350kg\" \/>\n<meta property=\"og:description\" content=\"K\u0101pnes biroja kaj\u012bt\u0113m, Containex biroja, ModulX biroja, j\u016bras konteineriem, Baltic states, office cabin sales and rent in Estonia\" \/>\n<meta property=\"og:url\" content=\"https:\/\/miil.dev.almic.ee\/lv\/toode\/juras-konteineru-piebraucamais-cels-rampa-1350kg\/\" \/>\n<meta property=\"og:site_name\" content=\"Miil O\u00dc\" \/>\n<meta property=\"article:publisher\" content=\"https:\/\/www.facebook.com\/konteinerveod\/\" \/>\n<meta property=\"article:modified_time\" content=\"2024-11-12T11:52:01+00:00\" \/>\n<meta property=\"og:image\" content=\"https:\/\/miil.dev.almic.ee\/wp-content\/uploads\/2023\/09\/haagise-rambid-scaled.jpg\" \/>\n\t<meta property=\"og:image:width\" content=\"1900\" \/>\n\t<meta property=\"og:image:height\" content=\"1425\" \/>\n\t<meta property=\"og:image:type\" content=\"image\/jpeg\" \/>\n<meta name=\"twitter:card\" content=\"summary_large_image\" \/>\n<meta name=\"twitter:label1\" content=\"Price\" \/>\n\t<meta name=\"twitter:data1\" content=\"190,00&nbsp;&euro;\" \/>\n\t<meta name=\"twitter:label2\" content=\"Availability\" \/>\n\t<meta name=\"twitter:data2\" content=\"In stock\" \/>\n<script type=\"application\/ld+json\" class=\"yoast-schema-graph\">{\"@context\":\"https:\\\/\\\/schema.org\",\"@graph\":[{\"@type\":\"WebPage\",\"@id\":\"https:\\\/\\\/miil.dev.almic.ee\\\/lv\\\/toode\\\/juras-konteineru-piebraucamais-cels-rampa-1350kg\\\/\",\"url\":\"https:\\\/\\\/miil.dev.almic.ee\\\/lv\\\/toode\\\/juras-konteineru-piebraucamais-cels-rampa-1350kg\\\/\",\"name\":\"K\u0101pnes biroja kaj\u012bt\u0113m - Miil O\u00dc - Containex\",\"isPartOf\":{\"@id\":\"https:\\\/\\\/miil.dev.almic.ee\\\/#website\"},\"primaryImageOfPage\":{\"@id\":\"https:\\\/\\\/miil.dev.almic.ee\\\/lv\\\/toode\\\/juras-konteineru-piebraucamais-cels-rampa-1350kg\\\/#primaryimage\"},\"image\":{\"@id\":\"https:\\\/\\\/miil.dev.almic.ee\\\/lv\\\/toode\\\/juras-konteineru-piebraucamais-cels-rampa-1350kg\\\/#primaryimage\"},\"thumbnailUrl\":\"https:\\\/\\\/miil.dev.almic.ee\\\/wp-content\\\/uploads\\\/2023\\\/09\\\/haagise-rambid-scaled.jpg\",\"datePublished\":\"2023-09-25T08:34:00+00:00\",\"dateModified\":\"2024-11-12T11:52:01+00:00\",\"description\":\"K\u0101pnes biroja kaj\u012bt\u0113m, Containex biroja, ModulX biroja, j\u016bras konteineriem, Baltic states, office cabin sales and rent in Estonia\",\"breadcrumb\":{\"@id\":\"https:\\\/\\\/miil.dev.almic.ee\\\/lv\\\/toode\\\/juras-konteineru-piebraucamais-cels-rampa-1350kg\\\/#breadcrumb\"},\"inLanguage\":\"lv-LV\",\"potentialAction\":[{\"@type\":\"ReadAction\",\"target\":[\"https:\\\/\\\/miil.dev.almic.ee\\\/lv\\\/toode\\\/juras-konteineru-piebraucamais-cels-rampa-1350kg\\\/\"]}]},{\"@type\":\"ImageObject\",\"inLanguage\":\"lv-LV\",\"@id\":\"https:\\\/\\\/miil.dev.almic.ee\\\/lv\\\/toode\\\/juras-konteineru-piebraucamais-cels-rampa-1350kg\\\/#primaryimage\",\"url\":\"https:\\\/\\\/miil.dev.almic.ee\\\/wp-content\\\/uploads\\\/2023\\\/09\\\/haagise-rambid-scaled.jpg\",\"contentUrl\":\"https:\\\/\\\/miil.dev.almic.ee\\\/wp-content\\\/uploads\\\/2023\\\/09\\\/haagise-rambid-scaled.jpg\",\"width\":1900,\"height\":1425},{\"@type\":\"BreadcrumbList\",\"@id\":\"https:\\\/\\\/miil.dev.almic.ee\\\/lv\\\/toode\\\/juras-konteineru-piebraucamais-cels-rampa-1350kg\\\/#breadcrumb\",\"itemListElement\":[{\"@type\":\"ListItem\",\"position\":1,\"name\":\"Home\",\"item\":\"https:\\\/\\\/miil.dev.almic.ee\\\/lv\\\/\"},{\"@type\":\"ListItem\",\"position\":2,\"name\":\"Veikals\",\"item\":\"https:\\\/\\\/miil.dev.almic.ee\\\/lv\\\/veikals\\\/\"},{\"@type\":\"ListItem\",\"position\":3,\"name\":\"J\u016bras konteineru piebraucamais ce\u013c\u0161 \\\/ rampa 1350kg\"}]},{\"@type\":\"WebSite\",\"@id\":\"https:\\\/\\\/miil.dev.almic.ee\\\/#website\",\"url\":\"https:\\\/\\\/miil.dev.almic.ee\\\/\",\"name\":\"Miil O\u00dc\",\"description\":\"Konteinerveod\",\"publisher\":{\"@id\":\"https:\\\/\\\/miil.dev.almic.ee\\\/#organization\"},\"potentialAction\":[{\"@type\":\"SearchAction\",\"target\":{\"@type\":\"EntryPoint\",\"urlTemplate\":\"https:\\\/\\\/miil.dev.almic.ee\\\/?s={search_term_string}\"},\"query-input\":{\"@type\":\"PropertyValueSpecification\",\"valueRequired\":true,\"valueName\":\"search_term_string\"}}],\"inLanguage\":\"lv-LV\"},{\"@type\":\"Organization\",\"@id\":\"https:\\\/\\\/miil.dev.almic.ee\\\/#organization\",\"name\":\"Miil O\u00dc\",\"url\":\"https:\\\/\\\/miil.dev.almic.ee\\\/\",\"logo\":{\"@type\":\"ImageObject\",\"inLanguage\":\"lv-LV\",\"@id\":\"https:\\\/\\\/miil.dev.almic.ee\\\/#\\\/schema\\\/logo\\\/image\\\/\",\"url\":\"https:\\\/\\\/www.miil.ee\\\/wp-content\\\/uploads\\\/2022\\\/02\\\/Miil-logo.svg\",\"contentUrl\":\"https:\\\/\\\/www.miil.ee\\\/wp-content\\\/uploads\\\/2022\\\/02\\\/Miil-logo.svg\",\"width\":\"1024\",\"height\":\"1024\",\"caption\":\"Miil O\u00dc\"},\"image\":{\"@id\":\"https:\\\/\\\/miil.dev.almic.ee\\\/#\\\/schema\\\/logo\\\/image\\\/\"},\"sameAs\":[\"https:\\\/\\\/www.facebook.com\\\/konteinerveod\\\/\",\"https:\\\/\\\/www.instagram.com\\\/ou_miil\\\/\"]}]}<\/script>\n<meta property=\"product:price:amount\" content=\"190.00\" \/>\n<meta property=\"product:price:currency\" content=\"EUR\" \/>\n<meta property=\"og:availability\" content=\"instock\" \/>\n<meta property=\"product:availability\" content=\"instock\" \/>\n<meta property=\"product:retailer_item_id\" content=\"1568112553753-1-1-1-1\" \/>\n<meta property=\"product:condition\" content=\"new\" \/>\n<!-- \/ Yoast SEO Premium plugin. -->","yoast_head_json":{"title":"K\u0101pnes biroja kaj\u012bt\u0113m - Miil O\u00dc - Containex","description":"K\u0101pnes biroja kaj\u012bt\u0113m, Containex biroja, ModulX biroja, j\u016bras konteineriem, Baltic states, office cabin sales and rent in Estonia","robots":{"index":"index","follow":"follow","max-snippet":"max-snippet:-1","max-image-preview":"max-image-preview:large","max-video-preview":"max-video-preview:-1"},"canonical":"https:\/\/miil.dev.almic.ee\/lv\/toode\/juras-konteineru-piebraucamais-cels-rampa-1350kg\/","og_locale":"lv_LV","og_type":"article","og_title":"J\u016bras konteineru piebraucamais ce\u013c\u0161 \/ rampa 1350kg","og_description":"K\u0101pnes biroja kaj\u012bt\u0113m, Containex biroja, ModulX biroja, j\u016bras konteineriem, Baltic states, office cabin sales and rent in Estonia","og_url":"https:\/\/miil.dev.almic.ee\/lv\/toode\/juras-konteineru-piebraucamais-cels-rampa-1350kg\/","og_site_name":"Miil O\u00dc","article_publisher":"https:\/\/www.facebook.com\/konteinerveod\/","article_modified_time":"2024-11-12T11:52:01+00:00","og_image":[{"width":1900,"height":1425,"url":"https:\/\/miil.dev.almic.ee\/wp-content\/uploads\/2023\/09\/haagise-rambid-scaled.jpg","type":"image\/jpeg"}],"twitter_card":"summary_large_image","twitter_misc":{"Price":"190,00&nbsp;&euro;","Availability":"In stock"},"schema":{"@context":"https:\/\/schema.org","@graph":[{"@type":"WebPage","@id":"https:\/\/miil.dev.almic.ee\/lv\/toode\/juras-konteineru-piebraucamais-cels-rampa-1350kg\/","url":"https:\/\/miil.dev.almic.ee\/lv\/toode\/juras-konteineru-piebraucamais-cels-rampa-1350kg\/","name":"K\u0101pnes biroja kaj\u012bt\u0113m - Miil O\u00dc - Containex","isPartOf":{"@id":"https:\/\/miil.dev.almic.ee\/#website"},"primaryImageOfPage":{"@id":"https:\/\/miil.dev.almic.ee\/lv\/toode\/juras-konteineru-piebraucamais-cels-rampa-1350kg\/#primaryimage"},"image":{"@id":"https:\/\/miil.dev.almic.ee\/lv\/toode\/juras-konteineru-piebraucamais-cels-rampa-1350kg\/#primaryimage"},"thumbnailUrl":"https:\/\/miil.dev.almic.ee\/wp-content\/uploads\/2023\/09\/haagise-rambid-scaled.jpg","datePublished":"2023-09-25T08:34:00+00:00","dateModified":"2024-11-12T11:52:01+00:00","description":"K\u0101pnes biroja kaj\u012bt\u0113m, Containex biroja, ModulX biroja, j\u016bras konteineriem, Baltic states, office cabin sales and rent in Estonia","breadcrumb":{"@id":"https:\/\/miil.dev.almic.ee\/lv\/toode\/juras-konteineru-piebraucamais-cels-rampa-1350kg\/#breadcrumb"},"inLanguage":"lv-LV","potentialAction":[{"@type":"ReadAction","target":["https:\/\/miil.dev.almic.ee\/lv\/toode\/juras-konteineru-piebraucamais-cels-rampa-1350kg\/"]}]},{"@type":"ImageObject","inLanguage":"lv-LV","@id":"https:\/\/miil.dev.almic.ee\/lv\/toode\/juras-konteineru-piebraucamais-cels-rampa-1350kg\/#primaryimage","url":"https:\/\/miil.dev.almic.ee\/wp-content\/uploads\/2023\/09\/haagise-rambid-scaled.jpg","contentUrl":"https:\/\/miil.dev.almic.ee\/wp-content\/uploads\/2023\/09\/haagise-rambid-scaled.jpg","width":1900,"height":1425},{"@type":"BreadcrumbList","@id":"https:\/\/miil.dev.almic.ee\/lv\/toode\/juras-konteineru-piebraucamais-cels-rampa-1350kg\/#breadcrumb","itemListElement":[{"@type":"ListItem","position":1,"name":"Home","item":"https:\/\/miil.dev.almic.ee\/lv\/"},{"@type":"ListItem","position":2,"name":"Veikals","item":"https:\/\/miil.dev.almic.ee\/lv\/veikals\/"},{"@type":"ListItem","position":3,"name":"J\u016bras konteineru piebraucamais ce\u013c\u0161 \/ rampa 1350kg"}]},{"@type":"WebSite","@id":"https:\/\/miil.dev.almic.ee\/#website","url":"https:\/\/miil.dev.almic.ee\/","name":"Miil O\u00dc","description":"Konteinerveod","publisher":{"@id":"https:\/\/miil.dev.almic.ee\/#organization"},"potentialAction":[{"@type":"SearchAction","target":{"@type":"EntryPoint","urlTemplate":"https:\/\/miil.dev.almic.ee\/?s={search_term_string}"},"query-input":{"@type":"PropertyValueSpecification","valueRequired":true,"valueName":"search_term_string"}}],"inLanguage":"lv-LV"},{"@type":"Organization","@id":"https:\/\/miil.dev.almic.ee\/#organization","name":"Miil O\u00dc","url":"https:\/\/miil.dev.almic.ee\/","logo":{"@type":"ImageObject","inLanguage":"lv-LV","@id":"https:\/\/miil.dev.almic.ee\/#\/schema\/logo\/image\/","url":"https:\/\/www.miil.ee\/wp-content\/uploads\/2022\/02\/Miil-logo.svg","contentUrl":"https:\/\/www.miil.ee\/wp-content\/uploads\/2022\/02\/Miil-logo.svg","width":"1024","height":"1024","caption":"Miil O\u00dc"},"image":{"@id":"https:\/\/miil.dev.almic.ee\/#\/schema\/logo\/image\/"},"sameAs":["https:\/\/www.facebook.com\/konteinerveod\/","https:\/\/www.instagram.com\/ou_miil\/"]}]},"product_price_amount":"190.00","product_price_currency":"EUR","og_availability":"instock","product_availability":"instock","product_retailer_item_id":"1568112553753-1-1-1-1","product_condition":"new"},"_links":{"self":[{"href":"https:\/\/miil.dev.almic.ee\/lv\/wp-json\/wp\/v2\/product\/48591","targetHints":{"allow":["GET"]}}],"collection":[{"href":"https:\/\/miil.dev.almic.ee\/lv\/wp-json\/wp\/v2\/product"}],"about":[{"href":"https:\/\/miil.dev.almic.ee\/lv\/wp-json\/wp\/v2\/types\/product"}],"replies":[{"embeddable":true,"href":"https:\/\/miil.dev.almic.ee\/lv\/wp-json\/wp\/v2\/comments?post=48591"}],"wp:featuredmedia":[{"embeddable":true,"href":"https:\/\/miil.dev.almic.ee\/lv\/wp-json\/wp\/v2\/media\/48567"}],"wp:attachment":[{"href":"https:\/\/miil.dev.almic.ee\/lv\/wp-json\/wp\/v2\/media?parent=48591"}],"wp:term":[{"taxonomy":"product_cat","embeddable":true,"href":"https:\/\/miil.dev.almic.ee\/lv\/wp-json\/wp\/v2\/product_cat?post=48591"},{"taxonomy":"product_tag","embeddable":true,"href":"https:\/\/miil.dev.almic.ee\/lv\/wp-json\/wp\/v2\/product_tag?post=48591"}],"curies":[{"name":"wp","href":"https:\/\/api.w.org\/{rel}","templated":true}]}}