{"id":47914,"date":"2023-09-14T18:12:32","date_gmt":"2023-09-14T15:12:33","guid":{"rendered":"https:\/\/www.miil.ee\/?post_type=product&#038;p=47914"},"modified":"2025-03-06T17:34:00","modified_gmt":"2025-03-06T15:34:00","slug":"40hc-juras-konteineris-miiu7771777","status":"publish","type":"product","link":"https:\/\/miil.dev.almic.ee\/lv\/toode\/40hc-juras-konteineris-miiu7771777\/","title":{"rendered":"40HC Juras konteineris MIIU7771777"},"content":{"rendered":"<h1>Pieg\u0101des konteineru p\u0101rb\u016bve<\/h1>\n<p>Pieg\u0101des konteineru p\u0101rb\u016bve p\u0113c \u012bpa\u0161a pas\u016bt\u012bjuma.<br \/>\nVaram pied\u0101v\u0101t da\u017e\u0101dus telpu risin\u0101jumus un durvju skaitu.<br \/>\nCena aptuveni 11 450.- + km, bet atkar\u012bga no pas\u016bt\u012b\u0161anas br\u012b\u017ea un tirgus cen\u0101m.<br \/>\nTransports no \u0136\u012bnas vai V\u0101cijas tiks pievienots!<br \/>\nM\u0113s atrad\u012bsim jums kvalitat\u012bvu un piem\u0113rotu risin\u0101jumu par labu cenu.<\/p>\n<p>\u0160\u0101du konteineru var izmantot, piem\u0113ram, k\u0101 mini noliktavu vai k\u0101 noliktavas telpu daudzdz\u012bvok\u013cu m\u0101jai.<br \/>\nDz\u012bvok\u013cos bie\u017ei vien nav papildu telpu, kur iedz\u012bvot\u0101ji var\u0113tu novietot velosip\u0113dus vai citas nepiecie\u0161am\u0101s lietas.<br \/>\nSadarbojamies ar visiem uz\u0146\u0113mumiem, kas pied\u0101v\u0101 kvalitat\u012bvas konteineru noliktavas, kuri no mums savus konteinerus ieguvu\u0161i uz \u013coti labiem noteikumiem.<\/p>\n<h2>Pieg\u0101des konteineru p\u0101rb\u016bve \u2013 durvju, logu pievieno\u0161ana vai k\u0101ds cits risin\u0101jums?<\/h2>\n<p>Papildus durv\u012bm, ja nepiecie\u0161ams, izb\u016bv\u0113jam starpsienas, uzst\u0101d\u0101m ru\u013c\u013cdurvis, siltin\u0101m vai projekt\u0113jam Jums piem\u0113rotu rekl\u0101mas konteineru.<br \/>\nMums ir iesp\u0113ja ra\u017eot p\u0101rveidotus ISO j\u016bras konteinerus ar der\u012bgu CSC pl\u0101ksn\u012bti bez nepiecie\u0161am\u012bbas p\u0113c atsevi\u0161\u0137as sertifik\u0101cijas.<br \/>\nJa konteiners tiks p\u0101rb\u016bv\u0113ts Igaunij\u0101, CSC sertifik\u0101ts autom\u0101tiski zaud\u0113s savu der\u012bgumu, mainot \u0101r\u0113jo formu.<br \/>\nNav svar\u012bgi, vai konteiners tiek izmantots uz vietas vai transport\u0113ts pa sauszemi.<\/p>\n<p>J\u016bras p\u0101rvad\u0101jumiem ir svar\u012bgs der\u012bgs CSC sertifik\u0101ts, k\u0101 ar\u012b nepiecie\u0161ama p\u0101rbaude.<br \/>\nJ\u016bras transport\u0101 p\u0101rveidotajam konteineram j\u0101atbilst \u012bpa\u0161\u0101m pras\u012bb\u0101m.<br \/>\nKonteinera atk\u0101rtota sertifik\u0101cija Eirop\u0101 maks\u0101 piecciparu summu, ieskaitot papildu izmaksas un pieg\u0101di.<\/p>\n<h2>J\u016bras konteineri tie\u0161i no r\u016bpn\u012bcas<\/h2>\n<p>Liel\u0101kiem s\u016bt\u012bjumiem m\u0113s nos\u016bt\u0101m j\u016bras konteinerus tie\u0161i no r\u016bpn\u012bcas klientam vis\u0101 pasaul\u0113.<br \/>\nJ\u016bs varat ieg\u0101d\u0101ties konteineru pie mums Igaunij\u0101, Austr\u0101lij\u0101 vai Sp\u0101nij\u0101.<br \/>\nPapildus standarta konteineriem m\u016bsu produktu kl\u0101st\u0101 ir ISO tvert\u0146u konteineri, ledusskapju konteineri, multilift r\u0101mja konteineri, uzglab\u0101\u0161anas konteineri, instrumentu konteineri un daudz kas cits.<\/p>\n<ul>\n<li>Pieg\u0101des konteineru p\u0101rb\u016bve<\/li>\n<li>Kravas konteineru kr\u0101so\u0161ana<\/li>\n<li>Transporta konteineru remonts<\/li>\n<li>P\u0101rvad\u0101\u0161anas konteineru atg\u016b\u0161ana<\/li>\n<li>Transporta konteineru ra\u017eo\u0161ana<\/li>\n<li>Transporta konteineru izol\u0101cija<\/li>\n<\/ul>\n<h2>K\u0101p\u0113c v\u0113rsties pie mums p\u0113c konteineru risin\u0101jumiem?<\/h2>\n<p>Attiec\u012bb\u0101 uz j\u016bras konteineriem vienm\u0113r svar\u012bga ir kvalit\u0101te, papildus kvalitat\u012bvai precei mums ir \u013coti gara un pareiza v\u0113sture, kas garant\u0113 klientam, ka prece non\u0101ks sol\u012btaj\u0101 form\u0101, sol\u012btaj\u0101 laik\u0101 un laik\u0101. sol\u012bt\u0101 vieta.<br \/>\nM\u016bsu vietnes atrodas vis\u0101 Igaunij\u0101.<\/p>\n<p>Galvenais birojs ar liel\u0101ko izv\u0113li blakus Tallinai Valtsi 1, Lagedi un maz\u0101kos termin\u0101\u013cos vis\u0101 Igaunij\u0101.<br \/>\nPapildus j\u016bras konteineru p\u0101rb\u016bvei pie mums varat atrast biroja kaj\u012btes, k\u0101pnes, j\u016bras konteinerus, \u017eogus un daudz ko citu.<br \/>\nCenas ar att\u0113liem pieejamas m\u016bsu m\u0101jas lapas E-veikal\u0101.<\/p>\n<p>P\u0101rvad\u0101\u0161anai parasti izmantojam\u00a0<a href=\"https:\/\/www.miil.ee\/lv\/pakalpojumi\/celtnis\/\">celtnis<\/a>\u00a0vai\u00a0<a href=\"https:\/\/www.miil.ee\/lv\/pakalpojumi\/sanu-iekraveji-sideloader\/\">s\u0101nu iekr\u0101v\u0113ju.<\/a><br \/>\nM\u0113s izmantojam\u00a0<a href=\"https:\/\/www.miil.ee\/lv\/pakalpojumi\/ram-pasizgazejs\/\">RAM backloader<\/a>, lai aptvertu vissare\u017e\u0123\u012bt\u0101k\u0101s vietas.<\/p>\n<p>Sekojiet mums\u00a0<a href=\"https:\/\/www.facebook.com\/konteinerveod\/\">Facebook<\/a>\u00a0vai\u00a0<a href=\"https:\/\/www.instagram.com\/ou_miil\/\">Instagram.<\/a><\/p>\n","protected":false},"excerpt":{"rendered":"<p>Pieg\u0101des konteineru p\u0101rb\u016bve p\u0113c \u012bpa\u0161a pas\u016bt\u012bjuma pied\u0101v\u0101 da\u017e\u0101dus telpu risin\u0101jumus, piem\u0113ram, durvju, logu pievieno\u0161anu un citas piel\u0101go\u0161anas iesp\u0113jas. Cena ir aptuveni 11 450 \u20ac + km, un t\u0101 var main\u012bties atkar\u012bb\u0101 no pas\u016bt\u012bjuma laika un tirgus cen\u0101m. Papildus tam m\u0113s pied\u0101v\u0101jam j\u016bras konteineru pieg\u0101di tie\u0161i no r\u016bpn\u012bcas, k\u0101 ar\u012b pla\u0161u citu konteineru risin\u0101jumu kl\u0101stu, piem\u0113ram, siltin\u0101\u0161anu, rekl\u0101mas konteineru projekt\u0113\u0161anu un daudz ko citu. M\u0113s garant\u0113jam augstu kvalit\u0101ti un pieg\u0101di sol\u012btaj\u0101 laik\u0101.<\/p>\n","protected":false},"featured_media":47919,"comment_status":"closed","ping_status":"closed","template":"","meta":{"_acf_changed":false},"product_cat":[356,480,484,348],"product_tag":[],"class_list":{"0":"post-47914","1":"product","2":"type-product","3":"status-publish","4":"has-post-thumbnail","6":"product_cat-jauni-konteineri","7":"product_cat-40-12-metri-lv","8":"product_cat-40-hc-augstais-lv","9":"product_cat-tehnika","11":"first","12":"instock","13":"shipping-taxable","14":"purchasable","15":"product-type-simple"},"acf":[],"yoast_head":"<!-- This site is optimized with the Yoast SEO Premium plugin v23.9 (Yoast SEO v27.5) - https:\/\/yoast.com\/product\/yoast-seo-premium-wordpress\/ -->\n<title>40HC Juras konteineris MIIU7771777 - Miil O\u00dc<\/title>\n<meta name=\"description\" content=\"Pieg\u0101des konteineru p\u0101rb\u016bve | Juras konteiner transport | Juras konteiner jauns | Containex jauns | www.miil.lv | +372 57 50 3328 \u2b50\ufe0f \u2b50\ufe0f \u2b50\ufe0f \u2b50\ufe0f \u2b50\ufe0f\" \/>\n<meta name=\"robots\" content=\"index, follow, max-snippet:-1, max-image-preview:large, max-video-preview:-1\" \/>\n<link rel=\"canonical\" href=\"https:\/\/miil.dev.almic.ee\/lv\/toode\/40hc-juras-konteineris-miiu7771777\/\" \/>\n<meta property=\"og:locale\" content=\"lv_LV\" \/>\n<meta property=\"og:type\" content=\"article\" \/>\n<meta property=\"og:title\" content=\"40HC Juras konteineris MIIU7771777\" \/>\n<meta property=\"og:description\" content=\"Pieg\u0101des konteineru p\u0101rb\u016bve | Juras konteiner transport | Juras konteiner jauns | Containex jauns | www.miil.lv | +372 57 50 3328 \u2b50\ufe0f \u2b50\ufe0f \u2b50\ufe0f \u2b50\ufe0f \u2b50\ufe0f\" \/>\n<meta property=\"og:url\" content=\"https:\/\/miil.dev.almic.ee\/lv\/toode\/40hc-juras-konteineris-miiu7771777\/\" \/>\n<meta property=\"og:site_name\" content=\"Miil O\u00dc\" \/>\n<meta property=\"article:publisher\" content=\"https:\/\/www.facebook.com\/konteinerveod\/\" \/>\n<meta property=\"article:modified_time\" content=\"2025-03-06T15:34:00+00:00\" \/>\n<meta property=\"og:image\" content=\"https:\/\/miil.dev.almic.ee\/wp-content\/uploads\/2023\/09\/Storage-unit-8x.jpg\" \/>\n\t<meta property=\"og:image:width\" content=\"720\" \/>\n\t<meta property=\"og:image:height\" content=\"540\" \/>\n\t<meta property=\"og:image:type\" content=\"image\/jpeg\" \/>\n<meta name=\"twitter:card\" content=\"summary_large_image\" \/>\n<meta name=\"twitter:label1\" content=\"Price\" \/>\n\t<meta name=\"twitter:data1\" content=\"12950,00&nbsp;&euro;\" \/>\n\t<meta name=\"twitter:label2\" content=\"Availability\" \/>\n\t<meta name=\"twitter:data2\" content=\"In stock\" \/>\n<script type=\"application\/ld+json\" class=\"yoast-schema-graph\">{\"@context\":\"https:\\\/\\\/schema.org\",\"@graph\":[{\"@type\":\"WebPage\",\"@id\":\"https:\\\/\\\/miil.dev.almic.ee\\\/lv\\\/toode\\\/40hc-juras-konteineris-miiu7771777\\\/\",\"url\":\"https:\\\/\\\/miil.dev.almic.ee\\\/lv\\\/toode\\\/40hc-juras-konteineris-miiu7771777\\\/\",\"name\":\"40HC Juras konteineris MIIU7771777 - Miil O\u00dc\",\"isPartOf\":{\"@id\":\"https:\\\/\\\/miil.dev.almic.ee\\\/#website\"},\"primaryImageOfPage\":{\"@id\":\"https:\\\/\\\/miil.dev.almic.ee\\\/lv\\\/toode\\\/40hc-juras-konteineris-miiu7771777\\\/#primaryimage\"},\"image\":{\"@id\":\"https:\\\/\\\/miil.dev.almic.ee\\\/lv\\\/toode\\\/40hc-juras-konteineris-miiu7771777\\\/#primaryimage\"},\"thumbnailUrl\":\"https:\\\/\\\/miil.dev.almic.ee\\\/wp-content\\\/uploads\\\/2023\\\/09\\\/Storage-unit-8x.jpg\",\"datePublished\":\"2023-09-14T15:12:33+00:00\",\"dateModified\":\"2025-03-06T15:34:00+00:00\",\"description\":\"Pieg\u0101des konteineru p\u0101rb\u016bve | Juras konteiner transport | Juras konteiner jauns | Containex jauns | www.miil.lv | +372 57 50 3328 \u2b50\ufe0f \u2b50\ufe0f \u2b50\ufe0f \u2b50\ufe0f \u2b50\ufe0f\",\"breadcrumb\":{\"@id\":\"https:\\\/\\\/miil.dev.almic.ee\\\/lv\\\/toode\\\/40hc-juras-konteineris-miiu7771777\\\/#breadcrumb\"},\"inLanguage\":\"lv-LV\",\"potentialAction\":[{\"@type\":\"ReadAction\",\"target\":[\"https:\\\/\\\/miil.dev.almic.ee\\\/lv\\\/toode\\\/40hc-juras-konteineris-miiu7771777\\\/\"]}]},{\"@type\":\"ImageObject\",\"inLanguage\":\"lv-LV\",\"@id\":\"https:\\\/\\\/miil.dev.almic.ee\\\/lv\\\/toode\\\/40hc-juras-konteineris-miiu7771777\\\/#primaryimage\",\"url\":\"https:\\\/\\\/miil.dev.almic.ee\\\/wp-content\\\/uploads\\\/2023\\\/09\\\/Storage-unit-8x.jpg\",\"contentUrl\":\"https:\\\/\\\/miil.dev.almic.ee\\\/wp-content\\\/uploads\\\/2023\\\/09\\\/Storage-unit-8x.jpg\",\"width\":720,\"height\":540,\"caption\":\"Merekonteinerite \u00fcmberehitus\"},{\"@type\":\"BreadcrumbList\",\"@id\":\"https:\\\/\\\/miil.dev.almic.ee\\\/lv\\\/toode\\\/40hc-juras-konteineris-miiu7771777\\\/#breadcrumb\",\"itemListElement\":[{\"@type\":\"ListItem\",\"position\":1,\"name\":\"Home\",\"item\":\"https:\\\/\\\/miil.dev.almic.ee\\\/lv\\\/\"},{\"@type\":\"ListItem\",\"position\":2,\"name\":\"Veikals\",\"item\":\"https:\\\/\\\/miil.dev.almic.ee\\\/lv\\\/veikals\\\/\"},{\"@type\":\"ListItem\",\"position\":3,\"name\":\"40HC Juras konteineris MIIU7771777\"}]},{\"@type\":\"WebSite\",\"@id\":\"https:\\\/\\\/miil.dev.almic.ee\\\/#website\",\"url\":\"https:\\\/\\\/miil.dev.almic.ee\\\/\",\"name\":\"Miil O\u00dc\",\"description\":\"Konteinerveod\",\"publisher\":{\"@id\":\"https:\\\/\\\/miil.dev.almic.ee\\\/#organization\"},\"potentialAction\":[{\"@type\":\"SearchAction\",\"target\":{\"@type\":\"EntryPoint\",\"urlTemplate\":\"https:\\\/\\\/miil.dev.almic.ee\\\/?s={search_term_string}\"},\"query-input\":{\"@type\":\"PropertyValueSpecification\",\"valueRequired\":true,\"valueName\":\"search_term_string\"}}],\"inLanguage\":\"lv-LV\"},{\"@type\":\"Organization\",\"@id\":\"https:\\\/\\\/miil.dev.almic.ee\\\/#organization\",\"name\":\"Miil O\u00dc\",\"url\":\"https:\\\/\\\/miil.dev.almic.ee\\\/\",\"logo\":{\"@type\":\"ImageObject\",\"inLanguage\":\"lv-LV\",\"@id\":\"https:\\\/\\\/miil.dev.almic.ee\\\/#\\\/schema\\\/logo\\\/image\\\/\",\"url\":\"https:\\\/\\\/www.miil.ee\\\/wp-content\\\/uploads\\\/2022\\\/02\\\/Miil-logo.svg\",\"contentUrl\":\"https:\\\/\\\/www.miil.ee\\\/wp-content\\\/uploads\\\/2022\\\/02\\\/Miil-logo.svg\",\"width\":\"1024\",\"height\":\"1024\",\"caption\":\"Miil O\u00dc\"},\"image\":{\"@id\":\"https:\\\/\\\/miil.dev.almic.ee\\\/#\\\/schema\\\/logo\\\/image\\\/\"},\"sameAs\":[\"https:\\\/\\\/www.facebook.com\\\/konteinerveod\\\/\",\"https:\\\/\\\/www.instagram.com\\\/ou_miil\\\/\"]}]}<\/script>\n<meta property=\"product:price:amount\" content=\"12950.00\" \/>\n<meta property=\"product:price:currency\" content=\"EUR\" \/>\n<meta property=\"og:availability\" content=\"instock\" \/>\n<meta property=\"product:availability\" content=\"instock\" \/>\n<meta property=\"product:retailer_item_id\" content=\"MIIU7771777\" \/>\n<meta property=\"product:condition\" content=\"new\" \/>\n<!-- \/ Yoast SEO Premium plugin. -->","yoast_head_json":{"title":"40HC Juras konteineris MIIU7771777 - Miil O\u00dc","description":"Pieg\u0101des konteineru p\u0101rb\u016bve | Juras konteiner transport | Juras konteiner jauns | Containex jauns | www.miil.lv | +372 57 50 3328 \u2b50\ufe0f \u2b50\ufe0f \u2b50\ufe0f \u2b50\ufe0f \u2b50\ufe0f","robots":{"index":"index","follow":"follow","max-snippet":"max-snippet:-1","max-image-preview":"max-image-preview:large","max-video-preview":"max-video-preview:-1"},"canonical":"https:\/\/miil.dev.almic.ee\/lv\/toode\/40hc-juras-konteineris-miiu7771777\/","og_locale":"lv_LV","og_type":"article","og_title":"40HC Juras konteineris MIIU7771777","og_description":"Pieg\u0101des konteineru p\u0101rb\u016bve | Juras konteiner transport | Juras konteiner jauns | Containex jauns | www.miil.lv | +372 57 50 3328 \u2b50\ufe0f \u2b50\ufe0f \u2b50\ufe0f \u2b50\ufe0f \u2b50\ufe0f","og_url":"https:\/\/miil.dev.almic.ee\/lv\/toode\/40hc-juras-konteineris-miiu7771777\/","og_site_name":"Miil O\u00dc","article_publisher":"https:\/\/www.facebook.com\/konteinerveod\/","article_modified_time":"2025-03-06T15:34:00+00:00","og_image":[{"width":720,"height":540,"url":"https:\/\/miil.dev.almic.ee\/wp-content\/uploads\/2023\/09\/Storage-unit-8x.jpg","type":"image\/jpeg"}],"twitter_card":"summary_large_image","twitter_misc":{"Price":"12950,00&nbsp;&euro;","Availability":"In stock"},"schema":{"@context":"https:\/\/schema.org","@graph":[{"@type":"WebPage","@id":"https:\/\/miil.dev.almic.ee\/lv\/toode\/40hc-juras-konteineris-miiu7771777\/","url":"https:\/\/miil.dev.almic.ee\/lv\/toode\/40hc-juras-konteineris-miiu7771777\/","name":"40HC Juras konteineris MIIU7771777 - Miil O\u00dc","isPartOf":{"@id":"https:\/\/miil.dev.almic.ee\/#website"},"primaryImageOfPage":{"@id":"https:\/\/miil.dev.almic.ee\/lv\/toode\/40hc-juras-konteineris-miiu7771777\/#primaryimage"},"image":{"@id":"https:\/\/miil.dev.almic.ee\/lv\/toode\/40hc-juras-konteineris-miiu7771777\/#primaryimage"},"thumbnailUrl":"https:\/\/miil.dev.almic.ee\/wp-content\/uploads\/2023\/09\/Storage-unit-8x.jpg","datePublished":"2023-09-14T15:12:33+00:00","dateModified":"2025-03-06T15:34:00+00:00","description":"Pieg\u0101des konteineru p\u0101rb\u016bve | Juras konteiner transport | Juras konteiner jauns | Containex jauns | www.miil.lv | +372 57 50 3328 \u2b50\ufe0f \u2b50\ufe0f \u2b50\ufe0f \u2b50\ufe0f \u2b50\ufe0f","breadcrumb":{"@id":"https:\/\/miil.dev.almic.ee\/lv\/toode\/40hc-juras-konteineris-miiu7771777\/#breadcrumb"},"inLanguage":"lv-LV","potentialAction":[{"@type":"ReadAction","target":["https:\/\/miil.dev.almic.ee\/lv\/toode\/40hc-juras-konteineris-miiu7771777\/"]}]},{"@type":"ImageObject","inLanguage":"lv-LV","@id":"https:\/\/miil.dev.almic.ee\/lv\/toode\/40hc-juras-konteineris-miiu7771777\/#primaryimage","url":"https:\/\/miil.dev.almic.ee\/wp-content\/uploads\/2023\/09\/Storage-unit-8x.jpg","contentUrl":"https:\/\/miil.dev.almic.ee\/wp-content\/uploads\/2023\/09\/Storage-unit-8x.jpg","width":720,"height":540,"caption":"Merekonteinerite \u00fcmberehitus"},{"@type":"BreadcrumbList","@id":"https:\/\/miil.dev.almic.ee\/lv\/toode\/40hc-juras-konteineris-miiu7771777\/#breadcrumb","itemListElement":[{"@type":"ListItem","position":1,"name":"Home","item":"https:\/\/miil.dev.almic.ee\/lv\/"},{"@type":"ListItem","position":2,"name":"Veikals","item":"https:\/\/miil.dev.almic.ee\/lv\/veikals\/"},{"@type":"ListItem","position":3,"name":"40HC Juras konteineris MIIU7771777"}]},{"@type":"WebSite","@id":"https:\/\/miil.dev.almic.ee\/#website","url":"https:\/\/miil.dev.almic.ee\/","name":"Miil O\u00dc","description":"Konteinerveod","publisher":{"@id":"https:\/\/miil.dev.almic.ee\/#organization"},"potentialAction":[{"@type":"SearchAction","target":{"@type":"EntryPoint","urlTemplate":"https:\/\/miil.dev.almic.ee\/?s={search_term_string}"},"query-input":{"@type":"PropertyValueSpecification","valueRequired":true,"valueName":"search_term_string"}}],"inLanguage":"lv-LV"},{"@type":"Organization","@id":"https:\/\/miil.dev.almic.ee\/#organization","name":"Miil O\u00dc","url":"https:\/\/miil.dev.almic.ee\/","logo":{"@type":"ImageObject","inLanguage":"lv-LV","@id":"https:\/\/miil.dev.almic.ee\/#\/schema\/logo\/image\/","url":"https:\/\/www.miil.ee\/wp-content\/uploads\/2022\/02\/Miil-logo.svg","contentUrl":"https:\/\/www.miil.ee\/wp-content\/uploads\/2022\/02\/Miil-logo.svg","width":"1024","height":"1024","caption":"Miil O\u00dc"},"image":{"@id":"https:\/\/miil.dev.almic.ee\/#\/schema\/logo\/image\/"},"sameAs":["https:\/\/www.facebook.com\/konteinerveod\/","https:\/\/www.instagram.com\/ou_miil\/"]}]},"product_price_amount":"12950.00","product_price_currency":"EUR","og_availability":"instock","product_availability":"instock","product_retailer_item_id":"MIIU7771777","product_condition":"new"},"_links":{"self":[{"href":"https:\/\/miil.dev.almic.ee\/lv\/wp-json\/wp\/v2\/product\/47914","targetHints":{"allow":["GET"]}}],"collection":[{"href":"https:\/\/miil.dev.almic.ee\/lv\/wp-json\/wp\/v2\/product"}],"about":[{"href":"https:\/\/miil.dev.almic.ee\/lv\/wp-json\/wp\/v2\/types\/product"}],"replies":[{"embeddable":true,"href":"https:\/\/miil.dev.almic.ee\/lv\/wp-json\/wp\/v2\/comments?post=47914"}],"wp:featuredmedia":[{"embeddable":true,"href":"https:\/\/miil.dev.almic.ee\/lv\/wp-json\/wp\/v2\/media\/47919"}],"wp:attachment":[{"href":"https:\/\/miil.dev.almic.ee\/lv\/wp-json\/wp\/v2\/media?parent=47914"}],"wp:term":[{"taxonomy":"product_cat","embeddable":true,"href":"https:\/\/miil.dev.almic.ee\/lv\/wp-json\/wp\/v2\/product_cat?post=47914"},{"taxonomy":"product_tag","embeddable":true,"href":"https:\/\/miil.dev.almic.ee\/lv\/wp-json\/wp\/v2\/product_tag?post=47914"}],"curies":[{"name":"wp","href":"https:\/\/api.w.org\/{rel}","templated":true}]}}