{"id":47879,"date":"2023-09-14T09:40:41","date_gmt":"2023-09-14T06:40:41","guid":{"rendered":"https:\/\/www.miil.ee\/?post_type=product&#038;p=47879"},"modified":"2024-11-06T14:07:32","modified_gmt":"2024-11-06T12:07:32","slug":"containex-sanitary-miiu0607","status":"publish","type":"product","link":"https:\/\/miil.dev.almic.ee\/lv\/toode\/containex-sanitary-miiu0607\/","title":{"rendered":"Kab\u012bnes Containex Sanitary \u2013 MIIU0607"},"content":{"rendered":"<h1>Kab\u012bne Containex WC ar invalidit\u0101ti<\/h1>\n<p>Cabin Containex inval\u012bdu WC ir jauna un reprezentat\u012bva \u0101ra tualete ar izol\u0101ciju, ko b\u016bv\u0113ju\u0161i m\u016bsu speci\u0101listi.<br \/>\nsalon\u0101 varam izveidot interesantu sanit\u0101ro risin\u0101jumu p\u0113c klienta v\u0113lm\u0113m un vajadz\u012bb\u0101m.<br \/>\nMiil O\u00dc p\u0101rst\u0101v Containex un ModulX modu\u013cu kaj\u012btes ar CE mar\u0137\u0113jumu.<br \/>\nCE mar\u0137\u0113jums ir kvalit\u0101tes z\u012bme, kas nodro\u0161ina, ka kaj\u012btes ir dro\u0161as lieto\u0161an\u0101, b\u016bv\u0113tas atbilsto\u0161i standartam un kontrol\u0113tas ar kvalit\u0101ti.<\/p>\n<h2>Cabin Containex inval\u012bdu tualete vai biroja telpas viet\u0101?<\/h2>\n<p>Kaj\u012bt\u0113m ir \u013coti pla\u0161s pielietojuma kl\u0101sts, un t\u0101s var izmantot no koted\u017e\u0101m l\u012bdz sanit\u0101rajiem modu\u013ciem.<br \/>\nVannai ar sanit\u0101ro armat\u016bru var pievienot tualeti, mazg\u0101\u0161an\u0101s iesp\u0113ju, atsevi\u0161\u0137u v\u012brie\u0161u un sievie\u0161u sekciju vai ko citu.<br \/>\nKarst\u0101s vannas bez sanit\u0101r\u0101s da\u013cas tiek izmantotas, piem\u0113ram, k\u0101 birojs, m\u0101ja, remontdarbn\u012bca vai restor\u0101ns.<br \/>\nVisus modu\u013cus var savienot kop\u0101, veidojot liel\u0101kas telpas.<\/p>\n<p>M\u016bsu speci\u0101listi ir izveidoju\u0161i ar\u012b sare\u017e\u0123\u012btus risin\u0101jumus, kas sast\u0101v no desmitiem kaj\u012b\u0161u sist\u0113mu.<br \/>\nContainex kab\u012bnes ir pieejamas da\u017e\u0101d\u0101s kr\u0101s\u0101s, logu un durvju atra\u0161an\u0101s vietu var br\u012bvi izv\u0113l\u0113ties, un t\u0101s tiek b\u016bv\u0113tas uz bultskr\u016bvju r\u0101mja.<\/p>\n<h2>Kvalit\u0101te<\/h2>\n<p>Containex kvalit\u0101te ir pirm\u0161\u0137ir\u012bga, tas ir z\u012bmols, kas ir tirg\u016b vair\u0101k nek\u0101 40 gadus, un kvalit\u0101te netiek apdraud\u0113ta.<br \/>\nIzol\u0101cija pret laikapst\u0101k\u013ciem s\u0101kas ar jumtu, un t\u0101 ir izgatavota no viena velm\u0113tas cinka loksnes uz m\u016bsu p\u0101rdotaj\u0101m kaj\u012bt\u0113m.<br \/>\nKab\u012b\u0146u savieno\u0161anai kop\u0101 tiek izmantots \u012bpa\u0161s savienojuma komplekts.<br \/>\nModu\u013cus var transport\u0113t uz klienta att\u0101l\u0101kaj\u0101m teritorij\u0101m pa div\u0101m partij\u0101m.<br \/>\nTas saglab\u0101 zemu pieg\u0101des cenu.<\/p>\n<p>P\u0101rvad\u0101\u0161anai parasti izmantojam <a href=\"https:\/\/www.miil.ee\/lv\/pakalpojumi\/celtnis\/\">celtnis<\/a> vai <a href=\"https:\/\/www.miil.ee\/lv\/pakalpojumi\/sanu-iekraveji-sideloader\/\">s\u0101nu iekr\u0101v\u0113ju.<\/a><br \/>\nM\u0113s izmantojam <a href=\"https:\/\/www.miil.ee\/lv\/pakalpojumi\/ram-pasizgazejs\/\">RAM backloader<\/a>, lai aptvertu vissare\u017e\u0123\u012bt\u0101k\u0101s vietas.<\/p>\n<p>Sekojiet mums <a href=\"https:\/\/www.facebook.com\/konteinerveod\/\">Facebook<\/a> vai <a href=\"https:\/\/www.instagram.com\/ou_miil\/\">Instagram.<\/a><\/p>\n","protected":false},"excerpt":{"rendered":"<p>Kab\u012bne Containex WC ar invalidit\u0101ti Cabin Containex inval\u012bdu WC ir jauna un reprezentat\u012bva \u0101ra tualete ar izol\u0101ciju, ko b\u016bv\u0113ju\u0161i m\u016bsu speci\u0101listi. salon\u0101 varam izveidot interesantu sanit\u0101ro risin\u0101jumu p\u0113c klienta v\u0113lm\u0113m un vajadz\u012bb\u0101m. Miil O\u00dc p\u0101rst\u0101v Containex un ModulX modu\u013cu kaj\u012btes ar CE mar\u0137\u0113jumu. CE mar\u0137\u0113jums ir kvalit\u0101tes z\u012bme, kas nodro\u0161ina, ka kaj\u012btes ir dro\u0161as lieto\u0161an\u0101,&#8230;<\/p>\n","protected":false},"featured_media":47884,"comment_status":"open","ping_status":"closed","template":"","meta":{"_acf_changed":false},"product_cat":[344,408],"product_tag":[],"class_list":{"0":"post-47879","1":"product","2":"type-product","3":"status-publish","4":"has-post-thumbnail","6":"product_cat-vagonini","7":"product_cat-jauni-vagonini","9":"first","10":"instock","11":"shipping-taxable","12":"purchasable","13":"product-type-simple"},"acf":[],"yoast_head":"<!-- This site is optimized with the Yoast SEO Premium plugin v23.9 (Yoast SEO v27.5) - https:\/\/yoast.com\/product\/yoast-seo-premium-wordpress\/ -->\n<title>Kab\u012bnes Containex Sanitary \u2013 MIIU0607 - Miil O\u00dc<\/title>\n<meta name=\"description\" content=\"Cabin Containex inval\u012bdu | Mini m\u0101jas un koted\u017eas | Kaj\u012b\u0161u noma un p\u0101rdo\u0161ana | Transports un remonts | Elektr\u012bbas darbi un apkure\" \/>\n<meta name=\"robots\" content=\"index, follow, max-snippet:-1, max-image-preview:large, max-video-preview:-1\" \/>\n<link rel=\"canonical\" href=\"https:\/\/miil.dev.almic.ee\/lv\/toode\/containex-sanitary-miiu0607\/\" \/>\n<meta property=\"og:locale\" content=\"lv_LV\" \/>\n<meta property=\"og:type\" content=\"article\" \/>\n<meta property=\"og:title\" content=\"Kab\u012bnes Containex Sanitary \u2013 MIIU0607\" \/>\n<meta property=\"og:description\" content=\"Cabin Containex inval\u012bdu | Mini m\u0101jas un koted\u017eas | Kaj\u012b\u0161u noma un p\u0101rdo\u0161ana | Transports un remonts | Elektr\u012bbas darbi un apkure\" \/>\n<meta property=\"og:url\" content=\"https:\/\/miil.dev.almic.ee\/lv\/toode\/containex-sanitary-miiu0607\/\" \/>\n<meta property=\"og:site_name\" content=\"Miil O\u00dc\" \/>\n<meta property=\"article:publisher\" content=\"https:\/\/www.facebook.com\/konteinerveod\/\" \/>\n<meta property=\"article:modified_time\" content=\"2024-11-06T12:07:32+00:00\" \/>\n<meta property=\"og:image\" content=\"https:\/\/miil.dev.almic.ee\/wp-content\/uploads\/2023\/09\/soojak-inva-wc-toilet-2-scaled.jpg\" \/>\n\t<meta property=\"og:image:width\" content=\"1900\" \/>\n\t<meta property=\"og:image:height\" content=\"1425\" \/>\n\t<meta property=\"og:image:type\" content=\"image\/jpeg\" \/>\n<meta name=\"twitter:card\" content=\"summary_large_image\" \/>\n<meta name=\"twitter:label1\" content=\"Price\" \/>\n\t<meta name=\"twitter:data1\" content=\"9840,00&nbsp;&euro;\" \/>\n\t<meta name=\"twitter:label2\" content=\"Availability\" \/>\n\t<meta name=\"twitter:data2\" content=\"In stock\" \/>\n<script type=\"application\/ld+json\" class=\"yoast-schema-graph\">{\"@context\":\"https:\\\/\\\/schema.org\",\"@graph\":[{\"@type\":\"WebPage\",\"@id\":\"https:\\\/\\\/miil.dev.almic.ee\\\/lv\\\/toode\\\/containex-sanitary-miiu0607\\\/\",\"url\":\"https:\\\/\\\/miil.dev.almic.ee\\\/lv\\\/toode\\\/containex-sanitary-miiu0607\\\/\",\"name\":\"Kab\u012bnes Containex Sanitary \u2013 MIIU0607 - Miil O\u00dc\",\"isPartOf\":{\"@id\":\"https:\\\/\\\/miil.dev.almic.ee\\\/#website\"},\"primaryImageOfPage\":{\"@id\":\"https:\\\/\\\/miil.dev.almic.ee\\\/lv\\\/toode\\\/containex-sanitary-miiu0607\\\/#primaryimage\"},\"image\":{\"@id\":\"https:\\\/\\\/miil.dev.almic.ee\\\/lv\\\/toode\\\/containex-sanitary-miiu0607\\\/#primaryimage\"},\"thumbnailUrl\":\"https:\\\/\\\/miil.dev.almic.ee\\\/wp-content\\\/uploads\\\/2023\\\/09\\\/soojak-inva-wc-toilet-2-scaled.jpg\",\"datePublished\":\"2023-09-14T06:40:41+00:00\",\"dateModified\":\"2024-11-06T12:07:32+00:00\",\"description\":\"Cabin Containex inval\u012bdu | Mini m\u0101jas un koted\u017eas | Kaj\u012b\u0161u noma un p\u0101rdo\u0161ana | Transports un remonts | Elektr\u012bbas darbi un apkure\",\"breadcrumb\":{\"@id\":\"https:\\\/\\\/miil.dev.almic.ee\\\/lv\\\/toode\\\/containex-sanitary-miiu0607\\\/#breadcrumb\"},\"inLanguage\":\"lv-LV\",\"potentialAction\":[{\"@type\":\"ReadAction\",\"target\":[\"https:\\\/\\\/miil.dev.almic.ee\\\/lv\\\/toode\\\/containex-sanitary-miiu0607\\\/\"]}]},{\"@type\":\"ImageObject\",\"inLanguage\":\"lv-LV\",\"@id\":\"https:\\\/\\\/miil.dev.almic.ee\\\/lv\\\/toode\\\/containex-sanitary-miiu0607\\\/#primaryimage\",\"url\":\"https:\\\/\\\/miil.dev.almic.ee\\\/wp-content\\\/uploads\\\/2023\\\/09\\\/soojak-inva-wc-toilet-2-scaled.jpg\",\"contentUrl\":\"https:\\\/\\\/miil.dev.almic.ee\\\/wp-content\\\/uploads\\\/2023\\\/09\\\/soojak-inva-wc-toilet-2-scaled.jpg\",\"width\":1900,\"height\":1425,\"caption\":\"Soojak Containex inva WC\"},{\"@type\":\"BreadcrumbList\",\"@id\":\"https:\\\/\\\/miil.dev.almic.ee\\\/lv\\\/toode\\\/containex-sanitary-miiu0607\\\/#breadcrumb\",\"itemListElement\":[{\"@type\":\"ListItem\",\"position\":1,\"name\":\"Home\",\"item\":\"https:\\\/\\\/miil.dev.almic.ee\\\/lv\\\/\"},{\"@type\":\"ListItem\",\"position\":2,\"name\":\"Veikals\",\"item\":\"https:\\\/\\\/miil.dev.almic.ee\\\/lv\\\/veikals\\\/\"},{\"@type\":\"ListItem\",\"position\":3,\"name\":\"Kab\u012bnes Containex Sanitary \u2013 MIIU0607\"}]},{\"@type\":\"WebSite\",\"@id\":\"https:\\\/\\\/miil.dev.almic.ee\\\/#website\",\"url\":\"https:\\\/\\\/miil.dev.almic.ee\\\/\",\"name\":\"Miil O\u00dc\",\"description\":\"Konteinerveod\",\"publisher\":{\"@id\":\"https:\\\/\\\/miil.dev.almic.ee\\\/#organization\"},\"potentialAction\":[{\"@type\":\"SearchAction\",\"target\":{\"@type\":\"EntryPoint\",\"urlTemplate\":\"https:\\\/\\\/miil.dev.almic.ee\\\/?s={search_term_string}\"},\"query-input\":{\"@type\":\"PropertyValueSpecification\",\"valueRequired\":true,\"valueName\":\"search_term_string\"}}],\"inLanguage\":\"lv-LV\"},{\"@type\":\"Organization\",\"@id\":\"https:\\\/\\\/miil.dev.almic.ee\\\/#organization\",\"name\":\"Miil O\u00dc\",\"url\":\"https:\\\/\\\/miil.dev.almic.ee\\\/\",\"logo\":{\"@type\":\"ImageObject\",\"inLanguage\":\"lv-LV\",\"@id\":\"https:\\\/\\\/miil.dev.almic.ee\\\/#\\\/schema\\\/logo\\\/image\\\/\",\"url\":\"https:\\\/\\\/www.miil.ee\\\/wp-content\\\/uploads\\\/2022\\\/02\\\/Miil-logo.svg\",\"contentUrl\":\"https:\\\/\\\/www.miil.ee\\\/wp-content\\\/uploads\\\/2022\\\/02\\\/Miil-logo.svg\",\"width\":\"1024\",\"height\":\"1024\",\"caption\":\"Miil O\u00dc\"},\"image\":{\"@id\":\"https:\\\/\\\/miil.dev.almic.ee\\\/#\\\/schema\\\/logo\\\/image\\\/\"},\"sameAs\":[\"https:\\\/\\\/www.facebook.com\\\/konteinerveod\\\/\",\"https:\\\/\\\/www.instagram.com\\\/ou_miil\\\/\"]}]}<\/script>\n<meta property=\"product:price:amount\" content=\"9840.00\" \/>\n<meta property=\"product:price:currency\" content=\"EUR\" \/>\n<meta property=\"og:availability\" content=\"instock\" \/>\n<meta property=\"product:availability\" content=\"instock\" \/>\n<meta property=\"product:retailer_item_id\" content=\"MIIU1750\" \/>\n<meta property=\"product:condition\" content=\"new\" \/>\n<!-- \/ Yoast SEO Premium plugin. -->","yoast_head_json":{"title":"Kab\u012bnes Containex Sanitary \u2013 MIIU0607 - Miil O\u00dc","description":"Cabin Containex inval\u012bdu | Mini m\u0101jas un koted\u017eas | Kaj\u012b\u0161u noma un p\u0101rdo\u0161ana | Transports un remonts | Elektr\u012bbas darbi un apkure","robots":{"index":"index","follow":"follow","max-snippet":"max-snippet:-1","max-image-preview":"max-image-preview:large","max-video-preview":"max-video-preview:-1"},"canonical":"https:\/\/miil.dev.almic.ee\/lv\/toode\/containex-sanitary-miiu0607\/","og_locale":"lv_LV","og_type":"article","og_title":"Kab\u012bnes Containex Sanitary \u2013 MIIU0607","og_description":"Cabin Containex inval\u012bdu | Mini m\u0101jas un koted\u017eas | Kaj\u012b\u0161u noma un p\u0101rdo\u0161ana | Transports un remonts | Elektr\u012bbas darbi un apkure","og_url":"https:\/\/miil.dev.almic.ee\/lv\/toode\/containex-sanitary-miiu0607\/","og_site_name":"Miil O\u00dc","article_publisher":"https:\/\/www.facebook.com\/konteinerveod\/","article_modified_time":"2024-11-06T12:07:32+00:00","og_image":[{"width":1900,"height":1425,"url":"https:\/\/miil.dev.almic.ee\/wp-content\/uploads\/2023\/09\/soojak-inva-wc-toilet-2-scaled.jpg","type":"image\/jpeg"}],"twitter_card":"summary_large_image","twitter_misc":{"Price":"9840,00&nbsp;&euro;","Availability":"In stock"},"schema":{"@context":"https:\/\/schema.org","@graph":[{"@type":"WebPage","@id":"https:\/\/miil.dev.almic.ee\/lv\/toode\/containex-sanitary-miiu0607\/","url":"https:\/\/miil.dev.almic.ee\/lv\/toode\/containex-sanitary-miiu0607\/","name":"Kab\u012bnes Containex Sanitary \u2013 MIIU0607 - Miil O\u00dc","isPartOf":{"@id":"https:\/\/miil.dev.almic.ee\/#website"},"primaryImageOfPage":{"@id":"https:\/\/miil.dev.almic.ee\/lv\/toode\/containex-sanitary-miiu0607\/#primaryimage"},"image":{"@id":"https:\/\/miil.dev.almic.ee\/lv\/toode\/containex-sanitary-miiu0607\/#primaryimage"},"thumbnailUrl":"https:\/\/miil.dev.almic.ee\/wp-content\/uploads\/2023\/09\/soojak-inva-wc-toilet-2-scaled.jpg","datePublished":"2023-09-14T06:40:41+00:00","dateModified":"2024-11-06T12:07:32+00:00","description":"Cabin Containex inval\u012bdu | Mini m\u0101jas un koted\u017eas | Kaj\u012b\u0161u noma un p\u0101rdo\u0161ana | Transports un remonts | Elektr\u012bbas darbi un apkure","breadcrumb":{"@id":"https:\/\/miil.dev.almic.ee\/lv\/toode\/containex-sanitary-miiu0607\/#breadcrumb"},"inLanguage":"lv-LV","potentialAction":[{"@type":"ReadAction","target":["https:\/\/miil.dev.almic.ee\/lv\/toode\/containex-sanitary-miiu0607\/"]}]},{"@type":"ImageObject","inLanguage":"lv-LV","@id":"https:\/\/miil.dev.almic.ee\/lv\/toode\/containex-sanitary-miiu0607\/#primaryimage","url":"https:\/\/miil.dev.almic.ee\/wp-content\/uploads\/2023\/09\/soojak-inva-wc-toilet-2-scaled.jpg","contentUrl":"https:\/\/miil.dev.almic.ee\/wp-content\/uploads\/2023\/09\/soojak-inva-wc-toilet-2-scaled.jpg","width":1900,"height":1425,"caption":"Soojak Containex inva WC"},{"@type":"BreadcrumbList","@id":"https:\/\/miil.dev.almic.ee\/lv\/toode\/containex-sanitary-miiu0607\/#breadcrumb","itemListElement":[{"@type":"ListItem","position":1,"name":"Home","item":"https:\/\/miil.dev.almic.ee\/lv\/"},{"@type":"ListItem","position":2,"name":"Veikals","item":"https:\/\/miil.dev.almic.ee\/lv\/veikals\/"},{"@type":"ListItem","position":3,"name":"Kab\u012bnes Containex Sanitary \u2013 MIIU0607"}]},{"@type":"WebSite","@id":"https:\/\/miil.dev.almic.ee\/#website","url":"https:\/\/miil.dev.almic.ee\/","name":"Miil O\u00dc","description":"Konteinerveod","publisher":{"@id":"https:\/\/miil.dev.almic.ee\/#organization"},"potentialAction":[{"@type":"SearchAction","target":{"@type":"EntryPoint","urlTemplate":"https:\/\/miil.dev.almic.ee\/?s={search_term_string}"},"query-input":{"@type":"PropertyValueSpecification","valueRequired":true,"valueName":"search_term_string"}}],"inLanguage":"lv-LV"},{"@type":"Organization","@id":"https:\/\/miil.dev.almic.ee\/#organization","name":"Miil O\u00dc","url":"https:\/\/miil.dev.almic.ee\/","logo":{"@type":"ImageObject","inLanguage":"lv-LV","@id":"https:\/\/miil.dev.almic.ee\/#\/schema\/logo\/image\/","url":"https:\/\/www.miil.ee\/wp-content\/uploads\/2022\/02\/Miil-logo.svg","contentUrl":"https:\/\/www.miil.ee\/wp-content\/uploads\/2022\/02\/Miil-logo.svg","width":"1024","height":"1024","caption":"Miil O\u00dc"},"image":{"@id":"https:\/\/miil.dev.almic.ee\/#\/schema\/logo\/image\/"},"sameAs":["https:\/\/www.facebook.com\/konteinerveod\/","https:\/\/www.instagram.com\/ou_miil\/"]}]},"product_price_amount":"9840.00","product_price_currency":"EUR","og_availability":"instock","product_availability":"instock","product_retailer_item_id":"MIIU1750","product_condition":"new"},"_links":{"self":[{"href":"https:\/\/miil.dev.almic.ee\/lv\/wp-json\/wp\/v2\/product\/47879","targetHints":{"allow":["GET"]}}],"collection":[{"href":"https:\/\/miil.dev.almic.ee\/lv\/wp-json\/wp\/v2\/product"}],"about":[{"href":"https:\/\/miil.dev.almic.ee\/lv\/wp-json\/wp\/v2\/types\/product"}],"replies":[{"embeddable":true,"href":"https:\/\/miil.dev.almic.ee\/lv\/wp-json\/wp\/v2\/comments?post=47879"}],"wp:featuredmedia":[{"embeddable":true,"href":"https:\/\/miil.dev.almic.ee\/lv\/wp-json\/wp\/v2\/media\/47884"}],"wp:attachment":[{"href":"https:\/\/miil.dev.almic.ee\/lv\/wp-json\/wp\/v2\/media?parent=47879"}],"wp:term":[{"taxonomy":"product_cat","embeddable":true,"href":"https:\/\/miil.dev.almic.ee\/lv\/wp-json\/wp\/v2\/product_cat?post=47879"},{"taxonomy":"product_tag","embeddable":true,"href":"https:\/\/miil.dev.almic.ee\/lv\/wp-json\/wp\/v2\/product_tag?post=47879"}],"curies":[{"name":"wp","href":"https:\/\/api.w.org\/{rel}","templated":true}]}}