{"id":47740,"date":"2023-09-13T14:51:42","date_gmt":"2023-09-13T11:51:43","guid":{"rendered":"https:\/\/www.miil.ee\/?post_type=product&#038;p=47740"},"modified":"2025-03-06T17:30:20","modified_gmt":"2025-03-06T15:30:20","slug":"40hc-juras-konteineru-reklamamiiu1237654","status":"publish","type":"product","link":"https:\/\/miil.dev.almic.ee\/lv\/toode\/40hc-juras-konteineru-reklamamiiu1237654\/","title":{"rendered":"40HC Juras konteiners MIIU1237654"},"content":{"rendered":"<h1>J\u016bras konteineru rekl\u0101ma<\/h1>\n<ul>\n<li>J\u016bras konteineru rekl\u0101ma ir \u0101trs un izdev\u012bgs veids, k\u0101 padar\u012bt j\u016bsu uz\u0146\u0113mumu redzam\u0101ku.<\/li>\n<li>Papildus parastajai j\u016bras konteineru p\u0101rb\u016bvei pied\u0101v\u0101jam ar\u012b iesp\u0113ju nokr\u0101sot, apl\u012bm\u0113t vai apl\u012bm\u0113t ar rekl\u0101m\u0101m Jums piem\u0113rotu konteineru.<\/li>\n<li>J\u016bras konteineru rekl\u0101ma ir iesp\u0113ja ieg\u0101d\u0101ties vai iznom\u0101t konteinerus pie mums.<\/li>\n<\/ul>\n<h2>J\u016bras konteineru rekl\u0101ma, izmantojot m\u016bsu pa\u0161u piem\u0113ru<\/h2>\n<p>Lai gan esam izgatavoju\u0161i rekl\u0101mas konteinerus daudziem liel\u0101kiem un maz\u0101kiem uz\u0146\u0113mumiem, m\u0113s sniedzam piem\u0113ru ar form\u0113tajiem konteineriem.<br \/>\nM\u016bsu konteineri ir balst\u012bti uz liel\u0101kajiem pieejamajiem 45HCPW j\u016bras konteineriem, kas ir lab\u0101k\u0101 st\u0101vokl\u012b par vid\u0113jo.<br \/>\n\u0160ie konteineri ir 13,5 metrus gari, 2,9 metrus augsti un 2,5 metrus plati, un tie ir uzst\u0101d\u012bti no gala l\u012bdz galam ar \u012bpa\u0161iem j\u016bras konteineru stiprin\u0101jumiem.<\/p>\n<p>Rekl\u0101mai izmantot l\u0113t\u0101kos un greiz\u0101kos konteinerus nav labi, jo tas apgr\u016btina visus citus darbus.<br \/>\nT\u0101pat k\u0101 m\u0101ja s\u0101kas ar pamatu, rekl\u0101ma s\u0101kas ar konteineru.<br \/>\nJo taisn\u0101ks ir konteiners, jo viegl\u0101k to kr\u0101sot, l\u012bm\u0113t vai apstr\u0101d\u0101t.<\/p>\n<p>Att\u0113l\u0101 redzamo konteineru reklam\u0113\u0161anai izmantots alum\u012bnija kompoz\u012btmateri\u0101ls, jo tas ir iztur\u012bg\u0101ks par uzl\u012bmi. Redzam\u0101ks un las\u0101m\u0101ks ar\u012b no da\u017e\u0101diem le\u0146\u0137iem.<br \/>\nUzl\u012bme var k\u013c\u016bt gr\u016bti nolas\u0101ma 45 gr\u0101du le\u0146\u0137\u012b, jo konteinera sienas pl\u0101ksne ir profils.<\/p>\n<p>Rekl\u0101mas konteinera izm\u0113rs ir atkar\u012bgs no konkr\u0113t\u0101 klienta vajadz\u012bb\u0101m, uzst\u0101d\u012b\u0161anas vietas, bud\u017eeta un daudz\u0101m cit\u0101m liet\u0101m.<\/p>\n<h2>Kur to var uzst\u0101d\u012bt?<\/h2>\n<p>Rekl\u0101mu var uzst\u0101d\u012bt jebkur, parasti rekl\u0101mas bud\u017eets ir pirms uzst\u0101d\u012b\u0161anas iesp\u0113j\u0101m.<br \/>\nKonteineru esam pac\u0113lu\u0161i virs te\u0101tra \u0113kas vecpils\u0113t\u0101 vai aizvedu\u0161i uz maz\u0101m sali\u0146\u0101m, k\u0101 ar\u012b iek\u013c\u0101vu\u0161i telp\u0101s ar konteinera izm\u0113r\u0101 atveram\u0101m durv\u012bm.<\/p>\n<p>Lai ieg\u016btu prec\u012bzu cenu, varat nos\u016bt\u012bt mums st\u0101stu, kas iepaz\u012bstina ar savu v\u012bziju vai m\u0113r\u0137i uz <a href=\"mailto:info@miil.ee\">info@miil.ee<\/a> un m\u0113s jums izstr\u0101d\u0101sim lab\u0101ko iesp\u0113jamo rekl\u0101mas pied\u0101v\u0101jumu!<\/p>\n<p>Sekojiet mums\u00a0<a href=\"https:\/\/www.facebook.com\/konteinerveod\/\">Facebook<\/a>\u00a0vai\u00a0<a href=\"https:\/\/www.instagram.com\/ou_miil\/\">Instagram<\/a><\/p>\n","protected":false},"excerpt":{"rendered":"<p>J\u016bras konteineru rekl\u0101ma ir \u0101trs un izdev\u012bgs veids, k\u0101 palielin\u0101t uz\u0146\u0113muma redzam\u012bbu, pied\u0101v\u0101jot iesp\u0113ju ieg\u0101d\u0101ties vai iznom\u0101t piel\u0101gotus konteinerus rekl\u0101mai. Rekl\u0101mas konteineru izm\u0113rs un uzst\u0101d\u012b\u0161anas vieta tiek piel\u0101goti atbilsto\u0161i klienta vajadz\u012bb\u0101m, bud\u017eetam un m\u0113r\u0137iem.<\/p>\n","protected":false},"featured_media":47749,"comment_status":"closed","ping_status":"closed","template":"","meta":{"_acf_changed":false},"product_cat":[356,480,332,384,348],"product_tag":[],"class_list":{"0":"post-47740","1":"product","2":"type-product","3":"status-publish","4":"has-post-thumbnail","6":"product_cat-jauni-konteineri","7":"product_cat-40-12-metri-lv","8":"product_cat-lietoti-konteineri","9":"product_cat-40-12-metri","10":"product_cat-tehnika","12":"first","13":"instock","14":"sale","15":"shipping-taxable","16":"purchasable","17":"product-type-simple"},"acf":[],"yoast_head":"<!-- This site is optimized with the Yoast SEO Premium plugin v23.9 (Yoast SEO v27.5) - https:\/\/yoast.com\/product\/yoast-seo-premium-wordpress\/ -->\n<title>J\u016bras konteineru rekl\u0101ma - Miil O\u00dc<\/title>\n<meta name=\"description\" content=\"J\u016bras konteineru rekl\u0101ma | Juras konteiner transport | Juras konteiner jauns | Containex jauns | www.miil.lv | +372 57 50 3328 \u2b50\ufe0f\u2b50\ufe0f\u2b50\ufe0f\u2b50\ufe0f\u2b50\ufe0f\" \/>\n<meta name=\"robots\" content=\"index, follow, max-snippet:-1, max-image-preview:large, max-video-preview:-1\" \/>\n<link rel=\"canonical\" href=\"https:\/\/miil.dev.almic.ee\/lv\/toode\/40hc-juras-konteineru-reklamamiiu1237654\/\" \/>\n<meta property=\"og:locale\" content=\"lv_LV\" \/>\n<meta property=\"og:type\" content=\"article\" \/>\n<meta property=\"og:title\" content=\"40HC Juras konteiners MIIU1237654\" \/>\n<meta property=\"og:description\" content=\"J\u016bras konteineru rekl\u0101ma | Juras konteiner transport | Juras konteiner jauns | Containex jauns | www.miil.lv | +372 57 50 3328 \u2b50\ufe0f\u2b50\ufe0f\u2b50\ufe0f\u2b50\ufe0f\u2b50\ufe0f\" \/>\n<meta property=\"og:url\" content=\"https:\/\/miil.dev.almic.ee\/lv\/toode\/40hc-juras-konteineru-reklamamiiu1237654\/\" \/>\n<meta property=\"og:site_name\" content=\"Miil O\u00dc\" \/>\n<meta property=\"article:publisher\" content=\"https:\/\/www.facebook.com\/konteinerveod\/\" \/>\n<meta property=\"article:modified_time\" content=\"2025-03-06T15:30:20+00:00\" \/>\n<meta property=\"og:image\" content=\"https:\/\/miil.dev.almic.ee\/wp-content\/uploads\/2023\/09\/reklaam-konteiner-merekonteiner-konteiner-reklaam-varvimine-paigaldus-saaremaa-hiiumaa-3-scaled.jpg\" \/>\n\t<meta property=\"og:image:width\" content=\"1900\" \/>\n\t<meta property=\"og:image:height\" content=\"1425\" \/>\n\t<meta property=\"og:image:type\" content=\"image\/jpeg\" \/>\n<meta name=\"twitter:card\" content=\"summary_large_image\" \/>\n<meta name=\"twitter:label1\" content=\"Price\" \/>\n\t<meta name=\"twitter:data1\" content=\"6000,00&nbsp;&euro;\" \/>\n\t<meta name=\"twitter:label2\" content=\"Availability\" \/>\n\t<meta name=\"twitter:data2\" content=\"In stock\" \/>\n<script type=\"application\/ld+json\" class=\"yoast-schema-graph\">{\"@context\":\"https:\\\/\\\/schema.org\",\"@graph\":[{\"@type\":\"WebPage\",\"@id\":\"https:\\\/\\\/miil.dev.almic.ee\\\/lv\\\/toode\\\/40hc-juras-konteineru-reklamamiiu1237654\\\/\",\"url\":\"https:\\\/\\\/miil.dev.almic.ee\\\/lv\\\/toode\\\/40hc-juras-konteineru-reklamamiiu1237654\\\/\",\"name\":\"J\u016bras konteineru rekl\u0101ma - Miil O\u00dc\",\"isPartOf\":{\"@id\":\"https:\\\/\\\/miil.dev.almic.ee\\\/#website\"},\"primaryImageOfPage\":{\"@id\":\"https:\\\/\\\/miil.dev.almic.ee\\\/lv\\\/toode\\\/40hc-juras-konteineru-reklamamiiu1237654\\\/#primaryimage\"},\"image\":{\"@id\":\"https:\\\/\\\/miil.dev.almic.ee\\\/lv\\\/toode\\\/40hc-juras-konteineru-reklamamiiu1237654\\\/#primaryimage\"},\"thumbnailUrl\":\"https:\\\/\\\/miil.dev.almic.ee\\\/wp-content\\\/uploads\\\/2023\\\/09\\\/reklaam-konteiner-merekonteiner-konteiner-reklaam-varvimine-paigaldus-saaremaa-hiiumaa-3-scaled.jpg\",\"datePublished\":\"2023-09-13T11:51:43+00:00\",\"dateModified\":\"2025-03-06T15:30:20+00:00\",\"description\":\"J\u016bras konteineru rekl\u0101ma | Juras konteiner transport | Juras konteiner jauns | Containex jauns | www.miil.lv | +372 57 50 3328 \u2b50\ufe0f\u2b50\ufe0f\u2b50\ufe0f\u2b50\ufe0f\u2b50\ufe0f\",\"breadcrumb\":{\"@id\":\"https:\\\/\\\/miil.dev.almic.ee\\\/lv\\\/toode\\\/40hc-juras-konteineru-reklamamiiu1237654\\\/#breadcrumb\"},\"inLanguage\":\"lv-LV\",\"potentialAction\":[{\"@type\":\"ReadAction\",\"target\":[\"https:\\\/\\\/miil.dev.almic.ee\\\/lv\\\/toode\\\/40hc-juras-konteineru-reklamamiiu1237654\\\/\"]}]},{\"@type\":\"ImageObject\",\"inLanguage\":\"lv-LV\",\"@id\":\"https:\\\/\\\/miil.dev.almic.ee\\\/lv\\\/toode\\\/40hc-juras-konteineru-reklamamiiu1237654\\\/#primaryimage\",\"url\":\"https:\\\/\\\/miil.dev.almic.ee\\\/wp-content\\\/uploads\\\/2023\\\/09\\\/reklaam-konteiner-merekonteiner-konteiner-reklaam-varvimine-paigaldus-saaremaa-hiiumaa-3-scaled.jpg\",\"contentUrl\":\"https:\\\/\\\/miil.dev.almic.ee\\\/wp-content\\\/uploads\\\/2023\\\/09\\\/reklaam-konteiner-merekonteiner-konteiner-reklaam-varvimine-paigaldus-saaremaa-hiiumaa-3-scaled.jpg\",\"width\":1900,\"height\":1425},{\"@type\":\"BreadcrumbList\",\"@id\":\"https:\\\/\\\/miil.dev.almic.ee\\\/lv\\\/toode\\\/40hc-juras-konteineru-reklamamiiu1237654\\\/#breadcrumb\",\"itemListElement\":[{\"@type\":\"ListItem\",\"position\":1,\"name\":\"Home\",\"item\":\"https:\\\/\\\/miil.dev.almic.ee\\\/lv\\\/\"},{\"@type\":\"ListItem\",\"position\":2,\"name\":\"Veikals\",\"item\":\"https:\\\/\\\/miil.dev.almic.ee\\\/lv\\\/veikals\\\/\"},{\"@type\":\"ListItem\",\"position\":3,\"name\":\"40HC Juras konteiners MIIU1237654\"}]},{\"@type\":\"WebSite\",\"@id\":\"https:\\\/\\\/miil.dev.almic.ee\\\/#website\",\"url\":\"https:\\\/\\\/miil.dev.almic.ee\\\/\",\"name\":\"Miil O\u00dc\",\"description\":\"Konteinerveod\",\"publisher\":{\"@id\":\"https:\\\/\\\/miil.dev.almic.ee\\\/#organization\"},\"potentialAction\":[{\"@type\":\"SearchAction\",\"target\":{\"@type\":\"EntryPoint\",\"urlTemplate\":\"https:\\\/\\\/miil.dev.almic.ee\\\/?s={search_term_string}\"},\"query-input\":{\"@type\":\"PropertyValueSpecification\",\"valueRequired\":true,\"valueName\":\"search_term_string\"}}],\"inLanguage\":\"lv-LV\"},{\"@type\":\"Organization\",\"@id\":\"https:\\\/\\\/miil.dev.almic.ee\\\/#organization\",\"name\":\"Miil O\u00dc\",\"url\":\"https:\\\/\\\/miil.dev.almic.ee\\\/\",\"logo\":{\"@type\":\"ImageObject\",\"inLanguage\":\"lv-LV\",\"@id\":\"https:\\\/\\\/miil.dev.almic.ee\\\/#\\\/schema\\\/logo\\\/image\\\/\",\"url\":\"https:\\\/\\\/www.miil.ee\\\/wp-content\\\/uploads\\\/2022\\\/02\\\/Miil-logo.svg\",\"contentUrl\":\"https:\\\/\\\/www.miil.ee\\\/wp-content\\\/uploads\\\/2022\\\/02\\\/Miil-logo.svg\",\"width\":\"1024\",\"height\":\"1024\",\"caption\":\"Miil O\u00dc\"},\"image\":{\"@id\":\"https:\\\/\\\/miil.dev.almic.ee\\\/#\\\/schema\\\/logo\\\/image\\\/\"},\"sameAs\":[\"https:\\\/\\\/www.facebook.com\\\/konteinerveod\\\/\",\"https:\\\/\\\/www.instagram.com\\\/ou_miil\\\/\"]}]}<\/script>\n<meta property=\"product:price:amount\" content=\"6000.00\" \/>\n<meta property=\"product:price:currency\" content=\"EUR\" \/>\n<meta property=\"og:availability\" content=\"instock\" \/>\n<meta property=\"product:availability\" content=\"instock\" \/>\n<meta property=\"product:condition\" content=\"new\" \/>\n<!-- \/ Yoast SEO Premium plugin. -->","yoast_head_json":{"title":"J\u016bras konteineru rekl\u0101ma - Miil O\u00dc","description":"J\u016bras konteineru rekl\u0101ma | Juras konteiner transport | Juras konteiner jauns | Containex jauns | www.miil.lv | +372 57 50 3328 \u2b50\ufe0f\u2b50\ufe0f\u2b50\ufe0f\u2b50\ufe0f\u2b50\ufe0f","robots":{"index":"index","follow":"follow","max-snippet":"max-snippet:-1","max-image-preview":"max-image-preview:large","max-video-preview":"max-video-preview:-1"},"canonical":"https:\/\/miil.dev.almic.ee\/lv\/toode\/40hc-juras-konteineru-reklamamiiu1237654\/","og_locale":"lv_LV","og_type":"article","og_title":"40HC Juras konteiners MIIU1237654","og_description":"J\u016bras konteineru rekl\u0101ma | Juras konteiner transport | Juras konteiner jauns | Containex jauns | www.miil.lv | +372 57 50 3328 \u2b50\ufe0f\u2b50\ufe0f\u2b50\ufe0f\u2b50\ufe0f\u2b50\ufe0f","og_url":"https:\/\/miil.dev.almic.ee\/lv\/toode\/40hc-juras-konteineru-reklamamiiu1237654\/","og_site_name":"Miil O\u00dc","article_publisher":"https:\/\/www.facebook.com\/konteinerveod\/","article_modified_time":"2025-03-06T15:30:20+00:00","og_image":[{"width":1900,"height":1425,"url":"https:\/\/miil.dev.almic.ee\/wp-content\/uploads\/2023\/09\/reklaam-konteiner-merekonteiner-konteiner-reklaam-varvimine-paigaldus-saaremaa-hiiumaa-3-scaled.jpg","type":"image\/jpeg"}],"twitter_card":"summary_large_image","twitter_misc":{"Price":"6000,00&nbsp;&euro;","Availability":"In stock"},"schema":{"@context":"https:\/\/schema.org","@graph":[{"@type":"WebPage","@id":"https:\/\/miil.dev.almic.ee\/lv\/toode\/40hc-juras-konteineru-reklamamiiu1237654\/","url":"https:\/\/miil.dev.almic.ee\/lv\/toode\/40hc-juras-konteineru-reklamamiiu1237654\/","name":"J\u016bras konteineru rekl\u0101ma - Miil O\u00dc","isPartOf":{"@id":"https:\/\/miil.dev.almic.ee\/#website"},"primaryImageOfPage":{"@id":"https:\/\/miil.dev.almic.ee\/lv\/toode\/40hc-juras-konteineru-reklamamiiu1237654\/#primaryimage"},"image":{"@id":"https:\/\/miil.dev.almic.ee\/lv\/toode\/40hc-juras-konteineru-reklamamiiu1237654\/#primaryimage"},"thumbnailUrl":"https:\/\/miil.dev.almic.ee\/wp-content\/uploads\/2023\/09\/reklaam-konteiner-merekonteiner-konteiner-reklaam-varvimine-paigaldus-saaremaa-hiiumaa-3-scaled.jpg","datePublished":"2023-09-13T11:51:43+00:00","dateModified":"2025-03-06T15:30:20+00:00","description":"J\u016bras konteineru rekl\u0101ma | Juras konteiner transport | Juras konteiner jauns | Containex jauns | www.miil.lv | +372 57 50 3328 \u2b50\ufe0f\u2b50\ufe0f\u2b50\ufe0f\u2b50\ufe0f\u2b50\ufe0f","breadcrumb":{"@id":"https:\/\/miil.dev.almic.ee\/lv\/toode\/40hc-juras-konteineru-reklamamiiu1237654\/#breadcrumb"},"inLanguage":"lv-LV","potentialAction":[{"@type":"ReadAction","target":["https:\/\/miil.dev.almic.ee\/lv\/toode\/40hc-juras-konteineru-reklamamiiu1237654\/"]}]},{"@type":"ImageObject","inLanguage":"lv-LV","@id":"https:\/\/miil.dev.almic.ee\/lv\/toode\/40hc-juras-konteineru-reklamamiiu1237654\/#primaryimage","url":"https:\/\/miil.dev.almic.ee\/wp-content\/uploads\/2023\/09\/reklaam-konteiner-merekonteiner-konteiner-reklaam-varvimine-paigaldus-saaremaa-hiiumaa-3-scaled.jpg","contentUrl":"https:\/\/miil.dev.almic.ee\/wp-content\/uploads\/2023\/09\/reklaam-konteiner-merekonteiner-konteiner-reklaam-varvimine-paigaldus-saaremaa-hiiumaa-3-scaled.jpg","width":1900,"height":1425},{"@type":"BreadcrumbList","@id":"https:\/\/miil.dev.almic.ee\/lv\/toode\/40hc-juras-konteineru-reklamamiiu1237654\/#breadcrumb","itemListElement":[{"@type":"ListItem","position":1,"name":"Home","item":"https:\/\/miil.dev.almic.ee\/lv\/"},{"@type":"ListItem","position":2,"name":"Veikals","item":"https:\/\/miil.dev.almic.ee\/lv\/veikals\/"},{"@type":"ListItem","position":3,"name":"40HC Juras konteiners MIIU1237654"}]},{"@type":"WebSite","@id":"https:\/\/miil.dev.almic.ee\/#website","url":"https:\/\/miil.dev.almic.ee\/","name":"Miil O\u00dc","description":"Konteinerveod","publisher":{"@id":"https:\/\/miil.dev.almic.ee\/#organization"},"potentialAction":[{"@type":"SearchAction","target":{"@type":"EntryPoint","urlTemplate":"https:\/\/miil.dev.almic.ee\/?s={search_term_string}"},"query-input":{"@type":"PropertyValueSpecification","valueRequired":true,"valueName":"search_term_string"}}],"inLanguage":"lv-LV"},{"@type":"Organization","@id":"https:\/\/miil.dev.almic.ee\/#organization","name":"Miil O\u00dc","url":"https:\/\/miil.dev.almic.ee\/","logo":{"@type":"ImageObject","inLanguage":"lv-LV","@id":"https:\/\/miil.dev.almic.ee\/#\/schema\/logo\/image\/","url":"https:\/\/www.miil.ee\/wp-content\/uploads\/2022\/02\/Miil-logo.svg","contentUrl":"https:\/\/www.miil.ee\/wp-content\/uploads\/2022\/02\/Miil-logo.svg","width":"1024","height":"1024","caption":"Miil O\u00dc"},"image":{"@id":"https:\/\/miil.dev.almic.ee\/#\/schema\/logo\/image\/"},"sameAs":["https:\/\/www.facebook.com\/konteinerveod\/","https:\/\/www.instagram.com\/ou_miil\/"]}]},"product_price_amount":"6000.00","product_price_currency":"EUR","og_availability":"instock","product_availability":"instock","product_condition":"new"},"_links":{"self":[{"href":"https:\/\/miil.dev.almic.ee\/lv\/wp-json\/wp\/v2\/product\/47740","targetHints":{"allow":["GET"]}}],"collection":[{"href":"https:\/\/miil.dev.almic.ee\/lv\/wp-json\/wp\/v2\/product"}],"about":[{"href":"https:\/\/miil.dev.almic.ee\/lv\/wp-json\/wp\/v2\/types\/product"}],"replies":[{"embeddable":true,"href":"https:\/\/miil.dev.almic.ee\/lv\/wp-json\/wp\/v2\/comments?post=47740"}],"wp:featuredmedia":[{"embeddable":true,"href":"https:\/\/miil.dev.almic.ee\/lv\/wp-json\/wp\/v2\/media\/47749"}],"wp:attachment":[{"href":"https:\/\/miil.dev.almic.ee\/lv\/wp-json\/wp\/v2\/media?parent=47740"}],"wp:term":[{"taxonomy":"product_cat","embeddable":true,"href":"https:\/\/miil.dev.almic.ee\/lv\/wp-json\/wp\/v2\/product_cat?post=47740"},{"taxonomy":"product_tag","embeddable":true,"href":"https:\/\/miil.dev.almic.ee\/lv\/wp-json\/wp\/v2\/product_tag?post=47740"}],"curies":[{"name":"wp","href":"https:\/\/api.w.org\/{rel}","templated":true}]}}