{"id":42999,"date":"2023-07-12T11:53:07","date_gmt":"2023-07-12T08:53:07","guid":{"rendered":"https:\/\/www.miil.ee\/?post_type=product&#038;p=42999"},"modified":"2024-11-06T15:00:36","modified_gmt":"2024-11-06T13:00:36","slug":"modulx-miiu0355-izoleta-tualete","status":"publish","type":"product","link":"https:\/\/miil.dev.almic.ee\/lv\/toode\/modulx-miiu0355-izoleta-tualete\/","title":{"rendered":"ModulX MIIU0355 izol\u0113ta tualete"},"content":{"rendered":"<h1>Silt\u0101 Modulx izol\u0113ta tualete ar augstiem griestiem<\/h1>\n<p>ModulX MIIU0355 izol\u0113ta tualete ir jauna un reprezentat\u012bva \u0101ra tualete ar m\u016bsu speci\u0101listu izb\u016bv\u0113tu izol\u0101ciju.<br \/>\nSalon\u0101 varam uzb\u016bv\u0113t interesantu sanit\u0101ro risin\u0101jumu p\u0113c klienta v\u0113lm\u0113m un vajadz\u012bb\u0101m.<br \/>\nMiil O\u00dc p\u0101rst\u0101v Containex un ModulX modu\u013cu kaj\u012btes ar CE mar\u0137\u0113jumu.<br \/>\nCE mar\u0137\u0113jums ir kvalit\u0101tes z\u012bme, kas nodro\u0161ina, ka kaj\u012btes ir dro\u0161as lieto\u0161an\u0101, b\u016bv\u0113tas atbilsto\u0161i standartam un kontrol\u0113tas ar kvalit\u0101ti.<\/p>\n<h2>ModulX MIIU0355 izol\u0113ta tualete vai biroja telpa viet\u0101?<\/h2>\n<p>Kaj\u012bt\u0113m ir \u013coti pla\u0161s pielietojuma kl\u0101sts, un t\u0101s var izmantot no koted\u017e\u0101m l\u012bdz sanit\u0101rajiem modu\u013ciem.<br \/>\nVannai ar sanit\u0101ro armat\u016bru var pievienot tualeti, mazg\u0101\u0161an\u0101s iesp\u0113ju, atsevi\u0161\u0137u v\u012brie\u0161u un sievie\u0161u sekciju vai ko citu.<br \/>\nKarst\u0101s vannas bez sanit\u0101r\u0101s da\u013cas tiek izmantotas, piem\u0113ram, k\u0101 birojs, m\u0101ja, remontdarbn\u012bca vai restor\u0101ns.<br \/>\nVisus modu\u013cus var savienot kop\u0101, veidojot liel\u0101kas telpas.<\/p>\n<p>M\u016bsu speci\u0101listi ir izveidoju\u0161i ar\u012b sare\u017e\u0123\u012btus risin\u0101jumus, kas sast\u0101v no desmitiem modu\u013cu kaj\u012b\u0161u.<br \/>\nModulX kab\u012bnes ir pieejamas da\u017e\u0101d\u0101s kr\u0101s\u0101s, logu un durvju atra\u0161an\u0101s vietu var br\u012bvi izv\u0113l\u0113ties, un t\u0101s ir b\u016bv\u0113tas uz bultskr\u016bvju r\u0101mja.<\/p>\n<h2>Kvalit\u0101te<\/h2>\n<p>Modulx kvalit\u0101te ir pirmklas\u012bga, tas ir z\u012bmols, kas ir tirg\u016b vair\u0101k nek\u0101 40 gadus un nav nek\u0101du kompromisu kvalit\u0101t\u0113.<br \/>\nLaika apst\u0101k\u013cu izol\u0101cija s\u0101kas ar jumtu. Tas ir izgatavots no viengabala velm\u0113tas cinka loksnes.<br \/>\nKab\u012b\u0146u savieno\u0161anai kop\u0101 tiek izmantots \u012bpa\u0161s savienojuma komplekts.<br \/>\nModu\u013cus var transport\u0113t uz klienta att\u0101l\u0101kaj\u0101m teritorij\u0101m pa div\u0101m partij\u0101m.<br \/>\nTas saglab\u0101 zemu pieg\u0101des cenu.<\/p>\n<p>P\u0101rvad\u0101\u0161anai parasti izmantojam <a href=\"https:\/\/www.miil.ee\/lv\/pakalpojumi\/celtnis\/\">celtnis<\/a> vai <a href=\"https:\/\/www.miil.ee\/lv\/pakalpojumi\/sanu-iekraveji-sideloader\/\">s\u0101nu iekr\u0101v\u0113ju.<\/a><br \/>\nM\u0113s izmantojam <a href=\"https:\/\/www.miil.ee\/lv\/pakalpojumi\/ram-pasizgazejs\/\">RAM backloader<\/a>, lai aptvertu vissare\u017e\u0123\u012bt\u0101k\u0101s vietas.<\/p>\n<p>Sekojiet mums <a href=\"https:\/\/www.facebook.com\/konteinerveod\/\">Facebook<\/a> vai <a href=\"https:\/\/www.instagram.com\/ou_miil\/\">Instagram.<\/a><\/p>\n","protected":false},"excerpt":{"rendered":"<p>Silt\u0101 Modulx izol\u0113ta tualete ar augstiem griestiem ModulX MIIU0355 izol\u0113ta tualete ir jauna un reprezentat\u012bva \u0101ra tualete ar m\u016bsu speci\u0101listu izb\u016bv\u0113tu izol\u0101ciju. Salon\u0101 varam uzb\u016bv\u0113t interesantu sanit\u0101ro risin\u0101jumu p\u0113c klienta v\u0113lm\u0113m un vajadz\u012bb\u0101m. Miil O\u00dc p\u0101rst\u0101v Containex un ModulX modu\u013cu kaj\u012btes ar CE mar\u0137\u0113jumu. CE mar\u0137\u0113jums ir kvalit\u0101tes z\u012bme, kas nodro\u0161ina, ka kaj\u012btes ir dro\u0161as&#8230;<\/p>\n","protected":false},"featured_media":43154,"comment_status":"closed","ping_status":"closed","template":"","meta":{"_acf_changed":false},"product_cat":[344,408],"product_tag":[],"class_list":{"0":"post-42999","1":"product","2":"type-product","3":"status-publish","4":"has-post-thumbnail","6":"product_cat-vagonini","7":"product_cat-jauni-vagonini","9":"first","10":"instock","11":"shipping-taxable","12":"purchasable","13":"product-type-simple"},"acf":[],"yoast_head":"<!-- This site is optimized with the Yoast SEO Premium plugin v23.9 (Yoast SEO v27.5) - https:\/\/yoast.com\/product\/yoast-seo-premium-wordpress\/ -->\n<title>ModulX MIIU0355 izol\u0113ta tualete - Miil O\u00dc<\/title>\n<meta name=\"description\" content=\"P\u0101rn\u0113s\u0101jamas kaj\u012btes p\u0113c pas\u016bt\u012bjuma | Mini m\u0101jas un koted\u017eas | Kaj\u012b\u0161u noma un p\u0101rdo\u0161ana | Transports un remonts | Elektr\u012bbas darbi un apkure\" \/>\n<meta name=\"robots\" content=\"index, follow, max-snippet:-1, max-image-preview:large, max-video-preview:-1\" \/>\n<link rel=\"canonical\" href=\"https:\/\/miil.dev.almic.ee\/lv\/toode\/modulx-miiu0355-izoleta-tualete\/\" \/>\n<meta property=\"og:locale\" content=\"lv_LV\" \/>\n<meta property=\"og:type\" content=\"article\" \/>\n<meta property=\"og:title\" content=\"ModulX MIIU0355 izol\u0113ta tualete\" \/>\n<meta property=\"og:description\" content=\"P\u0101rn\u0113s\u0101jamas kaj\u012btes p\u0113c pas\u016bt\u012bjuma | Mini m\u0101jas un koted\u017eas | Kaj\u012b\u0161u noma un p\u0101rdo\u0161ana | Transports un remonts | Elektr\u012bbas darbi un apkure\" \/>\n<meta property=\"og:url\" content=\"https:\/\/miil.dev.almic.ee\/lv\/toode\/modulx-miiu0355-izoleta-tualete\/\" \/>\n<meta property=\"og:site_name\" content=\"Miil O\u00dc\" \/>\n<meta property=\"article:publisher\" content=\"https:\/\/www.facebook.com\/konteinerveod\/\" \/>\n<meta property=\"article:modified_time\" content=\"2024-11-06T13:00:36+00:00\" \/>\n<meta property=\"og:image\" content=\"https:\/\/miil.dev.almic.ee\/wp-content\/uploads\/2023\/07\/soojak-valikaimla-hoone-meeste-naiste-inva-kaimla-scaled.jpg\" \/>\n\t<meta property=\"og:image:width\" content=\"1900\" \/>\n\t<meta property=\"og:image:height\" content=\"1425\" \/>\n\t<meta property=\"og:image:type\" content=\"image\/jpeg\" \/>\n<meta name=\"twitter:card\" content=\"summary_large_image\" \/>\n<meta name=\"twitter:label1\" content=\"Price\" \/>\n\t<meta name=\"twitter:data1\" content=\"14990,00&nbsp;&euro;\" \/>\n\t<meta name=\"twitter:label2\" content=\"Availability\" \/>\n\t<meta name=\"twitter:data2\" content=\"In stock\" \/>\n<script type=\"application\/ld+json\" class=\"yoast-schema-graph\">{\"@context\":\"https:\\\/\\\/schema.org\",\"@graph\":[{\"@type\":\"WebPage\",\"@id\":\"https:\\\/\\\/miil.dev.almic.ee\\\/lv\\\/toode\\\/modulx-miiu0355-izoleta-tualete\\\/\",\"url\":\"https:\\\/\\\/miil.dev.almic.ee\\\/lv\\\/toode\\\/modulx-miiu0355-izoleta-tualete\\\/\",\"name\":\"ModulX MIIU0355 izol\u0113ta tualete - Miil O\u00dc\",\"isPartOf\":{\"@id\":\"https:\\\/\\\/miil.dev.almic.ee\\\/#website\"},\"primaryImageOfPage\":{\"@id\":\"https:\\\/\\\/miil.dev.almic.ee\\\/lv\\\/toode\\\/modulx-miiu0355-izoleta-tualete\\\/#primaryimage\"},\"image\":{\"@id\":\"https:\\\/\\\/miil.dev.almic.ee\\\/lv\\\/toode\\\/modulx-miiu0355-izoleta-tualete\\\/#primaryimage\"},\"thumbnailUrl\":\"https:\\\/\\\/miil.dev.almic.ee\\\/wp-content\\\/uploads\\\/2023\\\/07\\\/soojak-valikaimla-hoone-meeste-naiste-inva-kaimla-scaled.jpg\",\"datePublished\":\"2023-07-12T08:53:07+00:00\",\"dateModified\":\"2024-11-06T13:00:36+00:00\",\"description\":\"P\u0101rn\u0113s\u0101jamas kaj\u012btes p\u0113c pas\u016bt\u012bjuma | Mini m\u0101jas un koted\u017eas | Kaj\u012b\u0161u noma un p\u0101rdo\u0161ana | Transports un remonts | Elektr\u012bbas darbi un apkure\",\"breadcrumb\":{\"@id\":\"https:\\\/\\\/miil.dev.almic.ee\\\/lv\\\/toode\\\/modulx-miiu0355-izoleta-tualete\\\/#breadcrumb\"},\"inLanguage\":\"lv-LV\",\"potentialAction\":[{\"@type\":\"ReadAction\",\"target\":[\"https:\\\/\\\/miil.dev.almic.ee\\\/lv\\\/toode\\\/modulx-miiu0355-izoleta-tualete\\\/\"]}]},{\"@type\":\"ImageObject\",\"inLanguage\":\"lv-LV\",\"@id\":\"https:\\\/\\\/miil.dev.almic.ee\\\/lv\\\/toode\\\/modulx-miiu0355-izoleta-tualete\\\/#primaryimage\",\"url\":\"https:\\\/\\\/miil.dev.almic.ee\\\/wp-content\\\/uploads\\\/2023\\\/07\\\/soojak-valikaimla-hoone-meeste-naiste-inva-kaimla-scaled.jpg\",\"contentUrl\":\"https:\\\/\\\/miil.dev.almic.ee\\\/wp-content\\\/uploads\\\/2023\\\/07\\\/soojak-valikaimla-hoone-meeste-naiste-inva-kaimla-scaled.jpg\",\"width\":1900,\"height\":1425},{\"@type\":\"BreadcrumbList\",\"@id\":\"https:\\\/\\\/miil.dev.almic.ee\\\/lv\\\/toode\\\/modulx-miiu0355-izoleta-tualete\\\/#breadcrumb\",\"itemListElement\":[{\"@type\":\"ListItem\",\"position\":1,\"name\":\"Home\",\"item\":\"https:\\\/\\\/miil.dev.almic.ee\\\/lv\\\/\"},{\"@type\":\"ListItem\",\"position\":2,\"name\":\"Veikals\",\"item\":\"https:\\\/\\\/miil.dev.almic.ee\\\/lv\\\/veikals\\\/\"},{\"@type\":\"ListItem\",\"position\":3,\"name\":\"ModulX MIIU0355 izol\u0113ta tualete\"}]},{\"@type\":\"WebSite\",\"@id\":\"https:\\\/\\\/miil.dev.almic.ee\\\/#website\",\"url\":\"https:\\\/\\\/miil.dev.almic.ee\\\/\",\"name\":\"Miil O\u00dc\",\"description\":\"Konteinerveod\",\"publisher\":{\"@id\":\"https:\\\/\\\/miil.dev.almic.ee\\\/#organization\"},\"potentialAction\":[{\"@type\":\"SearchAction\",\"target\":{\"@type\":\"EntryPoint\",\"urlTemplate\":\"https:\\\/\\\/miil.dev.almic.ee\\\/?s={search_term_string}\"},\"query-input\":{\"@type\":\"PropertyValueSpecification\",\"valueRequired\":true,\"valueName\":\"search_term_string\"}}],\"inLanguage\":\"lv-LV\"},{\"@type\":\"Organization\",\"@id\":\"https:\\\/\\\/miil.dev.almic.ee\\\/#organization\",\"name\":\"Miil O\u00dc\",\"url\":\"https:\\\/\\\/miil.dev.almic.ee\\\/\",\"logo\":{\"@type\":\"ImageObject\",\"inLanguage\":\"lv-LV\",\"@id\":\"https:\\\/\\\/miil.dev.almic.ee\\\/#\\\/schema\\\/logo\\\/image\\\/\",\"url\":\"https:\\\/\\\/www.miil.ee\\\/wp-content\\\/uploads\\\/2022\\\/02\\\/Miil-logo.svg\",\"contentUrl\":\"https:\\\/\\\/www.miil.ee\\\/wp-content\\\/uploads\\\/2022\\\/02\\\/Miil-logo.svg\",\"width\":\"1024\",\"height\":\"1024\",\"caption\":\"Miil O\u00dc\"},\"image\":{\"@id\":\"https:\\\/\\\/miil.dev.almic.ee\\\/#\\\/schema\\\/logo\\\/image\\\/\"},\"sameAs\":[\"https:\\\/\\\/www.facebook.com\\\/konteinerveod\\\/\",\"https:\\\/\\\/www.instagram.com\\\/ou_miil\\\/\"]}]}<\/script>\n<meta property=\"product:price:amount\" content=\"14990.00\" \/>\n<meta property=\"product:price:currency\" content=\"EUR\" \/>\n<meta property=\"og:availability\" content=\"instock\" \/>\n<meta property=\"product:availability\" content=\"instock\" \/>\n<meta property=\"product:condition\" content=\"new\" \/>\n<!-- \/ Yoast SEO Premium plugin. -->","yoast_head_json":{"title":"ModulX MIIU0355 izol\u0113ta tualete - Miil O\u00dc","description":"P\u0101rn\u0113s\u0101jamas kaj\u012btes p\u0113c pas\u016bt\u012bjuma | Mini m\u0101jas un koted\u017eas | Kaj\u012b\u0161u noma un p\u0101rdo\u0161ana | Transports un remonts | Elektr\u012bbas darbi un apkure","robots":{"index":"index","follow":"follow","max-snippet":"max-snippet:-1","max-image-preview":"max-image-preview:large","max-video-preview":"max-video-preview:-1"},"canonical":"https:\/\/miil.dev.almic.ee\/lv\/toode\/modulx-miiu0355-izoleta-tualete\/","og_locale":"lv_LV","og_type":"article","og_title":"ModulX MIIU0355 izol\u0113ta tualete","og_description":"P\u0101rn\u0113s\u0101jamas kaj\u012btes p\u0113c pas\u016bt\u012bjuma | Mini m\u0101jas un koted\u017eas | Kaj\u012b\u0161u noma un p\u0101rdo\u0161ana | Transports un remonts | Elektr\u012bbas darbi un apkure","og_url":"https:\/\/miil.dev.almic.ee\/lv\/toode\/modulx-miiu0355-izoleta-tualete\/","og_site_name":"Miil O\u00dc","article_publisher":"https:\/\/www.facebook.com\/konteinerveod\/","article_modified_time":"2024-11-06T13:00:36+00:00","og_image":[{"width":1900,"height":1425,"url":"https:\/\/miil.dev.almic.ee\/wp-content\/uploads\/2023\/07\/soojak-valikaimla-hoone-meeste-naiste-inva-kaimla-scaled.jpg","type":"image\/jpeg"}],"twitter_card":"summary_large_image","twitter_misc":{"Price":"14990,00&nbsp;&euro;","Availability":"In stock"},"schema":{"@context":"https:\/\/schema.org","@graph":[{"@type":"WebPage","@id":"https:\/\/miil.dev.almic.ee\/lv\/toode\/modulx-miiu0355-izoleta-tualete\/","url":"https:\/\/miil.dev.almic.ee\/lv\/toode\/modulx-miiu0355-izoleta-tualete\/","name":"ModulX MIIU0355 izol\u0113ta tualete - Miil O\u00dc","isPartOf":{"@id":"https:\/\/miil.dev.almic.ee\/#website"},"primaryImageOfPage":{"@id":"https:\/\/miil.dev.almic.ee\/lv\/toode\/modulx-miiu0355-izoleta-tualete\/#primaryimage"},"image":{"@id":"https:\/\/miil.dev.almic.ee\/lv\/toode\/modulx-miiu0355-izoleta-tualete\/#primaryimage"},"thumbnailUrl":"https:\/\/miil.dev.almic.ee\/wp-content\/uploads\/2023\/07\/soojak-valikaimla-hoone-meeste-naiste-inva-kaimla-scaled.jpg","datePublished":"2023-07-12T08:53:07+00:00","dateModified":"2024-11-06T13:00:36+00:00","description":"P\u0101rn\u0113s\u0101jamas kaj\u012btes p\u0113c pas\u016bt\u012bjuma | Mini m\u0101jas un koted\u017eas | Kaj\u012b\u0161u noma un p\u0101rdo\u0161ana | Transports un remonts | Elektr\u012bbas darbi un apkure","breadcrumb":{"@id":"https:\/\/miil.dev.almic.ee\/lv\/toode\/modulx-miiu0355-izoleta-tualete\/#breadcrumb"},"inLanguage":"lv-LV","potentialAction":[{"@type":"ReadAction","target":["https:\/\/miil.dev.almic.ee\/lv\/toode\/modulx-miiu0355-izoleta-tualete\/"]}]},{"@type":"ImageObject","inLanguage":"lv-LV","@id":"https:\/\/miil.dev.almic.ee\/lv\/toode\/modulx-miiu0355-izoleta-tualete\/#primaryimage","url":"https:\/\/miil.dev.almic.ee\/wp-content\/uploads\/2023\/07\/soojak-valikaimla-hoone-meeste-naiste-inva-kaimla-scaled.jpg","contentUrl":"https:\/\/miil.dev.almic.ee\/wp-content\/uploads\/2023\/07\/soojak-valikaimla-hoone-meeste-naiste-inva-kaimla-scaled.jpg","width":1900,"height":1425},{"@type":"BreadcrumbList","@id":"https:\/\/miil.dev.almic.ee\/lv\/toode\/modulx-miiu0355-izoleta-tualete\/#breadcrumb","itemListElement":[{"@type":"ListItem","position":1,"name":"Home","item":"https:\/\/miil.dev.almic.ee\/lv\/"},{"@type":"ListItem","position":2,"name":"Veikals","item":"https:\/\/miil.dev.almic.ee\/lv\/veikals\/"},{"@type":"ListItem","position":3,"name":"ModulX MIIU0355 izol\u0113ta tualete"}]},{"@type":"WebSite","@id":"https:\/\/miil.dev.almic.ee\/#website","url":"https:\/\/miil.dev.almic.ee\/","name":"Miil O\u00dc","description":"Konteinerveod","publisher":{"@id":"https:\/\/miil.dev.almic.ee\/#organization"},"potentialAction":[{"@type":"SearchAction","target":{"@type":"EntryPoint","urlTemplate":"https:\/\/miil.dev.almic.ee\/?s={search_term_string}"},"query-input":{"@type":"PropertyValueSpecification","valueRequired":true,"valueName":"search_term_string"}}],"inLanguage":"lv-LV"},{"@type":"Organization","@id":"https:\/\/miil.dev.almic.ee\/#organization","name":"Miil O\u00dc","url":"https:\/\/miil.dev.almic.ee\/","logo":{"@type":"ImageObject","inLanguage":"lv-LV","@id":"https:\/\/miil.dev.almic.ee\/#\/schema\/logo\/image\/","url":"https:\/\/www.miil.ee\/wp-content\/uploads\/2022\/02\/Miil-logo.svg","contentUrl":"https:\/\/www.miil.ee\/wp-content\/uploads\/2022\/02\/Miil-logo.svg","width":"1024","height":"1024","caption":"Miil O\u00dc"},"image":{"@id":"https:\/\/miil.dev.almic.ee\/#\/schema\/logo\/image\/"},"sameAs":["https:\/\/www.facebook.com\/konteinerveod\/","https:\/\/www.instagram.com\/ou_miil\/"]}]},"product_price_amount":"14990.00","product_price_currency":"EUR","og_availability":"instock","product_availability":"instock","product_condition":"new"},"_links":{"self":[{"href":"https:\/\/miil.dev.almic.ee\/lv\/wp-json\/wp\/v2\/product\/42999","targetHints":{"allow":["GET"]}}],"collection":[{"href":"https:\/\/miil.dev.almic.ee\/lv\/wp-json\/wp\/v2\/product"}],"about":[{"href":"https:\/\/miil.dev.almic.ee\/lv\/wp-json\/wp\/v2\/types\/product"}],"replies":[{"embeddable":true,"href":"https:\/\/miil.dev.almic.ee\/lv\/wp-json\/wp\/v2\/comments?post=42999"}],"wp:featuredmedia":[{"embeddable":true,"href":"https:\/\/miil.dev.almic.ee\/lv\/wp-json\/wp\/v2\/media\/43154"}],"wp:attachment":[{"href":"https:\/\/miil.dev.almic.ee\/lv\/wp-json\/wp\/v2\/media?parent=42999"}],"wp:term":[{"taxonomy":"product_cat","embeddable":true,"href":"https:\/\/miil.dev.almic.ee\/lv\/wp-json\/wp\/v2\/product_cat?post=42999"},{"taxonomy":"product_tag","embeddable":true,"href":"https:\/\/miil.dev.almic.ee\/lv\/wp-json\/wp\/v2\/product_tag?post=42999"}],"curies":[{"name":"wp","href":"https:\/\/api.w.org\/{rel}","templated":true}]}}