{"id":42173,"date":"2023-07-05T13:42:55","date_gmt":"2023-07-05T10:42:56","guid":{"rendered":"https:\/\/www.miil.ee\/?post_type=product&#038;p=42173"},"modified":"2024-10-28T13:10:07","modified_gmt":"2024-10-28T11:10:07","slug":"modulx-double-modulu-maja-miiu0345","status":"publish","type":"product","link":"https:\/\/miil.dev.almic.ee\/lv\/toode\/modulx-double-modulu-maja-miiu0345\/","title":{"rendered":"ModulX Double modu\u013cu m\u0101ja &#8211; MIIU0345"},"content":{"rendered":"<h1>Mini m\u0101ja<\/h1>\n<p>Mini m\u0101ja &#8211; modu\u013cu m\u0101ja p\u0113c klienta v\u0113lm\u0113m.<br \/>\nAtt\u0113l\u0101 redzam\u0101 m\u0101ja uzb\u016bv\u0113ta p\u0113c pas\u016bt\u012bt\u0101ja piepras\u012bjuma un uzst\u0101d\u012bta uz Fibo blokiem.<br \/>\nM\u0101jas iek\u0161ien\u0113 ir sanit\u0101rais mezgls, noliktavas telpa, biroja da\u013ca, servisa z\u0101le un elektrosist\u0113ma, kas \u0146em v\u0113r\u0101 \u012bpa\u0161as pras\u012bbas.<\/p>\n<p>Izb\u016bv\u0113jam da\u017e\u0101das telpas, nepiecie\u0161am\u012bbas gad\u012bjum\u0101 komplekt\u0113jam un uzst\u0101d\u0101m otro st\u0101vu.<br \/>\n\u0160\u0101da \u0113ka v\u0113l\u0101k var tikt papla\u0161in\u0101ta, kas noz\u012bm\u0113, ka visa b\u016bvniec\u012bba nav j\u0101uz\u0146emas uzreiz.<br \/>\nPapildus radiatoriem \u0113k\u0101 uzst\u0101d\u0101m ar\u012b mai\u0146str\u0101vas s\u016bkni, lai vasar\u0101 uztur\u0113tu lietot\u0101jam draudz\u012bgu temperat\u016bru.<\/p>\n<p>\u0160\u0101da mini m\u0101ja sast\u0101v no modu\u013ciem, viena modu\u013ca izm\u0113ri ir 6 metri gar\u0161, 2,44 metri plats un 2,8 metri augsts.<br \/>\nIek\u0161\u0113jais augstums ir 2,5 metri, kas rada pietiekami daudz vietas jebkuram m\u0113r\u0137im.<\/p>\n<h2>Mini m\u0101ja birojam?<\/h2>\n<p>Minim\u0101ja ir ne tikai vasarn\u012bcai, bet ar\u012b piem\u0113rota birojam, naktsm\u012btnei vai ra\u017eo\u0161anas telpai.<br \/>\nModu\u013cus var izmantot ar\u012b darb\u012bb\u0101m, kur\u0101s nepiecie\u0161ama augsta t\u012br\u012bba, jo virsmas ir viegli t\u012br\u0101mas un mitrumiztur\u012bgas.<br \/>\nModu\u013cu m\u0101jas gar\u0101k\u0101 puse sast\u0101v no pieciem pane\u013ciem un \u012bs\u0101k\u0101 puse no diviem.<br \/>\nLogus, durvis un elektr\u012bbas kontaktdak\u0161as r\u016bpn\u012bca jau ir ievietojusi pane\u013ca iek\u0161pus\u0113.<br \/>\nPane\u013ca novietojums main\u0101ms kop\u0101 ar logu un elektr\u012bbas kontaktligzdu.<br \/>\nViena paketes modu\u013ca salik\u0161ana p\u0113c klienta v\u0113lm\u0113m aiz\u0146em tr\u012bs stundas, vienas dienas laik\u0101 uzst\u0101d\u0101m l\u012bdz \u010detriem modu\u013ciem no s\u0101kuma l\u012bdz beig\u0101m.<\/p>\n<p>T\u0101dai \u0113kai nevajag ne pamatus, ne celtnieku!<br \/>\nV\u0113l maz\u0101k j\u0101dodas uz b\u016bvmateri\u0101lu veikalu, ja nepiecie\u0161ams, uzb\u016bv\u0113jam ar\u012b klientam b\u0101zi.<\/p>\n<h2>M\u0101jas risin\u0101jums \u0101tri un l\u0113ti.<\/h2>\n<p>\u0160\u0101da modu\u013cu m\u0101ja noteikti ir vispieejam\u0101kais augstas kvalit\u0101tes risin\u0101jums tirg\u016b.<br \/>\nKatram modulim ir CE mar\u0137\u0113jums, kas noz\u012bm\u0113, ka kvalit\u0101tes pras\u012bbas ir p\u0101rbaud\u012btas un atbilst ES pras\u012bb\u0101m.<br \/>\nTurkl\u0101t CE mar\u0137\u0113jums sniedz produkta p\u0101rliec\u012bbu, ka tas ir dro\u0161i lietojams, piem\u0113ram, elektrosist\u0113ma ir izstr\u0101d\u0101ta atbilsto\u0161i ES pras\u012bb\u0101m.<br \/>\nPieskr\u016bv\u0113tais r\u0101mis nodro\u0161ina r\u0101mim \u013coti ilgsto\u0161u iztur\u012bbu, un cinkota vai kr\u0101sota velm\u0113ta lok\u0161\u0146u jumts b\u016bt\u012bb\u0101 ir m\u016b\u017e\u012bgs.<br \/>\nMini m\u0101ja s\u0101kas ar karkasu, un m\u0113s neesam pie\u013c\u0101vu\u0161i nek\u0101dus kompromisus kvalit\u0101t\u0113.<\/p>\n<p>M\u0113s mont\u0113jam \u0113ku sav\u0101 termin\u0101l\u012b Valtsi 1, Lagedi un pieg\u0101d\u0101jam gatavu risin\u0101jumu, ko uz vietas apvienojam vienot\u0101 veselum\u0101.<br \/>\nUz vietas mums ir da\u017e\u0101di gatavi risin\u0101jumi, ar kuriem var iepaz\u012bties P-P 8-18<\/p>\n<p>P\u0101rvad\u0101\u0161anai parasti izmantojam <a href=\"https:\/\/www.miil.ee\/lv\/pakalpojumi\/celtnis\/\">celtnis<\/a> vai <a href=\"https:\/\/www.miil.ee\/lv\/pakalpojumi\/sanu-iekraveji-sideloader\/\">s\u0101nu iekr\u0101v\u0113ju.<\/a><br \/>\nM\u0113s izmantojam <a href=\"https:\/\/www.miil.ee\/lv\/pakalpojumi\/ram-pasizgazejs\/\">RAM backloader<\/a>, lai aptvertu vissare\u017e\u0123\u012bt\u0101k\u0101s vietas.<\/p>\n<p>Sekojiet mums <a href=\"https:\/\/www.facebook.com\/konteinerveod\/\">Facebook<\/a> vai <a href=\"https:\/\/www.instagram.com\/ou_miil\/\">Instagram.<\/a><\/p>\n","protected":false},"excerpt":{"rendered":"<p>Mini m\u0101ja Mini m\u0101ja &#8211; modu\u013cu m\u0101ja p\u0113c klienta v\u0113lm\u0113m. Att\u0113l\u0101 redzam\u0101 m\u0101ja uzb\u016bv\u0113ta p\u0113c pas\u016bt\u012bt\u0101ja piepras\u012bjuma un uzst\u0101d\u012bta uz Fibo blokiem. M\u0101jas iek\u0161ien\u0113 ir sanit\u0101rais mezgls, noliktavas telpa, biroja da\u013ca, servisa z\u0101le un elektrosist\u0113ma, kas \u0146em v\u0113r\u0101 \u012bpa\u0161as pras\u012bbas. Izb\u016bv\u0113jam da\u017e\u0101das telpas, nepiecie\u0161am\u012bbas gad\u012bjum\u0101 komplekt\u0113jam un uzst\u0101d\u0101m otro st\u0101vu. \u0160\u0101da \u0113ka v\u0113l\u0101k var tikt&#8230;<\/p>\n","protected":false},"featured_media":42253,"comment_status":"closed","ping_status":"closed","template":"","meta":{"_acf_changed":false},"product_cat":[344,408],"product_tag":[],"class_list":{"0":"post-42173","1":"product","2":"type-product","3":"status-publish","4":"has-post-thumbnail","6":"product_cat-vagonini","7":"product_cat-jauni-vagonini","9":"first","10":"instock","11":"shipping-taxable","12":"purchasable","13":"product-type-simple"},"acf":[],"yoast_head":"<!-- This site is optimized with the Yoast SEO Premium plugin v23.9 (Yoast SEO v27.5) - https:\/\/yoast.com\/product\/yoast-seo-premium-wordpress\/ -->\n<title>ModulX Double modu\u013cu m\u0101ja - MIIU0345 - Miil O\u00dc<\/title>\n<meta name=\"description\" content=\"P\u0101rn\u0113s\u0101jamas kaj\u012btes p\u0113c pas\u016bt\u012bjuma | Mini m\u0101jas un koted\u017eas | Kaj\u012b\u0161u noma un p\u0101rdo\u0161ana | Transports un remonts | Elektr\u012bbas darbi un apkure\" \/>\n<meta name=\"robots\" content=\"index, follow, max-snippet:-1, max-image-preview:large, max-video-preview:-1\" \/>\n<link rel=\"canonical\" href=\"https:\/\/miil.dev.almic.ee\/lv\/toode\/modulx-double-modulu-maja-miiu0345\/\" \/>\n<meta property=\"og:locale\" content=\"lv_LV\" \/>\n<meta property=\"og:type\" content=\"article\" \/>\n<meta property=\"og:title\" content=\"ModulX Double modu\u013cu m\u0101ja - MIIU0345\" \/>\n<meta property=\"og:description\" content=\"P\u0101rn\u0113s\u0101jamas kaj\u012btes p\u0113c pas\u016bt\u012bjuma | Mini m\u0101jas un koted\u017eas | Kaj\u012b\u0161u noma un p\u0101rdo\u0161ana | Transports un remonts | Elektr\u012bbas darbi un apkure\" \/>\n<meta property=\"og:url\" content=\"https:\/\/miil.dev.almic.ee\/lv\/toode\/modulx-double-modulu-maja-miiu0345\/\" \/>\n<meta property=\"og:site_name\" content=\"Miil O\u00dc\" \/>\n<meta property=\"article:publisher\" content=\"https:\/\/www.facebook.com\/konteinerveod\/\" \/>\n<meta property=\"article:modified_time\" content=\"2024-10-28T11:10:07+00:00\" \/>\n<meta property=\"og:image\" content=\"https:\/\/miil.dev.almic.ee\/wp-content\/uploads\/2023\/07\/30-scaled.jpg\" \/>\n\t<meta property=\"og:image:width\" content=\"1900\" \/>\n\t<meta property=\"og:image:height\" content=\"1425\" \/>\n\t<meta property=\"og:image:type\" content=\"image\/jpeg\" \/>\n<meta name=\"twitter:card\" content=\"summary_large_image\" \/>\n<meta name=\"twitter:label1\" content=\"Price\" \/>\n\t<meta name=\"twitter:data1\" content=\"69000,00&nbsp;&euro;\" \/>\n\t<meta name=\"twitter:label2\" content=\"Availability\" \/>\n\t<meta name=\"twitter:data2\" content=\"In stock\" \/>\n<script type=\"application\/ld+json\" class=\"yoast-schema-graph\">{\"@context\":\"https:\\\/\\\/schema.org\",\"@graph\":[{\"@type\":\"WebPage\",\"@id\":\"https:\\\/\\\/miil.dev.almic.ee\\\/lv\\\/toode\\\/modulx-double-modulu-maja-miiu0345\\\/\",\"url\":\"https:\\\/\\\/miil.dev.almic.ee\\\/lv\\\/toode\\\/modulx-double-modulu-maja-miiu0345\\\/\",\"name\":\"ModulX Double modu\u013cu m\u0101ja - MIIU0345 - Miil O\u00dc\",\"isPartOf\":{\"@id\":\"https:\\\/\\\/miil.dev.almic.ee\\\/#website\"},\"primaryImageOfPage\":{\"@id\":\"https:\\\/\\\/miil.dev.almic.ee\\\/lv\\\/toode\\\/modulx-double-modulu-maja-miiu0345\\\/#primaryimage\"},\"image\":{\"@id\":\"https:\\\/\\\/miil.dev.almic.ee\\\/lv\\\/toode\\\/modulx-double-modulu-maja-miiu0345\\\/#primaryimage\"},\"thumbnailUrl\":\"https:\\\/\\\/miil.dev.almic.ee\\\/wp-content\\\/uploads\\\/2023\\\/07\\\/30-scaled.jpg\",\"datePublished\":\"2023-07-05T10:42:56+00:00\",\"dateModified\":\"2024-10-28T11:10:07+00:00\",\"description\":\"P\u0101rn\u0113s\u0101jamas kaj\u012btes p\u0113c pas\u016bt\u012bjuma | Mini m\u0101jas un koted\u017eas | Kaj\u012b\u0161u noma un p\u0101rdo\u0161ana | Transports un remonts | Elektr\u012bbas darbi un apkure\",\"breadcrumb\":{\"@id\":\"https:\\\/\\\/miil.dev.almic.ee\\\/lv\\\/toode\\\/modulx-double-modulu-maja-miiu0345\\\/#breadcrumb\"},\"inLanguage\":\"lv-LV\",\"potentialAction\":[{\"@type\":\"ReadAction\",\"target\":[\"https:\\\/\\\/miil.dev.almic.ee\\\/lv\\\/toode\\\/modulx-double-modulu-maja-miiu0345\\\/\"]}]},{\"@type\":\"ImageObject\",\"inLanguage\":\"lv-LV\",\"@id\":\"https:\\\/\\\/miil.dev.almic.ee\\\/lv\\\/toode\\\/modulx-double-modulu-maja-miiu0345\\\/#primaryimage\",\"url\":\"https:\\\/\\\/miil.dev.almic.ee\\\/wp-content\\\/uploads\\\/2023\\\/07\\\/30-scaled.jpg\",\"contentUrl\":\"https:\\\/\\\/miil.dev.almic.ee\\\/wp-content\\\/uploads\\\/2023\\\/07\\\/30-scaled.jpg\",\"width\":1900,\"height\":1425,\"caption\":\"Minimaja\"},{\"@type\":\"BreadcrumbList\",\"@id\":\"https:\\\/\\\/miil.dev.almic.ee\\\/lv\\\/toode\\\/modulx-double-modulu-maja-miiu0345\\\/#breadcrumb\",\"itemListElement\":[{\"@type\":\"ListItem\",\"position\":1,\"name\":\"Home\",\"item\":\"https:\\\/\\\/miil.dev.almic.ee\\\/lv\\\/\"},{\"@type\":\"ListItem\",\"position\":2,\"name\":\"Veikals\",\"item\":\"https:\\\/\\\/miil.dev.almic.ee\\\/lv\\\/veikals\\\/\"},{\"@type\":\"ListItem\",\"position\":3,\"name\":\"ModulX Double modu\u013cu m\u0101ja &#8211; MIIU0345\"}]},{\"@type\":\"WebSite\",\"@id\":\"https:\\\/\\\/miil.dev.almic.ee\\\/#website\",\"url\":\"https:\\\/\\\/miil.dev.almic.ee\\\/\",\"name\":\"Miil O\u00dc\",\"description\":\"Konteinerveod\",\"publisher\":{\"@id\":\"https:\\\/\\\/miil.dev.almic.ee\\\/#organization\"},\"potentialAction\":[{\"@type\":\"SearchAction\",\"target\":{\"@type\":\"EntryPoint\",\"urlTemplate\":\"https:\\\/\\\/miil.dev.almic.ee\\\/?s={search_term_string}\"},\"query-input\":{\"@type\":\"PropertyValueSpecification\",\"valueRequired\":true,\"valueName\":\"search_term_string\"}}],\"inLanguage\":\"lv-LV\"},{\"@type\":\"Organization\",\"@id\":\"https:\\\/\\\/miil.dev.almic.ee\\\/#organization\",\"name\":\"Miil O\u00dc\",\"url\":\"https:\\\/\\\/miil.dev.almic.ee\\\/\",\"logo\":{\"@type\":\"ImageObject\",\"inLanguage\":\"lv-LV\",\"@id\":\"https:\\\/\\\/miil.dev.almic.ee\\\/#\\\/schema\\\/logo\\\/image\\\/\",\"url\":\"https:\\\/\\\/www.miil.ee\\\/wp-content\\\/uploads\\\/2022\\\/02\\\/Miil-logo.svg\",\"contentUrl\":\"https:\\\/\\\/www.miil.ee\\\/wp-content\\\/uploads\\\/2022\\\/02\\\/Miil-logo.svg\",\"width\":\"1024\",\"height\":\"1024\",\"caption\":\"Miil O\u00dc\"},\"image\":{\"@id\":\"https:\\\/\\\/miil.dev.almic.ee\\\/#\\\/schema\\\/logo\\\/image\\\/\"},\"sameAs\":[\"https:\\\/\\\/www.facebook.com\\\/konteinerveod\\\/\",\"https:\\\/\\\/www.instagram.com\\\/ou_miil\\\/\"]}]}<\/script>\n<meta property=\"product:price:amount\" content=\"69000.00\" \/>\n<meta property=\"product:price:currency\" content=\"EUR\" \/>\n<meta property=\"og:availability\" content=\"instock\" \/>\n<meta property=\"product:availability\" content=\"instock\" \/>\n<meta property=\"product:condition\" content=\"new\" \/>\n<!-- \/ Yoast SEO Premium plugin. -->","yoast_head_json":{"title":"ModulX Double modu\u013cu m\u0101ja - MIIU0345 - Miil O\u00dc","description":"P\u0101rn\u0113s\u0101jamas kaj\u012btes p\u0113c pas\u016bt\u012bjuma | Mini m\u0101jas un koted\u017eas | Kaj\u012b\u0161u noma un p\u0101rdo\u0161ana | Transports un remonts | Elektr\u012bbas darbi un apkure","robots":{"index":"index","follow":"follow","max-snippet":"max-snippet:-1","max-image-preview":"max-image-preview:large","max-video-preview":"max-video-preview:-1"},"canonical":"https:\/\/miil.dev.almic.ee\/lv\/toode\/modulx-double-modulu-maja-miiu0345\/","og_locale":"lv_LV","og_type":"article","og_title":"ModulX Double modu\u013cu m\u0101ja - MIIU0345","og_description":"P\u0101rn\u0113s\u0101jamas kaj\u012btes p\u0113c pas\u016bt\u012bjuma | Mini m\u0101jas un koted\u017eas | Kaj\u012b\u0161u noma un p\u0101rdo\u0161ana | Transports un remonts | Elektr\u012bbas darbi un apkure","og_url":"https:\/\/miil.dev.almic.ee\/lv\/toode\/modulx-double-modulu-maja-miiu0345\/","og_site_name":"Miil O\u00dc","article_publisher":"https:\/\/www.facebook.com\/konteinerveod\/","article_modified_time":"2024-10-28T11:10:07+00:00","og_image":[{"width":1900,"height":1425,"url":"https:\/\/miil.dev.almic.ee\/wp-content\/uploads\/2023\/07\/30-scaled.jpg","type":"image\/jpeg"}],"twitter_card":"summary_large_image","twitter_misc":{"Price":"69000,00&nbsp;&euro;","Availability":"In stock"},"schema":{"@context":"https:\/\/schema.org","@graph":[{"@type":"WebPage","@id":"https:\/\/miil.dev.almic.ee\/lv\/toode\/modulx-double-modulu-maja-miiu0345\/","url":"https:\/\/miil.dev.almic.ee\/lv\/toode\/modulx-double-modulu-maja-miiu0345\/","name":"ModulX Double modu\u013cu m\u0101ja - MIIU0345 - Miil O\u00dc","isPartOf":{"@id":"https:\/\/miil.dev.almic.ee\/#website"},"primaryImageOfPage":{"@id":"https:\/\/miil.dev.almic.ee\/lv\/toode\/modulx-double-modulu-maja-miiu0345\/#primaryimage"},"image":{"@id":"https:\/\/miil.dev.almic.ee\/lv\/toode\/modulx-double-modulu-maja-miiu0345\/#primaryimage"},"thumbnailUrl":"https:\/\/miil.dev.almic.ee\/wp-content\/uploads\/2023\/07\/30-scaled.jpg","datePublished":"2023-07-05T10:42:56+00:00","dateModified":"2024-10-28T11:10:07+00:00","description":"P\u0101rn\u0113s\u0101jamas kaj\u012btes p\u0113c pas\u016bt\u012bjuma | Mini m\u0101jas un koted\u017eas | Kaj\u012b\u0161u noma un p\u0101rdo\u0161ana | Transports un remonts | Elektr\u012bbas darbi un apkure","breadcrumb":{"@id":"https:\/\/miil.dev.almic.ee\/lv\/toode\/modulx-double-modulu-maja-miiu0345\/#breadcrumb"},"inLanguage":"lv-LV","potentialAction":[{"@type":"ReadAction","target":["https:\/\/miil.dev.almic.ee\/lv\/toode\/modulx-double-modulu-maja-miiu0345\/"]}]},{"@type":"ImageObject","inLanguage":"lv-LV","@id":"https:\/\/miil.dev.almic.ee\/lv\/toode\/modulx-double-modulu-maja-miiu0345\/#primaryimage","url":"https:\/\/miil.dev.almic.ee\/wp-content\/uploads\/2023\/07\/30-scaled.jpg","contentUrl":"https:\/\/miil.dev.almic.ee\/wp-content\/uploads\/2023\/07\/30-scaled.jpg","width":1900,"height":1425,"caption":"Minimaja"},{"@type":"BreadcrumbList","@id":"https:\/\/miil.dev.almic.ee\/lv\/toode\/modulx-double-modulu-maja-miiu0345\/#breadcrumb","itemListElement":[{"@type":"ListItem","position":1,"name":"Home","item":"https:\/\/miil.dev.almic.ee\/lv\/"},{"@type":"ListItem","position":2,"name":"Veikals","item":"https:\/\/miil.dev.almic.ee\/lv\/veikals\/"},{"@type":"ListItem","position":3,"name":"ModulX Double modu\u013cu m\u0101ja &#8211; MIIU0345"}]},{"@type":"WebSite","@id":"https:\/\/miil.dev.almic.ee\/#website","url":"https:\/\/miil.dev.almic.ee\/","name":"Miil O\u00dc","description":"Konteinerveod","publisher":{"@id":"https:\/\/miil.dev.almic.ee\/#organization"},"potentialAction":[{"@type":"SearchAction","target":{"@type":"EntryPoint","urlTemplate":"https:\/\/miil.dev.almic.ee\/?s={search_term_string}"},"query-input":{"@type":"PropertyValueSpecification","valueRequired":true,"valueName":"search_term_string"}}],"inLanguage":"lv-LV"},{"@type":"Organization","@id":"https:\/\/miil.dev.almic.ee\/#organization","name":"Miil O\u00dc","url":"https:\/\/miil.dev.almic.ee\/","logo":{"@type":"ImageObject","inLanguage":"lv-LV","@id":"https:\/\/miil.dev.almic.ee\/#\/schema\/logo\/image\/","url":"https:\/\/www.miil.ee\/wp-content\/uploads\/2022\/02\/Miil-logo.svg","contentUrl":"https:\/\/www.miil.ee\/wp-content\/uploads\/2022\/02\/Miil-logo.svg","width":"1024","height":"1024","caption":"Miil O\u00dc"},"image":{"@id":"https:\/\/miil.dev.almic.ee\/#\/schema\/logo\/image\/"},"sameAs":["https:\/\/www.facebook.com\/konteinerveod\/","https:\/\/www.instagram.com\/ou_miil\/"]}]},"product_price_amount":"69000.00","product_price_currency":"EUR","og_availability":"instock","product_availability":"instock","product_condition":"new"},"_links":{"self":[{"href":"https:\/\/miil.dev.almic.ee\/lv\/wp-json\/wp\/v2\/product\/42173","targetHints":{"allow":["GET"]}}],"collection":[{"href":"https:\/\/miil.dev.almic.ee\/lv\/wp-json\/wp\/v2\/product"}],"about":[{"href":"https:\/\/miil.dev.almic.ee\/lv\/wp-json\/wp\/v2\/types\/product"}],"replies":[{"embeddable":true,"href":"https:\/\/miil.dev.almic.ee\/lv\/wp-json\/wp\/v2\/comments?post=42173"}],"wp:featuredmedia":[{"embeddable":true,"href":"https:\/\/miil.dev.almic.ee\/lv\/wp-json\/wp\/v2\/media\/42253"}],"wp:attachment":[{"href":"https:\/\/miil.dev.almic.ee\/lv\/wp-json\/wp\/v2\/media?parent=42173"}],"wp:term":[{"taxonomy":"product_cat","embeddable":true,"href":"https:\/\/miil.dev.almic.ee\/lv\/wp-json\/wp\/v2\/product_cat?post=42173"},{"taxonomy":"product_tag","embeddable":true,"href":"https:\/\/miil.dev.almic.ee\/lv\/wp-json\/wp\/v2\/product_tag?post=42173"}],"curies":[{"name":"wp","href":"https:\/\/api.w.org\/{rel}","templated":true}]}}