{"id":41583,"date":"2023-06-22T11:13:04","date_gmt":"2023-06-22T08:13:05","guid":{"rendered":"https:\/\/www.miil.ee\/?post_type=product&#038;p=41583"},"modified":"2025-02-04T12:18:13","modified_gmt":"2025-02-04T10:18:13","slug":"20dc-juras-konteiners-miiu1663006-viljandi","status":"publish","type":"product","link":"https:\/\/miil.dev.almic.ee\/lv\/toode\/20dc-juras-konteiners-miiu1663006-viljandi\/","title":{"rendered":"20DC Juras konteiners MIIU1663006 &#8211; VILJANDI"},"content":{"rendered":"<h1>20DC Juras konteiners MIIU1663006<\/h1>\n<p>J\u016bras konteineru tirdzniec\u012bba un noma Viljandi.<br \/>\nPapildus biroja kaj\u012b\u0161u tirdzniec\u012bba un \u012bre Viljandi.<br \/>\nKonteinerus var apskat\u012bt un aptaust\u012bt Viljandi termin\u0101l\u012b.<br \/>\nNB transports! P\u0113c iepriek\u0161\u0113j\u0101m probl\u0113m\u0101m klientus ar savu smago tehniku \u200b\u200buz Viljandi termin\u0101la vietu nelai\u017eam. Kvalitat\u012bvu pieg\u0101di veicam tikai ar savu celtni.<\/p>\n<p>Lai pied\u0101v\u0101tu konteinerus par lab\u0101ko cenu, mums Viljandi biroj\u0101 nav personas, kas iekrauj konteinerus j\u016bsu transportl\u012bdzekl\u012b.<br \/>\n*Ieg\u0101d\u0101joties konteineru m\u016bsu Lagedi termin\u0101l\u012b, m\u0113s bez probl\u0113m\u0101m izsniedzam un pace\u013cam konteineru uz J\u016bsu transportl\u012bdzekli.<\/p>\n<p>Lietots 20DC Juras konteiners MIIU1663006 ir ku\u0123o\u0161anai der\u012bg\u0101 st\u0101vokl\u012b, ja vien att\u0113l\u0101 vai tekst\u0101 nav nor\u0101d\u012bts cit\u0101di;<\/p>\n<ul>\n<li>J\u016bras konteiners atbilst bild\u0113m.<\/li>\n<li>Konteinera durvis var atv\u0113rt un aizv\u0113rt ar cilv\u0113ka sp\u0113ku.<\/li>\n<li>Konteinera griesti ir neskarti un nav \u016bdens nopl\u016bdes.<\/li>\n<li>Konteinera apak\u0161da\u013ca ir neskarta un to var izmantot ar iekr\u0101v\u0113ju vai rokas iekr\u0101v\u0113ju.<\/li>\n<li>Konteinera konstrukcijas boj\u0101jumu nav.<\/li>\n<li>Maks\u0101jiet v\u0113l\u0101k, izmantojot Inbank.ee ar atlaides kodu \u201cKONTEINER\u201d.<\/li>\n<li>12 metru j\u016bras konteinera noma: 99.- +pvn\/m\u0113n<\/li>\n<li>6 metru j\u016bras konteinera noma: 50.- +pvn\/m\u0113n<\/li>\n<\/ul>\n<h2>K\u0101da ir lietota konteinera cena?<\/h2>\n<p>J\u016bras konteinera cena ir atkar\u012bga no daudz\u0101m liet\u0101m, ta\u010du p\u0101rdo\u0161anas cena parasti ir tie\u0161i saist\u012bta ar konteinera st\u0101vokli.<br \/>\nPapildus st\u0101voklim cenu ietekm\u0113 ar\u012b pirkuma cena, konteinera iera\u0161an\u0101s veids termin\u0101l\u012b, konteinera atra\u0161an\u0101s vieta termin\u0101l\u012b un tas, vai konteineram ir biju\u0161i nepiecie\u0161ami papildu izdevumi, piem\u0113ram, \u0101r\u0113j\u0101 mazg\u0101\u0161ana, iek\u0161\u0113j\u0101 t\u012br\u012b\u0161ana vai remonts.<\/p>\n<p>Lab\u0101k\u0101s cenas garantija &#8211; M\u0113s vienm\u0113r sniedzam lab\u0101ko pied\u0101v\u0101jumu l\u012bdzv\u0113rt\u012bgam konteineram.<\/p>\n<h2>Transports un uzst\u0101d\u012b\u0161ana?<\/h2>\n<p>P\u0113c piem\u0113rota konteinera izv\u0113les varam izteikt pied\u0101v\u0101jumu ar\u012b par transportu.<br \/>\nP\u0101rvad\u0101\u0161anai parasti izmantojam\u00a0<a href=\"https:\/\/www.miil.ee\/lv\/pakalpojumi\/celtnis\/\">celtnis<\/a>\u00a0vai\u00a0<a href=\"https:\/\/www.miil.ee\/lv\/pakalpojumi\/sanu-iekraveji-sideloader\/\">s\u0101nu iekr\u0101v\u0113ju.<\/a><br \/>\nM\u0113s izmantojam\u00a0<a href=\"https:\/\/www.miil.ee\/lv\/pakalpojumi\/ram-pasizgazejs\/\">RAM backloader<\/a>, lai aptvertu vissare\u017e\u0123\u012bt\u0101k\u0101s vietas.<\/p>\n<p>Ieg\u0101d\u0101tos konteinerus m\u016bsu termin\u0101l\u012b varat uzglab\u0101t l\u012bdz se\u0161iem m\u0113ne\u0161iem bez maksas.<br \/>\nVienm\u0113r iesp\u0113jams vienoties par ilg\u0101ku laiku.<br \/>\nTas ir noder\u012bgi, piem\u0113ram, ja atra\u0161an\u0101s vieta v\u0113l nav gatava vai pieejama.<br \/>\nT\u0101d\u0101 gad\u012bjum\u0101 konteinera cena nemain\u012bsies, un vari b\u016bt dro\u0161s, ka izv\u0113l\u0113to konteineru sa\u0146emsi norun\u0101taj\u0101 laik\u0101.<\/p>\n<p>Lab\u0101kais konteiners, lab\u0101k\u0101 cena!<\/p>\n<p>Sekojiet mums\u00a0<a href=\"https:\/\/www.facebook.com\/konteinerveod\/\">Facebook<\/a>\u00a0vai\u00a0<a href=\"https:\/\/www.instagram.com\/ou_miil\/\">Instagram.<\/a><\/p>\n","protected":false},"excerpt":{"rendered":"<p>20DC Juras konteiners MIIU1663006 J\u016bras konteineru tirdzniec\u012bba un noma Viljandi. Papildus biroja kaj\u012b\u0161u tirdzniec\u012bba un \u012bre Viljandi. Konteinerus var apskat\u012bt un aptaust\u012bt Viljandi termin\u0101l\u012b. NB transports! P\u0113c iepriek\u0161\u0113j\u0101m probl\u0113m\u0101m klientus ar savu smago tehniku \u200b\u200buz Viljandi termin\u0101la vietu nelai\u017eam. Kvalitat\u012bvu pieg\u0101di veicam tikai ar savu celtni. Lai pied\u0101v\u0101tu konteinerus par lab\u0101ko cenu, mums Viljandi biroj\u0101&#8230;<\/p>\n","protected":false},"featured_media":41593,"comment_status":"closed","ping_status":"closed","template":"","meta":{"_acf_changed":false},"product_cat":[332,364,368],"product_tag":[906],"class_list":{"0":"post-41583","1":"product","2":"type-product","3":"status-publish","4":"has-post-thumbnail","6":"product_cat-lietoti-konteineri","7":"product_cat-20-6-metri","8":"product_cat-20dc-standard-lv","9":"product_tag-v-lv","11":"first","12":"instock","13":"shipping-taxable","14":"purchasable","15":"product-type-simple"},"acf":[],"yoast_head":"<!-- This site is optimized with the Yoast SEO Premium plugin v23.9 (Yoast SEO v27.5) - https:\/\/yoast.com\/product\/yoast-seo-premium-wordpress\/ -->\n<title>20DC Juras konteiners MIIU1663006 - VILJANDI - Miil O\u00dc<\/title>\n<meta name=\"description\" content=\"20DC Juras konteiners MIIU1663006 | Juras konteiner transport | Juras konteiner jauns | Containex jauns | www.miil.lv | +372 57 50 3328\" \/>\n<meta name=\"robots\" content=\"index, follow, max-snippet:-1, max-image-preview:large, max-video-preview:-1\" \/>\n<link rel=\"canonical\" href=\"https:\/\/miil.dev.almic.ee\/lv\/toode\/20dc-juras-konteiners-miiu1663006-viljandi\/\" \/>\n<meta property=\"og:locale\" content=\"lv_LV\" \/>\n<meta property=\"og:type\" content=\"article\" \/>\n<meta property=\"og:title\" content=\"20DC Juras konteiners MIIU1663006 - VILJANDI\" \/>\n<meta property=\"og:description\" content=\"20DC Juras konteiners MIIU1663006 | Juras konteiner transport | Juras konteiner jauns | Containex jauns | www.miil.lv | +372 57 50 3328\" \/>\n<meta property=\"og:url\" content=\"https:\/\/miil.dev.almic.ee\/lv\/toode\/20dc-juras-konteiners-miiu1663006-viljandi\/\" \/>\n<meta property=\"og:site_name\" content=\"Miil O\u00dc\" \/>\n<meta property=\"article:publisher\" content=\"https:\/\/www.facebook.com\/konteinerveod\/\" \/>\n<meta property=\"article:modified_time\" content=\"2025-02-04T10:18:13+00:00\" \/>\n<meta property=\"og:image\" content=\"https:\/\/miil.dev.almic.ee\/wp-content\/uploads\/2023\/06\/merekonteinerite-muuk-Viljandi-3-scaled.jpg\" \/>\n\t<meta property=\"og:image:width\" content=\"1900\" \/>\n\t<meta property=\"og:image:height\" content=\"1425\" \/>\n\t<meta property=\"og:image:type\" content=\"image\/jpeg\" \/>\n<meta name=\"twitter:card\" content=\"summary_large_image\" \/>\n<meta name=\"twitter:label1\" content=\"Price\" \/>\n\t<meta name=\"twitter:data1\" content=\"1890,00&nbsp;&euro;\" \/>\n\t<meta name=\"twitter:label2\" content=\"Availability\" \/>\n\t<meta name=\"twitter:data2\" content=\"In stock\" \/>\n<script type=\"application\/ld+json\" class=\"yoast-schema-graph\">{\"@context\":\"https:\\\/\\\/schema.org\",\"@graph\":[{\"@type\":\"WebPage\",\"@id\":\"https:\\\/\\\/miil.dev.almic.ee\\\/lv\\\/toode\\\/20dc-juras-konteiners-miiu1663006-viljandi\\\/\",\"url\":\"https:\\\/\\\/miil.dev.almic.ee\\\/lv\\\/toode\\\/20dc-juras-konteiners-miiu1663006-viljandi\\\/\",\"name\":\"20DC Juras konteiners MIIU1663006 - VILJANDI - Miil O\u00dc\",\"isPartOf\":{\"@id\":\"https:\\\/\\\/miil.dev.almic.ee\\\/#website\"},\"primaryImageOfPage\":{\"@id\":\"https:\\\/\\\/miil.dev.almic.ee\\\/lv\\\/toode\\\/20dc-juras-konteiners-miiu1663006-viljandi\\\/#primaryimage\"},\"image\":{\"@id\":\"https:\\\/\\\/miil.dev.almic.ee\\\/lv\\\/toode\\\/20dc-juras-konteiners-miiu1663006-viljandi\\\/#primaryimage\"},\"thumbnailUrl\":\"https:\\\/\\\/miil.dev.almic.ee\\\/wp-content\\\/uploads\\\/2023\\\/06\\\/merekonteinerite-muuk-Viljandi-3-scaled.jpg\",\"datePublished\":\"2023-06-22T08:13:05+00:00\",\"dateModified\":\"2025-02-04T10:18:13+00:00\",\"description\":\"20DC Juras konteiners MIIU1663006 | Juras konteiner transport | Juras konteiner jauns | Containex jauns | www.miil.lv | +372 57 50 3328\",\"breadcrumb\":{\"@id\":\"https:\\\/\\\/miil.dev.almic.ee\\\/lv\\\/toode\\\/20dc-juras-konteiners-miiu1663006-viljandi\\\/#breadcrumb\"},\"inLanguage\":\"lv-LV\",\"potentialAction\":[{\"@type\":\"ReadAction\",\"target\":[\"https:\\\/\\\/miil.dev.almic.ee\\\/lv\\\/toode\\\/20dc-juras-konteiners-miiu1663006-viljandi\\\/\"]}]},{\"@type\":\"ImageObject\",\"inLanguage\":\"lv-LV\",\"@id\":\"https:\\\/\\\/miil.dev.almic.ee\\\/lv\\\/toode\\\/20dc-juras-konteiners-miiu1663006-viljandi\\\/#primaryimage\",\"url\":\"https:\\\/\\\/miil.dev.almic.ee\\\/wp-content\\\/uploads\\\/2023\\\/06\\\/merekonteinerite-muuk-Viljandi-3-scaled.jpg\",\"contentUrl\":\"https:\\\/\\\/miil.dev.almic.ee\\\/wp-content\\\/uploads\\\/2023\\\/06\\\/merekonteinerite-muuk-Viljandi-3-scaled.jpg\",\"width\":1900,\"height\":1425},{\"@type\":\"BreadcrumbList\",\"@id\":\"https:\\\/\\\/miil.dev.almic.ee\\\/lv\\\/toode\\\/20dc-juras-konteiners-miiu1663006-viljandi\\\/#breadcrumb\",\"itemListElement\":[{\"@type\":\"ListItem\",\"position\":1,\"name\":\"Home\",\"item\":\"https:\\\/\\\/miil.dev.almic.ee\\\/lv\\\/\"},{\"@type\":\"ListItem\",\"position\":2,\"name\":\"Veikals\",\"item\":\"https:\\\/\\\/miil.dev.almic.ee\\\/lv\\\/veikals\\\/\"},{\"@type\":\"ListItem\",\"position\":3,\"name\":\"20DC Juras konteiners MIIU1663006 &#8211; VILJANDI\"}]},{\"@type\":\"WebSite\",\"@id\":\"https:\\\/\\\/miil.dev.almic.ee\\\/#website\",\"url\":\"https:\\\/\\\/miil.dev.almic.ee\\\/\",\"name\":\"Miil O\u00dc\",\"description\":\"Konteinerveod\",\"publisher\":{\"@id\":\"https:\\\/\\\/miil.dev.almic.ee\\\/#organization\"},\"potentialAction\":[{\"@type\":\"SearchAction\",\"target\":{\"@type\":\"EntryPoint\",\"urlTemplate\":\"https:\\\/\\\/miil.dev.almic.ee\\\/?s={search_term_string}\"},\"query-input\":{\"@type\":\"PropertyValueSpecification\",\"valueRequired\":true,\"valueName\":\"search_term_string\"}}],\"inLanguage\":\"lv-LV\"},{\"@type\":\"Organization\",\"@id\":\"https:\\\/\\\/miil.dev.almic.ee\\\/#organization\",\"name\":\"Miil O\u00dc\",\"url\":\"https:\\\/\\\/miil.dev.almic.ee\\\/\",\"logo\":{\"@type\":\"ImageObject\",\"inLanguage\":\"lv-LV\",\"@id\":\"https:\\\/\\\/miil.dev.almic.ee\\\/#\\\/schema\\\/logo\\\/image\\\/\",\"url\":\"https:\\\/\\\/www.miil.ee\\\/wp-content\\\/uploads\\\/2022\\\/02\\\/Miil-logo.svg\",\"contentUrl\":\"https:\\\/\\\/www.miil.ee\\\/wp-content\\\/uploads\\\/2022\\\/02\\\/Miil-logo.svg\",\"width\":\"1024\",\"height\":\"1024\",\"caption\":\"Miil O\u00dc\"},\"image\":{\"@id\":\"https:\\\/\\\/miil.dev.almic.ee\\\/#\\\/schema\\\/logo\\\/image\\\/\"},\"sameAs\":[\"https:\\\/\\\/www.facebook.com\\\/konteinerveod\\\/\",\"https:\\\/\\\/www.instagram.com\\\/ou_miil\\\/\"]}]}<\/script>\n<meta property=\"product:price:amount\" content=\"1890.00\" \/>\n<meta property=\"product:price:currency\" content=\"EUR\" \/>\n<meta property=\"og:availability\" content=\"instock\" \/>\n<meta property=\"product:availability\" content=\"instock\" \/>\n<meta property=\"product:retailer_item_id\" content=\"MIIU1663006\" \/>\n<meta property=\"product:condition\" content=\"new\" \/>\n<!-- \/ Yoast SEO Premium plugin. -->","yoast_head_json":{"title":"20DC Juras konteiners MIIU1663006 - VILJANDI - Miil O\u00dc","description":"20DC Juras konteiners MIIU1663006 | Juras konteiner transport | Juras konteiner jauns | Containex jauns | www.miil.lv | +372 57 50 3328","robots":{"index":"index","follow":"follow","max-snippet":"max-snippet:-1","max-image-preview":"max-image-preview:large","max-video-preview":"max-video-preview:-1"},"canonical":"https:\/\/miil.dev.almic.ee\/lv\/toode\/20dc-juras-konteiners-miiu1663006-viljandi\/","og_locale":"lv_LV","og_type":"article","og_title":"20DC Juras konteiners MIIU1663006 - VILJANDI","og_description":"20DC Juras konteiners MIIU1663006 | Juras konteiner transport | Juras konteiner jauns | Containex jauns | www.miil.lv | +372 57 50 3328","og_url":"https:\/\/miil.dev.almic.ee\/lv\/toode\/20dc-juras-konteiners-miiu1663006-viljandi\/","og_site_name":"Miil O\u00dc","article_publisher":"https:\/\/www.facebook.com\/konteinerveod\/","article_modified_time":"2025-02-04T10:18:13+00:00","og_image":[{"width":1900,"height":1425,"url":"https:\/\/miil.dev.almic.ee\/wp-content\/uploads\/2023\/06\/merekonteinerite-muuk-Viljandi-3-scaled.jpg","type":"image\/jpeg"}],"twitter_card":"summary_large_image","twitter_misc":{"Price":"1890,00&nbsp;&euro;","Availability":"In stock"},"schema":{"@context":"https:\/\/schema.org","@graph":[{"@type":"WebPage","@id":"https:\/\/miil.dev.almic.ee\/lv\/toode\/20dc-juras-konteiners-miiu1663006-viljandi\/","url":"https:\/\/miil.dev.almic.ee\/lv\/toode\/20dc-juras-konteiners-miiu1663006-viljandi\/","name":"20DC Juras konteiners MIIU1663006 - VILJANDI - Miil O\u00dc","isPartOf":{"@id":"https:\/\/miil.dev.almic.ee\/#website"},"primaryImageOfPage":{"@id":"https:\/\/miil.dev.almic.ee\/lv\/toode\/20dc-juras-konteiners-miiu1663006-viljandi\/#primaryimage"},"image":{"@id":"https:\/\/miil.dev.almic.ee\/lv\/toode\/20dc-juras-konteiners-miiu1663006-viljandi\/#primaryimage"},"thumbnailUrl":"https:\/\/miil.dev.almic.ee\/wp-content\/uploads\/2023\/06\/merekonteinerite-muuk-Viljandi-3-scaled.jpg","datePublished":"2023-06-22T08:13:05+00:00","dateModified":"2025-02-04T10:18:13+00:00","description":"20DC Juras konteiners MIIU1663006 | Juras konteiner transport | Juras konteiner jauns | Containex jauns | www.miil.lv | +372 57 50 3328","breadcrumb":{"@id":"https:\/\/miil.dev.almic.ee\/lv\/toode\/20dc-juras-konteiners-miiu1663006-viljandi\/#breadcrumb"},"inLanguage":"lv-LV","potentialAction":[{"@type":"ReadAction","target":["https:\/\/miil.dev.almic.ee\/lv\/toode\/20dc-juras-konteiners-miiu1663006-viljandi\/"]}]},{"@type":"ImageObject","inLanguage":"lv-LV","@id":"https:\/\/miil.dev.almic.ee\/lv\/toode\/20dc-juras-konteiners-miiu1663006-viljandi\/#primaryimage","url":"https:\/\/miil.dev.almic.ee\/wp-content\/uploads\/2023\/06\/merekonteinerite-muuk-Viljandi-3-scaled.jpg","contentUrl":"https:\/\/miil.dev.almic.ee\/wp-content\/uploads\/2023\/06\/merekonteinerite-muuk-Viljandi-3-scaled.jpg","width":1900,"height":1425},{"@type":"BreadcrumbList","@id":"https:\/\/miil.dev.almic.ee\/lv\/toode\/20dc-juras-konteiners-miiu1663006-viljandi\/#breadcrumb","itemListElement":[{"@type":"ListItem","position":1,"name":"Home","item":"https:\/\/miil.dev.almic.ee\/lv\/"},{"@type":"ListItem","position":2,"name":"Veikals","item":"https:\/\/miil.dev.almic.ee\/lv\/veikals\/"},{"@type":"ListItem","position":3,"name":"20DC Juras konteiners MIIU1663006 &#8211; VILJANDI"}]},{"@type":"WebSite","@id":"https:\/\/miil.dev.almic.ee\/#website","url":"https:\/\/miil.dev.almic.ee\/","name":"Miil O\u00dc","description":"Konteinerveod","publisher":{"@id":"https:\/\/miil.dev.almic.ee\/#organization"},"potentialAction":[{"@type":"SearchAction","target":{"@type":"EntryPoint","urlTemplate":"https:\/\/miil.dev.almic.ee\/?s={search_term_string}"},"query-input":{"@type":"PropertyValueSpecification","valueRequired":true,"valueName":"search_term_string"}}],"inLanguage":"lv-LV"},{"@type":"Organization","@id":"https:\/\/miil.dev.almic.ee\/#organization","name":"Miil O\u00dc","url":"https:\/\/miil.dev.almic.ee\/","logo":{"@type":"ImageObject","inLanguage":"lv-LV","@id":"https:\/\/miil.dev.almic.ee\/#\/schema\/logo\/image\/","url":"https:\/\/www.miil.ee\/wp-content\/uploads\/2022\/02\/Miil-logo.svg","contentUrl":"https:\/\/www.miil.ee\/wp-content\/uploads\/2022\/02\/Miil-logo.svg","width":"1024","height":"1024","caption":"Miil O\u00dc"},"image":{"@id":"https:\/\/miil.dev.almic.ee\/#\/schema\/logo\/image\/"},"sameAs":["https:\/\/www.facebook.com\/konteinerveod\/","https:\/\/www.instagram.com\/ou_miil\/"]}]},"product_price_amount":"1890.00","product_price_currency":"EUR","og_availability":"instock","product_availability":"instock","product_retailer_item_id":"MIIU1663006","product_condition":"new"},"_links":{"self":[{"href":"https:\/\/miil.dev.almic.ee\/lv\/wp-json\/wp\/v2\/product\/41583","targetHints":{"allow":["GET"]}}],"collection":[{"href":"https:\/\/miil.dev.almic.ee\/lv\/wp-json\/wp\/v2\/product"}],"about":[{"href":"https:\/\/miil.dev.almic.ee\/lv\/wp-json\/wp\/v2\/types\/product"}],"replies":[{"embeddable":true,"href":"https:\/\/miil.dev.almic.ee\/lv\/wp-json\/wp\/v2\/comments?post=41583"}],"wp:featuredmedia":[{"embeddable":true,"href":"https:\/\/miil.dev.almic.ee\/lv\/wp-json\/wp\/v2\/media\/41593"}],"wp:attachment":[{"href":"https:\/\/miil.dev.almic.ee\/lv\/wp-json\/wp\/v2\/media?parent=41583"}],"wp:term":[{"taxonomy":"product_cat","embeddable":true,"href":"https:\/\/miil.dev.almic.ee\/lv\/wp-json\/wp\/v2\/product_cat?post=41583"},{"taxonomy":"product_tag","embeddable":true,"href":"https:\/\/miil.dev.almic.ee\/lv\/wp-json\/wp\/v2\/product_tag?post=41583"}],"curies":[{"name":"wp","href":"https:\/\/api.w.org\/{rel}","templated":true}]}}